{"id":11096,"date":"2025-11-17T15:49:31","date_gmt":"2025-11-17T15:49:31","guid":{"rendered":"https:\/\/gambling6.com\/uspech-v-online-bingo\/"},"modified":"2025-11-17T16:39:46","modified_gmt":"2025-11-17T16:39:46","slug":"uspech-v-online-bingo","status":"publish","type":"page","link":"https:\/\/gambling6.com\/sk\/bingo\/uspech-v-online-bingo\/","title":{"rendered":"\u00daspech v online bingo"},"content":{"rendered":"<h2>Hrajte online bingo so spr\u00e1vnou strat\u00e9giou<\/h2>\n<p>V\u010faka rozvoju internetu si dnes m\u00f4\u017eete u\u017ei\u0165 z\u00e1bavn\u00fa hru bingo priamo z pohodlia domova. Najlep\u0161ie na tom je, \u017ee hru m\u00f4\u017eete hra\u0165 kedyko\u013evek chcete. To je d\u00f4vod, pre\u010do sa online bingo stalo tak popul\u00e1rnym medzi \u013eu\u010fmi, najm\u00e4 medzi \u017eenami. Ak ste nov\u00e1\u010dik, nebojte sa, hru sa m\u00f4\u017eete nau\u010di\u0165 tak, \u017ee si ju najprv vysk\u00fa\u0161ate na bezplatnej bingo str\u00e1nke. <a class=\"thirstylink\" title=\"Bingo Billy en\" href=\"https:\/\/gambling6.com\/go\/bingobilly-en\/\" target=\"_blank\" rel=\"nofollow noopener\">Dobr\u00fdm miestom, kde za\u010da\u0165, by bolo Bingo Billy &#8211; kliknite sem a nav\u0161t\u00edvte str\u00e1nku.<\/a><\/p>\n<p>Ak v\u0161ak hr\u00e1te online, tu je nieko\u013eko tipov, ktor\u00e9 v\u00e1m m\u00f4\u017eu pom\u00f4c\u0165 zv\u00fd\u0161i\u0165 va\u0161e \u0161ance na v\u00fdhru. \u010c\u00edtajte \u010falej a dozviete sa viac. Urobte si r\u00fdchly prieskum a n\u00e1jdite bingo str\u00e1nky, ktor\u00e9 pon\u00fakaj\u00fa najlep\u0161ie bonusy za vklad. Mnoh\u00e9 webov\u00e9 str\u00e1nky tie\u017e pon\u00fakaj\u00fa lukrat\u00edvne bonusy za vstup. V\u017edy sa odpor\u00fa\u010da hra\u0165 bingo na d\u00f4veryhodn\u00fdch kas\u00ednov\u00fdch str\u00e1nkach. Pred registr\u00e1ciou si pre\u010d\u00edtajte recenzie od skuto\u010dn\u00fdch pou\u017e\u00edvate\u013eov t\u00fdchto kas\u00ednov\u00fdch str\u00e1nok.<br \/>\n<a href=\"https:\/\/record.revenueplanet.com\/_BoBybWC_aAPUOsjNOfgKefwM06wa-Rwt\/1\/\" target=\"_new\" rel=\"noopener\"><img loading=\"lazy\" decoding=\"async\" class=\"aligncenter\" style=\"border: none;\" src=\"https:\/\/media.revenueplanet.com\/uploads\/nbb-468x60-nov-generic.gif\" alt=\"BingoBilly Bezplatn\u00e9 bingo\" width=\"468\" height=\"60\" \/><\/a><br \/>\nIba renomovan\u00e9 a d\u00f4veryhodn\u00e9 kas\u00edna vypl\u00e1caj\u00fa cel\u00fa sumu, ktor\u00fa ste v hre vyhrali. Internet je zaplaven\u00fd bingo str\u00e1nkami a bohu\u017eia\u013e, mnoho podvodn\u00fdch str\u00e1nok v\u00e1m kradne peniaze a nevypl\u00e1ca, ke\u010f vyhr\u00e1te hru. Preto by ste mali by\u0165 pri v\u00fdbere online kas\u00edna obzvl\u00e1\u0161\u0165 opatrn\u00ed. Bingo hry sa hraj\u00fa len pre z\u00e1bavu.<\/p>\n<p>Pravidl\u00e1 a predpisy hry s\u00fa jednoduch\u00e9. Hra bingo je \u00faplne ot\u00e1zkou \u0161\u0165astia. \u017diadny prvok nem\u00f4\u017ee predpoveda\u0165 v\u00fdsledok ani ovplyvni\u0165 hru. M\u00f4\u017eete sa uvo\u013eni\u0165 a u\u017ei\u0165 si hru, preto\u017ee nie je potrebn\u00e9 robi\u0165 \u017eiadne rozhodnutia. Online bingo hru spr\u00edstupnilo, preto\u017ee ju m\u00f4\u017eete hra\u0165 kedyko\u013evek v\u00e1m to vyhovuje a z ak\u00e9hoko\u013evek miesta, ktor\u00e9 m\u00e1 internetov\u00e9 pripojenie a po\u010d\u00edta\u010d.<\/p>\n<p>V\u017edy sa sna\u017ete hra\u0165 na menej preplnenej str\u00e1nke. Zv\u00fd\u0161i sa t\u00fdm va\u0161a \u0161anca na v\u00fdhru v hre, preto\u017ee budete s\u00fa\u0165a\u017ei\u0165 proti men\u0161iemu po\u010dtu hr\u00e1\u010dov. Str\u00e1nka s vyv\u00e1\u017een\u00fdm po\u010dtom hr\u00e1\u010dov v\u00e1m d\u00e1va v\u00e4\u010d\u0161iu \u0161ancu na v\u00fdhru v hre. Vyberte si str\u00e1nky, ktor\u00e9 poskytuj\u00fa chatovacie miestnosti pre jednoduch\u00fa komunik\u00e1ciu medzi hr\u00e1\u010dmi. M\u00f4\u017eete sa tie\u017e porozpr\u00e1va\u0165 s ostatn\u00fdmi hr\u00e1\u010dmi o kart\u00e1ch, ktor\u00e9 hraj\u00fa. M\u00f4\u017eete tie\u017e zv\u00fd\u0161i\u0165 \u010d\u00edslo karty, aby ste obr\u00e1tili v\u00ed\u0165azstvo na svoju stranu.<\/p>\n<p>Ve\u013ea z\u00e1vis\u00ed aj od \u010dasu, kedy sa rozhodnete hra\u0165. Bolo pozorovan\u00e9, \u017ee ak hr\u00e1te v nezvy\u010dajn\u00fdch hodin\u00e1ch, m\u00e1te \u0161ancu vyhra\u0165, preto\u017ee v t\u00fdchto \u010dasoch nie je online ve\u013ea hr\u00e1\u010dov. V hr\u00e1ch bingo s ve\u013ek\u00fdm jackpotom sa v\u017edy vyh\u00fdbajte pr\u00edli\u0161 ve\u013ek\u00e9mu po\u010dtu kariet. V\u017edy si vyberajte kas\u00ednov\u00e9 str\u00e1nky, ktor\u00e9 pon\u00fakaj\u00fa 100% bonusy za vklad. V s\u00fa\u010dasnosti sa m\u00f4\u017eete stretn\u00fa\u0165 aj s odpor\u00fa\u010dac\u00edmi programami na str\u00e1nkach kas\u00edn. V r\u00e1mci programu z\u00edskate bezplatn\u00fa hotovos\u0165, ak sa v\u00e1\u0161 odpor\u00fa\u010dan\u00fd pou\u017e\u00edvate\u013e zaregistruje v kas\u00edne. Okrem toho online kas\u00edno z \u010dasu na \u010das pon\u00faka mnoho propaga\u010dn\u00fdch bonusov.<\/p>\n<p>&nbsp;<\/p>\n","protected":false},"excerpt":{"rendered":"<p>Hrajte online bingo so spr\u00e1vnou strat\u00e9giou V\u010faka rozvoju internetu si dnes m\u00f4\u017eete u\u017ei\u0165 z\u00e1bavn\u00fa hru bingo priamo z pohodlia domova. Najlep\u0161ie na tom je, \u017ee hru m\u00f4\u017eete hra\u0165 kedyko\u013evek chcete. To je d\u00f4vod, pre\u010do sa online bingo stalo tak popul\u00e1rnym medzi \u013eu\u010fmi, najm\u00e4 medzi \u017eenami. Ak ste nov\u00e1\u010dik, nebojte sa, hru sa m\u00f4\u017eete nau\u010di\u0165 tak, [&hellip;]<\/p>\n","protected":false},"author":1,"featured_media":0,"parent":8534,"menu_order":3,"comment_status":"closed","ping_status":"closed","template":"","meta":{"footnotes":""},"class_list":["post-11096","page","type-page","status-publish","hentry"],"yoast_head":"<!-- This site is optimized with the Yoast SEO plugin v27.4 - https:\/\/yoast.com\/product\/yoast-seo-wordpress\/ -->\n<title>Hern\u00e1 strat\u00e9gia pre online bingo<\/title>\n<meta name=\"description\" content=\"Zv\u00fd\u0161te svoje \u0161ance na v\u00fdhru v online bingo dodr\u017eiavan\u00edm spr\u00e1vnej hernej strat\u00e9gie.\" \/>\n<meta name=\"robots\" content=\"index, follow, max-snippet:-1, max-image-preview:large, max-video-preview:-1\" \/>\n<link rel=\"canonical\" href=\"https:\/\/gambling6.com\/sk\/bingo\/uspech-v-online-bingo\/\" \/>\n<meta property=\"og:locale\" content=\"sk_SK\" \/>\n<meta property=\"og:type\" content=\"article\" \/>\n<meta property=\"og:title\" content=\"Hern\u00e1 strat\u00e9gia pre online bingo\" \/>\n<meta property=\"og:description\" content=\"Zv\u00fd\u0161te svoje \u0161ance na v\u00fdhru v online bingo dodr\u017eiavan\u00edm spr\u00e1vnej hernej strat\u00e9gie.\" \/>\n<meta property=\"og:url\" content=\"https:\/\/gambling6.com\/sk\/bingo\/uspech-v-online-bingo\/\" \/>\n<meta property=\"og:site_name\" content=\"Gambling6\" \/>\n<meta property=\"article:published_time\" content=\"2025-11-17T15:49:31+00:00\" \/>\n<meta property=\"article:modified_time\" content=\"2025-11-17T16:39:46+00:00\" \/>\n<meta property=\"og:image\" content=\"https:\/\/media.revenueplanet.com\/uploads\/nbb-468x60-nov-generic.gif\" \/>\n<meta name=\"author\" content=\"Catfish\" \/>\n<meta name=\"twitter:card\" content=\"summary_large_image\" \/>\n<meta name=\"twitter:label1\" content=\"Autor\" \/>\n\t<meta name=\"twitter:data1\" content=\"Catfish\" \/>\n\t<meta name=\"twitter:label2\" content=\"Predpokladan\u00fd \u010das \u010d\u00edtania\" \/>\n\t<meta name=\"twitter:data2\" content=\"3 min\u00faty\" \/>\n<script type=\"application\/ld+json\" class=\"yoast-schema-graph\">{\"@context\":\"https:\\\/\\\/schema.org\",\"@graph\":[{\"@type\":\"Article\",\"@id\":\"https:\\\/\\\/gambling6.com\\\/sk\\\/bingo\\\/uspech-v-online-bingo\\\/#article\",\"isPartOf\":{\"@id\":\"https:\\\/\\\/gambling6.com\\\/sk\\\/bingo\\\/uspech-v-online-bingo\\\/\"},\"author\":{\"name\":\"Catfish\",\"@id\":\"https:\\\/\\\/gambling6.com\\\/sk\\\/#\\\/schema\\\/person\\\/d093de87a44a018ef67117d02d86ddaf\"},\"headline\":\"\u00daspech v online bingo\",\"datePublished\":\"2025-11-17T15:49:31+00:00\",\"dateModified\":\"2025-11-17T16:39:46+00:00\",\"mainEntityOfPage\":{\"@id\":\"https:\\\/\\\/gambling6.com\\\/sk\\\/bingo\\\/uspech-v-online-bingo\\\/\"},\"wordCount\":574,\"image\":{\"@id\":\"https:\\\/\\\/gambling6.com\\\/sk\\\/bingo\\\/uspech-v-online-bingo\\\/#primaryimage\"},\"thumbnailUrl\":\"https:\\\/\\\/media.revenueplanet.com\\\/uploads\\\/nbb-468x60-nov-generic.gif\",\"articleSection\":[\"Novinky o bingu\",\"Strat\u00e9gia pre bingo\"],\"inLanguage\":\"sk-SK\"},{\"@type\":\"WebPage\",\"@id\":\"https:\\\/\\\/gambling6.com\\\/sk\\\/bingo\\\/uspech-v-online-bingo\\\/\",\"url\":\"https:\\\/\\\/gambling6.com\\\/sk\\\/bingo\\\/uspech-v-online-bingo\\\/\",\"name\":\"Hern\u00e1 strat\u00e9gia pre online bingo\",\"isPartOf\":{\"@id\":\"https:\\\/\\\/gambling6.com\\\/sk\\\/#website\"},\"primaryImageOfPage\":{\"@id\":\"https:\\\/\\\/gambling6.com\\\/sk\\\/bingo\\\/uspech-v-online-bingo\\\/#primaryimage\"},\"image\":{\"@id\":\"https:\\\/\\\/gambling6.com\\\/sk\\\/bingo\\\/uspech-v-online-bingo\\\/#primaryimage\"},\"thumbnailUrl\":\"https:\\\/\\\/media.revenueplanet.com\\\/uploads\\\/nbb-468x60-nov-generic.gif\",\"datePublished\":\"2025-11-17T15:49:31+00:00\",\"dateModified\":\"2025-11-17T16:39:46+00:00\",\"author\":{\"@id\":\"https:\\\/\\\/gambling6.com\\\/sk\\\/#\\\/schema\\\/person\\\/d093de87a44a018ef67117d02d86ddaf\"},\"description\":\"Zv\u00fd\u0161te svoje \u0161ance na v\u00fdhru v online bingo dodr\u017eiavan\u00edm spr\u00e1vnej hernej strat\u00e9gie.\",\"breadcrumb\":{\"@id\":\"https:\\\/\\\/gambling6.com\\\/sk\\\/bingo\\\/uspech-v-online-bingo\\\/#breadcrumb\"},\"inLanguage\":\"sk-SK\",\"potentialAction\":[{\"@type\":\"ReadAction\",\"target\":[\"https:\\\/\\\/gambling6.com\\\/sk\\\/bingo\\\/uspech-v-online-bingo\\\/\"]}]},{\"@type\":\"ImageObject\",\"inLanguage\":\"sk-SK\",\"@id\":\"https:\\\/\\\/gambling6.com\\\/sk\\\/bingo\\\/uspech-v-online-bingo\\\/#primaryimage\",\"url\":\"https:\\\/\\\/media.revenueplanet.com\\\/uploads\\\/nbb-468x60-nov-generic.gif\",\"contentUrl\":\"https:\\\/\\\/media.revenueplanet.com\\\/uploads\\\/nbb-468x60-nov-generic.gif\"},{\"@type\":\"BreadcrumbList\",\"@id\":\"https:\\\/\\\/gambling6.com\\\/sk\\\/bingo\\\/uspech-v-online-bingo\\\/#breadcrumb\",\"itemListElement\":[{\"@type\":\"ListItem\",\"position\":1,\"name\":\"Home\",\"item\":\"https:\\\/\\\/gambling6.com\\\/sk\\\/home\\\/\"},{\"@type\":\"ListItem\",\"position\":2,\"name\":\"\u00daspech v online bingo\"}]},{\"@type\":\"WebSite\",\"@id\":\"https:\\\/\\\/gambling6.com\\\/sk\\\/#website\",\"url\":\"https:\\\/\\\/gambling6.com\\\/sk\\\/\",\"name\":\"Gambling6\",\"description\":\"\",\"potentialAction\":[{\"@type\":\"SearchAction\",\"target\":{\"@type\":\"EntryPoint\",\"urlTemplate\":\"https:\\\/\\\/gambling6.com\\\/sk\\\/?s={search_term_string}\"},\"query-input\":{\"@type\":\"PropertyValueSpecification\",\"valueRequired\":true,\"valueName\":\"search_term_string\"}}],\"inLanguage\":\"sk-SK\"},{\"@type\":\"Person\",\"@id\":\"https:\\\/\\\/gambling6.com\\\/sk\\\/#\\\/schema\\\/person\\\/d093de87a44a018ef67117d02d86ddaf\",\"name\":\"Catfish\",\"image\":{\"@type\":\"ImageObject\",\"inLanguage\":\"sk-SK\",\"@id\":\"https:\\\/\\\/secure.gravatar.com\\\/avatar\\\/32edfa28ccbf005c231538b245a2670a36c7f33f2d3a9ab09e50843b363f2821?s=96&d=mm&r=g\",\"url\":\"https:\\\/\\\/secure.gravatar.com\\\/avatar\\\/32edfa28ccbf005c231538b245a2670a36c7f33f2d3a9ab09e50843b363f2821?s=96&d=mm&r=g\",\"contentUrl\":\"https:\\\/\\\/secure.gravatar.com\\\/avatar\\\/32edfa28ccbf005c231538b245a2670a36c7f33f2d3a9ab09e50843b363f2821?s=96&d=mm&r=g\",\"caption\":\"Catfish\"},\"sameAs\":[\"http:\\\/\\\/gambling6.com\"],\"url\":\"https:\\\/\\\/gambling6.com\\\/sk\\\/author\\\/catfish\\\/\"}]}<\/script>\n<!-- \/ Yoast SEO plugin. -->","yoast_head_json":{"title":"Hern\u00e1 strat\u00e9gia pre online bingo","description":"Zv\u00fd\u0161te svoje \u0161ance na v\u00fdhru v online bingo dodr\u017eiavan\u00edm spr\u00e1vnej hernej strat\u00e9gie.","robots":{"index":"index","follow":"follow","max-snippet":"max-snippet:-1","max-image-preview":"max-image-preview:large","max-video-preview":"max-video-preview:-1"},"canonical":"https:\/\/gambling6.com\/sk\/bingo\/uspech-v-online-bingo\/","og_locale":"sk_SK","og_type":"article","og_title":"Hern\u00e1 strat\u00e9gia pre online bingo","og_description":"Zv\u00fd\u0161te svoje \u0161ance na v\u00fdhru v online bingo dodr\u017eiavan\u00edm spr\u00e1vnej hernej strat\u00e9gie.","og_url":"https:\/\/gambling6.com\/sk\/bingo\/uspech-v-online-bingo\/","og_site_name":"Gambling6","article_published_time":"2025-11-17T15:49:31+00:00","article_modified_time":"2025-11-17T16:39:46+00:00","og_image":[{"url":"https:\/\/media.revenueplanet.com\/uploads\/nbb-468x60-nov-generic.gif","type":"","width":"","height":""}],"author":"Catfish","twitter_card":"summary_large_image","twitter_misc":{"Autor":"Catfish","Predpokladan\u00fd \u010das \u010d\u00edtania":"3 min\u00faty"},"schema":{"@context":"https:\/\/schema.org","@graph":[{"@type":"Article","@id":"https:\/\/gambling6.com\/sk\/bingo\/uspech-v-online-bingo\/#article","isPartOf":{"@id":"https:\/\/gambling6.com\/sk\/bingo\/uspech-v-online-bingo\/"},"author":{"name":"Catfish","@id":"https:\/\/gambling6.com\/sk\/#\/schema\/person\/d093de87a44a018ef67117d02d86ddaf"},"headline":"\u00daspech v online bingo","datePublished":"2025-11-17T15:49:31+00:00","dateModified":"2025-11-17T16:39:46+00:00","mainEntityOfPage":{"@id":"https:\/\/gambling6.com\/sk\/bingo\/uspech-v-online-bingo\/"},"wordCount":574,"image":{"@id":"https:\/\/gambling6.com\/sk\/bingo\/uspech-v-online-bingo\/#primaryimage"},"thumbnailUrl":"https:\/\/media.revenueplanet.com\/uploads\/nbb-468x60-nov-generic.gif","articleSection":["Novinky o bingu","Strat\u00e9gia pre bingo"],"inLanguage":"sk-SK"},{"@type":"WebPage","@id":"https:\/\/gambling6.com\/sk\/bingo\/uspech-v-online-bingo\/","url":"https:\/\/gambling6.com\/sk\/bingo\/uspech-v-online-bingo\/","name":"Hern\u00e1 strat\u00e9gia pre online bingo","isPartOf":{"@id":"https:\/\/gambling6.com\/sk\/#website"},"primaryImageOfPage":{"@id":"https:\/\/gambling6.com\/sk\/bingo\/uspech-v-online-bingo\/#primaryimage"},"image":{"@id":"https:\/\/gambling6.com\/sk\/bingo\/uspech-v-online-bingo\/#primaryimage"},"thumbnailUrl":"https:\/\/media.revenueplanet.com\/uploads\/nbb-468x60-nov-generic.gif","datePublished":"2025-11-17T15:49:31+00:00","dateModified":"2025-11-17T16:39:46+00:00","author":{"@id":"https:\/\/gambling6.com\/sk\/#\/schema\/person\/d093de87a44a018ef67117d02d86ddaf"},"description":"Zv\u00fd\u0161te svoje \u0161ance na v\u00fdhru v online bingo dodr\u017eiavan\u00edm spr\u00e1vnej hernej strat\u00e9gie.","breadcrumb":{"@id":"https:\/\/gambling6.com\/sk\/bingo\/uspech-v-online-bingo\/#breadcrumb"},"inLanguage":"sk-SK","potentialAction":[{"@type":"ReadAction","target":["https:\/\/gambling6.com\/sk\/bingo\/uspech-v-online-bingo\/"]}]},{"@type":"ImageObject","inLanguage":"sk-SK","@id":"https:\/\/gambling6.com\/sk\/bingo\/uspech-v-online-bingo\/#primaryimage","url":"https:\/\/media.revenueplanet.com\/uploads\/nbb-468x60-nov-generic.gif","contentUrl":"https:\/\/media.revenueplanet.com\/uploads\/nbb-468x60-nov-generic.gif"},{"@type":"BreadcrumbList","@id":"https:\/\/gambling6.com\/sk\/bingo\/uspech-v-online-bingo\/#breadcrumb","itemListElement":[{"@type":"ListItem","position":1,"name":"Home","item":"https:\/\/gambling6.com\/sk\/home\/"},{"@type":"ListItem","position":2,"name":"\u00daspech v online bingo"}]},{"@type":"WebSite","@id":"https:\/\/gambling6.com\/sk\/#website","url":"https:\/\/gambling6.com\/sk\/","name":"Gambling6","description":"","potentialAction":[{"@type":"SearchAction","target":{"@type":"EntryPoint","urlTemplate":"https:\/\/gambling6.com\/sk\/?s={search_term_string}"},"query-input":{"@type":"PropertyValueSpecification","valueRequired":true,"valueName":"search_term_string"}}],"inLanguage":"sk-SK"},{"@type":"Person","@id":"https:\/\/gambling6.com\/sk\/#\/schema\/person\/d093de87a44a018ef67117d02d86ddaf","name":"Catfish","image":{"@type":"ImageObject","inLanguage":"sk-SK","@id":"https:\/\/secure.gravatar.com\/avatar\/32edfa28ccbf005c231538b245a2670a36c7f33f2d3a9ab09e50843b363f2821?s=96&d=mm&r=g","url":"https:\/\/secure.gravatar.com\/avatar\/32edfa28ccbf005c231538b245a2670a36c7f33f2d3a9ab09e50843b363f2821?s=96&d=mm&r=g","contentUrl":"https:\/\/secure.gravatar.com\/avatar\/32edfa28ccbf005c231538b245a2670a36c7f33f2d3a9ab09e50843b363f2821?s=96&d=mm&r=g","caption":"Catfish"},"sameAs":["http:\/\/gambling6.com"],"url":"https:\/\/gambling6.com\/sk\/author\/catfish\/"}]}},"_links":{"self":[{"href":"https:\/\/gambling6.com\/sk\/wp-json\/wp\/v2\/pages\/11096","targetHints":{"allow":["GET"]}}],"collection":[{"href":"https:\/\/gambling6.com\/sk\/wp-json\/wp\/v2\/pages"}],"about":[{"href":"https:\/\/gambling6.com\/sk\/wp-json\/wp\/v2\/types\/page"}],"author":[{"embeddable":true,"href":"https:\/\/gambling6.com\/sk\/wp-json\/wp\/v2\/users\/1"}],"replies":[{"embeddable":true,"href":"https:\/\/gambling6.com\/sk\/wp-json\/wp\/v2\/comments?post=11096"}],"version-history":[{"count":1,"href":"https:\/\/gambling6.com\/sk\/wp-json\/wp\/v2\/pages\/11096\/revisions"}],"predecessor-version":[{"id":11112,"href":"https:\/\/gambling6.com\/sk\/wp-json\/wp\/v2\/pages\/11096\/revisions\/11112"}],"up":[{"embeddable":true,"href":"https:\/\/gambling6.com\/sk\/wp-json\/wp\/v2\/pages\/8534"}],"wp:attachment":[{"href":"https:\/\/gambling6.com\/sk\/wp-json\/wp\/v2\/media?parent=11096"}],"curies":[{"name":"wp","href":"https:\/\/api.w.org\/{rel}","templated":true}]}}