{"id":8144,"date":"2025-10-29T12:37:54","date_gmt":"2025-10-29T12:37:54","guid":{"rendered":"https:\/\/gambling6.com\/?page_id=8144"},"modified":"2025-10-29T12:37:54","modified_gmt":"2025-10-29T12:37:54","slug":"home","status":"publish","type":"page","link":"https:\/\/gambling6.com\/sk\/","title":{"rendered":"Home"},"content":{"rendered":"<h2>Vitajte na Gambling6 \u2013 inform\u00e1cie o v\u0161etkom, \u010do potrebujete vedie\u0165 o hazardn\u00fdch hr\u00e1ch o peniaze<\/h2>\n<p><img loading=\"lazy\" decoding=\"async\" class=\" wp-image-2679 alignright\" src=\"https:\/\/gambling6.com\/wp-content\/uploads\/2022\/04\/1_win_lottery_online1.jpg\" alt=\"online hazardn\u00e9 hry o peniaze\" width=\"253\" height=\"168\" \/><\/p>\n<p>Pre mnoh\u00fdch \u013eud\u00ed m\u00f4\u017ee by\u0165 svet online hazardn\u00fdch hier o skuto\u010dn\u00e9 peniaze desiv\u00fd a nie\u010do, \u010do sa boja vysk\u00fa\u0161a\u0165. Mo\u017eno maj\u00fa radi hazardn\u00e9 hry vo v\u0161eobecnosti, ale nevedia, \u010di m\u00f4\u017eu online hazardn\u00fdm str\u00e1nkam d\u00f4verova\u0165. Dnes je to v\u0161ak jeden z najjednoduch\u0161\u00edch sp\u00f4sobov, ako si u\u017ei\u0165 v\u0161etky svoje ob\u013e\u00faben\u00e9 kas\u00ednov\u00e9 hry, aj ke\u010f ne\u017eijete v bl\u00edzkosti kas\u00edna.<\/p>\n<p>Online hazardn\u00e9 str\u00e1nky vytvorili sp\u00f4sob, ako m\u00f4\u017eu \u013eudia hra\u0165 poker, blackjack, ruletu, videopoker, automaty, bingo, stieracie \u017ereby, stavi\u0165 na \u0161portov\u00e9 podujatia a teraz sa m\u00f4\u017eete dokonca z\u00fa\u010dastni\u0165 ak\u00e9hoko\u013evek ve\u013ek\u00e9ho svetov\u00e9ho lot\u00e9rie online \u2013 bez toho, aby ste museli opusti\u0165 pohodlie svojho domova.<\/p>\n<p>Ka\u017ed\u00fd miluje kas\u00ednov\u00e9 str\u00e1nky s r\u00fdchlou v\u00fdplatou a ak m\u00e1te radi hazardn\u00e9 hry, mali by ste si overi\u0165, o \u010do ide, a zisti\u0165, ako m\u00f4\u017eete za\u010da\u0165 s mnoh\u00fdmi online hern\u00fdmi str\u00e1nkami, ktor\u00e9 s\u00fa k dispoz\u00edcii. Ak budete dodr\u017eiava\u0165 rady online hazardnej str\u00e1nky, ako je t\u00e1 na\u0161a, pom\u00f4\u017ee v\u00e1m to vybra\u0165 si dobr\u00e9ho poskytovate\u013ea a zaisti\u0165 si skvel\u00fd z\u00e1\u017eitok. Ak chcete za\u010da\u0165 hne\u010f, tu s\u00fa moje osobn\u00e9 odpor\u00fa\u010dania:<\/p>\n<h2>Najlep\u0161ia v\u0161estrann\u00e1 hazardn\u00e1 str\u00e1nka<\/h2>\n<p>Osobne r\u00e1d hr\u00e1m v\u0161etky online hazardn\u00e9 hry pod jednou strechou, bez nutnosti vklada\u0165 peniaze na r\u00f4zne str\u00e1nky. Preto je mojou ob\u013e\u00fabenou str\u00e1nkou 888 \u2013 skvel\u00e9 online kas\u00edno s najlep\u0161\u00edmi hrac\u00edmi automatmi, ak\u00e9 som kedy videl, a vynikaj\u00facou online pokerovou her\u0148ou. V\u00fdber kas\u00ednov\u00fdch hier, vr\u00e1tane blackjacku, rulety a \u010fal\u0161\u00edch, nenech\u00e1 ni\u010d na \u017eelanie. Ak h\u013ead\u00e1te skuto\u010dn\u00fd z\u00e1\u017eitok z binga alebo stierac\u00edch \u017erebov, nem\u00f4\u017eete n\u00e1js\u0165 ni\u010d lep\u0161ie ako 888.<\/p>\n<p>Preto je mojou ob\u013e\u00fabenou v\u0161estrannou str\u00e1nkou 888 \u2013 skvel\u00e9 online kas\u00edno s najlep\u0161\u00edmi hrac\u00edmi automatmi, ak\u00e9 som kedy videl, a vynikaj\u00facou online pokerovou her\u0148ou. V\u00fdber kas\u00ednov\u00fdch hier, vr\u00e1tane blackjacku, rulety a \u010fal\u0161\u00edch, nenech\u00e1 ni\u010d na \u017eelanie. Ak h\u013ead\u00e1te skuto\u010dn\u00fd z\u00e1\u017eitok z binga alebo stierac\u00edch \u017erebov, nem\u00f4\u017eete n\u00e1js\u0165 ni\u010d lep\u0161ie ako 888.<\/p>\n<p>A potom je tu sekcia \u0161portov\u00fdch st\u00e1vok, ktor\u00e1 pon\u00faka \u0161irok\u00fd v\u00fdber udalost\u00ed, na ktor\u00e9 m\u00f4\u017eete stavi\u0165, a najlep\u0161ie kurzy, ak\u00e9 kdeko\u013evek na webe n\u00e1jdete. M\u00f4\u017eete dokonca stavi\u0165 na finan\u010dn\u00e9 \u00fadaje, ako s\u00fa hlavn\u00e9 akciov\u00e9 indexy a kurzy mien! <a class=\"thirstylink\" title=\"888 casino en\" href=\"https:\/\/gambling6.com\/go\/888-casino-en\/\" target=\"_blank\" rel=\"nofollow noopener\">Pou\u017eite tento odkaz, aby ste sa e\u0161te dnes dostali na 888, a z\u00edskate bonus a\u017e do v\u00fd\u0161ky 1500 \u20ac na svoj prv\u00fd vklad.<\/a><\/p>\n<h2>Najlep\u0161ia v\u0161estrann\u00e1 hazardn\u00e1 str\u00e1nka pre obyvate\u013eov USA<\/h2>\n<p>Ak ste obyvate\u013eom USA, va\u0161e mo\u017enosti s\u00fa obmedzen\u00e9 a niektor\u00ed prev\u00e1dzkovatelia, ktor\u00ed prij\u00edmaj\u00fa klientov z USA, s\u00fa trochu pochybn\u00ed, tak\u017ee si mus\u00edte d\u00e1va\u0165 pozor, koho si vyberiete.<\/p>\n<p>Jedna str\u00e1nka v\u0161ak vynik\u00e1 z davu, a tou je <a class=\"thirstylink\" title=\"Betonline casino en\" href=\"https:\/\/gambling6.com\/go\/betonline-casino-en\/\" target=\"_blank\" rel=\"nofollow noopener\">Betonline \u2013 tu m\u00f4\u017eete hra\u0165 online poker, kas\u00ednov\u00e9 hry, automaty, ruletu, blackjack a uzatv\u00e1ra\u0165 \u0161portov\u00e9 st\u00e1vky.<\/a> Prij\u00edmaj\u00fa hr\u00e1\u010dov z USA a existuje nieko\u013eko sp\u00f4sobov, ako m\u00f4\u017eete vlo\u017ei\u0165 prostriedky na svoj \u00fa\u010det, ako aj vybra\u0165 svoje v\u00fdhry.<\/p>\n<h2>Gambling6 \u2013 \u0161es\u0165 najpopul\u00e1rnej\u0161\u00edch foriem online hazardu<\/h2>\n<p>Na str\u00e1nke Gambling6.com n\u00e1jdete inform\u00e1cie o nasleduj\u00facich t\u00e9mach:<\/p>\n<ul>\n<li>Kas\u00ednov\u00e9 hry, vr\u00e1tane blackjacku, rulety, crapsu, videopokru, automatov at\u010f.<\/li>\n<li>Poker vo v\u0161etk\u00fdch variantoch<\/li>\n<li>Online bingo<\/li>\n<li>Online stieracie \u017ereby<\/li>\n<li>\u0160portov\u00e9 st\u00e1vky a st\u00e1vky na in\u00e9 udalosti<\/li>\n<li>Ako z\u00edska\u0165 online tiket na ak\u00fako\u013evek lot\u00e9riu mimo va\u0161ej krajiny bydliska<\/li>\n<\/ul>\n<h2>\u010co tak trochu lot\u00e9riovej z\u00e1bavy a jackpotov svetovej \u00farovne?<\/h2>\n<p>Predpokladajme, \u017ee ste fan\u00fa\u0161ikom lot\u00e9rie a nechcete by\u0165 obmedzen\u00ed na miestnu lot\u00e9riu. V tom pr\u00edpade m\u00e1me pre v\u00e1s dobr\u00fa spr\u00e1vu: Teraz m\u00f4\u017eete vysk\u00fa\u0161a\u0165 svoje \u0161\u0165astie v akejko\u013evek lot\u00e9rii na svete \u2013 RedFoxLotto v\u00e1m umo\u017e\u0148uje k\u00fapi\u0165 si online tikety do najv\u00e4\u010d\u0161\u00edch lot\u00e9ri\u00ed na svete, ako s\u00fa Mega Millions, Powerball, El Gordo, EuroMillions a mnoho \u010fal\u0161\u00edch. <a href=\"https:\/\/redfoxlotto.com\/sk\">Kliknite sem, aby ste zistili, ktor\u00e1 lot\u00e9ria m\u00e1 najv\u00e4\u010d\u0161\u00ed jackpot, a z\u00edskajte tiket behom nieko\u013ek\u00fdch sek\u00fand!<\/a><\/p>\n<h2>\u010casto kladen\u00e9 ot\u00e1zky o online kas\u00ednach<\/h2>\n<p>Ak ste v svete online kas\u00edn nov\u00e1\u010dikom, pravdepodobne m\u00e1te ot\u00e1zky t\u00fdkaj\u00face sa online hier a toho, ako to v\u0161etko funguje. Niektor\u00e9 z va\u0161ich ot\u00e1zok s\u00fa rovnak\u00e9 ako ot\u00e1zky mnoh\u00fdch in\u00fdch nov\u00fdch hr\u00e1\u010dov online kas\u00edn. Odpovede na tieto ot\u00e1zky n\u00e1jdete v tejto sekcii \u010casto kladen\u00e9 ot\u00e1zky, ktor\u00e9 v\u00e1m pom\u00f4\u017eu za\u010da\u0165.<\/p>\n<p><strong>Mus\u00edm ma\u0165 ur\u010dit\u00fd vek, aby som mohol hra\u0165 v online kas\u00edne?<\/strong><\/p>\n<p>Ka\u017ed\u00e9 online kas\u00edno si stanovuje vlastn\u00e9 pravidl\u00e1 a smernice. V\u00e4\u010d\u0161ina z nich v\u0161ak vy\u017eaduje, aby hr\u00e1\u010di mali 18 alebo 21 rokov, aby sa mohli z\u00fa\u010dast\u0148ova\u0165 kas\u00ednov\u00fdch hier o skuto\u010dn\u00e9 peniaze.<\/p>\n<p><strong>Mus\u00edm si na svoj po\u010d\u00edta\u010d stiahnu\u0165 nie\u010do, aby som mohol hra\u0165 online kas\u00ednov\u00e9 hry?<\/strong><\/p>\n<p>Mnoh\u00e9 online kas\u00edna v\u00e1m umo\u017enia hra\u0165 v re\u017eime okam\u017eit\u00e9ho hrania. Ak sa rozhodnete vyu\u017ei\u0165 re\u017eim okam\u017eit\u00e9ho hrania, nebudete si musie\u0165 na svoj po\u010d\u00edta\u010d stiahnu\u0165 \u017eiadny softv\u00e9r.<\/p>\n<p><strong>Ako \u0165a\u017ek\u00e9 je zaregistrova\u0165 sa v online kas\u00edne?<\/strong><\/p>\n<p>Proces je v skuto\u010dnosti ve\u013emi jednoduch\u00fd. Budete musie\u0165 zada\u0165 z\u00e1kladn\u00e9 inform\u00e1cie o sebe a stiahnu\u0165 a nain\u0161talova\u0165 softv\u00e9r, ak pl\u00e1nujete hra\u0165 hry, ktor\u00e9 vy\u017eaduj\u00fa stiahnutie. Cel\u00fd proces trv\u00e1 len nieko\u013eko min\u00fat.<\/p>\n<p><strong>Mus\u00edm hne\u010f vlo\u017ei\u0165 peniaze?<\/strong><\/p>\n<p>V\u00e4\u010d\u0161ina kas\u00edn v\u00e1m umo\u017en\u00ed vysk\u00fa\u0161a\u0165 ich hry bez vkladu. Niektor\u00e9 v\u00e1m poskytn\u00fa bezplatn\u00e9 oto\u010denia alebo v\u00e1m umo\u017enia hra\u0165 zadarmo po\u010das ur\u010dit\u00e9ho \u010dasov\u00e9ho obdobia. \u010casto si po\u010das tohto obdobia m\u00f4\u017eete dokonca ponecha\u0165 svoje v\u00fdhry, ak nesk\u00f4r vlo\u017e\u00edte skuto\u010dn\u00e9 peniaze!<\/p>\n<p><strong>O \u010dom s\u00fa bonusy?<\/strong><\/p>\n<p>V\u00e4\u010d\u0161ina online kas\u00edn pou\u017e\u00edva bonusy, aby pril\u00e1kala hr\u00e1\u010dov, aby tam hrali a vracali sa. Niektor\u00e9 bonusy maj\u00fa hodnotu stoviek alebo dokonca tis\u00edcov dol\u00e1rov. Vo v\u00e4\u010d\u0161ine pr\u00edpadov budete musie\u0165 bonusy najsk\u00f4r splni\u0165, aby ste k nim mali pr\u00edstup. Pokyny na vy\u010distenie bonusu n\u00e1jdete v online kas\u00edne, ktor\u00e9 bonus pon\u00faka.<\/p>\n<p><strong>Ak\u00e9 hry m\u00f4\u017eem hra\u0165 v online kas\u00edne?<\/strong><\/p>\n<p>Ka\u017ed\u00e9 online kas\u00edno pon\u00faka vlastn\u00fd v\u00fdber hier. Niektor\u00e9 z naj\u010dastej\u0161ie sa vyskytuj\u00facich hier v\u0161ak zah\u0155\u0148aj\u00fa video automaty, hracie automaty, ruletu, craps, blackjack, poker a dokonca aj lot\u00e9rie z cel\u00e9ho sveta.<\/p>\n<p><strong>Ko\u013eko pe\u0148az\u00ed m\u00f4\u017eem skuto\u010dne vyhra\u0165 hran\u00edm v online kas\u00edne?<\/strong><\/p>\n<p>V prvom rade nem\u00e1te zaru\u010den\u00e9, \u017ee v\u00f4bec nie\u010do vyhr\u00e1te. Je v\u0161ak mo\u017en\u00e9 vyhra\u0165 ve\u013ea pe\u0148az\u00ed. N\u00e1jdete tu jackpotov\u00e9 automaty s v\u00fdhrou mili\u00f3nov dol\u00e1rov, pokerov\u00e9 turnaje s garantovanou v\u00fdhrou 1 mili\u00f3n dol\u00e1rov alebo viac at\u010f. V skuto\u010dnosti m\u00e1 v\u00e4\u010d\u0161ina online kas\u00edn lep\u0161ie v\u00fdplatn\u00e9 percent\u00e1 ako kamenn\u00e9 kas\u00edna. Je to preto, \u017ee maj\u00fa ni\u017e\u0161ie prev\u00e1dzkov\u00e9 n\u00e1klady a m\u00f4\u017eu si dovoli\u0165 vypl\u00e1ca\u0165 vy\u0161\u0161iu mieru st\u00e1vok.<\/p>\n","protected":false},"excerpt":{"rendered":"<p>Vitajte na Gambling6 \u2013 inform\u00e1cie o v\u0161etkom, \u010do potrebujete vedie\u0165 o hazardn\u00fdch hr\u00e1ch o peniaze Pre mnoh\u00fdch \u013eud\u00ed m\u00f4\u017ee by\u0165 svet online hazardn\u00fdch hier o skuto\u010dn\u00e9 peniaze desiv\u00fd a nie\u010do, \u010do sa boja vysk\u00fa\u0161a\u0165. Mo\u017eno maj\u00fa radi hazardn\u00e9 hry vo v\u0161eobecnosti, ale nevedia, \u010di m\u00f4\u017eu online hazardn\u00fdm str\u00e1nkam d\u00f4verova\u0165. Dnes je to v\u0161ak jeden z [&hellip;]<\/p>\n","protected":false},"author":1,"featured_media":0,"parent":0,"menu_order":1,"comment_status":"closed","ping_status":"closed","template":"","meta":{"footnotes":""},"class_list":["post-8144","page","type-page","status-publish","hentry"],"yoast_head":"<!-- This site is optimized with the Yoast SEO plugin v27.4 - https:\/\/yoast.com\/product\/yoast-seo-wordpress\/ -->\n<title>Najlep\u0161ie online hazardn\u00e9 hry o peniaze | Vitajte na Gambling6<\/title>\n<meta name=\"description\" content=\"Ak m\u00e1te radi hazardn\u00e9 hry o peniaze, na\u0161a str\u00e1nka s inform\u00e1ciami o hazardn\u00fdch hr\u00e1ch obsahuje v\u0161etky potrebn\u00e9 inform\u00e1cie o 6 najpopul\u00e1rnej\u0161\u00edch online hr\u00e1ch.\" \/>\n<meta name=\"robots\" content=\"index, follow, max-snippet:-1, max-image-preview:large, max-video-preview:-1\" \/>\n<link rel=\"canonical\" href=\"https:\/\/gambling6.com\/sk\/\" \/>\n<meta property=\"og:locale\" content=\"sk_SK\" \/>\n<meta property=\"og:type\" content=\"article\" \/>\n<meta property=\"og:title\" content=\"Najlep\u0161ie online hazardn\u00e9 hry o peniaze | Vitajte na Gambling6\" \/>\n<meta property=\"og:description\" content=\"Ak m\u00e1te radi hazardn\u00e9 hry o peniaze, na\u0161a str\u00e1nka s inform\u00e1ciami o hazardn\u00fdch hr\u00e1ch obsahuje v\u0161etky potrebn\u00e9 inform\u00e1cie o 6 najpopul\u00e1rnej\u0161\u00edch online hr\u00e1ch.\" \/>\n<meta property=\"og:url\" content=\"https:\/\/gambling6.com\/sk\/\" \/>\n<meta property=\"og:site_name\" content=\"Gambling6\" \/>\n<meta property=\"og:image\" content=\"https:\/\/gambling6.com\/wp-content\/uploads\/2022\/04\/1_win_lottery_online1.jpg\" \/>\n\t<meta property=\"og:image:width\" content=\"300\" \/>\n\t<meta property=\"og:image:height\" content=\"199\" \/>\n\t<meta property=\"og:image:type\" content=\"image\/jpeg\" \/>\n<meta name=\"twitter:card\" content=\"summary_large_image\" \/>\n<meta name=\"twitter:label1\" content=\"Predpokladan\u00fd \u010das \u010d\u00edtania\" \/>\n\t<meta name=\"twitter:data1\" content=\"6 min\u00fat\" \/>\n<script type=\"application\/ld+json\" class=\"yoast-schema-graph\">{\"@context\":\"https:\\\/\\\/schema.org\",\"@graph\":[{\"@type\":\"WebPage\",\"@id\":\"https:\\\/\\\/gambling6.com\\\/sk\\\/\",\"url\":\"https:\\\/\\\/gambling6.com\\\/sk\\\/\",\"name\":\"Najlep\u0161ie online hazardn\u00e9 hry o peniaze | Vitajte na Gambling6\",\"isPartOf\":{\"@id\":\"https:\\\/\\\/gambling6.com\\\/sk\\\/#website\"},\"primaryImageOfPage\":{\"@id\":\"https:\\\/\\\/gambling6.com\\\/sk\\\/#primaryimage\"},\"image\":{\"@id\":\"https:\\\/\\\/gambling6.com\\\/sk\\\/#primaryimage\"},\"thumbnailUrl\":\"https:\\\/\\\/gambling6.com\\\/wp-content\\\/uploads\\\/2022\\\/04\\\/1_win_lottery_online1.jpg\",\"datePublished\":\"2025-10-29T12:37:54+00:00\",\"description\":\"Ak m\u00e1te radi hazardn\u00e9 hry o peniaze, na\u0161a str\u00e1nka s inform\u00e1ciami o hazardn\u00fdch hr\u00e1ch obsahuje v\u0161etky potrebn\u00e9 inform\u00e1cie o 6 najpopul\u00e1rnej\u0161\u00edch online hr\u00e1ch.\",\"breadcrumb\":{\"@id\":\"https:\\\/\\\/gambling6.com\\\/sk\\\/#breadcrumb\"},\"inLanguage\":\"sk-SK\",\"potentialAction\":[{\"@type\":\"ReadAction\",\"target\":[\"https:\\\/\\\/gambling6.com\\\/sk\\\/\"]}]},{\"@type\":\"ImageObject\",\"inLanguage\":\"sk-SK\",\"@id\":\"https:\\\/\\\/gambling6.com\\\/sk\\\/#primaryimage\",\"url\":\"https:\\\/\\\/gambling6.com\\\/wp-content\\\/uploads\\\/2022\\\/04\\\/1_win_lottery_online1.jpg\",\"contentUrl\":\"https:\\\/\\\/gambling6.com\\\/wp-content\\\/uploads\\\/2022\\\/04\\\/1_win_lottery_online1.jpg\"},{\"@type\":\"BreadcrumbList\",\"@id\":\"https:\\\/\\\/gambling6.com\\\/sk\\\/#breadcrumb\",\"itemListElement\":[{\"@type\":\"ListItem\",\"position\":1,\"name\":\"Home\",\"item\":\"https:\\\/\\\/gambling6.com\\\/sk\\\/home\\\/\"},{\"@type\":\"ListItem\",\"position\":2,\"name\":\"Home\"}]},{\"@type\":\"WebSite\",\"@id\":\"https:\\\/\\\/gambling6.com\\\/sk\\\/#website\",\"url\":\"https:\\\/\\\/gambling6.com\\\/sk\\\/\",\"name\":\"Gambling6\",\"description\":\"\",\"potentialAction\":[{\"@type\":\"SearchAction\",\"target\":{\"@type\":\"EntryPoint\",\"urlTemplate\":\"https:\\\/\\\/gambling6.com\\\/sk\\\/?s={search_term_string}\"},\"query-input\":{\"@type\":\"PropertyValueSpecification\",\"valueRequired\":true,\"valueName\":\"search_term_string\"}}],\"inLanguage\":\"sk-SK\"}]}<\/script>\n<!-- \/ Yoast SEO plugin. -->","yoast_head_json":{"title":"Najlep\u0161ie online hazardn\u00e9 hry o peniaze | Vitajte na Gambling6","description":"Ak m\u00e1te radi hazardn\u00e9 hry o peniaze, na\u0161a str\u00e1nka s inform\u00e1ciami o hazardn\u00fdch hr\u00e1ch obsahuje v\u0161etky potrebn\u00e9 inform\u00e1cie o 6 najpopul\u00e1rnej\u0161\u00edch online hr\u00e1ch.","robots":{"index":"index","follow":"follow","max-snippet":"max-snippet:-1","max-image-preview":"max-image-preview:large","max-video-preview":"max-video-preview:-1"},"canonical":"https:\/\/gambling6.com\/sk\/","og_locale":"sk_SK","og_type":"article","og_title":"Najlep\u0161ie online hazardn\u00e9 hry o peniaze | Vitajte na Gambling6","og_description":"Ak m\u00e1te radi hazardn\u00e9 hry o peniaze, na\u0161a str\u00e1nka s inform\u00e1ciami o hazardn\u00fdch hr\u00e1ch obsahuje v\u0161etky potrebn\u00e9 inform\u00e1cie o 6 najpopul\u00e1rnej\u0161\u00edch online hr\u00e1ch.","og_url":"https:\/\/gambling6.com\/sk\/","og_site_name":"Gambling6","og_image":[{"width":300,"height":199,"url":"https:\/\/gambling6.com\/wp-content\/uploads\/2022\/04\/1_win_lottery_online1.jpg","type":"image\/jpeg"}],"twitter_card":"summary_large_image","twitter_misc":{"Predpokladan\u00fd \u010das \u010d\u00edtania":"6 min\u00fat"},"schema":{"@context":"https:\/\/schema.org","@graph":[{"@type":"WebPage","@id":"https:\/\/gambling6.com\/sk\/","url":"https:\/\/gambling6.com\/sk\/","name":"Najlep\u0161ie online hazardn\u00e9 hry o peniaze | Vitajte na Gambling6","isPartOf":{"@id":"https:\/\/gambling6.com\/sk\/#website"},"primaryImageOfPage":{"@id":"https:\/\/gambling6.com\/sk\/#primaryimage"},"image":{"@id":"https:\/\/gambling6.com\/sk\/#primaryimage"},"thumbnailUrl":"https:\/\/gambling6.com\/wp-content\/uploads\/2022\/04\/1_win_lottery_online1.jpg","datePublished":"2025-10-29T12:37:54+00:00","description":"Ak m\u00e1te radi hazardn\u00e9 hry o peniaze, na\u0161a str\u00e1nka s inform\u00e1ciami o hazardn\u00fdch hr\u00e1ch obsahuje v\u0161etky potrebn\u00e9 inform\u00e1cie o 6 najpopul\u00e1rnej\u0161\u00edch online hr\u00e1ch.","breadcrumb":{"@id":"https:\/\/gambling6.com\/sk\/#breadcrumb"},"inLanguage":"sk-SK","potentialAction":[{"@type":"ReadAction","target":["https:\/\/gambling6.com\/sk\/"]}]},{"@type":"ImageObject","inLanguage":"sk-SK","@id":"https:\/\/gambling6.com\/sk\/#primaryimage","url":"https:\/\/gambling6.com\/wp-content\/uploads\/2022\/04\/1_win_lottery_online1.jpg","contentUrl":"https:\/\/gambling6.com\/wp-content\/uploads\/2022\/04\/1_win_lottery_online1.jpg"},{"@type":"BreadcrumbList","@id":"https:\/\/gambling6.com\/sk\/#breadcrumb","itemListElement":[{"@type":"ListItem","position":1,"name":"Home","item":"https:\/\/gambling6.com\/sk\/home\/"},{"@type":"ListItem","position":2,"name":"Home"}]},{"@type":"WebSite","@id":"https:\/\/gambling6.com\/sk\/#website","url":"https:\/\/gambling6.com\/sk\/","name":"Gambling6","description":"","potentialAction":[{"@type":"SearchAction","target":{"@type":"EntryPoint","urlTemplate":"https:\/\/gambling6.com\/sk\/?s={search_term_string}"},"query-input":{"@type":"PropertyValueSpecification","valueRequired":true,"valueName":"search_term_string"}}],"inLanguage":"sk-SK"}]}},"_links":{"self":[{"href":"https:\/\/gambling6.com\/sk\/wp-json\/wp\/v2\/pages\/8144","targetHints":{"allow":["GET"]}}],"collection":[{"href":"https:\/\/gambling6.com\/sk\/wp-json\/wp\/v2\/pages"}],"about":[{"href":"https:\/\/gambling6.com\/sk\/wp-json\/wp\/v2\/types\/page"}],"author":[{"embeddable":true,"href":"https:\/\/gambling6.com\/sk\/wp-json\/wp\/v2\/users\/1"}],"replies":[{"embeddable":true,"href":"https:\/\/gambling6.com\/sk\/wp-json\/wp\/v2\/comments?post=8144"}],"version-history":[{"count":1,"href":"https:\/\/gambling6.com\/sk\/wp-json\/wp\/v2\/pages\/8144\/revisions"}],"predecessor-version":[{"id":8145,"href":"https:\/\/gambling6.com\/sk\/wp-json\/wp\/v2\/pages\/8144\/revisions\/8145"}],"wp:attachment":[{"href":"https:\/\/gambling6.com\/sk\/wp-json\/wp\/v2\/media?parent=8144"}],"curies":[{"name":"wp","href":"https:\/\/api.w.org\/{rel}","templated":true}]}}