{"id":8328,"date":"2025-11-07T10:23:06","date_gmt":"2025-11-07T10:23:06","guid":{"rendered":"https:\/\/gambling6.com\/kasino\/"},"modified":"2025-11-12T15:59:29","modified_gmt":"2025-11-12T15:59:29","slug":"kasino","status":"publish","type":"page","link":"https:\/\/gambling6.com\/sk\/kasino\/","title":{"rendered":"Kas\u00edno"},"content":{"rendered":"<h2>Sprievodca online kas\u00ednom pre za\u010diato\u010dn\u00edkov<\/h2>\n<p>Povedzme si na rovinu \u2013 online kas\u00edno tu zostane. Vzh\u013eadom na jeho rast\u00facu popularitu sa potvrdilo, \u017ee hr\u00e1\u010di ho miluj\u00fa. Hazardn\u00e9 hry online o skuto\u010dn\u00e9 peniaze pote\u0161ili ka\u017ed\u00e9ho, kto s nimi za\u010dne, a \u017eiadaj\u00fa viac. Takmer ka\u017ed\u00fd de\u0148 sa v t\u00fdchto kas\u00ednach o skuto\u010dn\u00e9 peniaze pres\u00fava ve\u013ek\u00e9 mno\u017estvo pe\u0148az\u00ed. \u010ci u\u017e ide o vklady alebo v\u00fdbery, v\u0161etko sa deje super r\u00fdchlou r\u00fdchlos\u0165ou cez internet.<\/p>\n<p>Av\u0161ak pr\u00e1ve tu sa mnoh\u00ed \u013eudia st\u00e1vaj\u00fa trochu nerv\u00f3zni. Sk\u00f4r ne\u017e kombin\u00e1cie kariet alebo hrac\u00edch automatov s\u00fa to mo\u017enosti platby a ich bezpe\u010dnos\u0165, ktor\u00e9 hr\u00e1\u010dov tr\u00e1pia. Ani ich nemo\u017eno vini\u0165. Internetov\u00e9 transakcie m\u00f4\u017eu sp\u00f4sobi\u0165 ve\u013ea bolest\u00ed hlavy, ak nie ste dostato\u010dne opatrn\u00ed.<\/p>\n<p>Preto sa mnoho online kas\u00edn sna\u017e\u00ed presved\u010di\u0165 z\u00e1kazn\u00edkov, \u017ee <strong>mo\u017enosti platby poskytovan\u00e9 na ich str\u00e1nkach s\u00fa bezpe\u010dn\u00e9.<\/strong> Je skuto\u010dne dobr\u00e9 by\u0165 opatrn\u00fd, pokia\u013e ide o online transakcie. Posledn\u00e1 vec, ktor\u00fa chcete, je, aby sa \u00fadaje o va\u0161ej kreditnej karte dostali do nespr\u00e1vnych r\u00fak. Na internete je mno\u017estvo hackerov a podvodn\u00edkov a posledn\u00e1 vec, ktor\u00fa chcete, je sta\u0165 sa ich \u010fal\u0161ou obe\u0165ou. Najlep\u0161ie, \u010do m\u00f4\u017eete urobi\u0165, je roz\u0161\u00edri\u0165 si vedomosti o online platobn\u00fdch re\u017eimoch a ich rozmanitosti.<\/p>\n<p>Online kas\u00edna poskytuj\u00fa pomerne ve\u013ea platobn\u00fdch kan\u00e1lov, ktor\u00e9 je bezpe\u010dn\u00e9 pou\u017e\u00edva\u0165 pri online hazardn\u00fdch hr\u00e1ch. Platba kreditn\u00fdmi alebo debetn\u00fdmi kartami je v online kas\u00ednach pomerne be\u017en\u00e1. Takmer v\u0161etky kas\u00edna akceptuj\u00fa karty Visa a MasterCard a American Express. Na vykon\u00e1vanie transakci\u00ed m\u00f4\u017eete pou\u017ei\u0165 ktor\u00fako\u013evek z t\u00fdchto kariet.<\/p>\n<h2>Online kas\u00edna, ktor\u00e9 akceptuj\u00fa klientov z USA<\/h2>\n<p><img loading=\"lazy\" decoding=\"async\" class=\" wp-image-2901 alignright\" src=\"https:\/\/gambling6.com\/wp-content\/uploads\/2022\/04\/download-image2-300x190.jpg\" alt=\"stiahnutie online kas\u00edna\" width=\"249\" height=\"158\" srcset=\"https:\/\/gambling6.com\/wp-content\/uploads\/2022\/04\/download-image2-300x190.jpg 300w, https:\/\/gambling6.com\/wp-content\/uploads\/2022\/04\/download-image2.jpg 435w\" sizes=\"auto, (max-width: 249px) 100vw, 249px\" \/>Ak ste obyvate\u013eom Spojen\u00fdch \u0161t\u00e1tov, va\u0161e mo\u017enosti, pokia\u013e ide o online kas\u00edna, s\u00fa kv\u00f4li legislat\u00edve USA trochu obmedzen\u00e9. To ist\u00e9 plat\u00ed pre mo\u017enosti platby, ktor\u00e9 m\u00e1te k dispoz\u00edcii. Preto by ste ako obyvate\u013e USA mali h\u013eada\u0165 kas\u00edno s pohodln\u00fdmi met\u00f3dami vkladov a v\u00fdberov, aby ste mohli za\u010da\u0165 hra\u0165 online hazardn\u00e9 hry.<\/p>\n<p>Kas\u00edno BetOnline vynik\u00e1 z davu najm\u00e4 pokia\u013e ide o jednoduchos\u0165 spracovania platieb, a preto ho vrelo odpor\u00fa\u010dame n\u00e1v\u0161tevn\u00edkom z USA. <a class=\"thirstylink\" title=\"Betonline casino en\" href=\"https:\/\/gambling6.com\/go\/betonline-casino-en\/\" target=\"_blank\" rel=\"nofollow noopener\"><strong>Kliknite sem a nav\u0161t\u00edvte ich hne\u010f teraz.<\/strong><\/a><\/p>\n<p>Hoci sa to m\u00f4\u017ee zda\u0165 ako samozrejmos\u0165, pred zadan\u00edm \u00fadajov o kreditnej karte sa uistite, \u017ee m\u00e1te jasno v \u00fa\u010dele transakcie a d\u00f4verujete str\u00e1nke. M\u00f4\u017eete tie\u017e z\u00e1js\u0165 nad r\u00e1mec zad\u00e1vania \u00fadajov o kreditnej karte v\u00fdberom online platobn\u00fdch met\u00f3d. Existuje pomerne ve\u013ea online port\u00e1lov, ktor\u00e9 s\u00fa venovan\u00e9 tomuto \u00fa\u010delu. Je pravda, \u017ee kas\u00edna m\u00f4\u017eu ma\u0165 svoje ob\u013e\u00faben\u00e9 str\u00e1nky pre online transakcie, ale niektor\u00e9 s\u00fa popul\u00e1rnej\u0161ie ako ostatn\u00e9.<\/p>\n<p>Medzi tieto str\u00e1nky pre online transakcie patria Neteller, Money Transfer, eWalletXpress, PayPal, Instadebit a Moneybookers. Moneybookers je met\u00f3da, ktor\u00e1 je pomerne popul\u00e1rna v eur\u00f3pskych krajin\u00e1ch vr\u00e1tane Spojen\u00e9ho kr\u00e1\u013eovstva. T\u00e1to funkcia urobila z eur\u00f3pskych ob\u010danov ve\u013ek\u00fdch fan\u00fa\u0161ikov online kas\u00edn.<\/p>\n<h2>Kas\u00edna, ktor\u00e9 spracov\u00e1vaj\u00fa platby cez PayPal<\/h2>\n<p>Ak pozn\u00e1te PayPal, nebudete ma\u0165 probl\u00e9m ho pou\u017e\u00edva\u0165 pre svoje online hern\u00e9 sedenia. V\u0161etko, \u010do mus\u00edte urobi\u0165, je zaregistrova\u0165 sa a sp\u00e1rova\u0165 svoju kreditn\u00fa kartu s \u00fa\u010dtom. Tento sp\u00f4sob platby akceptuje v\u00e4\u010d\u0161ina kas\u00edn a online hazardn\u00fdch str\u00e1nok. Ak chcete zosta\u0165 anonymn\u00ed pri online hazardn\u00fdch hr\u00e1ch, potom je pre v\u00e1s eWalletXpress najvhodnej\u0161\u00ed. Okrem bezpe\u010dnosti a ochrany t\u00e1to str\u00e1nka pom\u00e1ha vkladate\u013eom zosta\u0165 za z\u00e1vojom. Je to r\u00fdchla met\u00f3da transakci\u00ed, ktor\u00fa akceptuje v\u00e4\u010d\u0161ina online kas\u00edn.<\/p>\n<p>V\u010faka popularite online transakci\u00ed vr\u00e1tane online hazardn\u00fdch hier si PayPal z\u00edskal ve\u013ek\u00fa pozornos\u0165. Zd\u00e1 sa, \u017ee existuje mal\u00fd po\u010det kas\u00edn, ktor\u00e9 d\u00f4veruj\u00fa tejto str\u00e1nke kv\u00f4li jej bezpe\u010dn\u00e9mu sp\u00f4sobu platby.<\/p>\n<p>888 Casino poskytuje mo\u017enos\u0165 platby cez PayPal v\u0161etk\u00fdm svojim hr\u00e1\u010dom s bydliskom vo Ve\u013ekej Brit\u00e1nii a \u00cdrsku. Ak ste v\u0161ak obyvate\u013eom Austr\u00e1lie a chcete hra\u0165 na tejto str\u00e1nke, m\u00f4\u017eete svoje transakcie vykon\u00e1va\u0165 prostredn\u00edctvom MasterCard. Okrem dvoch vy\u0161\u0161ie uveden\u00fdch kraj\u00edn s\u00fa \u010fal\u0161\u00edmi eur\u00f3pskymi krajinami, ktor\u00e9 s\u00fa pokryt\u00e9 t\u00fdmto online transak\u010dn\u00fdm syst\u00e9mom, \u0160panielsko, Portugalsko, Taliansko, Rak\u00fasko, F\u00ednsko, \u0160v\u00e9dsko a D\u00e1nsko.<\/p>\n<p>Pr\u00e1ve teraz m\u00e1 888 Casino skvel\u00fa ponuku pre nov\u00fdch hr\u00e1\u010dov: <strong>100% bonus a a\u017e do v\u00fd\u0161ky 1 500,00 \u20ac na v\u00e1\u0161 prv\u00fd vklad pre nov\u00fdch hr\u00e1\u010dov!<\/strong> T\u00e1to propaga\u010dn\u00e1 ponuka je ur\u010den\u00e1 len pre obyvate\u013eov ur\u010dit\u00fdch kraj\u00edn. <a class=\"thirstylink\" title=\"888 casino en\" href=\"https:\/\/gambling6.com\/go\/888-casino-en\/\" target=\"_blank\" rel=\"nofollow noopener\">\u010eal\u0161ie inform\u00e1cie n\u00e1jdete na webov\u00fdch str\u00e1nkach 888.<\/a><\/p>\n<p>Stru\u010dne povedan\u00e9, v\u00e4\u010d\u0161ina pon\u00faka mo\u017enosti platby pre v\u0161etk\u00fdch hr\u00e1\u010dov bez oh\u013eadu na to, kde \u017eij\u00fa. Zatia\u013e \u010doOb\u010dania USA a Austr\u00e1lie m\u00f4\u017eu pou\u017e\u00edva\u0165 karty Visa, MasterCard, Neteller a Moneybookers, zatia\u013e \u010do t\u00ed, ktor\u00ed \u017eij\u00fa v Eur\u00f3pe, m\u00f4\u017eu pou\u017e\u00edva\u0165 syst\u00e9m PayPal.<\/p>\n<p>888 Casino pon\u00faka r\u00f4zne hry vr\u00e1tane 3D hier. Svoje st\u00e1vky m\u00f4\u017eete uzatv\u00e1ra\u0165 pomocou PayPal, MasterCard alebo in\u00e9ho akceptovan\u00e9ho sp\u00f4sobu platby. V\u0161etky tieto sp\u00f4soby platby s\u00fa pomerne bezpe\u010dn\u00e9. Av\u0161ak, rovnako ako v mnoh\u00fdch in\u00fdch online kas\u00ednach, aj 888casinos.com m\u00e1 minim\u00e1lnu sumu vkladu, ktor\u00fa mus\u00edte dodr\u017eiava\u0165. Suma v\u0161ak \u010dasto z\u00e1vis\u00ed od zvolen\u00e9ho sp\u00f4sobu platby. Ak pou\u017e\u00edvate karty MasterCard alebo Visa, budete musie\u0165 zaplati\u0165 20 USD, 20 EUR alebo 20 GBP v z\u00e1vislosti od regi\u00f3nu, v ktorom sa nach\u00e1dzate. Hr\u00e1\u010di pou\u017e\u00edvaj\u00faci debetn\u00e9 karty Maestro v\u0161ak musia vlo\u017ei\u0165 aspo\u0148 10 USD alebo 10 EUR. Ak pou\u017e\u00edvate online str\u00e1nky ako PayPal, MoneyBookers alebo Neteller, minim\u00e1lna suma bude 20 USD.<\/p>\n<p>Suma sa v\u00e4\u010d\u0161inou m\u00f4\u017ee l\u00ed\u0161i\u0165 v z\u00e1vislosti od meny a v\u00fdmenn\u00e9ho kurzu a in\u00fdch pr\u00edslu\u0161n\u00fdch poplatkov. Preto, zatia\u013e \u010do jeden hr\u00e1\u010d m\u00f4\u017ee vlo\u017ei\u0165 10 libier cez Neteller, in\u00fd m\u00f4\u017ee nakoniec zaplati\u0165 20 dol\u00e1rov, \u010do je dvojn\u00e1sobok predch\u00e1dzaj\u00facej sumy. Pri vykon\u00e1van\u00ed transakci\u00ed bude preto lep\u0161ie, ak budete vedie\u0165, ak\u00fa menu m\u00e1te v konkr\u00e9tnom kas\u00edne pou\u017ei\u0165.<\/p>\n<p>Podstatn\u00e9 je, \u017ee pri hran\u00ed online hazardn\u00fdch hier s va\u0161imi peniazmi v online kas\u00edne je lep\u0161ie pou\u017ei\u0165 d\u00f4veryhodn\u00fd sp\u00f4sob platby. Takto to nesk\u00f4r nebudete musie\u0165 \u013eutova\u0165. Koniec koncov, ste tam, aby ste sa bavili a neskon\u010dili ako obe\u0165 podvodu. Tak\u017ee hrajte na istotu a nechajte koleso to\u010di\u0165!<\/p>\n","protected":false},"excerpt":{"rendered":"<p>Sprievodca online kas\u00ednom pre za\u010diato\u010dn\u00edkov Povedzme si na rovinu \u2013 online kas\u00edno tu zostane. Vzh\u013eadom na jeho rast\u00facu popularitu sa potvrdilo, \u017ee hr\u00e1\u010di ho miluj\u00fa. Hazardn\u00e9 hry online o skuto\u010dn\u00e9 peniaze pote\u0161ili ka\u017ed\u00e9ho, kto s nimi za\u010dne, a \u017eiadaj\u00fa viac. Takmer ka\u017ed\u00fd de\u0148 sa v t\u00fdchto kas\u00ednach o skuto\u010dn\u00e9 peniaze pres\u00fava ve\u013ek\u00e9 mno\u017estvo pe\u0148az\u00ed. \u010ci [&hellip;]<\/p>\n","protected":false},"author":1,"featured_media":0,"parent":0,"menu_order":2,"comment_status":"closed","ping_status":"closed","template":"","meta":{"footnotes":""},"class_list":["post-8328","page","type-page","status-publish","hentry"],"yoast_head":"<!-- This site is optimized with the Yoast SEO plugin v27.4 - https:\/\/yoast.com\/product\/yoast-seo-wordpress\/ -->\n<title>Za\u010dnite s online hazardn\u00fdmi hrami | Sprievodca online kas\u00ednom<\/title>\n<meta name=\"description\" content=\"Priznajme si to \u2013 online kas\u00edno tu zostane. Za\u010dnite hne\u010f teraz \u2013 n\u00e1\u0161 sprievodca online kas\u00ednami v\u00e1m pom\u00f4\u017ee vybra\u0165 si tie najlep\u0161ie str\u00e1nky pre v\u00e1s.\" \/>\n<meta name=\"robots\" content=\"index, follow, max-snippet:-1, max-image-preview:large, max-video-preview:-1\" \/>\n<link rel=\"canonical\" href=\"https:\/\/gambling6.com\/sk\/kasino\/\" \/>\n<meta property=\"og:locale\" content=\"sk_SK\" \/>\n<meta property=\"og:type\" content=\"article\" \/>\n<meta property=\"og:title\" content=\"Za\u010dnite s online hazardn\u00fdmi hrami | Sprievodca online kas\u00ednom\" \/>\n<meta property=\"og:description\" content=\"Priznajme si to \u2013 online kas\u00edno tu zostane. Za\u010dnite hne\u010f teraz \u2013 n\u00e1\u0161 sprievodca online kas\u00ednami v\u00e1m pom\u00f4\u017ee vybra\u0165 si tie najlep\u0161ie str\u00e1nky pre v\u00e1s.\" \/>\n<meta property=\"og:url\" content=\"https:\/\/gambling6.com\/sk\/kasino\/\" \/>\n<meta property=\"og:site_name\" content=\"Gambling6\" \/>\n<meta property=\"article:modified_time\" content=\"2025-11-12T15:59:29+00:00\" \/>\n<meta property=\"og:image\" content=\"https:\/\/gambling6.com\/wp-content\/uploads\/2022\/04\/download-image2.jpg\" \/>\n\t<meta property=\"og:image:width\" content=\"435\" \/>\n\t<meta property=\"og:image:height\" content=\"276\" \/>\n\t<meta property=\"og:image:type\" content=\"image\/jpeg\" \/>\n<meta name=\"twitter:card\" content=\"summary_large_image\" \/>\n<meta name=\"twitter:label1\" content=\"Predpokladan\u00fd \u010das \u010d\u00edtania\" \/>\n\t<meta name=\"twitter:data1\" content=\"6 min\u00fat\" \/>\n<script type=\"application\/ld+json\" class=\"yoast-schema-graph\">{\"@context\":\"https:\\\/\\\/schema.org\",\"@graph\":[{\"@type\":\"WebPage\",\"@id\":\"https:\\\/\\\/gambling6.com\\\/sk\\\/kasino\\\/\",\"url\":\"https:\\\/\\\/gambling6.com\\\/sk\\\/kasino\\\/\",\"name\":\"Za\u010dnite s online hazardn\u00fdmi hrami | Sprievodca online kas\u00ednom\",\"isPartOf\":{\"@id\":\"https:\\\/\\\/gambling6.com\\\/sk\\\/#website\"},\"primaryImageOfPage\":{\"@id\":\"https:\\\/\\\/gambling6.com\\\/sk\\\/kasino\\\/#primaryimage\"},\"image\":{\"@id\":\"https:\\\/\\\/gambling6.com\\\/sk\\\/kasino\\\/#primaryimage\"},\"thumbnailUrl\":\"https:\\\/\\\/gambling6.com\\\/wp-content\\\/uploads\\\/2022\\\/04\\\/download-image2-300x190.jpg\",\"datePublished\":\"2025-11-07T10:23:06+00:00\",\"dateModified\":\"2025-11-12T15:59:29+00:00\",\"description\":\"Priznajme si to \u2013 online kas\u00edno tu zostane. Za\u010dnite hne\u010f teraz \u2013 n\u00e1\u0161 sprievodca online kas\u00ednami v\u00e1m pom\u00f4\u017ee vybra\u0165 si tie najlep\u0161ie str\u00e1nky pre v\u00e1s.\",\"breadcrumb\":{\"@id\":\"https:\\\/\\\/gambling6.com\\\/sk\\\/kasino\\\/#breadcrumb\"},\"inLanguage\":\"sk-SK\",\"potentialAction\":[{\"@type\":\"ReadAction\",\"target\":[\"https:\\\/\\\/gambling6.com\\\/sk\\\/kasino\\\/\"]}]},{\"@type\":\"ImageObject\",\"inLanguage\":\"sk-SK\",\"@id\":\"https:\\\/\\\/gambling6.com\\\/sk\\\/kasino\\\/#primaryimage\",\"url\":\"https:\\\/\\\/gambling6.com\\\/wp-content\\\/uploads\\\/2022\\\/04\\\/download-image2-300x190.jpg\",\"contentUrl\":\"https:\\\/\\\/gambling6.com\\\/wp-content\\\/uploads\\\/2022\\\/04\\\/download-image2-300x190.jpg\"},{\"@type\":\"BreadcrumbList\",\"@id\":\"https:\\\/\\\/gambling6.com\\\/sk\\\/kasino\\\/#breadcrumb\",\"itemListElement\":[{\"@type\":\"ListItem\",\"position\":1,\"name\":\"Home\",\"item\":\"https:\\\/\\\/gambling6.com\\\/sk\\\/home\\\/\"},{\"@type\":\"ListItem\",\"position\":2,\"name\":\"Kas\u00edno\"}]},{\"@type\":\"WebSite\",\"@id\":\"https:\\\/\\\/gambling6.com\\\/sk\\\/#website\",\"url\":\"https:\\\/\\\/gambling6.com\\\/sk\\\/\",\"name\":\"Gambling6\",\"description\":\"\",\"potentialAction\":[{\"@type\":\"SearchAction\",\"target\":{\"@type\":\"EntryPoint\",\"urlTemplate\":\"https:\\\/\\\/gambling6.com\\\/sk\\\/?s={search_term_string}\"},\"query-input\":{\"@type\":\"PropertyValueSpecification\",\"valueRequired\":true,\"valueName\":\"search_term_string\"}}],\"inLanguage\":\"sk-SK\"}]}<\/script>\n<!-- \/ Yoast SEO plugin. -->","yoast_head_json":{"title":"Za\u010dnite s online hazardn\u00fdmi hrami | Sprievodca online kas\u00ednom","description":"Priznajme si to \u2013 online kas\u00edno tu zostane. Za\u010dnite hne\u010f teraz \u2013 n\u00e1\u0161 sprievodca online kas\u00ednami v\u00e1m pom\u00f4\u017ee vybra\u0165 si tie najlep\u0161ie str\u00e1nky pre v\u00e1s.","robots":{"index":"index","follow":"follow","max-snippet":"max-snippet:-1","max-image-preview":"max-image-preview:large","max-video-preview":"max-video-preview:-1"},"canonical":"https:\/\/gambling6.com\/sk\/kasino\/","og_locale":"sk_SK","og_type":"article","og_title":"Za\u010dnite s online hazardn\u00fdmi hrami | Sprievodca online kas\u00ednom","og_description":"Priznajme si to \u2013 online kas\u00edno tu zostane. Za\u010dnite hne\u010f teraz \u2013 n\u00e1\u0161 sprievodca online kas\u00ednami v\u00e1m pom\u00f4\u017ee vybra\u0165 si tie najlep\u0161ie str\u00e1nky pre v\u00e1s.","og_url":"https:\/\/gambling6.com\/sk\/kasino\/","og_site_name":"Gambling6","article_modified_time":"2025-11-12T15:59:29+00:00","og_image":[{"width":435,"height":276,"url":"https:\/\/gambling6.com\/wp-content\/uploads\/2022\/04\/download-image2.jpg","type":"image\/jpeg"}],"twitter_card":"summary_large_image","twitter_misc":{"Predpokladan\u00fd \u010das \u010d\u00edtania":"6 min\u00fat"},"schema":{"@context":"https:\/\/schema.org","@graph":[{"@type":"WebPage","@id":"https:\/\/gambling6.com\/sk\/kasino\/","url":"https:\/\/gambling6.com\/sk\/kasino\/","name":"Za\u010dnite s online hazardn\u00fdmi hrami | Sprievodca online kas\u00ednom","isPartOf":{"@id":"https:\/\/gambling6.com\/sk\/#website"},"primaryImageOfPage":{"@id":"https:\/\/gambling6.com\/sk\/kasino\/#primaryimage"},"image":{"@id":"https:\/\/gambling6.com\/sk\/kasino\/#primaryimage"},"thumbnailUrl":"https:\/\/gambling6.com\/wp-content\/uploads\/2022\/04\/download-image2-300x190.jpg","datePublished":"2025-11-07T10:23:06+00:00","dateModified":"2025-11-12T15:59:29+00:00","description":"Priznajme si to \u2013 online kas\u00edno tu zostane. Za\u010dnite hne\u010f teraz \u2013 n\u00e1\u0161 sprievodca online kas\u00ednami v\u00e1m pom\u00f4\u017ee vybra\u0165 si tie najlep\u0161ie str\u00e1nky pre v\u00e1s.","breadcrumb":{"@id":"https:\/\/gambling6.com\/sk\/kasino\/#breadcrumb"},"inLanguage":"sk-SK","potentialAction":[{"@type":"ReadAction","target":["https:\/\/gambling6.com\/sk\/kasino\/"]}]},{"@type":"ImageObject","inLanguage":"sk-SK","@id":"https:\/\/gambling6.com\/sk\/kasino\/#primaryimage","url":"https:\/\/gambling6.com\/wp-content\/uploads\/2022\/04\/download-image2-300x190.jpg","contentUrl":"https:\/\/gambling6.com\/wp-content\/uploads\/2022\/04\/download-image2-300x190.jpg"},{"@type":"BreadcrumbList","@id":"https:\/\/gambling6.com\/sk\/kasino\/#breadcrumb","itemListElement":[{"@type":"ListItem","position":1,"name":"Home","item":"https:\/\/gambling6.com\/sk\/home\/"},{"@type":"ListItem","position":2,"name":"Kas\u00edno"}]},{"@type":"WebSite","@id":"https:\/\/gambling6.com\/sk\/#website","url":"https:\/\/gambling6.com\/sk\/","name":"Gambling6","description":"","potentialAction":[{"@type":"SearchAction","target":{"@type":"EntryPoint","urlTemplate":"https:\/\/gambling6.com\/sk\/?s={search_term_string}"},"query-input":{"@type":"PropertyValueSpecification","valueRequired":true,"valueName":"search_term_string"}}],"inLanguage":"sk-SK"}]}},"_links":{"self":[{"href":"https:\/\/gambling6.com\/sk\/wp-json\/wp\/v2\/pages\/8328","targetHints":{"allow":["GET"]}}],"collection":[{"href":"https:\/\/gambling6.com\/sk\/wp-json\/wp\/v2\/pages"}],"about":[{"href":"https:\/\/gambling6.com\/sk\/wp-json\/wp\/v2\/types\/page"}],"author":[{"embeddable":true,"href":"https:\/\/gambling6.com\/sk\/wp-json\/wp\/v2\/users\/1"}],"replies":[{"embeddable":true,"href":"https:\/\/gambling6.com\/sk\/wp-json\/wp\/v2\/comments?post=8328"}],"version-history":[{"count":1,"href":"https:\/\/gambling6.com\/sk\/wp-json\/wp\/v2\/pages\/8328\/revisions"}],"predecessor-version":[{"id":10401,"href":"https:\/\/gambling6.com\/sk\/wp-json\/wp\/v2\/pages\/8328\/revisions\/10401"}],"wp:attachment":[{"href":"https:\/\/gambling6.com\/sk\/wp-json\/wp\/v2\/media?parent=8328"}],"curies":[{"name":"wp","href":"https:\/\/api.w.org\/{rel}","templated":true}]}}