{"id":8360,"date":"2025-11-07T12:38:28","date_gmt":"2025-11-07T12:38:28","guid":{"rendered":"https:\/\/gambling6.com\/kasino\/recenzie-kasin\/"},"modified":"2025-11-12T06:49:46","modified_gmt":"2025-11-12T06:49:46","slug":"recenzie-kasin","status":"publish","type":"page","link":"https:\/\/gambling6.com\/sk\/kasino\/recenzie-kasin\/","title":{"rendered":"Recenzie kas\u00edn"},"content":{"rendered":"<h2>Pom\u00e1hame v\u00e1m vybra\u0165 si najlep\u0161iu str\u00e1nku s hazardn\u00fdmi hrami prostredn\u00edctvom na\u0161ich recenzi\u00ed<\/h2>\n<p>Kas\u00ednov\u00e9 webov\u00e9 str\u00e1nky s\u00fa miesta, ktor\u00e9 v\u00e1m pon\u00fakaj\u00fa mo\u017enos\u0165 uzatv\u00e1ra\u0165 st\u00e1vky na kas\u00ednov\u00e9 hry alebo \u0161porty, alebo stavi\u0165 v online pokrovej herni. Online hazardn\u00e9 hry v\u00e1m poskytuj\u00fa pohodlie hrania z domu. M\u00f4\u017eete si vychutna\u0165 vzru\u0161enie zo st\u00e1vkovania na svoje ob\u013e\u00faben\u00e9 \u0161porty bez toho, aby ste opustili pohodlie svojho domova. Popularita online hazardn\u00fdch hier viedla k vzniku mno\u017estva online st\u00e1vkov\u00fdch str\u00e1nok a kas\u00edn. Rovnako ako v ka\u017edom inom odvetv\u00ed, aj online hazardn\u00e9 hry maj\u00fa bezoh\u013eadn\u00fdch prev\u00e1dzkovate\u013eov. Preto je v\u00fdber najlep\u0161ej webovej str\u00e1nky kas\u00edna k\u013e\u00fa\u010dov\u00fd. <strong>Recenzie na\u0161ich kas\u00ednov\u00fdch webov\u00fdch str\u00e1nok v\u00e1m m\u00f4\u017eu pom\u00f4c\u0165 ur\u010di\u0165, \u010di je spo\u013eahliv\u00e9.<\/strong><\/p>\n<p><a href=\"https:\/\/ic.aff-handler.com\/C\/47965?sr=1064399&amp;anid=\" rel=\"nofollow\"><img loading=\"lazy\" decoding=\"async\" class=\"alignright\" src=\"https:\/\/ic.aff-handler.com\/I\/47965?sr=1064399&amp;anid=\" width=\"420\" height=\"84\" \/><\/a><\/p>\n<ul>\n<li><strong>Reput\u00e1cia<\/strong><\/li>\n<\/ul>\n<p>Reput\u00e1cia kas\u00ednov\u00fdch webov\u00fdch str\u00e1nok je prvou a najd\u00f4le\u017eitej\u0161ou vecou, \u200b\u200bktor\u00fa treba h\u013eada\u0165 pred rozhodnut\u00edm. Ke\u010f\u017ee kas\u00edno nem\u00f4\u017eete fyzicky skontrolova\u0165, mus\u00edte sa pri rozhodovan\u00ed, \u010di tam budete hra\u0165 alebo nie, spo\u013eahn\u00fa\u0165 na jeho reput\u00e1ciu. Najlep\u0161ie kas\u00ednov\u00e9 webov\u00e9 str\u00e1nky s\u00fa tie, ktor\u00e9 maj\u00fa dlhoro\u010dn\u00e9 sk\u00fasenosti v tomto odvetv\u00ed a vybudovali si dobr\u00fa reput\u00e1ciu v poskytovan\u00ed vynikaj\u00facich slu\u017eieb z\u00e1kazn\u00edkom.<\/p>\n<ul>\n<li><strong>Licencia<\/strong><\/li>\n<\/ul>\n<p>Spo\u013eahliv\u00e9 webov\u00e9 str\u00e1nky kas\u00edn z\u00edskavaj\u00fa pr\u00edslu\u0161n\u00e9 licencie na prev\u00e1dzkovanie svojich oper\u00e1ci\u00ed. Renomovan\u00e9 hern\u00e9 komisie alebo registrovan\u00e9 hern\u00e9 \u00farady v konkr\u00e9tnych jurisdikci\u00e1ch ude\u013euj\u00fa licencie hazardn\u00fdm str\u00e1nkam po tom, \u010do zabezpe\u010dia, aby webov\u00e1 str\u00e1nka kas\u00edna sp\u013a\u0148ala ur\u010dit\u00e9 \u0161tandardy t\u00fdkaj\u00face sa bezpe\u010dnosti, f\u00e9rovej hernej politiky, v\u00fdplat a z\u00e1kazn\u00edckeho servisu. Spo\u013eahliv\u00e9 hazardn\u00e9 str\u00e1nky t\u00fato licenciu vidite\u013ene zobrazuj\u00fa, ale <strong>dobr\u00e1 recenzia kas\u00edna by v\u00e1m mala tie\u017e poveda\u0165, kde m\u00e1 kas\u00edno licenciu<\/strong>. Jeho syst\u00e9my a procesy s\u00fa tie\u017e auditovan\u00e9 pr\u00edslu\u0161n\u00fdmi org\u00e1nmi a z\u00edskava certifik\u00e1ty. Tieto certifik\u00e1ty si m\u00f4\u017eete pozrie\u0165 na ich webov\u00fdch str\u00e1nkach. V\u00fdber hazardnej str\u00e1nky s licenciou v\u00e1m pom\u00f4\u017ee u\u017ei\u0165 si bezpe\u010dn\u00fd hern\u00fd z\u00e1\u017eitok.<\/p>\n<ul>\n<li><strong>Mo\u017enosti hier<\/strong><\/li>\n<\/ul>\n<p>Kas\u00edno, ktor\u00e9 si chcete vybra\u0165, mus\u00ed pon\u00faka\u0165 \u0161irok\u00fa \u0161k\u00e1lu hier vr\u00e1tane crapsu, rulety, blackjacku, hrac\u00edch automatov, video pokru a stolov\u00fdch hier. Hazardn\u00fd softv\u00e9r pou\u017e\u00edvan\u00fd kas\u00ednovou str\u00e1nkou v\u00e1m pom\u00f4\u017ee pos\u00fadi\u0165 kvalitu hern\u00e9ho z\u00e1\u017eitku. Ak si vyberiete kas\u00edno, ktor\u00e9 pon\u00faka \u0161irok\u00fa \u0161k\u00e1lu hier, v\u00e1\u0161 z\u00e1\u017eitok z online hazardn\u00fdch hier bude pr\u00edjemnej\u0161\u00ed.<\/p>\n<ul>\n<li><strong>Hazardn\u00fd softv\u00e9r<\/strong><\/li>\n<\/ul>\n<p>Najlep\u0161ie online hazardn\u00e9 str\u00e1nky pou\u017e\u00edvaj\u00fa najrobustnej\u0161\u00ed hern\u00fd softv\u00e9r, ktor\u00fd v\u00e1m pon\u00faka prostredie, v ktorom sa budete c\u00edti\u0165 ako v skuto\u010dnom kas\u00edne. Pon\u00faka grafiku a zvuk najvy\u0161\u0161ej kvality. Je u\u017e\u00edvate\u013esky pr\u00edvetiv\u00fd, tak\u017ee si ho m\u00f4\u017eete jednoducho stiahnu\u0165, nain\u0161talova\u0165 a pou\u017e\u00edva\u0165.<\/p>\n<ul>\n<li><strong>Mo\u017enosti vkladu a v\u00fdberu<\/strong><\/li>\n<\/ul>\n<p>Je d\u00f4le\u017eit\u00e9 pre\u010d\u00edta\u0165 si recenzie mo\u017enost\u00ed vkladu a v\u00fdberu, ktor\u00e9 online kas\u00edno poskytuje. Mo\u017enosti by mali by\u0165 vhodn\u00e9 pre va\u0161e potreby. V dne\u0161nej dobe chce ve\u013ea hr\u00e1\u010dov pri hran\u00ed v online kas\u00ednach v\u00e4\u010d\u0161iu bezpe\u010dnos\u0165, tak\u017ee chc\u00fa viac ako jednu mo\u017enos\u0165 vkladu. Najlep\u0161ie hazardn\u00e9 str\u00e1nky pon\u00fakaj\u00fa r\u00f4zne mo\u017enosti, ako s\u00fa kreditn\u00e9 karty, bankov\u00e9 prevody, elektronick\u00e9 pe\u0148a\u017eenky ako Neteller a PayPal a karty ako Ukash a Paysafecard, a dokonca aj platby kryptomenami. Na\u0161e str\u00e1nky s recenziami kas\u00edn poskytuj\u00fa inform\u00e1cie o tom, \u010di m\u00f4\u017eete o\u010dak\u00e1va\u0165 r\u00fdchle a bezprobl\u00e9mov\u00e9 vklady a v\u00fdbery. Kas\u00edno by malo vynalo\u017ei\u0165 \u00fasilie na ochranu va\u0161ich finan\u010dn\u00fdch a osobn\u00fdch \u00fadajov t\u00fdm, \u017ee transakcie uskuto\u010d\u0148uje prostredn\u00edctvom zabezpe\u010den\u00fdch serverov.<\/p>\n<ul>\n<li><strong>Z\u00e1kazn\u00edcka podpora<\/strong><\/li>\n<\/ul>\n<p><span style=\"background-color: transparent;\">Z\u00e1kazn\u00edcka podpora je jednou z najd\u00f4le\u017eitej\u0161\u00edch vec\u00ed, ktor\u00e9 treba zv\u00e1\u017ei\u0165 pred v\u00fdberom <\/span><strong style=\"background-color: transparent;\">webovej str\u00e1nky kas\u00edna.<\/strong><span style=\"background-color: transparent;\"> Najlep\u0161ia str\u00e1nka pon\u00faka priate\u013esk\u00fa z\u00e1kazn\u00edcku podporu prostredn\u00edctvom telef\u00f3nu, e-mailu a \u017eiv\u00e9ho chatu 24 hod\u00edn denne, 7 dn\u00ed v t\u00fd\u017edni.<\/span><\/p>\n<p>V pr\u00edpade pochybnost\u00ed si vyberte popredn\u00e9 kas\u00edno, ako je 888 Casino \u2013 postaraj\u00fa sa o v\u0161etko, \u010do sa t\u00fdka v\u00e1\u0161ho hazardu. <a class=\"thirstylink\" title=\"888 casino en\" href=\"https:\/\/gambling6.com\/go\/888-casino-en\/\" target=\"_blank\" rel=\"nofollow noopener\">Kliknite sem a nav\u0161t\u00edvte 888 e\u0161te dnes.<\/a><\/p>\n","protected":false},"excerpt":{"rendered":"<p>Pom\u00e1hame v\u00e1m vybra\u0165 si najlep\u0161iu str\u00e1nku s hazardn\u00fdmi hrami prostredn\u00edctvom na\u0161ich recenzi\u00ed Kas\u00ednov\u00e9 webov\u00e9 str\u00e1nky s\u00fa miesta, ktor\u00e9 v\u00e1m pon\u00fakaj\u00fa mo\u017enos\u0165 uzatv\u00e1ra\u0165 st\u00e1vky na kas\u00ednov\u00e9 hry alebo \u0161porty, alebo stavi\u0165 v online pokrovej herni. Online hazardn\u00e9 hry v\u00e1m poskytuj\u00fa pohodlie hrania z domu. M\u00f4\u017eete si vychutna\u0165 vzru\u0161enie zo st\u00e1vkovania na svoje ob\u013e\u00faben\u00e9 \u0161porty bez toho, [&hellip;]<\/p>\n","protected":false},"author":1,"featured_media":0,"parent":8328,"menu_order":0,"comment_status":"closed","ping_status":"closed","template":"","meta":{"footnotes":""},"class_list":["post-8360","page","type-page","status-publish","hentry"],"yoast_head":"<!-- This site is optimized with the Yoast SEO plugin v27.4 - https:\/\/yoast.com\/product\/yoast-seo-wordpress\/ -->\n<title>Recenzie a testy odpor\u00fa\u010dan\u00fdch webov\u00fdch str\u00e1nok online kas\u00edn<\/title>\n<meta name=\"description\" content=\"Na\u0161e recenzie webov\u00fdch str\u00e1nok kas\u00edn v\u00e1m poskytn\u00fa predstavu o tom, na \u010do sa zamera\u0165 pri h\u013eadan\u00ed najlep\u0161\u00edch online kas\u00ednov\u00fdch str\u00e1nok.\" \/>\n<meta name=\"robots\" content=\"index, follow, max-snippet:-1, max-image-preview:large, max-video-preview:-1\" \/>\n<link rel=\"canonical\" href=\"https:\/\/gambling6.com\/sk\/kasino\/recenzie-kasin\/\" \/>\n<meta property=\"og:locale\" content=\"sk_SK\" \/>\n<meta property=\"og:type\" content=\"article\" \/>\n<meta property=\"og:title\" content=\"Recenzie a testy odpor\u00fa\u010dan\u00fdch webov\u00fdch str\u00e1nok online kas\u00edn\" \/>\n<meta property=\"og:description\" content=\"Na\u0161e recenzie webov\u00fdch str\u00e1nok kas\u00edn v\u00e1m poskytn\u00fa predstavu o tom, na \u010do sa zamera\u0165 pri h\u013eadan\u00ed najlep\u0161\u00edch online kas\u00ednov\u00fdch str\u00e1nok.\" \/>\n<meta property=\"og:url\" content=\"https:\/\/gambling6.com\/sk\/kasino\/recenzie-kasin\/\" \/>\n<meta property=\"og:site_name\" content=\"Gambling6\" \/>\n<meta property=\"article:modified_time\" content=\"2025-11-12T06:49:46+00:00\" \/>\n<meta property=\"og:image\" content=\"https:\/\/ic.aff-handler.com\/I\/47965?sr=1064399&amp;anid=\" \/>\n<meta name=\"twitter:card\" content=\"summary_large_image\" \/>\n<meta name=\"twitter:label1\" content=\"Predpokladan\u00fd \u010das \u010d\u00edtania\" \/>\n\t<meta name=\"twitter:data1\" content=\"4 min\u00faty\" \/>\n<script type=\"application\/ld+json\" class=\"yoast-schema-graph\">{\"@context\":\"https:\\\/\\\/schema.org\",\"@graph\":[{\"@type\":\"WebPage\",\"@id\":\"https:\\\/\\\/gambling6.com\\\/sk\\\/kasino\\\/recenzie-kasin\\\/\",\"url\":\"https:\\\/\\\/gambling6.com\\\/sk\\\/kasino\\\/recenzie-kasin\\\/\",\"name\":\"Recenzie a testy odpor\u00fa\u010dan\u00fdch webov\u00fdch str\u00e1nok online kas\u00edn\",\"isPartOf\":{\"@id\":\"https:\\\/\\\/gambling6.com\\\/sk\\\/#website\"},\"primaryImageOfPage\":{\"@id\":\"https:\\\/\\\/gambling6.com\\\/sk\\\/kasino\\\/recenzie-kasin\\\/#primaryimage\"},\"image\":{\"@id\":\"https:\\\/\\\/gambling6.com\\\/sk\\\/kasino\\\/recenzie-kasin\\\/#primaryimage\"},\"thumbnailUrl\":\"https:\\\/\\\/ic.aff-handler.com\\\/I\\\/47965?sr=1064399&amp;anid=\",\"datePublished\":\"2025-11-07T12:38:28+00:00\",\"dateModified\":\"2025-11-12T06:49:46+00:00\",\"description\":\"Na\u0161e recenzie webov\u00fdch str\u00e1nok kas\u00edn v\u00e1m poskytn\u00fa predstavu o tom, na \u010do sa zamera\u0165 pri h\u013eadan\u00ed najlep\u0161\u00edch online kas\u00ednov\u00fdch str\u00e1nok.\",\"breadcrumb\":{\"@id\":\"https:\\\/\\\/gambling6.com\\\/sk\\\/kasino\\\/recenzie-kasin\\\/#breadcrumb\"},\"inLanguage\":\"sk-SK\",\"potentialAction\":[{\"@type\":\"ReadAction\",\"target\":[\"https:\\\/\\\/gambling6.com\\\/sk\\\/kasino\\\/recenzie-kasin\\\/\"]}]},{\"@type\":\"ImageObject\",\"inLanguage\":\"sk-SK\",\"@id\":\"https:\\\/\\\/gambling6.com\\\/sk\\\/kasino\\\/recenzie-kasin\\\/#primaryimage\",\"url\":\"https:\\\/\\\/ic.aff-handler.com\\\/I\\\/47965?sr=1064399&amp;anid=\",\"contentUrl\":\"https:\\\/\\\/ic.aff-handler.com\\\/I\\\/47965?sr=1064399&amp;anid=\"},{\"@type\":\"BreadcrumbList\",\"@id\":\"https:\\\/\\\/gambling6.com\\\/sk\\\/kasino\\\/recenzie-kasin\\\/#breadcrumb\",\"itemListElement\":[{\"@type\":\"ListItem\",\"position\":1,\"name\":\"Home\",\"item\":\"https:\\\/\\\/gambling6.com\\\/sk\\\/home\\\/\"},{\"@type\":\"ListItem\",\"position\":2,\"name\":\"Kas\u00edno\",\"item\":\"https:\\\/\\\/gambling6.com\\\/sk\\\/get-started-with-online-gambling\\\/\"},{\"@type\":\"ListItem\",\"position\":3,\"name\":\"Recenzie kas\u00edn\"}]},{\"@type\":\"WebSite\",\"@id\":\"https:\\\/\\\/gambling6.com\\\/sk\\\/#website\",\"url\":\"https:\\\/\\\/gambling6.com\\\/sk\\\/\",\"name\":\"Gambling6\",\"description\":\"\",\"potentialAction\":[{\"@type\":\"SearchAction\",\"target\":{\"@type\":\"EntryPoint\",\"urlTemplate\":\"https:\\\/\\\/gambling6.com\\\/sk\\\/?s={search_term_string}\"},\"query-input\":{\"@type\":\"PropertyValueSpecification\",\"valueRequired\":true,\"valueName\":\"search_term_string\"}}],\"inLanguage\":\"sk-SK\"}]}<\/script>\n<!-- \/ Yoast SEO plugin. -->","yoast_head_json":{"title":"Recenzie a testy odpor\u00fa\u010dan\u00fdch webov\u00fdch str\u00e1nok online kas\u00edn","description":"Na\u0161e recenzie webov\u00fdch str\u00e1nok kas\u00edn v\u00e1m poskytn\u00fa predstavu o tom, na \u010do sa zamera\u0165 pri h\u013eadan\u00ed najlep\u0161\u00edch online kas\u00ednov\u00fdch str\u00e1nok.","robots":{"index":"index","follow":"follow","max-snippet":"max-snippet:-1","max-image-preview":"max-image-preview:large","max-video-preview":"max-video-preview:-1"},"canonical":"https:\/\/gambling6.com\/sk\/kasino\/recenzie-kasin\/","og_locale":"sk_SK","og_type":"article","og_title":"Recenzie a testy odpor\u00fa\u010dan\u00fdch webov\u00fdch str\u00e1nok online kas\u00edn","og_description":"Na\u0161e recenzie webov\u00fdch str\u00e1nok kas\u00edn v\u00e1m poskytn\u00fa predstavu o tom, na \u010do sa zamera\u0165 pri h\u013eadan\u00ed najlep\u0161\u00edch online kas\u00ednov\u00fdch str\u00e1nok.","og_url":"https:\/\/gambling6.com\/sk\/kasino\/recenzie-kasin\/","og_site_name":"Gambling6","article_modified_time":"2025-11-12T06:49:46+00:00","og_image":[{"url":"https:\/\/ic.aff-handler.com\/I\/47965?sr=1064399&amp;anid=","type":"","width":"","height":""}],"twitter_card":"summary_large_image","twitter_misc":{"Predpokladan\u00fd \u010das \u010d\u00edtania":"4 min\u00faty"},"schema":{"@context":"https:\/\/schema.org","@graph":[{"@type":"WebPage","@id":"https:\/\/gambling6.com\/sk\/kasino\/recenzie-kasin\/","url":"https:\/\/gambling6.com\/sk\/kasino\/recenzie-kasin\/","name":"Recenzie a testy odpor\u00fa\u010dan\u00fdch webov\u00fdch str\u00e1nok online kas\u00edn","isPartOf":{"@id":"https:\/\/gambling6.com\/sk\/#website"},"primaryImageOfPage":{"@id":"https:\/\/gambling6.com\/sk\/kasino\/recenzie-kasin\/#primaryimage"},"image":{"@id":"https:\/\/gambling6.com\/sk\/kasino\/recenzie-kasin\/#primaryimage"},"thumbnailUrl":"https:\/\/ic.aff-handler.com\/I\/47965?sr=1064399&amp;anid=","datePublished":"2025-11-07T12:38:28+00:00","dateModified":"2025-11-12T06:49:46+00:00","description":"Na\u0161e recenzie webov\u00fdch str\u00e1nok kas\u00edn v\u00e1m poskytn\u00fa predstavu o tom, na \u010do sa zamera\u0165 pri h\u013eadan\u00ed najlep\u0161\u00edch online kas\u00ednov\u00fdch str\u00e1nok.","breadcrumb":{"@id":"https:\/\/gambling6.com\/sk\/kasino\/recenzie-kasin\/#breadcrumb"},"inLanguage":"sk-SK","potentialAction":[{"@type":"ReadAction","target":["https:\/\/gambling6.com\/sk\/kasino\/recenzie-kasin\/"]}]},{"@type":"ImageObject","inLanguage":"sk-SK","@id":"https:\/\/gambling6.com\/sk\/kasino\/recenzie-kasin\/#primaryimage","url":"https:\/\/ic.aff-handler.com\/I\/47965?sr=1064399&amp;anid=","contentUrl":"https:\/\/ic.aff-handler.com\/I\/47965?sr=1064399&amp;anid="},{"@type":"BreadcrumbList","@id":"https:\/\/gambling6.com\/sk\/kasino\/recenzie-kasin\/#breadcrumb","itemListElement":[{"@type":"ListItem","position":1,"name":"Home","item":"https:\/\/gambling6.com\/sk\/home\/"},{"@type":"ListItem","position":2,"name":"Kas\u00edno","item":"https:\/\/gambling6.com\/sk\/get-started-with-online-gambling\/"},{"@type":"ListItem","position":3,"name":"Recenzie kas\u00edn"}]},{"@type":"WebSite","@id":"https:\/\/gambling6.com\/sk\/#website","url":"https:\/\/gambling6.com\/sk\/","name":"Gambling6","description":"","potentialAction":[{"@type":"SearchAction","target":{"@type":"EntryPoint","urlTemplate":"https:\/\/gambling6.com\/sk\/?s={search_term_string}"},"query-input":{"@type":"PropertyValueSpecification","valueRequired":true,"valueName":"search_term_string"}}],"inLanguage":"sk-SK"}]}},"_links":{"self":[{"href":"https:\/\/gambling6.com\/sk\/wp-json\/wp\/v2\/pages\/8360","targetHints":{"allow":["GET"]}}],"collection":[{"href":"https:\/\/gambling6.com\/sk\/wp-json\/wp\/v2\/pages"}],"about":[{"href":"https:\/\/gambling6.com\/sk\/wp-json\/wp\/v2\/types\/page"}],"author":[{"embeddable":true,"href":"https:\/\/gambling6.com\/sk\/wp-json\/wp\/v2\/users\/1"}],"replies":[{"embeddable":true,"href":"https:\/\/gambling6.com\/sk\/wp-json\/wp\/v2\/comments?post=8360"}],"version-history":[{"count":1,"href":"https:\/\/gambling6.com\/sk\/wp-json\/wp\/v2\/pages\/8360\/revisions"}],"predecessor-version":[{"id":10381,"href":"https:\/\/gambling6.com\/sk\/wp-json\/wp\/v2\/pages\/8360\/revisions\/10381"}],"up":[{"embeddable":true,"href":"https:\/\/gambling6.com\/sk\/wp-json\/wp\/v2\/pages\/8328"}],"wp:attachment":[{"href":"https:\/\/gambling6.com\/sk\/wp-json\/wp\/v2\/media?parent=8360"}],"curies":[{"name":"wp","href":"https:\/\/api.w.org\/{rel}","templated":true}]}}