{"id":8384,"date":"2025-11-07T14:01:11","date_gmt":"2025-11-07T14:01:11","guid":{"rendered":"https:\/\/gambling6.com\/kasino\/online-kasina-vs-kamenne-kasina\/"},"modified":"2025-11-07T14:01:11","modified_gmt":"2025-11-07T14:01:11","slug":"online-kasina-vs-kamenne-kasina","status":"publish","type":"page","link":"https:\/\/gambling6.com\/sk\/kasino\/online-kasina-vs-kamenne-kasina\/","title":{"rendered":"Online kas\u00edna vs. kamenn\u00e9 kas\u00edna"},"content":{"rendered":"<h2>\u017div\u00e9 alebo online kas\u00edna<\/h2>\n<h3>Ka\u017ed\u00fd typ m\u00e1 nie\u010do, \u010do sa hr\u00e1\u010dom p\u00e1\u010di<\/h3>\n<p><img loading=\"lazy\" decoding=\"async\" class=\" wp-image-332 alignright\" src=\"https:\/\/gambling6.com\/wp-content\/uploads\/2013\/12\/phil_ivey-247x300.jpg\" alt=\"\u017eiv\u00e9 kas\u00edno\" width=\"175\" height=\"213\" srcset=\"https:\/\/gambling6.com\/wp-content\/uploads\/2013\/12\/phil_ivey-247x300.jpg 247w, https:\/\/gambling6.com\/wp-content\/uploads\/2013\/12\/phil_ivey.jpg 250w\" sizes=\"auto, (max-width: 175px) 100vw, 175px\" \/>Hr\u00e1\u010di v kas\u00edne by mali hra\u0165 svoje ob\u013e\u00faben\u00e9 hry sp\u00f4sobom, ktor\u00fd im vyhovuje a zodpoved\u00e1 ich osobnosti. Niektor\u00ed hr\u00e1\u010di v\u017edy uprednostnia hranie v kamenn\u00fdch kas\u00ednach, preto\u017ee sa im p\u00e1\u010di atmosf\u00e9ra. Radi sa hraj\u00fa s ostatn\u00fdmi hr\u00e1\u010dmi, radi sa stret\u00e1vaj\u00fa s davmi a hlukom.<\/p>\n<p>In\u00ed hr\u00e1\u010di v kas\u00edne v\u0161ak uprednost\u0148uj\u00fa predstavu hrania v tichom, relaxa\u010dnom prostred\u00ed, kde maj\u00fa pln\u00fa kontrolu. T\u00edto hr\u00e1\u010di maj\u00fa tendenciu inklinova\u0165 k online kas\u00ednam. Bez oh\u013eadu na to, ako si hr\u00e1\u010d chce u\u017ei\u0165 svoje hry, existuje nie\u010do, \u010di u\u017e ide o kamenn\u00e9 alebo online kas\u00edna.<\/p>\n<h3>Tu s\u00fa v\u00fdznamn\u00e9 rozdiely medzi online kas\u00ednami a kamenn\u00fdmi kas\u00ednami:<\/h3>\n<ul>\n<li>Online a kamenn\u00e9 kas\u00edna sa samozrejme nach\u00e1dzaj\u00fa v \u00faplne odli\u0161nom prostred\u00ed. Kamenn\u00e9 kas\u00edno je tak\u00e9, kde sa hr\u00e1\u010di m\u00f4\u017eu c\u00edti\u0165 a by\u0165 fyzicky jeho s\u00fa\u010das\u0165ou. Online kas\u00edna sa hraj\u00fa na internete, \u010do znamen\u00e1, \u017ee hr\u00e1\u010di si m\u00f4\u017eu zahra\u0165 hry, ktor\u00e9 chc\u00fa, odkia\u013eko\u013evek si vyber\u00fa. Toto miesto m\u00f4\u017ee by\u0165 ich domov, kancel\u00e1ria alebo kdeko\u013evek, pokia\u013e sa m\u00f4\u017eu pripoji\u0165 na internet.<\/li>\n<li>Kamenn\u00e9 kas\u00edna bud\u00fa ma\u0165 hr\u00e1\u010dske kluby, ktor\u00e9 hr\u00e1\u010dom umo\u017e\u0148uj\u00fa z\u00edskava\u0165 odmeny. Odmeny sa bud\u00fa l\u00ed\u0161i\u0165 v z\u00e1vislosti od kas\u00edna. Online hazardn\u00e9 str\u00e1nky maj\u00fa tie\u017e svoje verzie t\u00fdchto klubov, ktor\u00e9 sa ozna\u010duj\u00fa ako VIP programy. Mnoho hr\u00e1\u010dov v kas\u00ednach v\u0161ak zis\u0165uje, \u017ee online kas\u00edna b\u00fdvaj\u00fa \u0161tedrej\u0161ie, preto\u017ee neplatia rovnak\u00e9 n\u00e1klady ako kamenn\u00e9 kas\u00edna.<\/li>\n<li>Zatia\u013e \u010do kamenn\u00e9 kas\u00edna pon\u00fakaj\u00fa hr\u00e1\u010dom mo\u017enos\u0165 hra\u0165 takmer ak\u00fako\u013evek kas\u00ednov\u00fa hru, ktor\u00fa chc\u00fa, hr\u00e1\u010di sa st\u00e1le stretn\u00fa s situ\u00e1ciami, ke\u010f nebud\u00fa chcie\u0165 prejs\u0165 cel\u00e9 kas\u00edno, aby sa dostali z hry do hry. Taktie\u017e sa n\u00e1jdu situ\u00e1cie, ke\u010f si bud\u00fa chcie\u0165 zahra\u0165 konkr\u00e9tnu hru, ale nebude k dispoz\u00edcii vo\u013en\u00e9 miesto. Online kas\u00edna v\u0161ak hr\u00e1\u010dom umo\u017e\u0148uj\u00fa hra\u0165 hry, ktor\u00e9 chc\u00fa, kedyko\u013evek, bez toho, aby museli chodi\u0165 alebo \u010daka\u0165 na miesto.<\/li>\n<li>Kamenn\u00e9 kas\u00edna m\u00f4\u017eu by\u0165 pre nov\u00fdch hr\u00e1\u010dov zastra\u0161uj\u00face a \u010dasto im ch\u00fdbaj\u00fa bezplatn\u00e9 zdroje, ktor\u00e9 im m\u00f4\u017eu pom\u00f4c\u0165 nau\u010di\u0165 sa hry a r\u00f4zne strat\u00e9gie. Online kas\u00edna umo\u017e\u0148uj\u00fa hr\u00e1\u010dom hra\u0165 v prostred\u00ed, v ktorom sa c\u00edtia menej zastra\u0161ovan\u00ed, a pon\u00fakaj\u00fa mno\u017estvo bezplatn\u00e9ho obsahu, ktor\u00fd ich prevedie r\u00f4znymi aspektmi hrania kas\u00ednov\u00fdch hier online.<\/li>\n<\/ul>\n<p>Ka\u017ed\u00fd, kto si mysl\u00ed, \u017ee online kas\u00edna by mohli by\u0165 pre neho vhodn\u00e9, by mal za\u010da\u0165 t\u00fdm, \u017ee sa dozvie v\u0161etko o kas\u00ednach s podporou Microgamingu. Najlep\u0161ie z nich je nepochybne 888 Casino, ktor\u00e9 m\u00f4\u017eete nav\u0161t\u00edvi\u0165 kliknut\u00edm na banner ni\u017e\u0161ie.<br \/>\n<a href=\"https:\/\/ic.aff-handler.com\/C\/45871?sr=1064399&amp;anid=\" rel=\"nofollow\"><img loading=\"lazy\" decoding=\"async\" class=\"aligncenter\" src=\"https:\/\/ic.aff-handler.com\/I\/45871?sr=1064399&amp;anid=\" width=\"725\" height=\"93\" \/><\/a><br \/>\nAk ste obyvate\u013eom USA, va\u0161ou najlep\u0161ou vo\u013ebou by bol BetOnline pre v\u0161eobecn\u00e9 kas\u00ednov\u00e9 hry alebo pre online poker.<br \/>\n<img loading=\"lazy\" decoding=\"async\" class=\"wp-image-7875 aligncenter\" src=\"https:\/\/gambling6.com\/wp-content\/uploads\/2025\/10\/BOL_AQC_banner_468x60_FS1_casino-300x38.gif\" alt=\"Kas\u00edno BetOnline\" width=\"694\" height=\"88\" \/><\/p>\n","protected":false},"excerpt":{"rendered":"<p>\u017div\u00e9 alebo online kas\u00edna Ka\u017ed\u00fd typ m\u00e1 nie\u010do, \u010do sa hr\u00e1\u010dom p\u00e1\u010di Hr\u00e1\u010di v kas\u00edne by mali hra\u0165 svoje ob\u013e\u00faben\u00e9 hry sp\u00f4sobom, ktor\u00fd im vyhovuje a zodpoved\u00e1 ich osobnosti. Niektor\u00ed hr\u00e1\u010di v\u017edy uprednostnia hranie v kamenn\u00fdch kas\u00ednach, preto\u017ee sa im p\u00e1\u010di atmosf\u00e9ra. Radi sa hraj\u00fa s ostatn\u00fdmi hr\u00e1\u010dmi, radi sa stret\u00e1vaj\u00fa s davmi a hlukom. [&hellip;]<\/p>\n","protected":false},"author":1,"featured_media":0,"parent":8328,"menu_order":28,"comment_status":"closed","ping_status":"closed","template":"","meta":{"footnotes":""},"class_list":["post-8384","page","type-page","status-publish","hentry"],"yoast_head":"<!-- This site is optimized with the Yoast SEO plugin v27.4 - https:\/\/yoast.com\/product\/yoast-seo-wordpress\/ -->\n<title>Porovnanie kamenn\u00fdch a online kas\u00edn<\/title>\n<meta name=\"description\" content=\"Online kas\u00edna aj kamenn\u00e9 kas\u00edna poskytuj\u00fa hr\u00e1\u010dom skvel\u00fd \u010das a ve\u013ea pr\u00edle\u017eitost\u00ed.\" \/>\n<meta name=\"robots\" content=\"index, follow, max-snippet:-1, max-image-preview:large, max-video-preview:-1\" \/>\n<link rel=\"canonical\" href=\"https:\/\/gambling6.com\/sk\/kasino\/online-kasina-vs-kamenne-kasina\/\" \/>\n<meta property=\"og:locale\" content=\"sk_SK\" \/>\n<meta property=\"og:type\" content=\"article\" \/>\n<meta property=\"og:title\" content=\"Porovnanie kamenn\u00fdch a online kas\u00edn\" \/>\n<meta property=\"og:description\" content=\"Online kas\u00edna aj kamenn\u00e9 kas\u00edna poskytuj\u00fa hr\u00e1\u010dom skvel\u00fd \u010das a ve\u013ea pr\u00edle\u017eitost\u00ed.\" \/>\n<meta property=\"og:url\" content=\"https:\/\/gambling6.com\/sk\/kasino\/online-kasina-vs-kamenne-kasina\/\" \/>\n<meta property=\"og:site_name\" content=\"Gambling6\" \/>\n<meta property=\"og:image\" content=\"https:\/\/gambling6.com\/wp-content\/uploads\/2013\/12\/phil_ivey.jpg\" \/>\n\t<meta property=\"og:image:width\" content=\"250\" \/>\n\t<meta property=\"og:image:height\" content=\"304\" \/>\n\t<meta property=\"og:image:type\" content=\"image\/jpeg\" \/>\n<meta name=\"twitter:card\" content=\"summary_large_image\" \/>\n<meta name=\"twitter:label1\" content=\"Predpokladan\u00fd \u010das \u010d\u00edtania\" \/>\n\t<meta name=\"twitter:data1\" content=\"3 min\u00faty\" \/>\n<script type=\"application\/ld+json\" class=\"yoast-schema-graph\">{\"@context\":\"https:\\\/\\\/schema.org\",\"@graph\":[{\"@type\":\"WebPage\",\"@id\":\"https:\\\/\\\/gambling6.com\\\/sk\\\/kasino\\\/online-kasina-vs-kamenne-kasina\\\/\",\"url\":\"https:\\\/\\\/gambling6.com\\\/sk\\\/kasino\\\/online-kasina-vs-kamenne-kasina\\\/\",\"name\":\"Porovnanie kamenn\u00fdch a online kas\u00edn\",\"isPartOf\":{\"@id\":\"https:\\\/\\\/gambling6.com\\\/sk\\\/#website\"},\"primaryImageOfPage\":{\"@id\":\"https:\\\/\\\/gambling6.com\\\/sk\\\/kasino\\\/online-kasina-vs-kamenne-kasina\\\/#primaryimage\"},\"image\":{\"@id\":\"https:\\\/\\\/gambling6.com\\\/sk\\\/kasino\\\/online-kasina-vs-kamenne-kasina\\\/#primaryimage\"},\"thumbnailUrl\":\"https:\\\/\\\/gambling6.com\\\/wp-content\\\/uploads\\\/2013\\\/12\\\/phil_ivey-247x300.jpg\",\"datePublished\":\"2025-11-07T14:01:11+00:00\",\"description\":\"Online kas\u00edna aj kamenn\u00e9 kas\u00edna poskytuj\u00fa hr\u00e1\u010dom skvel\u00fd \u010das a ve\u013ea pr\u00edle\u017eitost\u00ed.\",\"breadcrumb\":{\"@id\":\"https:\\\/\\\/gambling6.com\\\/sk\\\/kasino\\\/online-kasina-vs-kamenne-kasina\\\/#breadcrumb\"},\"inLanguage\":\"sk-SK\",\"potentialAction\":[{\"@type\":\"ReadAction\",\"target\":[\"https:\\\/\\\/gambling6.com\\\/sk\\\/kasino\\\/online-kasina-vs-kamenne-kasina\\\/\"]}]},{\"@type\":\"ImageObject\",\"inLanguage\":\"sk-SK\",\"@id\":\"https:\\\/\\\/gambling6.com\\\/sk\\\/kasino\\\/online-kasina-vs-kamenne-kasina\\\/#primaryimage\",\"url\":\"https:\\\/\\\/gambling6.com\\\/wp-content\\\/uploads\\\/2013\\\/12\\\/phil_ivey-247x300.jpg\",\"contentUrl\":\"https:\\\/\\\/gambling6.com\\\/wp-content\\\/uploads\\\/2013\\\/12\\\/phil_ivey-247x300.jpg\"},{\"@type\":\"BreadcrumbList\",\"@id\":\"https:\\\/\\\/gambling6.com\\\/sk\\\/kasino\\\/online-kasina-vs-kamenne-kasina\\\/#breadcrumb\",\"itemListElement\":[{\"@type\":\"ListItem\",\"position\":1,\"name\":\"Home\",\"item\":\"https:\\\/\\\/gambling6.com\\\/sk\\\/home\\\/\"},{\"@type\":\"ListItem\",\"position\":2,\"name\":\"Kas\u00edno\",\"item\":\"https:\\\/\\\/gambling6.com\\\/sk\\\/get-started-with-online-gambling\\\/\"},{\"@type\":\"ListItem\",\"position\":3,\"name\":\"Online kas\u00edna vs. kamenn\u00e9 kas\u00edna\"}]},{\"@type\":\"WebSite\",\"@id\":\"https:\\\/\\\/gambling6.com\\\/sk\\\/#website\",\"url\":\"https:\\\/\\\/gambling6.com\\\/sk\\\/\",\"name\":\"Gambling6\",\"description\":\"\",\"potentialAction\":[{\"@type\":\"SearchAction\",\"target\":{\"@type\":\"EntryPoint\",\"urlTemplate\":\"https:\\\/\\\/gambling6.com\\\/sk\\\/?s={search_term_string}\"},\"query-input\":{\"@type\":\"PropertyValueSpecification\",\"valueRequired\":true,\"valueName\":\"search_term_string\"}}],\"inLanguage\":\"sk-SK\"}]}<\/script>\n<!-- \/ Yoast SEO plugin. -->","yoast_head_json":{"title":"Porovnanie kamenn\u00fdch a online kas\u00edn","description":"Online kas\u00edna aj kamenn\u00e9 kas\u00edna poskytuj\u00fa hr\u00e1\u010dom skvel\u00fd \u010das a ve\u013ea pr\u00edle\u017eitost\u00ed.","robots":{"index":"index","follow":"follow","max-snippet":"max-snippet:-1","max-image-preview":"max-image-preview:large","max-video-preview":"max-video-preview:-1"},"canonical":"https:\/\/gambling6.com\/sk\/kasino\/online-kasina-vs-kamenne-kasina\/","og_locale":"sk_SK","og_type":"article","og_title":"Porovnanie kamenn\u00fdch a online kas\u00edn","og_description":"Online kas\u00edna aj kamenn\u00e9 kas\u00edna poskytuj\u00fa hr\u00e1\u010dom skvel\u00fd \u010das a ve\u013ea pr\u00edle\u017eitost\u00ed.","og_url":"https:\/\/gambling6.com\/sk\/kasino\/online-kasina-vs-kamenne-kasina\/","og_site_name":"Gambling6","og_image":[{"width":250,"height":304,"url":"https:\/\/gambling6.com\/wp-content\/uploads\/2013\/12\/phil_ivey.jpg","type":"image\/jpeg"}],"twitter_card":"summary_large_image","twitter_misc":{"Predpokladan\u00fd \u010das \u010d\u00edtania":"3 min\u00faty"},"schema":{"@context":"https:\/\/schema.org","@graph":[{"@type":"WebPage","@id":"https:\/\/gambling6.com\/sk\/kasino\/online-kasina-vs-kamenne-kasina\/","url":"https:\/\/gambling6.com\/sk\/kasino\/online-kasina-vs-kamenne-kasina\/","name":"Porovnanie kamenn\u00fdch a online kas\u00edn","isPartOf":{"@id":"https:\/\/gambling6.com\/sk\/#website"},"primaryImageOfPage":{"@id":"https:\/\/gambling6.com\/sk\/kasino\/online-kasina-vs-kamenne-kasina\/#primaryimage"},"image":{"@id":"https:\/\/gambling6.com\/sk\/kasino\/online-kasina-vs-kamenne-kasina\/#primaryimage"},"thumbnailUrl":"https:\/\/gambling6.com\/wp-content\/uploads\/2013\/12\/phil_ivey-247x300.jpg","datePublished":"2025-11-07T14:01:11+00:00","description":"Online kas\u00edna aj kamenn\u00e9 kas\u00edna poskytuj\u00fa hr\u00e1\u010dom skvel\u00fd \u010das a ve\u013ea pr\u00edle\u017eitost\u00ed.","breadcrumb":{"@id":"https:\/\/gambling6.com\/sk\/kasino\/online-kasina-vs-kamenne-kasina\/#breadcrumb"},"inLanguage":"sk-SK","potentialAction":[{"@type":"ReadAction","target":["https:\/\/gambling6.com\/sk\/kasino\/online-kasina-vs-kamenne-kasina\/"]}]},{"@type":"ImageObject","inLanguage":"sk-SK","@id":"https:\/\/gambling6.com\/sk\/kasino\/online-kasina-vs-kamenne-kasina\/#primaryimage","url":"https:\/\/gambling6.com\/wp-content\/uploads\/2013\/12\/phil_ivey-247x300.jpg","contentUrl":"https:\/\/gambling6.com\/wp-content\/uploads\/2013\/12\/phil_ivey-247x300.jpg"},{"@type":"BreadcrumbList","@id":"https:\/\/gambling6.com\/sk\/kasino\/online-kasina-vs-kamenne-kasina\/#breadcrumb","itemListElement":[{"@type":"ListItem","position":1,"name":"Home","item":"https:\/\/gambling6.com\/sk\/home\/"},{"@type":"ListItem","position":2,"name":"Kas\u00edno","item":"https:\/\/gambling6.com\/sk\/get-started-with-online-gambling\/"},{"@type":"ListItem","position":3,"name":"Online kas\u00edna vs. kamenn\u00e9 kas\u00edna"}]},{"@type":"WebSite","@id":"https:\/\/gambling6.com\/sk\/#website","url":"https:\/\/gambling6.com\/sk\/","name":"Gambling6","description":"","potentialAction":[{"@type":"SearchAction","target":{"@type":"EntryPoint","urlTemplate":"https:\/\/gambling6.com\/sk\/?s={search_term_string}"},"query-input":{"@type":"PropertyValueSpecification","valueRequired":true,"valueName":"search_term_string"}}],"inLanguage":"sk-SK"}]}},"_links":{"self":[{"href":"https:\/\/gambling6.com\/sk\/wp-json\/wp\/v2\/pages\/8384","targetHints":{"allow":["GET"]}}],"collection":[{"href":"https:\/\/gambling6.com\/sk\/wp-json\/wp\/v2\/pages"}],"about":[{"href":"https:\/\/gambling6.com\/sk\/wp-json\/wp\/v2\/types\/page"}],"author":[{"embeddable":true,"href":"https:\/\/gambling6.com\/sk\/wp-json\/wp\/v2\/users\/1"}],"replies":[{"embeddable":true,"href":"https:\/\/gambling6.com\/sk\/wp-json\/wp\/v2\/comments?post=8384"}],"version-history":[{"count":0,"href":"https:\/\/gambling6.com\/sk\/wp-json\/wp\/v2\/pages\/8384\/revisions"}],"up":[{"embeddable":true,"href":"https:\/\/gambling6.com\/sk\/wp-json\/wp\/v2\/pages\/8328"}],"wp:attachment":[{"href":"https:\/\/gambling6.com\/sk\/wp-json\/wp\/v2\/media?parent=8384"}],"curies":[{"name":"wp","href":"https:\/\/api.w.org\/{rel}","templated":true}]}}