{"id":8469,"date":"2025-11-07T18:09:57","date_gmt":"2025-11-07T18:09:57","guid":{"rendered":"https:\/\/gambling6.com\/tipy-na-bingo-ktore-su-najlepsie-webove-stranky-na-bingo\/"},"modified":"2025-11-12T12:11:50","modified_gmt":"2025-11-12T12:11:50","slug":"tipy-na-bingo-ktore-su-najlepsie-webove-stranky-na-bingo","status":"publish","type":"page","link":"https:\/\/gambling6.com\/sk\/bingo\/tipy-na-bingo-ktore-su-najlepsie-webove-stranky-na-bingo\/","title":{"rendered":"Tipy na bingo \u2013 Ktor\u00e9 s\u00fa najlep\u0161ie webov\u00e9 str\u00e1nky na bingo?"},"content":{"rendered":"<h2>V\u00fdber webovej str\u00e1nky pre bingo<\/h2>\n<p>Bingo je vzru\u0161uj\u00faca hra, ktor\u00e1 vy\u017eaduje ove\u013ea menej zru\u010dnost\u00ed ako hry ako blackjack alebo poker. Hra pri\u0165ahuje mnoho \u013eud\u00ed svojou jednoduchos\u0165ou. Nevy\u017eaduje si u\u010denie sa \u017eiadnych zlo\u017eit\u00fdch pravidiel ani strat\u00e9gi\u00ed. Navy\u0161e je lacnej\u0161ie hra\u0165 bingo karty. Mnoho str\u00e1nok pon\u00faka t\u00fato hru online. M\u00f4\u017eete sa pripoji\u0165 k jednej z nich a hra\u0165 hru aj za minim\u00e1lnu sumu pe\u0148az\u00ed.<img loading=\"lazy\" decoding=\"async\" class=\" alignright size-full wp-image-213\" style=\"margin: 5px; float: right;\" src=\"http:\/\/gambling6.com\/wp-content\/uploads\/2013\/12\/img_110.png\" alt=\"vyberte si najlep\u0161iu webov\u00fa str\u00e1nku pre bingo\" width=\"288\" height=\"175\" \/><\/p>\n<p>Pri to\u013ek\u00fdch bingo str\u00e1nkach m\u00f4\u017ee by\u0165<strong>zistenie, ktor\u00e1 z nich je najlep\u0161ia online bingo webov\u00e1 str\u00e1nka, dos\u0165 n\u00e1ro\u010dn\u00e9<\/strong>. Preto je vhodn\u00e9 zv\u00e1\u017ei\u0165 z\u00e1kladn\u00e9 faktory a rozhodn\u00fa\u0165 sa, \u010di je str\u00e1nka pre v\u00e1s ide\u00e1lna.<\/p>\n<ul>\n<li><strong>Reput\u00e1cia a sk\u00fasenosti<\/strong><\/li>\n<\/ul>\n<p>Uistite sa, \u017ee si vyberiete bingo webov\u00fa str\u00e1nku, ktor\u00e1 v tomto odvetv\u00ed p\u00f4sob\u00ed u\u017e dlho a m\u00e1 siln\u00fa reput\u00e1ciu v poskytovan\u00ed dobr\u00e9ho hern\u00e9ho z\u00e1\u017eitku. M\u00f4\u017eete si to overi\u0165 pre\u010d\u00edtan\u00edm recenzi\u00ed profesion\u00e1lov a skuto\u010dn\u00fdch hr\u00e1\u010dov. Bingo webov\u00e1 str\u00e1nka s mnoh\u00fdmi hr\u00e1\u010dmi m\u00f4\u017ee by\u0165 spo\u013eahliv\u00e1, preto\u017ee hr\u00e1\u010di nechc\u00fa zosta\u0165 na str\u00e1nke, ktor\u00e1 nepon\u00faka pr\u00edjemn\u00fd hern\u00fd z\u00e1\u017eitok.<\/p>\n<p><a href=\"https:\/\/record.revenueplanet.com\/_BoBybWC_aAPUOsjNOfgKefwM06wa-Rwt\/1\/\" target=\"_new\"><img loading=\"lazy\" decoding=\"async\" class=\"aligncenter\" style=\"border: none;\" src=\"https:\/\/media.revenueplanet.com\/uploads\/nbb-468x60-nov-generic.gif\" alt=\"BingoBilly Bezplatn\u00e9 bingo\" width=\"686\" height=\"88\" \/><\/a><\/p>\n<ul>\n<li><strong>Ponuka hier<\/strong><\/li>\n<\/ul>\n<p>Str\u00e1nka, ktor\u00fa si chcete vybra\u0165, by mala pon\u00faka\u0165 \u0161irok\u00fa \u0161k\u00e1lu hier. <strong>Bingo<\/strong> sa dod\u00e1va v r\u00f4znych form\u00e1ch. 90-lopkov\u00e9, 80-lopkov\u00e9, 75-lopkov\u00e9, mini, r\u00fdchlovkov\u00e9, coverall, bonanza a pattern s\u00fa niektor\u00e9 z popul\u00e1rnych vari\u00e1ci\u00ed hry. V\u00fdber str\u00e1nky, ktor\u00e1 pon\u00faka v\u0161etky tieto vari\u00e1cie, v\u00e1m pom\u00f4\u017ee u\u017ei\u0165 si hranie hier bez toho, aby ste sa nudili.<\/p>\n<ul>\n<li><strong>Bonus<\/strong><\/li>\n<\/ul>\n<p>Hoci sa neodpor\u00fa\u010da rozhodova\u0165 na z\u00e1klade bonusu, ktor\u00fd hern\u00e1 webov\u00e1 str\u00e1nka pon\u00faka, str\u00e1nka s najvy\u0161\u0161\u00edm bonusom nie je nevyhnutne najlep\u0161ou bingo webovou str\u00e1nkou pre v\u00e1s. U\u017eito\u010dn\u00e9 funkcie a \u0161irok\u00e1 \u0161k\u00e1la hier s\u00fa ur\u010dite d\u00f4le\u017eitej\u0161\u00edmi aspektmi. V\u00e4\u010d\u0161ina bingo str\u00e1nok pon\u00faka uv\u00edtac\u00ed bonus. Po vykonan\u00ed prv\u00e9ho vkladu sa suma uv\u00edtacieho bonusu automaticky prip\u00ed\u0161e na v\u00e1\u0161 \u00fa\u010det. Tento bonus m\u00f4\u017eete vyu\u017ei\u0165 na hranie viac. Nezabudnite si pre\u010d\u00edta\u0165 zmluvn\u00e9 podmienky spojen\u00e9 s bonusom. Bonus by sa zvy\u010dajne mal pou\u017ei\u0165 do jedn\u00e9ho mesiaca.<\/p>\n<ul>\n<li><strong>Met\u00f3dy vkladu a v\u00fdberu<\/strong><\/li>\n<\/ul>\n<p>Najlep\u0161ia bingo str\u00e1nka pon\u00faka r\u00f4zne met\u00f3dy vkladu, tak\u017ee si m\u00f4\u017eete vybra\u0165 t\u00fa, ktor\u00e1 v\u00e1m najviac vyhovuje. Poskytuje tie\u017e mno\u017estvo mo\u017enost\u00ed na v\u00fdber v\u00fdhier. U\u013eah\u010duj\u00fa zalo\u017eenie \u00fa\u010dtu. Online registr\u00e1ciu a bankov\u00e9 \u00fadaje m\u00f4\u017eete jednoducho vyplni\u0165.<\/p>\n<ul>\n<li><strong>Z\u00e1kazn\u00edcky servis<\/strong><\/li>\n<\/ul>\n<p>M\u00f4\u017eete si overi\u0165, \u010di hern\u00e1 str\u00e1nka pon\u00faka najlep\u0161\u00ed z\u00e1kazn\u00edcky servis. Najlep\u0161ia str\u00e1nka m\u00e1 dobre vy\u0161kolen\u00fd z\u00e1kazn\u00edcky t\u00edm, ktor\u00fd odpoved\u00e1 na va\u0161e ot\u00e1zky a r\u00fdchlo rie\u0161i va\u0161e probl\u00e9my. Bez oh\u013eadu na to, \u010di sa zaseknete pri otv\u00e1ran\u00ed \u00fa\u010dtu alebo m\u00e1te probl\u00e9my s v\u00fdberom v\u00fdhier, m\u00f4\u017eete kedyko\u013evek z\u00edska\u0165 ich pomoc. Pon\u00fakaj\u00fa \u017eiv\u00fd chat, telefonick\u00fa a e-mailov\u00fa podporu, aby profesion\u00e1lne rie\u0161ili va\u0161e obavy.<\/p>\n<p>Zoh\u013eadnenie v\u0161etk\u00fdch t\u00fdchto faktorov v\u00e1m m\u00f4\u017ee pom\u00f4c\u0165 vybra\u0165 si fantastick\u00fa online bingo str\u00e1nku. Osobne sa n\u00e1m p\u00e1\u010di Bingo Billy. Aj ke\u010f b\u00fdvate v USA, m\u00f4\u017eete hra\u0165 na Bingo Billy\u2014<a class=\"thirstylink\" title=\"Bingo Billy en\" href=\"https:\/\/gambling6.com\/go\/bingobilly-en\/\" target=\"_blank\" rel=\"nofollow noopener\">kliknite na tento odkaz na ich webov\u00fa str\u00e1nku.<\/a><\/p>\n","protected":false},"excerpt":{"rendered":"<p>V\u00fdber webovej str\u00e1nky pre bingo Bingo je vzru\u0161uj\u00faca hra, ktor\u00e1 vy\u017eaduje ove\u013ea menej zru\u010dnost\u00ed ako hry ako blackjack alebo poker. Hra pri\u0165ahuje mnoho \u013eud\u00ed svojou jednoduchos\u0165ou. Nevy\u017eaduje si u\u010denie sa \u017eiadnych zlo\u017eit\u00fdch pravidiel ani strat\u00e9gi\u00ed. Navy\u0161e je lacnej\u0161ie hra\u0165 bingo karty. Mnoho str\u00e1nok pon\u00faka t\u00fato hru online. M\u00f4\u017eete sa pripoji\u0165 k jednej z nich a [&hellip;]<\/p>\n","protected":false},"author":1,"featured_media":8442,"parent":8534,"menu_order":5,"comment_status":"closed","ping_status":"closed","template":"","meta":{"footnotes":""},"class_list":["post-8469","page","type-page","status-publish","has-post-thumbnail","hentry"],"yoast_head":"<!-- This site is optimized with the Yoast SEO plugin v27.4 - https:\/\/yoast.com\/product\/yoast-seo-wordpress\/ -->\n<title>Tipy na bingo \u2013 Ktor\u00e9 s\u00fa najlep\u0161ie webov\u00e9 str\u00e1nky na bingo?<\/title>\n<meta name=\"description\" content=\"V\u00fdber najlep\u0161ej bingo webovej str\u00e1nky je d\u00f4le\u017eit\u00fd \u2013 ale ktor\u00fa str\u00e1nku by ste si mali vybra\u0165? Odpovede n\u00e1jdete tu.\" \/>\n<meta name=\"robots\" content=\"index, follow, max-snippet:-1, max-image-preview:large, max-video-preview:-1\" \/>\n<link rel=\"canonical\" href=\"https:\/\/gambling6.com\/sk\/bingo\/tipy-na-bingo-ktore-su-najlepsie-webove-stranky-na-bingo\/\" \/>\n<meta property=\"og:locale\" content=\"sk_SK\" \/>\n<meta property=\"og:type\" content=\"article\" \/>\n<meta property=\"og:title\" content=\"Tipy na bingo \u2013 Ktor\u00e9 s\u00fa najlep\u0161ie webov\u00e9 str\u00e1nky na bingo?\" \/>\n<meta property=\"og:description\" content=\"V\u00fdber najlep\u0161ej bingo webovej str\u00e1nky je d\u00f4le\u017eit\u00fd \u2013 ale ktor\u00fa str\u00e1nku by ste si mali vybra\u0165? Odpovede n\u00e1jdete tu.\" \/>\n<meta property=\"og:url\" content=\"https:\/\/gambling6.com\/sk\/bingo\/tipy-na-bingo-ktore-su-najlepsie-webove-stranky-na-bingo\/\" \/>\n<meta property=\"og:site_name\" content=\"Gambling6\" \/>\n<meta property=\"article:modified_time\" content=\"2025-11-12T12:11:50+00:00\" \/>\n<meta property=\"og:image\" content=\"https:\/\/gambling6.com\/wp-content\/uploads\/2013\/12\/img_110.png\" \/>\n\t<meta property=\"og:image:width\" content=\"288\" \/>\n\t<meta property=\"og:image:height\" content=\"175\" \/>\n\t<meta property=\"og:image:type\" content=\"image\/png\" \/>\n<meta name=\"twitter:card\" content=\"summary_large_image\" \/>\n<meta name=\"twitter:label1\" content=\"Predpokladan\u00fd \u010das \u010d\u00edtania\" \/>\n\t<meta name=\"twitter:data1\" content=\"3 min\u00faty\" \/>\n<script type=\"application\/ld+json\" class=\"yoast-schema-graph\">{\"@context\":\"https:\\\/\\\/schema.org\",\"@graph\":[{\"@type\":\"WebPage\",\"@id\":\"https:\\\/\\\/gambling6.com\\\/sk\\\/bingo\\\/tipy-na-bingo-ktore-su-najlepsie-webove-stranky-na-bingo\\\/\",\"url\":\"https:\\\/\\\/gambling6.com\\\/sk\\\/bingo\\\/tipy-na-bingo-ktore-su-najlepsie-webove-stranky-na-bingo\\\/\",\"name\":\"Tipy na bingo \u2013 Ktor\u00e9 s\u00fa najlep\u0161ie webov\u00e9 str\u00e1nky na bingo?\",\"isPartOf\":{\"@id\":\"https:\\\/\\\/gambling6.com\\\/sk\\\/#website\"},\"primaryImageOfPage\":{\"@id\":\"https:\\\/\\\/gambling6.com\\\/sk\\\/bingo\\\/tipy-na-bingo-ktore-su-najlepsie-webove-stranky-na-bingo\\\/#primaryimage\"},\"image\":{\"@id\":\"https:\\\/\\\/gambling6.com\\\/sk\\\/bingo\\\/tipy-na-bingo-ktore-su-najlepsie-webove-stranky-na-bingo\\\/#primaryimage\"},\"thumbnailUrl\":\"https:\\\/\\\/gambling6.com\\\/wp-content\\\/uploads\\\/2013\\\/12\\\/img_110.png\",\"datePublished\":\"2025-11-07T18:09:57+00:00\",\"dateModified\":\"2025-11-12T12:11:50+00:00\",\"description\":\"V\u00fdber najlep\u0161ej bingo webovej str\u00e1nky je d\u00f4le\u017eit\u00fd \u2013 ale ktor\u00fa str\u00e1nku by ste si mali vybra\u0165? Odpovede n\u00e1jdete tu.\",\"breadcrumb\":{\"@id\":\"https:\\\/\\\/gambling6.com\\\/sk\\\/bingo\\\/tipy-na-bingo-ktore-su-najlepsie-webove-stranky-na-bingo\\\/#breadcrumb\"},\"inLanguage\":\"sk-SK\",\"potentialAction\":[{\"@type\":\"ReadAction\",\"target\":[\"https:\\\/\\\/gambling6.com\\\/sk\\\/bingo\\\/tipy-na-bingo-ktore-su-najlepsie-webove-stranky-na-bingo\\\/\"]}]},{\"@type\":\"ImageObject\",\"inLanguage\":\"sk-SK\",\"@id\":\"https:\\\/\\\/gambling6.com\\\/sk\\\/bingo\\\/tipy-na-bingo-ktore-su-najlepsie-webove-stranky-na-bingo\\\/#primaryimage\",\"url\":\"https:\\\/\\\/gambling6.com\\\/wp-content\\\/uploads\\\/2013\\\/12\\\/img_110.png\",\"contentUrl\":\"https:\\\/\\\/gambling6.com\\\/wp-content\\\/uploads\\\/2013\\\/12\\\/img_110.png\",\"width\":288,\"height\":175},{\"@type\":\"BreadcrumbList\",\"@id\":\"https:\\\/\\\/gambling6.com\\\/sk\\\/bingo\\\/tipy-na-bingo-ktore-su-najlepsie-webove-stranky-na-bingo\\\/#breadcrumb\",\"itemListElement\":[{\"@type\":\"ListItem\",\"position\":1,\"name\":\"Home\",\"item\":\"https:\\\/\\\/gambling6.com\\\/sk\\\/home\\\/\"},{\"@type\":\"ListItem\",\"position\":2,\"name\":\"Bingo\",\"item\":\"https:\\\/\\\/gambling6.com\\\/sk\\\/all-about-bingo\\\/\"},{\"@type\":\"ListItem\",\"position\":3,\"name\":\"Tipy na bingo \u2013 Ktor\u00e9 s\u00fa najlep\u0161ie webov\u00e9 str\u00e1nky na bingo?\"}]},{\"@type\":\"WebSite\",\"@id\":\"https:\\\/\\\/gambling6.com\\\/sk\\\/#website\",\"url\":\"https:\\\/\\\/gambling6.com\\\/sk\\\/\",\"name\":\"Gambling6\",\"description\":\"\",\"potentialAction\":[{\"@type\":\"SearchAction\",\"target\":{\"@type\":\"EntryPoint\",\"urlTemplate\":\"https:\\\/\\\/gambling6.com\\\/sk\\\/?s={search_term_string}\"},\"query-input\":{\"@type\":\"PropertyValueSpecification\",\"valueRequired\":true,\"valueName\":\"search_term_string\"}}],\"inLanguage\":\"sk-SK\"}]}<\/script>\n<!-- \/ Yoast SEO plugin. -->","yoast_head_json":{"title":"Tipy na bingo \u2013 Ktor\u00e9 s\u00fa najlep\u0161ie webov\u00e9 str\u00e1nky na bingo?","description":"V\u00fdber najlep\u0161ej bingo webovej str\u00e1nky je d\u00f4le\u017eit\u00fd \u2013 ale ktor\u00fa str\u00e1nku by ste si mali vybra\u0165? Odpovede n\u00e1jdete tu.","robots":{"index":"index","follow":"follow","max-snippet":"max-snippet:-1","max-image-preview":"max-image-preview:large","max-video-preview":"max-video-preview:-1"},"canonical":"https:\/\/gambling6.com\/sk\/bingo\/tipy-na-bingo-ktore-su-najlepsie-webove-stranky-na-bingo\/","og_locale":"sk_SK","og_type":"article","og_title":"Tipy na bingo \u2013 Ktor\u00e9 s\u00fa najlep\u0161ie webov\u00e9 str\u00e1nky na bingo?","og_description":"V\u00fdber najlep\u0161ej bingo webovej str\u00e1nky je d\u00f4le\u017eit\u00fd \u2013 ale ktor\u00fa str\u00e1nku by ste si mali vybra\u0165? Odpovede n\u00e1jdete tu.","og_url":"https:\/\/gambling6.com\/sk\/bingo\/tipy-na-bingo-ktore-su-najlepsie-webove-stranky-na-bingo\/","og_site_name":"Gambling6","article_modified_time":"2025-11-12T12:11:50+00:00","og_image":[{"width":288,"height":175,"url":"https:\/\/gambling6.com\/wp-content\/uploads\/2013\/12\/img_110.png","type":"image\/png"}],"twitter_card":"summary_large_image","twitter_misc":{"Predpokladan\u00fd \u010das \u010d\u00edtania":"3 min\u00faty"},"schema":{"@context":"https:\/\/schema.org","@graph":[{"@type":"WebPage","@id":"https:\/\/gambling6.com\/sk\/bingo\/tipy-na-bingo-ktore-su-najlepsie-webove-stranky-na-bingo\/","url":"https:\/\/gambling6.com\/sk\/bingo\/tipy-na-bingo-ktore-su-najlepsie-webove-stranky-na-bingo\/","name":"Tipy na bingo \u2013 Ktor\u00e9 s\u00fa najlep\u0161ie webov\u00e9 str\u00e1nky na bingo?","isPartOf":{"@id":"https:\/\/gambling6.com\/sk\/#website"},"primaryImageOfPage":{"@id":"https:\/\/gambling6.com\/sk\/bingo\/tipy-na-bingo-ktore-su-najlepsie-webove-stranky-na-bingo\/#primaryimage"},"image":{"@id":"https:\/\/gambling6.com\/sk\/bingo\/tipy-na-bingo-ktore-su-najlepsie-webove-stranky-na-bingo\/#primaryimage"},"thumbnailUrl":"https:\/\/gambling6.com\/wp-content\/uploads\/2013\/12\/img_110.png","datePublished":"2025-11-07T18:09:57+00:00","dateModified":"2025-11-12T12:11:50+00:00","description":"V\u00fdber najlep\u0161ej bingo webovej str\u00e1nky je d\u00f4le\u017eit\u00fd \u2013 ale ktor\u00fa str\u00e1nku by ste si mali vybra\u0165? Odpovede n\u00e1jdete tu.","breadcrumb":{"@id":"https:\/\/gambling6.com\/sk\/bingo\/tipy-na-bingo-ktore-su-najlepsie-webove-stranky-na-bingo\/#breadcrumb"},"inLanguage":"sk-SK","potentialAction":[{"@type":"ReadAction","target":["https:\/\/gambling6.com\/sk\/bingo\/tipy-na-bingo-ktore-su-najlepsie-webove-stranky-na-bingo\/"]}]},{"@type":"ImageObject","inLanguage":"sk-SK","@id":"https:\/\/gambling6.com\/sk\/bingo\/tipy-na-bingo-ktore-su-najlepsie-webove-stranky-na-bingo\/#primaryimage","url":"https:\/\/gambling6.com\/wp-content\/uploads\/2013\/12\/img_110.png","contentUrl":"https:\/\/gambling6.com\/wp-content\/uploads\/2013\/12\/img_110.png","width":288,"height":175},{"@type":"BreadcrumbList","@id":"https:\/\/gambling6.com\/sk\/bingo\/tipy-na-bingo-ktore-su-najlepsie-webove-stranky-na-bingo\/#breadcrumb","itemListElement":[{"@type":"ListItem","position":1,"name":"Home","item":"https:\/\/gambling6.com\/sk\/home\/"},{"@type":"ListItem","position":2,"name":"Bingo","item":"https:\/\/gambling6.com\/sk\/all-about-bingo\/"},{"@type":"ListItem","position":3,"name":"Tipy na bingo \u2013 Ktor\u00e9 s\u00fa najlep\u0161ie webov\u00e9 str\u00e1nky na bingo?"}]},{"@type":"WebSite","@id":"https:\/\/gambling6.com\/sk\/#website","url":"https:\/\/gambling6.com\/sk\/","name":"Gambling6","description":"","potentialAction":[{"@type":"SearchAction","target":{"@type":"EntryPoint","urlTemplate":"https:\/\/gambling6.com\/sk\/?s={search_term_string}"},"query-input":{"@type":"PropertyValueSpecification","valueRequired":true,"valueName":"search_term_string"}}],"inLanguage":"sk-SK"}]}},"_links":{"self":[{"href":"https:\/\/gambling6.com\/sk\/wp-json\/wp\/v2\/pages\/8469","targetHints":{"allow":["GET"]}}],"collection":[{"href":"https:\/\/gambling6.com\/sk\/wp-json\/wp\/v2\/pages"}],"about":[{"href":"https:\/\/gambling6.com\/sk\/wp-json\/wp\/v2\/types\/page"}],"author":[{"embeddable":true,"href":"https:\/\/gambling6.com\/sk\/wp-json\/wp\/v2\/users\/1"}],"replies":[{"embeddable":true,"href":"https:\/\/gambling6.com\/sk\/wp-json\/wp\/v2\/comments?post=8469"}],"version-history":[{"count":2,"href":"https:\/\/gambling6.com\/sk\/wp-json\/wp\/v2\/pages\/8469\/revisions"}],"predecessor-version":[{"id":10628,"href":"https:\/\/gambling6.com\/sk\/wp-json\/wp\/v2\/pages\/8469\/revisions\/10628"}],"up":[{"embeddable":true,"href":"https:\/\/gambling6.com\/sk\/wp-json\/wp\/v2\/pages\/8534"}],"wp:featuredmedia":[{"embeddable":true,"href":"https:\/\/gambling6.com\/sk\/wp-json\/wp\/v2\/media\/8442"}],"wp:attachment":[{"href":"https:\/\/gambling6.com\/sk\/wp-json\/wp\/v2\/media?parent=8469"}],"curies":[{"name":"wp","href":"https:\/\/api.w.org\/{rel}","templated":true}]}}