{"id":8534,"date":"2025-11-07T19:38:24","date_gmt":"2025-11-07T19:38:24","guid":{"rendered":"https:\/\/gambling6.com\/bingo\/"},"modified":"2025-11-12T11:54:54","modified_gmt":"2025-11-12T11:54:54","slug":"bingo","status":"publish","type":"page","link":"https:\/\/gambling6.com\/sk\/bingo\/","title":{"rendered":"Bingo"},"content":{"rendered":"<h2>Z\u00e1kladn\u00e9 inform\u00e1cie o hre Bingo<\/h2>\n<p><a href=\"https:\/\/record.revenueplanet.com\/_BoBybWC_aAMWqcfzuvZcQMni_MQzyHn0\/1\/\" target=\"_new\"><img loading=\"lazy\" decoding=\"async\" class=\"alignright\" style=\"border: none;\" src=\"https:\/\/media.revenueplanet.com\/uploads\/nbb-120x600-oct-free.gif\" alt=\"BingoBilly Bingo Gratuit\" width=\"120\" height=\"600\" \/><\/a>Hra Bingo je ur\u010den\u00e1 pre mlad\u00fdch aj star\u0161\u00edch \u013eud\u00ed. P\u00f4vod tejto hry siaha do Talianska v 16. storo\u010d\u00ed, kde sa hrala pod n\u00e1zvom \u201eIl Giuoco del Lotto d&#8217;Italia\u201c a potom sa roz\u0161\u00edrila po celej Eur\u00f3pe. Bingo je spolo\u010densk\u00e1 hra, v ktorej z\u00e1le\u017e\u00ed na \u010dase, reakcii, vn\u00edman\u00ed hry a v neposlednom rade na \u0161\u0165ast\u00ed.<\/p>\n<p>Postupom \u010dasu sa \u013eudia sna\u017eili n\u00e1js\u0165 r\u00f4zne strat\u00e9gie na presnej\u0161ie v\u00fdpo\u010dty, ako zv\u00fd\u0161i\u0165 svoje \u0161ance na v\u00fdhru. Niektor\u00e9 z nich zlyhali, in\u00e9 uspeli. Online bingo sa objavilo v polovici 90. rokov a odvtedy sa neust\u00e1le vyv\u00edja. V\u00fdhody online binga, na rozdiel od offline binga, s\u00fa:<\/p>\n<ul>\n<li>M\u00f4\u017eete hra\u0165 priamo z domu<\/li>\n<li>V\u0161etko je jednoduch\u00e9<\/li>\n<li>Pon\u00faka bonusy a ceny<\/li>\n<li>M\u00f4\u017eete hra\u0165 zadarmo<\/li>\n<li>M\u00f4\u017eete hra\u0165 kedyko\u013evek po\u010das d\u0148a alebo noci<\/li>\n<li>M\u00e1te online podporu v re\u00e1lnom \u010dase<\/li>\n<\/ul>\n<p>Pre za\u010diato\u010dn\u00edkov sa odpor\u00fa\u010da hra\u0165 demo hry, ktor\u00e9 im d\u00e1vaj\u00fa mo\u017enos\u0165 prisp\u00f4sobi\u0165 sa pravidl\u00e1m a r\u00fdchlosti hry. Hern\u00e9 strat\u00e9gie nezaru\u010duj\u00fa platbu, ale zvy\u0161uj\u00fa \u0161ance na v\u00fdhru. Odpor\u00fa\u010da sa tie\u017e hra\u0165 v miestnosti, kde je mal\u00fd po\u010det hr\u00e1\u010dov. Pre sk\u00fasenej\u0161\u00edch hr\u00e1\u010dov je dobr\u00e9 hra\u0165 s \u010do najv\u00e4\u010d\u0161\u00edm po\u010dtom kariet; to zvy\u0161uje ich \u0161ance na v\u00fdhru. Bingo sa hr\u00e1 s 30, 75, 80 a 90 lopti\u010dkami.<\/p>\n<p>Najlep\u0161ou vo\u013ebou by bolo <a class=\"thirstylink\" title=\"Bingo Billy en\" href=\"https:\/\/gambling6.com\/go\/bingobilly-en\/\" target=\"_blank\" rel=\"nofollow noopener\">Bingo Billy &#8211; kliknite sem a hrajte <\/a>a na za\u010diatok z\u00edskate l\u00edstky na bingo v hodnote 30 dol\u00e1rov zadarmo! Bingo Billy prij\u00edma hr\u00e1\u010dov z cel\u00e9ho sveta vr\u00e1tane USA.<\/p>\n<h2>Hra 30 lopti\u010diek Bingo<\/h2>\n<p>Hr\u00e1\u010d si vyberie celkovo 30 lopti\u010diek a pou\u017eije stupnicu od 1 do 75. Bingo oblasti sa skladaj\u00fa zo sady piatich \u0161tvorcov. Po zak\u00fapen\u00ed l\u00edstka si mus\u00ed hr\u00e1\u010d vybra\u0165 celkovo 30 \u010d\u00edsel. \u010c\u00edsla sa vy\u017erebuj\u00fa a automaticky sa ozna\u010dia na tikete. Bingo je dosiahnut\u00e9, ke\u010f m\u00e1 hr\u00e1\u010d vy\u017erebovan\u00fdch p\u00e4\u0165 alebo \u0161es\u0165 \u010d\u00edsel, ktor\u00e9 mu umo\u017e\u0148uj\u00fa nakresli\u0165 zvisl\u00fa, vodorovn\u00fa alebo diagon\u00e1lnu \u010diaru. Hra kon\u010d\u00ed, ke\u010f je vy\u017erebovan\u00fdch v\u0161etk\u00fdch 30 lopti\u010diek. Hr\u00e1\u010d, ktor\u00fd vyhr\u00e1 najviac bingo l\u00edni\u00ed, je vyhl\u00e1sen\u00fd za v\u00ed\u0165aza.<\/p>\n<h2>Hra 90 lopti\u010diek Bingo<\/h2>\n<p>Karta sa sklad\u00e1 zo skup\u00edn po 9 x 3, ktor\u00e9 obsahuj\u00fa celkovo 27 \u0161tvorcov. Ka\u017ed\u00fd riadok m\u00e1 5 \u010d\u00edsel a 4 pr\u00e1zdne \u0161tvorce. Celkov\u00fd po\u010det \u010d\u00edsel na karte je 15.<\/p>\n<h2>Hra 80 lopti\u010diek Bingo<\/h2>\n<p>Tu je na ka\u017edej karte 16 \u010d\u00edsel, 4 riadky a 4 st\u013apce.<\/p>\n<h2>Online strat\u00e9gie pre bingo<\/h2>\n<p>Joseph E. Granville povedal, \u017ee dok\u00e1\u017ee \u201ezv\u00fd\u0161i\u0165 \u0161ance v prospech a\u017e o 50 %\u201c. Tie\u017e povedal, \u017ee \u010d\u00edsla, ktor\u00e9 s\u00fa skuto\u010dne n\u00e1hodne vy\u017erebovan\u00e9, maj\u00fa nasleduj\u00faci vzorec: rovnak\u00fd po\u010det \u010d\u00edsel kon\u010diacich na 1, 2, 3, 4, 5, 6, 7, 8, 9, pri\u010dom najvy\u0161\u0161ie a najni\u017e\u0161ie \u010d\u00edsla s\u00fa vyv\u00e1\u017een\u00e9 s obnovou hry, pri\u010dom vy\u017erebovan\u00e9 \u010d\u00edsla sa bl\u00ed\u017eia k \u010d\u00edslu 38, presnej\u0161ie v strede.<\/p>\n<p>Pr\u00edklad n\u00e1hodn\u00e9ho tiketu pod\u013ea modelu Josepha E. Granvilla je 6, 11, 24, 32, 43, 57, 38, 69. Britsk\u00fd \u0161tatistik L.C.H. Tippet predstavil te\u00f3riu, pod\u013ea ktorej s\u00fa \u010d\u00edsla vy\u017erebovan\u00e9 s pravdepodobnos\u0165ou bl\u00edzkou 38. K dispoz\u00edcii m\u00e1te v\u0161ak \u0161irok\u00fa \u0161k\u00e1lu str\u00e1nok a mal\u00fd \u00favod do sveta bingo hier. V z\u00e1vislosti od va\u0161ich preferenci\u00ed sa m\u00f4\u017eete rozhodn\u00fa\u0165, ktor\u00e1 verzia je pre v\u00e1s vhodnej\u0161ia. Ve\u013ea \u0161\u0165astia!<\/p>\n","protected":false},"excerpt":{"rendered":"<p>Z\u00e1kladn\u00e9 inform\u00e1cie o hre Bingo Hra Bingo je ur\u010den\u00e1 pre mlad\u00fdch aj star\u0161\u00edch \u013eud\u00ed. P\u00f4vod tejto hry siaha do Talianska v 16. storo\u010d\u00ed, kde sa hrala pod n\u00e1zvom \u201eIl Giuoco del Lotto d&#8217;Italia\u201c a potom sa roz\u0161\u00edrila po celej Eur\u00f3pe. Bingo je spolo\u010densk\u00e1 hra, v ktorej z\u00e1le\u017e\u00ed na \u010dase, reakcii, vn\u00edman\u00ed hry a v neposlednom [&hellip;]<\/p>\n","protected":false},"author":1,"featured_media":0,"parent":0,"menu_order":6,"comment_status":"closed","ping_status":"closed","template":"","meta":{"footnotes":""},"class_list":["post-8534","page","type-page","status-publish","hentry"],"yoast_head":"<!-- This site is optimized with the Yoast SEO plugin v27.4 - https:\/\/yoast.com\/product\/yoast-seo-wordpress\/ -->\n<title>Informa\u021bii de baz\u0103 despre Bingo<\/title>\n<meta name=\"description\" content=\"Totul despre Bingo online \u0219i cele mai bune site-uri pentru a juca Bingo online\" \/>\n<meta name=\"robots\" content=\"index, follow, max-snippet:-1, max-image-preview:large, max-video-preview:-1\" \/>\n<link rel=\"canonical\" href=\"https:\/\/gambling6.com\/sk\/bingo\/\" \/>\n<meta property=\"og:locale\" content=\"sk_SK\" \/>\n<meta property=\"og:type\" content=\"article\" \/>\n<meta property=\"og:title\" content=\"Informa\u021bii de baz\u0103 despre Bingo\" \/>\n<meta property=\"og:description\" content=\"Totul despre Bingo online \u0219i cele mai bune site-uri pentru a juca Bingo online\" \/>\n<meta property=\"og:url\" content=\"https:\/\/gambling6.com\/sk\/bingo\/\" \/>\n<meta property=\"og:site_name\" content=\"Gambling6\" \/>\n<meta property=\"article:modified_time\" content=\"2025-11-12T11:54:54+00:00\" \/>\n<meta property=\"og:image\" content=\"https:\/\/media.revenueplanet.com\/uploads\/nbb-120x600-oct-free.gif\" \/>\n<meta name=\"twitter:card\" content=\"summary_large_image\" \/>\n<meta name=\"twitter:label1\" content=\"Predpokladan\u00fd \u010das \u010d\u00edtania\" \/>\n\t<meta name=\"twitter:data1\" content=\"3 min\u00faty\" \/>\n<script type=\"application\/ld+json\" class=\"yoast-schema-graph\">{\"@context\":\"https:\\\/\\\/schema.org\",\"@graph\":[{\"@type\":\"WebPage\",\"@id\":\"https:\\\/\\\/gambling6.com\\\/sk\\\/bingo\\\/\",\"url\":\"https:\\\/\\\/gambling6.com\\\/sk\\\/bingo\\\/\",\"name\":\"Informa\u021bii de baz\u0103 despre Bingo\",\"isPartOf\":{\"@id\":\"https:\\\/\\\/gambling6.com\\\/sk\\\/#website\"},\"primaryImageOfPage\":{\"@id\":\"https:\\\/\\\/gambling6.com\\\/sk\\\/bingo\\\/#primaryimage\"},\"image\":{\"@id\":\"https:\\\/\\\/gambling6.com\\\/sk\\\/bingo\\\/#primaryimage\"},\"thumbnailUrl\":\"https:\\\/\\\/media.revenueplanet.com\\\/uploads\\\/nbb-120x600-oct-free.gif\",\"datePublished\":\"2025-11-07T19:38:24+00:00\",\"dateModified\":\"2025-11-12T11:54:54+00:00\",\"description\":\"Totul despre Bingo online \u0219i cele mai bune site-uri pentru a juca Bingo online\",\"breadcrumb\":{\"@id\":\"https:\\\/\\\/gambling6.com\\\/sk\\\/bingo\\\/#breadcrumb\"},\"inLanguage\":\"sk-SK\",\"potentialAction\":[{\"@type\":\"ReadAction\",\"target\":[\"https:\\\/\\\/gambling6.com\\\/sk\\\/bingo\\\/\"]}]},{\"@type\":\"ImageObject\",\"inLanguage\":\"sk-SK\",\"@id\":\"https:\\\/\\\/gambling6.com\\\/sk\\\/bingo\\\/#primaryimage\",\"url\":\"https:\\\/\\\/media.revenueplanet.com\\\/uploads\\\/nbb-120x600-oct-free.gif\",\"contentUrl\":\"https:\\\/\\\/media.revenueplanet.com\\\/uploads\\\/nbb-120x600-oct-free.gif\"},{\"@type\":\"BreadcrumbList\",\"@id\":\"https:\\\/\\\/gambling6.com\\\/sk\\\/bingo\\\/#breadcrumb\",\"itemListElement\":[{\"@type\":\"ListItem\",\"position\":1,\"name\":\"Home\",\"item\":\"https:\\\/\\\/gambling6.com\\\/sk\\\/home\\\/\"},{\"@type\":\"ListItem\",\"position\":2,\"name\":\"Bingo\"}]},{\"@type\":\"WebSite\",\"@id\":\"https:\\\/\\\/gambling6.com\\\/sk\\\/#website\",\"url\":\"https:\\\/\\\/gambling6.com\\\/sk\\\/\",\"name\":\"Gambling6\",\"description\":\"\",\"potentialAction\":[{\"@type\":\"SearchAction\",\"target\":{\"@type\":\"EntryPoint\",\"urlTemplate\":\"https:\\\/\\\/gambling6.com\\\/sk\\\/?s={search_term_string}\"},\"query-input\":{\"@type\":\"PropertyValueSpecification\",\"valueRequired\":true,\"valueName\":\"search_term_string\"}}],\"inLanguage\":\"sk-SK\"}]}<\/script>\n<!-- \/ Yoast SEO plugin. -->","yoast_head_json":{"title":"Informa\u021bii de baz\u0103 despre Bingo","description":"Totul despre Bingo online \u0219i cele mai bune site-uri pentru a juca Bingo online","robots":{"index":"index","follow":"follow","max-snippet":"max-snippet:-1","max-image-preview":"max-image-preview:large","max-video-preview":"max-video-preview:-1"},"canonical":"https:\/\/gambling6.com\/sk\/bingo\/","og_locale":"sk_SK","og_type":"article","og_title":"Informa\u021bii de baz\u0103 despre Bingo","og_description":"Totul despre Bingo online \u0219i cele mai bune site-uri pentru a juca Bingo online","og_url":"https:\/\/gambling6.com\/sk\/bingo\/","og_site_name":"Gambling6","article_modified_time":"2025-11-12T11:54:54+00:00","og_image":[{"url":"https:\/\/media.revenueplanet.com\/uploads\/nbb-120x600-oct-free.gif","type":"","width":"","height":""}],"twitter_card":"summary_large_image","twitter_misc":{"Predpokladan\u00fd \u010das \u010d\u00edtania":"3 min\u00faty"},"schema":{"@context":"https:\/\/schema.org","@graph":[{"@type":"WebPage","@id":"https:\/\/gambling6.com\/sk\/bingo\/","url":"https:\/\/gambling6.com\/sk\/bingo\/","name":"Informa\u021bii de baz\u0103 despre Bingo","isPartOf":{"@id":"https:\/\/gambling6.com\/sk\/#website"},"primaryImageOfPage":{"@id":"https:\/\/gambling6.com\/sk\/bingo\/#primaryimage"},"image":{"@id":"https:\/\/gambling6.com\/sk\/bingo\/#primaryimage"},"thumbnailUrl":"https:\/\/media.revenueplanet.com\/uploads\/nbb-120x600-oct-free.gif","datePublished":"2025-11-07T19:38:24+00:00","dateModified":"2025-11-12T11:54:54+00:00","description":"Totul despre Bingo online \u0219i cele mai bune site-uri pentru a juca Bingo online","breadcrumb":{"@id":"https:\/\/gambling6.com\/sk\/bingo\/#breadcrumb"},"inLanguage":"sk-SK","potentialAction":[{"@type":"ReadAction","target":["https:\/\/gambling6.com\/sk\/bingo\/"]}]},{"@type":"ImageObject","inLanguage":"sk-SK","@id":"https:\/\/gambling6.com\/sk\/bingo\/#primaryimage","url":"https:\/\/media.revenueplanet.com\/uploads\/nbb-120x600-oct-free.gif","contentUrl":"https:\/\/media.revenueplanet.com\/uploads\/nbb-120x600-oct-free.gif"},{"@type":"BreadcrumbList","@id":"https:\/\/gambling6.com\/sk\/bingo\/#breadcrumb","itemListElement":[{"@type":"ListItem","position":1,"name":"Home","item":"https:\/\/gambling6.com\/sk\/home\/"},{"@type":"ListItem","position":2,"name":"Bingo"}]},{"@type":"WebSite","@id":"https:\/\/gambling6.com\/sk\/#website","url":"https:\/\/gambling6.com\/sk\/","name":"Gambling6","description":"","potentialAction":[{"@type":"SearchAction","target":{"@type":"EntryPoint","urlTemplate":"https:\/\/gambling6.com\/sk\/?s={search_term_string}"},"query-input":{"@type":"PropertyValueSpecification","valueRequired":true,"valueName":"search_term_string"}}],"inLanguage":"sk-SK"}]}},"_links":{"self":[{"href":"https:\/\/gambling6.com\/sk\/wp-json\/wp\/v2\/pages\/8534","targetHints":{"allow":["GET"]}}],"collection":[{"href":"https:\/\/gambling6.com\/sk\/wp-json\/wp\/v2\/pages"}],"about":[{"href":"https:\/\/gambling6.com\/sk\/wp-json\/wp\/v2\/types\/page"}],"author":[{"embeddable":true,"href":"https:\/\/gambling6.com\/sk\/wp-json\/wp\/v2\/users\/1"}],"replies":[{"embeddable":true,"href":"https:\/\/gambling6.com\/sk\/wp-json\/wp\/v2\/comments?post=8534"}],"version-history":[{"count":1,"href":"https:\/\/gambling6.com\/sk\/wp-json\/wp\/v2\/pages\/8534\/revisions"}],"predecessor-version":[{"id":10606,"href":"https:\/\/gambling6.com\/sk\/wp-json\/wp\/v2\/pages\/8534\/revisions\/10606"}],"wp:attachment":[{"href":"https:\/\/gambling6.com\/sk\/wp-json\/wp\/v2\/media?parent=8534"}],"curies":[{"name":"wp","href":"https:\/\/api.w.org\/{rel}","templated":true}]}}