{"id":8589,"date":"2025-11-07T20:59:23","date_gmt":"2025-11-07T20:59:23","guid":{"rendered":"https:\/\/gambling6.com\/kasino\/mobilne-hranie-hazardne-hry-na-cestach\/"},"modified":"2025-11-12T09:29:02","modified_gmt":"2025-11-12T09:29:02","slug":"mobilne-hranie-hazardne-hry-na-cestach","status":"publish","type":"page","link":"https:\/\/gambling6.com\/sk\/kasino\/mobilne-hranie-hazardne-hry-na-cestach\/","title":{"rendered":"Mobiln\u00e9 hranie \u2013 hazardn\u00e9 hry na cest\u00e1ch"},"content":{"rendered":"<h2>Online hazardn\u00e9 hry na mobiln\u00fdch zariadeniach<\/h2>\n<h3>HTML5 vs. nat\u00edvne aplik\u00e1cie \u2013 mo\u017enos\u0165 je na v\u00e1s!<\/h3>\n<p>Pri poh\u013eade na dobr\u00fd adres\u00e1r hazardn\u00fdch hier je \u013eahk\u00e9 vidie\u0165, \u017ee existuje ve\u013ea skvel\u00fdch mo\u017enost\u00ed pre hr\u00e1\u010dov, ktor\u00ed si chc\u00fa vychutna\u0165 svoje ob\u013e\u00faben\u00e9 mo\u017enosti na internete. R\u00f4zne str\u00e1nky pon\u00fakaj\u00fa bezpe\u010dn\u00e9 online hazardn\u00e9 hry takmer v ka\u017edej kateg\u00f3rii, pri\u010dom poker, kas\u00edno a \u0161portov\u00e9 st\u00e1vkovanie s\u00fa zvy\u010dajne na vrchole zoznamu. Je d\u00f4le\u017eit\u00e9 poznamena\u0165, \u017ee napriek regul\u00e1ci\u00e1m na tomto trhu existuj\u00fa aj mo\u017enosti pre hr\u00e1\u010dov z USA, tak\u017ee Ameri\u010dania by nemali ma\u0165 probl\u00e9m n\u00e1js\u0165 spo\u013eahliv\u00fa str\u00e1nku prostredn\u00edctvom port\u00e1lu iGambling.<\/p>\n<p><img loading=\"lazy\" decoding=\"async\" class=\" alignright size-full wp-image-400\" style=\"margin: 5px; float: right;\" src=\"http:\/\/gambling6.com\/wp-content\/uploads\/2013\/12\/mobile-gambling-150x150.jpg\" alt=\"mobiln\u00e9 hazardn\u00e9 aplik\u00e1cie\" width=\"150\" height=\"150\" \/>Zatia\u013e \u010do ponuka online hazardn\u00fdch hier neust\u00e1le rastie, zd\u00e1 sa, \u017ee trend smeruje k mobiln\u00fdm hr\u00e1m. Takmer v\u0161etci popredn\u00ed prev\u00e1dzkovatelia v tomto odvetv\u00ed maj\u00fa alebo v s\u00fa\u010dasnosti pracuj\u00fa na mobilnej aplik\u00e1cii, ktor\u00e1 umo\u017en\u00ed ich pou\u017e\u00edvate\u013eom pr\u00edstup k rovnak\u00fdm slu\u017eb\u00e1m, ktor\u00e9 vyu\u017e\u00edvaj\u00fa doma prostredn\u00edctvom smartf\u00f3nu. V ned\u00e1vnom rozhovore ved\u00faci oddelenia inform\u00e1ci\u00ed spolo\u010dnosti Intralot, Dr. Christos Dimitriadis, uviedol, \u017ee mobiln\u00e9 hazardn\u00e9 hry sa stan\u00fa leg\u00e1lnymi vo v\u0161etk\u00fdch krajin\u00e1ch Eur\u00f3pskej \u00fanie.<\/p>\n<p>Hoci ne\u0161pecifikoval, kedy sa to pravdepodobne stane, skuto\u010dnos\u0165, \u017ee \u0161t\u00e1ty si musia udr\u017ea\u0165 kontrolu nad hazardn\u00fdmi hrami, rob\u00ed mobiln\u00e9 hazardn\u00e9 hry leg\u00e1lnymi a starostlivo regulovan\u00fdmi povinn\u00fdmi. Ke\u010f\u017ee \u010doraz viac hr\u00e1\u010dov hr\u00e1va na mobiln\u00fdch zariadeniach, prev\u00e1dzkovatelia aj regula\u010dn\u00e9 org\u00e1ny na konkr\u00e9tnych trhoch musia spolupracova\u0165, aby dosiahli ide\u00e1lne rie\u0161enie.<\/p>\n<h2>HTML5<\/h2>\n<p>Niektor\u00ed z hlavn\u00fdch prev\u00e1dzkovate\u013eov na trhu online hazardn\u00fdch hier u\u017e podnikli v\u00fdznamn\u00e9 kroky na zlep\u0161enie svojich mobiln\u00fdch pon\u00fak. 888 je celosvetovo zn\u00e1ma predov\u0161etk\u00fdm svojimi online \u0161portov\u00fdmi st\u00e1vkami, ktor\u00e9 pokr\u00fdvaj\u00fa prakticky cel\u00fd svet a pon\u00fakaj\u00fa st\u00e1vkovanie na v\u0161etky hlavn\u00e9 \u0161porty a r\u00f4zne ligy. Str\u00e1nka pon\u00faka aj kas\u00ednov\u00e9 hry, poker, bingo a \u010fal\u0161ie kateg\u00f3rie online hier, \u010do z nej rob\u00ed jedno z najv\u00e4\u010d\u0161\u00edch mien v tomto odvetv\u00ed.<\/p>\n<p><a class=\"thirstylink\" title=\"888 casino en\" href=\"https:\/\/gambling6.com\/go\/888-casino-en\/\" target=\"_blank\" rel=\"nofollow noopener\"><strong>Kliknite sem a nav\u0161t\u00edvte 888 Casino<\/strong><\/a> &#8211; vytvorte si hr\u00e1\u010dsky \u00fa\u010det zadarmo a potom si stiahnite mobiln\u00fa aplik\u00e1ciu.<\/p>\n<p>Ned\u00e1vno 888 zmenila svoju mobiln\u00fa platformu na verziu HTML5, aby bola pre hr\u00e1\u010dov ove\u013ea pohodlnej\u0161ia. V podstate bude streamovanie zvuku a videa oper\u00e1tora teraz poh\u00e1\u0148an\u00e9 HTML5, \u010do pou\u017e\u00edvate\u013eom umo\u017en\u00ed sledova\u0165 akciu na svojom vybranom zariaden\u00ed bez potreby pluginu Flash. To tie\u017e otv\u00e1ra dvere nov\u00fdm mo\u017enostiam, preto\u017ee pou\u017e\u00edvatelia teraz m\u00f4\u017eu uzatv\u00e1ra\u0165 st\u00e1vky a z\u00e1rove\u0148 prij\u00edma\u0165 \u00fadaje v re\u00e1lnom \u010dase. Verzia HTML5 tie\u017e poskytuje lep\u0161\u00ed pou\u017e\u00edvate\u013esk\u00fd z\u00e1\u017eitok. Dok\u00e1\u017ee zisti\u0165 ve\u013ekos\u0165 obrazovky zariadenia, mo\u017enosti syst\u00e9mu a dostupn\u00e9 pripojenia.<\/p>\n<p>To znamen\u00e1 prija\u0165 potrebn\u00e9 opatrenia na zabezpe\u010denie plynul\u00e9ho chodu v\u0161etk\u00e9ho, ako je zn\u00ed\u017eenie kvality alebo \u010dakanie pred spusten\u00edm videa, aby sa \u0161etrila \u0161\u00edrka p\u00e1sma. Webov\u00e9 str\u00e1nky s recenziami hazardn\u00fdch hier v\u00fdrazne u\u013eah\u010duj\u00fa n\u00e1jdenie spo\u013eahliv\u00e9ho online kas\u00edna zoskupen\u00edm str\u00e1nok do r\u00f4znych kateg\u00f3ri\u00ed na z\u00e1klade ich siln\u00fdch str\u00e1nok. Niektor\u00e9 str\u00e1nky sa zvy\u010dajne zameriavaj\u00fa na svoje mobiln\u00e9 ponuky a online kas\u00edna v USA s\u00fa v\u017edy vynikaj\u00facou t\u00e9mou na diskusiu.<\/p>\n<h2>Nat\u00edvne aplik\u00e1cie<\/h2>\n<p>Nat\u00edvne aplik\u00e1cie vy\u017eaduj\u00fa stiahnutie a in\u0161tal\u00e1ciu, \u010do znamen\u00e1, \u017ee na podporu r\u00f4znych mobiln\u00fdch opera\u010dn\u00fdch syst\u00e9mov, ktor\u00e9 s\u00fa teraz k dispoz\u00edcii, s\u00fa potrebn\u00e9 r\u00f4zne verzie. Hoci s\u00fa medzi online kas\u00ednami ve\u013emi be\u017en\u00e9, v porovnan\u00ed s HTML5 str\u00e1caj\u00fa p\u00f4du pod nohami. Existuje na to ve\u013ea d\u00f4vodov, pri\u010dom hlavn\u00fdm je, \u017ee jedna verzia HTML5 sa hod\u00ed na v\u0161etky mobiln\u00e9 zariadenia a sama vykon\u00e1 potrebn\u00e9 zmeny. Je d\u00f4le\u017eit\u00e9 poznamena\u0165, \u017ee ako u\u017e bolo spomenut\u00e9 vy\u0161\u0161ie, 888 sa nezriekne svojich nat\u00edvnych aplik\u00e1ci\u00ed ani neprestane pou\u017e\u00edva\u0165 technol\u00f3giu HTML4.<\/p>\n<p>Toto je vynikaj\u00faci pr\u00edklad aj pre ostatn\u00fdch oper\u00e1torov, preto\u017ee prechod na HTML5 zo d\u0148a na de\u0148 a opustenie predch\u00e1dzaj\u00facich mo\u017enost\u00ed by znamenalo, \u017ee niektor\u00ed pou\u017e\u00edvatelia u\u017e nebud\u00fa ma\u0165 pr\u00edstup k ponuk\u00e1m. Nie v\u0161etci hr\u00e1\u010di maj\u00fa technol\u00f3giu potrebn\u00fa na dokonal\u00e9 spustenie novej gener\u00e1cie softv\u00e9ru, tak\u017ee hoci je to dobr\u00fd krok na ceste k lep\u0161iemu mobiln\u00e9mu hazardu, nemal by negat\u00edvne ovplyvni\u0165 s\u00fa\u010dasn\u00fdch z\u00e1kazn\u00edkov. Nat\u00edvne aplik\u00e1cie zost\u00e1vaj\u00fa skvel\u00fdm sp\u00f4sobom, ako si u\u017ei\u0165 online kas\u00ednov\u00e9 hry na r\u00f4znych mobiln\u00fdch zariadeniach. Cel\u00fd proces spustenia zvy\u010dajne netrv\u00e1 dlho, tak\u017ee hoci HTML5 bude \u010fal\u0161\u00edm ve\u013ek\u00fdm krokom pre v\u0161etk\u00fdch oper\u00e1torov, ponuky, ktor\u00e9 s\u00fa teraz k dispoz\u00edcii, s\u00fa tie\u017e celkom \u00fa\u017easn\u00e9.<\/p>\n","protected":false},"excerpt":{"rendered":"<p>Online hazardn\u00e9 hry na mobiln\u00fdch zariadeniach HTML5 vs. nat\u00edvne aplik\u00e1cie \u2013 mo\u017enos\u0165 je na v\u00e1s! Pri poh\u013eade na dobr\u00fd adres\u00e1r hazardn\u00fdch hier je \u013eahk\u00e9 vidie\u0165, \u017ee existuje ve\u013ea skvel\u00fdch mo\u017enost\u00ed pre hr\u00e1\u010dov, ktor\u00ed si chc\u00fa vychutna\u0165 svoje ob\u013e\u00faben\u00e9 mo\u017enosti na internete. R\u00f4zne str\u00e1nky pon\u00fakaj\u00fa bezpe\u010dn\u00e9 online hazardn\u00e9 hry takmer v ka\u017edej kateg\u00f3rii, pri\u010dom poker, kas\u00edno [&hellip;]<\/p>\n","protected":false},"author":1,"featured_media":8572,"parent":8328,"menu_order":40,"comment_status":"closed","ping_status":"closed","template":"","meta":{"footnotes":""},"class_list":["post-8589","page","type-page","status-publish","has-post-thumbnail","hentry"],"yoast_head":"<!-- This site is optimized with the Yoast SEO plugin v27.4 - https:\/\/yoast.com\/product\/yoast-seo-wordpress\/ -->\n<title>Online hazardn\u00e9 hry na mobiln\u00fdch zariadeniach<\/title>\n<meta name=\"description\" content=\"Mobiln\u00e9 hazardn\u00e9 hry sa st\u00e1vaj\u00fa \u010doraz popul\u00e1rnej\u0161\u00edmi a aplik\u00e1cie z\u00edskavaj\u00fa lep\u0161iu grafiku a viac funkci\u00ed.\" \/>\n<meta name=\"robots\" content=\"index, follow, max-snippet:-1, max-image-preview:large, max-video-preview:-1\" \/>\n<link rel=\"canonical\" href=\"https:\/\/gambling6.com\/sk\/kasino\/mobilne-hranie-hazardne-hry-na-cestach\/\" \/>\n<meta property=\"og:locale\" content=\"sk_SK\" \/>\n<meta property=\"og:type\" content=\"article\" \/>\n<meta property=\"og:title\" content=\"Online hazardn\u00e9 hry na mobiln\u00fdch zariadeniach\" \/>\n<meta property=\"og:description\" content=\"Mobiln\u00e9 hazardn\u00e9 hry sa st\u00e1vaj\u00fa \u010doraz popul\u00e1rnej\u0161\u00edmi a aplik\u00e1cie z\u00edskavaj\u00fa lep\u0161iu grafiku a viac funkci\u00ed.\" \/>\n<meta property=\"og:url\" content=\"https:\/\/gambling6.com\/sk\/kasino\/mobilne-hranie-hazardne-hry-na-cestach\/\" \/>\n<meta property=\"og:site_name\" content=\"Gambling6\" \/>\n<meta property=\"article:modified_time\" content=\"2025-11-12T09:29:02+00:00\" \/>\n<meta property=\"og:image\" content=\"https:\/\/gambling6.com\/wp-content\/uploads\/2013\/12\/mobile-gambling-150x150.jpg\" \/>\n\t<meta property=\"og:image:width\" content=\"150\" \/>\n\t<meta property=\"og:image:height\" content=\"150\" \/>\n\t<meta property=\"og:image:type\" content=\"image\/jpeg\" \/>\n<meta name=\"twitter:card\" content=\"summary_large_image\" \/>\n<meta name=\"twitter:label1\" content=\"Predpokladan\u00fd \u010das \u010d\u00edtania\" \/>\n\t<meta name=\"twitter:data1\" content=\"4 min\u00faty\" \/>\n<script type=\"application\/ld+json\" class=\"yoast-schema-graph\">{\"@context\":\"https:\\\/\\\/schema.org\",\"@graph\":[{\"@type\":\"WebPage\",\"@id\":\"https:\\\/\\\/gambling6.com\\\/sk\\\/kasino\\\/mobilne-hranie-hazardne-hry-na-cestach\\\/\",\"url\":\"https:\\\/\\\/gambling6.com\\\/sk\\\/kasino\\\/mobilne-hranie-hazardne-hry-na-cestach\\\/\",\"name\":\"Online hazardn\u00e9 hry na mobiln\u00fdch zariadeniach\",\"isPartOf\":{\"@id\":\"https:\\\/\\\/gambling6.com\\\/sk\\\/#website\"},\"primaryImageOfPage\":{\"@id\":\"https:\\\/\\\/gambling6.com\\\/sk\\\/kasino\\\/mobilne-hranie-hazardne-hry-na-cestach\\\/#primaryimage\"},\"image\":{\"@id\":\"https:\\\/\\\/gambling6.com\\\/sk\\\/kasino\\\/mobilne-hranie-hazardne-hry-na-cestach\\\/#primaryimage\"},\"thumbnailUrl\":\"https:\\\/\\\/gambling6.com\\\/wp-content\\\/uploads\\\/2013\\\/12\\\/mobile-gambling-150x150.jpg\",\"datePublished\":\"2025-11-07T20:59:23+00:00\",\"dateModified\":\"2025-11-12T09:29:02+00:00\",\"description\":\"Mobiln\u00e9 hazardn\u00e9 hry sa st\u00e1vaj\u00fa \u010doraz popul\u00e1rnej\u0161\u00edmi a aplik\u00e1cie z\u00edskavaj\u00fa lep\u0161iu grafiku a viac funkci\u00ed.\",\"breadcrumb\":{\"@id\":\"https:\\\/\\\/gambling6.com\\\/sk\\\/kasino\\\/mobilne-hranie-hazardne-hry-na-cestach\\\/#breadcrumb\"},\"inLanguage\":\"sk-SK\",\"potentialAction\":[{\"@type\":\"ReadAction\",\"target\":[\"https:\\\/\\\/gambling6.com\\\/sk\\\/kasino\\\/mobilne-hranie-hazardne-hry-na-cestach\\\/\"]}]},{\"@type\":\"ImageObject\",\"inLanguage\":\"sk-SK\",\"@id\":\"https:\\\/\\\/gambling6.com\\\/sk\\\/kasino\\\/mobilne-hranie-hazardne-hry-na-cestach\\\/#primaryimage\",\"url\":\"https:\\\/\\\/gambling6.com\\\/wp-content\\\/uploads\\\/2013\\\/12\\\/mobile-gambling-150x150.jpg\",\"contentUrl\":\"https:\\\/\\\/gambling6.com\\\/wp-content\\\/uploads\\\/2013\\\/12\\\/mobile-gambling-150x150.jpg\",\"width\":150,\"height\":150,\"caption\":\"online slotmachine\"},{\"@type\":\"BreadcrumbList\",\"@id\":\"https:\\\/\\\/gambling6.com\\\/sk\\\/kasino\\\/mobilne-hranie-hazardne-hry-na-cestach\\\/#breadcrumb\",\"itemListElement\":[{\"@type\":\"ListItem\",\"position\":1,\"name\":\"Home\",\"item\":\"https:\\\/\\\/gambling6.com\\\/sk\\\/home\\\/\"},{\"@type\":\"ListItem\",\"position\":2,\"name\":\"Kas\u00edno\",\"item\":\"https:\\\/\\\/gambling6.com\\\/sk\\\/get-started-with-online-gambling\\\/\"},{\"@type\":\"ListItem\",\"position\":3,\"name\":\"Mobiln\u00e9 hranie \u2013 hazardn\u00e9 hry na cest\u00e1ch\"}]},{\"@type\":\"WebSite\",\"@id\":\"https:\\\/\\\/gambling6.com\\\/sk\\\/#website\",\"url\":\"https:\\\/\\\/gambling6.com\\\/sk\\\/\",\"name\":\"Gambling6\",\"description\":\"\",\"potentialAction\":[{\"@type\":\"SearchAction\",\"target\":{\"@type\":\"EntryPoint\",\"urlTemplate\":\"https:\\\/\\\/gambling6.com\\\/sk\\\/?s={search_term_string}\"},\"query-input\":{\"@type\":\"PropertyValueSpecification\",\"valueRequired\":true,\"valueName\":\"search_term_string\"}}],\"inLanguage\":\"sk-SK\"}]}<\/script>\n<!-- \/ Yoast SEO plugin. -->","yoast_head_json":{"title":"Online hazardn\u00e9 hry na mobiln\u00fdch zariadeniach","description":"Mobiln\u00e9 hazardn\u00e9 hry sa st\u00e1vaj\u00fa \u010doraz popul\u00e1rnej\u0161\u00edmi a aplik\u00e1cie z\u00edskavaj\u00fa lep\u0161iu grafiku a viac funkci\u00ed.","robots":{"index":"index","follow":"follow","max-snippet":"max-snippet:-1","max-image-preview":"max-image-preview:large","max-video-preview":"max-video-preview:-1"},"canonical":"https:\/\/gambling6.com\/sk\/kasino\/mobilne-hranie-hazardne-hry-na-cestach\/","og_locale":"sk_SK","og_type":"article","og_title":"Online hazardn\u00e9 hry na mobiln\u00fdch zariadeniach","og_description":"Mobiln\u00e9 hazardn\u00e9 hry sa st\u00e1vaj\u00fa \u010doraz popul\u00e1rnej\u0161\u00edmi a aplik\u00e1cie z\u00edskavaj\u00fa lep\u0161iu grafiku a viac funkci\u00ed.","og_url":"https:\/\/gambling6.com\/sk\/kasino\/mobilne-hranie-hazardne-hry-na-cestach\/","og_site_name":"Gambling6","article_modified_time":"2025-11-12T09:29:02+00:00","og_image":[{"width":150,"height":150,"url":"https:\/\/gambling6.com\/wp-content\/uploads\/2013\/12\/mobile-gambling-150x150.jpg","type":"image\/jpeg"}],"twitter_card":"summary_large_image","twitter_misc":{"Predpokladan\u00fd \u010das \u010d\u00edtania":"4 min\u00faty"},"schema":{"@context":"https:\/\/schema.org","@graph":[{"@type":"WebPage","@id":"https:\/\/gambling6.com\/sk\/kasino\/mobilne-hranie-hazardne-hry-na-cestach\/","url":"https:\/\/gambling6.com\/sk\/kasino\/mobilne-hranie-hazardne-hry-na-cestach\/","name":"Online hazardn\u00e9 hry na mobiln\u00fdch zariadeniach","isPartOf":{"@id":"https:\/\/gambling6.com\/sk\/#website"},"primaryImageOfPage":{"@id":"https:\/\/gambling6.com\/sk\/kasino\/mobilne-hranie-hazardne-hry-na-cestach\/#primaryimage"},"image":{"@id":"https:\/\/gambling6.com\/sk\/kasino\/mobilne-hranie-hazardne-hry-na-cestach\/#primaryimage"},"thumbnailUrl":"https:\/\/gambling6.com\/wp-content\/uploads\/2013\/12\/mobile-gambling-150x150.jpg","datePublished":"2025-11-07T20:59:23+00:00","dateModified":"2025-11-12T09:29:02+00:00","description":"Mobiln\u00e9 hazardn\u00e9 hry sa st\u00e1vaj\u00fa \u010doraz popul\u00e1rnej\u0161\u00edmi a aplik\u00e1cie z\u00edskavaj\u00fa lep\u0161iu grafiku a viac funkci\u00ed.","breadcrumb":{"@id":"https:\/\/gambling6.com\/sk\/kasino\/mobilne-hranie-hazardne-hry-na-cestach\/#breadcrumb"},"inLanguage":"sk-SK","potentialAction":[{"@type":"ReadAction","target":["https:\/\/gambling6.com\/sk\/kasino\/mobilne-hranie-hazardne-hry-na-cestach\/"]}]},{"@type":"ImageObject","inLanguage":"sk-SK","@id":"https:\/\/gambling6.com\/sk\/kasino\/mobilne-hranie-hazardne-hry-na-cestach\/#primaryimage","url":"https:\/\/gambling6.com\/wp-content\/uploads\/2013\/12\/mobile-gambling-150x150.jpg","contentUrl":"https:\/\/gambling6.com\/wp-content\/uploads\/2013\/12\/mobile-gambling-150x150.jpg","width":150,"height":150,"caption":"online slotmachine"},{"@type":"BreadcrumbList","@id":"https:\/\/gambling6.com\/sk\/kasino\/mobilne-hranie-hazardne-hry-na-cestach\/#breadcrumb","itemListElement":[{"@type":"ListItem","position":1,"name":"Home","item":"https:\/\/gambling6.com\/sk\/home\/"},{"@type":"ListItem","position":2,"name":"Kas\u00edno","item":"https:\/\/gambling6.com\/sk\/get-started-with-online-gambling\/"},{"@type":"ListItem","position":3,"name":"Mobiln\u00e9 hranie \u2013 hazardn\u00e9 hry na cest\u00e1ch"}]},{"@type":"WebSite","@id":"https:\/\/gambling6.com\/sk\/#website","url":"https:\/\/gambling6.com\/sk\/","name":"Gambling6","description":"","potentialAction":[{"@type":"SearchAction","target":{"@type":"EntryPoint","urlTemplate":"https:\/\/gambling6.com\/sk\/?s={search_term_string}"},"query-input":{"@type":"PropertyValueSpecification","valueRequired":true,"valueName":"search_term_string"}}],"inLanguage":"sk-SK"}]}},"_links":{"self":[{"href":"https:\/\/gambling6.com\/sk\/wp-json\/wp\/v2\/pages\/8589","targetHints":{"allow":["GET"]}}],"collection":[{"href":"https:\/\/gambling6.com\/sk\/wp-json\/wp\/v2\/pages"}],"about":[{"href":"https:\/\/gambling6.com\/sk\/wp-json\/wp\/v2\/types\/page"}],"author":[{"embeddable":true,"href":"https:\/\/gambling6.com\/sk\/wp-json\/wp\/v2\/users\/1"}],"replies":[{"embeddable":true,"href":"https:\/\/gambling6.com\/sk\/wp-json\/wp\/v2\/comments?post=8589"}],"version-history":[{"count":1,"href":"https:\/\/gambling6.com\/sk\/wp-json\/wp\/v2\/pages\/8589\/revisions"}],"predecessor-version":[{"id":10473,"href":"https:\/\/gambling6.com\/sk\/wp-json\/wp\/v2\/pages\/8589\/revisions\/10473"}],"up":[{"embeddable":true,"href":"https:\/\/gambling6.com\/sk\/wp-json\/wp\/v2\/pages\/8328"}],"wp:featuredmedia":[{"embeddable":true,"href":"https:\/\/gambling6.com\/sk\/wp-json\/wp\/v2\/media\/8572"}],"wp:attachment":[{"href":"https:\/\/gambling6.com\/sk\/wp-json\/wp\/v2\/media?parent=8589"}],"curies":[{"name":"wp","href":"https:\/\/api.w.org\/{rel}","templated":true}]}}