{"id":8652,"date":"2025-11-07T22:12:58","date_gmt":"2025-11-07T22:12:58","guid":{"rendered":"https:\/\/gambling6.com\/jocuri-pe-site-uri-europene-de-poker\/"},"modified":"2025-11-12T11:38:24","modified_gmt":"2025-11-12T11:38:24","slug":"jocuri-pe-site-uri-europene-de-poker","status":"publish","type":"page","link":"https:\/\/gambling6.com\/sk\/poker\/jocuri-pe-site-uri-europene-de-poker\/","title":{"rendered":"Hranie na eur\u00f3pskych pokrov\u00fdch str\u00e1nkach"},"content":{"rendered":"<h2>Aj eur\u00f3pske str\u00e1nky maj\u00fa poker.<\/h2>\n<p>V posledn\u00fdch rokoch popularita pokeru dosiahla nov\u00e9 v\u00fd\u0161ky. Eur\u00f3pske krajiny s\u00fa v\u00fdznamn\u00fdm trhom pre online pokrov\u00e9 str\u00e1nky a pr\u00edsne opatrenia americkej vl\u00e1dy proti online hazardn\u00fdm hr\u00e1m prin\u00fatili prev\u00e1dzkovate\u013eov zamera\u0165 sa na eur\u00f3psky trh. Hoci je \u017eiv\u00fd poker v\u00e1\u0161\u0148ou medzi Eur\u00f3panmi, online poker r\u00fdchlo dobieha hr\u00e1\u010dov, ktor\u00ed sa vyznaj\u00fa v pou\u017e\u00edvan\u00ed internetu. Krajiny ako Spojen\u00e9 kr\u00e1\u013eovstvo, Rak\u00fasko a Nemecko dokonca organizuj\u00fa medzin\u00e1rodn\u00e9 pokrov\u00e9 turn\u00e9 a turnaje.<\/p>\n<p><img loading=\"lazy\" decoding=\"async\" class=\"size-full wp-image-3075 alignright\" src=\"https:\/\/gambling6.com\/wp-content\/uploads\/2022\/04\/poker_bonusode_test_bericht.png\" alt=\"eur\u00f3pske pokrov\u00e9 str\u00e1nky\" width=\"246\" height=\"200\" \/>Eur\u00f3psky kontinent tvor\u00ed nieko\u013eko kraj\u00edn, ktor\u00e9 s\u00fa \u010dlenmi Eur\u00f3pskej \u00fanie (E\u00da). Online poker je v celej Eur\u00f3pskej \u00fanii vn\u00edman\u00fd priaznivo \u2013 v skuto\u010dnosti online pokrov\u00fdm str\u00e1nkam nebol zak\u00e1zan\u00fd provoz na eur\u00f3pskych trhoch. Ka\u017ed\u00e1 \u010dlensk\u00e1 krajina si v\u0161ak uplat\u0148uje vlastn\u00e9 z\u00e1kony t\u00fdkaj\u00face sa online hazardn\u00fdch hier. Vysvetlenie leg\u00e1lnosti online pokru v Eur\u00f3pe je preto dos\u0165 zlo\u017eit\u00e9. V\u0161etky \u010dlensk\u00e9 krajiny Eur\u00f3pskej \u00fanie musia akceptova\u0165 slu\u017eby z in\u00fdch \u010dlensk\u00fdch kraj\u00edn, ale ka\u017ed\u00e1 krajina m\u00e1 slobodu rozhodova\u0165 o leg\u00e1lnosti online hazardn\u00fdch hier.<\/p>\n<p>V d\u00f4sledku toho niektor\u00e9 \u010dlensk\u00e9 krajiny E\u00da zak\u00e1zali online hazardn\u00e9 hry, niektor\u00e9 ich legalizovali, zatia\u013e \u010do in\u00e9 zvolili nejednozna\u010dn\u00fd pr\u00edstup. Hoci je hazardn\u00e9 hranie online v poriadku, eur\u00f3pski online pokrov\u00ed hr\u00e1\u010di musia postupova\u0165 opatrne \u2013 odpor\u00fa\u010da sa, aby si predt\u00fdm, ako sa rozhodn\u00fa hra\u0165, overili miestne pravidl\u00e1 t\u00fdkaj\u00face sa online hazardn\u00fdch hier. Aj ke\u010f s\u00fa online pokrov\u00e9 str\u00e1nky zda\u0148ovan\u00e9 a regulovan\u00e9 Eur\u00f3pskou \u00faniou, existuj\u00fa rozdiely v z\u00e1konoch jednotliv\u00fdch \u010dlensk\u00fdch \u0161t\u00e1tov t\u00fdkaj\u00facich sa online hazardn\u00fdch hier.<\/p>\n<h2>Najlep\u0161ia online pokrov\u00e1 str\u00e1nka pre eur\u00f3pskych hr\u00e1\u010dov<\/h2>\n<p>Eur\u00f3pski online pokrov\u00ed hr\u00e1\u010di maj\u00fa ove\u013ea \u0161ir\u0161\u00ed v\u00fdber pokrov\u00fdch str\u00e1nok ako hr\u00e1\u010di z USA. Str\u00e1nka, ktor\u00e1 vy\u010dnieva z davu, je 888 Poker.<\/p>\n<p><span style=\"background-color: transparent;\"><strong>888 Poker<\/strong> je medzi eur\u00f3pskymi pokrov\u00fdmi str\u00e1nkami zn\u00e1me meno. A dokonca nov\u00fdm hr\u00e1\u010dom d\u00e1vaj\u00fa <span style=\"font-size: medium;\"><strong>bezplatn\u00fd bankroll 20 \u20ac \u2013 \u00faplne bezrizikov\u00fd \u0161tart do pokeru o skuto\u010dn\u00e9 peniaze<\/strong><\/span>! Navy\u0161e m\u00e1te n\u00e1rok na \u010fal\u0161\u00ed bonus 300 \u20ac pri \u010fal\u0161om vklade. <\/span><a class=\"thirstylink\" title=\"888 poker en\" href=\"https:\/\/gambling6.com\/go\/888-poker-en\/\" target=\"_blank\" rel=\"nofollow noopener\"><strong>Kliknite sem a zaregistrujte sa v 888 a za\u010dnite hra\u0165 s 20 \u20ac v skuto\u010dn\u00fdch peniazoch zadarmo.<\/strong><\/a><br \/>\n<a href=\"https:\/\/ic.aff-handler.com\/C\/46138?sr=1073333&amp;anid=\" rel=\"nofollow\"><img loading=\"lazy\" decoding=\"async\" class=\"aligncenter\" src=\"https:\/\/ic.aff-handler.com\/I\/46138?sr=1073333&amp;anid=\" width=\"530\" height=\"68\" \/><\/a><\/p>\n<p>Napr\u00edklad Spojen\u00e9 kr\u00e1\u013eovstvo umo\u017e\u0148uje svojim ob\u010danom hra\u0165 hazardn\u00e9 hry online a tie\u017e povo\u013euje zahrani\u010dn\u00fdm hazardn\u00fdm str\u00e1nkam p\u00f4sobi\u0165 v krajine. Holandsko povo\u013euje hra\u0165 na online pokrov\u00fdch str\u00e1nkach iba obyvate\u013eom, ktor\u00ed maj\u00fa holandsk\u00fa licenciu. V\u00fdchodoeur\u00f3pske krajiny sa na druhej strane nezapojili do pretekov v online hazardn\u00fdch hr\u00e1ch, ale v poslednej dobe sa s \u013eahk\u00fdm pr\u00edstupom na internet aj ony zapojili do boja. Ned\u00e1vno bol E\u00da predlo\u017een\u00fd n\u00e1vrh, ktor\u00fd vyz\u00fdva na jednotn\u00fd regula\u010dn\u00fd syst\u00e9m pre online hazardn\u00e9 hry vo v\u0161etk\u00fdch \u010dlensk\u00fdch \u0161t\u00e1toch. To by pomohlo \u0161tandardizova\u0165 proces ude\u013eovania licenci\u00ed v celej Eur\u00f3pe a zjednodu\u0161i\u0165 ho.<\/p>\n<p>\u010co sa t\u00fdka hr\u00e1\u010dov na eur\u00f3pskych pokrov\u00fdch str\u00e1nkach, vz\u0165ahuj\u00fa sa na nich iba da\u0148ov\u00e9 z\u00e1kony. Hr\u00e1\u010di s\u00fa zda\u0148ovan\u00ed svojimi pr\u00edslu\u0161n\u00fdmi krajinami a E\u00da, ke\u010f vkladaj\u00fa peniaze na online pokrov\u00fa str\u00e1nku so s\u00eddlom v zahrani\u010d\u00ed. R\u00f4zne krajiny v Eur\u00f3pe hovoria in\u00fdmi jazykmi. Eur\u00f3pske pokrov\u00e9 str\u00e1nky sa vo v\u0161eobecnosti zameriavaj\u00fa na svoju klientelu v miestnom jazyku. Niektor\u00e9 z hlavn\u00fdch pokrov\u00fdch str\u00e1nok v\u0161ak dnes pon\u00fakaj\u00fa svoje webov\u00e9 str\u00e1nky v r\u00f4znych jazykoch, preto\u017ee ich pokrov\u00fd softv\u00e9r podporuje viacero jazykov.<\/p>\n<p>Z\u00e1kazn\u00edcka podpora je poskytovan\u00e1 aj v r\u00f4znych jazykoch. Okrem angli\u010dtiny m\u00f4\u017ee pokrov\u00e1 str\u00e1nka pon\u00faka\u0165 franc\u00faz\u0161tinu, \u0161paniel\u010dinu, nem\u010dinu, holand\u010dinu, d\u00e1n\u010dinu, talian\u010dinu, n\u00f3r\u010dinu, portugal\u010dinu at\u010f. Rovnako ako v pr\u00edpade jazykov, aj eur\u00f3pske pokrov\u00e9 str\u00e1nky akceptuj\u00fa r\u00f4zne meny. Hoci prim\u00e1rnymi menami s\u00fa americk\u00e9 dol\u00e1re alebo britsk\u00e9 libry, euro je spolo\u010dnou menou v E\u00da. Pokerov\u00ed hr\u00e1\u010di z Eur\u00f3py uprednost\u0148uj\u00fa euro alebo britsk\u00fa libru pri vkladoch na online pokrov\u00fdch str\u00e1nkach.<\/p>\n<p>Eur\u00f3pske pokrov\u00e9 str\u00e1nky vo v\u0161eobecnosti pon\u00fakaj\u00fa nieko\u013eko mo\u017enost\u00ed vkladu a v\u00fdberu, ktor\u00e9 vyhovuj\u00fa z\u00e1kazn\u00edkom z r\u00f4znych kraj\u00edn Eur\u00f3pskej \u00fanie. Medzi \u0161tandardn\u00e9 platobn\u00e9 met\u00f3dy na online pokrov\u00fdch str\u00e1nkach patria debetn\u00e9 karty, kreditn\u00e9 karty, elektronick\u00e9 pe\u0148a\u017eenky, bankov\u00e9 prevody, bankov\u00e9 prevody a elektronick\u00e9 \u0161eky. Najjednoduch\u0161ou a najob\u013e\u00fabenej\u0161ou met\u00f3dou financovania online pokrov\u00e9ho \u00fa\u010dtu je kreditn\u00e1 karta. Niektor\u00ed vydavatelia kreditn\u00fdch kariet v\u0161ak nemusia schva\u013eova\u0165 transakcie pre online hazardn\u00e9 hry, preto je najlep\u0161ie si to pred v\u00fdberom tejto met\u00f3dy overi\u0165.<\/p>\n<p>Mnoh\u00ed pokrov\u00ed hr\u00e1\u010di pova\u017euj\u00fa za pohodln\u00e9 financova\u0165 svoje online pokrov\u00e9 \u00fa\u010dty pomocou elektronick\u00fdch pe\u0148a\u017eeniek. Hr\u00e1\u010di si m\u00f4\u017eu otvori\u0165 \u00fa\u010det v ktorejko\u013evek zo slu\u017eieb elektronick\u00fdch pe\u0148a\u017eeniek a financova\u0165 \u00fa\u010det prostredn\u00edctvom svojej banky. Elektronick\u00e1 stena\u00da\u010det e-pe\u0148a\u017eeniek sa d\u00e1 n\u00e1sledne pou\u017ei\u0165 na vkladanie pe\u0148az\u00ed na pokrov\u00fd \u00fa\u010det. Medzi popul\u00e1rne elektronick\u00e9 pe\u0148a\u017eenky pon\u00fakan\u00e9 eur\u00f3pskymi spolo\u010dnos\u0165ami patria okrem in\u00e9ho Neteller, Moneybookers a e-WalletXpress. Hr\u00e1\u010d si m\u00f4\u017ee vybra\u0165 z mnoh\u00fdch \u010fal\u0161\u00edch elektronick\u00fdch pe\u0148a\u017eeniek v z\u00e1vislosti od ich vhodnosti.<\/p>\n","protected":false},"excerpt":{"rendered":"<p>Aj eur\u00f3pske str\u00e1nky maj\u00fa poker. V posledn\u00fdch rokoch popularita pokeru dosiahla nov\u00e9 v\u00fd\u0161ky. Eur\u00f3pske krajiny s\u00fa v\u00fdznamn\u00fdm trhom pre online pokrov\u00e9 str\u00e1nky a pr\u00edsne opatrenia americkej vl\u00e1dy proti online hazardn\u00fdm hr\u00e1m prin\u00fatili prev\u00e1dzkovate\u013eov zamera\u0165 sa na eur\u00f3psky trh. Hoci je \u017eiv\u00fd poker v\u00e1\u0161\u0148ou medzi Eur\u00f3panmi, online poker r\u00fdchlo dobieha hr\u00e1\u010dov, ktor\u00ed sa vyznaj\u00fa v pou\u017e\u00edvan\u00ed [&hellip;]<\/p>\n","protected":false},"author":1,"featured_media":0,"parent":8804,"menu_order":22,"comment_status":"closed","ping_status":"closed","template":"","meta":{"footnotes":""},"class_list":["post-8652","page","type-page","status-publish","hentry"],"yoast_head":"<!-- This site is optimized with the Yoast SEO plugin v27.3 - https:\/\/yoast.com\/product\/yoast-seo-wordpress\/ -->\n<title>Najlep\u0161ie eur\u00f3pske pokerov\u00e9 str\u00e1nky<\/title>\n<meta name=\"description\" content=\"Eur\u00f3pski pokrov\u00ed hr\u00e1\u010di maj\u00fa na v\u00fdber ve\u013ea str\u00e1nok \u2013 tu s\u00fa na\u0161e ob\u013e\u00faben\u00e9 pokrov\u00e9 herne z E\u00da\" \/>\n<meta name=\"robots\" content=\"index, follow, max-snippet:-1, max-image-preview:large, max-video-preview:-1\" \/>\n<link rel=\"canonical\" href=\"https:\/\/gambling6.com\/sk\/poker\/jocuri-pe-site-uri-europene-de-poker\/\" \/>\n<meta property=\"og:locale\" content=\"sk_SK\" \/>\n<meta property=\"og:type\" content=\"article\" \/>\n<meta property=\"og:title\" content=\"Najlep\u0161ie eur\u00f3pske pokerov\u00e9 str\u00e1nky\" \/>\n<meta property=\"og:description\" content=\"Eur\u00f3pski pokrov\u00ed hr\u00e1\u010di maj\u00fa na v\u00fdber ve\u013ea str\u00e1nok \u2013 tu s\u00fa na\u0161e ob\u013e\u00faben\u00e9 pokrov\u00e9 herne z E\u00da\" \/>\n<meta property=\"og:url\" content=\"https:\/\/gambling6.com\/sk\/poker\/jocuri-pe-site-uri-europene-de-poker\/\" \/>\n<meta property=\"og:site_name\" content=\"Gambling6\" \/>\n<meta property=\"article:modified_time\" content=\"2025-11-12T11:38:24+00:00\" \/>\n<meta property=\"og:image\" content=\"https:\/\/gambling6.com\/wp-content\/uploads\/2022\/04\/poker_bonusode_test_bericht.png\" \/>\n\t<meta property=\"og:image:width\" content=\"246\" \/>\n\t<meta property=\"og:image:height\" content=\"200\" \/>\n\t<meta property=\"og:image:type\" content=\"image\/png\" \/>\n<meta name=\"twitter:card\" content=\"summary_large_image\" \/>\n<meta name=\"twitter:label1\" content=\"Predpokladan\u00fd \u010das \u010d\u00edtania\" \/>\n\t<meta name=\"twitter:data1\" content=\"5 min\u00fat\" \/>\n<script type=\"application\/ld+json\" class=\"yoast-schema-graph\">{\"@context\":\"https:\\\/\\\/schema.org\",\"@graph\":[{\"@type\":\"WebPage\",\"@id\":\"https:\\\/\\\/gambling6.com\\\/sk\\\/poker\\\/jocuri-pe-site-uri-europene-de-poker\\\/\",\"url\":\"https:\\\/\\\/gambling6.com\\\/sk\\\/poker\\\/jocuri-pe-site-uri-europene-de-poker\\\/\",\"name\":\"Najlep\u0161ie eur\u00f3pske pokerov\u00e9 str\u00e1nky\",\"isPartOf\":{\"@id\":\"https:\\\/\\\/gambling6.com\\\/sk\\\/#website\"},\"primaryImageOfPage\":{\"@id\":\"https:\\\/\\\/gambling6.com\\\/sk\\\/poker\\\/jocuri-pe-site-uri-europene-de-poker\\\/#primaryimage\"},\"image\":{\"@id\":\"https:\\\/\\\/gambling6.com\\\/sk\\\/poker\\\/jocuri-pe-site-uri-europene-de-poker\\\/#primaryimage\"},\"thumbnailUrl\":\"https:\\\/\\\/gambling6.com\\\/wp-content\\\/uploads\\\/2022\\\/04\\\/poker_bonusode_test_bericht.png\",\"datePublished\":\"2025-11-07T22:12:58+00:00\",\"dateModified\":\"2025-11-12T11:38:24+00:00\",\"description\":\"Eur\u00f3pski pokrov\u00ed hr\u00e1\u010di maj\u00fa na v\u00fdber ve\u013ea str\u00e1nok \u2013 tu s\u00fa na\u0161e ob\u013e\u00faben\u00e9 pokrov\u00e9 herne z E\u00da\",\"breadcrumb\":{\"@id\":\"https:\\\/\\\/gambling6.com\\\/sk\\\/poker\\\/jocuri-pe-site-uri-europene-de-poker\\\/#breadcrumb\"},\"inLanguage\":\"sk-SK\",\"potentialAction\":[{\"@type\":\"ReadAction\",\"target\":[\"https:\\\/\\\/gambling6.com\\\/sk\\\/poker\\\/jocuri-pe-site-uri-europene-de-poker\\\/\"]}]},{\"@type\":\"ImageObject\",\"inLanguage\":\"sk-SK\",\"@id\":\"https:\\\/\\\/gambling6.com\\\/sk\\\/poker\\\/jocuri-pe-site-uri-europene-de-poker\\\/#primaryimage\",\"url\":\"https:\\\/\\\/gambling6.com\\\/wp-content\\\/uploads\\\/2022\\\/04\\\/poker_bonusode_test_bericht.png\",\"contentUrl\":\"https:\\\/\\\/gambling6.com\\\/wp-content\\\/uploads\\\/2022\\\/04\\\/poker_bonusode_test_bericht.png\"},{\"@type\":\"BreadcrumbList\",\"@id\":\"https:\\\/\\\/gambling6.com\\\/sk\\\/poker\\\/jocuri-pe-site-uri-europene-de-poker\\\/#breadcrumb\",\"itemListElement\":[{\"@type\":\"ListItem\",\"position\":1,\"name\":\"Home\",\"item\":\"https:\\\/\\\/gambling6.com\\\/sk\\\/home\\\/\"},{\"@type\":\"ListItem\",\"position\":2,\"name\":\"Poker\",\"item\":\"https:\\\/\\\/gambling6.com\\\/sk\\\/poker\\\/\"},{\"@type\":\"ListItem\",\"position\":3,\"name\":\"Hranie na eur\u00f3pskych pokrov\u00fdch str\u00e1nkach\"}]},{\"@type\":\"WebSite\",\"@id\":\"https:\\\/\\\/gambling6.com\\\/sk\\\/#website\",\"url\":\"https:\\\/\\\/gambling6.com\\\/sk\\\/\",\"name\":\"Gambling6\",\"description\":\"\",\"potentialAction\":[{\"@type\":\"SearchAction\",\"target\":{\"@type\":\"EntryPoint\",\"urlTemplate\":\"https:\\\/\\\/gambling6.com\\\/sk\\\/?s={search_term_string}\"},\"query-input\":{\"@type\":\"PropertyValueSpecification\",\"valueRequired\":true,\"valueName\":\"search_term_string\"}}],\"inLanguage\":\"sk-SK\"}]}<\/script>\n<!-- \/ Yoast SEO plugin. -->","yoast_head_json":{"title":"Najlep\u0161ie eur\u00f3pske pokerov\u00e9 str\u00e1nky","description":"Eur\u00f3pski pokrov\u00ed hr\u00e1\u010di maj\u00fa na v\u00fdber ve\u013ea str\u00e1nok \u2013 tu s\u00fa na\u0161e ob\u013e\u00faben\u00e9 pokrov\u00e9 herne z E\u00da","robots":{"index":"index","follow":"follow","max-snippet":"max-snippet:-1","max-image-preview":"max-image-preview:large","max-video-preview":"max-video-preview:-1"},"canonical":"https:\/\/gambling6.com\/sk\/poker\/jocuri-pe-site-uri-europene-de-poker\/","og_locale":"sk_SK","og_type":"article","og_title":"Najlep\u0161ie eur\u00f3pske pokerov\u00e9 str\u00e1nky","og_description":"Eur\u00f3pski pokrov\u00ed hr\u00e1\u010di maj\u00fa na v\u00fdber ve\u013ea str\u00e1nok \u2013 tu s\u00fa na\u0161e ob\u013e\u00faben\u00e9 pokrov\u00e9 herne z E\u00da","og_url":"https:\/\/gambling6.com\/sk\/poker\/jocuri-pe-site-uri-europene-de-poker\/","og_site_name":"Gambling6","article_modified_time":"2025-11-12T11:38:24+00:00","og_image":[{"width":246,"height":200,"url":"https:\/\/gambling6.com\/wp-content\/uploads\/2022\/04\/poker_bonusode_test_bericht.png","type":"image\/png"}],"twitter_card":"summary_large_image","twitter_misc":{"Predpokladan\u00fd \u010das \u010d\u00edtania":"5 min\u00fat"},"schema":{"@context":"https:\/\/schema.org","@graph":[{"@type":"WebPage","@id":"https:\/\/gambling6.com\/sk\/poker\/jocuri-pe-site-uri-europene-de-poker\/","url":"https:\/\/gambling6.com\/sk\/poker\/jocuri-pe-site-uri-europene-de-poker\/","name":"Najlep\u0161ie eur\u00f3pske pokerov\u00e9 str\u00e1nky","isPartOf":{"@id":"https:\/\/gambling6.com\/sk\/#website"},"primaryImageOfPage":{"@id":"https:\/\/gambling6.com\/sk\/poker\/jocuri-pe-site-uri-europene-de-poker\/#primaryimage"},"image":{"@id":"https:\/\/gambling6.com\/sk\/poker\/jocuri-pe-site-uri-europene-de-poker\/#primaryimage"},"thumbnailUrl":"https:\/\/gambling6.com\/wp-content\/uploads\/2022\/04\/poker_bonusode_test_bericht.png","datePublished":"2025-11-07T22:12:58+00:00","dateModified":"2025-11-12T11:38:24+00:00","description":"Eur\u00f3pski pokrov\u00ed hr\u00e1\u010di maj\u00fa na v\u00fdber ve\u013ea str\u00e1nok \u2013 tu s\u00fa na\u0161e ob\u013e\u00faben\u00e9 pokrov\u00e9 herne z E\u00da","breadcrumb":{"@id":"https:\/\/gambling6.com\/sk\/poker\/jocuri-pe-site-uri-europene-de-poker\/#breadcrumb"},"inLanguage":"sk-SK","potentialAction":[{"@type":"ReadAction","target":["https:\/\/gambling6.com\/sk\/poker\/jocuri-pe-site-uri-europene-de-poker\/"]}]},{"@type":"ImageObject","inLanguage":"sk-SK","@id":"https:\/\/gambling6.com\/sk\/poker\/jocuri-pe-site-uri-europene-de-poker\/#primaryimage","url":"https:\/\/gambling6.com\/wp-content\/uploads\/2022\/04\/poker_bonusode_test_bericht.png","contentUrl":"https:\/\/gambling6.com\/wp-content\/uploads\/2022\/04\/poker_bonusode_test_bericht.png"},{"@type":"BreadcrumbList","@id":"https:\/\/gambling6.com\/sk\/poker\/jocuri-pe-site-uri-europene-de-poker\/#breadcrumb","itemListElement":[{"@type":"ListItem","position":1,"name":"Home","item":"https:\/\/gambling6.com\/sk\/home\/"},{"@type":"ListItem","position":2,"name":"Poker","item":"https:\/\/gambling6.com\/sk\/poker\/"},{"@type":"ListItem","position":3,"name":"Hranie na eur\u00f3pskych pokrov\u00fdch str\u00e1nkach"}]},{"@type":"WebSite","@id":"https:\/\/gambling6.com\/sk\/#website","url":"https:\/\/gambling6.com\/sk\/","name":"Gambling6","description":"","potentialAction":[{"@type":"SearchAction","target":{"@type":"EntryPoint","urlTemplate":"https:\/\/gambling6.com\/sk\/?s={search_term_string}"},"query-input":{"@type":"PropertyValueSpecification","valueRequired":true,"valueName":"search_term_string"}}],"inLanguage":"sk-SK"}]}},"_links":{"self":[{"href":"https:\/\/gambling6.com\/sk\/wp-json\/wp\/v2\/pages\/8652","targetHints":{"allow":["GET"]}}],"collection":[{"href":"https:\/\/gambling6.com\/sk\/wp-json\/wp\/v2\/pages"}],"about":[{"href":"https:\/\/gambling6.com\/sk\/wp-json\/wp\/v2\/types\/page"}],"author":[{"embeddable":true,"href":"https:\/\/gambling6.com\/sk\/wp-json\/wp\/v2\/users\/1"}],"replies":[{"embeddable":true,"href":"https:\/\/gambling6.com\/sk\/wp-json\/wp\/v2\/comments?post=8652"}],"version-history":[{"count":1,"href":"https:\/\/gambling6.com\/sk\/wp-json\/wp\/v2\/pages\/8652\/revisions"}],"predecessor-version":[{"id":8657,"href":"https:\/\/gambling6.com\/sk\/wp-json\/wp\/v2\/pages\/8652\/revisions\/8657"}],"up":[{"embeddable":true,"href":"https:\/\/gambling6.com\/sk\/wp-json\/wp\/v2\/pages\/8804"}],"wp:attachment":[{"href":"https:\/\/gambling6.com\/sk\/wp-json\/wp\/v2\/media?parent=8652"}],"curies":[{"name":"wp","href":"https:\/\/api.w.org\/{rel}","templated":true}]}}