{"id":8702,"date":"2025-11-07T22:54:58","date_gmt":"2025-11-07T22:54:58","guid":{"rendered":"https:\/\/gambling6.com\/stieracie-zreby\/"},"modified":"2025-11-07T22:54:58","modified_gmt":"2025-11-07T22:54:58","slug":"stieracie-zreby","status":"publish","type":"page","link":"https:\/\/gambling6.com\/sk\/stieracie-zreby\/","title":{"rendered":"Stieracie \u017ereby"},"content":{"rendered":"<p>Ak m\u00e1te radi vzru\u0161enie z hrania stierac\u00edch \u017erebov alebo in\u00fdch hier s okam\u017eitou v\u00fdhrou, <strong>zamilujete si na\u0161e odpor\u00fa\u010danie webov\u00fdch str\u00e1nok na hranie stierac\u00edch \u017erebov online.<\/strong> Na internete existuje ve\u013ea mo\u017enost\u00ed, ako hra\u0165 stieracie \u017ereby. V\u0161etky tieto str\u00e1nky pon\u00fakaj\u00fa registra\u010dn\u00e9 bonusy a dobr\u00fd v\u00fdber produktov. M\u00f4\u017eete sa zaregistrova\u0165, vybra\u0165 si sp\u00f4sob platby, dobi\u0165 si \u00fa\u010det a za\u010da\u0165 hra\u0165 o p\u00e1r min\u00fat.<img loading=\"lazy\" decoding=\"async\" class=\" alignright wp-image-511\" style=\"margin: 10px; border: 5px solid #ffffff; float: right;\" src=\"http:\/\/gambling6.com\/wp-content\/uploads\/2013\/12\/best_online_scratchcards.jpg\" alt=\"najlep\u0161ie online stieracie \u017ereby\" width=\"299\" height=\"163\" srcset=\"https:\/\/gambling6.com\/wp-content\/uploads\/2013\/12\/best_online_scratchcards.jpg 446w, https:\/\/gambling6.com\/wp-content\/uploads\/2013\/12\/best_online_scratchcards-300x163.jpg 300w\" sizes=\"auto, (max-width: 299px) 100vw, 299px\" \/><\/p>\n<h2>Online str\u00e1nky so stierac\u00edmi \u017erebmi pon\u00fakaj\u00fa skvel\u00fa anim\u00e1ciu<\/h2>\n<p>Na rozdiel od hier, ktor\u00e9 hr\u00e1te na kart\u00e1ch od v\u00e1\u0161ho ob\u013e\u00faben\u00e9ho predajcu lot\u00e9ri\u00ed, online verzie stierac\u00edch \u017erebov pon\u00fakaj\u00fa vzru\u0161uj\u00facu anim\u00e1ciu, ktor\u00e1 vytv\u00e1ra z\u00e1bavn\u00e9 prostredie. Vzru\u0161enie z v\u00fdhry a n\u00e1val adrenal\u00ednu, ktor\u00fd hr\u00e1\u010d za\u017e\u00edva pri poh\u013eade na v\u00fdhern\u00e9 polo\u017eky na obrazovke, s\u00fa to, \u010do ho n\u00fati vraca\u0165 sa na webov\u00e9 str\u00e1nky so stierac\u00edmi \u017erebmi online. Tieto str\u00e1nky pridali vizu\u00e1lne pom\u00f4cky na zv\u00fd\u0161enie nap\u00e4tia a vzru\u0161enia.<\/p>\n<h2>\u017dreby s okam\u017eitou v\u00fdhrou v kas\u00edne 888 s\u00fa ur\u010den\u00e9 pre eur\u00f3pskych a britsk\u00fdch hr\u00e1\u010dov<\/h2>\n<p>Kas\u00edno 888 je medzin\u00e1rodne zn\u00e1me ako kas\u00edno svetovej triedy, ale je to aj siln\u00e1 sila, s ktorou treba po\u010d\u00edta\u0165 v online stierac\u00edch \u017ereboch. <a class=\"thirstylink\" title=\"888 casino en\" href=\"https:\/\/gambling6.com\/go\/888-casino-en\/\" target=\"_blank\" rel=\"nofollow noopener\">Sekciu stierac\u00edch \u017erebov m\u00f4\u017eete nav\u0161t\u00edvi\u0165 kliknut\u00edm sem.<\/a><\/p>\n<p>\u010co presne uvid\u00edte v online stierac\u00edch \u017ereboch v kas\u00edne 888? A \u010do je najd\u00f4le\u017eitej\u0161ie, hr\u00e1\u010di si zamiluj\u00fa po\u010det pon\u00fakan\u00fdch \u017erebov. M\u00f4\u017eete si zahra\u0165 viac ako 40 r\u00f4znych hier a ak v\u00e1s omrz\u00ed hranie stierac\u00edch \u017erebov, m\u00f4\u017eete r\u00fdchlo prejs\u0165 na ich stovky online hrac\u00edch automatov s progres\u00edvnymi jackpotmi a hernou ponukou pre v\u0161etk\u00fdch hr\u00e1\u010dov. Mnoh\u00e9 z t\u00fdchto automatov za\u010d\u00ednaj\u00fa ako penny sloty s fantastick\u00fdmi v\u00fdplatami.<\/p>\n<p>T\u00e1to str\u00e1nka pon\u00faka \u0161irok\u00fa \u0161k\u00e1lu kas\u00ednov\u00fdch hier, ale aj poker a \u0161portov\u00e9 st\u00e1vkovanie.<\/p>\n<p>Vzru\u0161enie z 888 Casino poh\u00e1\u0148a t\u00edm podpory, ktor\u00fd je zodpovedn\u00fd za vytvorenie prostredia, ktor\u00e9 v\u00e1s n\u00fati vraca\u0165 sa. Neust\u00e1le vym\u00fd\u0161\u013eaj\u00fa nov\u00e9 sp\u00f4soby, ako v\u00e1m poskytn\u00fa\u0165 nov\u00e9 hry a nov\u00e9 sp\u00f4soby, ako vyhra\u0165, a pritom v\u00e1s informuj\u00fa o ka\u017edom kroku.<\/p>\n<p>Skombinujte obrovsk\u00e9 jackpoty s mno\u017estvom hern\u00fdch titulov a pridajte t\u00edm svetovej triedy, ktor\u00fd pracuje vo dne v noci, aby v\u00e1m poskytol nov\u00e9 programy, ktor\u00e9 v\u00e1s zabavia, a m\u00e1te lahodn\u00fa zmes bla\u017eenosti zo stierac\u00edch \u017erebov. Ur\u010dite sa zapojte do akcie so stierac\u00edmi \u017erebmi v 888 Casino.<\/p>\n","protected":false},"excerpt":{"rendered":"<p>Ak m\u00e1te radi vzru\u0161enie z hrania stierac\u00edch \u017erebov alebo in\u00fdch hier s okam\u017eitou v\u00fdhrou, zamilujete si na\u0161e odpor\u00fa\u010danie webov\u00fdch str\u00e1nok na hranie stierac\u00edch \u017erebov online. Na internete existuje ve\u013ea mo\u017enost\u00ed, ako hra\u0165 stieracie \u017ereby. V\u0161etky tieto str\u00e1nky pon\u00fakaj\u00fa registra\u010dn\u00e9 bonusy a dobr\u00fd v\u00fdber produktov. M\u00f4\u017eete sa zaregistrova\u0165, vybra\u0165 si sp\u00f4sob platby, dobi\u0165 si \u00fa\u010det a [&hellip;]<\/p>\n","protected":false},"author":1,"featured_media":8693,"parent":0,"menu_order":7,"comment_status":"closed","ping_status":"closed","template":"","meta":{"footnotes":""},"class_list":["post-8702","page","type-page","status-publish","has-post-thumbnail","hentry"],"yoast_head":"<!-- This site is optimized with the Yoast SEO plugin v27.3 - https:\/\/yoast.com\/product\/yoast-seo-wordpress\/ -->\n<title>Ktor\u00e9 s\u00fa najlep\u0161ie webov\u00e9 str\u00e1nky so stierac\u00edmi \u017erebmi online?<\/title>\n<meta name=\"description\" content=\"Za\u010dnite hra\u0165 na najlep\u0161ej webovej str\u00e1nke pre online stieracie \u017ereby. K dispoz\u00edcii s\u00fa desiatky stierac\u00edch \u017erebov v \u0161irokej \u0161k\u00e1le v\u00fdhier.\" \/>\n<meta name=\"robots\" content=\"index, follow, max-snippet:-1, max-image-preview:large, max-video-preview:-1\" \/>\n<link rel=\"canonical\" href=\"https:\/\/gambling6.com\/sk\/stieracie-zreby\/\" \/>\n<meta property=\"og:locale\" content=\"sk_SK\" \/>\n<meta property=\"og:type\" content=\"article\" \/>\n<meta property=\"og:title\" content=\"Ktor\u00e9 s\u00fa najlep\u0161ie webov\u00e9 str\u00e1nky so stierac\u00edmi \u017erebmi online?\" \/>\n<meta property=\"og:description\" content=\"Za\u010dnite hra\u0165 na najlep\u0161ej webovej str\u00e1nke pre online stieracie \u017ereby. K dispoz\u00edcii s\u00fa desiatky stierac\u00edch \u017erebov v \u0161irokej \u0161k\u00e1le v\u00fdhier.\" \/>\n<meta property=\"og:url\" content=\"https:\/\/gambling6.com\/sk\/stieracie-zreby\/\" \/>\n<meta property=\"og:site_name\" content=\"Gambling6\" \/>\n<meta property=\"og:image\" content=\"https:\/\/gambling6.com\/wp-content\/uploads\/2013\/12\/best_online_scratchcards.jpg\" \/>\n\t<meta property=\"og:image:width\" content=\"446\" \/>\n\t<meta property=\"og:image:height\" content=\"243\" \/>\n\t<meta property=\"og:image:type\" content=\"image\/jpeg\" \/>\n<meta name=\"twitter:card\" content=\"summary_large_image\" \/>\n<meta name=\"twitter:label1\" content=\"Predpokladan\u00fd \u010das \u010d\u00edtania\" \/>\n\t<meta name=\"twitter:data1\" content=\"2 min\u00faty\" \/>\n<script type=\"application\/ld+json\" class=\"yoast-schema-graph\">{\"@context\":\"https:\\\/\\\/schema.org\",\"@graph\":[{\"@type\":\"WebPage\",\"@id\":\"https:\\\/\\\/gambling6.com\\\/sk\\\/stieracie-zreby\\\/\",\"url\":\"https:\\\/\\\/gambling6.com\\\/sk\\\/stieracie-zreby\\\/\",\"name\":\"Ktor\u00e9 s\u00fa najlep\u0161ie webov\u00e9 str\u00e1nky so stierac\u00edmi \u017erebmi online?\",\"isPartOf\":{\"@id\":\"https:\\\/\\\/gambling6.com\\\/sk\\\/#website\"},\"primaryImageOfPage\":{\"@id\":\"https:\\\/\\\/gambling6.com\\\/sk\\\/stieracie-zreby\\\/#primaryimage\"},\"image\":{\"@id\":\"https:\\\/\\\/gambling6.com\\\/sk\\\/stieracie-zreby\\\/#primaryimage\"},\"thumbnailUrl\":\"https:\\\/\\\/gambling6.com\\\/wp-content\\\/uploads\\\/2013\\\/12\\\/best_online_scratchcards.jpg\",\"datePublished\":\"2025-11-07T22:54:58+00:00\",\"description\":\"Za\u010dnite hra\u0165 na najlep\u0161ej webovej str\u00e1nke pre online stieracie \u017ereby. K dispoz\u00edcii s\u00fa desiatky stierac\u00edch \u017erebov v \u0161irokej \u0161k\u00e1le v\u00fdhier.\",\"breadcrumb\":{\"@id\":\"https:\\\/\\\/gambling6.com\\\/sk\\\/stieracie-zreby\\\/#breadcrumb\"},\"inLanguage\":\"sk-SK\",\"potentialAction\":[{\"@type\":\"ReadAction\",\"target\":[\"https:\\\/\\\/gambling6.com\\\/sk\\\/stieracie-zreby\\\/\"]}]},{\"@type\":\"ImageObject\",\"inLanguage\":\"sk-SK\",\"@id\":\"https:\\\/\\\/gambling6.com\\\/sk\\\/stieracie-zreby\\\/#primaryimage\",\"url\":\"https:\\\/\\\/gambling6.com\\\/wp-content\\\/uploads\\\/2013\\\/12\\\/best_online_scratchcards.jpg\",\"contentUrl\":\"https:\\\/\\\/gambling6.com\\\/wp-content\\\/uploads\\\/2013\\\/12\\\/best_online_scratchcards.jpg\",\"width\":446,\"height\":243},{\"@type\":\"BreadcrumbList\",\"@id\":\"https:\\\/\\\/gambling6.com\\\/sk\\\/stieracie-zreby\\\/#breadcrumb\",\"itemListElement\":[{\"@type\":\"ListItem\",\"position\":1,\"name\":\"Home\",\"item\":\"https:\\\/\\\/gambling6.com\\\/sk\\\/home\\\/\"},{\"@type\":\"ListItem\",\"position\":2,\"name\":\"Stieracie \u017ereby\"}]},{\"@type\":\"WebSite\",\"@id\":\"https:\\\/\\\/gambling6.com\\\/sk\\\/#website\",\"url\":\"https:\\\/\\\/gambling6.com\\\/sk\\\/\",\"name\":\"Gambling6\",\"description\":\"\",\"potentialAction\":[{\"@type\":\"SearchAction\",\"target\":{\"@type\":\"EntryPoint\",\"urlTemplate\":\"https:\\\/\\\/gambling6.com\\\/sk\\\/?s={search_term_string}\"},\"query-input\":{\"@type\":\"PropertyValueSpecification\",\"valueRequired\":true,\"valueName\":\"search_term_string\"}}],\"inLanguage\":\"sk-SK\"}]}<\/script>\n<!-- \/ Yoast SEO plugin. -->","yoast_head_json":{"title":"Ktor\u00e9 s\u00fa najlep\u0161ie webov\u00e9 str\u00e1nky so stierac\u00edmi \u017erebmi online?","description":"Za\u010dnite hra\u0165 na najlep\u0161ej webovej str\u00e1nke pre online stieracie \u017ereby. K dispoz\u00edcii s\u00fa desiatky stierac\u00edch \u017erebov v \u0161irokej \u0161k\u00e1le v\u00fdhier.","robots":{"index":"index","follow":"follow","max-snippet":"max-snippet:-1","max-image-preview":"max-image-preview:large","max-video-preview":"max-video-preview:-1"},"canonical":"https:\/\/gambling6.com\/sk\/stieracie-zreby\/","og_locale":"sk_SK","og_type":"article","og_title":"Ktor\u00e9 s\u00fa najlep\u0161ie webov\u00e9 str\u00e1nky so stierac\u00edmi \u017erebmi online?","og_description":"Za\u010dnite hra\u0165 na najlep\u0161ej webovej str\u00e1nke pre online stieracie \u017ereby. K dispoz\u00edcii s\u00fa desiatky stierac\u00edch \u017erebov v \u0161irokej \u0161k\u00e1le v\u00fdhier.","og_url":"https:\/\/gambling6.com\/sk\/stieracie-zreby\/","og_site_name":"Gambling6","og_image":[{"width":446,"height":243,"url":"https:\/\/gambling6.com\/wp-content\/uploads\/2013\/12\/best_online_scratchcards.jpg","type":"image\/jpeg"}],"twitter_card":"summary_large_image","twitter_misc":{"Predpokladan\u00fd \u010das \u010d\u00edtania":"2 min\u00faty"},"schema":{"@context":"https:\/\/schema.org","@graph":[{"@type":"WebPage","@id":"https:\/\/gambling6.com\/sk\/stieracie-zreby\/","url":"https:\/\/gambling6.com\/sk\/stieracie-zreby\/","name":"Ktor\u00e9 s\u00fa najlep\u0161ie webov\u00e9 str\u00e1nky so stierac\u00edmi \u017erebmi online?","isPartOf":{"@id":"https:\/\/gambling6.com\/sk\/#website"},"primaryImageOfPage":{"@id":"https:\/\/gambling6.com\/sk\/stieracie-zreby\/#primaryimage"},"image":{"@id":"https:\/\/gambling6.com\/sk\/stieracie-zreby\/#primaryimage"},"thumbnailUrl":"https:\/\/gambling6.com\/wp-content\/uploads\/2013\/12\/best_online_scratchcards.jpg","datePublished":"2025-11-07T22:54:58+00:00","description":"Za\u010dnite hra\u0165 na najlep\u0161ej webovej str\u00e1nke pre online stieracie \u017ereby. K dispoz\u00edcii s\u00fa desiatky stierac\u00edch \u017erebov v \u0161irokej \u0161k\u00e1le v\u00fdhier.","breadcrumb":{"@id":"https:\/\/gambling6.com\/sk\/stieracie-zreby\/#breadcrumb"},"inLanguage":"sk-SK","potentialAction":[{"@type":"ReadAction","target":["https:\/\/gambling6.com\/sk\/stieracie-zreby\/"]}]},{"@type":"ImageObject","inLanguage":"sk-SK","@id":"https:\/\/gambling6.com\/sk\/stieracie-zreby\/#primaryimage","url":"https:\/\/gambling6.com\/wp-content\/uploads\/2013\/12\/best_online_scratchcards.jpg","contentUrl":"https:\/\/gambling6.com\/wp-content\/uploads\/2013\/12\/best_online_scratchcards.jpg","width":446,"height":243},{"@type":"BreadcrumbList","@id":"https:\/\/gambling6.com\/sk\/stieracie-zreby\/#breadcrumb","itemListElement":[{"@type":"ListItem","position":1,"name":"Home","item":"https:\/\/gambling6.com\/sk\/home\/"},{"@type":"ListItem","position":2,"name":"Stieracie \u017ereby"}]},{"@type":"WebSite","@id":"https:\/\/gambling6.com\/sk\/#website","url":"https:\/\/gambling6.com\/sk\/","name":"Gambling6","description":"","potentialAction":[{"@type":"SearchAction","target":{"@type":"EntryPoint","urlTemplate":"https:\/\/gambling6.com\/sk\/?s={search_term_string}"},"query-input":{"@type":"PropertyValueSpecification","valueRequired":true,"valueName":"search_term_string"}}],"inLanguage":"sk-SK"}]}},"_links":{"self":[{"href":"https:\/\/gambling6.com\/sk\/wp-json\/wp\/v2\/pages\/8702","targetHints":{"allow":["GET"]}}],"collection":[{"href":"https:\/\/gambling6.com\/sk\/wp-json\/wp\/v2\/pages"}],"about":[{"href":"https:\/\/gambling6.com\/sk\/wp-json\/wp\/v2\/types\/page"}],"author":[{"embeddable":true,"href":"https:\/\/gambling6.com\/sk\/wp-json\/wp\/v2\/users\/1"}],"replies":[{"embeddable":true,"href":"https:\/\/gambling6.com\/sk\/wp-json\/wp\/v2\/comments?post=8702"}],"version-history":[{"count":0,"href":"https:\/\/gambling6.com\/sk\/wp-json\/wp\/v2\/pages\/8702\/revisions"}],"wp:featuredmedia":[{"embeddable":true,"href":"https:\/\/gambling6.com\/sk\/wp-json\/wp\/v2\/media\/8693"}],"wp:attachment":[{"href":"https:\/\/gambling6.com\/sk\/wp-json\/wp\/v2\/media?parent=8702"}],"curies":[{"name":"wp","href":"https:\/\/api.w.org\/{rel}","templated":true}]}}