{"id":8804,"date":"2025-11-08T00:08:13","date_gmt":"2025-11-08T00:08:13","guid":{"rendered":"https:\/\/gambling6.com\/poker\/"},"modified":"2025-11-12T11:23:46","modified_gmt":"2025-11-12T11:23:46","slug":"poker","status":"publish","type":"page","link":"https:\/\/gambling6.com\/sk\/poker\/","title":{"rendered":"Poker"},"content":{"rendered":"<h2 style=\"text-align: left;\"><img loading=\"lazy\" decoding=\"async\" class=\" wp-image-3009 alignright\" src=\"https:\/\/gambling6.com\/wp-content\/uploads\/2022\/04\/pokertournament-300x209.jpg\" alt=\"za\u010da\u0165 hra\u0165 poker\" width=\"266\" height=\"185\" srcset=\"https:\/\/gambling6.com\/wp-content\/uploads\/2022\/04\/pokertournament-300x209.jpg 300w, https:\/\/gambling6.com\/wp-content\/uploads\/2022\/04\/pokertournament.jpg 415w\" sizes=\"auto, (max-width: 266px) 100vw, 266px\" \/>Za\u010d\u00edname s online pokerom<\/h2>\n<p>Ak chcete za\u010da\u0165 hra\u0165 online poker, existuje nieko\u013eko vec\u00ed, ktor\u00e9 potrebujete vedie\u0165. Poker je hra zru\u010dnosti. Nehovor\u00edme, \u017ee v tom nie je \u0161\u0165astie \u2013 v skuto\u010dnosti \u00e1no \u2013 ale pravdou je, \u017ee ak chcete zarobi\u0165 peniaze, ur\u010dite existuje krivka u\u010denia.<\/p>\n<h2>5 zlat\u00fdch pravidiel, ke\u010f za\u010d\u00ednate hra\u0165 poker online<\/h2>\n<ol>\n<li>Vyberte si svoju pokrov\u00fa her\u0148u m\u00fadro &#8211; pre\u010d\u00edtajte si na\u0161e recenzie predt\u00fdm, ako si vyberiete str\u00e1nku, na ktorej budete hra\u0165<\/li>\n<li>Za\u010dnite s hrac\u00edmi peniazmi, aby ste sa obozn\u00e1mili s pravidlami a samotnou hrou, a potom za\u010dnite s najni\u017e\u0161ou \u00farov\u0148ou skuto\u010dn\u00fdch pe\u0148az\u00ed<\/li>\n<li>Venujte ve\u013ea \u010dasu \u010d\u00edtaniu o pokrovej strat\u00e9gii. Vedzte, ktor\u00e9 \u0161tartovacie ruky s\u00fa v ktorej situ\u00e1cii dobr\u00e9 a vedzte, ako ich hra\u0165 na ktorej poz\u00edcii pri stole. \u201eTight je spr\u00e1vna kombin\u00e1cia\u201c je najlep\u0161ia rada pre za\u010diato\u010dn\u00edkov a va\u0161a relat\u00edvna poz\u00edcia je pre va\u0161e rozhodnutia ve\u013emi d\u00f4le\u017eit\u00e1.<\/li>\n<li>Vyu\u017eite dobr\u00fa bonusov\u00fa ponuku na prv\u00fd vklad alebo dokonca ponuku bezplatn\u00e9ho bankrollu, ako je t\u00e1 od 888 Poker. Daj\u00fa v\u00e1m 20,00 \u20ac (alebo GBP, v z\u00e1vislosti od toho, kde b\u00fdvate) zadarmo len za registr\u00e1ciu! A st\u00e1le z\u00edskate vkladov\u00fd bonus vo v\u00fd\u0161ke 100 % a a\u017e 300,00 \u20ac alebo GBP pri vklade pe\u0148az\u00ed. <a class=\"thirstylink\" title=\"888 poker en\" href=\"https:\/\/gambling6.com\/go\/888-poker-en\/\" target=\"_blank\" rel=\"nofollow noopener\"><span style=\"text-decoration: underline;\"><strong>Kliknite sem, aby ste pre\u0161li <\/strong><\/span><span style=\"text-decoration: underline;\"><strong>na<\/strong><\/span><span style=\"text-decoration: underline;\"><strong>na <\/strong><\/span><span style=\"text-decoration: underline;\"><strong>8<\/strong><\/span><span style=\"text-decoration: pod\u010diarknutie;\"><strong>88 Poker teraz.<\/strong><\/span><\/a><\/li>\n<li>Spravujte svoj bankroll opatrne. Majte aspo\u0148 100-n\u00e1sobok, lep\u0161ie 200-n\u00e1sobok minim\u00e1lnej st\u00e1vky pre \u00farove\u0148, na ktorej hr\u00e1te.<\/li>\n<\/ol>\n<p><a href=\"https:\/\/ic.aff-handler.com\/C\/46138?sr=1073333&amp;anid=\" rel=\"nofollow\"><img loading=\"lazy\" decoding=\"async\" class=\"aligncenter\" src=\"https:\/\/ic.aff-handler.com\/I\/46138?sr=1073333&amp;anid=\" width=\"563\" height=\"72\" \/><\/a><\/p>\n<h2>Najlep\u0161ie webov\u00e9 str\u00e1nky na hranie online pokru pre za\u010diato\u010dn\u00edkov<\/h2>\n<p>Jednu webov\u00fa str\u00e1nku sme u\u017e spomenuli. Je to 888 Poker, kde v\u00e1m akcia s 20 \u20ac bezplatn\u00fdm bankrollom umo\u017e\u0148uje hra\u0165 okam\u017eite so skuto\u010dn\u00fdmi peniazmi bez nutnosti vkladu. A nesk\u00f4r z\u00edskate \u010fal\u0161\u00ed bonus, ke\u010f vlo\u017e\u00edte vlastn\u00e9 peniaze, ktor\u00fd ich zdvojn\u00e1sob\u00ed. Tento poskytovate\u013e v\u0161ak neakceptuje hr\u00e1\u010dov z USA.<\/p>\n<h2>Najlep\u0161ie webov\u00e9 str\u00e1nky pre americk\u00fdch pokrov\u00fdch hr\u00e1\u010dov<\/h2>\n<p>Kv\u00f4li z\u00e1konn\u00fdm obmedzeniam v USA nem\u00e1te to\u013eko mo\u017enost\u00ed. V\u00e4\u010d\u0161ina prev\u00e1dzkovate\u013eov sa stiahla z americk\u00e9ho trhu a regulovan\u00fd trh s online hazardn\u00fdmi hrami v USA je st\u00e1le vecou bud\u00facnosti \u2013 aspo\u0148 pre v\u00e4\u010d\u0161inu \u0161t\u00e1tov.<\/p>\n<p>Napriek tomu je v s\u00fa\u010dasnosti va\u0161ou najlep\u0161ou vo\u013ebou BetOnline Poker. <a class=\"thirstylink\" title=\"Betonline poker en\" href=\"https:\/\/gambling6.com\/go\/betonline-poker-en\/\" target=\"_blank\" rel=\"nofollow noopener\">Kliknite na tento odkaz a nav\u0161t\u00edvte ich str\u00e1nku<\/a>, kde si m\u00f4\u017eete zahra\u0165 poker, ako aj v\u0161etky druhy kas\u00ednov\u00fdch hier.<\/p>\n","protected":false},"excerpt":{"rendered":"<p>Za\u010d\u00edname s online pokerom Ak chcete za\u010da\u0165 hra\u0165 online poker, existuje nieko\u013eko vec\u00ed, ktor\u00e9 potrebujete vedie\u0165. Poker je hra zru\u010dnosti. Nehovor\u00edme, \u017ee v tom nie je \u0161\u0165astie \u2013 v skuto\u010dnosti \u00e1no \u2013 ale pravdou je, \u017ee ak chcete zarobi\u0165 peniaze, ur\u010dite existuje krivka u\u010denia. 5 zlat\u00fdch pravidiel, ke\u010f za\u010d\u00ednate hra\u0165 poker online Vyberte si svoju [&hellip;]<\/p>\n","protected":false},"author":1,"featured_media":0,"parent":0,"menu_order":5,"comment_status":"closed","ping_status":"closed","template":"","meta":{"footnotes":""},"class_list":["post-8804","page","type-page","status-publish","hentry"],"yoast_head":"<!-- This site is optimized with the Yoast SEO plugin v27.4 - https:\/\/yoast.com\/product\/yoast-seo-wordpress\/ -->\n<title>Najlep\u0161ie miesta, kde za\u010da\u0165 hra\u0165 online poker?<\/title>\n<meta name=\"description\" content=\"Najlep\u0161ie miesta pre online poker, 5 zlat\u00fdch pravidiel pre za\u010diatok\" \/>\n<meta name=\"robots\" content=\"index, follow, max-snippet:-1, max-image-preview:large, max-video-preview:-1\" \/>\n<link rel=\"canonical\" href=\"https:\/\/gambling6.com\/sk\/poker\/\" \/>\n<meta property=\"og:locale\" content=\"sk_SK\" \/>\n<meta property=\"og:type\" content=\"article\" \/>\n<meta property=\"og:title\" content=\"Najlep\u0161ie miesta, kde za\u010da\u0165 hra\u0165 online poker?\" \/>\n<meta property=\"og:description\" content=\"Najlep\u0161ie miesta pre online poker, 5 zlat\u00fdch pravidiel pre za\u010diatok\" \/>\n<meta property=\"og:url\" content=\"https:\/\/gambling6.com\/sk\/poker\/\" \/>\n<meta property=\"og:site_name\" content=\"Gambling6\" \/>\n<meta property=\"article:modified_time\" content=\"2025-11-12T11:23:46+00:00\" \/>\n<meta property=\"og:image\" content=\"https:\/\/gambling6.com\/wp-content\/uploads\/2022\/04\/pokertournament.jpg\" \/>\n\t<meta property=\"og:image:width\" content=\"415\" \/>\n\t<meta property=\"og:image:height\" content=\"289\" \/>\n\t<meta property=\"og:image:type\" content=\"image\/jpeg\" \/>\n<meta name=\"twitter:card\" content=\"summary_large_image\" \/>\n<meta name=\"twitter:label1\" content=\"Predpokladan\u00fd \u010das \u010d\u00edtania\" \/>\n\t<meta name=\"twitter:data1\" content=\"2 min\u00faty\" \/>\n<script type=\"application\/ld+json\" class=\"yoast-schema-graph\">{\"@context\":\"https:\\\/\\\/schema.org\",\"@graph\":[{\"@type\":\"WebPage\",\"@id\":\"https:\\\/\\\/gambling6.com\\\/sk\\\/poker\\\/\",\"url\":\"https:\\\/\\\/gambling6.com\\\/sk\\\/poker\\\/\",\"name\":\"Najlep\u0161ie miesta, kde za\u010da\u0165 hra\u0165 online poker?\",\"isPartOf\":{\"@id\":\"https:\\\/\\\/gambling6.com\\\/sk\\\/#website\"},\"primaryImageOfPage\":{\"@id\":\"https:\\\/\\\/gambling6.com\\\/sk\\\/poker\\\/#primaryimage\"},\"image\":{\"@id\":\"https:\\\/\\\/gambling6.com\\\/sk\\\/poker\\\/#primaryimage\"},\"thumbnailUrl\":\"https:\\\/\\\/gambling6.com\\\/wp-content\\\/uploads\\\/2022\\\/04\\\/pokertournament-300x209.jpg\",\"datePublished\":\"2025-11-08T00:08:13+00:00\",\"dateModified\":\"2025-11-12T11:23:46+00:00\",\"description\":\"Najlep\u0161ie miesta pre online poker, 5 zlat\u00fdch pravidiel pre za\u010diatok\",\"breadcrumb\":{\"@id\":\"https:\\\/\\\/gambling6.com\\\/sk\\\/poker\\\/#breadcrumb\"},\"inLanguage\":\"sk-SK\",\"potentialAction\":[{\"@type\":\"ReadAction\",\"target\":[\"https:\\\/\\\/gambling6.com\\\/sk\\\/poker\\\/\"]}]},{\"@type\":\"ImageObject\",\"inLanguage\":\"sk-SK\",\"@id\":\"https:\\\/\\\/gambling6.com\\\/sk\\\/poker\\\/#primaryimage\",\"url\":\"https:\\\/\\\/gambling6.com\\\/wp-content\\\/uploads\\\/2022\\\/04\\\/pokertournament-300x209.jpg\",\"contentUrl\":\"https:\\\/\\\/gambling6.com\\\/wp-content\\\/uploads\\\/2022\\\/04\\\/pokertournament-300x209.jpg\"},{\"@type\":\"BreadcrumbList\",\"@id\":\"https:\\\/\\\/gambling6.com\\\/sk\\\/poker\\\/#breadcrumb\",\"itemListElement\":[{\"@type\":\"ListItem\",\"position\":1,\"name\":\"Home\",\"item\":\"https:\\\/\\\/gambling6.com\\\/sk\\\/home\\\/\"},{\"@type\":\"ListItem\",\"position\":2,\"name\":\"Poker\"}]},{\"@type\":\"WebSite\",\"@id\":\"https:\\\/\\\/gambling6.com\\\/sk\\\/#website\",\"url\":\"https:\\\/\\\/gambling6.com\\\/sk\\\/\",\"name\":\"Gambling6\",\"description\":\"\",\"potentialAction\":[{\"@type\":\"SearchAction\",\"target\":{\"@type\":\"EntryPoint\",\"urlTemplate\":\"https:\\\/\\\/gambling6.com\\\/sk\\\/?s={search_term_string}\"},\"query-input\":{\"@type\":\"PropertyValueSpecification\",\"valueRequired\":true,\"valueName\":\"search_term_string\"}}],\"inLanguage\":\"sk-SK\"}]}<\/script>\n<!-- \/ Yoast SEO plugin. -->","yoast_head_json":{"title":"Najlep\u0161ie miesta, kde za\u010da\u0165 hra\u0165 online poker?","description":"Najlep\u0161ie miesta pre online poker, 5 zlat\u00fdch pravidiel pre za\u010diatok","robots":{"index":"index","follow":"follow","max-snippet":"max-snippet:-1","max-image-preview":"max-image-preview:large","max-video-preview":"max-video-preview:-1"},"canonical":"https:\/\/gambling6.com\/sk\/poker\/","og_locale":"sk_SK","og_type":"article","og_title":"Najlep\u0161ie miesta, kde za\u010da\u0165 hra\u0165 online poker?","og_description":"Najlep\u0161ie miesta pre online poker, 5 zlat\u00fdch pravidiel pre za\u010diatok","og_url":"https:\/\/gambling6.com\/sk\/poker\/","og_site_name":"Gambling6","article_modified_time":"2025-11-12T11:23:46+00:00","og_image":[{"width":415,"height":289,"url":"https:\/\/gambling6.com\/wp-content\/uploads\/2022\/04\/pokertournament.jpg","type":"image\/jpeg"}],"twitter_card":"summary_large_image","twitter_misc":{"Predpokladan\u00fd \u010das \u010d\u00edtania":"2 min\u00faty"},"schema":{"@context":"https:\/\/schema.org","@graph":[{"@type":"WebPage","@id":"https:\/\/gambling6.com\/sk\/poker\/","url":"https:\/\/gambling6.com\/sk\/poker\/","name":"Najlep\u0161ie miesta, kde za\u010da\u0165 hra\u0165 online poker?","isPartOf":{"@id":"https:\/\/gambling6.com\/sk\/#website"},"primaryImageOfPage":{"@id":"https:\/\/gambling6.com\/sk\/poker\/#primaryimage"},"image":{"@id":"https:\/\/gambling6.com\/sk\/poker\/#primaryimage"},"thumbnailUrl":"https:\/\/gambling6.com\/wp-content\/uploads\/2022\/04\/pokertournament-300x209.jpg","datePublished":"2025-11-08T00:08:13+00:00","dateModified":"2025-11-12T11:23:46+00:00","description":"Najlep\u0161ie miesta pre online poker, 5 zlat\u00fdch pravidiel pre za\u010diatok","breadcrumb":{"@id":"https:\/\/gambling6.com\/sk\/poker\/#breadcrumb"},"inLanguage":"sk-SK","potentialAction":[{"@type":"ReadAction","target":["https:\/\/gambling6.com\/sk\/poker\/"]}]},{"@type":"ImageObject","inLanguage":"sk-SK","@id":"https:\/\/gambling6.com\/sk\/poker\/#primaryimage","url":"https:\/\/gambling6.com\/wp-content\/uploads\/2022\/04\/pokertournament-300x209.jpg","contentUrl":"https:\/\/gambling6.com\/wp-content\/uploads\/2022\/04\/pokertournament-300x209.jpg"},{"@type":"BreadcrumbList","@id":"https:\/\/gambling6.com\/sk\/poker\/#breadcrumb","itemListElement":[{"@type":"ListItem","position":1,"name":"Home","item":"https:\/\/gambling6.com\/sk\/home\/"},{"@type":"ListItem","position":2,"name":"Poker"}]},{"@type":"WebSite","@id":"https:\/\/gambling6.com\/sk\/#website","url":"https:\/\/gambling6.com\/sk\/","name":"Gambling6","description":"","potentialAction":[{"@type":"SearchAction","target":{"@type":"EntryPoint","urlTemplate":"https:\/\/gambling6.com\/sk\/?s={search_term_string}"},"query-input":{"@type":"PropertyValueSpecification","valueRequired":true,"valueName":"search_term_string"}}],"inLanguage":"sk-SK"}]}},"_links":{"self":[{"href":"https:\/\/gambling6.com\/sk\/wp-json\/wp\/v2\/pages\/8804","targetHints":{"allow":["GET"]}}],"collection":[{"href":"https:\/\/gambling6.com\/sk\/wp-json\/wp\/v2\/pages"}],"about":[{"href":"https:\/\/gambling6.com\/sk\/wp-json\/wp\/v2\/types\/page"}],"author":[{"embeddable":true,"href":"https:\/\/gambling6.com\/sk\/wp-json\/wp\/v2\/users\/1"}],"replies":[{"embeddable":true,"href":"https:\/\/gambling6.com\/sk\/wp-json\/wp\/v2\/comments?post=8804"}],"version-history":[{"count":1,"href":"https:\/\/gambling6.com\/sk\/wp-json\/wp\/v2\/pages\/8804\/revisions"}],"predecessor-version":[{"id":10573,"href":"https:\/\/gambling6.com\/sk\/wp-json\/wp\/v2\/pages\/8804\/revisions\/10573"}],"wp:attachment":[{"href":"https:\/\/gambling6.com\/sk\/wp-json\/wp\/v2\/media?parent=8804"}],"curies":[{"name":"wp","href":"https:\/\/api.w.org\/{rel}","templated":true}]}}