{"id":8848,"date":"2025-11-08T08:35:01","date_gmt":"2025-11-08T08:35:01","guid":{"rendered":"https:\/\/gambling6.com\/kasino\/bezpecnost-vasho-online-hazardneho-uctu\/"},"modified":"2025-11-12T09:12:43","modified_gmt":"2025-11-12T09:12:43","slug":"bezpecnost-vasho-online-hazardneho-uctu","status":"publish","type":"page","link":"https:\/\/gambling6.com\/sk\/kasino\/bezpecnost-vasho-online-hazardneho-uctu\/","title":{"rendered":"Bezpe\u010dnos\u0165 v\u00e1\u0161ho online hazardn\u00e9ho \u00fa\u010dtu"},"content":{"rendered":"<h2>Vyh\u00fdbajte sa zl\u00fdm str\u00e1nkam a podniknite ur\u010dit\u00e9 bezpe\u010dnostn\u00e9 opatrenia.<\/h2>\n<p>Svet online hier sa v\u00fdrazne rozr\u00e1stol a hoci je to vo v\u0161eobecnosti pre hr\u00e1\u010dov dobr\u00e1 vec, prin\u00e1\u0161a to aj nieko\u013eko nev\u00fdhod. Online bezpe\u010dnos\u0165, ktor\u00fa pon\u00fakaj\u00fa kas\u00edna, je pravdepodobne najd\u00f4le\u017eitej\u0161\u00edm prvkom pri hran\u00ed o skuto\u010dn\u00e9 peniaze a pou\u017e\u00edvate\u013eom mus\u00ed by\u0165 zaru\u010den\u00e1 bezchybn\u00e1 finan\u010dn\u00e1 transakcia.<\/p>\n<p>\u017dia\u013e, v dne\u0161nom technologicky vyspelom svete s\u00fa podvody a online podvody pr\u00edli\u0161 be\u017en\u00e9 na to, aby sme predpokladali, \u017ee sa v\u00e1m nestan\u00fa, a preto neprijali \u017eiadne opatrenia na ich zabr\u00e1nenie. Nov\u00e9 online kas\u00edna sa objavuj\u00fa takmer cez noc a s\u013eubuj\u00fa obrovsk\u00e9 bonusy, aby sa veci rozbehli a pril\u00e1kali ve\u013ek\u00fd po\u010det z\u00e1kazn\u00edkov.<\/p>\n<p>Je ve\u013emi d\u00f4le\u017eit\u00e9 vedie\u0165, \u010di sa im d\u00e1 d\u00f4verova\u0165, a d\u00f4razne sa odpor\u00fa\u010da najprv z\u00edska\u0165 viac inform\u00e1ci\u00ed z in\u00fdch str\u00e1nok. Recenzie od pou\u017e\u00edvate\u013eov alebo sk\u00fasen\u00fdch hr\u00e1\u010dov sa na internete st\u00e1vaj\u00fa ve\u013emi popul\u00e1rnymi, preto\u017ee \u010doraz viac hr\u00e1\u010dov vid\u00ed riziko slep\u00e9ho sk\u00e1kania a najprv h\u013ead\u00e1 uistenie.<\/p>\n<h2>Online hazardn\u00e9 hry v USA<\/h2>\n<p><img loading=\"lazy\" decoding=\"async\" class=\" wp-image-2415 alignright\" src=\"https:\/\/gambling6.com\/wp-content\/uploads\/2022\/04\/1_play_euromillions_online3-300x200.jpg\" alt=\"zabezpe\u010denie kas\u00edna\" width=\"263\" height=\"175\" srcset=\"https:\/\/gambling6.com\/wp-content\/uploads\/2022\/04\/1_play_euromillions_online3-300x200.jpg 300w, https:\/\/gambling6.com\/wp-content\/uploads\/2022\/04\/1_play_euromillions_online3.jpg 320w\" sizes=\"auto, (max-width: 263px) 100vw, 263px\" \/>USA s\u00fa vzru\u0161uj\u00facim trhom s online hazardn\u00fdmi hrami. Zatia\u013e \u010do online kas\u00edna s\u00fa zak\u00e1zan\u00e9 vo v\u0161etk\u00fdch \u0161t\u00e1toch okrem dvoch, \u0161ed\u00fd online hern\u00fd priemysel je obrovsk\u00fd, najm\u00e4 preto, \u017ee americk\u00ed hr\u00e1\u010di chc\u00fa hra\u0165 kas\u00ednov\u00e9 hry online. V\u00fdznamn\u00fd po\u010det potenci\u00e1lnych z\u00e1kazn\u00edkov tie\u017e znamen\u00e1, \u017ee existuje viac ako h\u0155stka americk\u00fdch online kas\u00edn, \u010do americk\u00fdm hr\u00e1\u010dom ve\u013emi u\u013eah\u010duje za\u010diatok.<\/p>\n<p>V skuto\u010dnosti popredn\u00e9 str\u00e1nky dokonca akceptuj\u00fa americk\u00e9 kreditn\u00e9 karty ako sp\u00f4sob platby a v\u0161etko je navrhnut\u00e9 tak, aby bolo pre hr\u00e1\u010dov \u010do najpohodlnej\u0161ie. Hoci tieto online kas\u00edna nie s\u00fa regulovan\u00e9 USA, maj\u00fa licencie od zahrani\u010dn\u00fdch jurisdikci\u00ed, ktor\u00e9 zabezpe\u010duj\u00fa, \u017ee poskytuj\u00fa bezpe\u010dn\u00e9 prostredie. Probl\u00e9m je v tom, \u017ee okrem skvel\u00fdch kas\u00edn, ktor\u00e9 sa zameriavaj\u00fa na americk\u00fd trh, existuje aj mno\u017estvo pochybn\u00fdch str\u00e1nok, ktor\u00e9 maj\u00fa probl\u00e9my s v\u00fdbermi alebo jednoducho nepon\u00fakaj\u00fa spravodliv\u00e9 percento v\u00fdplaty vo svojich hr\u00e1ch.<\/p>\n<p>Preto je nevyhnutn\u00e9 najprv si pre\u010d\u00edta\u0165 nieko\u013eko recenzi\u00ed na str\u00e1nke, ku ktorej sa chcete pripoji\u0165, a zisti\u0165, \u010di je tak\u00e1 dobr\u00e1, ako sa zd\u00e1. Nezaberie to viac ako p\u00e1r min\u00fat a zabezpe\u010d\u00ed to, \u017ee v\u00e1\u0161 online hern\u00fd z\u00e1\u017eitok bude \u010do najlep\u0161\u00ed. Pokia\u013e ide o f\u00e9rov\u00e9 \u200b\u200bhranie, d\u00f4veryhodn\u00e9 online kas\u00edna pou\u017e\u00edvaj\u00fa gener\u00e1tory n\u00e1hodn\u00fdch \u010d\u00edsel, aby sa uistili, \u017ee ka\u017ed\u00e1 hra je zalo\u017een\u00e1 v\u00fdlu\u010dne na n\u00e1hode. Online kas\u00edno m\u00f4\u017ee kombinova\u0165 tradi\u010dn\u00e9 kas\u00ednov\u00e9 stoly s v\u00fdhodami online hry prostredn\u00edctvom \u017eiv\u00e9ho video streamu krupi\u00e9ra.<\/p>\n<p>Ako hr\u00e1\u010d so s\u00eddlom v USA neurob\u00edte chybu, ak sa budete dr\u017ea\u0165 popredn\u00e9ho poskytovate\u013ea online kas\u00ednov\u00fdch akci\u00ed na trhu, a to BetOnline. <a class=\"thirstylink\" title=\"Betonline casino en\" href=\"https:\/\/gambling6.com\/go\/betonline-casino-en\/\" target=\"_blank\" rel=\"nofollow noopener\">Kliknite sem a nav\u0161t\u00edvte ich webov\u00fa str\u00e1nku<\/a>. Va\u0161a bezpe\u010dnos\u0165 je tam v dobr\u00fdch ruk\u00e1ch, na rozdiel od v\u00e4\u010d\u0161iny ostatn\u00fdch prev\u00e1dzkovate\u013eov offshore kas\u00edn, ktor\u00ed akceptuj\u00fa obyvate\u013eov USA.<\/p>\n<h2>Bezpe\u010dnostn\u00e9 opatrenia, ktor\u00e9 treba zv\u00e1\u017ei\u0165<\/h2>\n<p>Mali by sme tie\u017e spomen\u00fa\u0165, \u017ee zna\u010dn\u00e1 \u010das\u0165 zodpovednosti le\u017e\u00ed na hr\u00e1\u010dovi a existuj\u00fa konkr\u00e9tne opatrenia, ktor\u00e9 m\u00f4\u017ee prija\u0165, aby predi\u0161iel podvodom a udr\u017eal svoje finan\u010dn\u00e9 prostriedky v bezpe\u010d\u00ed.<\/p>\n<p><strong>1. Majte bezpe\u010dn\u00e9 heslo<\/strong><\/p>\n<p>St\u00e1le viac str\u00e1nok povzbudzuje pou\u017e\u00edvate\u013eov, aby pou\u017e\u00edvali bezpe\u010dn\u00e9, \u0165a\u017eko uh\u00e1dnute\u013en\u00e9 hesl\u00e1. Zahrnutie \u010d\u00edslic a p\u00edsmen vo ve\u013ek\u00fdch aj mal\u00fdch p\u00edsmen\u00e1ch rob\u00ed heslo ove\u013ea bezpe\u010dnej\u0161\u00edm a tie\u017e sa odpor\u00fa\u010da nepou\u017e\u00edva\u0165 rovnak\u00e9 heslo pre viacero \u00fa\u010dtov.<\/p>\n<p><strong>2. Uistite sa, \u017ee m\u00e1te dobr\u00fd antiv\u00edrus <\/strong><\/p>\n<p>V\u00e4\u010d\u0161ina hr\u00e1\u010dov m\u00e1 tendenciu zab\u00fada\u0165 na d\u00f4le\u017eitos\u0165 dobr\u00e9ho antiv\u00edrusu. Ten dok\u00e1\u017ee okam\u017eite odhali\u0165 ak\u00e9ko\u013evek probl\u00e9my pri surfovan\u00ed po internete alebo s\u0165ahovan\u00ed nie\u010doho, napr\u00edklad aplik\u00e1cie pre nov\u00e9 online kas\u00edno.<\/p>\n<p><strong>3. V\u017edy sa uistite, \u017ee str\u00e1nka je zabezpe\u010den\u00e1 <\/strong><\/p>\n<p>Pri zad\u00e1van\u00ed osobn\u00fdch \u00fadajov, ako s\u00fa inform\u00e1cie o \u00fa\u010dte, sa uistite, \u017ee str\u00e1nka je zabezpe\u010den\u00e1. To sa dosiahne kontrolou adresn\u00e9ho riadku v prehliada\u010di, \u010di neobsahuje HTTPS, a h\u013eadan\u00edm zatvoren\u00e9ho z\u00e1mku.<\/p>\n","protected":false},"excerpt":{"rendered":"<p>Vyh\u00fdbajte sa zl\u00fdm str\u00e1nkam a podniknite ur\u010dit\u00e9 bezpe\u010dnostn\u00e9 opatrenia. Svet online hier sa v\u00fdrazne rozr\u00e1stol a hoci je to vo v\u0161eobecnosti pre hr\u00e1\u010dov dobr\u00e1 vec, prin\u00e1\u0161a to aj nieko\u013eko nev\u00fdhod. Online bezpe\u010dnos\u0165, ktor\u00fa pon\u00fakaj\u00fa kas\u00edna, je pravdepodobne najd\u00f4le\u017eitej\u0161\u00edm prvkom pri hran\u00ed o skuto\u010dn\u00e9 peniaze a pou\u017e\u00edvate\u013eom mus\u00ed by\u0165 zaru\u010den\u00e1 bezchybn\u00e1 finan\u010dn\u00e1 transakcia. \u017dia\u013e, v dne\u0161nom [&hellip;]<\/p>\n","protected":false},"author":1,"featured_media":0,"parent":8328,"menu_order":36,"comment_status":"closed","ping_status":"closed","template":"","meta":{"footnotes":""},"class_list":["post-8848","page","type-page","status-publish","hentry"],"yoast_head":"<!-- This site is optimized with the Yoast SEO plugin v27.4 - https:\/\/yoast.com\/product\/yoast-seo-wordpress\/ -->\n<title>Ako m\u00f4\u017eem zabezpe\u010di\u0165 svoj \u00fa\u010det v online kas\u00edne<\/title>\n<meta name=\"description\" content=\"U\u017eito\u010dn\u00e9 tipy pre bezpe\u010dnos\u0165 online hazardn\u00fdch hier, ktor\u00e9 zabezpe\u010dia bezpe\u010dnos\u0165 v\u00e1\u0161ho kas\u00ednov\u00e9ho \u00fa\u010dtu\" \/>\n<meta name=\"robots\" content=\"index, follow, max-snippet:-1, max-image-preview:large, max-video-preview:-1\" \/>\n<link rel=\"canonical\" href=\"https:\/\/gambling6.com\/sk\/kasino\/bezpecnost-vasho-online-hazardneho-uctu\/\" \/>\n<meta property=\"og:locale\" content=\"sk_SK\" \/>\n<meta property=\"og:type\" content=\"article\" \/>\n<meta property=\"og:title\" content=\"Ako m\u00f4\u017eem zabezpe\u010di\u0165 svoj \u00fa\u010det v online kas\u00edne\" \/>\n<meta property=\"og:description\" content=\"U\u017eito\u010dn\u00e9 tipy pre bezpe\u010dnos\u0165 online hazardn\u00fdch hier, ktor\u00e9 zabezpe\u010dia bezpe\u010dnos\u0165 v\u00e1\u0161ho kas\u00ednov\u00e9ho \u00fa\u010dtu\" \/>\n<meta property=\"og:url\" content=\"https:\/\/gambling6.com\/sk\/kasino\/bezpecnost-vasho-online-hazardneho-uctu\/\" \/>\n<meta property=\"og:site_name\" content=\"Gambling6\" \/>\n<meta property=\"article:modified_time\" content=\"2025-11-12T09:12:43+00:00\" \/>\n<meta property=\"og:image\" content=\"https:\/\/gambling6.com\/wp-content\/uploads\/2022\/04\/1_play_euromillions_online3.jpg\" \/>\n\t<meta property=\"og:image:width\" content=\"320\" \/>\n\t<meta property=\"og:image:height\" content=\"213\" \/>\n\t<meta property=\"og:image:type\" content=\"image\/jpeg\" \/>\n<meta name=\"twitter:card\" content=\"summary_large_image\" \/>\n<meta name=\"twitter:label1\" content=\"Predpokladan\u00fd \u010das \u010d\u00edtania\" \/>\n\t<meta name=\"twitter:data1\" content=\"4 min\u00faty\" \/>\n<script type=\"application\/ld+json\" class=\"yoast-schema-graph\">{\"@context\":\"https:\\\/\\\/schema.org\",\"@graph\":[{\"@type\":\"WebPage\",\"@id\":\"https:\\\/\\\/gambling6.com\\\/sk\\\/kasino\\\/bezpecnost-vasho-online-hazardneho-uctu\\\/\",\"url\":\"https:\\\/\\\/gambling6.com\\\/sk\\\/kasino\\\/bezpecnost-vasho-online-hazardneho-uctu\\\/\",\"name\":\"Ako m\u00f4\u017eem zabezpe\u010di\u0165 svoj \u00fa\u010det v online kas\u00edne\",\"isPartOf\":{\"@id\":\"https:\\\/\\\/gambling6.com\\\/sk\\\/#website\"},\"primaryImageOfPage\":{\"@id\":\"https:\\\/\\\/gambling6.com\\\/sk\\\/kasino\\\/bezpecnost-vasho-online-hazardneho-uctu\\\/#primaryimage\"},\"image\":{\"@id\":\"https:\\\/\\\/gambling6.com\\\/sk\\\/kasino\\\/bezpecnost-vasho-online-hazardneho-uctu\\\/#primaryimage\"},\"thumbnailUrl\":\"https:\\\/\\\/gambling6.com\\\/wp-content\\\/uploads\\\/2022\\\/04\\\/1_play_euromillions_online3-300x200.jpg\",\"datePublished\":\"2025-11-08T08:35:01+00:00\",\"dateModified\":\"2025-11-12T09:12:43+00:00\",\"description\":\"U\u017eito\u010dn\u00e9 tipy pre bezpe\u010dnos\u0165 online hazardn\u00fdch hier, ktor\u00e9 zabezpe\u010dia bezpe\u010dnos\u0165 v\u00e1\u0161ho kas\u00ednov\u00e9ho \u00fa\u010dtu\",\"breadcrumb\":{\"@id\":\"https:\\\/\\\/gambling6.com\\\/sk\\\/kasino\\\/bezpecnost-vasho-online-hazardneho-uctu\\\/#breadcrumb\"},\"inLanguage\":\"sk-SK\",\"potentialAction\":[{\"@type\":\"ReadAction\",\"target\":[\"https:\\\/\\\/gambling6.com\\\/sk\\\/kasino\\\/bezpecnost-vasho-online-hazardneho-uctu\\\/\"]}]},{\"@type\":\"ImageObject\",\"inLanguage\":\"sk-SK\",\"@id\":\"https:\\\/\\\/gambling6.com\\\/sk\\\/kasino\\\/bezpecnost-vasho-online-hazardneho-uctu\\\/#primaryimage\",\"url\":\"https:\\\/\\\/gambling6.com\\\/wp-content\\\/uploads\\\/2022\\\/04\\\/1_play_euromillions_online3-300x200.jpg\",\"contentUrl\":\"https:\\\/\\\/gambling6.com\\\/wp-content\\\/uploads\\\/2022\\\/04\\\/1_play_euromillions_online3-300x200.jpg\"},{\"@type\":\"BreadcrumbList\",\"@id\":\"https:\\\/\\\/gambling6.com\\\/sk\\\/kasino\\\/bezpecnost-vasho-online-hazardneho-uctu\\\/#breadcrumb\",\"itemListElement\":[{\"@type\":\"ListItem\",\"position\":1,\"name\":\"Home\",\"item\":\"https:\\\/\\\/gambling6.com\\\/sk\\\/home\\\/\"},{\"@type\":\"ListItem\",\"position\":2,\"name\":\"Kas\u00edno\",\"item\":\"https:\\\/\\\/gambling6.com\\\/sk\\\/get-started-with-online-gambling\\\/\"},{\"@type\":\"ListItem\",\"position\":3,\"name\":\"Bezpe\u010dnos\u0165 v\u00e1\u0161ho online hazardn\u00e9ho \u00fa\u010dtu\"}]},{\"@type\":\"WebSite\",\"@id\":\"https:\\\/\\\/gambling6.com\\\/sk\\\/#website\",\"url\":\"https:\\\/\\\/gambling6.com\\\/sk\\\/\",\"name\":\"Gambling6\",\"description\":\"\",\"potentialAction\":[{\"@type\":\"SearchAction\",\"target\":{\"@type\":\"EntryPoint\",\"urlTemplate\":\"https:\\\/\\\/gambling6.com\\\/sk\\\/?s={search_term_string}\"},\"query-input\":{\"@type\":\"PropertyValueSpecification\",\"valueRequired\":true,\"valueName\":\"search_term_string\"}}],\"inLanguage\":\"sk-SK\"}]}<\/script>\n<!-- \/ Yoast SEO plugin. -->","yoast_head_json":{"title":"Ako m\u00f4\u017eem zabezpe\u010di\u0165 svoj \u00fa\u010det v online kas\u00edne","description":"U\u017eito\u010dn\u00e9 tipy pre bezpe\u010dnos\u0165 online hazardn\u00fdch hier, ktor\u00e9 zabezpe\u010dia bezpe\u010dnos\u0165 v\u00e1\u0161ho kas\u00ednov\u00e9ho \u00fa\u010dtu","robots":{"index":"index","follow":"follow","max-snippet":"max-snippet:-1","max-image-preview":"max-image-preview:large","max-video-preview":"max-video-preview:-1"},"canonical":"https:\/\/gambling6.com\/sk\/kasino\/bezpecnost-vasho-online-hazardneho-uctu\/","og_locale":"sk_SK","og_type":"article","og_title":"Ako m\u00f4\u017eem zabezpe\u010di\u0165 svoj \u00fa\u010det v online kas\u00edne","og_description":"U\u017eito\u010dn\u00e9 tipy pre bezpe\u010dnos\u0165 online hazardn\u00fdch hier, ktor\u00e9 zabezpe\u010dia bezpe\u010dnos\u0165 v\u00e1\u0161ho kas\u00ednov\u00e9ho \u00fa\u010dtu","og_url":"https:\/\/gambling6.com\/sk\/kasino\/bezpecnost-vasho-online-hazardneho-uctu\/","og_site_name":"Gambling6","article_modified_time":"2025-11-12T09:12:43+00:00","og_image":[{"width":320,"height":213,"url":"https:\/\/gambling6.com\/wp-content\/uploads\/2022\/04\/1_play_euromillions_online3.jpg","type":"image\/jpeg"}],"twitter_card":"summary_large_image","twitter_misc":{"Predpokladan\u00fd \u010das \u010d\u00edtania":"4 min\u00faty"},"schema":{"@context":"https:\/\/schema.org","@graph":[{"@type":"WebPage","@id":"https:\/\/gambling6.com\/sk\/kasino\/bezpecnost-vasho-online-hazardneho-uctu\/","url":"https:\/\/gambling6.com\/sk\/kasino\/bezpecnost-vasho-online-hazardneho-uctu\/","name":"Ako m\u00f4\u017eem zabezpe\u010di\u0165 svoj \u00fa\u010det v online kas\u00edne","isPartOf":{"@id":"https:\/\/gambling6.com\/sk\/#website"},"primaryImageOfPage":{"@id":"https:\/\/gambling6.com\/sk\/kasino\/bezpecnost-vasho-online-hazardneho-uctu\/#primaryimage"},"image":{"@id":"https:\/\/gambling6.com\/sk\/kasino\/bezpecnost-vasho-online-hazardneho-uctu\/#primaryimage"},"thumbnailUrl":"https:\/\/gambling6.com\/wp-content\/uploads\/2022\/04\/1_play_euromillions_online3-300x200.jpg","datePublished":"2025-11-08T08:35:01+00:00","dateModified":"2025-11-12T09:12:43+00:00","description":"U\u017eito\u010dn\u00e9 tipy pre bezpe\u010dnos\u0165 online hazardn\u00fdch hier, ktor\u00e9 zabezpe\u010dia bezpe\u010dnos\u0165 v\u00e1\u0161ho kas\u00ednov\u00e9ho \u00fa\u010dtu","breadcrumb":{"@id":"https:\/\/gambling6.com\/sk\/kasino\/bezpecnost-vasho-online-hazardneho-uctu\/#breadcrumb"},"inLanguage":"sk-SK","potentialAction":[{"@type":"ReadAction","target":["https:\/\/gambling6.com\/sk\/kasino\/bezpecnost-vasho-online-hazardneho-uctu\/"]}]},{"@type":"ImageObject","inLanguage":"sk-SK","@id":"https:\/\/gambling6.com\/sk\/kasino\/bezpecnost-vasho-online-hazardneho-uctu\/#primaryimage","url":"https:\/\/gambling6.com\/wp-content\/uploads\/2022\/04\/1_play_euromillions_online3-300x200.jpg","contentUrl":"https:\/\/gambling6.com\/wp-content\/uploads\/2022\/04\/1_play_euromillions_online3-300x200.jpg"},{"@type":"BreadcrumbList","@id":"https:\/\/gambling6.com\/sk\/kasino\/bezpecnost-vasho-online-hazardneho-uctu\/#breadcrumb","itemListElement":[{"@type":"ListItem","position":1,"name":"Home","item":"https:\/\/gambling6.com\/sk\/home\/"},{"@type":"ListItem","position":2,"name":"Kas\u00edno","item":"https:\/\/gambling6.com\/sk\/get-started-with-online-gambling\/"},{"@type":"ListItem","position":3,"name":"Bezpe\u010dnos\u0165 v\u00e1\u0161ho online hazardn\u00e9ho \u00fa\u010dtu"}]},{"@type":"WebSite","@id":"https:\/\/gambling6.com\/sk\/#website","url":"https:\/\/gambling6.com\/sk\/","name":"Gambling6","description":"","potentialAction":[{"@type":"SearchAction","target":{"@type":"EntryPoint","urlTemplate":"https:\/\/gambling6.com\/sk\/?s={search_term_string}"},"query-input":{"@type":"PropertyValueSpecification","valueRequired":true,"valueName":"search_term_string"}}],"inLanguage":"sk-SK"}]}},"_links":{"self":[{"href":"https:\/\/gambling6.com\/sk\/wp-json\/wp\/v2\/pages\/8848","targetHints":{"allow":["GET"]}}],"collection":[{"href":"https:\/\/gambling6.com\/sk\/wp-json\/wp\/v2\/pages"}],"about":[{"href":"https:\/\/gambling6.com\/sk\/wp-json\/wp\/v2\/types\/page"}],"author":[{"embeddable":true,"href":"https:\/\/gambling6.com\/sk\/wp-json\/wp\/v2\/users\/1"}],"replies":[{"embeddable":true,"href":"https:\/\/gambling6.com\/sk\/wp-json\/wp\/v2\/comments?post=8848"}],"version-history":[{"count":1,"href":"https:\/\/gambling6.com\/sk\/wp-json\/wp\/v2\/pages\/8848\/revisions"}],"predecessor-version":[{"id":10450,"href":"https:\/\/gambling6.com\/sk\/wp-json\/wp\/v2\/pages\/8848\/revisions\/10450"}],"up":[{"embeddable":true,"href":"https:\/\/gambling6.com\/sk\/wp-json\/wp\/v2\/pages\/8328"}],"wp:attachment":[{"href":"https:\/\/gambling6.com\/sk\/wp-json\/wp\/v2\/media?parent=8848"}],"curies":[{"name":"wp","href":"https:\/\/api.w.org\/{rel}","templated":true}]}}