{"id":8902,"date":"2025-11-08T09:40:13","date_gmt":"2025-11-08T09:40:13","guid":{"rendered":"https:\/\/gambling6.com\/kasino\/povod-blackjacku\/"},"modified":"2025-11-08T09:40:13","modified_gmt":"2025-11-08T09:40:13","slug":"povod-blackjacku","status":"publish","type":"page","link":"https:\/\/gambling6.com\/sk\/kasino\/povod-blackjacku\/","title":{"rendered":"P\u00f4vod Blackjacku"},"content":{"rendered":"<h2>Kedy sa Blackjack hral prv\u00fdkr\u00e1t<\/h2>\n<p><a href=\"http:\/\/gambling6.com\/wp-content\/uploads\/2013\/12\/history-of-balck-jack.jpg\"><img loading=\"lazy\" decoding=\"async\" class=\"aligncenter size-full wp-image-547 alignright size-full wp-image-183\" style=\"margin: 5px; float: right;\" src=\"http:\/\/gambling6.com\/wp-content\/uploads\/2013\/12\/history-of-balck-jack.jpg\" alt=\"history blackjacku\" width=\"243\" height=\"207\" \/><\/a>Historici hazardn\u00fdch hier s\u00fa zm\u00e4ten\u00ed oh\u013eadom hist\u00f3rie a p\u00f4vodu hry, ktor\u00fa pozn\u00e1me ako Black Jack. Aj dnes je jej hist\u00f3ria hor\u00facou t\u00e9mou deb\u00e1t mnoh\u00fdch v\u00fdskumn\u00edkov. Z hist\u00f3rie kartov\u00fdch hier mo\u017eno zisti\u0165, \u017ee hracie karty sa p\u00f4vodne pou\u017e\u00edvali v \u010c\u00edne, Indii a Egypte u\u017e v roku 900 n. l. Hovor\u00ed sa, \u017ee prv\u00e9 kartov\u00e9 hry vznikli v \u010c\u00edne.<\/p>\n<p>St\u00e1le sa v\u0161ak hovor\u00ed, \u017ee to boli Franc\u00fazi, ktor\u00ed skuto\u010dne vyna\u0161li hru Blackjack. Franc\u00fazi mali kartov\u00e9 hry zn\u00e1me ako \u201echemin de fer\u201c a \u201eFrench Ferme\u201c. Predpoklad\u00e1 sa, \u017ee Blackjack je v skuto\u010dnosti odno\u017eou t\u00fdchto dvoch franc\u00fazskych hier.<\/p>\n<p>Niekedy v roku 1700 n\u00e1\u0161ho letopo\u010dtu bola vo franc\u00fazskych kas\u00ednach tej doby zaveden\u00e1 hra zn\u00e1ma ako \u201evingt-et-un\u201c, \u010do znamen\u00e1 dvadsa\u0165jeden. V 19. storo\u010d\u00ed sa t\u00e1 ist\u00e1 hra presunula do Spojen\u00fdch \u0161t\u00e1tov.<\/p>\n<p>Hoci sa \u201evingt-et-un\u201c zd\u00e1 by\u0165 dos\u0165 podobn\u00fd Blackjacku, v niektor\u00fdch aspektoch sa predsa len l\u00ed\u0161i. V tejto hre je cie\u013eom dosiahnu\u0165 \u201eprirodzen\u00fd\u201c s\u00fa\u010det s kartami, ktor\u00fdch s\u00fa\u010det je dvadsa\u0165jeden. Okrem toho sa karty rozd\u00e1vali v kol\u00e1ch a st\u00e1vky sa uzatv\u00e1rali pre ka\u017ed\u00e9 kolo. Iba krupi\u00e9r mal pr\u00e1vomoc \u201ezdvojn\u00e1sobi\u0165\u201c a v pr\u00edpade, \u017ee dostal prirodzen\u00fd s\u00fa\u010det, v\u0161etci ostatn\u00ed hr\u00e1\u010di boli povinn\u00ed zaplati\u0165 mu trojn\u00e1sobok.<\/p>\n<p>\u010eal\u0161\u00edm argumentom pr\u00edslu\u0161n\u00fdch v\u00fdskumn\u00edkov je, \u017ee talianska hra zn\u00e1ma ako \u201eSedem a pol\u201c mohla tie\u017e prispie\u0165 k vzniku s\u00fa\u010dasn\u00e9ho Blackjacku. Hra sa hrala s kartami s \u010d\u00edslami 8, 9 a 10, spolu s kartami s l\u00edcom. Tieto karty sa po\u010d\u00edtali ako \u201epolovica\u201c. Okrem toho sa s Kr\u00e1\u013eom k\u00e1rov zaobch\u00e1dzalo ako s divokou kartou. Predpoklad\u00e1 sa, \u017ee to bola prv\u00e1 hra, v ktorej bol zaveden\u00fd koncept \u201eprepadu\u201c. To znamen\u00e1, \u017ee ak bol s\u00fa\u010det kariet hr\u00e1\u010da vy\u0161\u0161\u00ed ako sedem a pol, prepadol alebo vypadol z hry.<\/p>\n<p>Aj sl\u00e1vna \u0161panielska hra \u201eJeden a tridsa\u0165\u201c bola podobn\u00e1 Black Jacku. Ale v tomto pr\u00edpade bol s\u00fa\u010det tridsa\u0165jeden namiesto dvadsa\u0165jeden a hralo sa s tromi kartami namiesto dvoch ako v Black Jacku.<\/p>\n<p>Ke\u010f Blackjack vst\u00fapil do americk\u00fdch kas\u00edn niekedy v roku 1910, nebol ve\u013emi popul\u00e1rny. Hern\u00e9 domy zaviedli r\u00f4zne stimuly a bonusy, aby pril\u00e1kali \u013eud\u00ed k hre. Bonusov\u00e1 v\u00fdplata, ktor\u00fa kas\u00edno p\u00f4vodne pon\u00fakalo, bola 10:1. Niektor\u00e9 kas\u00edna pridali l\u00e1kadlo novej hry a rozpoznali Jacka trefov\u00e9ho aj Jacka pikov\u00e9ho s v\u00fdplatou desa\u0165:1.<\/p>\n<p>\u010eal\u0161ou zvl\u00e1\u0161tnos\u0165ou je, ako sa v tejto hre pou\u017e\u00edva n\u00e1zov \u201eBlackjack\u201c. Hovor\u00ed sa, \u017ee hra sa volala Blackjack, preto\u017ee na z\u00edskanie bonusovej v\u00fdplaty musel ma\u0165 hr\u00e1\u010d ako prv\u00e9 dve karty bu\u010f Jacka pikov\u00e9ho, alebo Eso pikov\u00e9.<\/p>\n<p>Hoci teraz u\u017e Jack nie je potrebn\u00fd na vytvorenie v\u00fdhernej kombin\u00e1cie a ak\u00e1ko\u013evek karta s hodnotou desa\u0165 s esom sa kvalifikuje ako v\u00fdhern\u00e1 kombin\u00e1cia, n\u00e1zov Black Jack ho nesie.<\/p>\n","protected":false},"excerpt":{"rendered":"<p>Kedy sa Blackjack hral prv\u00fdkr\u00e1t Historici hazardn\u00fdch hier s\u00fa zm\u00e4ten\u00ed oh\u013eadom hist\u00f3rie a p\u00f4vodu hry, ktor\u00fa pozn\u00e1me ako Black Jack. Aj dnes je jej hist\u00f3ria hor\u00facou t\u00e9mou deb\u00e1t mnoh\u00fdch v\u00fdskumn\u00edkov. Z hist\u00f3rie kartov\u00fdch hier mo\u017eno zisti\u0165, \u017ee hracie karty sa p\u00f4vodne pou\u017e\u00edvali v \u010c\u00edne, Indii a Egypte u\u017e v roku 900 n. l. Hovor\u00ed sa, [&hellip;]<\/p>\n","protected":false},"author":1,"featured_media":8886,"parent":8328,"menu_order":56,"comment_status":"closed","ping_status":"closed","template":"","meta":{"footnotes":""},"class_list":["post-8902","page","type-page","status-publish","has-post-thumbnail","hentry"],"yoast_head":"<!-- This site is optimized with the Yoast SEO plugin v27.6 - https:\/\/yoast.com\/product\/yoast-seo-wordpress\/ -->\n<title>P\u00f4vod kartovej hry Blackjack<\/title>\n<meta name=\"description\" content=\"Pre\u010d\u00edtajte si o hist\u00f3rii Black Jacku, od popul\u00e1rnej hry na ulici a\u017e po kas\u00ednov\u00fa z\u00e1bavu a online kas\u00edna.\" \/>\n<meta name=\"robots\" content=\"index, follow, max-snippet:-1, max-image-preview:large, max-video-preview:-1\" \/>\n<link rel=\"canonical\" href=\"https:\/\/gambling6.com\/sk\/kasino\/povod-blackjacku\/\" \/>\n<meta property=\"og:locale\" content=\"sk_SK\" \/>\n<meta property=\"og:type\" content=\"article\" \/>\n<meta property=\"og:title\" content=\"P\u00f4vod kartovej hry Blackjack\" \/>\n<meta property=\"og:description\" content=\"Pre\u010d\u00edtajte si o hist\u00f3rii Black Jacku, od popul\u00e1rnej hry na ulici a\u017e po kas\u00ednov\u00fa z\u00e1bavu a online kas\u00edna.\" \/>\n<meta property=\"og:url\" content=\"https:\/\/gambling6.com\/sk\/kasino\/povod-blackjacku\/\" \/>\n<meta property=\"og:site_name\" content=\"Gambling6\" \/>\n<meta property=\"og:image\" content=\"https:\/\/gambling6.com\/wp-content\/uploads\/2013\/12\/history-of-balck-jack.jpg\" \/>\n\t<meta property=\"og:image:width\" content=\"243\" \/>\n\t<meta property=\"og:image:height\" content=\"207\" \/>\n\t<meta property=\"og:image:type\" content=\"image\/jpeg\" \/>\n<meta name=\"twitter:card\" content=\"summary_large_image\" \/>\n<meta name=\"twitter:label1\" content=\"Predpokladan\u00fd \u010das \u010d\u00edtania\" \/>\n\t<meta name=\"twitter:data1\" content=\"3 min\u00faty\" \/>\n<script type=\"application\/ld+json\" class=\"yoast-schema-graph\">{\"@context\":\"https:\\\/\\\/schema.org\",\"@graph\":[{\"@type\":\"WebPage\",\"@id\":\"https:\\\/\\\/gambling6.com\\\/sk\\\/kasino\\\/povod-blackjacku\\\/\",\"url\":\"https:\\\/\\\/gambling6.com\\\/sk\\\/kasino\\\/povod-blackjacku\\\/\",\"name\":\"P\u00f4vod kartovej hry Blackjack\",\"isPartOf\":{\"@id\":\"https:\\\/\\\/gambling6.com\\\/sk\\\/#website\"},\"primaryImageOfPage\":{\"@id\":\"https:\\\/\\\/gambling6.com\\\/sk\\\/kasino\\\/povod-blackjacku\\\/#primaryimage\"},\"image\":{\"@id\":\"https:\\\/\\\/gambling6.com\\\/sk\\\/kasino\\\/povod-blackjacku\\\/#primaryimage\"},\"thumbnailUrl\":\"https:\\\/\\\/gambling6.com\\\/wp-content\\\/uploads\\\/2013\\\/12\\\/history-of-balck-jack.jpg\",\"datePublished\":\"2025-11-08T09:40:13+00:00\",\"description\":\"Pre\u010d\u00edtajte si o hist\u00f3rii Black Jacku, od popul\u00e1rnej hry na ulici a\u017e po kas\u00ednov\u00fa z\u00e1bavu a online kas\u00edna.\",\"breadcrumb\":{\"@id\":\"https:\\\/\\\/gambling6.com\\\/sk\\\/kasino\\\/povod-blackjacku\\\/#breadcrumb\"},\"inLanguage\":\"sk-SK\",\"potentialAction\":[{\"@type\":\"ReadAction\",\"target\":[\"https:\\\/\\\/gambling6.com\\\/sk\\\/kasino\\\/povod-blackjacku\\\/\"]}]},{\"@type\":\"ImageObject\",\"inLanguage\":\"sk-SK\",\"@id\":\"https:\\\/\\\/gambling6.com\\\/sk\\\/kasino\\\/povod-blackjacku\\\/#primaryimage\",\"url\":\"https:\\\/\\\/gambling6.com\\\/wp-content\\\/uploads\\\/2013\\\/12\\\/history-of-balck-jack.jpg\",\"contentUrl\":\"https:\\\/\\\/gambling6.com\\\/wp-content\\\/uploads\\\/2013\\\/12\\\/history-of-balck-jack.jpg\",\"width\":243,\"height\":207,\"caption\":\"blackjack\"},{\"@type\":\"BreadcrumbList\",\"@id\":\"https:\\\/\\\/gambling6.com\\\/sk\\\/kasino\\\/povod-blackjacku\\\/#breadcrumb\",\"itemListElement\":[{\"@type\":\"ListItem\",\"position\":1,\"name\":\"Home\",\"item\":\"https:\\\/\\\/gambling6.com\\\/sk\\\/home\\\/\"},{\"@type\":\"ListItem\",\"position\":2,\"name\":\"Kas\u00edno\",\"item\":\"https:\\\/\\\/gambling6.com\\\/sk\\\/get-started-with-online-gambling\\\/\"},{\"@type\":\"ListItem\",\"position\":3,\"name\":\"P\u00f4vod Blackjacku\"}]},{\"@type\":\"WebSite\",\"@id\":\"https:\\\/\\\/gambling6.com\\\/sk\\\/#website\",\"url\":\"https:\\\/\\\/gambling6.com\\\/sk\\\/\",\"name\":\"Gambling6\",\"description\":\"\",\"potentialAction\":[{\"@type\":\"SearchAction\",\"target\":{\"@type\":\"EntryPoint\",\"urlTemplate\":\"https:\\\/\\\/gambling6.com\\\/sk\\\/?s={search_term_string}\"},\"query-input\":{\"@type\":\"PropertyValueSpecification\",\"valueRequired\":true,\"valueName\":\"search_term_string\"}}],\"inLanguage\":\"sk-SK\"}]}<\/script>\n<!-- \/ Yoast SEO plugin. -->","yoast_head_json":{"title":"P\u00f4vod kartovej hry Blackjack","description":"Pre\u010d\u00edtajte si o hist\u00f3rii Black Jacku, od popul\u00e1rnej hry na ulici a\u017e po kas\u00ednov\u00fa z\u00e1bavu a online kas\u00edna.","robots":{"index":"index","follow":"follow","max-snippet":"max-snippet:-1","max-image-preview":"max-image-preview:large","max-video-preview":"max-video-preview:-1"},"canonical":"https:\/\/gambling6.com\/sk\/kasino\/povod-blackjacku\/","og_locale":"sk_SK","og_type":"article","og_title":"P\u00f4vod kartovej hry Blackjack","og_description":"Pre\u010d\u00edtajte si o hist\u00f3rii Black Jacku, od popul\u00e1rnej hry na ulici a\u017e po kas\u00ednov\u00fa z\u00e1bavu a online kas\u00edna.","og_url":"https:\/\/gambling6.com\/sk\/kasino\/povod-blackjacku\/","og_site_name":"Gambling6","og_image":[{"width":243,"height":207,"url":"https:\/\/gambling6.com\/wp-content\/uploads\/2013\/12\/history-of-balck-jack.jpg","type":"image\/jpeg"}],"twitter_card":"summary_large_image","twitter_misc":{"Predpokladan\u00fd \u010das \u010d\u00edtania":"3 min\u00faty"},"schema":{"@context":"https:\/\/schema.org","@graph":[{"@type":"WebPage","@id":"https:\/\/gambling6.com\/sk\/kasino\/povod-blackjacku\/","url":"https:\/\/gambling6.com\/sk\/kasino\/povod-blackjacku\/","name":"P\u00f4vod kartovej hry Blackjack","isPartOf":{"@id":"https:\/\/gambling6.com\/sk\/#website"},"primaryImageOfPage":{"@id":"https:\/\/gambling6.com\/sk\/kasino\/povod-blackjacku\/#primaryimage"},"image":{"@id":"https:\/\/gambling6.com\/sk\/kasino\/povod-blackjacku\/#primaryimage"},"thumbnailUrl":"https:\/\/gambling6.com\/wp-content\/uploads\/2013\/12\/history-of-balck-jack.jpg","datePublished":"2025-11-08T09:40:13+00:00","description":"Pre\u010d\u00edtajte si o hist\u00f3rii Black Jacku, od popul\u00e1rnej hry na ulici a\u017e po kas\u00ednov\u00fa z\u00e1bavu a online kas\u00edna.","breadcrumb":{"@id":"https:\/\/gambling6.com\/sk\/kasino\/povod-blackjacku\/#breadcrumb"},"inLanguage":"sk-SK","potentialAction":[{"@type":"ReadAction","target":["https:\/\/gambling6.com\/sk\/kasino\/povod-blackjacku\/"]}]},{"@type":"ImageObject","inLanguage":"sk-SK","@id":"https:\/\/gambling6.com\/sk\/kasino\/povod-blackjacku\/#primaryimage","url":"https:\/\/gambling6.com\/wp-content\/uploads\/2013\/12\/history-of-balck-jack.jpg","contentUrl":"https:\/\/gambling6.com\/wp-content\/uploads\/2013\/12\/history-of-balck-jack.jpg","width":243,"height":207,"caption":"blackjack"},{"@type":"BreadcrumbList","@id":"https:\/\/gambling6.com\/sk\/kasino\/povod-blackjacku\/#breadcrumb","itemListElement":[{"@type":"ListItem","position":1,"name":"Home","item":"https:\/\/gambling6.com\/sk\/home\/"},{"@type":"ListItem","position":2,"name":"Kas\u00edno","item":"https:\/\/gambling6.com\/sk\/get-started-with-online-gambling\/"},{"@type":"ListItem","position":3,"name":"P\u00f4vod Blackjacku"}]},{"@type":"WebSite","@id":"https:\/\/gambling6.com\/sk\/#website","url":"https:\/\/gambling6.com\/sk\/","name":"Gambling6","description":"","potentialAction":[{"@type":"SearchAction","target":{"@type":"EntryPoint","urlTemplate":"https:\/\/gambling6.com\/sk\/?s={search_term_string}"},"query-input":{"@type":"PropertyValueSpecification","valueRequired":true,"valueName":"search_term_string"}}],"inLanguage":"sk-SK"}]}},"_links":{"self":[{"href":"https:\/\/gambling6.com\/sk\/wp-json\/wp\/v2\/pages\/8902","targetHints":{"allow":["GET"]}}],"collection":[{"href":"https:\/\/gambling6.com\/sk\/wp-json\/wp\/v2\/pages"}],"about":[{"href":"https:\/\/gambling6.com\/sk\/wp-json\/wp\/v2\/types\/page"}],"author":[{"embeddable":true,"href":"https:\/\/gambling6.com\/sk\/wp-json\/wp\/v2\/users\/1"}],"replies":[{"embeddable":true,"href":"https:\/\/gambling6.com\/sk\/wp-json\/wp\/v2\/comments?post=8902"}],"version-history":[{"count":0,"href":"https:\/\/gambling6.com\/sk\/wp-json\/wp\/v2\/pages\/8902\/revisions"}],"up":[{"embeddable":true,"href":"https:\/\/gambling6.com\/sk\/wp-json\/wp\/v2\/pages\/8328"}],"wp:featuredmedia":[{"embeddable":true,"href":"https:\/\/gambling6.com\/sk\/wp-json\/wp\/v2\/media\/8886"}],"wp:attachment":[{"href":"https:\/\/gambling6.com\/sk\/wp-json\/wp\/v2\/media?parent=8902"}],"curies":[{"name":"wp","href":"https:\/\/api.w.org\/{rel}","templated":true}]}}