{"id":8946,"date":"2025-11-08T10:31:23","date_gmt":"2025-11-08T10:31:23","guid":{"rendered":"https:\/\/gambling6.com\/kasino\/vsetko-co-potrebujete-vediet-o-online-automatoch\/"},"modified":"2025-11-15T09:49:57","modified_gmt":"2025-11-15T09:49:57","slug":"vsetko-co-potrebujete-vediet-o-online-automatoch","status":"publish","type":"page","link":"https:\/\/gambling6.com\/sk\/kasino\/vsetko-co-potrebujete-vediet-o-online-automatoch\/","title":{"rendered":"V\u0161etko, \u010do potrebujete vedie\u0165 o online automatoch"},"content":{"rendered":"<h2>Hranie na automatoch \u2013 najob\u013e\u00fabenej\u0161ia online kas\u00ednov\u00e1 hra<\/h2>\n<p>Online automaty s\u00fa najob\u013e\u00fabenej\u0161ou vo\u013ebou medzi hr\u00e1\u010dmi kas\u00edna a existuje na to mnoho d\u00f4vodov. Hoci hry na prv\u00fd poh\u013ead vyzeraj\u00fa jednoducho, v skuto\u010dnosti existuje nieko\u013eko vec\u00ed, ktor\u00e9 by ste o nich mali vedie\u0165, \u010do v\u00e1m m\u00f4\u017ee pom\u00f4c\u0165 zlep\u0161i\u0165 va\u0161e v\u00fdsledky a vytvori\u0165 lep\u0161\u00ed z\u00e1\u017eitok z online hrania. Inform\u00e1cie o r\u00f4znych prvkoch t\u00fdkaj\u00facich sa automatov o skuto\u010dn\u00e9 peniaze n\u00e1jdete na na\u0161ej webovej str\u00e1nke venovanej tomu, aby sme hr\u00e1\u010dom uk\u00e1zali, ako hra funguje a ak\u00e9 strat\u00e9gie m\u00f4\u017eu pou\u017e\u00edva\u0165.<\/p>\n<h2>Predstavujeme online automaty<\/h2>\n<p><img loading=\"lazy\" decoding=\"async\" class=\" alignright size-full wp-image-370\" style=\"margin: 5px; float: right;\" src=\"http:\/\/gambling6.com\/wp-content\/uploads\/2013\/12\/Slots-150x150.jpg\" alt=\"Hracie automaty--150x150\" width=\"150\" height=\"150\" \/>Hracie automaty s\u00fa v kamenn\u00fdch kas\u00ednach ve\u013emi ob\u013e\u00faben\u00e9 a zvy\u010dajne zap\u013a\u0148aj\u00fa ve\u013ek\u00e9 miestnosti, aby uspokojili vysok\u00fd dopyt. V skuto\u010dnosti je ve\u013emi pravdepodobn\u00e9, \u017ee po\u010das dopravnej \u0161pi\u010dky v popul\u00e1rnych kas\u00ednach nen\u00e1jdete hrac\u00ed automat. Koncept hry je jednoduch\u00fd: na 3 alebo 5 rotuj\u00facich valcoch sa nach\u00e1dza nieko\u013eko symbolov. Hr\u00e1\u010d mus\u00ed uzavrie\u0165 st\u00e1vku a vybra\u0165 si po\u010det l\u00edni\u00ed, na ktor\u00fdch chce hra\u0165.<\/p>\n<p>Potom m\u00f4\u017ee rozto\u010di\u0165 valce a ak sa symboly zastavia v ur\u010ditej kombin\u00e1cii na ka\u017edej vybranej l\u00ednii, hra udel\u00ed cenu na z\u00e1klade kurzu a v\u00fd\u0161ky st\u00e1vky. Pr\u00e1ve t\u00e1to jednoduchos\u0165 hry ju urobila takou popul\u00e1rnou v kombin\u00e1cii s potenci\u00e1lom vyhra\u0165 obrovsk\u00e9 ceny. Ke\u010f\u017ee online kas\u00edna v priebehu rokov naberali na popularite, hracie automaty si udr\u017eali svoju popularitu, preto\u017ee hr\u00e1\u010di sa presunuli na internet kv\u00f4li \u013eah\u0161iemu pr\u00edstupu k svojim ob\u013e\u00faben\u00fdm hr\u00e1m.<\/p>\n<p>Platia rovnak\u00e9 pravidl\u00e1, ale online automaty teraz pou\u017e\u00edvaj\u00fa gener\u00e1tory n\u00e1hodn\u00fdch \u010d\u00edsel na ur\u010denie, ktor\u00e9 symboly sa zobrazia po prestan\u00ed ot\u00e1\u010dania valcov. Kurzy na automatoch zost\u00e1vaj\u00fa teoreticky rovnak\u00e9, ale v\u00e4\u010d\u0161ina hr\u00e1\u010dov tvrd\u00ed, \u017ee online automaty s\u00fa ove\u013ea ziskovej\u0161ie, preto\u017ee nie s\u00fa nijako upravovan\u00e9 v z\u00e1vislosti od ich umiestnenia v kas\u00edne.<\/p>\n<h2>Nov\u00e9 mo\u017enosti online<\/h2>\n<p>Online automaty sa v posledn\u00fdch rokoch skuto\u010dne rozbehli a internet dal v\u00fdvoj\u00e1rom softv\u00e9ru \u0161ancu posun\u00fa\u0165 hru na vy\u0161\u0161iu \u00farove\u0148. Hr\u00e1\u010di si teraz m\u00f4\u017eu vybra\u0165 z ve\u013ek\u00e9ho po\u010dtu v\u00fdhern\u00fdch l\u00edni\u00ed. Ka\u017ed\u00e1 \u010fal\u0161ia l\u00ednia m\u00e1 rovnak\u00fa \u0161ancu na v\u00fdhern\u00fa kombin\u00e1ciu, tak\u017ee hr\u00e1\u010d m\u00e1 mo\u017enos\u0165 zaplati\u0165 viac a hra\u0165 viac l\u00edni\u00ed v jednom rozto\u010den\u00ed. Internet tie\u017e poskytol najlep\u0161\u00ed sp\u00f4sob, ako roz\u0161\u00edri\u0165 online automaty na z\u00e1klade ich t\u00e9my a \u0161t\u00fdlu. Nov\u00e9 tituly sa vyd\u00e1vaj\u00fa pomerne \u010dasto a m\u00f4\u017eu pokr\u00fdva\u0165 r\u00f4zne t\u00e9my, pri\u010dom mo\u017enosti s\u00fa skuto\u010dne obmedzen\u00e9 iba predstavivos\u0165ou. Popul\u00e1rne filmy, ako napr\u00edklad Temn\u00fd rytier a Gladi\u00e1tor, in\u0161piruj\u00fa online automaty.<\/p>\n<p>Medzi najlep\u0161ie kas\u00edna pre kas\u00ednov\u00e9 hry s atrakt\u00edvnymi t\u00e9mami a p\u00fatav\u00fdm dizajnom patr\u00ed ur\u010dite 888 Casino. <a class=\"thirstylink\" title=\"888 casino en\" href=\"https:\/\/gambling6.com\/go\/888-casino-en\/\" target=\"_blank\" rel=\"nofollow noopener\">Ak si ich chcete vysk\u00fa\u0161a\u0165, kliknite na tento odkaz &#8211; nebudete sklaman\u00ed.<\/a><\/p>\n<h2>Progres\u00edvne hracie automaty<\/h2>\n<p>Progres\u00edvne hracie automaty sa daj\u00fa n\u00e1js\u0165 aj v kamenn\u00fdch kas\u00ednach, ale s\u00fa ve\u013emi popul\u00e1rne online. My\u0161lienka je tak\u00e1, \u017ee kas\u00edno prepoj\u00ed nieko\u013eko hrac\u00edch automatov, tak\u017ee ka\u017ed\u00e1 st\u00e1vka z nich m\u00f4\u017ee prispie\u0165 k jedn\u00e9mu \u0161tandardn\u00e9mu jackpotu, ktor\u00fd je mo\u017en\u00e9 vyhra\u0165 kedyko\u013evek. Pokia\u013e ide o online kas\u00edna, prepojenie t\u00fdchto hier je ove\u013ea jednoduch\u0161ie, \u010do umo\u017e\u0148uje viacer\u00fdm pou\u017e\u00edvate\u013eom hra\u0165 t\u00fa ist\u00fa hru. V\u00fdsledkom s\u00fa niektor\u00e9 ve\u013emi popul\u00e1rne progres\u00edvne hracie automaty, ktor\u00e9 m\u00f4\u017eu ka\u017ed\u00e9 dva mesiace vyhra\u0165 mili\u00f3ny dol\u00e1rov.<\/p>\n<p>Jackpot rastie s ka\u017edou \u010fal\u0161ou st\u00e1vkou hr\u00e1\u010dov, k\u00fdm niekto netraf\u00ed v\u00fdhern\u00fa kombin\u00e1ciu a nez\u00edska cel\u00fa sumu. Napr\u00edklad v online automate s pokrovou tematikou sa jackpot vyhr\u00e1 za z\u00edskanie Royal Flush. Samozrejme, existuj\u00fa aj men\u0161ie ceny za in\u00e9 kombin\u00e1cie, ktor\u00e9 sa vyskytuj\u00fa \u010dastej\u0161ie, tak\u017ee hr\u00e1\u010di nest\u00e1vkuj\u00fa len o jackpot. Popul\u00e1rne progres\u00edvne automaty mo\u017eno n\u00e1js\u0165 vo viacer\u00fdch online kas\u00ednach s\u00fa\u010dasne, pokia\u013e pou\u017e\u00edvaj\u00fa rovnak\u00e9ho poskytovate\u013ea softv\u00e9ru.<\/p>\n<h2>Strat\u00e9gie pre online automaty<\/h2>\n<p>Hoci s\u00fa automaty \u010disto hra o \u0161\u0165ast\u00ed, nieko\u013eko u\u017eito\u010dn\u00fdch tipov v\u00e1m m\u00f4\u017ee pom\u00f4c\u0165 zv\u00fd\u0161i\u0165 zisky. Najd\u00f4le\u017eitej\u0161ie je vedie\u0165, \u017ee jedno rozto\u010denie nez\u00e1vis\u00ed od predch\u00e1dzaj\u00faceho; ka\u017ed\u00e9 rozto\u010denie m\u00e1 rovnak\u00fa \u0161ancu. Mnoho hr\u00e1\u010dov ver\u00ed, \u017ee ak hraj\u00fa dostato\u010dne dlho, nakoniec vyhraj\u00fa ve\u013ek\u00fa cenu. Najlep\u0161\u00ed sp\u00f4sob, ako vyhra\u0165 v online automatoch, je spr\u00e1vne spravova\u0165 svoj bankroll a vyh\u00fdba\u0165 sa zbyto\u010dn\u00fdm rizik\u00e1m u\u017e na za\u010diatku. To znamen\u00e1, \u017ee by ste mali hra\u0165 menej l\u00edni\u00ed a vyh\u00fdba\u0165 sa hr\u00e1m, ktor\u00e9 pon\u00fakaj\u00fa funkciu \u201edvojn\u00e1sobok alebo ni\u010d\u201c. Aby ste sa lep\u0161ie nau\u010dili, ako hra funguje, m\u00f4\u017eete si najprv zahra\u0165 o virtu\u00e1lne peniaze.<\/p>\n","protected":false},"excerpt":{"rendered":"<p>Hranie na automatoch \u2013 najob\u013e\u00fabenej\u0161ia online kas\u00ednov\u00e1 hra Online automaty s\u00fa najob\u013e\u00fabenej\u0161ou vo\u013ebou medzi hr\u00e1\u010dmi kas\u00edna a existuje na to mnoho d\u00f4vodov. Hoci hry na prv\u00fd poh\u013ead vyzeraj\u00fa jednoducho, v skuto\u010dnosti existuje nieko\u013eko vec\u00ed, ktor\u00e9 by ste o nich mali vedie\u0165, \u010do v\u00e1m m\u00f4\u017ee pom\u00f4c\u0165 zlep\u0161i\u0165 va\u0161e v\u00fdsledky a vytvori\u0165 lep\u0161\u00ed z\u00e1\u017eitok z online hrania. [&hellip;]<\/p>\n","protected":false},"author":1,"featured_media":8930,"parent":8328,"menu_order":42,"comment_status":"closed","ping_status":"closed","template":"","meta":{"footnotes":""},"class_list":["post-8946","page","type-page","status-publish","has-post-thumbnail","hentry"],"yoast_head":"<!-- This site is optimized with the Yoast SEO plugin v27.3 - https:\/\/yoast.com\/product\/yoast-seo-wordpress\/ -->\n<title>Inform\u00e1cie o tom, ako hra\u0165 online v\u00fdhern\u00e9 automaty<\/title>\n<meta name=\"description\" content=\"Nau\u010dte sa hra\u0165 online hracie automaty a z\u00edskajte mili\u00f3ny dol\u00e1rov v progres\u00edvnych jackpotoch jedin\u00fdm kliknut\u00edm my\u0161i.\" \/>\n<meta name=\"robots\" content=\"index, follow, max-snippet:-1, max-image-preview:large, max-video-preview:-1\" \/>\n<link rel=\"canonical\" href=\"https:\/\/gambling6.com\/sk\/kasino\/vsetko-co-potrebujete-vediet-o-online-automatoch\/\" \/>\n<meta property=\"og:locale\" content=\"sk_SK\" \/>\n<meta property=\"og:type\" content=\"article\" \/>\n<meta property=\"og:title\" content=\"Inform\u00e1cie o tom, ako hra\u0165 online v\u00fdhern\u00e9 automaty\" \/>\n<meta property=\"og:description\" content=\"Nau\u010dte sa hra\u0165 online hracie automaty a z\u00edskajte mili\u00f3ny dol\u00e1rov v progres\u00edvnych jackpotoch jedin\u00fdm kliknut\u00edm my\u0161i.\" \/>\n<meta property=\"og:url\" content=\"https:\/\/gambling6.com\/sk\/kasino\/vsetko-co-potrebujete-vediet-o-online-automatoch\/\" \/>\n<meta property=\"og:site_name\" content=\"Gambling6\" \/>\n<meta property=\"article:modified_time\" content=\"2025-11-15T09:49:57+00:00\" \/>\n<meta property=\"og:image\" content=\"https:\/\/gambling6.com\/wp-content\/uploads\/2013\/12\/Slots-150x150.jpg\" \/>\n\t<meta property=\"og:image:width\" content=\"150\" \/>\n\t<meta property=\"og:image:height\" content=\"150\" \/>\n\t<meta property=\"og:image:type\" content=\"image\/jpeg\" \/>\n<meta name=\"twitter:card\" content=\"summary_large_image\" \/>\n<meta name=\"twitter:label1\" content=\"Predpokladan\u00fd \u010das \u010d\u00edtania\" \/>\n\t<meta name=\"twitter:data1\" content=\"4 min\u00faty\" \/>\n<script type=\"application\/ld+json\" class=\"yoast-schema-graph\">{\"@context\":\"https:\\\/\\\/schema.org\",\"@graph\":[{\"@type\":\"WebPage\",\"@id\":\"https:\\\/\\\/gambling6.com\\\/sk\\\/kasino\\\/vsetko-co-potrebujete-vediet-o-online-automatoch\\\/\",\"url\":\"https:\\\/\\\/gambling6.com\\\/sk\\\/kasino\\\/vsetko-co-potrebujete-vediet-o-online-automatoch\\\/\",\"name\":\"Inform\u00e1cie o tom, ako hra\u0165 online v\u00fdhern\u00e9 automaty\",\"isPartOf\":{\"@id\":\"https:\\\/\\\/gambling6.com\\\/sk\\\/#website\"},\"primaryImageOfPage\":{\"@id\":\"https:\\\/\\\/gambling6.com\\\/sk\\\/kasino\\\/vsetko-co-potrebujete-vediet-o-online-automatoch\\\/#primaryimage\"},\"image\":{\"@id\":\"https:\\\/\\\/gambling6.com\\\/sk\\\/kasino\\\/vsetko-co-potrebujete-vediet-o-online-automatoch\\\/#primaryimage\"},\"thumbnailUrl\":\"https:\\\/\\\/gambling6.com\\\/wp-content\\\/uploads\\\/2013\\\/12\\\/Slots-150x150.jpg\",\"datePublished\":\"2025-11-08T10:31:23+00:00\",\"dateModified\":\"2025-11-15T09:49:57+00:00\",\"description\":\"Nau\u010dte sa hra\u0165 online hracie automaty a z\u00edskajte mili\u00f3ny dol\u00e1rov v progres\u00edvnych jackpotoch jedin\u00fdm kliknut\u00edm my\u0161i.\",\"breadcrumb\":{\"@id\":\"https:\\\/\\\/gambling6.com\\\/sk\\\/kasino\\\/vsetko-co-potrebujete-vediet-o-online-automatoch\\\/#breadcrumb\"},\"inLanguage\":\"sk-SK\",\"potentialAction\":[{\"@type\":\"ReadAction\",\"target\":[\"https:\\\/\\\/gambling6.com\\\/sk\\\/kasino\\\/vsetko-co-potrebujete-vediet-o-online-automatoch\\\/\"]}]},{\"@type\":\"ImageObject\",\"inLanguage\":\"sk-SK\",\"@id\":\"https:\\\/\\\/gambling6.com\\\/sk\\\/kasino\\\/vsetko-co-potrebujete-vediet-o-online-automatoch\\\/#primaryimage\",\"url\":\"https:\\\/\\\/gambling6.com\\\/wp-content\\\/uploads\\\/2013\\\/12\\\/Slots-150x150.jpg\",\"contentUrl\":\"https:\\\/\\\/gambling6.com\\\/wp-content\\\/uploads\\\/2013\\\/12\\\/Slots-150x150.jpg\",\"width\":150,\"height\":150},{\"@type\":\"BreadcrumbList\",\"@id\":\"https:\\\/\\\/gambling6.com\\\/sk\\\/kasino\\\/vsetko-co-potrebujete-vediet-o-online-automatoch\\\/#breadcrumb\",\"itemListElement\":[{\"@type\":\"ListItem\",\"position\":1,\"name\":\"Home\",\"item\":\"https:\\\/\\\/gambling6.com\\\/sk\\\/home\\\/\"},{\"@type\":\"ListItem\",\"position\":2,\"name\":\"Kas\u00edno\",\"item\":\"https:\\\/\\\/gambling6.com\\\/sk\\\/get-started-with-online-gambling\\\/\"},{\"@type\":\"ListItem\",\"position\":3,\"name\":\"V\u0161etko, \u010do potrebujete vedie\u0165 o online automatoch\"}]},{\"@type\":\"WebSite\",\"@id\":\"https:\\\/\\\/gambling6.com\\\/sk\\\/#website\",\"url\":\"https:\\\/\\\/gambling6.com\\\/sk\\\/\",\"name\":\"Gambling6\",\"description\":\"\",\"potentialAction\":[{\"@type\":\"SearchAction\",\"target\":{\"@type\":\"EntryPoint\",\"urlTemplate\":\"https:\\\/\\\/gambling6.com\\\/sk\\\/?s={search_term_string}\"},\"query-input\":{\"@type\":\"PropertyValueSpecification\",\"valueRequired\":true,\"valueName\":\"search_term_string\"}}],\"inLanguage\":\"sk-SK\"}]}<\/script>\n<!-- \/ Yoast SEO plugin. -->","yoast_head_json":{"title":"Inform\u00e1cie o tom, ako hra\u0165 online v\u00fdhern\u00e9 automaty","description":"Nau\u010dte sa hra\u0165 online hracie automaty a z\u00edskajte mili\u00f3ny dol\u00e1rov v progres\u00edvnych jackpotoch jedin\u00fdm kliknut\u00edm my\u0161i.","robots":{"index":"index","follow":"follow","max-snippet":"max-snippet:-1","max-image-preview":"max-image-preview:large","max-video-preview":"max-video-preview:-1"},"canonical":"https:\/\/gambling6.com\/sk\/kasino\/vsetko-co-potrebujete-vediet-o-online-automatoch\/","og_locale":"sk_SK","og_type":"article","og_title":"Inform\u00e1cie o tom, ako hra\u0165 online v\u00fdhern\u00e9 automaty","og_description":"Nau\u010dte sa hra\u0165 online hracie automaty a z\u00edskajte mili\u00f3ny dol\u00e1rov v progres\u00edvnych jackpotoch jedin\u00fdm kliknut\u00edm my\u0161i.","og_url":"https:\/\/gambling6.com\/sk\/kasino\/vsetko-co-potrebujete-vediet-o-online-automatoch\/","og_site_name":"Gambling6","article_modified_time":"2025-11-15T09:49:57+00:00","og_image":[{"width":150,"height":150,"url":"https:\/\/gambling6.com\/wp-content\/uploads\/2013\/12\/Slots-150x150.jpg","type":"image\/jpeg"}],"twitter_card":"summary_large_image","twitter_misc":{"Predpokladan\u00fd \u010das \u010d\u00edtania":"4 min\u00faty"},"schema":{"@context":"https:\/\/schema.org","@graph":[{"@type":"WebPage","@id":"https:\/\/gambling6.com\/sk\/kasino\/vsetko-co-potrebujete-vediet-o-online-automatoch\/","url":"https:\/\/gambling6.com\/sk\/kasino\/vsetko-co-potrebujete-vediet-o-online-automatoch\/","name":"Inform\u00e1cie o tom, ako hra\u0165 online v\u00fdhern\u00e9 automaty","isPartOf":{"@id":"https:\/\/gambling6.com\/sk\/#website"},"primaryImageOfPage":{"@id":"https:\/\/gambling6.com\/sk\/kasino\/vsetko-co-potrebujete-vediet-o-online-automatoch\/#primaryimage"},"image":{"@id":"https:\/\/gambling6.com\/sk\/kasino\/vsetko-co-potrebujete-vediet-o-online-automatoch\/#primaryimage"},"thumbnailUrl":"https:\/\/gambling6.com\/wp-content\/uploads\/2013\/12\/Slots-150x150.jpg","datePublished":"2025-11-08T10:31:23+00:00","dateModified":"2025-11-15T09:49:57+00:00","description":"Nau\u010dte sa hra\u0165 online hracie automaty a z\u00edskajte mili\u00f3ny dol\u00e1rov v progres\u00edvnych jackpotoch jedin\u00fdm kliknut\u00edm my\u0161i.","breadcrumb":{"@id":"https:\/\/gambling6.com\/sk\/kasino\/vsetko-co-potrebujete-vediet-o-online-automatoch\/#breadcrumb"},"inLanguage":"sk-SK","potentialAction":[{"@type":"ReadAction","target":["https:\/\/gambling6.com\/sk\/kasino\/vsetko-co-potrebujete-vediet-o-online-automatoch\/"]}]},{"@type":"ImageObject","inLanguage":"sk-SK","@id":"https:\/\/gambling6.com\/sk\/kasino\/vsetko-co-potrebujete-vediet-o-online-automatoch\/#primaryimage","url":"https:\/\/gambling6.com\/wp-content\/uploads\/2013\/12\/Slots-150x150.jpg","contentUrl":"https:\/\/gambling6.com\/wp-content\/uploads\/2013\/12\/Slots-150x150.jpg","width":150,"height":150},{"@type":"BreadcrumbList","@id":"https:\/\/gambling6.com\/sk\/kasino\/vsetko-co-potrebujete-vediet-o-online-automatoch\/#breadcrumb","itemListElement":[{"@type":"ListItem","position":1,"name":"Home","item":"https:\/\/gambling6.com\/sk\/home\/"},{"@type":"ListItem","position":2,"name":"Kas\u00edno","item":"https:\/\/gambling6.com\/sk\/get-started-with-online-gambling\/"},{"@type":"ListItem","position":3,"name":"V\u0161etko, \u010do potrebujete vedie\u0165 o online automatoch"}]},{"@type":"WebSite","@id":"https:\/\/gambling6.com\/sk\/#website","url":"https:\/\/gambling6.com\/sk\/","name":"Gambling6","description":"","potentialAction":[{"@type":"SearchAction","target":{"@type":"EntryPoint","urlTemplate":"https:\/\/gambling6.com\/sk\/?s={search_term_string}"},"query-input":{"@type":"PropertyValueSpecification","valueRequired":true,"valueName":"search_term_string"}}],"inLanguage":"sk-SK"}]}},"_links":{"self":[{"href":"https:\/\/gambling6.com\/sk\/wp-json\/wp\/v2\/pages\/8946","targetHints":{"allow":["GET"]}}],"collection":[{"href":"https:\/\/gambling6.com\/sk\/wp-json\/wp\/v2\/pages"}],"about":[{"href":"https:\/\/gambling6.com\/sk\/wp-json\/wp\/v2\/types\/page"}],"author":[{"embeddable":true,"href":"https:\/\/gambling6.com\/sk\/wp-json\/wp\/v2\/users\/1"}],"replies":[{"embeddable":true,"href":"https:\/\/gambling6.com\/sk\/wp-json\/wp\/v2\/comments?post=8946"}],"version-history":[{"count":2,"href":"https:\/\/gambling6.com\/sk\/wp-json\/wp\/v2\/pages\/8946\/revisions"}],"predecessor-version":[{"id":10901,"href":"https:\/\/gambling6.com\/sk\/wp-json\/wp\/v2\/pages\/8946\/revisions\/10901"}],"up":[{"embeddable":true,"href":"https:\/\/gambling6.com\/sk\/wp-json\/wp\/v2\/pages\/8328"}],"wp:featuredmedia":[{"embeddable":true,"href":"https:\/\/gambling6.com\/sk\/wp-json\/wp\/v2\/media\/8930"}],"wp:attachment":[{"href":"https:\/\/gambling6.com\/sk\/wp-json\/wp\/v2\/media?parent=8946"}],"curies":[{"name":"wp","href":"https:\/\/api.w.org\/{rel}","templated":true}]}}