{"id":8971,"date":"2025-11-08T12:17:28","date_gmt":"2025-11-08T12:17:28","guid":{"rendered":"https:\/\/gambling6.com\/kasino\/kde-najst-online-hracie-automaty-najvyssej-kvality\/"},"modified":"2025-11-15T09:40:11","modified_gmt":"2025-11-15T09:40:11","slug":"kde-najst-online-hracie-automaty-najvyssej-kvality","status":"publish","type":"page","link":"https:\/\/gambling6.com\/sk\/kasino\/kde-najst-online-hracie-automaty-najvyssej-kvality\/","title":{"rendered":"Kde n\u00e1js\u0165 online hracie automaty najvy\u0161\u0161ej kvality"},"content":{"rendered":"<h2>Kvalitn\u00e9 online kas\u00edna s hrac\u00edmi automatmi<\/h2>\n<p>Pokia\u013e ide o online kas\u00edna, hracie automaty zvy\u010dajne dr\u017eia popredn\u00e9 miesto z h\u013eadiska rozmanitosti, po\u010dtu hr\u00e1\u010dov a jackpotov. Samozrejme, je ve\u013emi \u013eahk\u00e9 pochopi\u0165, pre\u010do s\u00fa online hracie automaty tak\u00e9 popul\u00e1rne, a len jedn\u00fdm jednoduch\u00fdm rozto\u010den\u00edm symbolov m\u00e1 ka\u017ed\u00fd hr\u00e1\u010d potenci\u00e1l vyhra\u0165 ve\u013ek\u00e9 ceny, dokonca mili\u00f3ny dol\u00e1rov. V skuto\u010dnosti s\u00fa hracie automaty online tak\u00e9 popul\u00e1rne, \u017ee niektor\u00e9 online kas\u00edna pon\u00fakaj\u00fa \u0161peci\u00e1lne bonusy len pre tieto hry, preto\u017ee hr\u00e1\u010di sa prip\u00e1jaj\u00fa iba na hranie r\u00f4znych automatov a o ni\u010d in\u00e9 ich nezauj\u00edma. Ke\u010f\u017ee najlep\u0161ou strat\u00e9giou v online automatoch je hra\u0165 viac, tieto bonusy sa r\u00fdchlo hodia.<\/p>\n<h2>Poskytovatelia softv\u00e9ru pre kas\u00ednov\u00e9 hry<\/h2>\n<p><img loading=\"lazy\" decoding=\"async\" class=\"size-full wp-image-400 alignright\" src=\"https:\/\/gambling6.com\/wp-content\/uploads\/2013\/12\/mobile-gambling-150x150.jpg\" alt=\"online v\u00fdhern\u00fd automat\" width=\"150\" height=\"150\" \/>Ka\u017ed\u00e9 online kas\u00edno je prev\u00e1dzkovan\u00e9 v\u00fdvoj\u00e1rom softv\u00e9ru a existuje pomerne ve\u013ea spolo\u010dnost\u00ed, ktor\u00e9 si urobili meno t\u00fdm, \u017ee poskytuj\u00fa niektor\u00e9 z najkraj\u0161\u00edch kas\u00ednov\u00fdch hier na internete. Ak neviete, ak\u00fd softv\u00e9r pre hracie automaty by ste si mali vybra\u0165, kliknite na odkaz a dostanete sa k dvom najpopul\u00e1rnej\u0161\u00edm men\u00e1m v tomto odvetv\u00ed.<\/p>\n<h2>Hranie najlep\u0161\u00edch hrac\u00edch automatov na internete<\/h2>\n<p>Grafika a funkcie sa m\u00f4\u017eu zna\u010dne l\u00ed\u0161i\u0165 v z\u00e1vislosti od softv\u00e9ru, preto je v\u017edy dobr\u00e9 vysk\u00fa\u0161a\u0165 si nieko\u013eko mo\u017enost\u00ed a zisti\u0165, ktor\u00e1 v\u00e1s najviac zaujme. Ke\u010f budete vedie\u0165, ako vyzeraj\u00fa niektor\u00e9 hry od konkr\u00e9tneho v\u00fdvoj\u00e1ra softv\u00e9ru, m\u00f4\u017eete ma\u0165 ove\u013ea jednoduch\u0161ie h\u013eadanie nov\u00e9ho online kas\u00edna, kde sa m\u00f4\u017eete pripoji\u0165. Hoci niektor\u00e9 str\u00e1nky pon\u00fakaj\u00fa nieko\u013eko unik\u00e1tnych hier, \u0161peci\u00e1lne navrhnut\u00fdch pre dan\u00e9 online kas\u00edno, v\u0161etky str\u00e1nky od toho ist\u00e9ho poskytovate\u013ea softv\u00e9ru maj\u00fa takmer rovnak\u00e9 hry. Aby sa zabezpe\u010dila spokojnos\u0165 ich z\u00e1kazn\u00edkov, niektor\u00e9 online kas\u00edna pon\u00fakaj\u00fa hry od viacer\u00fdch poskytovate\u013eov softv\u00e9ru, a to je v\u017edy pekn\u00e9 vidie\u0165.<\/p>\n<h3>Online hracie automaty<\/h3>\n<p>Pri to\u013ek\u00fdch online kas\u00ednach, ktor\u00e9 pon\u00fakaj\u00fa hracie automaty od r\u00f4znych poskytovate\u013eov, m\u00f4\u017ee by\u0165 ve\u013emi \u0165a\u017ek\u00e9 vedie\u0165, ktor\u00e9 z nich s\u00fa skuto\u010dne najlep\u0161ie. To v\u00e1m zaru\u010d\u00ed skvel\u00fd hern\u00fd z\u00e1\u017eitok zaka\u017ed\u00fdm. Pozrite sa na t\u00fato mo\u017enos\u0165, ktor\u00e1 sa teraz pova\u017euje za kas\u00edno s najlep\u0161\u00edmi hrac\u00edmi automatmi na internete, preto\u017ee pon\u00faka prakticky v\u0161etko. Str\u00e1nka uveden\u00e1 tu sa m\u00f4\u017ee zmeni\u0165, ak sa objav\u00ed lep\u0161ia mo\u017enos\u0165, ale zatia\u013e je najlep\u0161ou str\u00e1nkou na hranie hrac\u00edch automatov 888 Casino. 888 je jedn\u00fdm z l\u00eddrov v online hazardn\u00fdch hr\u00e1ch s ve\u013ekou st\u00e1vkovou kancel\u00e1riou, realistickou pokrovou her\u0148ou a ve\u013ek\u00fdm kas\u00ednom.<\/p>\n<p>\u010co rob\u00ed z 888 Casino tak\u00e9 skvel\u00e9 miesto na hranie hrac\u00edch automatov, je to, \u017ee maj\u00fa dlh\u00fd zoznam mo\u017enost\u00ed s titulmi od Playtech, IGT, Microgaming a niektor\u00fdmi vlastn\u00fdmi. Nov\u00e9mu hr\u00e1\u010dovi bude trva\u0165 nieko\u013eko dn\u00ed, k\u00fdm si prejde v\u0161etky dostupn\u00e9 hry, a r\u00f4zne \u0161t\u00fdly zaru\u010duj\u00fa, \u017ee sa nikdy nebude nudi\u0165.<br \/>\n<a href=\"https:\/\/ic.aff-handler.com\/C\/45871?sr=1064399&amp;anid=\" rel=\"nofollow\"><img loading=\"lazy\" decoding=\"async\" class=\"aligncenter\" src=\"https:\/\/ic.aff-handler.com\/I\/45871?sr=1064399&amp;anid=\" width=\"725\" height=\"93\" \/><\/a><\/p>\n<p>Samozrejme, skvel\u00e9 online kas\u00edno nie je len o hr\u00e1ch, ktor\u00e9 pon\u00faka; aby sa cel\u00e1 str\u00e1nka pova\u017eovala za v\u00fdznamn\u00fa, musia by\u0165 siln\u00e9 r\u00f4zne faktory. Mo\u017eno najd\u00f4le\u017eitej\u0161ou vecou je bezpe\u010dnos\u0165, preto\u017ee finan\u010dn\u00e9 transakcie s\u00fa ve\u013ekou s\u00fa\u010das\u0165ou online hazardn\u00fdch hier a online kas\u00edno by malo zaru\u010di\u0165, \u017ee v\u0161etko je v\u017edy bezpe\u010dn\u00e9 a chr\u00e1nen\u00e9.<\/p>\n<p>A ak ste obyvate\u013eom USA, legislat\u00edva USA v\u00e1m br\u00e1ni v registr\u00e1cii do 888 Casino. Dobr\u00fdch alternat\u00edv pre hr\u00e1\u010dov z USA je m\u00e1lo, ale pre v\u0161etky va\u0161e online hazardn\u00e9 hry m\u00f4\u017eeme odporu\u010di\u0165 BetOnline Casino. Kliknite na banner ni\u017e\u0161ie a nav\u0161t\u00edvte BetOnlineCasino &#8211; nebudete sklaman\u00ed!<\/p>\n<p><a class=\"thirstylink\" title=\"Betonline casino en\" href=\"https:\/\/gambling6.com\/go\/betonline-casino-en\/\" target=\"_blank\" rel=\"nofollow noopener\"><img loading=\"lazy\" decoding=\"async\" class=\" wp-image-7875 aligncenter\" src=\"https:\/\/gambling6.com\/wp-content\/uploads\/2025\/10\/BOL_AQC_banner_468x60_FS1_casino-300x38.gif\" alt=\"BetOnline casino\" width=\"553\" height=\"70\" \/><\/a><\/p>\n<p>Preto je v\u017edy dobr\u00e9 skontrolova\u0165 recenzie a zisti\u0165, ktor\u00e9 online kas\u00edna s\u00fa d\u00f4veryhodn\u00e9 a ktor\u00e9 s\u00fa zn\u00e1me probl\u00e9mami s v\u00fdplatami. Ke\u010f\u017ee hovor\u00edme o peniazoch, bonusy a propaga\u010dn\u00e9 akcie sa v posledn\u00fdch rokoch stali ve\u013emi d\u00f4le\u017eit\u00fdmi a zvy\u010dajne s\u00fa prvou vecou, \u200b\u200bktor\u00fa si nov\u00fd hr\u00e1\u010d pozrie. Je ve\u013emi be\u017en\u00e9, \u017ee \u0161pi\u010dkov\u00e9 online kas\u00edna pon\u00fakaj\u00fa uv\u00edtacie bonusy na z\u00e1klade v\u00fd\u0161ky vkladu a bonusy na hrac\u00edch automatoch s\u00fa najbe\u017enej\u0161ie kv\u00f4li popularite hry.<\/p>\n","protected":false},"excerpt":{"rendered":"<p>Kvalitn\u00e9 online kas\u00edna s hrac\u00edmi automatmi Pokia\u013e ide o online kas\u00edna, hracie automaty zvy\u010dajne dr\u017eia popredn\u00e9 miesto z h\u013eadiska rozmanitosti, po\u010dtu hr\u00e1\u010dov a jackpotov. Samozrejme, je ve\u013emi \u013eahk\u00e9 pochopi\u0165, pre\u010do s\u00fa online hracie automaty tak\u00e9 popul\u00e1rne, a len jedn\u00fdm jednoduch\u00fdm rozto\u010den\u00edm symbolov m\u00e1 ka\u017ed\u00fd hr\u00e1\u010d potenci\u00e1l vyhra\u0165 ve\u013ek\u00e9 ceny, dokonca mili\u00f3ny dol\u00e1rov. V skuto\u010dnosti s\u00fa [&hellip;]<\/p>\n","protected":false},"author":1,"featured_media":0,"parent":8328,"menu_order":47,"comment_status":"closed","ping_status":"closed","template":"","meta":{"footnotes":""},"class_list":["post-8971","page","type-page","status-publish","hentry"],"yoast_head":"<!-- This site is optimized with the Yoast SEO plugin v27.4 - https:\/\/yoast.com\/product\/yoast-seo-wordpress\/ -->\n<title>Najkvalitnej\u0161ie online hracie automaty<\/title>\n<meta name=\"description\" content=\"Hrajte najlep\u0161ie hracie automaty a hry na automatoch na internete. N\u00e1jdite tu online hracie automaty najvy\u0161\u0161ej kvality!\" \/>\n<meta name=\"robots\" content=\"index, follow, max-snippet:-1, max-image-preview:large, max-video-preview:-1\" \/>\n<link rel=\"canonical\" href=\"https:\/\/gambling6.com\/sk\/kasino\/kde-najst-online-hracie-automaty-najvyssej-kvality\/\" \/>\n<meta property=\"og:locale\" content=\"sk_SK\" \/>\n<meta property=\"og:type\" content=\"article\" \/>\n<meta property=\"og:title\" content=\"Najkvalitnej\u0161ie online hracie automaty\" \/>\n<meta property=\"og:description\" content=\"Hrajte najlep\u0161ie hracie automaty a hry na automatoch na internete. N\u00e1jdite tu online hracie automaty najvy\u0161\u0161ej kvality!\" \/>\n<meta property=\"og:url\" content=\"https:\/\/gambling6.com\/sk\/kasino\/kde-najst-online-hracie-automaty-najvyssej-kvality\/\" \/>\n<meta property=\"og:site_name\" content=\"Gambling6\" \/>\n<meta property=\"article:modified_time\" content=\"2025-11-15T09:40:11+00:00\" \/>\n<meta property=\"og:image\" content=\"https:\/\/gambling6.com\/wp-content\/uploads\/2013\/12\/mobile-gambling-150x150.jpg\" \/>\n\t<meta property=\"og:image:width\" content=\"150\" \/>\n\t<meta property=\"og:image:height\" content=\"150\" \/>\n\t<meta property=\"og:image:type\" content=\"image\/jpeg\" \/>\n<meta name=\"twitter:card\" content=\"summary_large_image\" \/>\n<meta name=\"twitter:label1\" content=\"Predpokladan\u00fd \u010das \u010d\u00edtania\" \/>\n\t<meta name=\"twitter:data1\" content=\"4 min\u00faty\" \/>\n<script type=\"application\/ld+json\" class=\"yoast-schema-graph\">{\"@context\":\"https:\\\/\\\/schema.org\",\"@graph\":[{\"@type\":\"WebPage\",\"@id\":\"https:\\\/\\\/gambling6.com\\\/sk\\\/kasino\\\/kde-najst-online-hracie-automaty-najvyssej-kvality\\\/\",\"url\":\"https:\\\/\\\/gambling6.com\\\/sk\\\/kasino\\\/kde-najst-online-hracie-automaty-najvyssej-kvality\\\/\",\"name\":\"Najkvalitnej\u0161ie online hracie automaty\",\"isPartOf\":{\"@id\":\"https:\\\/\\\/gambling6.com\\\/sk\\\/#website\"},\"primaryImageOfPage\":{\"@id\":\"https:\\\/\\\/gambling6.com\\\/sk\\\/kasino\\\/kde-najst-online-hracie-automaty-najvyssej-kvality\\\/#primaryimage\"},\"image\":{\"@id\":\"https:\\\/\\\/gambling6.com\\\/sk\\\/kasino\\\/kde-najst-online-hracie-automaty-najvyssej-kvality\\\/#primaryimage\"},\"thumbnailUrl\":\"https:\\\/\\\/gambling6.com\\\/wp-content\\\/uploads\\\/2013\\\/12\\\/mobile-gambling-150x150.jpg\",\"datePublished\":\"2025-11-08T12:17:28+00:00\",\"dateModified\":\"2025-11-15T09:40:11+00:00\",\"description\":\"Hrajte najlep\u0161ie hracie automaty a hry na automatoch na internete. N\u00e1jdite tu online hracie automaty najvy\u0161\u0161ej kvality!\",\"breadcrumb\":{\"@id\":\"https:\\\/\\\/gambling6.com\\\/sk\\\/kasino\\\/kde-najst-online-hracie-automaty-najvyssej-kvality\\\/#breadcrumb\"},\"inLanguage\":\"sk-SK\",\"potentialAction\":[{\"@type\":\"ReadAction\",\"target\":[\"https:\\\/\\\/gambling6.com\\\/sk\\\/kasino\\\/kde-najst-online-hracie-automaty-najvyssej-kvality\\\/\"]}]},{\"@type\":\"ImageObject\",\"inLanguage\":\"sk-SK\",\"@id\":\"https:\\\/\\\/gambling6.com\\\/sk\\\/kasino\\\/kde-najst-online-hracie-automaty-najvyssej-kvality\\\/#primaryimage\",\"url\":\"https:\\\/\\\/gambling6.com\\\/wp-content\\\/uploads\\\/2013\\\/12\\\/mobile-gambling-150x150.jpg\",\"contentUrl\":\"https:\\\/\\\/gambling6.com\\\/wp-content\\\/uploads\\\/2013\\\/12\\\/mobile-gambling-150x150.jpg\"},{\"@type\":\"BreadcrumbList\",\"@id\":\"https:\\\/\\\/gambling6.com\\\/sk\\\/kasino\\\/kde-najst-online-hracie-automaty-najvyssej-kvality\\\/#breadcrumb\",\"itemListElement\":[{\"@type\":\"ListItem\",\"position\":1,\"name\":\"Home\",\"item\":\"https:\\\/\\\/gambling6.com\\\/sk\\\/home\\\/\"},{\"@type\":\"ListItem\",\"position\":2,\"name\":\"Kas\u00edno\",\"item\":\"https:\\\/\\\/gambling6.com\\\/sk\\\/get-started-with-online-gambling\\\/\"},{\"@type\":\"ListItem\",\"position\":3,\"name\":\"Kde n\u00e1js\u0165 online hracie automaty najvy\u0161\u0161ej kvality\"}]},{\"@type\":\"WebSite\",\"@id\":\"https:\\\/\\\/gambling6.com\\\/sk\\\/#website\",\"url\":\"https:\\\/\\\/gambling6.com\\\/sk\\\/\",\"name\":\"Gambling6\",\"description\":\"\",\"potentialAction\":[{\"@type\":\"SearchAction\",\"target\":{\"@type\":\"EntryPoint\",\"urlTemplate\":\"https:\\\/\\\/gambling6.com\\\/sk\\\/?s={search_term_string}\"},\"query-input\":{\"@type\":\"PropertyValueSpecification\",\"valueRequired\":true,\"valueName\":\"search_term_string\"}}],\"inLanguage\":\"sk-SK\"}]}<\/script>\n<!-- \/ Yoast SEO plugin. -->","yoast_head_json":{"title":"Najkvalitnej\u0161ie online hracie automaty","description":"Hrajte najlep\u0161ie hracie automaty a hry na automatoch na internete. N\u00e1jdite tu online hracie automaty najvy\u0161\u0161ej kvality!","robots":{"index":"index","follow":"follow","max-snippet":"max-snippet:-1","max-image-preview":"max-image-preview:large","max-video-preview":"max-video-preview:-1"},"canonical":"https:\/\/gambling6.com\/sk\/kasino\/kde-najst-online-hracie-automaty-najvyssej-kvality\/","og_locale":"sk_SK","og_type":"article","og_title":"Najkvalitnej\u0161ie online hracie automaty","og_description":"Hrajte najlep\u0161ie hracie automaty a hry na automatoch na internete. N\u00e1jdite tu online hracie automaty najvy\u0161\u0161ej kvality!","og_url":"https:\/\/gambling6.com\/sk\/kasino\/kde-najst-online-hracie-automaty-najvyssej-kvality\/","og_site_name":"Gambling6","article_modified_time":"2025-11-15T09:40:11+00:00","og_image":[{"width":150,"height":150,"url":"https:\/\/gambling6.com\/wp-content\/uploads\/2013\/12\/mobile-gambling-150x150.jpg","type":"image\/jpeg"}],"twitter_card":"summary_large_image","twitter_misc":{"Predpokladan\u00fd \u010das \u010d\u00edtania":"4 min\u00faty"},"schema":{"@context":"https:\/\/schema.org","@graph":[{"@type":"WebPage","@id":"https:\/\/gambling6.com\/sk\/kasino\/kde-najst-online-hracie-automaty-najvyssej-kvality\/","url":"https:\/\/gambling6.com\/sk\/kasino\/kde-najst-online-hracie-automaty-najvyssej-kvality\/","name":"Najkvalitnej\u0161ie online hracie automaty","isPartOf":{"@id":"https:\/\/gambling6.com\/sk\/#website"},"primaryImageOfPage":{"@id":"https:\/\/gambling6.com\/sk\/kasino\/kde-najst-online-hracie-automaty-najvyssej-kvality\/#primaryimage"},"image":{"@id":"https:\/\/gambling6.com\/sk\/kasino\/kde-najst-online-hracie-automaty-najvyssej-kvality\/#primaryimage"},"thumbnailUrl":"https:\/\/gambling6.com\/wp-content\/uploads\/2013\/12\/mobile-gambling-150x150.jpg","datePublished":"2025-11-08T12:17:28+00:00","dateModified":"2025-11-15T09:40:11+00:00","description":"Hrajte najlep\u0161ie hracie automaty a hry na automatoch na internete. N\u00e1jdite tu online hracie automaty najvy\u0161\u0161ej kvality!","breadcrumb":{"@id":"https:\/\/gambling6.com\/sk\/kasino\/kde-najst-online-hracie-automaty-najvyssej-kvality\/#breadcrumb"},"inLanguage":"sk-SK","potentialAction":[{"@type":"ReadAction","target":["https:\/\/gambling6.com\/sk\/kasino\/kde-najst-online-hracie-automaty-najvyssej-kvality\/"]}]},{"@type":"ImageObject","inLanguage":"sk-SK","@id":"https:\/\/gambling6.com\/sk\/kasino\/kde-najst-online-hracie-automaty-najvyssej-kvality\/#primaryimage","url":"https:\/\/gambling6.com\/wp-content\/uploads\/2013\/12\/mobile-gambling-150x150.jpg","contentUrl":"https:\/\/gambling6.com\/wp-content\/uploads\/2013\/12\/mobile-gambling-150x150.jpg"},{"@type":"BreadcrumbList","@id":"https:\/\/gambling6.com\/sk\/kasino\/kde-najst-online-hracie-automaty-najvyssej-kvality\/#breadcrumb","itemListElement":[{"@type":"ListItem","position":1,"name":"Home","item":"https:\/\/gambling6.com\/sk\/home\/"},{"@type":"ListItem","position":2,"name":"Kas\u00edno","item":"https:\/\/gambling6.com\/sk\/get-started-with-online-gambling\/"},{"@type":"ListItem","position":3,"name":"Kde n\u00e1js\u0165 online hracie automaty najvy\u0161\u0161ej kvality"}]},{"@type":"WebSite","@id":"https:\/\/gambling6.com\/sk\/#website","url":"https:\/\/gambling6.com\/sk\/","name":"Gambling6","description":"","potentialAction":[{"@type":"SearchAction","target":{"@type":"EntryPoint","urlTemplate":"https:\/\/gambling6.com\/sk\/?s={search_term_string}"},"query-input":{"@type":"PropertyValueSpecification","valueRequired":true,"valueName":"search_term_string"}}],"inLanguage":"sk-SK"}]}},"_links":{"self":[{"href":"https:\/\/gambling6.com\/sk\/wp-json\/wp\/v2\/pages\/8971","targetHints":{"allow":["GET"]}}],"collection":[{"href":"https:\/\/gambling6.com\/sk\/wp-json\/wp\/v2\/pages"}],"about":[{"href":"https:\/\/gambling6.com\/sk\/wp-json\/wp\/v2\/types\/page"}],"author":[{"embeddable":true,"href":"https:\/\/gambling6.com\/sk\/wp-json\/wp\/v2\/users\/1"}],"replies":[{"embeddable":true,"href":"https:\/\/gambling6.com\/sk\/wp-json\/wp\/v2\/comments?post=8971"}],"version-history":[{"count":1,"href":"https:\/\/gambling6.com\/sk\/wp-json\/wp\/v2\/pages\/8971\/revisions"}],"predecessor-version":[{"id":10891,"href":"https:\/\/gambling6.com\/sk\/wp-json\/wp\/v2\/pages\/8971\/revisions\/10891"}],"up":[{"embeddable":true,"href":"https:\/\/gambling6.com\/sk\/wp-json\/wp\/v2\/pages\/8328"}],"wp:attachment":[{"href":"https:\/\/gambling6.com\/sk\/wp-json\/wp\/v2\/media?parent=8971"}],"curies":[{"name":"wp","href":"https:\/\/api.w.org\/{rel}","templated":true}]}}