{"id":9014,"date":"2025-11-08T13:09:27","date_gmt":"2025-11-08T13:09:27","guid":{"rendered":"https:\/\/gambling6.com\/kasino\/niektore-kasinove-hry-su-skutocne-zadarmo\/"},"modified":"2025-11-15T09:33:09","modified_gmt":"2025-11-15T09:33:09","slug":"niektore-kasinove-hry-su-skutocne-zadarmo","status":"publish","type":"page","link":"https:\/\/gambling6.com\/sk\/kasino\/niektore-kasinove-hry-su-skutocne-zadarmo\/","title":{"rendered":"Niektor\u00e9 kas\u00ednov\u00e9 hry s\u00fa skuto\u010dne zadarmo!"},"content":{"rendered":"<h2>Pre\u010do kas\u00edna pon\u00fakaj\u00fa bezplatn\u00e9 hry<\/h2>\n<p>S pr\u00edchodom internetov\u00fdch technol\u00f3gi\u00ed v\u00e4\u010d\u0161ina <a href=\"http:\/\/gambling6.com\/wp-content\/uploads\/2013\/12\/img_116.png\"><img loading=\"lazy\" decoding=\"async\" class=\"alignright size-full wp-image-638 alignleft size-full wp-image-238\" style=\"margin: 5px; float: left;\" src=\"http:\/\/gambling6.com\/wp-content\/uploads\/2013\/12\/img_116.png\" alt=\"kas\u00ednov\u00e9 hry fre2\" width=\"219\" height=\"151\" \/><\/a>fan\u00fa\u0161ikov kas\u00edn za\u010dala hra\u0165 kas\u00ednov\u00e9 hry z pohodlia domova. Online kas\u00edna pon\u00fakaj\u00fa viac v\u00fdhod ako kamenn\u00e9 kas\u00edna. Hranie hier online nielen\u017ee poskytuje pohodlie, ale umo\u017e\u0148uje v\u00e1m hra\u0165 aj va\u0161e ob\u013e\u00faben\u00e9 hry bez riskovania va\u0161ich pe\u0148az\u00ed. Online kas\u00edna \u010delia tvrdej konkurencii, preto pon\u00fakaj\u00fa bezplatn\u00e9 hry, aby povzbudili nov\u00fdch hr\u00e1\u010dov, aby sa stali \u010dlenmi. Tieto bezplatn\u00e9 hry m\u00f4\u017eete hra\u0165, k\u00fdm si nezdokonal\u00edte svoje zru\u010dnosti a nestanete sa expertom.<\/p>\n<h2>\u010co o\u010dak\u00e1va\u0165 pri v\u00fdbere kas\u00edn pon\u00fakaj\u00facich bezplatn\u00e9 hry<\/h2>\n<p>Najd\u00f4le\u017eitej\u0161ia vec, ktor\u00fa mus\u00edte urobi\u0165, aby ste si mohli zahra\u0165 kas\u00ednov\u00e9 hry zadarmo, je vyh\u013eada\u0165 si dobr\u00fa webov\u00fa str\u00e1nku, ktor\u00e1 pon\u00faka \u0161irok\u00fa \u0161k\u00e1lu hier zadarmo. Uistite sa, \u017ee webov\u00e1 str\u00e1nka je spo\u013eahliv\u00e1 a renomovan\u00e1. Va\u0161e online hern\u00e9 dobrodru\u017estvo za\u010d\u00edna otvoren\u00edm \u00fa\u010dtu. Online kas\u00edna vy\u017eaduj\u00fa, aby ste poskytli osobn\u00e9 \u00fadaje, ako je va\u0161e meno, vek, adresa a e-mailov\u00e1 adresa. Najlep\u0161ie kas\u00edna sa sna\u017eia pon\u00faknu\u0165 bezpe\u010dn\u00e9 a pohodln\u00e9 prostredie, kde si m\u00f4\u017eete hodiny u\u017e\u00edva\u0165 hranie svojich ob\u013e\u00faben\u00fdch hier. Po registr\u00e1cii svojho \u00fa\u010dtu na webovej str\u00e1nke si m\u00f4\u017eete vybra\u0165 medzi z\u00e1bavn\u00fdm re\u017eimom a re\u017eimom o skuto\u010dn\u00e9 peniaze. M\u00f4\u017eete si vybra\u0165 z\u00e1bavn\u00fd re\u017eim alebo re\u017eim o peniaze zadarmo, aby ste si vysk\u00fa\u0161ali r\u00f4zne hry bez toho, aby ste museli min\u00fa\u0165 peniaze z pe\u0148a\u017eenky.<\/p>\n<h2>Existuje nejak\u00e9 riziko pri hran\u00ed bezplatn\u00fdch hier?<\/h2>\n<p>Pri hran\u00ed bezplatn\u00fdch kas\u00ednov\u00fdch hier nie je \u017eiadne riziko, ak si opatrne vyberiete d\u00f4veryhodn\u00fa webov\u00fa str\u00e1nku. Kas\u00edna podnikaj\u00fa v\u0161etky potrebn\u00e9 kroky, aby v\u00e1m pon\u00fakli pr\u00edjemn\u00fd hern\u00fd z\u00e1\u017eitok a stali sa skuto\u010dn\u00fdm hr\u00e1\u010dom.<\/p>\n<p>Ak si chcete vysk\u00fa\u0161a\u0165 kas\u00ednov\u00e9 hry zadarmo a z\u00e1rove\u0148 hra\u0165 o skuto\u010dn\u00e9 peniaze, m\u00e1me pre v\u00e1s vynikaj\u00face odpor\u00fa\u010danie. 888 Casino v\u00e1m d\u00e1va 20 \u20ac na hranie bez nutnosti vlastn\u00e9ho vkladu. A ak sa nesk\u00f4r rozhodnete vlo\u017ei\u0165 \u010fal\u0161ie prostriedky, st\u00e1le z\u00edskate \u010fal\u0161\u00ed bonus a\u017e do v\u00fd\u0161ky 1500 \u20ac pri va\u0161om prvom vlastnom vklade.<br \/>\n<a href=\"https:\/\/ic.aff-handler.com\/C\/45871?sr=1064399&amp;anid=\" rel=\"nofollow\"><img loading=\"lazy\" decoding=\"async\" class=\"aligncenter\" src=\"https:\/\/ic.aff-handler.com\/I\/45871?sr=1064399&amp;anid=\" width=\"594\" height=\"77\" \/><\/a><br \/>\n<strong>Existuj\u00fa nejak\u00e9 obmedzenia?<\/strong><\/p>\n<p>Online kas\u00edna v\u00e1m zvy\u010dajne umo\u017e\u0148uj\u00fa hra\u0165 hry ur\u010dit\u00fd po\u010det kr\u00e1t a po\u010das ur\u010dit\u00e9ho obdobia. M\u00f4\u017eu existova\u0165 ur\u010dit\u00e9 obmedzenia t\u00fdkaj\u00face sa hrania bezplatn\u00fdch hier. Kas\u00edna v\u00e1m nemusia umo\u017eni\u0165 hra\u0165 v\u0161etky hry na ich webovej str\u00e1nke zadarmo. V\u00e4\u010d\u0161ina kas\u00edn vy\u017eaduje, aby ste st\u00e1vku podali ur\u010dit\u00fd po\u010det kr\u00e1t, k\u00fdm si budete m\u00f4c\u0165 vybra\u0165 vyhran\u00e9 prostriedky.<\/p>\n<h2>Kde n\u00e1js\u0165 bezplatn\u00e9 kas\u00ednov\u00e9 hry<\/h2>\n<p>Mnoho webov\u00fdch str\u00e1nok v\u00e1m umo\u017e\u0148uje hra\u0165 bezplatn\u00e9 <strong>kas\u00ednov\u00e9<\/strong> hry. Najlep\u0161ie miesto na hranie bezplatn\u00fdch hier je str\u00e1nka, ktor\u00e1 nevy\u017eaduje s\u0165ahovanie \u017eiadneho softv\u00e9ru. Umo\u017e\u0148uje v\u00e1m hra\u0165 hry okam\u017eite kliknut\u00edm na va\u0161u ob\u013e\u00faben\u00fa hru. M\u00f4\u017eete si overi\u0165, \u010di str\u00e1nka pon\u00faka \u0161irok\u00fa \u0161k\u00e1lu bezplatn\u00fdch hier, ako s\u00fa bezplatn\u00e9 stolov\u00e9 hry, hracie automaty, bingo, video poker a \u010fal\u0161ie hry, aby ste sa \u010doskoro nenudili.<\/p>\n<p>Bezplatn\u00e9 kas\u00ednov\u00e9 hry v\u00e1m pon\u00fakaj\u00fa mo\u017enos\u0165 vysk\u00fa\u0161a\u0165 si ak\u00fdko\u013evek nov\u00fd program, techniku \u200b\u200balebo strat\u00e9giu a overi\u0165 si, \u010di v\u00e1m bude fungova\u0165 v re\u00e1lnom online hernom prostred\u00ed. Ke\u010f\u017ee nestrat\u00edte \u017eiadne peniaze, po\u010das hrania nebudete c\u00edti\u0165 \u017eiadny tlak.<\/p>\n","protected":false},"excerpt":{"rendered":"<p>Pre\u010do kas\u00edna pon\u00fakaj\u00fa bezplatn\u00e9 hry S pr\u00edchodom internetov\u00fdch technol\u00f3gi\u00ed v\u00e4\u010d\u0161ina fan\u00fa\u0161ikov kas\u00edn za\u010dala hra\u0165 kas\u00ednov\u00e9 hry z pohodlia domova. Online kas\u00edna pon\u00fakaj\u00fa viac v\u00fdhod ako kamenn\u00e9 kas\u00edna. Hranie hier online nielen\u017ee poskytuje pohodlie, ale umo\u017e\u0148uje v\u00e1m hra\u0165 aj va\u0161e ob\u013e\u00faben\u00e9 hry bez riskovania va\u0161ich pe\u0148az\u00ed. Online kas\u00edna \u010delia tvrdej konkurencii, preto pon\u00fakaj\u00fa bezplatn\u00e9 hry, aby [&hellip;]<\/p>\n","protected":false},"author":1,"featured_media":8998,"parent":8328,"menu_order":53,"comment_status":"closed","ping_status":"closed","template":"","meta":{"footnotes":""},"class_list":["post-9014","page","type-page","status-publish","has-post-thumbnail","hentry"],"yoast_head":"<!-- This site is optimized with the Yoast SEO plugin v27.4 - https:\/\/yoast.com\/product\/yoast-seo-wordpress\/ -->\n<title>Hrajte online kas\u00ednov\u00e9 hry zadarmo<\/title>\n<meta name=\"description\" content=\"Hranie bezplatn\u00fdch kas\u00ednov\u00fdch hier je ve\u013emi z\u00e1bavn\u00e9. Pom\u00f4\u017ee v\u00e1m, ak budete vedie\u0165 nieko\u013eko d\u00f4le\u017eit\u00fdch vec\u00ed o bezplatn\u00fdch kas\u00ednov\u00fdch hr\u00e1ch.\" \/>\n<meta name=\"robots\" content=\"index, follow, max-snippet:-1, max-image-preview:large, max-video-preview:-1\" \/>\n<link rel=\"canonical\" href=\"https:\/\/gambling6.com\/sk\/kasino\/niektore-kasinove-hry-su-skutocne-zadarmo\/\" \/>\n<meta property=\"og:locale\" content=\"sk_SK\" \/>\n<meta property=\"og:type\" content=\"article\" \/>\n<meta property=\"og:title\" content=\"Hrajte online kas\u00ednov\u00e9 hry zadarmo\" \/>\n<meta property=\"og:description\" content=\"Hranie bezplatn\u00fdch kas\u00ednov\u00fdch hier je ve\u013emi z\u00e1bavn\u00e9. Pom\u00f4\u017ee v\u00e1m, ak budete vedie\u0165 nieko\u013eko d\u00f4le\u017eit\u00fdch vec\u00ed o bezplatn\u00fdch kas\u00ednov\u00fdch hr\u00e1ch.\" \/>\n<meta property=\"og:url\" content=\"https:\/\/gambling6.com\/sk\/kasino\/niektore-kasinove-hry-su-skutocne-zadarmo\/\" \/>\n<meta property=\"og:site_name\" content=\"Gambling6\" \/>\n<meta property=\"article:modified_time\" content=\"2025-11-15T09:33:09+00:00\" \/>\n<meta property=\"og:image\" content=\"https:\/\/gambling6.com\/wp-content\/uploads\/2013\/12\/img_116.png\" \/>\n\t<meta property=\"og:image:width\" content=\"270\" \/>\n\t<meta property=\"og:image:height\" content=\"186\" \/>\n\t<meta property=\"og:image:type\" content=\"image\/png\" \/>\n<meta name=\"twitter:card\" content=\"summary_large_image\" \/>\n<meta name=\"twitter:label1\" content=\"Predpokladan\u00fd \u010das \u010d\u00edtania\" \/>\n\t<meta name=\"twitter:data1\" content=\"3 min\u00faty\" \/>\n<script type=\"application\/ld+json\" class=\"yoast-schema-graph\">{\"@context\":\"https:\\\/\\\/schema.org\",\"@graph\":[{\"@type\":\"WebPage\",\"@id\":\"https:\\\/\\\/gambling6.com\\\/sk\\\/kasino\\\/niektore-kasinove-hry-su-skutocne-zadarmo\\\/\",\"url\":\"https:\\\/\\\/gambling6.com\\\/sk\\\/kasino\\\/niektore-kasinove-hry-su-skutocne-zadarmo\\\/\",\"name\":\"Hrajte online kas\u00ednov\u00e9 hry zadarmo\",\"isPartOf\":{\"@id\":\"https:\\\/\\\/gambling6.com\\\/sk\\\/#website\"},\"primaryImageOfPage\":{\"@id\":\"https:\\\/\\\/gambling6.com\\\/sk\\\/kasino\\\/niektore-kasinove-hry-su-skutocne-zadarmo\\\/#primaryimage\"},\"image\":{\"@id\":\"https:\\\/\\\/gambling6.com\\\/sk\\\/kasino\\\/niektore-kasinove-hry-su-skutocne-zadarmo\\\/#primaryimage\"},\"thumbnailUrl\":\"https:\\\/\\\/gambling6.com\\\/wp-content\\\/uploads\\\/2013\\\/12\\\/img_116.png\",\"datePublished\":\"2025-11-08T13:09:27+00:00\",\"dateModified\":\"2025-11-15T09:33:09+00:00\",\"description\":\"Hranie bezplatn\u00fdch kas\u00ednov\u00fdch hier je ve\u013emi z\u00e1bavn\u00e9. Pom\u00f4\u017ee v\u00e1m, ak budete vedie\u0165 nieko\u013eko d\u00f4le\u017eit\u00fdch vec\u00ed o bezplatn\u00fdch kas\u00ednov\u00fdch hr\u00e1ch.\",\"breadcrumb\":{\"@id\":\"https:\\\/\\\/gambling6.com\\\/sk\\\/kasino\\\/niektore-kasinove-hry-su-skutocne-zadarmo\\\/#breadcrumb\"},\"inLanguage\":\"sk-SK\",\"potentialAction\":[{\"@type\":\"ReadAction\",\"target\":[\"https:\\\/\\\/gambling6.com\\\/sk\\\/kasino\\\/niektore-kasinove-hry-su-skutocne-zadarmo\\\/\"]}]},{\"@type\":\"ImageObject\",\"inLanguage\":\"sk-SK\",\"@id\":\"https:\\\/\\\/gambling6.com\\\/sk\\\/kasino\\\/niektore-kasinove-hry-su-skutocne-zadarmo\\\/#primaryimage\",\"url\":\"https:\\\/\\\/gambling6.com\\\/wp-content\\\/uploads\\\/2013\\\/12\\\/img_116.png\",\"contentUrl\":\"https:\\\/\\\/gambling6.com\\\/wp-content\\\/uploads\\\/2013\\\/12\\\/img_116.png\",\"width\":270,\"height\":186},{\"@type\":\"BreadcrumbList\",\"@id\":\"https:\\\/\\\/gambling6.com\\\/sk\\\/kasino\\\/niektore-kasinove-hry-su-skutocne-zadarmo\\\/#breadcrumb\",\"itemListElement\":[{\"@type\":\"ListItem\",\"position\":1,\"name\":\"Home\",\"item\":\"https:\\\/\\\/gambling6.com\\\/sk\\\/home\\\/\"},{\"@type\":\"ListItem\",\"position\":2,\"name\":\"Kas\u00edno\",\"item\":\"https:\\\/\\\/gambling6.com\\\/sk\\\/get-started-with-online-gambling\\\/\"},{\"@type\":\"ListItem\",\"position\":3,\"name\":\"Niektor\u00e9 kas\u00ednov\u00e9 hry s\u00fa skuto\u010dne zadarmo!\"}]},{\"@type\":\"WebSite\",\"@id\":\"https:\\\/\\\/gambling6.com\\\/sk\\\/#website\",\"url\":\"https:\\\/\\\/gambling6.com\\\/sk\\\/\",\"name\":\"Gambling6\",\"description\":\"\",\"potentialAction\":[{\"@type\":\"SearchAction\",\"target\":{\"@type\":\"EntryPoint\",\"urlTemplate\":\"https:\\\/\\\/gambling6.com\\\/sk\\\/?s={search_term_string}\"},\"query-input\":{\"@type\":\"PropertyValueSpecification\",\"valueRequired\":true,\"valueName\":\"search_term_string\"}}],\"inLanguage\":\"sk-SK\"}]}<\/script>\n<!-- \/ Yoast SEO plugin. -->","yoast_head_json":{"title":"Hrajte online kas\u00ednov\u00e9 hry zadarmo","description":"Hranie bezplatn\u00fdch kas\u00ednov\u00fdch hier je ve\u013emi z\u00e1bavn\u00e9. Pom\u00f4\u017ee v\u00e1m, ak budete vedie\u0165 nieko\u013eko d\u00f4le\u017eit\u00fdch vec\u00ed o bezplatn\u00fdch kas\u00ednov\u00fdch hr\u00e1ch.","robots":{"index":"index","follow":"follow","max-snippet":"max-snippet:-1","max-image-preview":"max-image-preview:large","max-video-preview":"max-video-preview:-1"},"canonical":"https:\/\/gambling6.com\/sk\/kasino\/niektore-kasinove-hry-su-skutocne-zadarmo\/","og_locale":"sk_SK","og_type":"article","og_title":"Hrajte online kas\u00ednov\u00e9 hry zadarmo","og_description":"Hranie bezplatn\u00fdch kas\u00ednov\u00fdch hier je ve\u013emi z\u00e1bavn\u00e9. Pom\u00f4\u017ee v\u00e1m, ak budete vedie\u0165 nieko\u013eko d\u00f4le\u017eit\u00fdch vec\u00ed o bezplatn\u00fdch kas\u00ednov\u00fdch hr\u00e1ch.","og_url":"https:\/\/gambling6.com\/sk\/kasino\/niektore-kasinove-hry-su-skutocne-zadarmo\/","og_site_name":"Gambling6","article_modified_time":"2025-11-15T09:33:09+00:00","og_image":[{"width":270,"height":186,"url":"https:\/\/gambling6.com\/wp-content\/uploads\/2013\/12\/img_116.png","type":"image\/png"}],"twitter_card":"summary_large_image","twitter_misc":{"Predpokladan\u00fd \u010das \u010d\u00edtania":"3 min\u00faty"},"schema":{"@context":"https:\/\/schema.org","@graph":[{"@type":"WebPage","@id":"https:\/\/gambling6.com\/sk\/kasino\/niektore-kasinove-hry-su-skutocne-zadarmo\/","url":"https:\/\/gambling6.com\/sk\/kasino\/niektore-kasinove-hry-su-skutocne-zadarmo\/","name":"Hrajte online kas\u00ednov\u00e9 hry zadarmo","isPartOf":{"@id":"https:\/\/gambling6.com\/sk\/#website"},"primaryImageOfPage":{"@id":"https:\/\/gambling6.com\/sk\/kasino\/niektore-kasinove-hry-su-skutocne-zadarmo\/#primaryimage"},"image":{"@id":"https:\/\/gambling6.com\/sk\/kasino\/niektore-kasinove-hry-su-skutocne-zadarmo\/#primaryimage"},"thumbnailUrl":"https:\/\/gambling6.com\/wp-content\/uploads\/2013\/12\/img_116.png","datePublished":"2025-11-08T13:09:27+00:00","dateModified":"2025-11-15T09:33:09+00:00","description":"Hranie bezplatn\u00fdch kas\u00ednov\u00fdch hier je ve\u013emi z\u00e1bavn\u00e9. Pom\u00f4\u017ee v\u00e1m, ak budete vedie\u0165 nieko\u013eko d\u00f4le\u017eit\u00fdch vec\u00ed o bezplatn\u00fdch kas\u00ednov\u00fdch hr\u00e1ch.","breadcrumb":{"@id":"https:\/\/gambling6.com\/sk\/kasino\/niektore-kasinove-hry-su-skutocne-zadarmo\/#breadcrumb"},"inLanguage":"sk-SK","potentialAction":[{"@type":"ReadAction","target":["https:\/\/gambling6.com\/sk\/kasino\/niektore-kasinove-hry-su-skutocne-zadarmo\/"]}]},{"@type":"ImageObject","inLanguage":"sk-SK","@id":"https:\/\/gambling6.com\/sk\/kasino\/niektore-kasinove-hry-su-skutocne-zadarmo\/#primaryimage","url":"https:\/\/gambling6.com\/wp-content\/uploads\/2013\/12\/img_116.png","contentUrl":"https:\/\/gambling6.com\/wp-content\/uploads\/2013\/12\/img_116.png","width":270,"height":186},{"@type":"BreadcrumbList","@id":"https:\/\/gambling6.com\/sk\/kasino\/niektore-kasinove-hry-su-skutocne-zadarmo\/#breadcrumb","itemListElement":[{"@type":"ListItem","position":1,"name":"Home","item":"https:\/\/gambling6.com\/sk\/home\/"},{"@type":"ListItem","position":2,"name":"Kas\u00edno","item":"https:\/\/gambling6.com\/sk\/get-started-with-online-gambling\/"},{"@type":"ListItem","position":3,"name":"Niektor\u00e9 kas\u00ednov\u00e9 hry s\u00fa skuto\u010dne zadarmo!"}]},{"@type":"WebSite","@id":"https:\/\/gambling6.com\/sk\/#website","url":"https:\/\/gambling6.com\/sk\/","name":"Gambling6","description":"","potentialAction":[{"@type":"SearchAction","target":{"@type":"EntryPoint","urlTemplate":"https:\/\/gambling6.com\/sk\/?s={search_term_string}"},"query-input":{"@type":"PropertyValueSpecification","valueRequired":true,"valueName":"search_term_string"}}],"inLanguage":"sk-SK"}]}},"_links":{"self":[{"href":"https:\/\/gambling6.com\/sk\/wp-json\/wp\/v2\/pages\/9014","targetHints":{"allow":["GET"]}}],"collection":[{"href":"https:\/\/gambling6.com\/sk\/wp-json\/wp\/v2\/pages"}],"about":[{"href":"https:\/\/gambling6.com\/sk\/wp-json\/wp\/v2\/types\/page"}],"author":[{"embeddable":true,"href":"https:\/\/gambling6.com\/sk\/wp-json\/wp\/v2\/users\/1"}],"replies":[{"embeddable":true,"href":"https:\/\/gambling6.com\/sk\/wp-json\/wp\/v2\/comments?post=9014"}],"version-history":[{"count":1,"href":"https:\/\/gambling6.com\/sk\/wp-json\/wp\/v2\/pages\/9014\/revisions"}],"predecessor-version":[{"id":10885,"href":"https:\/\/gambling6.com\/sk\/wp-json\/wp\/v2\/pages\/9014\/revisions\/10885"}],"up":[{"embeddable":true,"href":"https:\/\/gambling6.com\/sk\/wp-json\/wp\/v2\/pages\/8328"}],"wp:featuredmedia":[{"embeddable":true,"href":"https:\/\/gambling6.com\/sk\/wp-json\/wp\/v2\/media\/8998"}],"wp:attachment":[{"href":"https:\/\/gambling6.com\/sk\/wp-json\/wp\/v2\/media?parent=9014"}],"curies":[{"name":"wp","href":"https:\/\/api.w.org\/{rel}","templated":true}]}}