{"id":9056,"date":"2025-11-08T13:58:45","date_gmt":"2025-11-08T13:58:45","guid":{"rendered":"https:\/\/gambling6.com\/kasino\/online-kasina-s-hotovostou-pochopenie-textu-s-malym-pismom\/"},"modified":"2025-11-15T09:16:12","modified_gmt":"2025-11-15T09:16:12","slug":"online-kasina-s-hotovostou-pochopenie-textu-s-malym-pismom","status":"publish","type":"page","link":"https:\/\/gambling6.com\/sk\/kasino\/online-kasina-s-hotovostou-pochopenie-textu-s-malym-pismom\/","title":{"rendered":"Online kas\u00edna s hotovos\u0165ou: Pochopenie textu s mal\u00fdm p\u00edsmom"},"content":{"rendered":"<h2>Kontrola obchodn\u00fdch podmienok online kas\u00edn<\/h2>\n<p><img loading=\"lazy\" decoding=\"async\" class=\"alignright size-full wp-image-62 alignleft size-full wp-image-64\" style=\"margin: 5px; float: left;\" title=\"casino fine print\" src=\"http:\/\/gambling6.com\/wp-content\/uploads\/2013\/12\/casino-fine-print.jpg\" alt=\"casino fine print terms conditions\" width=\"168\" height=\"147\" \/><span style=\"box-sizing: border-box; margin: 0px; padding: 0px;\">Ke\u010f sa zaregistrujete v <strong>online cash cash cash<\/strong>, mus\u00edte prija\u0165 zmluvu s pou\u017e\u00edvate\u013eom, ktor\u00e1 obsahuje obchodn\u00e9 podmienky online kas\u00edna, ktor\u00e9 mus\u00edte dodr\u017eiava\u0165.<\/span> Niektor\u00e9 z t\u00fdchto podmienok sa t\u00fdkaj\u00fa bankov\u00fdch procesov kas\u00edna, zatia\u013e \u010do in\u00e9 sa m\u00f4\u017eu t\u00fdka\u0165 st\u00e1vkovania, hier a bonusov.<\/p>\n<p>Je nevyhnutn\u00e9 d\u00f4kladne pochopi\u0165 a uvedomi\u0165 si dopad t\u00fdchto zmluvn\u00fdch podmienok predt\u00fdm, ako ich prijmete. Prevod finan\u010dn\u00fdch prostriedkov do a z kas\u00edna je pravdepodobne najd\u00f4le\u017eitej\u0161ou funkciou, ktor\u00e1 ovplyv\u0148uje hr\u00e1\u010da. Preto je d\u00f4le\u017eit\u00e9 uvedomi\u0165 si, do \u010doho presne sa dost\u00e1vate, ke\u010f prijmete podmienky kas\u00edna. V tomto \u010dl\u00e1nku sa sna\u017e\u00edme zjednodu\u0161i\u0165 pr\u00e1vny jazyk, aby sme vysvetlili, \u010do tieto podmienky znamenaj\u00fa. Hr\u00e1\u010d mus\u00ed akceptova\u0165 ur\u010dit\u00e9 z\u00e1v\u00e4zky, ke\u010f prijme pou\u017e\u00edvate\u013esk\u00fa zmluvu. Mus\u00ed tie\u017e poskytn\u00fa\u0165 ur\u010dit\u00e9 z\u00e1ruky.<\/p>\n<p>Vo v\u0161eobecnosti mo\u017eno poveda\u0165, \u017ee niektor\u00e9 online kas\u00edna obsahuj\u00fa odseky nap\u00edsan\u00e9 drobn\u00fdm p\u00edsmom, ktor\u00e9 m\u00f4\u017eu ma\u0165 pre hr\u00e1\u010dov ve\u013emi negat\u00edvne d\u00f4sledky. Spoliehaj\u00fa sa na to, \u017ee nikto si nepre\u010d\u00edta v\u0161etky podmienky. Preto v\u00e1m odpor\u00fa\u010dame, aby ste sa dr\u017eali kas\u00edn, ktor\u00e9 s\u00fa regulovan\u00e9, maj\u00fa dobr\u00fa poves\u0165 a teda f\u00e9rov\u00e9 \u200b\u200bzmluvn\u00e9 podmienky.<\/p>\n<p>BetOnline Casino je jedn\u00fdm z t\u00fdchto kas\u00edn. Ich podmienky nap\u00edsan\u00e9 drobn\u00fdm p\u00edsmom neobsahuj\u00fa \u017eiadne prekvapenia. Odr\u00e1\u017eaj\u00fa to, \u017ee kv\u00f4li ned\u00e1vnym predpisom v USA u\u017e proces vkladu a v\u00fdberu nie je tak\u00fd jednoduch\u00fd ako kedysi. Ale za dan\u00fdch okolnost\u00ed s\u00fa ich podmienky st\u00e1le f\u00e9rov\u00e9.<\/p>\n<p><a class=\"thirstylink\" title=\"Betonline casino en\" href=\"https:\/\/gambling6.com\/go\/betonline-casino-en\/\" target=\"_blank\" rel=\"nofollow noopener\"><img loading=\"lazy\" decoding=\"async\" class=\" wp-image-7875 aligncenter\" src=\"https:\/\/gambling6.com\/wp-content\/uploads\/2025\/10\/BOL_AQC_banner_468x60_FS1_casino-300x38.gif\" alt=\"Kas\u00edno BetOnline\" width=\"498\" height=\"63\" \/><\/a><\/p>\n<h2>\u010co sa od hr\u00e1\u010da zvy\u010dajne vy\u017eaduje v pravidl\u00e1ch kas\u00edna<\/h2>\n<p>Kas\u00edno tie\u017e o\u010dak\u00e1va od hr\u00e1\u010da potvrdenie, \u017ee je z\u00e1konn\u00fdm vlastn\u00edkom finan\u010dn\u00fdch prostriedkov pou\u017eit\u00fdch na st\u00e1vkovanie. In\u00fdmi slovami, nem\u00f4\u017ee pou\u017ei\u0165 kreditn\u00fa kartu, ktor\u00e1 mu nepatr\u00ed, na vkladanie prostriedkov na svoj \u00fa\u010det. Jeho kreditn\u00e1 karta bude tie\u017e overen\u00e1 pred ak\u00fdmko\u013evek v\u00fdberom. Podobne nem\u00f4\u017ee pou\u017e\u00edva\u0165 \u017eiadne in\u00e9 platobn\u00e9 mo\u017enosti, ktor\u00e9 nie s\u00fa na jeho meno.<\/p>\n<p>Poru\u0161enia dohody, \u010di u\u017e s\u00favisiace s bankov\u00fdmi procesmi alebo st\u00e1vkovan\u00edm, sa najprv dotkn\u00fa hr\u00e1\u010dskeho \u00fa\u010dtu. Ak je \u00fa\u010det pozastaven\u00fd, kas\u00edno m\u00f4\u017ee zadr\u017ea\u0165 sporn\u00e9 finan\u010dn\u00e9 prostriedky; vo v\u00e4\u010d\u0161ine pr\u00edpadov zadr\u017e\u00ed v\u0161etky finan\u010dn\u00e9 prostriedky vr\u00e1tane bonusov, vkladov a vr\u00e1ten\u00ed pe\u0148az\u00ed bez ak\u00e9hoko\u013evek rozdielu. Toto je v s\u00falade s podmienkami, s ktor\u00fdmi ste sa dohodli.<\/p>\n<p>Ak hr\u00e1\u010d dlhuje kas\u00ednu peniaze, kas\u00edno m\u00f4\u017ee vynalo\u017ei\u0165 maxim\u00e1lne \u00fasilie na vym\u00e1hanie sumy vr\u00e1tane zapojenia inkasn\u00fdch agent\u00far. Niektor\u00e9 online kas\u00edna maj\u00fa pr\u00edsne pravidl\u00e1 t\u00fdkaj\u00face sa spiacich \u00fa\u010dtov. Jeden z mojich priate\u013eov sa to nau\u010dil tvrdo. Zaregistroval sa v jednom online kas\u00edne a nejak\u00fd \u010das tam hral, \u200b\u200bpri\u010dom vyhral slu\u0161n\u00fa sumu. Pre\u0161iel do in\u00e9ho kas\u00edna a pl\u00e1noval sa po kr\u00e1tkom \u010dase vr\u00e1ti\u0165 do prv\u00e9ho. Ke\u010f si nabud\u00face skontroloval svoj \u00fa\u010det, nena\u0161iel \u017eiadny zostatok. Po kontaktovan\u00ed z\u00e1kazn\u00edckeho servisu mu bolo povedan\u00e9, \u017ee jeho peniaze prepadli, preto\u017ee v kas\u00edne nehral dlh\u0161ie ako 6 mesiacov. Toto je, samozrejme, trochu nezvy\u010dajn\u00e9 a aj keby sa v\u00e1m to stalo, probl\u00e9m m\u00f4\u017eete vyrie\u0161i\u0165 kr\u00e1tkym e-mailom z\u00e1kazn\u00edckemu servisu.<\/p>\n<h2>Na \u010do si treba d\u00e1va\u0165 pozor<\/h2>\n<p>Ak sa v\u0161ak rozhodnete presta\u0165 hra\u0165 vo svojom online kas\u00edne, nezabudnite si vybra\u0165 v\u0161etky prostriedky na svojom kas\u00ednovom \u00fa\u010dte, bez oh\u013eadu na to, ak\u00e1 kr\u00e1tka bude prest\u00e1vka. Skontrolujte, \u010di sa za v\u00fdbery bud\u00fa strh\u00e1va\u0165 nejak\u00e9 poplatky. Ak sa za v\u00fdbery \u00fa\u010dtuje pau\u0161\u00e1lny poplatok, mo\u017eno budete chcie\u0165 vybra\u0165 v\u0161etky svoje prostriedky naraz, ne\u017e aby ste vykon\u00e1vali viacero v\u00fdberov. Nevyberajte si peniaze, ak pl\u00e1nujete o chv\u00ed\u013eu znova vlo\u017ei\u0165 peniaze \u2013 ak tak urob\u00edte, strat\u00edte peniaze. <strong>Porovnajte r\u00f4zne mo\u017enosti spracovania pe\u0148az\u00ed, ktor\u00e9 m\u00e1te k dispoz\u00edcii \u2013 niektor\u00e9 maj\u00fa ni\u017e\u0161ie poplatky, in\u00e9 vy\u0161\u0161ie!<\/strong><\/p>\n<p>Existuj\u00fa aj \u010fal\u0161ie zmluvn\u00e9 podmienky t\u00fdkaj\u00face sa bonusov a propaga\u010dn\u00fdch pon\u00fak kas\u00edna. Vo v\u0161eobecnosti ide o podmienky opr\u00e1vnenosti a po\u017eiadavky na st\u00e1vkovanie potrebn\u00e9 na uvo\u013enenie kas\u00ednov\u00e9ho bonusu. Je dobr\u00e9 si tieto po\u017eiadavky pre\u010d\u00edta\u0165 a pochopi\u0165 pred prijat\u00edm kas\u00ednov\u00fdch bonusov\u00fdch pon\u00fak. Rovnako tak si hr\u00e1\u010di musia pred registr\u00e1ciou v akomko\u013evek online kas\u00edne pre\u010d\u00edta\u0165 zmluvn\u00e9 podmienky a porozumie\u0165 textu nap\u00edsan\u00e9mu drobn\u00fdm p\u00edsmom a \u010dasto kladen\u00fdm ot\u00e1zkam v kas\u00ednach o skuto\u010dn\u00e9 peniaze, aby sa nesk\u00f4r vyhli zbyto\u010dn\u00fdm probl\u00e9mom. Online kas\u00edna maj\u00fa zvy\u010dajne cel\u00fa str\u00e1nku venovan\u00fa zmluv\u00e1m s koncov\u00fdm pou\u017e\u00edvate\u013eom a vyPrvou \u00falohou by malo by\u0165 pozorne si ich pre\u010d\u00edta\u0165 predt\u00fdm, ako sa rozhodnete vst\u00fapi\u0165 do kas\u00edna.<\/p>\n","protected":false},"excerpt":{"rendered":"<p>Kontrola obchodn\u00fdch podmienok online kas\u00edn Ke\u010f sa zaregistrujete v online cash cash cash, mus\u00edte prija\u0165 zmluvu s pou\u017e\u00edvate\u013eom, ktor\u00e1 obsahuje obchodn\u00e9 podmienky online kas\u00edna, ktor\u00e9 mus\u00edte dodr\u017eiava\u0165. Niektor\u00e9 z t\u00fdchto podmienok sa t\u00fdkaj\u00fa bankov\u00fdch procesov kas\u00edna, zatia\u013e \u010do in\u00e9 sa m\u00f4\u017eu t\u00fdka\u0165 st\u00e1vkovania, hier a bonusov. Je nevyhnutn\u00e9 d\u00f4kladne pochopi\u0165 a uvedomi\u0165 si dopad t\u00fdchto [&hellip;]<\/p>\n","protected":false},"author":1,"featured_media":9041,"parent":8328,"menu_order":68,"comment_status":"closed","ping_status":"closed","template":"","meta":{"footnotes":""},"class_list":["post-9056","page","type-page","status-publish","has-post-thumbnail","hentry"],"yoast_head":"<!-- This site is optimized with the Yoast SEO plugin v27.4 - https:\/\/yoast.com\/product\/yoast-seo-wordpress\/ -->\n<title>Na \u010do si da\u0165 pozor v zmluvn\u00fdch podmienkach kas\u00edna<\/title>\n<meta name=\"description\" content=\"Zmluvn\u00e9 podmienky online kas\u00edn drobn\u00fdm p\u00edsmom \u2013 \u010do m\u00f4\u017eete o\u010dak\u00e1va\u0165 a \u010do nie\" \/>\n<meta name=\"robots\" content=\"index, follow, max-snippet:-1, max-image-preview:large, max-video-preview:-1\" \/>\n<link rel=\"canonical\" href=\"https:\/\/gambling6.com\/sk\/kasino\/online-kasina-s-hotovostou-pochopenie-textu-s-malym-pismom\/\" \/>\n<meta property=\"og:locale\" content=\"sk_SK\" \/>\n<meta property=\"og:type\" content=\"article\" \/>\n<meta property=\"og:title\" content=\"Na \u010do si da\u0165 pozor v zmluvn\u00fdch podmienkach kas\u00edna\" \/>\n<meta property=\"og:description\" content=\"Zmluvn\u00e9 podmienky online kas\u00edn drobn\u00fdm p\u00edsmom \u2013 \u010do m\u00f4\u017eete o\u010dak\u00e1va\u0165 a \u010do nie\" \/>\n<meta property=\"og:url\" content=\"https:\/\/gambling6.com\/sk\/kasino\/online-kasina-s-hotovostou-pochopenie-textu-s-malym-pismom\/\" \/>\n<meta property=\"og:site_name\" content=\"Gambling6\" \/>\n<meta property=\"article:modified_time\" content=\"2025-11-15T09:16:12+00:00\" \/>\n<meta property=\"og:image\" content=\"https:\/\/gambling6.com\/wp-content\/uploads\/2013\/12\/casino-fine-print.jpg\" \/>\n\t<meta property=\"og:image:width\" content=\"200\" \/>\n\t<meta property=\"og:image:height\" content=\"175\" \/>\n\t<meta property=\"og:image:type\" content=\"image\/jpeg\" \/>\n<meta name=\"twitter:card\" content=\"summary_large_image\" \/>\n<meta name=\"twitter:label1\" content=\"Predpokladan\u00fd \u010das \u010d\u00edtania\" \/>\n\t<meta name=\"twitter:data1\" content=\"4 min\u00faty\" \/>\n<script type=\"application\/ld+json\" class=\"yoast-schema-graph\">{\"@context\":\"https:\\\/\\\/schema.org\",\"@graph\":[{\"@type\":\"WebPage\",\"@id\":\"https:\\\/\\\/gambling6.com\\\/sk\\\/kasino\\\/online-kasina-s-hotovostou-pochopenie-textu-s-malym-pismom\\\/\",\"url\":\"https:\\\/\\\/gambling6.com\\\/sk\\\/kasino\\\/online-kasina-s-hotovostou-pochopenie-textu-s-malym-pismom\\\/\",\"name\":\"Na \u010do si da\u0165 pozor v zmluvn\u00fdch podmienkach kas\u00edna\",\"isPartOf\":{\"@id\":\"https:\\\/\\\/gambling6.com\\\/sk\\\/#website\"},\"primaryImageOfPage\":{\"@id\":\"https:\\\/\\\/gambling6.com\\\/sk\\\/kasino\\\/online-kasina-s-hotovostou-pochopenie-textu-s-malym-pismom\\\/#primaryimage\"},\"image\":{\"@id\":\"https:\\\/\\\/gambling6.com\\\/sk\\\/kasino\\\/online-kasina-s-hotovostou-pochopenie-textu-s-malym-pismom\\\/#primaryimage\"},\"thumbnailUrl\":\"https:\\\/\\\/gambling6.com\\\/wp-content\\\/uploads\\\/2013\\\/12\\\/casino-fine-print.jpg\",\"datePublished\":\"2025-11-08T13:58:45+00:00\",\"dateModified\":\"2025-11-15T09:16:12+00:00\",\"description\":\"Zmluvn\u00e9 podmienky online kas\u00edn drobn\u00fdm p\u00edsmom \u2013 \u010do m\u00f4\u017eete o\u010dak\u00e1va\u0165 a \u010do nie\",\"breadcrumb\":{\"@id\":\"https:\\\/\\\/gambling6.com\\\/sk\\\/kasino\\\/online-kasina-s-hotovostou-pochopenie-textu-s-malym-pismom\\\/#breadcrumb\"},\"inLanguage\":\"sk-SK\",\"potentialAction\":[{\"@type\":\"ReadAction\",\"target\":[\"https:\\\/\\\/gambling6.com\\\/sk\\\/kasino\\\/online-kasina-s-hotovostou-pochopenie-textu-s-malym-pismom\\\/\"]}]},{\"@type\":\"ImageObject\",\"inLanguage\":\"sk-SK\",\"@id\":\"https:\\\/\\\/gambling6.com\\\/sk\\\/kasino\\\/online-kasina-s-hotovostou-pochopenie-textu-s-malym-pismom\\\/#primaryimage\",\"url\":\"https:\\\/\\\/gambling6.com\\\/wp-content\\\/uploads\\\/2013\\\/12\\\/casino-fine-print.jpg\",\"contentUrl\":\"https:\\\/\\\/gambling6.com\\\/wp-content\\\/uploads\\\/2013\\\/12\\\/casino-fine-print.jpg\",\"width\":200,\"height\":175,\"caption\":\"casino fine print\"},{\"@type\":\"BreadcrumbList\",\"@id\":\"https:\\\/\\\/gambling6.com\\\/sk\\\/kasino\\\/online-kasina-s-hotovostou-pochopenie-textu-s-malym-pismom\\\/#breadcrumb\",\"itemListElement\":[{\"@type\":\"ListItem\",\"position\":1,\"name\":\"Home\",\"item\":\"https:\\\/\\\/gambling6.com\\\/sk\\\/home\\\/\"},{\"@type\":\"ListItem\",\"position\":2,\"name\":\"Kas\u00edno\",\"item\":\"https:\\\/\\\/gambling6.com\\\/sk\\\/get-started-with-online-gambling\\\/\"},{\"@type\":\"ListItem\",\"position\":3,\"name\":\"Online kas\u00edna s hotovos\u0165ou: Pochopenie textu s mal\u00fdm p\u00edsmom\"}]},{\"@type\":\"WebSite\",\"@id\":\"https:\\\/\\\/gambling6.com\\\/sk\\\/#website\",\"url\":\"https:\\\/\\\/gambling6.com\\\/sk\\\/\",\"name\":\"Gambling6\",\"description\":\"\",\"potentialAction\":[{\"@type\":\"SearchAction\",\"target\":{\"@type\":\"EntryPoint\",\"urlTemplate\":\"https:\\\/\\\/gambling6.com\\\/sk\\\/?s={search_term_string}\"},\"query-input\":{\"@type\":\"PropertyValueSpecification\",\"valueRequired\":true,\"valueName\":\"search_term_string\"}}],\"inLanguage\":\"sk-SK\"}]}<\/script>\n<!-- \/ Yoast SEO plugin. -->","yoast_head_json":{"title":"Na \u010do si da\u0165 pozor v zmluvn\u00fdch podmienkach kas\u00edna","description":"Zmluvn\u00e9 podmienky online kas\u00edn drobn\u00fdm p\u00edsmom \u2013 \u010do m\u00f4\u017eete o\u010dak\u00e1va\u0165 a \u010do nie","robots":{"index":"index","follow":"follow","max-snippet":"max-snippet:-1","max-image-preview":"max-image-preview:large","max-video-preview":"max-video-preview:-1"},"canonical":"https:\/\/gambling6.com\/sk\/kasino\/online-kasina-s-hotovostou-pochopenie-textu-s-malym-pismom\/","og_locale":"sk_SK","og_type":"article","og_title":"Na \u010do si da\u0165 pozor v zmluvn\u00fdch podmienkach kas\u00edna","og_description":"Zmluvn\u00e9 podmienky online kas\u00edn drobn\u00fdm p\u00edsmom \u2013 \u010do m\u00f4\u017eete o\u010dak\u00e1va\u0165 a \u010do nie","og_url":"https:\/\/gambling6.com\/sk\/kasino\/online-kasina-s-hotovostou-pochopenie-textu-s-malym-pismom\/","og_site_name":"Gambling6","article_modified_time":"2025-11-15T09:16:12+00:00","og_image":[{"width":200,"height":175,"url":"https:\/\/gambling6.com\/wp-content\/uploads\/2013\/12\/casino-fine-print.jpg","type":"image\/jpeg"}],"twitter_card":"summary_large_image","twitter_misc":{"Predpokladan\u00fd \u010das \u010d\u00edtania":"4 min\u00faty"},"schema":{"@context":"https:\/\/schema.org","@graph":[{"@type":"WebPage","@id":"https:\/\/gambling6.com\/sk\/kasino\/online-kasina-s-hotovostou-pochopenie-textu-s-malym-pismom\/","url":"https:\/\/gambling6.com\/sk\/kasino\/online-kasina-s-hotovostou-pochopenie-textu-s-malym-pismom\/","name":"Na \u010do si da\u0165 pozor v zmluvn\u00fdch podmienkach kas\u00edna","isPartOf":{"@id":"https:\/\/gambling6.com\/sk\/#website"},"primaryImageOfPage":{"@id":"https:\/\/gambling6.com\/sk\/kasino\/online-kasina-s-hotovostou-pochopenie-textu-s-malym-pismom\/#primaryimage"},"image":{"@id":"https:\/\/gambling6.com\/sk\/kasino\/online-kasina-s-hotovostou-pochopenie-textu-s-malym-pismom\/#primaryimage"},"thumbnailUrl":"https:\/\/gambling6.com\/wp-content\/uploads\/2013\/12\/casino-fine-print.jpg","datePublished":"2025-11-08T13:58:45+00:00","dateModified":"2025-11-15T09:16:12+00:00","description":"Zmluvn\u00e9 podmienky online kas\u00edn drobn\u00fdm p\u00edsmom \u2013 \u010do m\u00f4\u017eete o\u010dak\u00e1va\u0165 a \u010do nie","breadcrumb":{"@id":"https:\/\/gambling6.com\/sk\/kasino\/online-kasina-s-hotovostou-pochopenie-textu-s-malym-pismom\/#breadcrumb"},"inLanguage":"sk-SK","potentialAction":[{"@type":"ReadAction","target":["https:\/\/gambling6.com\/sk\/kasino\/online-kasina-s-hotovostou-pochopenie-textu-s-malym-pismom\/"]}]},{"@type":"ImageObject","inLanguage":"sk-SK","@id":"https:\/\/gambling6.com\/sk\/kasino\/online-kasina-s-hotovostou-pochopenie-textu-s-malym-pismom\/#primaryimage","url":"https:\/\/gambling6.com\/wp-content\/uploads\/2013\/12\/casino-fine-print.jpg","contentUrl":"https:\/\/gambling6.com\/wp-content\/uploads\/2013\/12\/casino-fine-print.jpg","width":200,"height":175,"caption":"casino fine print"},{"@type":"BreadcrumbList","@id":"https:\/\/gambling6.com\/sk\/kasino\/online-kasina-s-hotovostou-pochopenie-textu-s-malym-pismom\/#breadcrumb","itemListElement":[{"@type":"ListItem","position":1,"name":"Home","item":"https:\/\/gambling6.com\/sk\/home\/"},{"@type":"ListItem","position":2,"name":"Kas\u00edno","item":"https:\/\/gambling6.com\/sk\/get-started-with-online-gambling\/"},{"@type":"ListItem","position":3,"name":"Online kas\u00edna s hotovos\u0165ou: Pochopenie textu s mal\u00fdm p\u00edsmom"}]},{"@type":"WebSite","@id":"https:\/\/gambling6.com\/sk\/#website","url":"https:\/\/gambling6.com\/sk\/","name":"Gambling6","description":"","potentialAction":[{"@type":"SearchAction","target":{"@type":"EntryPoint","urlTemplate":"https:\/\/gambling6.com\/sk\/?s={search_term_string}"},"query-input":{"@type":"PropertyValueSpecification","valueRequired":true,"valueName":"search_term_string"}}],"inLanguage":"sk-SK"}]}},"_links":{"self":[{"href":"https:\/\/gambling6.com\/sk\/wp-json\/wp\/v2\/pages\/9056","targetHints":{"allow":["GET"]}}],"collection":[{"href":"https:\/\/gambling6.com\/sk\/wp-json\/wp\/v2\/pages"}],"about":[{"href":"https:\/\/gambling6.com\/sk\/wp-json\/wp\/v2\/types\/page"}],"author":[{"embeddable":true,"href":"https:\/\/gambling6.com\/sk\/wp-json\/wp\/v2\/users\/1"}],"replies":[{"embeddable":true,"href":"https:\/\/gambling6.com\/sk\/wp-json\/wp\/v2\/comments?post=9056"}],"version-history":[{"count":1,"href":"https:\/\/gambling6.com\/sk\/wp-json\/wp\/v2\/pages\/9056\/revisions"}],"predecessor-version":[{"id":10867,"href":"https:\/\/gambling6.com\/sk\/wp-json\/wp\/v2\/pages\/9056\/revisions\/10867"}],"up":[{"embeddable":true,"href":"https:\/\/gambling6.com\/sk\/wp-json\/wp\/v2\/pages\/8328"}],"wp:featuredmedia":[{"embeddable":true,"href":"https:\/\/gambling6.com\/sk\/wp-json\/wp\/v2\/media\/9041"}],"wp:attachment":[{"href":"https:\/\/gambling6.com\/sk\/wp-json\/wp\/v2\/media?parent=9056"}],"curies":[{"name":"wp","href":"https:\/\/api.w.org\/{rel}","templated":true}]}}