{"id":9184,"date":"2025-11-10T11:01:02","date_gmt":"2025-11-10T11:01:02","guid":{"rendered":"https:\/\/gambling6.com\/ziskajte-online-listky-na-loteriu-powerball\/"},"modified":"2025-11-15T08:49:59","modified_gmt":"2025-11-15T08:49:59","slug":"ziskajte-online-listky-na-loteriu-powerball","status":"publish","type":"page","link":"https:\/\/gambling6.com\/sk\/ziskajte-online-listky-na-loteriu-powerball\/","title":{"rendered":"Z\u00edskajte online l\u00edstky na lot\u00e9riu Powerball"},"content":{"rendered":"<h2>Hrajte lot\u00e9riu Powerball online.<\/h2>\n<p>Lot\u00e9ria Powerball je po celom svete zn\u00e1ma svojimi neuverite\u013en\u00fdmi jackpotmi. Jackpoty pravidelne presahuj\u00fa 100 mili\u00f3nov dol\u00e1rov. <strong>Zv\u00fd\u0161enie jackpotu je exponenci\u00e1lne, preto\u017ee si m\u00f4\u017eete zaobstara\u0165 tikety do lot\u00e9rie Powerball online.<\/strong> Hra\u0165 Powerball online je jednoduch\u00e9 z pohodlia domova, sta\u010d\u00ed v\u00e1m po\u010d\u00edta\u010d a internetov\u00e9 pripojenie.<\/p>\n<h2>Online tikety Powerball, jednoduch\u00e9 ako 1-2-3<\/h2>\n<p>Ak chcete hra\u0165 lot\u00e9riu Powerball online, mus\u00edte nav\u0161t\u00edvi\u0165 str\u00e1nku n\u00e1\u0161ho partnera <a class=\"thirstylink\" title=\"Redfoxlotto\" href=\"https:\/\/gambling6.com\/go\/redfoxlotto\/\" target=\"_blank\" rel=\"nofollow noopener\">RedFoxLotto (kliknite sem pre n\u00e1v\u0161tevu)<\/a> a vytvori\u0165 si \u00fa\u010det. Otvorenie \u00fa\u010dtu je jednoduch\u00e9 a hra\u0165 lot\u00e9riu Powerball m\u00f4\u017eete v priebehu nieko\u013ek\u00fdch min\u00fat. \u010eal\u0161\u00edm krokom by bolo prejs\u0165 do sekcie s tiketom, kde by ste pomocou formul\u00e1ra vybrali p\u00e4\u0165 hlavn\u00fdch \u010d\u00edsel.<\/p>\n<p>Po dokon\u010den\u00ed si teraz vyberte jedno bonusov\u00e9 \u010d\u00edslo Powerball. <strong>Ak chcete vyhra\u0165 jackpot, mus\u00edte uh\u00e1dnu\u0165 svojich p\u00e4\u0165 hlavn\u00fdch \u010d\u00edsel a Powerball s vy\u017erebovan\u00fdmi gu\u013e\u00f4\u010dkami.<\/strong> Nebojte sa, ak sa v\u00e1m tieto nezhoduj\u00fa, m\u00f4\u017eete sa zapoji\u0165 do s\u00fa\u0165a\u017ee o jednu z \u010fal\u0161\u00edch siedmich \u00farovn\u00ed v\u00fdhier.<\/p>\n<h2>Predaj tiketov Powerball online prudko st\u00fapa<\/h2>\n<p><img loading=\"lazy\" decoding=\"async\" class=\"size-medium wp-image-1533 alignright\" src=\"https:\/\/gambling6.com\/wp-content\/uploads\/2022\/04\/2_ticket_powerball_au2-1-163x300.jpg\" alt=\"l\u00edstok Powerball\" width=\"163\" height=\"300\" srcset=\"https:\/\/gambling6.com\/wp-content\/uploads\/2022\/04\/2_ticket_powerball_au2-1-163x300.jpg 163w, https:\/\/gambling6.com\/wp-content\/uploads\/2022\/04\/2_ticket_powerball_au2-1.jpg 250w\" sizes=\"auto, (max-width: 163px) 100vw, 163px\" \/>Za posledn\u00e9 dva roky predaj tiketov Powerball USA r\u00e1stol ve\u013emi r\u00fdchlym tempom a za toto obdobie sa medziro\u010dne zdvojn\u00e1sobil. <strong>Ve\u013ekos\u0165 jackpotov spolu s \u013eahkos\u0165ou, s akou si je mo\u017en\u00e9 k\u00fapi\u0165 tikety online, boli hnacou silou tak\u00e9ho v\u00fdrazn\u00e9ho rastu.<\/strong> Ak je minulos\u0165 nejak\u00fdm ukazovate\u013eom bud\u00facich predajov, m\u00f4\u017eeme v nasleduj\u00facich rokoch o\u010dak\u00e1va\u0165 zv\u00fd\u0161en\u00fd rast ve\u013ekost\u00ed jackpotov.<\/p>\n<h2>Celosvetov\u00e9 hranie lot\u00e9ri\u00ed rastie.<\/h2>\n<p>Okrem Mega Millions, ktor\u00e1 dr\u017e\u00ed rekord vo ve\u013ekosti jackpotov v lot\u00e9ri\u00e1ch, sme v minulom roku zaznamenali rekordn\u00e9 jackpoty vo v\u00e4\u010d\u0161ine lot\u00e9ri\u00ed hran\u00fdch online. Neexistuj\u00fa \u017eiadne n\u00e1znaky, \u017ee by tieto rekordn\u00e9 jackpoty v bl\u00edzkej bud\u00facnosti klesli. V skuto\u010dnosti m\u00f4\u017eeme o\u010dak\u00e1va\u0165, \u017ee rekordy bud\u00fa opakovane prekon\u00e1van\u00e9, preto\u017ee \u013eudia zaplavuj\u00fa svoje po\u010d\u00edta\u010de, ke\u010f spr\u00e1vy o jackpotoch dosiahnu vysok\u00e9 \u00farovne.<\/p>\n<h2>Skontrolujte v\u00fdhern\u00e9 \u010d\u00edsla Powerball online.<\/h2>\n<p>Ak kupujete tikety, uistite sa, \u017ee si n\u00e1jdete \u010das na kontrolu v\u00fdsledkov pomocou online datab\u00e1zov\u00e9ho n\u00e1stroja. Mnoho cien ka\u017ed\u00fd rok zost\u00e1va nevyzdvihnut\u00fdch, preto\u017ee ke\u010f sa \u013eudia dozvedia, \u017ee jackpoty boli vyhran\u00e9 v oblasti, kde neb\u00fdvaj\u00fa, alebo v zariaden\u00ed, kde si tiket nek\u00fapili, tiket zahodia a nekontroluj\u00fa v\u00fdhru na in\u00fdch \u00farovniach cien.<\/p>\n<p>Pros\u00edm, nerobte chybu a nevyhadzujte peniaze do ko\u0161a alebo ich nenech\u00e1vajte nevidite\u013ene le\u017ea\u0165 v pe\u0148a\u017eenke. Zasl\u00fa\u017eite si v\u0161etky peniaze, ktor\u00e9 ste vyhrali. Zahrajte si lot\u00e9riu Powerball online e\u0161te dnes a m\u00f4\u017eete sa sta\u0165 \u010fal\u0161\u00edm multimilion\u00e1rom sveta.<\/p>\n<table style=\"width: 500px;\" border=\"1\" cellspacing=\"5\" cellpadding=\"5\" align=\"center\">\n<tbody>\n<tr>\n<td colspan=\"3\" align=\"center\">Desa\u0165 najv\u00e4\u010d\u0161\u00edch jackpotov za rok 2013<\/td>\n<\/tr>\n<tr>\n<td>\u017drebovanie<\/td>\n<td align=\"center\">D\u00e1tum<\/td>\n<td align=\"center\">Jackpot (USD)<\/td>\n<\/tr>\n<tr>\n<td>Powerball &#8211; USA<\/td>\n<td align=\"center\">18. m\u00e1ja 2013<\/td>\n<td align=\"right\">590 500 000 USD<\/td>\n<\/tr>\n<tr>\n<td>Powerball &#8211; USA<\/td>\n<td align=\"center\">7. augusta 2013<\/td>\n<td align=\"right\">448 400 000 USD<\/td>\n<\/tr>\n<tr>\n<td>Powerball &#8211; USA<\/td>\n<td align=\"center\">18. septembra 2013<\/td>\n<td align=\"right\">399 400 000 USD<\/td>\n<\/tr>\n<tr>\n<td>Powerball &#8211; USA<\/td>\n<td align=\"center\">23. marca 2013<\/td>\n<td align=\"right\">338 300 000 USD<\/td>\n<\/tr>\n<tr>\n<td>Powerball &#8211; USA<\/td>\n<td align=\"center\">6. febru\u00e1ra 2013<\/td>\n<td align=\"right\">217 000 000 USD<\/td>\n<\/tr>\n<tr>\n<td>Powerball &#8211; USA<\/td>\n<td align=\"center\">23. okt\u00f3bra 2013<\/td>\n<td align=\"right\">213 400 000 USD<\/td>\n<\/tr>\n<tr>\n<td>Powerball &#8211; USA<\/td>\n<td align=\"center\">22. j\u00fana 2013<\/td>\n<td align=\"right\">131 500 000 USD<\/td>\n<\/tr>\n<tr>\n<td>Powerball &#8211; USA<\/td>\n<td align=\"center\">16. novembra 2013<\/td>\n<td align=\"right\">130 300 000 USD<\/td>\n<\/tr>\n<tr>\n<td>Powerball &#8211; USA<\/td>\n<td align=\"center\">11. decembra 2013<\/td>\n<td align=\"right\">122 900 000 USD<\/td>\n<\/tr>\n<tr>\n<td>Powerball &#8211; USA<\/td>\n<td align=\"center\">25. decembra 2013<\/td>\n<td align=\"right\">74 000 000 USD<\/td>\n<\/tr>\n<\/tbody>\n<\/table>\n<p>&nbsp;<\/p>\n<table style=\"width: 500px;\" border=\"1\" cellspacing=\"5\" cellpadding=\"5\" align=\"center\">\n<tbody>\n<tr>\n<td colspan=\"3\" align=\"center\">Powerball Lotto &#8211; \u00darovne v\u00fdhier USA<\/td>\n<\/tr>\n<tr>\n<td>Cena<\/td>\n<td align=\"center\">Z\u00e1pasy<\/td>\n<td align=\"center\">Kurzy<\/td>\n<\/tr>\n<tr>\n<td>1. miesto (Jackpot)<\/td>\n<td align=\"center\">5 + 1<\/td>\n<td align=\"right\">175 223 510 : 1<\/td>\n<\/tr>\n<tr>\n<td>2. miesto<\/td>\n<td align=\"center\">5<\/td>\n<td align=\"right\">5 153 633 : 1<\/td>\n<\/tr>\n<tr>\n<td>3.<\/td>\n<td align=\"center\">4 + 1<\/td>\n<td align=\"right\">648 976 : 1<\/td>\n<\/tr>\n<tr>\n<td>4.<\/td>\n<td align=\"center\">4<\/td>\n<td align=\"right\">19 087 : 1<\/td>\n<\/tr>\n<tr>\n<td>5.<\/td>\n<td align=\"centre\">3 + 1<\/td>\n<td align=\"right\">12 245 : 1<\/td>\n<\/tr>\n<tr>\n<td>6.<\/td>\n<td align=\"center\">3<\/td>\n<td align=\"right\">360 : 1<\/td>\n<\/tr>\n<tr>\n<td>7.<\/td>\n<td align=\"center\">2 + 1<\/td>\n<td align=\"right\">706 : 1<\/td>\n<\/tr>\n<tr>\n<td>8.<\/td>\n<td align=\"center\">1 + 1<\/td>\n<td align=\"right\">111 : 1<\/td>\n<\/tr>\n<tr>\n<td>9.<\/td>\n<td align=\"center\">0 + 1<\/td>\n<td align=\"right\">55 : 1<\/td>\n<\/tr>\n<\/tbody>\n<\/table>\n","protected":false},"excerpt":{"rendered":"<p>Hrajte lot\u00e9riu Powerball online. Lot\u00e9ria Powerball je po celom svete zn\u00e1ma svojimi neuverite\u013en\u00fdmi jackpotmi. Jackpoty pravidelne presahuj\u00fa 100 mili\u00f3nov dol\u00e1rov. Zv\u00fd\u0161enie jackpotu je exponenci\u00e1lne, preto\u017ee si m\u00f4\u017eete zaobstara\u0165 tikety do lot\u00e9rie Powerball online. Hra\u0165 Powerball online je jednoduch\u00e9 z pohodlia domova, sta\u010d\u00ed v\u00e1m po\u010d\u00edta\u010d a internetov\u00e9 pripojenie. Online tikety Powerball, jednoduch\u00e9 ako 1-2-3 Ak chcete [&hellip;]<\/p>\n","protected":false},"author":1,"featured_media":0,"parent":0,"menu_order":4,"comment_status":"closed","ping_status":"closed","template":"","meta":{"footnotes":""},"class_list":["post-9184","page","type-page","status-publish","hentry"],"yoast_head":"<!-- This site is optimized with the Yoast SEO plugin v27.4 - https:\/\/yoast.com\/product\/yoast-seo-wordpress\/ -->\n<title>K\u00fapte si tikety na lot\u00e9riu Powerball online<\/title>\n<meta name=\"description\" content=\"Z\u00edskajte si e\u0161te dnes online tikety na lot\u00e9riu Powerball USA.\" \/>\n<meta name=\"robots\" content=\"index, follow, max-snippet:-1, max-image-preview:large, max-video-preview:-1\" \/>\n<link rel=\"canonical\" href=\"https:\/\/gambling6.com\/sk\/ziskajte-online-listky-na-loteriu-powerball\/\" \/>\n<meta property=\"og:locale\" content=\"sk_SK\" \/>\n<meta property=\"og:type\" content=\"article\" \/>\n<meta property=\"og:title\" content=\"K\u00fapte si tikety na lot\u00e9riu Powerball online\" \/>\n<meta property=\"og:description\" content=\"Z\u00edskajte si e\u0161te dnes online tikety na lot\u00e9riu Powerball USA.\" \/>\n<meta property=\"og:url\" content=\"https:\/\/gambling6.com\/sk\/ziskajte-online-listky-na-loteriu-powerball\/\" \/>\n<meta property=\"og:site_name\" content=\"Gambling6\" \/>\n<meta property=\"article:modified_time\" content=\"2025-11-15T08:49:59+00:00\" \/>\n<meta property=\"og:image\" content=\"https:\/\/gambling6.com\/wp-content\/uploads\/2022\/04\/2_ticket_powerball_au2-1.jpg\" \/>\n\t<meta property=\"og:image:width\" content=\"250\" \/>\n\t<meta property=\"og:image:height\" content=\"460\" \/>\n\t<meta property=\"og:image:type\" content=\"image\/jpeg\" \/>\n<meta name=\"twitter:card\" content=\"summary_large_image\" \/>\n<meta name=\"twitter:label1\" content=\"Predpokladan\u00fd \u010das \u010d\u00edtania\" \/>\n\t<meta name=\"twitter:data1\" content=\"3 min\u00faty\" \/>\n<script type=\"application\/ld+json\" class=\"yoast-schema-graph\">{\"@context\":\"https:\\\/\\\/schema.org\",\"@graph\":[{\"@type\":\"WebPage\",\"@id\":\"https:\\\/\\\/gambling6.com\\\/sk\\\/ziskajte-online-listky-na-loteriu-powerball\\\/\",\"url\":\"https:\\\/\\\/gambling6.com\\\/sk\\\/ziskajte-online-listky-na-loteriu-powerball\\\/\",\"name\":\"K\u00fapte si tikety na lot\u00e9riu Powerball online\",\"isPartOf\":{\"@id\":\"https:\\\/\\\/gambling6.com\\\/sk\\\/#website\"},\"primaryImageOfPage\":{\"@id\":\"https:\\\/\\\/gambling6.com\\\/sk\\\/ziskajte-online-listky-na-loteriu-powerball\\\/#primaryimage\"},\"image\":{\"@id\":\"https:\\\/\\\/gambling6.com\\\/sk\\\/ziskajte-online-listky-na-loteriu-powerball\\\/#primaryimage\"},\"thumbnailUrl\":\"https:\\\/\\\/gambling6.com\\\/wp-content\\\/uploads\\\/2022\\\/04\\\/2_ticket_powerball_au2-1-163x300.jpg\",\"datePublished\":\"2025-11-10T11:01:02+00:00\",\"dateModified\":\"2025-11-15T08:49:59+00:00\",\"description\":\"Z\u00edskajte si e\u0161te dnes online tikety na lot\u00e9riu Powerball USA.\",\"breadcrumb\":{\"@id\":\"https:\\\/\\\/gambling6.com\\\/sk\\\/ziskajte-online-listky-na-loteriu-powerball\\\/#breadcrumb\"},\"inLanguage\":\"sk-SK\",\"potentialAction\":[{\"@type\":\"ReadAction\",\"target\":[\"https:\\\/\\\/gambling6.com\\\/sk\\\/ziskajte-online-listky-na-loteriu-powerball\\\/\"]}]},{\"@type\":\"ImageObject\",\"inLanguage\":\"sk-SK\",\"@id\":\"https:\\\/\\\/gambling6.com\\\/sk\\\/ziskajte-online-listky-na-loteriu-powerball\\\/#primaryimage\",\"url\":\"https:\\\/\\\/gambling6.com\\\/wp-content\\\/uploads\\\/2022\\\/04\\\/2_ticket_powerball_au2-1-163x300.jpg\",\"contentUrl\":\"https:\\\/\\\/gambling6.com\\\/wp-content\\\/uploads\\\/2022\\\/04\\\/2_ticket_powerball_au2-1-163x300.jpg\"},{\"@type\":\"BreadcrumbList\",\"@id\":\"https:\\\/\\\/gambling6.com\\\/sk\\\/ziskajte-online-listky-na-loteriu-powerball\\\/#breadcrumb\",\"itemListElement\":[{\"@type\":\"ListItem\",\"position\":1,\"name\":\"Home\",\"item\":\"https:\\\/\\\/gambling6.com\\\/sk\\\/home\\\/\"},{\"@type\":\"ListItem\",\"position\":2,\"name\":\"Z\u00edskajte online l\u00edstky na lot\u00e9riu Powerball\"}]},{\"@type\":\"WebSite\",\"@id\":\"https:\\\/\\\/gambling6.com\\\/sk\\\/#website\",\"url\":\"https:\\\/\\\/gambling6.com\\\/sk\\\/\",\"name\":\"Gambling6\",\"description\":\"\",\"potentialAction\":[{\"@type\":\"SearchAction\",\"target\":{\"@type\":\"EntryPoint\",\"urlTemplate\":\"https:\\\/\\\/gambling6.com\\\/sk\\\/?s={search_term_string}\"},\"query-input\":{\"@type\":\"PropertyValueSpecification\",\"valueRequired\":true,\"valueName\":\"search_term_string\"}}],\"inLanguage\":\"sk-SK\"}]}<\/script>\n<!-- \/ Yoast SEO plugin. -->","yoast_head_json":{"title":"K\u00fapte si tikety na lot\u00e9riu Powerball online","description":"Z\u00edskajte si e\u0161te dnes online tikety na lot\u00e9riu Powerball USA.","robots":{"index":"index","follow":"follow","max-snippet":"max-snippet:-1","max-image-preview":"max-image-preview:large","max-video-preview":"max-video-preview:-1"},"canonical":"https:\/\/gambling6.com\/sk\/ziskajte-online-listky-na-loteriu-powerball\/","og_locale":"sk_SK","og_type":"article","og_title":"K\u00fapte si tikety na lot\u00e9riu Powerball online","og_description":"Z\u00edskajte si e\u0161te dnes online tikety na lot\u00e9riu Powerball USA.","og_url":"https:\/\/gambling6.com\/sk\/ziskajte-online-listky-na-loteriu-powerball\/","og_site_name":"Gambling6","article_modified_time":"2025-11-15T08:49:59+00:00","og_image":[{"width":250,"height":460,"url":"https:\/\/gambling6.com\/wp-content\/uploads\/2022\/04\/2_ticket_powerball_au2-1.jpg","type":"image\/jpeg"}],"twitter_card":"summary_large_image","twitter_misc":{"Predpokladan\u00fd \u010das \u010d\u00edtania":"3 min\u00faty"},"schema":{"@context":"https:\/\/schema.org","@graph":[{"@type":"WebPage","@id":"https:\/\/gambling6.com\/sk\/ziskajte-online-listky-na-loteriu-powerball\/","url":"https:\/\/gambling6.com\/sk\/ziskajte-online-listky-na-loteriu-powerball\/","name":"K\u00fapte si tikety na lot\u00e9riu Powerball online","isPartOf":{"@id":"https:\/\/gambling6.com\/sk\/#website"},"primaryImageOfPage":{"@id":"https:\/\/gambling6.com\/sk\/ziskajte-online-listky-na-loteriu-powerball\/#primaryimage"},"image":{"@id":"https:\/\/gambling6.com\/sk\/ziskajte-online-listky-na-loteriu-powerball\/#primaryimage"},"thumbnailUrl":"https:\/\/gambling6.com\/wp-content\/uploads\/2022\/04\/2_ticket_powerball_au2-1-163x300.jpg","datePublished":"2025-11-10T11:01:02+00:00","dateModified":"2025-11-15T08:49:59+00:00","description":"Z\u00edskajte si e\u0161te dnes online tikety na lot\u00e9riu Powerball USA.","breadcrumb":{"@id":"https:\/\/gambling6.com\/sk\/ziskajte-online-listky-na-loteriu-powerball\/#breadcrumb"},"inLanguage":"sk-SK","potentialAction":[{"@type":"ReadAction","target":["https:\/\/gambling6.com\/sk\/ziskajte-online-listky-na-loteriu-powerball\/"]}]},{"@type":"ImageObject","inLanguage":"sk-SK","@id":"https:\/\/gambling6.com\/sk\/ziskajte-online-listky-na-loteriu-powerball\/#primaryimage","url":"https:\/\/gambling6.com\/wp-content\/uploads\/2022\/04\/2_ticket_powerball_au2-1-163x300.jpg","contentUrl":"https:\/\/gambling6.com\/wp-content\/uploads\/2022\/04\/2_ticket_powerball_au2-1-163x300.jpg"},{"@type":"BreadcrumbList","@id":"https:\/\/gambling6.com\/sk\/ziskajte-online-listky-na-loteriu-powerball\/#breadcrumb","itemListElement":[{"@type":"ListItem","position":1,"name":"Home","item":"https:\/\/gambling6.com\/sk\/home\/"},{"@type":"ListItem","position":2,"name":"Z\u00edskajte online l\u00edstky na lot\u00e9riu Powerball"}]},{"@type":"WebSite","@id":"https:\/\/gambling6.com\/sk\/#website","url":"https:\/\/gambling6.com\/sk\/","name":"Gambling6","description":"","potentialAction":[{"@type":"SearchAction","target":{"@type":"EntryPoint","urlTemplate":"https:\/\/gambling6.com\/sk\/?s={search_term_string}"},"query-input":{"@type":"PropertyValueSpecification","valueRequired":true,"valueName":"search_term_string"}}],"inLanguage":"sk-SK"}]}},"_links":{"self":[{"href":"https:\/\/gambling6.com\/sk\/wp-json\/wp\/v2\/pages\/9184","targetHints":{"allow":["GET"]}}],"collection":[{"href":"https:\/\/gambling6.com\/sk\/wp-json\/wp\/v2\/pages"}],"about":[{"href":"https:\/\/gambling6.com\/sk\/wp-json\/wp\/v2\/types\/page"}],"author":[{"embeddable":true,"href":"https:\/\/gambling6.com\/sk\/wp-json\/wp\/v2\/users\/1"}],"replies":[{"embeddable":true,"href":"https:\/\/gambling6.com\/sk\/wp-json\/wp\/v2\/comments?post=9184"}],"version-history":[{"count":2,"href":"https:\/\/gambling6.com\/sk\/wp-json\/wp\/v2\/pages\/9184\/revisions"}],"predecessor-version":[{"id":10849,"href":"https:\/\/gambling6.com\/sk\/wp-json\/wp\/v2\/pages\/9184\/revisions\/10849"}],"wp:attachment":[{"href":"https:\/\/gambling6.com\/sk\/wp-json\/wp\/v2\/media?parent=9184"}],"curies":[{"name":"wp","href":"https:\/\/api.w.org\/{rel}","templated":true}]}}