{"id":9248,"date":"2025-11-10T12:35:57","date_gmt":"2025-11-10T12:35:57","guid":{"rendered":"https:\/\/gambling6.com\/stavkovanie-na-sporty\/"},"modified":"2025-11-12T10:36:46","modified_gmt":"2025-11-12T10:36:46","slug":"stavkovanie-na-sporty","status":"publish","type":"page","link":"https:\/\/gambling6.com\/sk\/stavkovanie-na-sporty\/","title":{"rendered":"St\u00e1vkovanie na \u0161porty"},"content":{"rendered":"<h2>Z\u00e1klady \u0161portov\u00e9ho st\u00e1vkovania<\/h2>\n<p>\u0160portov\u00e9 st\u00e1vkovanie, term\u00edn, ktor\u00fd vznikol jednoduchou kombin\u00e1ciou samotn\u00fdch popisn\u00fdch slov, je \u010dinnos\u0165ou predpovedania profesion\u00e1lnych a amat\u00e9rskych \u0161portov\u00fdch v\u00fdsledkov spolu s podaniem st\u00e1vky na v\u00fdsledok. <strong>Sportsbet je term\u00edn pou\u017e\u00edvan\u00fd na ozna\u010denie miesta, kde by sa niekto z\u00fa\u010dast\u0148oval \u0161portov\u00e9ho st\u00e1vkovania.<\/strong> Celkovo v USA nie je toto st\u00e1vkovanie leg\u00e1lne. V podstate existuj\u00fa iba \u0161tyri z p\u00e4\u0165desiatich \u0161t\u00e1tov v Amerike, kde s\u00fa \u0161portov\u00e9 st\u00e1vkovanie a st\u00e1vky na \u0161port pova\u017eovan\u00e9 za 100 % leg\u00e1lne. Potom pri\u0161iel internet.<\/p>\n<h2>Mili\u00f3ny \u013eud\u00ed denne st\u00e1vkuj\u00fa na \u0161port<\/h2>\n<p>Denne mili\u00f3ny \u013eud\u00ed nav\u0161tevuj\u00fa tis\u00edce webov\u00fdch str\u00e1nok, aby uzatv\u00e1rali st\u00e1vky na ak\u00fdko\u013evek \u0161port, ktor\u00fd n\u00e1jdete. <strong>Tento \u00favod do online \u0161portov\u00e9ho st\u00e1vkovania v\u00e1m v\u0161ak uk\u00e1\u017ee, \u017ee je to viac ne\u017e len pozna\u0165 spread a poda\u0165 st\u00e1vku na t\u00edm<\/strong>, ktor\u00fd chcete vyhra\u0165. St\u00e1vka na z\u00e1pas nielen\u017ee m\u00f4\u017ee by\u0165 zauj\u00edmavej\u0161\u00edm z\u00e1\u017eitkom na sledovanie, ale umenie \u0161portov\u00e9ho st\u00e1vkovania v\u00e1m m\u00f4\u017ee pri spr\u00e1vnom spracovan\u00ed prinies\u0165 ve\u013ea pe\u0148az\u00ed. Ak je to pre niekoho, kto nem\u00e1 sk\u00fasenosti so \u0161portov\u00fdm st\u00e1vkovan\u00edm, nov\u00fd podnik, budete musie\u0165 pozna\u0165 z\u00e1klady a princ\u00edpy \u0161portov\u00e9ho st\u00e1vkovania, ak o\u010dak\u00e1vate, \u017ee nebudete dezorientovan\u00ed, ke\u010f sa akcia rozbehne.<\/p>\n<h2>Terminol\u00f3gia online \u0161portov\u00e9ho st\u00e1vkovania<\/h2>\n<p>Najprv sa<strong>budete musie\u0165 obozn\u00e1mi\u0165 s niektorou terminol\u00f3giou pou\u017e\u00edvanou v \u0161portovom st\u00e1vkovan\u00ed<\/strong>. \u201e<a href=\"http:\/\/en.wikipedia.org\/wiki\/Handicapping\" target=\"_blank\" rel=\"noopener\">Handicap<\/a>\u201c je prv\u00fd term\u00edn, ktor\u00fd predstav\u00edm; znamen\u00e1 da\u0165 jedn\u00e9mu t\u00edmu alebo osobe v\u00fdhodu nad druh\u00fdm pred\u013a\u017een\u00edm jedn\u00e9ho z \u00faderov, g\u00f3lov, touchdownov alebo jednoducho bodov s\u00fapera, aby mal v\u00e4\u010d\u0161iu \u0161ancu vyrovna\u0165 sa jeho \u00farovni hry. Povedzme napr\u00edklad, \u017ee by som mal hra\u0165 basketbal s Michaelom Jordanom jeden na jedn\u00e9ho a prv\u00fd, kto z\u00edska 21 bodov, by vyhral. Mohol by som z\u00edska\u0165 18-bodov\u00fa v\u00fdhodu, \u010do by znamenalo, \u017ee on m\u00e1 18-bodov\u00fd handicap. Bude musie\u0165 z\u00edska\u0165 21 bodov predt\u00fdm, ako ja z\u00edskam 3 body, aby vyhral. Existuje mnoho pr\u00edkladov handicapu alebo \u201ebodov\u00fdch spreadov\u201c, ako sa to m\u00f4\u017ee tie\u017e naz\u00fdva\u0165. Pochopenie tohto princ\u00edpu je jedn\u00fdm z k\u013e\u00fa\u010dov k pochopeniu dobr\u00fdch st\u00e1vok v online \u0161portov\u00fdch st\u00e1vkach.<\/p>\n<h2>Poznajte svoju online st\u00e1vkov\u00fa kancel\u00e1riu<\/h2>\n<p><strong>\u0160portov\u00e9 st\u00e1vky, \u010di u\u017e online alebo na\u017eivo, sa zvy\u010dajne uzatv\u00e1raj\u00fa v takzvanej \u201est\u00e1vkovej kancel\u00e1rii\u201c.<\/strong> \u201eSt\u00e1vkov\u00e1 kancel\u00e1ria\u201c je zariadenie, ktor\u00e9 prij\u00edma st\u00e1vky, a bookmaker je osoba, ktor\u00e1 zvy\u010dajne stanovuje spread pre konkr\u00e9tne zariadenie. Proces stanovenia \u201espreadu\u201c na rozdiel od \u201eeven money\u201c (st\u00e1vka s kurzom 1:1) m\u00f4\u017ee by\u0165 ve\u013emi komplikovan\u00fd a m\u00f4\u017ee sa l\u00ed\u0161i\u0165 od jednej st\u00e1vkovej kancel\u00e1rie k druhej.<\/p>\n<h2>St\u00e1vkov\u00e1 kancel\u00e1ria Betonline \u2013 akceptuje \u0161portov\u00fdch fan\u00fa\u0161ikov z USA<\/h2>\n<p>Ke\u010f ste pripraven\u00ed na \u0161portov\u00e9 st\u00e1vkovanie, mus\u00edte si n\u00e1js\u0165 renomovan\u00e9 online kas\u00edno alebo st\u00e1vkov\u00fa kancel\u00e1riu, aby ste mohli uzatv\u00e1ra\u0165 st\u00e1vky. <a class=\"thirstylink\" title=\"Betonline casino en\" href=\"https:\/\/gambling6.com\/go\/betonline-casino-en\/\" target=\"_blank\" rel=\"nofollow noopener\">M\u00f4\u017eete si pozrie\u0165 st\u00e1vkov\u00fa kancel\u00e1riu Betonline<\/a>, je to zn\u00e1me online kas\u00edno s reput\u00e1ciou neuverite\u013enej bezpe\u010dnosti. Pon\u00fakaj\u00fa mnoho r\u00f4znych met\u00f3d vkladu a v\u00fdberu a mali by ste by\u0165 schopn\u00ed n\u00e1js\u0165 sp\u00f4sob, ako s nimi nalo\u017ei\u0165, aby vyhovovali va\u0161im osobn\u00fdm potreb\u00e1m.<\/p>\n<p>\u010eal\u0161ou skvelou alternat\u00edvou je 888 Casino \u2013 ich sekcia \u0161portov\u00fdch st\u00e1vok je jedna z najlep\u0161\u00edch. Okrem toho maj\u00fa aj skvel\u00fa pokrov\u00fa her\u0148u, absol\u00fatne najlep\u0161ie kas\u00ednov\u00e9 hry a dokonca aj veci ako bingo a stieracie \u017ereby.<\/p>\n<p>Jedinou nev\u00fdhodou 888 je, \u017ee neakceptuj\u00fa z\u00e1kazn\u00edkov zo Spojen\u00fdch \u0161t\u00e1tov. Ak ste v\u0161ak obyvate\u013eom inej krajiny, ur\u010dite by ste mali <a class=\"thirstylink\" title=\"888 casino en\" href=\"https:\/\/gambling6.com\/go\/888-casino-en\/\" target=\"_blank\" rel=\"nofollow noopener\">nav\u0161t\u00edvi\u0165 webov\u00fa str\u00e1nku 888 Casino &#8211; sta\u010d\u00ed klikn\u00fa\u0165 na tento odkaz.<\/a><\/p>\n<p>Vysk\u00fa\u0161ajte si to, ale o online \u0161portov\u00fdch st\u00e1vkach sa toho m\u00e1te ve\u013ea \u010do dozvedie\u0165. T\u00fato str\u00e1nku budeme na\u010falej aktualizova\u0165, aby ste sa mohli dozvedie\u0165 o kurzoch a faktoroch prispievaj\u00facich k v\u00fdsledkom ur\u010dit\u00fdch udalost\u00ed.<strong>Ak sa chcete sta\u0165 odborn\u00edkom na t\u00e9mu \u0161portov\u00fdch st\u00e1vok<\/strong>, ste na spr\u00e1vnom mieste. Pohodlne sa usa\u010fte a te\u0161te sa na z\u00e1bavu s online \u0161portov\u00fdmi st\u00e1vkami.<\/p>\n","protected":false},"excerpt":{"rendered":"<p>Z\u00e1klady \u0161portov\u00e9ho st\u00e1vkovania \u0160portov\u00e9 st\u00e1vkovanie, term\u00edn, ktor\u00fd vznikol jednoduchou kombin\u00e1ciou samotn\u00fdch popisn\u00fdch slov, je \u010dinnos\u0165ou predpovedania profesion\u00e1lnych a amat\u00e9rskych \u0161portov\u00fdch v\u00fdsledkov spolu s podaniem st\u00e1vky na v\u00fdsledok. Sportsbet je term\u00edn pou\u017e\u00edvan\u00fd na ozna\u010denie miesta, kde by sa niekto z\u00fa\u010dast\u0148oval \u0161portov\u00e9ho st\u00e1vkovania. Celkovo v USA nie je toto st\u00e1vkovanie leg\u00e1lne. V podstate existuj\u00fa iba \u0161tyri z [&hellip;]<\/p>\n","protected":false},"author":1,"featured_media":0,"parent":0,"menu_order":4,"comment_status":"closed","ping_status":"closed","template":"","meta":{"footnotes":""},"class_list":["post-9248","page","type-page","status-publish","hentry"],"yoast_head":"<!-- This site is optimized with the Yoast SEO plugin v27.5 - https:\/\/yoast.com\/product\/yoast-seo-wordpress\/ -->\n<title>\u00davod do online \u0161portov\u00fdch st\u00e1vok<\/title>\n<meta name=\"description\" content=\"Zozn\u00e1mte sa s niektorou terminol\u00f3giou pou\u017e\u00edvanou v online \u0161portov\u00fdch st\u00e1vkach.\" \/>\n<meta name=\"robots\" content=\"index, follow, max-snippet:-1, max-image-preview:large, max-video-preview:-1\" \/>\n<link rel=\"canonical\" href=\"https:\/\/gambling6.com\/sk\/stavkovanie-na-sporty\/\" \/>\n<meta property=\"og:locale\" content=\"sk_SK\" \/>\n<meta property=\"og:type\" content=\"article\" \/>\n<meta property=\"og:title\" content=\"\u00davod do online \u0161portov\u00fdch st\u00e1vok\" \/>\n<meta property=\"og:description\" content=\"Zozn\u00e1mte sa s niektorou terminol\u00f3giou pou\u017e\u00edvanou v online \u0161portov\u00fdch st\u00e1vkach.\" \/>\n<meta property=\"og:url\" content=\"https:\/\/gambling6.com\/sk\/stavkovanie-na-sporty\/\" \/>\n<meta property=\"og:site_name\" content=\"Gambling6\" \/>\n<meta property=\"article:modified_time\" content=\"2025-11-12T10:36:46+00:00\" \/>\n<meta name=\"twitter:card\" content=\"summary_large_image\" \/>\n<meta name=\"twitter:label1\" content=\"Predpokladan\u00fd \u010das \u010d\u00edtania\" \/>\n\t<meta name=\"twitter:data1\" content=\"4 min\u00faty\" \/>\n<script type=\"application\/ld+json\" class=\"yoast-schema-graph\">{\"@context\":\"https:\\\/\\\/schema.org\",\"@graph\":[{\"@type\":\"WebPage\",\"@id\":\"https:\\\/\\\/gambling6.com\\\/sk\\\/stavkovanie-na-sporty\\\/\",\"url\":\"https:\\\/\\\/gambling6.com\\\/sk\\\/stavkovanie-na-sporty\\\/\",\"name\":\"\u00davod do online \u0161portov\u00fdch st\u00e1vok\",\"isPartOf\":{\"@id\":\"https:\\\/\\\/gambling6.com\\\/sk\\\/#website\"},\"datePublished\":\"2025-11-10T12:35:57+00:00\",\"dateModified\":\"2025-11-12T10:36:46+00:00\",\"description\":\"Zozn\u00e1mte sa s niektorou terminol\u00f3giou pou\u017e\u00edvanou v online \u0161portov\u00fdch st\u00e1vkach.\",\"breadcrumb\":{\"@id\":\"https:\\\/\\\/gambling6.com\\\/sk\\\/stavkovanie-na-sporty\\\/#breadcrumb\"},\"inLanguage\":\"sk-SK\",\"potentialAction\":[{\"@type\":\"ReadAction\",\"target\":[\"https:\\\/\\\/gambling6.com\\\/sk\\\/stavkovanie-na-sporty\\\/\"]}]},{\"@type\":\"BreadcrumbList\",\"@id\":\"https:\\\/\\\/gambling6.com\\\/sk\\\/stavkovanie-na-sporty\\\/#breadcrumb\",\"itemListElement\":[{\"@type\":\"ListItem\",\"position\":1,\"name\":\"Home\",\"item\":\"https:\\\/\\\/gambling6.com\\\/sk\\\/home\\\/\"},{\"@type\":\"ListItem\",\"position\":2,\"name\":\"St\u00e1vkovanie na \u0161porty\"}]},{\"@type\":\"WebSite\",\"@id\":\"https:\\\/\\\/gambling6.com\\\/sk\\\/#website\",\"url\":\"https:\\\/\\\/gambling6.com\\\/sk\\\/\",\"name\":\"Gambling6\",\"description\":\"\",\"potentialAction\":[{\"@type\":\"SearchAction\",\"target\":{\"@type\":\"EntryPoint\",\"urlTemplate\":\"https:\\\/\\\/gambling6.com\\\/sk\\\/?s={search_term_string}\"},\"query-input\":{\"@type\":\"PropertyValueSpecification\",\"valueRequired\":true,\"valueName\":\"search_term_string\"}}],\"inLanguage\":\"sk-SK\"}]}<\/script>\n<!-- \/ Yoast SEO plugin. -->","yoast_head_json":{"title":"\u00davod do online \u0161portov\u00fdch st\u00e1vok","description":"Zozn\u00e1mte sa s niektorou terminol\u00f3giou pou\u017e\u00edvanou v online \u0161portov\u00fdch st\u00e1vkach.","robots":{"index":"index","follow":"follow","max-snippet":"max-snippet:-1","max-image-preview":"max-image-preview:large","max-video-preview":"max-video-preview:-1"},"canonical":"https:\/\/gambling6.com\/sk\/stavkovanie-na-sporty\/","og_locale":"sk_SK","og_type":"article","og_title":"\u00davod do online \u0161portov\u00fdch st\u00e1vok","og_description":"Zozn\u00e1mte sa s niektorou terminol\u00f3giou pou\u017e\u00edvanou v online \u0161portov\u00fdch st\u00e1vkach.","og_url":"https:\/\/gambling6.com\/sk\/stavkovanie-na-sporty\/","og_site_name":"Gambling6","article_modified_time":"2025-11-12T10:36:46+00:00","twitter_card":"summary_large_image","twitter_misc":{"Predpokladan\u00fd \u010das \u010d\u00edtania":"4 min\u00faty"},"schema":{"@context":"https:\/\/schema.org","@graph":[{"@type":"WebPage","@id":"https:\/\/gambling6.com\/sk\/stavkovanie-na-sporty\/","url":"https:\/\/gambling6.com\/sk\/stavkovanie-na-sporty\/","name":"\u00davod do online \u0161portov\u00fdch st\u00e1vok","isPartOf":{"@id":"https:\/\/gambling6.com\/sk\/#website"},"datePublished":"2025-11-10T12:35:57+00:00","dateModified":"2025-11-12T10:36:46+00:00","description":"Zozn\u00e1mte sa s niektorou terminol\u00f3giou pou\u017e\u00edvanou v online \u0161portov\u00fdch st\u00e1vkach.","breadcrumb":{"@id":"https:\/\/gambling6.com\/sk\/stavkovanie-na-sporty\/#breadcrumb"},"inLanguage":"sk-SK","potentialAction":[{"@type":"ReadAction","target":["https:\/\/gambling6.com\/sk\/stavkovanie-na-sporty\/"]}]},{"@type":"BreadcrumbList","@id":"https:\/\/gambling6.com\/sk\/stavkovanie-na-sporty\/#breadcrumb","itemListElement":[{"@type":"ListItem","position":1,"name":"Home","item":"https:\/\/gambling6.com\/sk\/home\/"},{"@type":"ListItem","position":2,"name":"St\u00e1vkovanie na \u0161porty"}]},{"@type":"WebSite","@id":"https:\/\/gambling6.com\/sk\/#website","url":"https:\/\/gambling6.com\/sk\/","name":"Gambling6","description":"","potentialAction":[{"@type":"SearchAction","target":{"@type":"EntryPoint","urlTemplate":"https:\/\/gambling6.com\/sk\/?s={search_term_string}"},"query-input":{"@type":"PropertyValueSpecification","valueRequired":true,"valueName":"search_term_string"}}],"inLanguage":"sk-SK"}]}},"_links":{"self":[{"href":"https:\/\/gambling6.com\/sk\/wp-json\/wp\/v2\/pages\/9248","targetHints":{"allow":["GET"]}}],"collection":[{"href":"https:\/\/gambling6.com\/sk\/wp-json\/wp\/v2\/pages"}],"about":[{"href":"https:\/\/gambling6.com\/sk\/wp-json\/wp\/v2\/types\/page"}],"author":[{"embeddable":true,"href":"https:\/\/gambling6.com\/sk\/wp-json\/wp\/v2\/users\/1"}],"replies":[{"embeddable":true,"href":"https:\/\/gambling6.com\/sk\/wp-json\/wp\/v2\/comments?post=9248"}],"version-history":[{"count":1,"href":"https:\/\/gambling6.com\/sk\/wp-json\/wp\/v2\/pages\/9248\/revisions"}],"predecessor-version":[{"id":10538,"href":"https:\/\/gambling6.com\/sk\/wp-json\/wp\/v2\/pages\/9248\/revisions\/10538"}],"wp:attachment":[{"href":"https:\/\/gambling6.com\/sk\/wp-json\/wp\/v2\/media?parent=9248"}],"curies":[{"name":"wp","href":"https:\/\/api.w.org\/{rel}","templated":true}]}}