{"id":9320,"date":"2025-11-10T20:12:03","date_gmt":"2025-11-10T20:12:03","guid":{"rendered":"https:\/\/gambling6.com\/loteria\/"},"modified":"2025-11-12T18:26:44","modified_gmt":"2025-11-12T18:26:44","slug":"loteria","status":"publish","type":"page","link":"https:\/\/gambling6.com\/sk\/loteria\/","title":{"rendered":"Loteria"},"content":{"rendered":"<h2>Loto sa st\u00e1va medzin\u00e1rodnou a online.<\/h2>\n<p>Hoci sa pova\u017euje za skvel\u00fa formu z\u00e1bavy, n\u00e1kup medzin\u00e1rodn\u00fdch lot\u00e9riov\u00fdch l\u00edstkov sa stal aj ve\u013ek\u00fdm biznisom. Hazardn\u00e9 hry vo v\u0161eobecnosti explodovali \u010diasto\u010dne v\u010faka vynikaj\u00facej publicite, ktor\u00fa poker z\u00edskal v m\u00e9di\u00e1ch, a \u010fal\u0161\u00ed \u00faspech sa pripisuje internetu. <strong>Hranie medzin\u00e1rodn\u00fdch lot\u00e9ri\u00ed a n\u00e1kup l\u00edstkov online zr\u00fdchlili rast jackpotov<\/strong> a mnoho \u013eud\u00ed teraz zaradilo hranie RedFoxLotto do svojho pr\u00edjmov\u00e9ho pl\u00e1nu.<\/p>\n<h2>Internet u\u013eah\u010duje n\u00e1kup lot\u00e9riov\u00fdch l\u00edstkov.<\/h2>\n<p>Internet zmenil na\u0161e \u017eivoty v mnoh\u00fdch oh\u013eadoch; ur\u010dite zmen\u0161il svet. Denne sa v mnoh\u00fdch krajin\u00e1ch sveta hraj\u00fa stovky lot\u00e9ri\u00ed. V\u00e4\u010d\u0161ina n\u00e1rodn\u00fdch \u017erebovan\u00ed, vr\u00e1tane t\u00fdch s v\u00e4\u010d\u0161\u00edmi jackpotmi, je spr\u00edstupnen\u00e1 \u013eu\u010fom, ktor\u00ed si kupuj\u00fa lot\u00e9riov\u00e9 l\u00edstky medzin\u00e1rodne. <strong>Ve\u013ek\u00e9 svetov\u00e9 lot\u00e9rie, ako napr\u00edklad Mega Millions v Spojen\u00fdch \u0161t\u00e1toch a Powerball z USA aj Austr\u00e1lie, umo\u017e\u0148uj\u00fa n\u00e1kup tiketov online prostredn\u00edctvom n\u00e1\u0161ho partnera RedFoxLotto.<\/strong><img loading=\"lazy\" decoding=\"async\" class=\" alignright size-full wp-image-437\" style=\"margin: 10px; border: 5px none #ffffff; float: right;\" src=\"http:\/\/gambling6.com\/wp-content\/uploads\/2013\/12\/International-Community-150x150.jpg\" alt=\"Medzin\u00e1rodn\u00e9 lot\u00e9rie online\" width=\"150\" height=\"150\" \/><\/p>\n<h2>K\u00fapi\u0165 tikety lot\u00e9rie 24 hod\u00edn denne, 7 dn\u00ed v t\u00fd\u017edni<\/h2>\n<p>V dne\u0161nom technologickom svete si m\u00f4\u017eeme k\u00fapi\u0165 tikety mnoh\u00fdch medzin\u00e1rodn\u00fdch lot\u00e9ri\u00ed 24 hod\u00edn denne, 365 dn\u00ed v t\u00fd\u017edni. V\u010faka internetu si m\u00f4\u017eeme tieto tikety k\u00fapi\u0165 bez toho, aby sme museli be\u017ea\u0165 k predajcom lot\u00e9ri\u00ed alebo st\u00e1\u0165 v rade. M\u00f4\u017eeme si n\u00e1js\u0165 \u010das na v\u00fdber va\u0161ich \u010d\u00edsel a pou\u017ei\u0165 r\u00f4zne n\u00e1stroje, ktor\u00e9 m\u00e1te k dispoz\u00edcii. Jednoduchos\u0165 hrania medzin\u00e1rodn\u00fdch lot\u00e9ri\u00ed zv\u00fd\u0161ila jackpoty a viac\u00farov\u0148ov\u00e9 v\u00fdhry na rekordn\u00e9 \u00farovne. \u00darovne v\u00fdhier viedli mnoh\u00fdch k vybudovaniu podnikania s hran\u00edm RedFoxLotto online.<\/p>\n<h2>N\u00e1kup lot\u00e9riov\u00fdch l\u00edstkov online je bezpe\u010dn\u00fd.<\/h2>\n<p>S na\u0161\u00edm partnerom RedFoxLotto je n\u00e1kup l\u00edstkov na medzin\u00e1rodn\u00e9 lot\u00e9rie bezpe\u010dn\u00fd a jednoduch\u00fd. Najprv si budete musie\u0165 otvori\u0165 \u00fa\u010det. Pri otv\u00e1ran\u00ed \u00fa\u010dtu budete po\u017eiadan\u00ed o poskytnutie osobn\u00fdch \u00fadajov. Uistite sa, \u017ee zad\u00e1te aktu\u00e1lne a spr\u00e1vne inform\u00e1cie pre svoj \u00fa\u010det, aby bolo mo\u017en\u00e9 overi\u0165 va\u0161u toto\u017enos\u0165, ke\u010f vyhr\u00e1te ve\u013ek\u00fd jackpot. Inform\u00e1cie, ktor\u00e9 zad\u00e1te a odo\u0161lete, s\u00fa chr\u00e1nen\u00e9 256-bitov\u00fdm \u0161ifrovan\u00edm a bezpe\u010dn\u00fd hosting zabezpe\u010duje, \u017ee zostan\u00fa s\u00fakromn\u00e9 \u200b\u200ba bud\u00fa pou\u017eit\u00e9 iba na \u00fa\u010dely uveden\u00e9 na webovej str\u00e1nke.<\/p>\n<h2>Met\u00f3dy online bankovn\u00edctva na v\u00fdhru v RedFoxLotto<\/h2>\n<p>Na n\u00e1kup l\u00edstkov m\u00f4\u017eete pou\u017ei\u0165 karty ako Visa, MasterCard a Visa debet. K dispoz\u00edcii je nieko\u013eko \u010fal\u0161\u00edch sp\u00f4sobov platby, ako s\u00fa bankov\u00e9 prevody a krypto platby. Ak v\u0161ak dosiahnete v\u00fdznamn\u00fa v\u00fdhru, budete si musie\u0165 zalo\u017ei\u0165 bankov\u00fd \u00fa\u010det, aby v\u00e1m mohli by\u0165 v\u00fdhry preveden\u00e9. Bezpe\u010dn\u00e9 prostredie z neho rob\u00ed ide\u00e1lnu vo\u013ebu pre hranie medzin\u00e1rodn\u00fdch lot\u00e9ri\u00ed a prij\u00edmanie v\u00fdhier.<\/p>\n<h2>N\u00e1kup lot\u00e9riov\u00fdch l\u00edstkov online m\u00e1 svoje v\u00fdhody.<\/h2>\n<p>\u010eal\u0161ou v\u00fdhodou n\u00e1kupu lot\u00e9riov\u00fdch l\u00edstkov online je, \u017ee je k dispoz\u00edcii ve\u013ea n\u00e1strojov, ktor\u00e9 v\u00e1m pom\u00f4\u017eu analyzova\u0165 \u010d\u00edsla pre v\u00e4\u010d\u0161inu ve\u013ek\u00fdch medzin\u00e1rodn\u00fdch \u017erebovan\u00ed. Online lot\u00e9riov\u00e9 n\u00e1stroje v\u00e1m umo\u017e\u0148uj\u00fa zobrazi\u0165 naj\u010dastej\u0161ie \u010d\u00edsla, najmenej \u010dast\u00e9 \u010d\u00edsla a hist\u00f3riu \u017erebovan\u00ed lot\u00e9ri\u00ed na celom svete. Tieto inform\u00e1cie v\u00e1m d\u00e1vaj\u00fa v\u00fdhodu pri n\u00e1kupe l\u00edstkov a m\u00f4\u017eu posilni\u0165 v\u00e1\u0161 bankov\u00fd \u00fa\u010det viac\u00farov\u0148ov\u00fdmi v\u00fdhrami.<\/p>\n<p>Hranie na RedFoxLotto m\u00f4\u017ee by\u0165 z\u00e1bavn\u00e9 a ziskov\u00e9. Za\u010dnite hra\u0165 medzin\u00e1rodn\u00e9 lot\u00e9rie e\u0161te dnes. <a class=\"thirstylink\" title=\"Redfoxlotto\" href=\"https:\/\/gambling6.com\/go\/redfoxlotto\/\" target=\"_blank\" rel=\"nofollow noopener\">Ak si chcete k\u00fapi\u0165 medzin\u00e1rodn\u00e9 lot\u00e9riov\u00e9 l\u00edstky online, nav\u0161t\u00edvte n\u00e1\u0161ho partnera RedFoxLotto.<\/a><\/p>\n<h2>Mus\u00edte by\u0165 rezidentom, aby ste mohli hra\u0165 medzin\u00e1rodn\u00fa lot\u00e9riu?<\/h2>\n<p>Jednoduch\u00e1 odpove\u010f znie: nie, nemus\u00edte! Ak ste \u010d\u00edtali \u010dl\u00e1nky na internete alebo v novin\u00e1ch o \u013eu\u010foch, ktor\u00ed vyhrali multimili\u00f3nov\u00e9 jackpoty, mo\u017eno ste si pomysleli: \u201ePre\u010do nem\u00f4\u017eem vysk\u00fa\u0161a\u0165 jednu z t\u00fdchto lot\u00e9ri\u00ed?\u201c Teraz u\u017e nie je probl\u00e9m, \u017ee nie ste rezidentom krajiny, kde sa jackpotov\u00e1 lot\u00e9ria \u017erebuje.<\/p>\n<p>M\u00f4\u017eete z\u00edska\u0165 l\u00edstok na ak\u00fdko\u013evek lot\u00e9riov\u00fd jackpot, ktor\u00fd chcete vyhra\u0165, preto\u017ee s\u00fa dostupn\u00e9 online pre kohoko\u013evek na svete. T\u00e1to webov\u00e1 str\u00e1nka v\u00e1m pom\u00f4\u017ee k\u00fapi\u0165 si online lot\u00e9riov\u00fd l\u00edstok na najv\u00fdznamnej\u0161ie medzin\u00e1rodn\u00e9 jackpoty. A postup nem\u00f4\u017ee by\u0165 jednoduch\u0161\u00ed. Kliknite na odkaz vy\u0161\u0161ie a vyberte si lot\u00e9riu. Budete presmerovan\u00ed na str\u00e1nku, kde si m\u00f4\u017eete sami vybra\u0165 svoje ob\u013e\u00faben\u00e9 \u010d\u00edsla pre dan\u00fa lot\u00e9riu alebo necha\u0165 po\u010d\u00edta\u010d n\u00e1hodne vybra\u0165 \u010d\u00edsla za v\u00e1s.<\/p>\n<p>Potom zaplat\u00edte online prostredn\u00edctvom mo\u017enosti platby, ktor\u00e1 v\u00e1m najviac vyhovuje. Medzi tieto sp\u00f4soby platby patria popul\u00e1rne a bezpe\u010dn\u00e9 rie\u0161enia elektronick\u00fdch pe\u0148a\u017eeniek, ako je Skrill, a dokonca aj kryptomena. Samozrejme, m\u00f4\u017eete si vybra\u0165 aj najob\u013e\u00fabenej\u0161iu mo\u017enos\u0165: platbu kreditnou kartou.<\/p>\n<p><strong>\u010co sa stane \u010falej \u2013 ako z\u00edskam svoj online lot\u00e9riov\u00fd tiket?<\/strong> Funguje to ako kuri\u00e9rska slu\u017eba \u2013 v\u00e1\u0161 online lot\u00e9riov\u00fd tiket budebud\u00fa zak\u00fapen\u00e9 na va\u0161e meno, potom naskenovan\u00e9 a nahran\u00e9 do v\u00e1\u0161ho \u00fa\u010dtu.<\/p>\n<p>V\u0161etko, \u010do mus\u00edte urobi\u0165, je pohodlne sa usadi\u0165 a \u010daka\u0165 na \u017erebovanie, skontrolova\u0165 si \u010d\u00edsla a zisti\u0165, ko\u013eko ste vyhrali. Ak vyhr\u00e1te sumu ni\u017e\u0161iu ako 2 000 \u20ac, peniaze bud\u00fa prip\u00edsan\u00e9 na v\u00e1\u0161 z\u00e1kazn\u00edcky \u00fa\u010det. Pre vy\u0161\u0161ie sumy predpisy RedFoxLotto vy\u017eaduj\u00fa, aby ste vyplnili formul\u00e1r \u017eiadosti, ktor\u00fd poskytuje webov\u00e1 str\u00e1nka. Post\u00fapia ho pr\u00edslu\u0161nej lot\u00e9riovej komisii vo va\u0161om mene a sk\u00f4r, ako sa nazd\u00e1te, m\u00e1te po\u0161tou \u0161ek! <a class=\"thirstylink\" title=\"Redfoxlotto\" href=\"https:\/\/gambling6.com\/go\/redfoxlotto\/\" target=\"_blank\" rel=\"nofollow noopener\">K\u00fapte si lot\u00e9riov\u00e9 tikety e\u0161te dnes na RedFoxLotto!<\/a><\/p>\n<p>&nbsp;<\/p>\n","protected":false},"excerpt":{"rendered":"<p>Loto sa st\u00e1va medzin\u00e1rodnou a online. Hoci sa pova\u017euje za skvel\u00fa formu z\u00e1bavy, n\u00e1kup medzin\u00e1rodn\u00fdch lot\u00e9riov\u00fdch l\u00edstkov sa stal aj ve\u013ek\u00fdm biznisom. Hazardn\u00e9 hry vo v\u0161eobecnosti explodovali \u010diasto\u010dne v\u010faka vynikaj\u00facej publicite, ktor\u00fa poker z\u00edskal v m\u00e9di\u00e1ch, a \u010fal\u0161\u00ed \u00faspech sa pripisuje internetu. Hranie medzin\u00e1rodn\u00fdch lot\u00e9ri\u00ed a n\u00e1kup l\u00edstkov online zr\u00fdchlili rast jackpotov a mnoho \u013eud\u00ed [&hellip;]<\/p>\n","protected":false},"author":1,"featured_media":9293,"parent":0,"menu_order":8,"comment_status":"closed","ping_status":"closed","template":"","meta":{"footnotes":""},"class_list":["post-9320","page","type-page","status-publish","has-post-thumbnail","hentry"],"yoast_head":"<!-- This site is optimized with the Yoast SEO plugin v27.4 - https:\/\/yoast.com\/product\/yoast-seo-wordpress\/ -->\n<title>N\u00e1kup medzin\u00e1rodn\u00fdch lot\u00e9riov\u00fdch l\u00edstkov online<\/title>\n<meta name=\"description\" content=\"N\u00e1kup l\u00edstkov na medzin\u00e1rodn\u00e9 lot\u00e9rie online je jednoduch\u00fd. Bez oh\u013eadu na to, kde b\u00fdvate, z\u00fa\u010dastnite sa ktorejko\u013evek z najlep\u0161\u00edch lot\u00e9ri\u00ed na svete.\" \/>\n<meta name=\"robots\" content=\"index, follow, max-snippet:-1, max-image-preview:large, max-video-preview:-1\" \/>\n<link rel=\"canonical\" href=\"https:\/\/gambling6.com\/sk\/loteria\/\" \/>\n<meta property=\"og:locale\" content=\"sk_SK\" \/>\n<meta property=\"og:type\" content=\"article\" \/>\n<meta property=\"og:title\" content=\"N\u00e1kup medzin\u00e1rodn\u00fdch lot\u00e9riov\u00fdch l\u00edstkov online\" \/>\n<meta property=\"og:description\" content=\"N\u00e1kup l\u00edstkov na medzin\u00e1rodn\u00e9 lot\u00e9rie online je jednoduch\u00fd. Bez oh\u013eadu na to, kde b\u00fdvate, z\u00fa\u010dastnite sa ktorejko\u013evek z najlep\u0161\u00edch lot\u00e9ri\u00ed na svete.\" \/>\n<meta property=\"og:url\" content=\"https:\/\/gambling6.com\/sk\/loteria\/\" \/>\n<meta property=\"og:site_name\" content=\"Gambling6\" \/>\n<meta property=\"article:modified_time\" content=\"2025-11-12T18:26:44+00:00\" \/>\n<meta property=\"og:image\" content=\"https:\/\/gambling6.com\/wp-content\/uploads\/2013\/12\/International-Community-150x150.jpg\" \/>\n\t<meta property=\"og:image:width\" content=\"150\" \/>\n\t<meta property=\"og:image:height\" content=\"150\" \/>\n\t<meta property=\"og:image:type\" content=\"image\/jpeg\" \/>\n<meta name=\"twitter:card\" content=\"summary_large_image\" \/>\n<meta name=\"twitter:label1\" content=\"Predpokladan\u00fd \u010das \u010d\u00edtania\" \/>\n\t<meta name=\"twitter:data1\" content=\"5 min\u00fat\" \/>\n<script type=\"application\/ld+json\" class=\"yoast-schema-graph\">{\"@context\":\"https:\\\/\\\/schema.org\",\"@graph\":[{\"@type\":\"WebPage\",\"@id\":\"https:\\\/\\\/gambling6.com\\\/sk\\\/loteria\\\/\",\"url\":\"https:\\\/\\\/gambling6.com\\\/sk\\\/loteria\\\/\",\"name\":\"N\u00e1kup medzin\u00e1rodn\u00fdch lot\u00e9riov\u00fdch l\u00edstkov online\",\"isPartOf\":{\"@id\":\"https:\\\/\\\/gambling6.com\\\/sk\\\/#website\"},\"primaryImageOfPage\":{\"@id\":\"https:\\\/\\\/gambling6.com\\\/sk\\\/loteria\\\/#primaryimage\"},\"image\":{\"@id\":\"https:\\\/\\\/gambling6.com\\\/sk\\\/loteria\\\/#primaryimage\"},\"thumbnailUrl\":\"https:\\\/\\\/gambling6.com\\\/wp-content\\\/uploads\\\/2013\\\/12\\\/International-Community-150x150.jpg\",\"datePublished\":\"2025-11-10T20:12:03+00:00\",\"dateModified\":\"2025-11-12T18:26:44+00:00\",\"description\":\"N\u00e1kup l\u00edstkov na medzin\u00e1rodn\u00e9 lot\u00e9rie online je jednoduch\u00fd. Bez oh\u013eadu na to, kde b\u00fdvate, z\u00fa\u010dastnite sa ktorejko\u013evek z najlep\u0161\u00edch lot\u00e9ri\u00ed na svete.\",\"breadcrumb\":{\"@id\":\"https:\\\/\\\/gambling6.com\\\/sk\\\/loteria\\\/#breadcrumb\"},\"inLanguage\":\"sk-SK\",\"potentialAction\":[{\"@type\":\"ReadAction\",\"target\":[\"https:\\\/\\\/gambling6.com\\\/sk\\\/loteria\\\/\"]}]},{\"@type\":\"ImageObject\",\"inLanguage\":\"sk-SK\",\"@id\":\"https:\\\/\\\/gambling6.com\\\/sk\\\/loteria\\\/#primaryimage\",\"url\":\"https:\\\/\\\/gambling6.com\\\/wp-content\\\/uploads\\\/2013\\\/12\\\/International-Community-150x150.jpg\",\"contentUrl\":\"https:\\\/\\\/gambling6.com\\\/wp-content\\\/uploads\\\/2013\\\/12\\\/International-Community-150x150.jpg\",\"width\":150,\"height\":150},{\"@type\":\"BreadcrumbList\",\"@id\":\"https:\\\/\\\/gambling6.com\\\/sk\\\/loteria\\\/#breadcrumb\",\"itemListElement\":[{\"@type\":\"ListItem\",\"position\":1,\"name\":\"Home\",\"item\":\"https:\\\/\\\/gambling6.com\\\/sk\\\/home\\\/\"},{\"@type\":\"ListItem\",\"position\":2,\"name\":\"Loteria\"}]},{\"@type\":\"WebSite\",\"@id\":\"https:\\\/\\\/gambling6.com\\\/sk\\\/#website\",\"url\":\"https:\\\/\\\/gambling6.com\\\/sk\\\/\",\"name\":\"Gambling6\",\"description\":\"\",\"potentialAction\":[{\"@type\":\"SearchAction\",\"target\":{\"@type\":\"EntryPoint\",\"urlTemplate\":\"https:\\\/\\\/gambling6.com\\\/sk\\\/?s={search_term_string}\"},\"query-input\":{\"@type\":\"PropertyValueSpecification\",\"valueRequired\":true,\"valueName\":\"search_term_string\"}}],\"inLanguage\":\"sk-SK\"}]}<\/script>\n<!-- \/ Yoast SEO plugin. -->","yoast_head_json":{"title":"N\u00e1kup medzin\u00e1rodn\u00fdch lot\u00e9riov\u00fdch l\u00edstkov online","description":"N\u00e1kup l\u00edstkov na medzin\u00e1rodn\u00e9 lot\u00e9rie online je jednoduch\u00fd. Bez oh\u013eadu na to, kde b\u00fdvate, z\u00fa\u010dastnite sa ktorejko\u013evek z najlep\u0161\u00edch lot\u00e9ri\u00ed na svete.","robots":{"index":"index","follow":"follow","max-snippet":"max-snippet:-1","max-image-preview":"max-image-preview:large","max-video-preview":"max-video-preview:-1"},"canonical":"https:\/\/gambling6.com\/sk\/loteria\/","og_locale":"sk_SK","og_type":"article","og_title":"N\u00e1kup medzin\u00e1rodn\u00fdch lot\u00e9riov\u00fdch l\u00edstkov online","og_description":"N\u00e1kup l\u00edstkov na medzin\u00e1rodn\u00e9 lot\u00e9rie online je jednoduch\u00fd. Bez oh\u013eadu na to, kde b\u00fdvate, z\u00fa\u010dastnite sa ktorejko\u013evek z najlep\u0161\u00edch lot\u00e9ri\u00ed na svete.","og_url":"https:\/\/gambling6.com\/sk\/loteria\/","og_site_name":"Gambling6","article_modified_time":"2025-11-12T18:26:44+00:00","og_image":[{"width":150,"height":150,"url":"https:\/\/gambling6.com\/wp-content\/uploads\/2013\/12\/International-Community-150x150.jpg","type":"image\/jpeg"}],"twitter_card":"summary_large_image","twitter_misc":{"Predpokladan\u00fd \u010das \u010d\u00edtania":"5 min\u00fat"},"schema":{"@context":"https:\/\/schema.org","@graph":[{"@type":"WebPage","@id":"https:\/\/gambling6.com\/sk\/loteria\/","url":"https:\/\/gambling6.com\/sk\/loteria\/","name":"N\u00e1kup medzin\u00e1rodn\u00fdch lot\u00e9riov\u00fdch l\u00edstkov online","isPartOf":{"@id":"https:\/\/gambling6.com\/sk\/#website"},"primaryImageOfPage":{"@id":"https:\/\/gambling6.com\/sk\/loteria\/#primaryimage"},"image":{"@id":"https:\/\/gambling6.com\/sk\/loteria\/#primaryimage"},"thumbnailUrl":"https:\/\/gambling6.com\/wp-content\/uploads\/2013\/12\/International-Community-150x150.jpg","datePublished":"2025-11-10T20:12:03+00:00","dateModified":"2025-11-12T18:26:44+00:00","description":"N\u00e1kup l\u00edstkov na medzin\u00e1rodn\u00e9 lot\u00e9rie online je jednoduch\u00fd. Bez oh\u013eadu na to, kde b\u00fdvate, z\u00fa\u010dastnite sa ktorejko\u013evek z najlep\u0161\u00edch lot\u00e9ri\u00ed na svete.","breadcrumb":{"@id":"https:\/\/gambling6.com\/sk\/loteria\/#breadcrumb"},"inLanguage":"sk-SK","potentialAction":[{"@type":"ReadAction","target":["https:\/\/gambling6.com\/sk\/loteria\/"]}]},{"@type":"ImageObject","inLanguage":"sk-SK","@id":"https:\/\/gambling6.com\/sk\/loteria\/#primaryimage","url":"https:\/\/gambling6.com\/wp-content\/uploads\/2013\/12\/International-Community-150x150.jpg","contentUrl":"https:\/\/gambling6.com\/wp-content\/uploads\/2013\/12\/International-Community-150x150.jpg","width":150,"height":150},{"@type":"BreadcrumbList","@id":"https:\/\/gambling6.com\/sk\/loteria\/#breadcrumb","itemListElement":[{"@type":"ListItem","position":1,"name":"Home","item":"https:\/\/gambling6.com\/sk\/home\/"},{"@type":"ListItem","position":2,"name":"Loteria"}]},{"@type":"WebSite","@id":"https:\/\/gambling6.com\/sk\/#website","url":"https:\/\/gambling6.com\/sk\/","name":"Gambling6","description":"","potentialAction":[{"@type":"SearchAction","target":{"@type":"EntryPoint","urlTemplate":"https:\/\/gambling6.com\/sk\/?s={search_term_string}"},"query-input":{"@type":"PropertyValueSpecification","valueRequired":true,"valueName":"search_term_string"}}],"inLanguage":"sk-SK"}]}},"_links":{"self":[{"href":"https:\/\/gambling6.com\/sk\/wp-json\/wp\/v2\/pages\/9320","targetHints":{"allow":["GET"]}}],"collection":[{"href":"https:\/\/gambling6.com\/sk\/wp-json\/wp\/v2\/pages"}],"about":[{"href":"https:\/\/gambling6.com\/sk\/wp-json\/wp\/v2\/types\/page"}],"author":[{"embeddable":true,"href":"https:\/\/gambling6.com\/sk\/wp-json\/wp\/v2\/users\/1"}],"replies":[{"embeddable":true,"href":"https:\/\/gambling6.com\/sk\/wp-json\/wp\/v2\/comments?post=9320"}],"version-history":[{"count":1,"href":"https:\/\/gambling6.com\/sk\/wp-json\/wp\/v2\/pages\/9320\/revisions"}],"predecessor-version":[{"id":10740,"href":"https:\/\/gambling6.com\/sk\/wp-json\/wp\/v2\/pages\/9320\/revisions\/10740"}],"wp:featuredmedia":[{"embeddable":true,"href":"https:\/\/gambling6.com\/sk\/wp-json\/wp\/v2\/media\/9293"}],"wp:attachment":[{"href":"https:\/\/gambling6.com\/sk\/wp-json\/wp\/v2\/media?parent=9320"}],"curies":[{"name":"wp","href":"https:\/\/api.w.org\/{rel}","templated":true}]}}