{"id":9368,"date":"2025-11-10T20:57:24","date_gmt":"2025-11-10T20:57:24","guid":{"rendered":"https:\/\/gambling6.com\/loteria\/ziskajte-online-listky-na-loteriu-mega-millions\/"},"modified":"2025-11-10T20:57:24","modified_gmt":"2025-11-10T20:57:24","slug":"ziskajte-online-listky-na-loteriu-mega-millions","status":"publish","type":"page","link":"https:\/\/gambling6.com\/sk\/loteria\/ziskajte-online-listky-na-loteriu-mega-millions\/","title":{"rendered":"Z\u00edskajte online l\u00edstky na lot\u00e9riu Mega Millions"},"content":{"rendered":"<h2>\u017detony do lot\u00e9rie Mega Millions dostupn\u00e9 odkia\u013eko\u013evek na svete<\/h2>\n<p>Neuverite\u013en\u00e9 mno\u017estvo \u013eud\u00ed si ka\u017ed\u00fd de\u0148 kupuje \u017ereby, a to ako v Severnej Amerike, tak aj po celom svete. V\u00e4\u010d\u0161ina \u00fa\u010dastn\u00edkov lot\u00e9rie si dobre uvedomuje, \u017ee ich \u0161anca na skuto\u010dn\u00fa v\u00fdhru jackpotu je ve\u013emi mal\u00e1. <strong>Napriek tomu, v\u010faka mo\u017enosti\u00a0<\/strong><span style=\"box-sizing: border-box; margin: 0px; padding: 0px;\"><strong>k\u00fapi\u0165 si \u017ereby online do lot\u00e9rie Mega Millions, \u013eudia denne pobehuj\u00fa k svojim po\u010d\u00edta\u010dom<\/strong>, prihlasuj\u00fa sa na n\u00e1\u0161 partner RedFoxLotto.com a kupuj\u00fa si \u017ereby <\/span>do gigantickej lot\u00e9rie Mega Millions so s\u00eddlom v USA.<img loading=\"lazy\" decoding=\"async\" class=\" alignright wp-image-544\" style=\"margin: 10px; border: 5px solid #ffffff; float: right;\" src=\"http:\/\/gambling6.com\/wp-content\/uploads\/2013\/12\/get-mega-millions-tickets-online.png\" alt=\"va\u0161e tikety Megamillions online\" width=\"297\" height=\"163\" srcset=\"https:\/\/gambling6.com\/wp-content\/uploads\/2013\/12\/get-mega-millions-tickets-online.png 388w, https:\/\/gambling6.com\/wp-content\/uploads\/2013\/12\/get-mega-millions-tickets-online-300x165.png 300w\" sizes=\"auto, (max-width: 297px) 100vw, 297px\" \/><\/p>\n<h2>Ak chcete vyhra\u0165, mus\u00edte si zaobstara\u0165 tikety online.<\/h2>\n<p>Mnoho \u013eud\u00ed by rad\u0161ej malou \u0161ancu na v\u00fdhru ako \u017eiadnu. Ako sa hovor\u00ed: \u201ebez tiketu nem\u00f4\u017eete vyhra\u0165\u201c. T\u00e1to fr\u00e1za mnoh\u00fdm \u013eu\u010fom utkvela v pam\u00e4ti a ke\u010f\u017ee ich ka\u017ed\u00fd de\u0148 zaplavuj\u00fa obr\u00e1zky lot\u00e9rie, je ve\u013emi pravdepodobn\u00e9, \u017ee si tikety k\u00fapia online. Internet umo\u017enil \u013eu\u010fom na celom svete zak\u00fapi\u0165 si tikety na ka\u017ed\u00e9 \u017erebovanie lot\u00e9rie. Ke\u010f\u017ee Mega Millions je jedn\u00fdm z najv\u00e4\u010d\u0161\u00edch \u017erebovan\u00ed na svete, jednoducho d\u00e1va zmysel, \u017ee \u013eudia sa hrn\u00fa do n\u00e1kupu tiketov online.<\/p>\n<p>Ak chcete z\u00edska\u0165 svoj tiket, <a class=\"thirstylink\" title=\"Redfoxlotto\" href=\"https:\/\/gambling6.com\/go\/redfoxlotto\/\" target=\"_blank\" rel=\"nofollow noopener\">kliknite sem a nav\u0161t\u00edvte str\u00e1nku RedFoxLotto.com<\/a>, vynikaj\u00facu slu\u017ebu na zasielanie lot\u00e9riov\u00fdch tiketov, kde si m\u00f4\u017eete k\u00fapi\u0165 tikety s najv\u00fdznamnej\u0161\u00edmi jackpotmi z cel\u00e9ho sveta.<\/p>\n<h2>Na online kupuj\u00facich \u010dakaj\u00fa mo\u017enosti, ktor\u00e9 im zmenia \u017eivot.<\/h2>\n<p>Je d\u00f4le\u017eit\u00e9 poznamena\u0165, \u017ee \u013eudia si kupuj\u00fa online tikety do lot\u00e9rie Mega Millions, aby sa pok\u00fasili zmeni\u0165 svoj \u017eivot. Ke\u010f po\u010duj\u00fa v\u00fdsledky, \u017ee hlavn\u00fa cenu vyhral p\u00e1r z Tunkhannocku v Pensylv\u00e1nii, s\u00fa sklaman\u00ed a ani si svoje tikety nekontroluj\u00fa.<\/p>\n<h2>Online tikety Mega Millions a Powerball s\u00fa najob\u013e\u00fabenej\u0161ie.<\/h2>\n<p>Dve lot\u00e9rie v USA, a to Megamillions a Powerball, s\u00fa skuto\u010dne najv\u00e4\u010d\u0161\u00edmi lot\u00e9riami produkuj\u00facimi jackpoty na svete. Nie je preto prekvapuj\u00face, \u017ee online predaj l\u00edstkov na tieto dva giganty ka\u017ed\u00fd t\u00fd\u017ede\u0148 st\u00fapa do nov\u00fdch v\u00fd\u0161in. Z\u00edskanie l\u00edstkov na Mega Millions online pravidelne prin\u00e1\u0161a jackpoty na mimoriadne \u00farovne.<\/p>\n<h2>\u00da\u017easn\u00e9 jackpoty Mega Millions v roku 2013 sa bl\u00ed\u017eia k rekordn\u00fdm<\/h2>\n<table style=\"width: 500px;\" border=\"1\" cellspacing=\"5\" cellpadding=\"5\" align=\"center\">\n<tbody>\n<tr>\n<td colspan=\"3\" align=\"center\">P\u00e4\u0165 najv\u00e4\u010d\u0161\u00edch jackpotov za rok 2013<\/td>\n<\/tr>\n<tr>\n<td>\u017drebovanie<\/td>\n<td align=\"center\">D\u00e1tum<\/td>\n<td align=\"center\">Jackpot (USD)<\/td>\n<\/tr>\n<tr>\n<td>Mega Millions &#8211; USA<\/td>\n<td align=\"center\">17. decembra 2013<\/td>\n<td align=\"right\">636 000 000 USD<\/td>\n<\/tr>\n<tr>\n<td>Mega Millions &#8211; USA<\/td>\n<td align=\"center\">17. m\u00e1ja 2013<\/td>\n<td align=\"right\">190 000 000 USD<\/td>\n<\/tr>\n<tr>\n<td>Mega Millions &#8211; USA<\/td>\n<td align=\"center\">1. okt\u00f3bra 2013<\/td>\n<td align=\"right\">189 000 000 USD<\/td>\n<\/tr>\n<tr>\n<td>Mega Millions &#8211; USA<\/td>\n<td align=\"center\">25. janu\u00e1ra 2013<\/td>\n<td align=\"right\">89 000 000 USD<\/td>\n<\/tr>\n<tr>\n<td>Mega Millions &#8211; USA<\/td>\n<td align=\"center\">5. j\u00fala 2013<\/td>\n<td align=\"right\">79 000 000 USD<\/td>\n<\/tr>\n<\/tbody>\n<\/table>\n<h2>\u00a0Ve\u013ea cien za online tiket Mega Millions dr\u017eitelia<\/h2>\n<table style=\"width: 500px;\" border=\"1\" cellspacing=\"5\" cellpadding=\"5\" align=\"center\">\n<tbody>\n<tr>\n<td colspan=\"3\" align=\"center\">\u00darovne v\u00fdhier v lot\u00e9rii Mega Millions<\/td>\n<\/tr>\n<tr>\n<td>Cena<\/td>\n<td align=\"center\">Z\u00e1pasy<\/td>\n<td align=\"center\">Kurzy<\/td>\n<\/tr>\n<tr>\n<td>1. (Jackpot)<\/td>\n<td align=\"center\">5 + 1<\/td>\n<td align=\"right\">175 711 538 : 1<\/td>\n<\/tr>\n<tr>\n<td>2.<\/td>\n<td align=\"center\">5<\/td>\n<td align=\"right\">3 904 701 : 1<\/td>\n<\/tr>\n<tr>\n<td>3.<\/td>\n<td align=\"center\">4 + 1<\/td>\n<td align=\"right\">689 065 : 1<\/td>\n<\/tr>\n<tr>\n<td>4.<\/td>\n<td align=\"center\">4<\/td>\n<td align=\"right\">15 313 \u200b\u200b: 1<\/td>\n<\/tr>\n<tr>\n<td>5.<\/td>\n<td align=\"center\">3 + 1<\/td>\n<td align=\"right\">13 781 : 1<\/td>\n<\/tr>\n<tr>\n<td>6.<\/td>\n<td align=\"center\">2 + 1<\/td>\n<td align=\"right\">844 : 1<\/td>\n<\/tr>\n<tr>\n<td>7.<\/td>\n<td align=\"center\">3<\/td>\n<td align=\"right\">360 : 1<\/td>\n<\/tr>\n<tr>\n<td>8.<\/td>\n<td align=\"center\">1 + 1<\/td>\n<td align=\"right\">141 : 1<\/td>\n<\/tr>\n<tr>\n<td>9.<\/td>\n<td align=\"center\">0 + 1<\/td>\n<td align=\"right\">75 : 1<\/td>\n<\/tr>\n<\/tbody>\n<\/table>\n<p style=\"text-align: center;\"><strong>Hrajte Mega Millions e\u0161te dnes s online tiketami a mo\u017eno sa v\u00e1m splnia sny!<\/strong><\/p>\n","protected":false},"excerpt":{"rendered":"<p>\u017detony do lot\u00e9rie Mega Millions dostupn\u00e9 odkia\u013eko\u013evek na svete Neuverite\u013en\u00e9 mno\u017estvo \u013eud\u00ed si ka\u017ed\u00fd de\u0148 kupuje \u017ereby, a to ako v Severnej Amerike, tak aj po celom svete. V\u00e4\u010d\u0161ina \u00fa\u010dastn\u00edkov lot\u00e9rie si dobre uvedomuje, \u017ee ich \u0161anca na skuto\u010dn\u00fa v\u00fdhru jackpotu je ve\u013emi mal\u00e1. Napriek tomu, v\u010faka mo\u017enosti\u00a0k\u00fapi\u0165 si \u017ereby online do lot\u00e9rie Mega Millions, [&hellip;]<\/p>\n","protected":false},"author":1,"featured_media":9352,"parent":9320,"menu_order":13,"comment_status":"closed","ping_status":"closed","template":"","meta":{"footnotes":""},"class_list":["post-9368","page","type-page","status-publish","has-post-thumbnail","hentry"],"yoast_head":"<!-- This site is optimized with the Yoast SEO plugin v27.5 - https:\/\/yoast.com\/product\/yoast-seo-wordpress\/ -->\n<title>K\u00fapte si losy Mega Millions online<\/title>\n<meta name=\"description\" content=\"Vyhrajte ve\u013ek\u00e9 sumy z\u00edskan\u00edm online l\u00edstkov na lot\u00e9riu Mega Millions.\" \/>\n<meta name=\"robots\" content=\"index, follow, max-snippet:-1, max-image-preview:large, max-video-preview:-1\" \/>\n<link rel=\"canonical\" href=\"https:\/\/gambling6.com\/sk\/loteria\/ziskajte-online-listky-na-loteriu-mega-millions\/\" \/>\n<meta property=\"og:locale\" content=\"sk_SK\" \/>\n<meta property=\"og:type\" content=\"article\" \/>\n<meta property=\"og:title\" content=\"K\u00fapte si losy Mega Millions online\" \/>\n<meta property=\"og:description\" content=\"Vyhrajte ve\u013ek\u00e9 sumy z\u00edskan\u00edm online l\u00edstkov na lot\u00e9riu Mega Millions.\" \/>\n<meta property=\"og:url\" content=\"https:\/\/gambling6.com\/sk\/loteria\/ziskajte-online-listky-na-loteriu-mega-millions\/\" \/>\n<meta property=\"og:site_name\" content=\"Gambling6\" \/>\n<meta property=\"og:image\" content=\"https:\/\/gambling6.com\/wp-content\/uploads\/2013\/12\/get-mega-millions-tickets-online.png\" \/>\n\t<meta property=\"og:image:width\" content=\"388\" \/>\n\t<meta property=\"og:image:height\" content=\"213\" \/>\n\t<meta property=\"og:image:type\" content=\"image\/png\" \/>\n<meta name=\"twitter:card\" content=\"summary_large_image\" \/>\n<meta name=\"twitter:label1\" content=\"Predpokladan\u00fd \u010das \u010d\u00edtania\" \/>\n\t<meta name=\"twitter:data1\" content=\"2 min\u00faty\" \/>\n<script type=\"application\/ld+json\" class=\"yoast-schema-graph\">{\"@context\":\"https:\\\/\\\/schema.org\",\"@graph\":[{\"@type\":\"WebPage\",\"@id\":\"https:\\\/\\\/gambling6.com\\\/sk\\\/loteria\\\/ziskajte-online-listky-na-loteriu-mega-millions\\\/\",\"url\":\"https:\\\/\\\/gambling6.com\\\/sk\\\/loteria\\\/ziskajte-online-listky-na-loteriu-mega-millions\\\/\",\"name\":\"K\u00fapte si losy Mega Millions online\",\"isPartOf\":{\"@id\":\"https:\\\/\\\/gambling6.com\\\/sk\\\/#website\"},\"primaryImageOfPage\":{\"@id\":\"https:\\\/\\\/gambling6.com\\\/sk\\\/loteria\\\/ziskajte-online-listky-na-loteriu-mega-millions\\\/#primaryimage\"},\"image\":{\"@id\":\"https:\\\/\\\/gambling6.com\\\/sk\\\/loteria\\\/ziskajte-online-listky-na-loteriu-mega-millions\\\/#primaryimage\"},\"thumbnailUrl\":\"https:\\\/\\\/gambling6.com\\\/wp-content\\\/uploads\\\/2013\\\/12\\\/get-mega-millions-tickets-online.png\",\"datePublished\":\"2025-11-10T20:57:24+00:00\",\"description\":\"Vyhrajte ve\u013ek\u00e9 sumy z\u00edskan\u00edm online l\u00edstkov na lot\u00e9riu Mega Millions.\",\"breadcrumb\":{\"@id\":\"https:\\\/\\\/gambling6.com\\\/sk\\\/loteria\\\/ziskajte-online-listky-na-loteriu-mega-millions\\\/#breadcrumb\"},\"inLanguage\":\"sk-SK\",\"potentialAction\":[{\"@type\":\"ReadAction\",\"target\":[\"https:\\\/\\\/gambling6.com\\\/sk\\\/loteria\\\/ziskajte-online-listky-na-loteriu-mega-millions\\\/\"]}]},{\"@type\":\"ImageObject\",\"inLanguage\":\"sk-SK\",\"@id\":\"https:\\\/\\\/gambling6.com\\\/sk\\\/loteria\\\/ziskajte-online-listky-na-loteriu-mega-millions\\\/#primaryimage\",\"url\":\"https:\\\/\\\/gambling6.com\\\/wp-content\\\/uploads\\\/2013\\\/12\\\/get-mega-millions-tickets-online.png\",\"contentUrl\":\"https:\\\/\\\/gambling6.com\\\/wp-content\\\/uploads\\\/2013\\\/12\\\/get-mega-millions-tickets-online.png\",\"width\":388,\"height\":213},{\"@type\":\"BreadcrumbList\",\"@id\":\"https:\\\/\\\/gambling6.com\\\/sk\\\/loteria\\\/ziskajte-online-listky-na-loteriu-mega-millions\\\/#breadcrumb\",\"itemListElement\":[{\"@type\":\"ListItem\",\"position\":1,\"name\":\"Home\",\"item\":\"https:\\\/\\\/gambling6.com\\\/sk\\\/home\\\/\"},{\"@type\":\"ListItem\",\"position\":2,\"name\":\"Loteria\",\"item\":\"https:\\\/\\\/gambling6.com\\\/sk\\\/loteria\\\/\"},{\"@type\":\"ListItem\",\"position\":3,\"name\":\"Z\u00edskajte online l\u00edstky na lot\u00e9riu Mega Millions\"}]},{\"@type\":\"WebSite\",\"@id\":\"https:\\\/\\\/gambling6.com\\\/sk\\\/#website\",\"url\":\"https:\\\/\\\/gambling6.com\\\/sk\\\/\",\"name\":\"Gambling6\",\"description\":\"\",\"potentialAction\":[{\"@type\":\"SearchAction\",\"target\":{\"@type\":\"EntryPoint\",\"urlTemplate\":\"https:\\\/\\\/gambling6.com\\\/sk\\\/?s={search_term_string}\"},\"query-input\":{\"@type\":\"PropertyValueSpecification\",\"valueRequired\":true,\"valueName\":\"search_term_string\"}}],\"inLanguage\":\"sk-SK\"}]}<\/script>\n<!-- \/ Yoast SEO plugin. -->","yoast_head_json":{"title":"K\u00fapte si losy Mega Millions online","description":"Vyhrajte ve\u013ek\u00e9 sumy z\u00edskan\u00edm online l\u00edstkov na lot\u00e9riu Mega Millions.","robots":{"index":"index","follow":"follow","max-snippet":"max-snippet:-1","max-image-preview":"max-image-preview:large","max-video-preview":"max-video-preview:-1"},"canonical":"https:\/\/gambling6.com\/sk\/loteria\/ziskajte-online-listky-na-loteriu-mega-millions\/","og_locale":"sk_SK","og_type":"article","og_title":"K\u00fapte si losy Mega Millions online","og_description":"Vyhrajte ve\u013ek\u00e9 sumy z\u00edskan\u00edm online l\u00edstkov na lot\u00e9riu Mega Millions.","og_url":"https:\/\/gambling6.com\/sk\/loteria\/ziskajte-online-listky-na-loteriu-mega-millions\/","og_site_name":"Gambling6","og_image":[{"width":388,"height":213,"url":"https:\/\/gambling6.com\/wp-content\/uploads\/2013\/12\/get-mega-millions-tickets-online.png","type":"image\/png"}],"twitter_card":"summary_large_image","twitter_misc":{"Predpokladan\u00fd \u010das \u010d\u00edtania":"2 min\u00faty"},"schema":{"@context":"https:\/\/schema.org","@graph":[{"@type":"WebPage","@id":"https:\/\/gambling6.com\/sk\/loteria\/ziskajte-online-listky-na-loteriu-mega-millions\/","url":"https:\/\/gambling6.com\/sk\/loteria\/ziskajte-online-listky-na-loteriu-mega-millions\/","name":"K\u00fapte si losy Mega Millions online","isPartOf":{"@id":"https:\/\/gambling6.com\/sk\/#website"},"primaryImageOfPage":{"@id":"https:\/\/gambling6.com\/sk\/loteria\/ziskajte-online-listky-na-loteriu-mega-millions\/#primaryimage"},"image":{"@id":"https:\/\/gambling6.com\/sk\/loteria\/ziskajte-online-listky-na-loteriu-mega-millions\/#primaryimage"},"thumbnailUrl":"https:\/\/gambling6.com\/wp-content\/uploads\/2013\/12\/get-mega-millions-tickets-online.png","datePublished":"2025-11-10T20:57:24+00:00","description":"Vyhrajte ve\u013ek\u00e9 sumy z\u00edskan\u00edm online l\u00edstkov na lot\u00e9riu Mega Millions.","breadcrumb":{"@id":"https:\/\/gambling6.com\/sk\/loteria\/ziskajte-online-listky-na-loteriu-mega-millions\/#breadcrumb"},"inLanguage":"sk-SK","potentialAction":[{"@type":"ReadAction","target":["https:\/\/gambling6.com\/sk\/loteria\/ziskajte-online-listky-na-loteriu-mega-millions\/"]}]},{"@type":"ImageObject","inLanguage":"sk-SK","@id":"https:\/\/gambling6.com\/sk\/loteria\/ziskajte-online-listky-na-loteriu-mega-millions\/#primaryimage","url":"https:\/\/gambling6.com\/wp-content\/uploads\/2013\/12\/get-mega-millions-tickets-online.png","contentUrl":"https:\/\/gambling6.com\/wp-content\/uploads\/2013\/12\/get-mega-millions-tickets-online.png","width":388,"height":213},{"@type":"BreadcrumbList","@id":"https:\/\/gambling6.com\/sk\/loteria\/ziskajte-online-listky-na-loteriu-mega-millions\/#breadcrumb","itemListElement":[{"@type":"ListItem","position":1,"name":"Home","item":"https:\/\/gambling6.com\/sk\/home\/"},{"@type":"ListItem","position":2,"name":"Loteria","item":"https:\/\/gambling6.com\/sk\/loteria\/"},{"@type":"ListItem","position":3,"name":"Z\u00edskajte online l\u00edstky na lot\u00e9riu Mega Millions"}]},{"@type":"WebSite","@id":"https:\/\/gambling6.com\/sk\/#website","url":"https:\/\/gambling6.com\/sk\/","name":"Gambling6","description":"","potentialAction":[{"@type":"SearchAction","target":{"@type":"EntryPoint","urlTemplate":"https:\/\/gambling6.com\/sk\/?s={search_term_string}"},"query-input":{"@type":"PropertyValueSpecification","valueRequired":true,"valueName":"search_term_string"}}],"inLanguage":"sk-SK"}]}},"_links":{"self":[{"href":"https:\/\/gambling6.com\/sk\/wp-json\/wp\/v2\/pages\/9368","targetHints":{"allow":["GET"]}}],"collection":[{"href":"https:\/\/gambling6.com\/sk\/wp-json\/wp\/v2\/pages"}],"about":[{"href":"https:\/\/gambling6.com\/sk\/wp-json\/wp\/v2\/types\/page"}],"author":[{"embeddable":true,"href":"https:\/\/gambling6.com\/sk\/wp-json\/wp\/v2\/users\/1"}],"replies":[{"embeddable":true,"href":"https:\/\/gambling6.com\/sk\/wp-json\/wp\/v2\/comments?post=9368"}],"version-history":[{"count":0,"href":"https:\/\/gambling6.com\/sk\/wp-json\/wp\/v2\/pages\/9368\/revisions"}],"up":[{"embeddable":true,"href":"https:\/\/gambling6.com\/sk\/wp-json\/wp\/v2\/pages\/9320"}],"wp:featuredmedia":[{"embeddable":true,"href":"https:\/\/gambling6.com\/sk\/wp-json\/wp\/v2\/media\/9352"}],"wp:attachment":[{"href":"https:\/\/gambling6.com\/sk\/wp-json\/wp\/v2\/media?parent=9368"}],"curies":[{"name":"wp","href":"https:\/\/api.w.org\/{rel}","templated":true}]}}