{"id":9411,"date":"2025-11-11T02:04:34","date_gmt":"2025-11-11T02:04:34","guid":{"rendered":"https:\/\/gambling6.com\/loteria\/ako-si-mozem-kupit-online-tikety-na-loteriu-euromillions-mimo-europy\/"},"modified":"2025-11-12T18:50:50","modified_gmt":"2025-11-12T18:50:50","slug":"ako-si-mozem-kupit-online-tikety-na-loteriu-euromillions-mimo-europy","status":"publish","type":"page","link":"https:\/\/gambling6.com\/sk\/loteria\/ako-si-mozem-kupit-online-tikety-na-loteriu-euromillions-mimo-europy\/","title":{"rendered":"Ako si m\u00f4\u017eem k\u00fapi\u0165 online tikety na lot\u00e9riu Euromillions mimo Eur\u00f3py?"},"content":{"rendered":"<h2>Euro Millions<\/h2>\n<p>So 185 mili\u00f3nmi eur v hre a pravidelnou \u0161ancou vyhra\u0165 viac ako 100 mili\u00f3nov eur sa \u013eudia hrn\u00fa k svojim po\u010d\u00edta\u010dom, aby si k\u00fapili online tikety do lot\u00e9rie EuroMillions.<\/strong><\/span><strong> Euromillions sa hr\u00e1 v 9 krajin\u00e1ch Eur\u00f3py a minul\u00fd rok vyplatila ceny v hodnote viac ako 2,5 miliardy dol\u00e1rov. Pre\u010do by ste nemali \u0161ancu vyhra\u0165 tento jackpot? V\u0161etko, \u010do mus\u00edte urobi\u0165, je nav\u0161t\u00edvi\u0165 n\u00e1\u0161ho partnera RedFoxLotto a z\u00edska\u0165 svoje online tikety. Hra\u0165 RedFoxLotto nebolo nikdy jednoduch\u0161ie.<\/p>\n<p><strong>Online tikety do lot\u00e9rie Euromillions si m\u00f4\u017eete k\u00fapi\u0165 dvakr\u00e1t t\u00fd\u017edenne<\/strong> a pritom m\u00e1te \u0161ancu vyhra\u0165 a\u017e 13 r\u00f4znych \u00farovn\u00ed v\u00fdhier. Ak si chcete k\u00fapi\u0165 tikety online, vyberte si 5 hlavn\u00fdch \u010d\u00edsel od 1 do 50. Po druh\u00e9, existuj\u00fa dve \u010d\u00edsla \u0161\u0165astnej hviezdy, obe medzi 1 a 11, ktor\u00e9 sa \u017erebuj\u00fa zo samostatn\u00e9ho automatu. Ak chcete z\u00edska\u0165 hlavn\u00fa cenu jackpotu, mus\u00edte uh\u00e1dnu\u0165 v\u0161etk\u00fdch sedem \u010d\u00edsel.<\/p>\n<h2>Pre\u010do hra\u0165 lot\u00e9riu Euromillions online?<\/h2>\n<p><img loading=\"lazy\" decoding=\"async\" class=\" wp-image-1437 alignright\" src=\"https:\/\/gambling6.com\/wp-content\/uploads\/2022\/04\/2_ticket_euromillions-112x300.jpg\" alt=\"ticket euromillions\" width=\"99\" height=\"265\" srcset=\"https:\/\/gambling6.com\/wp-content\/uploads\/2022\/04\/2_ticket_euromillions-112x300.jpg 112w, https:\/\/gambling6.com\/wp-content\/uploads\/2022\/04\/2_ticket_euromillions.jpg 200w\" sizes=\"auto, (max-width: 99px) 100vw, 99px\" \/>Lot\u00e9riov\u00e1 hor\u00fa\u010dka v Eur\u00f3pe m\u00f4\u017ee \u2013 a dosiahla \u2013 epidemick\u00e9 \u00farovne. \u013dudia sa preto ka\u017ed\u00fd t\u00fd\u017ede\u0148 zoradia do radu, aby si zahrali najv\u00e4\u010d\u0161iu lot\u00e9riu v Eur\u00f3pe s jedn\u00fdm z troch najv\u00e4\u010d\u0161\u00edch jackpotov dostupn\u00fdch na svete. Lot\u00e9ria Euromillions vznikla v roku 2004 a hr\u00e1 sa v Belgicku, Franc\u00fazsku, \u00cdrsku, Rak\u00fasku, Luxembursku, \u0160panielsku, Portugalsku, \u0160vaj\u010diarsku a Spojenom kr\u00e1\u013eovstve. \u0160k\u00f3tsky p\u00e1r vyhral v j\u00fali 2011 najv\u00e4\u010d\u0161\u00ed jackpot v hist\u00f3rii a z\u00edskal 185 mili\u00f3nov eur.<\/p>\n<p>Okrem v\u0161etk\u00fdch eur\u00f3pskych hr\u00e1\u010dov vo vy\u0161\u0161ie uveden\u00fdch krajin\u00e1ch si mili\u00f3ny \u013eud\u00ed ka\u017ed\u00fd t\u00fd\u017ede\u0148 kupuj\u00fa tikety online. Z\u00edskanie online tiketov do lot\u00e9rie Euromillions je ve\u013emi jednoduch\u00e9: nav\u0161t\u00edvte n\u00e1\u0161ho partnera RedFoxLotto. \u0160anca na v\u00fdhru hlavn\u00e9ho jackpotu v lot\u00e9rii EuroMillions je 1 ku 116 531 800. Ak sa v\u0161ak chcete z\u00fa\u010dastni\u0165 jednej z \u010fal\u0161\u00edch 13 \u00farovn\u00ed v\u00fdhier, va\u0161a celkov\u00e1 \u0161anca je jedna ku 13.<\/p>\n<p>Op\u00e4\u0165 n\u00e1jdete lot\u00e9riu Euromillions jednou z najvzru\u0161uj\u00facej\u0161\u00edch na svete. <span style=\"box-sizing: border-box; margin: 0px; padding: 0px;\">Venujte \u010das a\u00a0<a href=\"https:\/\/gambling6.com\/go\/redfoxlotto-en\/\" target=\"_blank\" rel=\"noopener\">nav\u0161t\u00edvte e\u0161te dnes str\u00e1nku RedFoxLotto kliknut\u00edm na tento odkaz<\/a>, otvorte si \u00fa\u010det a za\u010dnite hra\u0165 t\u00fato gigantick\u00fa eur\u00f3psku lot\u00e9riu.<\/span> Sme si ist\u00ed, \u017ee budete radi, \u017ee ste to urobili. Z\u00edska\u0165 online tikety na EuroMillions a \u010fal\u0161ie popul\u00e1rne lot\u00e9rie po celom svete je jednoduch\u00e9.<\/p>\n<table style=\"width: 500px;\" border=\"1\" cellspacing=\"5\" cellpadding=\"5\" align=\"center\">\n<tbody>\n<tr>\n<td colspan=\"3\" align=\"center\">P\u00e4\u0165 najv\u00e4\u010d\u0161\u00edch jackpotov za rok 2013<\/td>\n<\/tr>\n<tr>\n<td>\u017drebovanie<\/td>\n<td align=\"center\">D\u00e1tum<\/td>\n<td align=\"center\">Jackpot (USD)<\/td>\n<\/tr>\n<tr>\n<td>Euro Millions &#8211; Eur\u00f3pa<\/td>\n<td align=\"center\">25. j\u00fana 2013<\/td>\n<td align=\"right\">260 129 094 USD<\/td>\n<\/tr>\n<tr>\n<td>Euro Millions &#8211; Eur\u00f3pa<\/td>\n<td align=\"center\">15. novembra 2013<\/td>\n<td align=\"right\">137 000 000 USD<\/td>\n<\/tr>\n<tr>\n<td>Euro Millions \u2013 Eur\u00f3pa<\/td>\n<td align=\"center\">28. m\u00e1ja 2013<\/td>\n<td align=\"right\">132 676 542 USD<\/td>\n<\/tr>\n<tr>\n<td>Euro Millions \u2013 Eur\u00f3pa<\/td>\n<td align=\"center\">25. j\u00fana 2013<\/td>\n<td align=\"right\">131 636 203 USD<\/td>\n<\/tr>\n<tr>\n<td>Euro Millions \u2013 Eur\u00f3pa<\/td>\n<td align=\"center\">23. augusta 2013<\/td>\n<td align=\"right\">131 628 767 USD<\/td>\n<\/tr>\n<\/tbody>\n<\/table>\n<p>&nbsp;<\/p>\n<table style=\"width: 500px;\" border=\"1\" cellspacing=\"5\" cellpadding=\"5\" align=\"center\">\n<tbody>\n<tr>\n<td colspan=\"3\" align=\"center\">\u00darovne cien Euro Millions<\/td>\n<\/tr>\n<tr>\n<td>Cena<\/td>\n<td align=\"center\">Z\u00e1pasy<\/td>\n<td align=\"center\">Kurzy<\/td>\n<\/tr>\n<tr>\n<td>1. miesto (Jackpot)<\/td>\n<td align=\"center\">5 + 2<\/td>\n<td align=\"right\">116 531 800 : 1<\/td>\n<\/tr>\n<tr>\n<td>2. miesto<\/td>\n<td align=\"center\">5 + 1<\/td>\n<td align=\"right\">6 473 989 : 1<\/td>\n<\/tr>\n<tr>\n<td>3.<\/td>\n<td align=\"center\">5<\/td>\n<td align=\"right\">3 236 994 : 1<\/td>\n<\/tr>\n<tr>\n<td>4.<\/td>\n<td align=\"center\">4 + 2<\/td>\n<td align=\"right\">517 919 : 1<\/td>\n<\/tr>\n<tr>\n<td>5.<\/td>\n<td align=\"center\">4 + 1<\/td>\n<td align=\"right\">28 773 : 1<\/td>\n<\/tr>\n<tr>\n<td>6.<\/td>\n<td align=\"center\">4<\/td>\n<td align=\"right\">14 387 : 1<\/td>\n<\/tr>\n<tr>\n<td>7.<\/td>\n<td align=\"center\">3 + 2<\/td>\n<td align=\"right\">11 771 : 1<\/td>\n<\/tr>\n<tr>\n<td>8.<\/td>\n<td align=\"center\">2 + 2<\/td>\n<td align=\"right\">821 : 1<\/td>\n<\/tr>\n<tr>\n<td>9.<\/td>\n<td align=\"center\">3 + 1<\/td>\n<td align=\"right\">654 : 1<\/td>\n<\/tr>\n<tr>\n<td>10.<\/td>\n<td align=\"center\">3<\/td>\n<td align=\"right\">327 : 1<\/td>\n<\/tr>\n<tr>\n<td>11.<\/td>\n<td align=\"center\">1 + 2<\/td>\n<td align=\"right\">156 : 1<\/td>\n<\/tr>\n<tr>\n<td>12.<\/td>\n<td align=\"center\">2 + 1<\/td>\n<td align=\"right\">46 : 1<\/td>\n<\/tr>\n<tr>\n<td>13.<\/td>\n<td align=\"center\">2<\/td>\n<td align=\"right\">23 : 1<\/td>\n<\/tr>\n<\/tbody>\n<\/table>\n","protected":false},"excerpt":{"rendered":"<p>Euro Millions So 185 mili\u00f3nmi eur v hre a pravidelnou \u0161ancou vyhra\u0165 viac ako 100 mili\u00f3nov eur sa \u013eudia hrn\u00fa k svojim po\u010d\u00edta\u010dom, aby si k\u00fapili online tikety do lot\u00e9rie EuroMillions. Euromillions sa hr\u00e1 v 9 krajin\u00e1ch Eur\u00f3py a minul\u00fd rok vyplatila ceny v hodnote viac ako 2,5 miliardy dol\u00e1rov. Pre\u010do by ste nemali \u0161ancu [&hellip;]<\/p>\n","protected":false},"author":1,"featured_media":0,"parent":9320,"menu_order":2,"comment_status":"closed","ping_status":"closed","template":"","meta":{"footnotes":""},"class_list":["post-9411","page","type-page","status-publish","hentry"],"yoast_head":"<!-- This site is optimized with the Yoast SEO plugin v27.3 - https:\/\/yoast.com\/product\/yoast-seo-wordpress\/ -->\n<title>K\u00fapte si online tikety na lot\u00e9riu Euromillions<\/title>\n<meta name=\"description\" content=\"Uistite sa, \u017ee si zaobstar\u00e1te online tikety do najv\u00e4\u010d\u0161ej lot\u00e9rie v Eur\u00f3pe, Euromillions a Euromillions UK, od d\u00f4veryhodn\u00e9ho poskytovate\u013ea, ako je RedFoxLotto.com.\" \/>\n<meta name=\"robots\" content=\"index, follow, max-snippet:-1, max-image-preview:large, max-video-preview:-1\" \/>\n<link rel=\"canonical\" href=\"https:\/\/gambling6.com\/sk\/loteria\/ako-si-mozem-kupit-online-tikety-na-loteriu-euromillions-mimo-europy\/\" \/>\n<meta property=\"og:locale\" content=\"sk_SK\" \/>\n<meta property=\"og:type\" content=\"article\" \/>\n<meta property=\"og:title\" content=\"K\u00fapte si online tikety na lot\u00e9riu Euromillions\" \/>\n<meta property=\"og:description\" content=\"Uistite sa, \u017ee si zaobstar\u00e1te online tikety do najv\u00e4\u010d\u0161ej lot\u00e9rie v Eur\u00f3pe, Euromillions a Euromillions UK, od d\u00f4veryhodn\u00e9ho poskytovate\u013ea, ako je RedFoxLotto.com.\" \/>\n<meta property=\"og:url\" content=\"https:\/\/gambling6.com\/sk\/loteria\/ako-si-mozem-kupit-online-tikety-na-loteriu-euromillions-mimo-europy\/\" \/>\n<meta property=\"og:site_name\" content=\"Gambling6\" \/>\n<meta property=\"article:modified_time\" content=\"2025-11-12T18:50:50+00:00\" \/>\n<meta property=\"og:image\" content=\"https:\/\/gambling6.com\/wp-content\/uploads\/2022\/04\/2_ticket_euromillions.jpg\" \/>\n\t<meta property=\"og:image:width\" content=\"200\" \/>\n\t<meta property=\"og:image:height\" content=\"534\" \/>\n\t<meta property=\"og:image:type\" content=\"image\/jpeg\" \/>\n<meta name=\"twitter:card\" content=\"summary_large_image\" \/>\n<meta name=\"twitter:label1\" content=\"Predpokladan\u00fd \u010das \u010d\u00edtania\" \/>\n\t<meta name=\"twitter:data1\" content=\"2 min\u00faty\" \/>\n<script type=\"application\/ld+json\" class=\"yoast-schema-graph\">{\"@context\":\"https:\\\/\\\/schema.org\",\"@graph\":[{\"@type\":\"WebPage\",\"@id\":\"https:\\\/\\\/gambling6.com\\\/sk\\\/loteria\\\/ako-si-mozem-kupit-online-tikety-na-loteriu-euromillions-mimo-europy\\\/\",\"url\":\"https:\\\/\\\/gambling6.com\\\/sk\\\/loteria\\\/ako-si-mozem-kupit-online-tikety-na-loteriu-euromillions-mimo-europy\\\/\",\"name\":\"K\u00fapte si online tikety na lot\u00e9riu Euromillions\",\"isPartOf\":{\"@id\":\"https:\\\/\\\/gambling6.com\\\/sk\\\/#website\"},\"primaryImageOfPage\":{\"@id\":\"https:\\\/\\\/gambling6.com\\\/sk\\\/loteria\\\/ako-si-mozem-kupit-online-tikety-na-loteriu-euromillions-mimo-europy\\\/#primaryimage\"},\"image\":{\"@id\":\"https:\\\/\\\/gambling6.com\\\/sk\\\/loteria\\\/ako-si-mozem-kupit-online-tikety-na-loteriu-euromillions-mimo-europy\\\/#primaryimage\"},\"thumbnailUrl\":\"https:\\\/\\\/gambling6.com\\\/wp-content\\\/uploads\\\/2022\\\/04\\\/2_ticket_euromillions-112x300.jpg\",\"datePublished\":\"2025-11-11T02:04:34+00:00\",\"dateModified\":\"2025-11-12T18:50:50+00:00\",\"description\":\"Uistite sa, \u017ee si zaobstar\u00e1te online tikety do najv\u00e4\u010d\u0161ej lot\u00e9rie v Eur\u00f3pe, Euromillions a Euromillions UK, od d\u00f4veryhodn\u00e9ho poskytovate\u013ea, ako je RedFoxLotto.com.\",\"breadcrumb\":{\"@id\":\"https:\\\/\\\/gambling6.com\\\/sk\\\/loteria\\\/ako-si-mozem-kupit-online-tikety-na-loteriu-euromillions-mimo-europy\\\/#breadcrumb\"},\"inLanguage\":\"sk-SK\",\"potentialAction\":[{\"@type\":\"ReadAction\",\"target\":[\"https:\\\/\\\/gambling6.com\\\/sk\\\/loteria\\\/ako-si-mozem-kupit-online-tikety-na-loteriu-euromillions-mimo-europy\\\/\"]}]},{\"@type\":\"ImageObject\",\"inLanguage\":\"sk-SK\",\"@id\":\"https:\\\/\\\/gambling6.com\\\/sk\\\/loteria\\\/ako-si-mozem-kupit-online-tikety-na-loteriu-euromillions-mimo-europy\\\/#primaryimage\",\"url\":\"https:\\\/\\\/gambling6.com\\\/wp-content\\\/uploads\\\/2022\\\/04\\\/2_ticket_euromillions-112x300.jpg\",\"contentUrl\":\"https:\\\/\\\/gambling6.com\\\/wp-content\\\/uploads\\\/2022\\\/04\\\/2_ticket_euromillions-112x300.jpg\"},{\"@type\":\"BreadcrumbList\",\"@id\":\"https:\\\/\\\/gambling6.com\\\/sk\\\/loteria\\\/ako-si-mozem-kupit-online-tikety-na-loteriu-euromillions-mimo-europy\\\/#breadcrumb\",\"itemListElement\":[{\"@type\":\"ListItem\",\"position\":1,\"name\":\"Home\",\"item\":\"https:\\\/\\\/gambling6.com\\\/sk\\\/home\\\/\"},{\"@type\":\"ListItem\",\"position\":2,\"name\":\"Loteria\",\"item\":\"https:\\\/\\\/gambling6.com\\\/sk\\\/loteria\\\/\"},{\"@type\":\"ListItem\",\"position\":3,\"name\":\"Ako si m\u00f4\u017eem k\u00fapi\u0165 online tikety na lot\u00e9riu Euromillions mimo Eur\u00f3py?\"}]},{\"@type\":\"WebSite\",\"@id\":\"https:\\\/\\\/gambling6.com\\\/sk\\\/#website\",\"url\":\"https:\\\/\\\/gambling6.com\\\/sk\\\/\",\"name\":\"Gambling6\",\"description\":\"\",\"potentialAction\":[{\"@type\":\"SearchAction\",\"target\":{\"@type\":\"EntryPoint\",\"urlTemplate\":\"https:\\\/\\\/gambling6.com\\\/sk\\\/?s={search_term_string}\"},\"query-input\":{\"@type\":\"PropertyValueSpecification\",\"valueRequired\":true,\"valueName\":\"search_term_string\"}}],\"inLanguage\":\"sk-SK\"}]}<\/script>\n<!-- \/ Yoast SEO plugin. -->","yoast_head_json":{"title":"K\u00fapte si online tikety na lot\u00e9riu Euromillions","description":"Uistite sa, \u017ee si zaobstar\u00e1te online tikety do najv\u00e4\u010d\u0161ej lot\u00e9rie v Eur\u00f3pe, Euromillions a Euromillions UK, od d\u00f4veryhodn\u00e9ho poskytovate\u013ea, ako je RedFoxLotto.com.","robots":{"index":"index","follow":"follow","max-snippet":"max-snippet:-1","max-image-preview":"max-image-preview:large","max-video-preview":"max-video-preview:-1"},"canonical":"https:\/\/gambling6.com\/sk\/loteria\/ako-si-mozem-kupit-online-tikety-na-loteriu-euromillions-mimo-europy\/","og_locale":"sk_SK","og_type":"article","og_title":"K\u00fapte si online tikety na lot\u00e9riu Euromillions","og_description":"Uistite sa, \u017ee si zaobstar\u00e1te online tikety do najv\u00e4\u010d\u0161ej lot\u00e9rie v Eur\u00f3pe, Euromillions a Euromillions UK, od d\u00f4veryhodn\u00e9ho poskytovate\u013ea, ako je RedFoxLotto.com.","og_url":"https:\/\/gambling6.com\/sk\/loteria\/ako-si-mozem-kupit-online-tikety-na-loteriu-euromillions-mimo-europy\/","og_site_name":"Gambling6","article_modified_time":"2025-11-12T18:50:50+00:00","og_image":[{"width":200,"height":534,"url":"https:\/\/gambling6.com\/wp-content\/uploads\/2022\/04\/2_ticket_euromillions.jpg","type":"image\/jpeg"}],"twitter_card":"summary_large_image","twitter_misc":{"Predpokladan\u00fd \u010das \u010d\u00edtania":"2 min\u00faty"},"schema":{"@context":"https:\/\/schema.org","@graph":[{"@type":"WebPage","@id":"https:\/\/gambling6.com\/sk\/loteria\/ako-si-mozem-kupit-online-tikety-na-loteriu-euromillions-mimo-europy\/","url":"https:\/\/gambling6.com\/sk\/loteria\/ako-si-mozem-kupit-online-tikety-na-loteriu-euromillions-mimo-europy\/","name":"K\u00fapte si online tikety na lot\u00e9riu Euromillions","isPartOf":{"@id":"https:\/\/gambling6.com\/sk\/#website"},"primaryImageOfPage":{"@id":"https:\/\/gambling6.com\/sk\/loteria\/ako-si-mozem-kupit-online-tikety-na-loteriu-euromillions-mimo-europy\/#primaryimage"},"image":{"@id":"https:\/\/gambling6.com\/sk\/loteria\/ako-si-mozem-kupit-online-tikety-na-loteriu-euromillions-mimo-europy\/#primaryimage"},"thumbnailUrl":"https:\/\/gambling6.com\/wp-content\/uploads\/2022\/04\/2_ticket_euromillions-112x300.jpg","datePublished":"2025-11-11T02:04:34+00:00","dateModified":"2025-11-12T18:50:50+00:00","description":"Uistite sa, \u017ee si zaobstar\u00e1te online tikety do najv\u00e4\u010d\u0161ej lot\u00e9rie v Eur\u00f3pe, Euromillions a Euromillions UK, od d\u00f4veryhodn\u00e9ho poskytovate\u013ea, ako je RedFoxLotto.com.","breadcrumb":{"@id":"https:\/\/gambling6.com\/sk\/loteria\/ako-si-mozem-kupit-online-tikety-na-loteriu-euromillions-mimo-europy\/#breadcrumb"},"inLanguage":"sk-SK","potentialAction":[{"@type":"ReadAction","target":["https:\/\/gambling6.com\/sk\/loteria\/ako-si-mozem-kupit-online-tikety-na-loteriu-euromillions-mimo-europy\/"]}]},{"@type":"ImageObject","inLanguage":"sk-SK","@id":"https:\/\/gambling6.com\/sk\/loteria\/ako-si-mozem-kupit-online-tikety-na-loteriu-euromillions-mimo-europy\/#primaryimage","url":"https:\/\/gambling6.com\/wp-content\/uploads\/2022\/04\/2_ticket_euromillions-112x300.jpg","contentUrl":"https:\/\/gambling6.com\/wp-content\/uploads\/2022\/04\/2_ticket_euromillions-112x300.jpg"},{"@type":"BreadcrumbList","@id":"https:\/\/gambling6.com\/sk\/loteria\/ako-si-mozem-kupit-online-tikety-na-loteriu-euromillions-mimo-europy\/#breadcrumb","itemListElement":[{"@type":"ListItem","position":1,"name":"Home","item":"https:\/\/gambling6.com\/sk\/home\/"},{"@type":"ListItem","position":2,"name":"Loteria","item":"https:\/\/gambling6.com\/sk\/loteria\/"},{"@type":"ListItem","position":3,"name":"Ako si m\u00f4\u017eem k\u00fapi\u0165 online tikety na lot\u00e9riu Euromillions mimo Eur\u00f3py?"}]},{"@type":"WebSite","@id":"https:\/\/gambling6.com\/sk\/#website","url":"https:\/\/gambling6.com\/sk\/","name":"Gambling6","description":"","potentialAction":[{"@type":"SearchAction","target":{"@type":"EntryPoint","urlTemplate":"https:\/\/gambling6.com\/sk\/?s={search_term_string}"},"query-input":{"@type":"PropertyValueSpecification","valueRequired":true,"valueName":"search_term_string"}}],"inLanguage":"sk-SK"}]}},"_links":{"self":[{"href":"https:\/\/gambling6.com\/sk\/wp-json\/wp\/v2\/pages\/9411","targetHints":{"allow":["GET"]}}],"collection":[{"href":"https:\/\/gambling6.com\/sk\/wp-json\/wp\/v2\/pages"}],"about":[{"href":"https:\/\/gambling6.com\/sk\/wp-json\/wp\/v2\/types\/page"}],"author":[{"embeddable":true,"href":"https:\/\/gambling6.com\/sk\/wp-json\/wp\/v2\/users\/1"}],"replies":[{"embeddable":true,"href":"https:\/\/gambling6.com\/sk\/wp-json\/wp\/v2\/comments?post=9411"}],"version-history":[{"count":1,"href":"https:\/\/gambling6.com\/sk\/wp-json\/wp\/v2\/pages\/9411\/revisions"}],"predecessor-version":[{"id":10779,"href":"https:\/\/gambling6.com\/sk\/wp-json\/wp\/v2\/pages\/9411\/revisions\/10779"}],"up":[{"embeddable":true,"href":"https:\/\/gambling6.com\/sk\/wp-json\/wp\/v2\/pages\/9320"}],"wp:attachment":[{"href":"https:\/\/gambling6.com\/sk\/wp-json\/wp\/v2\/media?parent=9411"}],"curies":[{"name":"wp","href":"https:\/\/api.w.org\/{rel}","templated":true}]}}