{"id":9435,"date":"2025-11-11T02:43:09","date_gmt":"2025-11-11T02:43:09","guid":{"rendered":"https:\/\/gambling6.com\/loteria\/ziskajte-online-listky-na-newyorsku-loteriu\/"},"modified":"2025-11-11T02:43:09","modified_gmt":"2025-11-11T02:43:09","slug":"ziskajte-online-listky-na-newyorsku-loteriu","status":"publish","type":"page","link":"https:\/\/gambling6.com\/sk\/loteria\/ziskajte-online-listky-na-newyorsku-loteriu\/","title":{"rendered":"Z\u00edskajte online l\u00edstky na newyorsk\u00fa lot\u00e9riu"},"content":{"rendered":"<h2>Newyorsk\u00e1 lot\u00e9ria online<\/h2>\n<p>S jackpotmi, ktor\u00e9 za\u010d\u00ednaj\u00fa na 3 mili\u00f3noch dol\u00e1rov, sa Newyorsk\u00e1 lot\u00e9ria v de\u0148 \u017erebovania st\u00e1va rovnako ve\u013ekou ako samotn\u00e9 mesto. Pre va\u0161u inform\u00e1ciu, minim\u00e1lny jackpot je ove\u013ea vy\u0161\u0161\u00ed ako vo v\u00e4\u010d\u0161ine pr\u00edpadov, <strong>preto pri rozhodovan\u00ed zv\u00e1\u017ete zak\u00fapenie online tiketov do Newyorskej lot\u00e9rie<\/strong>.<\/p>\n<p>Ak jackpot nevyhr\u00e1te, m\u00f4\u017eete o\u010dak\u00e1va\u0165 jackpoty s prevodom, ktor\u00e9 sa \u010dasto zvy\u0161uj\u00fa na 10 cifern\u00fdch \u010d\u00edsel. V skuto\u010dnosti je rekordn\u00fd jackpot pre Newyorsk\u00fa lot\u00e9riu 58 mili\u00f3nov dol\u00e1rov. <strong>S mo\u017enos\u0165ou zak\u00fapi\u0165 si tikety online sa m\u00f4\u017eete z\u00fa\u010dastni\u0165 \u010fal\u0161ieho rekordn\u00e9ho jackpotu.<\/strong><\/p>\n<h2>Newyorsk\u00e1 lot\u00e9ria sa \u017erebuje dvakr\u00e1t t\u00fd\u017edenne.<\/h2>\n<p>Jackpot je v\u017edy mili\u00f3ny dol\u00e1rov v \u017erebovan\u00ed, ktor\u00e9 sa kon\u00e1 dvakr\u00e1t t\u00fd\u017edenne v New Yorku. D\u00e1va len zmysel, \u017ee jedno z najv\u00e4\u010d\u0161\u00edch miest na svete m\u00e1 jackpotov\u00fa lot\u00e9riu, ktor\u00e1 za\u010d\u00edna ako jedna z najv\u00e4\u010d\u0161\u00edch na svete. Ka\u017ed\u00fd t\u00fd\u017ede\u0148 mili\u00f3ny obyvate\u013eov New Yorku stoja v rade, aby si k\u00fapili tikety do tejto lot\u00e9rie, ktor\u00e1 men\u00ed \u017eivoty. <b>Ak si m\u00f4\u017eete k\u00fapi\u0165 tikety online, nemus\u00edte st\u00e1\u0165 v rade.<\/b><\/p>\n<p>Newyorsk\u00e1 lot\u00e9ria, jedna z najstar\u0161\u00edch lot\u00e9ri\u00ed v USA, zalo\u017een\u00e1 v roku 1967, vyzbierala na charitat\u00edvne \u00fa\u010dely po celom svete takmer 40 mili\u00e1rd dol\u00e1rov. V roku 2004 si jeden dr\u017eite\u013e tiketu prip\u00edsal \u00factyhodn\u00fdch 58 mili\u00f3nov dol\u00e1rov, \u010do bola v tom \u010dase jedna z najv\u00e4\u010d\u0161\u00edch v\u00fdhier v lot\u00e9rii v hist\u00f3rii USA.<\/p>\n<p>Newyorsk\u00e1 lot\u00e9ria sa \u013eahko hr\u00e1. T\u00e1to lot\u00e9ria v \u0161t\u00fdle 6\/59 vy\u017eaduje, aby ste si vybrali \u0161es\u0165 \u010d\u00edsel od 1 do 59 spolu s bonusov\u00fdm \u010d\u00edslom.<strong>Ak chcete vyhra\u0165 jackpot, mus\u00edte uh\u00e1dnu\u0165 \u0161es\u0165 hlavn\u00fdch \u010d\u00edsel a va\u0161a \u0161anca je pribli\u017ene 1 ku 45 mili\u00f3nom.<\/strong>\u00a0Uh\u00e1dnut\u00edm piatich, \u0161tyroch alebo troch \u010d\u00edsel sa m\u00f4\u017eete z\u00fa\u010dastni\u0165 jednej z piatich ved\u013eaj\u0161\u00edch cien, ktor\u00e9 s\u00fa k dispoz\u00edcii pre ka\u017ed\u00e9 \u017erebovanie v stredu a sobotu ka\u017ed\u00e9ho t\u00fd\u017ed\u0148a.<\/p>\n<p>Newyorsk\u00e1 lot\u00e9ria je hra, ktor\u00fa si chce zahra\u0165 ka\u017ed\u00fd, a teraz si m\u00f4\u017eete <span style=\"box-sizing: border-box; margin: 0px; padding: 0px;\">z\u00edska\u0165 tikety online prostredn\u00edctvom n\u00e1\u0161ho partnera RedFoxLotto pomocou<\/a><\/span><a class=\"thirstylink\" title=\"RedFoxLotto en\" href=\"https:\/\/gambling6.com\/go\/redfoxlotto-en\/\" target=\"_blank\" rel=\"nofollow noopener\">\u00a0tohto odkazu.<\/a><\/p>\n<table style=\"width: 500px;\" border=\"1\" cellspacing=\"5\" cellpadding=\"5\" align=\"center\">\n<tbody>\n<tr>\n<td colspan=\"3\" align=\"center\">P\u00e4\u0165 najv\u00e4\u010d\u0161\u00edch jackpotov za rok 2013<\/td>\n<\/tr>\n<tr>\n<td>\u017drebovanie<\/td>\n<td align=\"center\">D\u00e1tum<\/td>\n<td align=\"center\">Jackpot (USD)<\/td>\n<\/tr>\n<tr>\n<td>New York Lotto &#8211; USA<\/td>\n<td align=\"center\">10. apr\u00edla 2013<\/td>\n<td align=\"right\">26 500 000 USD<\/td>\n<\/tr>\n<tr>\n<td>New York Lotto &#8211; USA<\/td>\n<td align=\"center\">29. j\u00fana 2013<\/td>\n<td align=\"right\">10 700 000 USD<\/td>\n<\/tr>\n<tr>\n<td>New York Lotto &#8211; USA<\/td>\n<td align=\"center\">4. septembra 2013<\/td>\n<td align=\"right\">7 100 000 USD<\/td>\n<\/tr>\n<tr>\n<td>New York Lotto &#8211; USA<\/td>\n<td align=\"center\">6. novembra 2013<\/td>\n<td align=\"right\">6 200 000 USD<\/td>\n<\/tr>\n<tr>\n<td>New York Lotto &#8211; USA<\/td>\n<td align=\"center\">23. novembra 2013<\/td>\n<td align=\"right\">3 200 000 USD<\/td>\n<\/tr>\n<\/tbody>\n<\/table>\n<p>&nbsp;<\/p>\n<table style=\"width: 500px;\" border=\"1\" cellspacing=\"5\" cellpadding=\"5\" align=\"center\">\n<tbody>\n<tr>\n<td colspan=\"3\" align=\"center\">New York Lotto &#8211; \u00darovne v\u00fdhier USA<\/td>\n<\/tr>\n<tr>\n<td>V\u00fdhra<\/td>\n<td align=\"center\">Z\u00e1pasy<\/td>\n<td align=\"center\">Kurzy<\/td>\n<\/tr>\n<tr>\n<td>1. (Jackpot)<\/td>\n<td align=\"center\">6<\/td>\n<td align=\"right\">45 057 474 : 1<\/td>\n<\/tr>\n<tr>\n<td>2.<\/td>\n<td align=\"center\">5 + 1<\/td>\n<td align=\"right\">7 509 579 : 1<\/td>\n<\/tr>\n<tr>\n<td>3.<\/td>\n<td align=\"center\">5<\/td>\n<td align=\"right\">141 690 : 1<\/td>\n<\/tr>\n<tr>\n<td>4.<\/td>\n<td align=\"center\">4<\/td>\n<td align=\"right\">2 180 : 1<\/td>\n<\/tr>\n<tr>\n<td>5.<\/td>\n<td align=\"center\">3<\/td>\n<td align=\"right\">96 : 1<\/td>\n<\/tr>\n<\/tbody>\n<\/table>\n","protected":false},"excerpt":{"rendered":"<p>Newyorsk\u00e1 lot\u00e9ria online S jackpotmi, ktor\u00e9 za\u010d\u00ednaj\u00fa na 3 mili\u00f3noch dol\u00e1rov, sa Newyorsk\u00e1 lot\u00e9ria v de\u0148 \u017erebovania st\u00e1va rovnako ve\u013ekou ako samotn\u00e9 mesto. Pre va\u0161u inform\u00e1ciu, minim\u00e1lny jackpot je ove\u013ea vy\u0161\u0161\u00ed ako vo v\u00e4\u010d\u0161ine pr\u00edpadov, preto pri rozhodovan\u00ed zv\u00e1\u017ete zak\u00fapenie online tiketov do Newyorskej lot\u00e9rie. Ak jackpot nevyhr\u00e1te, m\u00f4\u017eete o\u010dak\u00e1va\u0165 jackpoty s prevodom, ktor\u00e9 sa [&hellip;]<\/p>\n","protected":false},"author":1,"featured_media":0,"parent":9320,"menu_order":12,"comment_status":"closed","ping_status":"closed","template":"","meta":{"footnotes":""},"class_list":["post-9435","page","type-page","status-publish","hentry"],"yoast_head":"<!-- This site is optimized with the Yoast SEO plugin v27.4 - https:\/\/yoast.com\/product\/yoast-seo-wordpress\/ -->\n<title>K\u00fapte si l\u00edstky do newyorskej lot\u00e9rie online<\/title>\n<meta name=\"description\" content=\"Sta\u0148te sa okam\u017eit\u00fdm milion\u00e1rom t\u00fdm, \u017ee si online zaobstar\u00e1te tikety do New York Lotto.\" \/>\n<meta name=\"robots\" content=\"index, follow, max-snippet:-1, max-image-preview:large, max-video-preview:-1\" \/>\n<link rel=\"canonical\" href=\"https:\/\/gambling6.com\/sk\/loteria\/ziskajte-online-listky-na-newyorsku-loteriu\/\" \/>\n<meta property=\"og:locale\" content=\"sk_SK\" \/>\n<meta property=\"og:type\" content=\"article\" \/>\n<meta property=\"og:title\" content=\"K\u00fapte si l\u00edstky do newyorskej lot\u00e9rie online\" \/>\n<meta property=\"og:description\" content=\"Sta\u0148te sa okam\u017eit\u00fdm milion\u00e1rom t\u00fdm, \u017ee si online zaobstar\u00e1te tikety do New York Lotto.\" \/>\n<meta property=\"og:url\" content=\"https:\/\/gambling6.com\/sk\/loteria\/ziskajte-online-listky-na-newyorsku-loteriu\/\" \/>\n<meta property=\"og:site_name\" content=\"Gambling6\" \/>\n<meta name=\"twitter:card\" content=\"summary_large_image\" \/>\n<meta name=\"twitter:label1\" content=\"Predpokladan\u00fd \u010das \u010d\u00edtania\" \/>\n\t<meta name=\"twitter:data1\" content=\"2 min\u00faty\" \/>\n<script type=\"application\/ld+json\" class=\"yoast-schema-graph\">{\"@context\":\"https:\\\/\\\/schema.org\",\"@graph\":[{\"@type\":\"WebPage\",\"@id\":\"https:\\\/\\\/gambling6.com\\\/sk\\\/loteria\\\/ziskajte-online-listky-na-newyorsku-loteriu\\\/\",\"url\":\"https:\\\/\\\/gambling6.com\\\/sk\\\/loteria\\\/ziskajte-online-listky-na-newyorsku-loteriu\\\/\",\"name\":\"K\u00fapte si l\u00edstky do newyorskej lot\u00e9rie online\",\"isPartOf\":{\"@id\":\"https:\\\/\\\/gambling6.com\\\/sk\\\/#website\"},\"datePublished\":\"2025-11-11T02:43:09+00:00\",\"description\":\"Sta\u0148te sa okam\u017eit\u00fdm milion\u00e1rom t\u00fdm, \u017ee si online zaobstar\u00e1te tikety do New York Lotto.\",\"breadcrumb\":{\"@id\":\"https:\\\/\\\/gambling6.com\\\/sk\\\/loteria\\\/ziskajte-online-listky-na-newyorsku-loteriu\\\/#breadcrumb\"},\"inLanguage\":\"sk-SK\",\"potentialAction\":[{\"@type\":\"ReadAction\",\"target\":[\"https:\\\/\\\/gambling6.com\\\/sk\\\/loteria\\\/ziskajte-online-listky-na-newyorsku-loteriu\\\/\"]}]},{\"@type\":\"BreadcrumbList\",\"@id\":\"https:\\\/\\\/gambling6.com\\\/sk\\\/loteria\\\/ziskajte-online-listky-na-newyorsku-loteriu\\\/#breadcrumb\",\"itemListElement\":[{\"@type\":\"ListItem\",\"position\":1,\"name\":\"Home\",\"item\":\"https:\\\/\\\/gambling6.com\\\/sk\\\/home\\\/\"},{\"@type\":\"ListItem\",\"position\":2,\"name\":\"Loteria\",\"item\":\"https:\\\/\\\/gambling6.com\\\/sk\\\/loteria\\\/\"},{\"@type\":\"ListItem\",\"position\":3,\"name\":\"Z\u00edskajte online l\u00edstky na newyorsk\u00fa lot\u00e9riu\"}]},{\"@type\":\"WebSite\",\"@id\":\"https:\\\/\\\/gambling6.com\\\/sk\\\/#website\",\"url\":\"https:\\\/\\\/gambling6.com\\\/sk\\\/\",\"name\":\"Gambling6\",\"description\":\"\",\"potentialAction\":[{\"@type\":\"SearchAction\",\"target\":{\"@type\":\"EntryPoint\",\"urlTemplate\":\"https:\\\/\\\/gambling6.com\\\/sk\\\/?s={search_term_string}\"},\"query-input\":{\"@type\":\"PropertyValueSpecification\",\"valueRequired\":true,\"valueName\":\"search_term_string\"}}],\"inLanguage\":\"sk-SK\"}]}<\/script>\n<!-- \/ Yoast SEO plugin. -->","yoast_head_json":{"title":"K\u00fapte si l\u00edstky do newyorskej lot\u00e9rie online","description":"Sta\u0148te sa okam\u017eit\u00fdm milion\u00e1rom t\u00fdm, \u017ee si online zaobstar\u00e1te tikety do New York Lotto.","robots":{"index":"index","follow":"follow","max-snippet":"max-snippet:-1","max-image-preview":"max-image-preview:large","max-video-preview":"max-video-preview:-1"},"canonical":"https:\/\/gambling6.com\/sk\/loteria\/ziskajte-online-listky-na-newyorsku-loteriu\/","og_locale":"sk_SK","og_type":"article","og_title":"K\u00fapte si l\u00edstky do newyorskej lot\u00e9rie online","og_description":"Sta\u0148te sa okam\u017eit\u00fdm milion\u00e1rom t\u00fdm, \u017ee si online zaobstar\u00e1te tikety do New York Lotto.","og_url":"https:\/\/gambling6.com\/sk\/loteria\/ziskajte-online-listky-na-newyorsku-loteriu\/","og_site_name":"Gambling6","twitter_card":"summary_large_image","twitter_misc":{"Predpokladan\u00fd \u010das \u010d\u00edtania":"2 min\u00faty"},"schema":{"@context":"https:\/\/schema.org","@graph":[{"@type":"WebPage","@id":"https:\/\/gambling6.com\/sk\/loteria\/ziskajte-online-listky-na-newyorsku-loteriu\/","url":"https:\/\/gambling6.com\/sk\/loteria\/ziskajte-online-listky-na-newyorsku-loteriu\/","name":"K\u00fapte si l\u00edstky do newyorskej lot\u00e9rie online","isPartOf":{"@id":"https:\/\/gambling6.com\/sk\/#website"},"datePublished":"2025-11-11T02:43:09+00:00","description":"Sta\u0148te sa okam\u017eit\u00fdm milion\u00e1rom t\u00fdm, \u017ee si online zaobstar\u00e1te tikety do New York Lotto.","breadcrumb":{"@id":"https:\/\/gambling6.com\/sk\/loteria\/ziskajte-online-listky-na-newyorsku-loteriu\/#breadcrumb"},"inLanguage":"sk-SK","potentialAction":[{"@type":"ReadAction","target":["https:\/\/gambling6.com\/sk\/loteria\/ziskajte-online-listky-na-newyorsku-loteriu\/"]}]},{"@type":"BreadcrumbList","@id":"https:\/\/gambling6.com\/sk\/loteria\/ziskajte-online-listky-na-newyorsku-loteriu\/#breadcrumb","itemListElement":[{"@type":"ListItem","position":1,"name":"Home","item":"https:\/\/gambling6.com\/sk\/home\/"},{"@type":"ListItem","position":2,"name":"Loteria","item":"https:\/\/gambling6.com\/sk\/loteria\/"},{"@type":"ListItem","position":3,"name":"Z\u00edskajte online l\u00edstky na newyorsk\u00fa lot\u00e9riu"}]},{"@type":"WebSite","@id":"https:\/\/gambling6.com\/sk\/#website","url":"https:\/\/gambling6.com\/sk\/","name":"Gambling6","description":"","potentialAction":[{"@type":"SearchAction","target":{"@type":"EntryPoint","urlTemplate":"https:\/\/gambling6.com\/sk\/?s={search_term_string}"},"query-input":{"@type":"PropertyValueSpecification","valueRequired":true,"valueName":"search_term_string"}}],"inLanguage":"sk-SK"}]}},"_links":{"self":[{"href":"https:\/\/gambling6.com\/sk\/wp-json\/wp\/v2\/pages\/9435","targetHints":{"allow":["GET"]}}],"collection":[{"href":"https:\/\/gambling6.com\/sk\/wp-json\/wp\/v2\/pages"}],"about":[{"href":"https:\/\/gambling6.com\/sk\/wp-json\/wp\/v2\/types\/page"}],"author":[{"embeddable":true,"href":"https:\/\/gambling6.com\/sk\/wp-json\/wp\/v2\/users\/1"}],"replies":[{"embeddable":true,"href":"https:\/\/gambling6.com\/sk\/wp-json\/wp\/v2\/comments?post=9435"}],"version-history":[{"count":0,"href":"https:\/\/gambling6.com\/sk\/wp-json\/wp\/v2\/pages\/9435\/revisions"}],"up":[{"embeddable":true,"href":"https:\/\/gambling6.com\/sk\/wp-json\/wp\/v2\/pages\/9320"}],"wp:attachment":[{"href":"https:\/\/gambling6.com\/sk\/wp-json\/wp\/v2\/media?parent=9435"}],"curies":[{"name":"wp","href":"https:\/\/api.w.org\/{rel}","templated":true}]}}