{"id":9501,"date":"2025-11-11T03:54:09","date_gmt":"2025-11-11T03:54:09","guid":{"rendered":"https:\/\/gambling6.com\/loteria\/zucastnite-sa-loterie-kanada-6-49\/"},"modified":"2025-11-11T03:54:09","modified_gmt":"2025-11-11T03:54:09","slug":"zucastnite-sa-loterie-kanada-6-49","status":"publish","type":"page","link":"https:\/\/gambling6.com\/sk\/loteria\/zucastnite-sa-loterie-kanada-6-49\/","title":{"rendered":"Z\u00fa\u010dastnite sa lot\u00e9rie Kanada 6\/49"},"content":{"rendered":"<h2>Kanadsk\u00e1 lot\u00e9ria 6\/49<\/h2>\n<p>Od roku 1982 boli v Kanade v zime zaru\u010den\u00e9 dve veci. Prvou vecou, \u200b\u200bna ktor\u00fa ste sa mohli spo\u013eahn\u00fa\u0165, bolo, \u017ee ste mohli sledova\u0165 Hokejov\u00fd ve\u010der v Kanade na CBC. Druhou vecou, \u200b\u200bktor\u00fa ste mohli predpoveda\u0165, bolo, \u017ee sa niekto stane milion\u00e1rom hran\u00edm Lotta 6\/49. Dnes sa st\u00e1le m\u00f4\u017eete spo\u013eahn\u00fa\u0165 na \u017erebovanie v sobotu ve\u010der. <strong>Ve\u013ek\u00fd rozdiel je dnes v tom, \u017ee si m\u00f4\u017eete k\u00fapi\u0165 online tikety na \u017erebovanie kanadskej lot\u00e9rie Lotto 6\/49.<\/strong> N\u00e1jdite si \u010das a <a class=\"thirstylink\" title=\"Redfoxlotto\" href=\"https:\/\/gambling6.com\/go\/redfoxlotto\/\" target=\"_blank\" rel=\"nofollow noopener\">zak\u00fapte si tikety online e\u0161te dnes u n\u00e1\u0161ho partnera RedFoxLotto.com.<\/a><img loading=\"lazy\" decoding=\"async\" class=\" alignright size-full wp-image-562\" style=\"margin: 10px; border: 5px solid #ffffff; float: right;\" src=\"http:\/\/gambling6.com\/wp-content\/uploads\/2013\/12\/get-online-649-lotto-tickets.png\" alt=\"Lotto 6\/49 Kanada\" width=\"300\" height=\"190\" \/><\/p>\n<p>Pravdepodobnos\u0165, \u017ee niekto vyhr\u00e1 prv\u00fa cenu v kanadskej lot\u00e9rii Lotto 6\/49, je 13 983 816:1. Celkov\u00e1 \u0161anca na z\u00edskanie odmeny je zhruba jedna ku 32. Ak chcete z\u00edska\u0165 online tikety, najsk\u00f4r si vyberte \u0161es\u0165 hlavn\u00fdch guli\u010diek od 1 do 49. <strong>Ak chcete z\u00edska\u0165 podiel na jackpotu, mus\u00edte uh\u00e1dnu\u0165 v\u0161etk\u00fdch \u0161es\u0165 vy\u017erebovan\u00fdch \u010d\u00edsel<\/strong>. Ak chcete z\u00edska\u0165 druh\u00fa cenu, spr\u00e1vne si vyberte p\u00e4\u0165 hlavn\u00fdch \u010d\u00edsel a bonusov\u00e9 \u010d\u00edslo. \u017drebovania sa konaj\u00fa v sobotu a stredu ve\u010der pribli\u017ene o 19:10 EST v Kanade. Existuje \u0161es\u0165 \u00farovn\u00ed v\u00fdhier a ak si nikto nen\u00e1rokuje jackpot, prenesie sa do \u010fal\u0161ej hry, k\u00fdm niekto nakoniec nevyhr\u00e1.<\/p>\n<h2>Hrajte o obrovsk\u00e9 jackpoty s online tikety pre Lotto 6\/49<\/h2>\n<table style=\"width: 500px;\" border=\"1\" cellspacing=\"5\" cellpadding=\"5\" align=\"center\">\n<tbody>\n<tr>\n<td colspan=\"3\" align=\"center\">P\u00e4\u0165 najv\u00e4\u010d\u0161\u00edch jackpotov za rok 2013<\/td>\n<\/tr>\n<tr>\n<td>\u017drebovanie<\/td>\n<td align=\"center\">D\u00e1tum<\/td>\n<td align=\"center\">Jackpot (USD)<\/td>\n<\/tr>\n<tr>\n<td>Lotto 6\/49 &#8211; Kanada<\/td>\n<td align=\"center\">13. apr\u00edla 2013<\/td>\n<td align=\"right\">58 974 913 USD<\/td>\n<\/tr>\n<tr>\n<td>Lotto 6\/49 &#8211; Kanada<\/td>\n<td align=\"center\">12. okt\u00f3bra 2013<\/td>\n<td align=\"right\">37 200 000 USD<\/td>\n<\/tr>\n<tr>\n<td>Loto 6\/49 \u2013 Kanada<\/td>\n<td align=\"center\">30. okt\u00f3bra 2013<\/td>\n<td align=\"right\">18 807 390 USD<\/td>\n<\/tr>\n<tr>\n<td>Loto 6\/49 \u2013 Kanada<\/td>\n<td align=\"center\">6. j\u00fala 2013<\/td>\n<td align=\"right\">18 351 756 USD<\/td>\n<\/tr>\n<tr>\n<td>Loto 6\/49 \u2013 Kanada<\/td>\n<td align=\"center\">4. decembra 2013<\/td>\n<td align=\"right\">17 670 000 USD<\/td>\n<\/tr>\n<\/tbody>\n<\/table>\n<h2>Mnoho \u00farovn\u00ed v\u00fdhier vyhra\u0165 s online lot\u00e9riov\u00fdmi tiketami<\/h2>\n<p>Mo\u017enos\u0165 vyhra\u0165 so siedmimi r\u00f4znymi \u00farov\u0148ami v\u00fdhier otv\u00e1ra svet mo\u017enost\u00ed, ako zarobi\u0165 peniaze, ke\u010f si k\u00fapite online tikety pre Lotto 6\/49. Mnoho \u013eud\u00ed v skuto\u010dnosti zab\u00fada na v\u0161etky \u010fal\u0161ie \u00farovne, na ktor\u00fdch je mo\u017en\u00e9 vyhra\u0165 cenu. Je d\u00f4le\u017eit\u00e9, aby ste si po zak\u00fapen\u00ed tiketov skontrolovali, \u010di ste nie\u010do vyhrali.<\/p>\n<p>Je faktom, \u017ee ve\u013ea \u013eud\u00ed si ka\u017ed\u00fd t\u00fd\u017ede\u0148 kupuje tikety a po tom, \u010do sa dozvedia, \u017ee niekto in\u00fd si k\u00fapil tiket na inom mieste ako oni a vyhral jackpot, si ich nekontroluj\u00fa. <b>Rovnako ako je jednoduch\u00e9 k\u00fapi\u0165 si tikety Lotto 6\/49 online, rovnako jednoduch\u00e9 je aj skontrolova\u0165 si svoje tikety online.<\/b> Existuje mno\u017estvo n\u00e1strojov, ktor\u00e9 v\u00e1m pom\u00f4\u017eu preh\u013ead\u00e1va\u0165 mno\u017estvo datab\u00e1z hlavn\u00fdch lot\u00e9ri\u00ed na celom svete.<\/p>\n<table style=\"width: 500px;\" border=\"1\" cellspacing=\"5\" cellpadding=\"5\" align=\"center\">\n<tbody>\n<tr>\n<td colspan=\"3\" align=\"center\">Lotto 6\/49 &#8211; Kanadsk\u00e9 \u00farovne v\u00fdhier<\/td>\n<\/tr>\n<tr>\n<td>Cena<\/td>\n<td align=\"center\">Z\u00e1pasy<\/td>\n<td align=\"center\">Kurzy<\/td>\n<\/tr>\n<tr>\n<td>1. (Jackpot)<\/td>\n<td align=\"center\">6<\/td>\n<td align=\"right\">13 983 816 : 1<\/td>\n<\/tr>\n<tr>\n<td>2.<\/td>\n<td align=\"center\">5 + 1<\/td>\n<td align=\"right\">2 330 636 : 1<\/td>\n<\/tr>\n<tr>\n<td>3.<\/td>\n<td align=\"center\">5<\/td>\n<td align=\"right\">55 492 : 1<\/td>\n<\/tr>\n<tr>\n<td>4.<\/td>\n<td align=\"center\">4<\/td>\n<td align=\"right\">1 033 : 1<\/td>\n<\/tr>\n<tr>\n<td>5.<\/td>\n<td align=\"center\">3<\/td>\n<td align=\"right\">57 : 1<\/td>\n<\/tr>\n<tr>\n<td>6.<\/td>\n<td align=\"center\">2 + 1<\/td>\n<td align=\"right\">81 : 1<\/td>\n<\/tr>\n<tr>\n<td>7.<\/td>\n<td align=\"center\">2<\/td>\n<td align=\"right\">8 : 1<\/td>\n<\/tr>\n<\/tbody>\n<\/table>\n<p style=\"text-align: center;\"><strong>Zahrajte si kanadsk\u00fa lot\u00e9riu 6\/49 online a u\u017eite si slobodu, ktor\u00fa v\u00e1m prin\u00e1\u0161a sta\u0165 sa milion\u00e1rom!<\/strong><\/p>\n","protected":false},"excerpt":{"rendered":"<p>Kanadsk\u00e1 lot\u00e9ria 6\/49 Od roku 1982 boli v Kanade v zime zaru\u010den\u00e9 dve veci. Prvou vecou, \u200b\u200bna ktor\u00fa ste sa mohli spo\u013eahn\u00fa\u0165, bolo, \u017ee ste mohli sledova\u0165 Hokejov\u00fd ve\u010der v Kanade na CBC. Druhou vecou, \u200b\u200bktor\u00fa ste mohli predpoveda\u0165, bolo, \u017ee sa niekto stane milion\u00e1rom hran\u00edm Lotta 6\/49. Dnes sa st\u00e1le m\u00f4\u017eete spo\u013eahn\u00fa\u0165 na \u017erebovanie [&hellip;]<\/p>\n","protected":false},"author":1,"featured_media":9485,"parent":9320,"menu_order":5,"comment_status":"closed","ping_status":"closed","template":"","meta":{"footnotes":""},"class_list":["post-9501","page","type-page","status-publish","has-post-thumbnail","hentry"],"yoast_head":"<!-- This site is optimized with the Yoast SEO plugin v27.3 - https:\/\/yoast.com\/product\/yoast-seo-wordpress\/ -->\n<title>Z\u00edskajte online l\u00edstky na kanadsk\u00fa lot\u00e9riu 6\/49<\/title>\n<meta name=\"description\" content=\"Teraz je jednoduch\u00e9 z\u00edska\u0165 online tikety na Lotto 6\/49 v Kanade.\" \/>\n<meta name=\"robots\" content=\"index, follow, max-snippet:-1, max-image-preview:large, max-video-preview:-1\" \/>\n<link rel=\"canonical\" href=\"https:\/\/gambling6.com\/sk\/loteria\/zucastnite-sa-loterie-kanada-6-49\/\" \/>\n<meta property=\"og:locale\" content=\"sk_SK\" \/>\n<meta property=\"og:type\" content=\"article\" \/>\n<meta property=\"og:title\" content=\"Z\u00edskajte online l\u00edstky na kanadsk\u00fa lot\u00e9riu 6\/49\" \/>\n<meta property=\"og:description\" content=\"Teraz je jednoduch\u00e9 z\u00edska\u0165 online tikety na Lotto 6\/49 v Kanade.\" \/>\n<meta property=\"og:url\" content=\"https:\/\/gambling6.com\/sk\/loteria\/zucastnite-sa-loterie-kanada-6-49\/\" \/>\n<meta property=\"og:site_name\" content=\"Gambling6\" \/>\n<meta property=\"og:image\" content=\"https:\/\/gambling6.com\/wp-content\/uploads\/2013\/12\/get-online-649-lotto-tickets.png\" \/>\n\t<meta property=\"og:image:width\" content=\"300\" \/>\n\t<meta property=\"og:image:height\" content=\"190\" \/>\n\t<meta property=\"og:image:type\" content=\"image\/png\" \/>\n<meta name=\"twitter:card\" content=\"summary_large_image\" \/>\n<meta name=\"twitter:label1\" content=\"Predpokladan\u00fd \u010das \u010d\u00edtania\" \/>\n\t<meta name=\"twitter:data1\" content=\"2 min\u00faty\" \/>\n<script type=\"application\/ld+json\" class=\"yoast-schema-graph\">{\"@context\":\"https:\\\/\\\/schema.org\",\"@graph\":[{\"@type\":\"WebPage\",\"@id\":\"https:\\\/\\\/gambling6.com\\\/sk\\\/loteria\\\/zucastnite-sa-loterie-kanada-6-49\\\/\",\"url\":\"https:\\\/\\\/gambling6.com\\\/sk\\\/loteria\\\/zucastnite-sa-loterie-kanada-6-49\\\/\",\"name\":\"Z\u00edskajte online l\u00edstky na kanadsk\u00fa lot\u00e9riu 6\\\/49\",\"isPartOf\":{\"@id\":\"https:\\\/\\\/gambling6.com\\\/sk\\\/#website\"},\"primaryImageOfPage\":{\"@id\":\"https:\\\/\\\/gambling6.com\\\/sk\\\/loteria\\\/zucastnite-sa-loterie-kanada-6-49\\\/#primaryimage\"},\"image\":{\"@id\":\"https:\\\/\\\/gambling6.com\\\/sk\\\/loteria\\\/zucastnite-sa-loterie-kanada-6-49\\\/#primaryimage\"},\"thumbnailUrl\":\"https:\\\/\\\/gambling6.com\\\/wp-content\\\/uploads\\\/2013\\\/12\\\/get-online-649-lotto-tickets.png\",\"datePublished\":\"2025-11-11T03:54:09+00:00\",\"description\":\"Teraz je jednoduch\u00e9 z\u00edska\u0165 online tikety na Lotto 6\\\/49 v Kanade.\",\"breadcrumb\":{\"@id\":\"https:\\\/\\\/gambling6.com\\\/sk\\\/loteria\\\/zucastnite-sa-loterie-kanada-6-49\\\/#breadcrumb\"},\"inLanguage\":\"sk-SK\",\"potentialAction\":[{\"@type\":\"ReadAction\",\"target\":[\"https:\\\/\\\/gambling6.com\\\/sk\\\/loteria\\\/zucastnite-sa-loterie-kanada-6-49\\\/\"]}]},{\"@type\":\"ImageObject\",\"inLanguage\":\"sk-SK\",\"@id\":\"https:\\\/\\\/gambling6.com\\\/sk\\\/loteria\\\/zucastnite-sa-loterie-kanada-6-49\\\/#primaryimage\",\"url\":\"https:\\\/\\\/gambling6.com\\\/wp-content\\\/uploads\\\/2013\\\/12\\\/get-online-649-lotto-tickets.png\",\"contentUrl\":\"https:\\\/\\\/gambling6.com\\\/wp-content\\\/uploads\\\/2013\\\/12\\\/get-online-649-lotto-tickets.png\",\"width\":300,\"height\":190},{\"@type\":\"BreadcrumbList\",\"@id\":\"https:\\\/\\\/gambling6.com\\\/sk\\\/loteria\\\/zucastnite-sa-loterie-kanada-6-49\\\/#breadcrumb\",\"itemListElement\":[{\"@type\":\"ListItem\",\"position\":1,\"name\":\"Home\",\"item\":\"https:\\\/\\\/gambling6.com\\\/sk\\\/home\\\/\"},{\"@type\":\"ListItem\",\"position\":2,\"name\":\"Loteria\",\"item\":\"https:\\\/\\\/gambling6.com\\\/sk\\\/loteria\\\/\"},{\"@type\":\"ListItem\",\"position\":3,\"name\":\"Z\u00fa\u010dastnite sa lot\u00e9rie Kanada 6\\\/49\"}]},{\"@type\":\"WebSite\",\"@id\":\"https:\\\/\\\/gambling6.com\\\/sk\\\/#website\",\"url\":\"https:\\\/\\\/gambling6.com\\\/sk\\\/\",\"name\":\"Gambling6\",\"description\":\"\",\"potentialAction\":[{\"@type\":\"SearchAction\",\"target\":{\"@type\":\"EntryPoint\",\"urlTemplate\":\"https:\\\/\\\/gambling6.com\\\/sk\\\/?s={search_term_string}\"},\"query-input\":{\"@type\":\"PropertyValueSpecification\",\"valueRequired\":true,\"valueName\":\"search_term_string\"}}],\"inLanguage\":\"sk-SK\"}]}<\/script>\n<!-- \/ Yoast SEO plugin. -->","yoast_head_json":{"title":"Z\u00edskajte online l\u00edstky na kanadsk\u00fa lot\u00e9riu 6\/49","description":"Teraz je jednoduch\u00e9 z\u00edska\u0165 online tikety na Lotto 6\/49 v Kanade.","robots":{"index":"index","follow":"follow","max-snippet":"max-snippet:-1","max-image-preview":"max-image-preview:large","max-video-preview":"max-video-preview:-1"},"canonical":"https:\/\/gambling6.com\/sk\/loteria\/zucastnite-sa-loterie-kanada-6-49\/","og_locale":"sk_SK","og_type":"article","og_title":"Z\u00edskajte online l\u00edstky na kanadsk\u00fa lot\u00e9riu 6\/49","og_description":"Teraz je jednoduch\u00e9 z\u00edska\u0165 online tikety na Lotto 6\/49 v Kanade.","og_url":"https:\/\/gambling6.com\/sk\/loteria\/zucastnite-sa-loterie-kanada-6-49\/","og_site_name":"Gambling6","og_image":[{"width":300,"height":190,"url":"https:\/\/gambling6.com\/wp-content\/uploads\/2013\/12\/get-online-649-lotto-tickets.png","type":"image\/png"}],"twitter_card":"summary_large_image","twitter_misc":{"Predpokladan\u00fd \u010das \u010d\u00edtania":"2 min\u00faty"},"schema":{"@context":"https:\/\/schema.org","@graph":[{"@type":"WebPage","@id":"https:\/\/gambling6.com\/sk\/loteria\/zucastnite-sa-loterie-kanada-6-49\/","url":"https:\/\/gambling6.com\/sk\/loteria\/zucastnite-sa-loterie-kanada-6-49\/","name":"Z\u00edskajte online l\u00edstky na kanadsk\u00fa lot\u00e9riu 6\/49","isPartOf":{"@id":"https:\/\/gambling6.com\/sk\/#website"},"primaryImageOfPage":{"@id":"https:\/\/gambling6.com\/sk\/loteria\/zucastnite-sa-loterie-kanada-6-49\/#primaryimage"},"image":{"@id":"https:\/\/gambling6.com\/sk\/loteria\/zucastnite-sa-loterie-kanada-6-49\/#primaryimage"},"thumbnailUrl":"https:\/\/gambling6.com\/wp-content\/uploads\/2013\/12\/get-online-649-lotto-tickets.png","datePublished":"2025-11-11T03:54:09+00:00","description":"Teraz je jednoduch\u00e9 z\u00edska\u0165 online tikety na Lotto 6\/49 v Kanade.","breadcrumb":{"@id":"https:\/\/gambling6.com\/sk\/loteria\/zucastnite-sa-loterie-kanada-6-49\/#breadcrumb"},"inLanguage":"sk-SK","potentialAction":[{"@type":"ReadAction","target":["https:\/\/gambling6.com\/sk\/loteria\/zucastnite-sa-loterie-kanada-6-49\/"]}]},{"@type":"ImageObject","inLanguage":"sk-SK","@id":"https:\/\/gambling6.com\/sk\/loteria\/zucastnite-sa-loterie-kanada-6-49\/#primaryimage","url":"https:\/\/gambling6.com\/wp-content\/uploads\/2013\/12\/get-online-649-lotto-tickets.png","contentUrl":"https:\/\/gambling6.com\/wp-content\/uploads\/2013\/12\/get-online-649-lotto-tickets.png","width":300,"height":190},{"@type":"BreadcrumbList","@id":"https:\/\/gambling6.com\/sk\/loteria\/zucastnite-sa-loterie-kanada-6-49\/#breadcrumb","itemListElement":[{"@type":"ListItem","position":1,"name":"Home","item":"https:\/\/gambling6.com\/sk\/home\/"},{"@type":"ListItem","position":2,"name":"Loteria","item":"https:\/\/gambling6.com\/sk\/loteria\/"},{"@type":"ListItem","position":3,"name":"Z\u00fa\u010dastnite sa lot\u00e9rie Kanada 6\/49"}]},{"@type":"WebSite","@id":"https:\/\/gambling6.com\/sk\/#website","url":"https:\/\/gambling6.com\/sk\/","name":"Gambling6","description":"","potentialAction":[{"@type":"SearchAction","target":{"@type":"EntryPoint","urlTemplate":"https:\/\/gambling6.com\/sk\/?s={search_term_string}"},"query-input":{"@type":"PropertyValueSpecification","valueRequired":true,"valueName":"search_term_string"}}],"inLanguage":"sk-SK"}]}},"_links":{"self":[{"href":"https:\/\/gambling6.com\/sk\/wp-json\/wp\/v2\/pages\/9501","targetHints":{"allow":["GET"]}}],"collection":[{"href":"https:\/\/gambling6.com\/sk\/wp-json\/wp\/v2\/pages"}],"about":[{"href":"https:\/\/gambling6.com\/sk\/wp-json\/wp\/v2\/types\/page"}],"author":[{"embeddable":true,"href":"https:\/\/gambling6.com\/sk\/wp-json\/wp\/v2\/users\/1"}],"replies":[{"embeddable":true,"href":"https:\/\/gambling6.com\/sk\/wp-json\/wp\/v2\/comments?post=9501"}],"version-history":[{"count":0,"href":"https:\/\/gambling6.com\/sk\/wp-json\/wp\/v2\/pages\/9501\/revisions"}],"up":[{"embeddable":true,"href":"https:\/\/gambling6.com\/sk\/wp-json\/wp\/v2\/pages\/9320"}],"wp:featuredmedia":[{"embeddable":true,"href":"https:\/\/gambling6.com\/sk\/wp-json\/wp\/v2\/media\/9485"}],"wp:attachment":[{"href":"https:\/\/gambling6.com\/sk\/wp-json\/wp\/v2\/media?parent=9501"}],"curies":[{"name":"wp","href":"https:\/\/api.w.org\/{rel}","templated":true}]}}