{"id":9617,"date":"2025-11-11T08:01:57","date_gmt":"2025-11-11T08:01:57","guid":{"rendered":"https:\/\/gambling6.com\/loteria\/kupte-si-listky-na-loteriu-na-floride-online\/"},"modified":"2025-11-11T08:01:57","modified_gmt":"2025-11-11T08:01:57","slug":"kupte-si-listky-na-loteriu-na-floride-online","status":"publish","type":"page","link":"https:\/\/gambling6.com\/sk\/loteria\/kupte-si-listky-na-loteriu-na-floride-online\/","title":{"rendered":"K\u00fapte si l\u00edstky na lot\u00e9riu na Floride online"},"content":{"rendered":"<h2>Florida Lotto<\/h2>\n<p>Hor\u00faci \u0161t\u00e1t, hor\u00faca lot\u00e9ria! \u013dudia na Floride by ur\u010dite s\u00fahlasili s t\u00fdm, \u017ee ich lot\u00e9ria je nevyhnutnos\u0165ou ka\u017ed\u00fa stredu a sobotu. S jackpotmi za\u010d\u00ednaj\u00facimi na 2 mili\u00f3noch dol\u00e1rov a pomerne \u010dasto presahuj\u00facimi 10 mili\u00f3nov a viac sa Floridsk\u00e1 lot\u00e9ria stala neuverite\u013ene popul\u00e1rnou medzi nad\u0161encami a fan\u00fa\u0161ikmi online lot\u00e9ri\u00ed. <strong>Z\u00edska\u0165 tikety do Floridskej lot\u00e9rie online je jednoduch\u0161ie ako cestova\u0165 na Floridu, aby ste si ich k\u00fapili.<\/strong><\/p>\n<p>Hoci je \u0161anca na v\u00fdhru jackpotu jedna z 22 957 480,<strong>m\u00e1te lep\u0161iu \u0161ancu ako 1 z 67 vyhra\u0165 jednu z dostupn\u00fdch cien v \u0161tyroch \u00farovniach<\/strong>. Ke\u010f\u017ee existuj\u00fa iba \u0161tyri \u00farovne v\u00fdhier, sumy pe\u0148az\u00ed s\u00fa vy\u0161\u0161ie ako vo v\u00e4\u010d\u0161ine ostatn\u00fdch lot\u00e9ri\u00ed. Napriek tomu v\u00fdhra jackpotu nie je vyl\u00fa\u010den\u00e1. Rekordn\u00fd jackpot bol nie\u010do vy\u0161e 106 mili\u00f3nov dol\u00e1rov; v \u010dase, ke\u010f bol vyhran\u00fd, to bol jeden z najv\u00e4\u010d\u0161\u00edch jackpotov v americkej hist\u00f3rii.<\/p>\n<h2>Florida Lotto podporuje vzdel\u00e1vanie<\/h2>\n<p>V roku 1988 bola zalo\u017een\u00e1 Florida Lotto s cie\u013eom pom\u00f4c\u0165 financova\u0165 vzdel\u00e1vanie v \u0161t\u00e1te Florida. Na t\u00fato vec sa vyzbieralo ve\u013ea pe\u0148az\u00ed a v\u010faka pridaniu online predaja zaznamenala Florida Lotto r\u00fdchly rast jackpotov. Je to zrejm\u00e9 z rekordn\u00e9ho jackpotu v roku 1990 vo v\u00fd\u0161ke 106 mili\u00f3nov dol\u00e1rov. <strong>Tento rekordn\u00fd jackpot si vybojovalo \u0161es\u0165 r\u00f4znych v\u00fdhercov, pri\u010dom v\u0161etci mali \u010d\u00edsla na svojom tikete.<\/strong><\/p>\n<p>Ak chcete hra\u0165 t\u00fato lot\u00e9riu, mus\u00edte si vybra\u0165 \u0161es\u0165 \u010d\u00edsel od 1 do 53. Ak si chcete vybojova\u0165 jackpot, sta\u010d\u00ed uh\u00e1dnu\u0165 v\u0161etk\u00fdch \u0161es\u0165 \u010d\u00edsel. Ak si jackpot nevybojujete, prenesie sa do \u010fal\u0161ieho \u017erebovania. Ako dr\u017eite\u013e online tiketu m\u00e1te mo\u017enos\u0165 z\u00edska\u0165 \u0161tyri r\u00f4zne \u00farovne v\u00fdhier, ktor\u00e9 v\u00e1m m\u00f4\u017eu tie\u017e prinies\u0165 ve\u013ea pe\u0148az\u00ed.<\/p>\n<p>Mo\u017eno nezvl\u00e1date hor\u00face podnebie, ktor\u00e9 Florida pon\u00faka. Napriek tomu m\u00f4\u017eete ur\u010dite <a class=\"thirstylink\" title=\"TheLotter en\" href=\"https:\/\/gambling6.com\/go\/thelotter-en\/\" target=\"_blank\" rel=\"nofollow noopener\"><strong>vyu\u017ei\u0165 mo\u017enos\u0165 z\u00edska\u0165 online tikety pre Florida Lotto n\u00e1v\u0161tevou n\u00e1\u0161ho partnera, TheLotter<\/strong>.<\/a><\/p>\n<p>&nbsp;<\/p>\n<table style=\"width: 500px;\" border=\"1\" cellspacing=\"5\" cellpadding=\"5\" align=\"center\">\n<tbody>\n<tr>\n<td colspan=\"3\" align=\"center\">Najv\u00e4\u010d\u0161ie jackpoty za rok 2013<\/td>\n<\/tr>\n<tr>\n<td>\u017drebovanie<\/td>\n<td align=\"center\">D\u00e1tum<\/td>\n<td align=\"center\">Jackpot (USD)<\/td>\n<\/tr>\n<tr>\n<td>Florida Lotto &#8211; USA<\/td>\n<td align=\"center\">24. augusta 2013<\/td>\n<td align=\"right\">58 000 000 USD<\/td>\n<\/tr>\n<tr>\n<td>Florida Lotto &#8211; USA<\/td>\n<td align=\"center\">18. decembra 2013<\/td>\n<td align=\"right\">46 000 000 USD<\/td>\n<\/tr>\n<\/tbody>\n<\/table>\n<table style=\"width: 500px;\" border=\"1\" cellspacing=\"5\" cellpadding=\"5\" align=\"center\">\n<tbody>\n<tr>\n<td colspan=\"3\" align=\"center\">Florida Lotto &#8211; \u00darovne v\u00fdhier USA<\/td>\n<\/tr>\n<tr>\n<td>Cena<\/td>\n<td align=\"center\">Z\u00e1pasy<\/td>\n<td align=\"center\">Kurzy<\/td>\n<\/tr>\n<tr>\n<td>1. (Jackpot)<\/td>\n<td align=\"center\">6<\/td>\n<td align=\"right\">22 957 480 : 1<\/td>\n<\/tr>\n<tr>\n<td>2.<\/td>\n<td align=\"center\">5<\/td>\n<td align=\"right\">81 410 : 1<\/td>\n<\/tr>\n<tr>\n<td>3.<\/td>\n<td zarovnanie=\"center\">4<\/td>\n<td zarovnanie=\"right\">1 416 : 1<\/td>\n<\/tr>\n<tr>\n<td>4.<\/td>\n<td zarovnanie=\"center\">3<\/td>\n<td zarovnanie=\"right\">71 : 1<\/td>\n<\/tr>\n<\/tbody>\n<\/table>\n","protected":false},"excerpt":{"rendered":"<p>Florida Lotto Hor\u00faci \u0161t\u00e1t, hor\u00faca lot\u00e9ria! \u013dudia na Floride by ur\u010dite s\u00fahlasili s t\u00fdm, \u017ee ich lot\u00e9ria je nevyhnutnos\u0165ou ka\u017ed\u00fa stredu a sobotu. S jackpotmi za\u010d\u00ednaj\u00facimi na 2 mili\u00f3noch dol\u00e1rov a pomerne \u010dasto presahuj\u00facimi 10 mili\u00f3nov a viac sa Floridsk\u00e1 lot\u00e9ria stala neuverite\u013ene popul\u00e1rnou medzi nad\u0161encami a fan\u00fa\u0161ikmi online lot\u00e9ri\u00ed. Z\u00edska\u0165 tikety do Floridskej lot\u00e9rie [&hellip;]<\/p>\n","protected":false},"author":1,"featured_media":0,"parent":9320,"menu_order":11,"comment_status":"closed","ping_status":"closed","template":"","meta":{"footnotes":""},"class_list":["post-9617","page","type-page","status-publish","hentry"],"yoast_head":"<!-- This site is optimized with the Yoast SEO plugin v27.5 - https:\/\/yoast.com\/product\/yoast-seo-wordpress\/ -->\n<title>Z\u00edskajte online l\u00edstky na lot\u00e9riu na Floride<\/title>\n<meta name=\"description\" content=\"Zapojte sa do lot\u00e9rie Florida Lotto a prekonajte hor\u00fa\u010davy t\u00fdm, \u017ee si zaobstar\u00e1te tikety online.\" \/>\n<meta name=\"robots\" content=\"index, follow, max-snippet:-1, max-image-preview:large, max-video-preview:-1\" \/>\n<link rel=\"canonical\" href=\"https:\/\/gambling6.com\/sk\/loteria\/kupte-si-listky-na-loteriu-na-floride-online\/\" \/>\n<meta property=\"og:locale\" content=\"sk_SK\" \/>\n<meta property=\"og:type\" content=\"article\" \/>\n<meta property=\"og:title\" content=\"Z\u00edskajte online l\u00edstky na lot\u00e9riu na Floride\" \/>\n<meta property=\"og:description\" content=\"Zapojte sa do lot\u00e9rie Florida Lotto a prekonajte hor\u00fa\u010davy t\u00fdm, \u017ee si zaobstar\u00e1te tikety online.\" \/>\n<meta property=\"og:url\" content=\"https:\/\/gambling6.com\/sk\/loteria\/kupte-si-listky-na-loteriu-na-floride-online\/\" \/>\n<meta property=\"og:site_name\" content=\"Gambling6\" \/>\n<meta name=\"twitter:card\" content=\"summary_large_image\" \/>\n<meta name=\"twitter:label1\" content=\"Predpokladan\u00fd \u010das \u010d\u00edtania\" \/>\n\t<meta name=\"twitter:data1\" content=\"2 min\u00faty\" \/>\n<script type=\"application\/ld+json\" class=\"yoast-schema-graph\">{\"@context\":\"https:\\\/\\\/schema.org\",\"@graph\":[{\"@type\":\"WebPage\",\"@id\":\"https:\\\/\\\/gambling6.com\\\/sk\\\/loteria\\\/kupte-si-listky-na-loteriu-na-floride-online\\\/\",\"url\":\"https:\\\/\\\/gambling6.com\\\/sk\\\/loteria\\\/kupte-si-listky-na-loteriu-na-floride-online\\\/\",\"name\":\"Z\u00edskajte online l\u00edstky na lot\u00e9riu na Floride\",\"isPartOf\":{\"@id\":\"https:\\\/\\\/gambling6.com\\\/sk\\\/#website\"},\"datePublished\":\"2025-11-11T08:01:57+00:00\",\"description\":\"Zapojte sa do lot\u00e9rie Florida Lotto a prekonajte hor\u00fa\u010davy t\u00fdm, \u017ee si zaobstar\u00e1te tikety online.\",\"breadcrumb\":{\"@id\":\"https:\\\/\\\/gambling6.com\\\/sk\\\/loteria\\\/kupte-si-listky-na-loteriu-na-floride-online\\\/#breadcrumb\"},\"inLanguage\":\"sk-SK\",\"potentialAction\":[{\"@type\":\"ReadAction\",\"target\":[\"https:\\\/\\\/gambling6.com\\\/sk\\\/loteria\\\/kupte-si-listky-na-loteriu-na-floride-online\\\/\"]}]},{\"@type\":\"BreadcrumbList\",\"@id\":\"https:\\\/\\\/gambling6.com\\\/sk\\\/loteria\\\/kupte-si-listky-na-loteriu-na-floride-online\\\/#breadcrumb\",\"itemListElement\":[{\"@type\":\"ListItem\",\"position\":1,\"name\":\"Home\",\"item\":\"https:\\\/\\\/gambling6.com\\\/sk\\\/home\\\/\"},{\"@type\":\"ListItem\",\"position\":2,\"name\":\"Loteria\",\"item\":\"https:\\\/\\\/gambling6.com\\\/sk\\\/loteria\\\/\"},{\"@type\":\"ListItem\",\"position\":3,\"name\":\"K\u00fapte si l\u00edstky na lot\u00e9riu na Floride online\"}]},{\"@type\":\"WebSite\",\"@id\":\"https:\\\/\\\/gambling6.com\\\/sk\\\/#website\",\"url\":\"https:\\\/\\\/gambling6.com\\\/sk\\\/\",\"name\":\"Gambling6\",\"description\":\"\",\"potentialAction\":[{\"@type\":\"SearchAction\",\"target\":{\"@type\":\"EntryPoint\",\"urlTemplate\":\"https:\\\/\\\/gambling6.com\\\/sk\\\/?s={search_term_string}\"},\"query-input\":{\"@type\":\"PropertyValueSpecification\",\"valueRequired\":true,\"valueName\":\"search_term_string\"}}],\"inLanguage\":\"sk-SK\"}]}<\/script>\n<!-- \/ Yoast SEO plugin. -->","yoast_head_json":{"title":"Z\u00edskajte online l\u00edstky na lot\u00e9riu na Floride","description":"Zapojte sa do lot\u00e9rie Florida Lotto a prekonajte hor\u00fa\u010davy t\u00fdm, \u017ee si zaobstar\u00e1te tikety online.","robots":{"index":"index","follow":"follow","max-snippet":"max-snippet:-1","max-image-preview":"max-image-preview:large","max-video-preview":"max-video-preview:-1"},"canonical":"https:\/\/gambling6.com\/sk\/loteria\/kupte-si-listky-na-loteriu-na-floride-online\/","og_locale":"sk_SK","og_type":"article","og_title":"Z\u00edskajte online l\u00edstky na lot\u00e9riu na Floride","og_description":"Zapojte sa do lot\u00e9rie Florida Lotto a prekonajte hor\u00fa\u010davy t\u00fdm, \u017ee si zaobstar\u00e1te tikety online.","og_url":"https:\/\/gambling6.com\/sk\/loteria\/kupte-si-listky-na-loteriu-na-floride-online\/","og_site_name":"Gambling6","twitter_card":"summary_large_image","twitter_misc":{"Predpokladan\u00fd \u010das \u010d\u00edtania":"2 min\u00faty"},"schema":{"@context":"https:\/\/schema.org","@graph":[{"@type":"WebPage","@id":"https:\/\/gambling6.com\/sk\/loteria\/kupte-si-listky-na-loteriu-na-floride-online\/","url":"https:\/\/gambling6.com\/sk\/loteria\/kupte-si-listky-na-loteriu-na-floride-online\/","name":"Z\u00edskajte online l\u00edstky na lot\u00e9riu na Floride","isPartOf":{"@id":"https:\/\/gambling6.com\/sk\/#website"},"datePublished":"2025-11-11T08:01:57+00:00","description":"Zapojte sa do lot\u00e9rie Florida Lotto a prekonajte hor\u00fa\u010davy t\u00fdm, \u017ee si zaobstar\u00e1te tikety online.","breadcrumb":{"@id":"https:\/\/gambling6.com\/sk\/loteria\/kupte-si-listky-na-loteriu-na-floride-online\/#breadcrumb"},"inLanguage":"sk-SK","potentialAction":[{"@type":"ReadAction","target":["https:\/\/gambling6.com\/sk\/loteria\/kupte-si-listky-na-loteriu-na-floride-online\/"]}]},{"@type":"BreadcrumbList","@id":"https:\/\/gambling6.com\/sk\/loteria\/kupte-si-listky-na-loteriu-na-floride-online\/#breadcrumb","itemListElement":[{"@type":"ListItem","position":1,"name":"Home","item":"https:\/\/gambling6.com\/sk\/home\/"},{"@type":"ListItem","position":2,"name":"Loteria","item":"https:\/\/gambling6.com\/sk\/loteria\/"},{"@type":"ListItem","position":3,"name":"K\u00fapte si l\u00edstky na lot\u00e9riu na Floride online"}]},{"@type":"WebSite","@id":"https:\/\/gambling6.com\/sk\/#website","url":"https:\/\/gambling6.com\/sk\/","name":"Gambling6","description":"","potentialAction":[{"@type":"SearchAction","target":{"@type":"EntryPoint","urlTemplate":"https:\/\/gambling6.com\/sk\/?s={search_term_string}"},"query-input":{"@type":"PropertyValueSpecification","valueRequired":true,"valueName":"search_term_string"}}],"inLanguage":"sk-SK"}]}},"_links":{"self":[{"href":"https:\/\/gambling6.com\/sk\/wp-json\/wp\/v2\/pages\/9617","targetHints":{"allow":["GET"]}}],"collection":[{"href":"https:\/\/gambling6.com\/sk\/wp-json\/wp\/v2\/pages"}],"about":[{"href":"https:\/\/gambling6.com\/sk\/wp-json\/wp\/v2\/types\/page"}],"author":[{"embeddable":true,"href":"https:\/\/gambling6.com\/sk\/wp-json\/wp\/v2\/users\/1"}],"replies":[{"embeddable":true,"href":"https:\/\/gambling6.com\/sk\/wp-json\/wp\/v2\/comments?post=9617"}],"version-history":[{"count":0,"href":"https:\/\/gambling6.com\/sk\/wp-json\/wp\/v2\/pages\/9617\/revisions"}],"up":[{"embeddable":true,"href":"https:\/\/gambling6.com\/sk\/wp-json\/wp\/v2\/pages\/9320"}],"wp:attachment":[{"href":"https:\/\/gambling6.com\/sk\/wp-json\/wp\/v2\/media?parent=9617"}],"curies":[{"name":"wp","href":"https:\/\/api.w.org\/{rel}","templated":true}]}}