{"id":9637,"date":"2025-11-11T08:45:24","date_gmt":"2025-11-11T08:45:24","guid":{"rendered":"https:\/\/gambling6.com\/loteria\/ziskajte-online-tikety-na-loteriu-eurojackpot\/"},"modified":"2025-11-11T08:45:24","modified_gmt":"2025-11-11T08:45:24","slug":"ziskajte-online-tikety-na-loteriu-eurojackpot","status":"publish","type":"page","link":"https:\/\/gambling6.com\/sk\/loteria\/ziskajte-online-tikety-na-loteriu-eurojackpot\/","title":{"rendered":"Z\u00edskajte online tikety na lot\u00e9riu Eurojackpot"},"content":{"rendered":"<h2>Lot\u00e9ria Eurojackpot<\/h2>\n<p>\u017det\u00f3ny Eurojackpot si m\u00f4\u017eete k\u00fapi\u0165 online a sta\u0165 sa milion\u00e1rom cez noc. Internet teraz umo\u017e\u0148uje hra\u0165 Eurojackpot online spolu s mnoh\u00fdmi \u010fal\u0161\u00edmi eur\u00f3pskymi lot\u00e9riami. M\u00f4\u017eete tak urobi\u0165 zak\u00fapen\u00edm \u0165et\u00f3nov online z pohodln\u00e9ho kresla, v ktorom tr\u00e1vite \u010das doma. U\u017e \u017eiadne behanie do obchodu na rohu alebo do lot\u00e9riov\u00fdch st\u00e1nkov, z\u00edskajte svoje \u0165et\u00f3ny Eurojackpot online.<img loading=\"lazy\" decoding=\"async\" class=\"alignright wp-image-552 \" style=\"margin: 10px; border: 5px solid #ffffff; float: right;\" src=\"https:\/\/gambling6.com\/wp-content\/uploads\/2013\/12\/play-euro-jackpot-online.jpg\" alt=\"k\u00fapi\u0165 \u0165et\u00f3ny Eurojackpot online\" width=\"240\" height=\"218\" \/><\/p>\n<p>Ak sa chcete sta\u0165 jedn\u00fdm z mili\u00f3nov \u013eud\u00ed, ktor\u00ed chc\u00fa zarobi\u0165 na obrovsk\u00fdch jackpotoch, sta\u010d\u00ed si vybra\u0165 svojich sedem \u010d\u00edsel online a vybra\u0165 si ich pomocou jednej z mnoh\u00fdch pohodln\u00fdch platobn\u00fdch met\u00f3d. N\u00e1kup losov online nebol nikdy jednoduch\u0161\u00ed. V k\u00fatoch Eur\u00f3py si m\u00f4\u017eete online zak\u00fapi\u0165 losy na nieko\u013eko v\u00fdznamn\u00fdch jackpotov\u00fdch lot\u00e9ri\u00ed.<\/p>\n<h2>K\u00fapte si online losy na Eurojackpot z ktorejko\u013evek krajiny<\/h2>\n<p>Pri online n\u00e1kupe losov neexistuj\u00fa \u017eiadne hranice. \u010ci u\u017e ste na Kube alebo v \u010c\u00edne, m\u00f4\u017eete si ich zak\u00fapi\u0165 cez internet v r\u00fdchlom, priate\u013eskom a bezpe\u010dnom prostred\u00ed prostredn\u00edctvom n\u00e1\u0161ho partnera RedFoxLotto. <a class=\"thirstylink\" title=\"RedFoxLotto en\" href=\"https:\/\/gambling6.com\/go\/redfoxlotto-en\/\" target=\"_blank\" rel=\"nofollow noopener\">Zaregistrujete sa tu, prihl\u00e1site sa do svojho \u00fa\u010dtu<\/a>, vyberiete si \u010d\u00edsla, zaplat\u00edte a \u010dak\u00e1te na porovnanie losu s v\u00fdsledkami \u017erebovania.<\/p>\n<p>RedFoxLotto nem\u00f4\u017ee akceptova\u0165 fan\u00fa\u0161ikov lot\u00e9rie so s\u00eddlom v USA; namiesto toho by hr\u00e1\u010di z USA mali vysk\u00fa\u0161a\u0165 TheLotter, \u010fal\u0161iu mo\u017enos\u0165 pre medzin\u00e1rodn\u00e9 losy.<br \/>\n<a href=\"https:\/\/smarturl.it\/theBig_Play?tl_affid=8190&amp;tl_bannerid=6cc3afab\" target=\"_self\" rel=\"noopener\"><img loading=\"lazy\" decoding=\"async\" class=\"aligncenter\" title=\"\" src=\"\/\/www.thelotter-affiliates.com\/accounts\/default1\/banners\/6cc3afab.gif\" alt=\"\" width=\"468\" height=\"60\" \/><\/a><\/p>\n<h2>Obrovsk\u00e9 v\u00fdhry s va\u0161imi online tikety Eurojackpotu<\/h2>\n<table style=\"width: 500px;\" border=\"1\" cellspacing=\"5\" cellpadding=\"5\" align=\"center\">\n<tbody>\n<tr>\n<td colspan=\"3\" align=\"center\">P\u00e4\u0165 najv\u00e4\u010d\u0161\u00edch jackpotov za rok 2013<\/td>\n<\/tr>\n<tr>\n<td>\u017drebovanie<\/td>\n<td align=\"center\">D\u00e1tum<\/td>\n<td align=\"center\">Jackpot (USD)<\/td>\n<\/tr>\n<tr>\n<td>Eurov\u00fd jackpot &#8211; Eur\u00f3pa<\/td>\n<td align=\"center\">12. apr\u00edla 2013<\/td>\n<td align=\"right\">63 128 694 USD<\/td>\n<\/tr>\n<tr>\n<td>Eurov\u00fd jackpot &#8211; Eur\u00f3pa<\/td>\n<td align=\"center\">19. j\u00fala 2013<\/td>\n<td align=\"right\">56 886 414 $<\/td>\n<\/tr>\n<tr>\n<td>Euro Jackpot \u2013 Eur\u00f3pa<\/td>\n<td align=\"center\">25. janu\u00e1ra 2013<\/td>\n<td align=\"right\">40 470 680 $<\/td>\n<\/tr>\n<tr>\n<td>Euro Jackpot \u2013 Eur\u00f3pa<\/td>\n<td align=\"center\">27. septembra 2013<\/td>\n<td align=\"right\">29 122 090 $<\/td>\n<\/tr>\n<tr>\n<td>Euro Jackpot \u2013 Eur\u00f3pa<\/td>\n<td align=\"center\">7. decembra 2013<\/td>\n<td align=\"right\">28 770 000 $<\/td>\n<\/tr>\n<\/tbody>\n<\/table>\n<h2>\u00a0Dvan\u00e1s\u0165 \u0161anc\u00ed vyhra\u0165 s va\u0161\u00edm online Eurojackpotom tikety<\/h2>\n<table style=\"width: 500px;\" border=\"1\" cellspacing=\"5\" cellpadding=\"5\" align=\"center\">\n<tbody>\n<tr>\n<td colspan=\"3\" align=\"center\">\u00darovne cien Eurojackpotu<\/td>\n<\/tr>\n<tr>\n<td>Cena<\/td>\n<td align=\"center\">Z\u00e1pasy<\/td>\n<td align=\"center\">Kurzy<\/td>\n<\/tr>\n<tr>\n<td>1. miesto (Jackpot)<\/td>\n<td align=\"center\">5 + 2<\/td>\n<td align=\"right\">59 325 280 : 1<\/td>\n<\/tr>\n<tr>\n<td>2. miesto<\/td>\n<td align=\"center\">5 + 1<\/td>\n<td align=\"right\">4 943 773 : 1<\/td>\n<\/tr>\n<tr>\n<td>3.<\/td>\n<td align=\"center\">5<\/td>\n<td align=\"right\">3 955 019 : 1<\/td>\n<\/tr>\n<tr>\n<td>4.<\/td>\n<td align=\"center\">4 + 2<\/td>\n<td align=\"right\">263 668 : 1<\/td>\n<\/tr>\n<tr>\n<td>5.<\/td>\n<td align=\"center\">4 + 1<\/td>\n<td align=\"right\">21 972 : 1<\/td>\n<\/tr>\n<tr>\n<td>6.<\/td>\n<td align=\"center\">4<\/td>\n<td align=\"right\">17 578 : 1<\/td>\n<\/tr>\n<tr>\n<td>7.<\/td>\n<td align=\"center\">3 + 2<\/td>\n<td align=\"right\">5 992 : 1<\/td>\n<\/tr>\n<tr>\n<td>8.<\/td>\n<td align=\"center\">3 + 1<\/td>\n<td align=\"right\">499 : 1<\/td>\n<\/tr>\n<tr>\n<td>9.<\/td>\n<td align=\"center\">2 + 2<\/td>\n<td align=\"right\">418 : 1<\/td>\n<\/tr>\n<tr>\n<td>10.<\/td>\n<td align=\"center\">3<\/td>\n<td align=\"right\">399 : 1<\/td>\n<\/tr>\n<tr>\n<td>11.<\/td>\n<td align=\"center\">1 + 2<\/td>\n<td align=\"right\">80 : 1<\/td>\n<\/tr>\n<tr>\n<td>12.<\/td>\n<td align=\"center\">2 + 1<\/td>\n<td align=\"right\">35 : 1<\/td>\n<\/tr>\n<\/tbody>\n<\/table>\n<p style=\"text-align: center;\"><strong>Neodkladajte svoju \u0161ancu sta\u0165 sa milion\u00e1rom. Zaregistrujte sa a k\u00fapte si tikety Eurojackpot online e\u0161te dnes.<\/strong><\/p>\n","protected":false},"excerpt":{"rendered":"<p>Lot\u00e9ria Eurojackpot \u017det\u00f3ny Eurojackpot si m\u00f4\u017eete k\u00fapi\u0165 online a sta\u0165 sa milion\u00e1rom cez noc. Internet teraz umo\u017e\u0148uje hra\u0165 Eurojackpot online spolu s mnoh\u00fdmi \u010fal\u0161\u00edmi eur\u00f3pskymi lot\u00e9riami. M\u00f4\u017eete tak urobi\u0165 zak\u00fapen\u00edm \u0165et\u00f3nov online z pohodln\u00e9ho kresla, v ktorom tr\u00e1vite \u010das doma. U\u017e \u017eiadne behanie do obchodu na rohu alebo do lot\u00e9riov\u00fdch st\u00e1nkov, z\u00edskajte svoje \u0165et\u00f3ny Eurojackpot [&hellip;]<\/p>\n","protected":false},"author":1,"featured_media":9527,"parent":9320,"menu_order":10,"comment_status":"closed","ping_status":"closed","template":"","meta":{"footnotes":""},"class_list":["post-9637","page","type-page","status-publish","has-post-thumbnail","hentry"],"yoast_head":"<!-- This site is optimized with the Yoast SEO plugin v27.3 - https:\/\/yoast.com\/product\/yoast-seo-wordpress\/ -->\n<title>K\u00fapte si tikety na lot\u00e9riu Eurojackpot online<\/title>\n<meta name=\"description\" content=\"Pri k\u00fape lot\u00e9riov\u00fdch l\u00edstkov online sa d\u00e1 v Eurojackpote vyhra\u0165 ve\u013ea pe\u0148az\u00ed.\" \/>\n<meta name=\"robots\" content=\"index, follow, max-snippet:-1, max-image-preview:large, max-video-preview:-1\" \/>\n<link rel=\"canonical\" href=\"https:\/\/gambling6.com\/sk\/loteria\/ziskajte-online-tikety-na-loteriu-eurojackpot\/\" \/>\n<meta property=\"og:locale\" content=\"sk_SK\" \/>\n<meta property=\"og:type\" content=\"article\" \/>\n<meta property=\"og:title\" content=\"K\u00fapte si tikety na lot\u00e9riu Eurojackpot online\" \/>\n<meta property=\"og:description\" content=\"Pri k\u00fape lot\u00e9riov\u00fdch l\u00edstkov online sa d\u00e1 v Eurojackpote vyhra\u0165 ve\u013ea pe\u0148az\u00ed.\" \/>\n<meta property=\"og:url\" content=\"https:\/\/gambling6.com\/sk\/loteria\/ziskajte-online-tikety-na-loteriu-eurojackpot\/\" \/>\n<meta property=\"og:site_name\" content=\"Gambling6\" \/>\n<meta property=\"og:image\" content=\"https:\/\/gambling6.com\/wp-content\/uploads\/2013\/12\/play-euro-jackpot-online.jpg\" \/>\n\t<meta property=\"og:image:width\" content=\"285\" \/>\n\t<meta property=\"og:image:height\" content=\"259\" \/>\n\t<meta property=\"og:image:type\" content=\"image\/jpeg\" \/>\n<meta name=\"twitter:card\" content=\"summary_large_image\" \/>\n<meta name=\"twitter:label1\" content=\"Predpokladan\u00fd \u010das \u010d\u00edtania\" \/>\n\t<meta name=\"twitter:data1\" content=\"2 min\u00faty\" \/>\n<script type=\"application\/ld+json\" class=\"yoast-schema-graph\">{\"@context\":\"https:\\\/\\\/schema.org\",\"@graph\":[{\"@type\":\"WebPage\",\"@id\":\"https:\\\/\\\/gambling6.com\\\/sk\\\/loteria\\\/ziskajte-online-tikety-na-loteriu-eurojackpot\\\/\",\"url\":\"https:\\\/\\\/gambling6.com\\\/sk\\\/loteria\\\/ziskajte-online-tikety-na-loteriu-eurojackpot\\\/\",\"name\":\"K\u00fapte si tikety na lot\u00e9riu Eurojackpot online\",\"isPartOf\":{\"@id\":\"https:\\\/\\\/gambling6.com\\\/sk\\\/#website\"},\"primaryImageOfPage\":{\"@id\":\"https:\\\/\\\/gambling6.com\\\/sk\\\/loteria\\\/ziskajte-online-tikety-na-loteriu-eurojackpot\\\/#primaryimage\"},\"image\":{\"@id\":\"https:\\\/\\\/gambling6.com\\\/sk\\\/loteria\\\/ziskajte-online-tikety-na-loteriu-eurojackpot\\\/#primaryimage\"},\"thumbnailUrl\":\"https:\\\/\\\/gambling6.com\\\/wp-content\\\/uploads\\\/2013\\\/12\\\/play-euro-jackpot-online.jpg\",\"datePublished\":\"2025-11-11T08:45:24+00:00\",\"description\":\"Pri k\u00fape lot\u00e9riov\u00fdch l\u00edstkov online sa d\u00e1 v Eurojackpote vyhra\u0165 ve\u013ea pe\u0148az\u00ed.\",\"breadcrumb\":{\"@id\":\"https:\\\/\\\/gambling6.com\\\/sk\\\/loteria\\\/ziskajte-online-tikety-na-loteriu-eurojackpot\\\/#breadcrumb\"},\"inLanguage\":\"sk-SK\",\"potentialAction\":[{\"@type\":\"ReadAction\",\"target\":[\"https:\\\/\\\/gambling6.com\\\/sk\\\/loteria\\\/ziskajte-online-tikety-na-loteriu-eurojackpot\\\/\"]}]},{\"@type\":\"ImageObject\",\"inLanguage\":\"sk-SK\",\"@id\":\"https:\\\/\\\/gambling6.com\\\/sk\\\/loteria\\\/ziskajte-online-tikety-na-loteriu-eurojackpot\\\/#primaryimage\",\"url\":\"https:\\\/\\\/gambling6.com\\\/wp-content\\\/uploads\\\/2013\\\/12\\\/play-euro-jackpot-online.jpg\",\"contentUrl\":\"https:\\\/\\\/gambling6.com\\\/wp-content\\\/uploads\\\/2013\\\/12\\\/play-euro-jackpot-online.jpg\",\"width\":285,\"height\":259},{\"@type\":\"BreadcrumbList\",\"@id\":\"https:\\\/\\\/gambling6.com\\\/sk\\\/loteria\\\/ziskajte-online-tikety-na-loteriu-eurojackpot\\\/#breadcrumb\",\"itemListElement\":[{\"@type\":\"ListItem\",\"position\":1,\"name\":\"Home\",\"item\":\"https:\\\/\\\/gambling6.com\\\/sk\\\/home\\\/\"},{\"@type\":\"ListItem\",\"position\":2,\"name\":\"Loteria\",\"item\":\"https:\\\/\\\/gambling6.com\\\/sk\\\/loteria\\\/\"},{\"@type\":\"ListItem\",\"position\":3,\"name\":\"Z\u00edskajte online tikety na lot\u00e9riu Eurojackpot\"}]},{\"@type\":\"WebSite\",\"@id\":\"https:\\\/\\\/gambling6.com\\\/sk\\\/#website\",\"url\":\"https:\\\/\\\/gambling6.com\\\/sk\\\/\",\"name\":\"Gambling6\",\"description\":\"\",\"potentialAction\":[{\"@type\":\"SearchAction\",\"target\":{\"@type\":\"EntryPoint\",\"urlTemplate\":\"https:\\\/\\\/gambling6.com\\\/sk\\\/?s={search_term_string}\"},\"query-input\":{\"@type\":\"PropertyValueSpecification\",\"valueRequired\":true,\"valueName\":\"search_term_string\"}}],\"inLanguage\":\"sk-SK\"}]}<\/script>\n<!-- \/ Yoast SEO plugin. -->","yoast_head_json":{"title":"K\u00fapte si tikety na lot\u00e9riu Eurojackpot online","description":"Pri k\u00fape lot\u00e9riov\u00fdch l\u00edstkov online sa d\u00e1 v Eurojackpote vyhra\u0165 ve\u013ea pe\u0148az\u00ed.","robots":{"index":"index","follow":"follow","max-snippet":"max-snippet:-1","max-image-preview":"max-image-preview:large","max-video-preview":"max-video-preview:-1"},"canonical":"https:\/\/gambling6.com\/sk\/loteria\/ziskajte-online-tikety-na-loteriu-eurojackpot\/","og_locale":"sk_SK","og_type":"article","og_title":"K\u00fapte si tikety na lot\u00e9riu Eurojackpot online","og_description":"Pri k\u00fape lot\u00e9riov\u00fdch l\u00edstkov online sa d\u00e1 v Eurojackpote vyhra\u0165 ve\u013ea pe\u0148az\u00ed.","og_url":"https:\/\/gambling6.com\/sk\/loteria\/ziskajte-online-tikety-na-loteriu-eurojackpot\/","og_site_name":"Gambling6","og_image":[{"width":285,"height":259,"url":"https:\/\/gambling6.com\/wp-content\/uploads\/2013\/12\/play-euro-jackpot-online.jpg","type":"image\/jpeg"}],"twitter_card":"summary_large_image","twitter_misc":{"Predpokladan\u00fd \u010das \u010d\u00edtania":"2 min\u00faty"},"schema":{"@context":"https:\/\/schema.org","@graph":[{"@type":"WebPage","@id":"https:\/\/gambling6.com\/sk\/loteria\/ziskajte-online-tikety-na-loteriu-eurojackpot\/","url":"https:\/\/gambling6.com\/sk\/loteria\/ziskajte-online-tikety-na-loteriu-eurojackpot\/","name":"K\u00fapte si tikety na lot\u00e9riu Eurojackpot online","isPartOf":{"@id":"https:\/\/gambling6.com\/sk\/#website"},"primaryImageOfPage":{"@id":"https:\/\/gambling6.com\/sk\/loteria\/ziskajte-online-tikety-na-loteriu-eurojackpot\/#primaryimage"},"image":{"@id":"https:\/\/gambling6.com\/sk\/loteria\/ziskajte-online-tikety-na-loteriu-eurojackpot\/#primaryimage"},"thumbnailUrl":"https:\/\/gambling6.com\/wp-content\/uploads\/2013\/12\/play-euro-jackpot-online.jpg","datePublished":"2025-11-11T08:45:24+00:00","description":"Pri k\u00fape lot\u00e9riov\u00fdch l\u00edstkov online sa d\u00e1 v Eurojackpote vyhra\u0165 ve\u013ea pe\u0148az\u00ed.","breadcrumb":{"@id":"https:\/\/gambling6.com\/sk\/loteria\/ziskajte-online-tikety-na-loteriu-eurojackpot\/#breadcrumb"},"inLanguage":"sk-SK","potentialAction":[{"@type":"ReadAction","target":["https:\/\/gambling6.com\/sk\/loteria\/ziskajte-online-tikety-na-loteriu-eurojackpot\/"]}]},{"@type":"ImageObject","inLanguage":"sk-SK","@id":"https:\/\/gambling6.com\/sk\/loteria\/ziskajte-online-tikety-na-loteriu-eurojackpot\/#primaryimage","url":"https:\/\/gambling6.com\/wp-content\/uploads\/2013\/12\/play-euro-jackpot-online.jpg","contentUrl":"https:\/\/gambling6.com\/wp-content\/uploads\/2013\/12\/play-euro-jackpot-online.jpg","width":285,"height":259},{"@type":"BreadcrumbList","@id":"https:\/\/gambling6.com\/sk\/loteria\/ziskajte-online-tikety-na-loteriu-eurojackpot\/#breadcrumb","itemListElement":[{"@type":"ListItem","position":1,"name":"Home","item":"https:\/\/gambling6.com\/sk\/home\/"},{"@type":"ListItem","position":2,"name":"Loteria","item":"https:\/\/gambling6.com\/sk\/loteria\/"},{"@type":"ListItem","position":3,"name":"Z\u00edskajte online tikety na lot\u00e9riu Eurojackpot"}]},{"@type":"WebSite","@id":"https:\/\/gambling6.com\/sk\/#website","url":"https:\/\/gambling6.com\/sk\/","name":"Gambling6","description":"","potentialAction":[{"@type":"SearchAction","target":{"@type":"EntryPoint","urlTemplate":"https:\/\/gambling6.com\/sk\/?s={search_term_string}"},"query-input":{"@type":"PropertyValueSpecification","valueRequired":true,"valueName":"search_term_string"}}],"inLanguage":"sk-SK"}]}},"_links":{"self":[{"href":"https:\/\/gambling6.com\/sk\/wp-json\/wp\/v2\/pages\/9637","targetHints":{"allow":["GET"]}}],"collection":[{"href":"https:\/\/gambling6.com\/sk\/wp-json\/wp\/v2\/pages"}],"about":[{"href":"https:\/\/gambling6.com\/sk\/wp-json\/wp\/v2\/types\/page"}],"author":[{"embeddable":true,"href":"https:\/\/gambling6.com\/sk\/wp-json\/wp\/v2\/users\/1"}],"replies":[{"embeddable":true,"href":"https:\/\/gambling6.com\/sk\/wp-json\/wp\/v2\/comments?post=9637"}],"version-history":[{"count":0,"href":"https:\/\/gambling6.com\/sk\/wp-json\/wp\/v2\/pages\/9637\/revisions"}],"up":[{"embeddable":true,"href":"https:\/\/gambling6.com\/sk\/wp-json\/wp\/v2\/pages\/9320"}],"wp:featuredmedia":[{"embeddable":true,"href":"https:\/\/gambling6.com\/sk\/wp-json\/wp\/v2\/media\/9527"}],"wp:attachment":[{"href":"https:\/\/gambling6.com\/sk\/wp-json\/wp\/v2\/media?parent=9637"}],"curies":[{"name":"wp","href":"https:\/\/api.w.org\/{rel}","templated":true}]}}