{"id":9651,"date":"2025-11-11T09:08:46","date_gmt":"2025-11-11T09:08:46","guid":{"rendered":"https:\/\/gambling6.com\/loteria\/ziskajte-losy-do-loterie-el-gordo-odkialkolvek\/"},"modified":"2025-11-11T09:08:46","modified_gmt":"2025-11-11T09:08:46","slug":"ziskajte-losy-do-loterie-el-gordo-odkialkolvek","status":"publish","type":"page","link":"https:\/\/gambling6.com\/sk\/loteria\/ziskajte-losy-do-loterie-el-gordo-odkialkolvek\/","title":{"rendered":"Z\u00edskajte losy do lot\u00e9rie El Gordo odkia\u013eko\u013evek"},"content":{"rendered":"<h2>\u013dahko sa kupuj\u00fa online tikety do lot\u00e9rie El Gordo.<\/h2>\n<p><img loading=\"lazy\" decoding=\"async\" class=\" wp-image-1569 alignright\" src=\"https:\/\/gambling6.com\/wp-content\/uploads\/2022\/04\/2_ticket_spanish_lottery.jpg\" alt=\"tiket el gordo\" width=\"200\" height=\"274\" \/>V Eur\u00f3pe je lot\u00e9ria El Gordo obrovsk\u00e1 a hraj\u00fa ju \u013eudia v \u0160panielsku aj v zahrani\u010d\u00ed. M\u00f4\u017eete o\u010dak\u00e1va\u0165 minim\u00e1lny jackpot pribli\u017ene 6,5 mili\u00f3na eur ka\u017ed\u00fd t\u00fd\u017ede\u0148. V nede\u013eu sa kon\u00e1 iba jedno \u017erebovanie a \u013eudia stoja v rade, aby mohli hra\u0165, ka\u017ed\u00fd t\u00fd\u017ede\u0148. Jackpot sa m\u00f4\u017ee nahromadi\u0165 a\u017e do v\u00fd\u0161ky 26 mili\u00f3nov eur. Ak v\u0161ak doch\u00e1dza k \u010dast\u00fdm prevodom cien (nie je to jackpot), niekedy m\u00f4\u017ee dosiahnu\u0165 a\u017e 35 mili\u00f3nov eur, ke\u010f sa k tomu pripo\u010d\u00edtaj\u00fa prenesen\u00e9 sumy z predch\u00e1dzaj\u00facich t\u00fd\u017ed\u0148ov.<\/p>\n<h2>Eur\u00f3pania kupuj\u00fa online tikety ka\u017ed\u00fd t\u00fd\u017ede\u0148.<\/h2>\n<p>Eur\u00f3pa zost\u00e1va rast\u00facim zdrojom pr\u00edjmov z lot\u00e9rie; Ka\u017ed\u00fd t\u00fd\u017ede\u0148 sa mili\u00f3ny hr\u00e1\u010dov na tomto kontinente zoradia do radu, aby si zahrali lot\u00e9riu. Ak chcete z\u00edska\u0165 online tikety do lot\u00e9rie El Gordo, mus\u00edte nav\u0161t\u00edvi\u0165 n\u00e1\u0161ho partnera RedFoxLotto, prihl\u00e1si\u0165 sa do svojho \u00fa\u010dtu a potom sa rozhodn\u00fa\u0165, \u010di chcete pou\u017ei\u0165 r\u00fdchle v\u00fdbery alebo si vybra\u0165 vlastn\u00e9 \u010d\u00edsla. Ak si vyber\u00e1te vlastn\u00e9 \u010d\u00edsla, budete si musie\u0165 vybra\u0165 p\u00e4\u0165 hlavn\u00fdch \u010d\u00edsel a jedno bonusov\u00e9 \u010d\u00edslo.<\/p>\n<h2>Eur\u00f3pania si kupuj\u00fa tikety online na nede\u013en\u00e9 \u017erebovanie.<\/h2>\n<p>El Gordo, zn\u00e1ma ako \u0161panielska lot\u00e9ria 6\/49, si netreba zamie\u0148a\u0165 s viano\u010dnou lot\u00e9riou El Gordo. T\u00e1to popul\u00e1rna t\u00fd\u017edenn\u00e1 lot\u00e9ria sa \u017erebuje v nede\u013eu. Pri k\u00fape online tiketov do lot\u00e9rie El Gordo majte na pam\u00e4ti, \u017ee \u0161anca na v\u00fdhru je 1 z 10. Je to preto, \u017ee okrem v\u00fdhry jackpotu existuje sedem r\u00f4znych \u00farovn\u00ed v\u00fdhier.<\/p>\n<h2>Mesa\u010dne sa na n\u00e1kup tiketov m\u00ed\u0148aj\u00fa mili\u00f3ny dol\u00e1rov.<\/h2>\n<p>Eur\u00f3pania sa v posledn\u00fdch rokoch zbl\u00e1znili do tiketov. Eur\u00f3pania, druh\u00ed po Severnej Amerike, ka\u017edoro\u010dne m\u00ed\u0148aj\u00fa na tikety stovky mili\u00f3nov dol\u00e1rov. Teraz, ke\u010f je mo\u017en\u00e9 k\u00fapi\u0165 si l\u00edstky na celosvetov\u00e9 lot\u00e9rie online, predaj dramaticky vzr\u00e1stol. Ak si chcete zaobstara\u0165 l\u00edstky na nadch\u00e1dzaj\u00facu lot\u00e9riu El Gordo,\u00a0<a class=\"thirstylink\" title=\"Redfoxlotto\" href=\"https:\/\/gambling6.com\/go\/redfoxlotto\/\" target=\"_blank\" rel=\"nofollow noopener\">jednoducho nav\u0161t\u00edvte n\u00e1\u0161ho partnera RedFoxLotto<\/a>, zaregistrujte sa a m\u00f4\u017eete by\u0165 na dobrej ceste sta\u0165 sa multimilion\u00e1rom cez noc.<\/p>\n<table style=\"width: 500px;\" border=\"1\" cellspacing=\"5\" cellpadding=\"5\" align=\"center\">\n<tbody>\n<tr>\n<td colspan=\"3\" align=\"center\">Najv\u00e4\u010d\u0161ie jackpoty za rok 2013<\/td>\n<\/tr>\n<tr>\n<td>\u017drebovanie<\/td>\n<td align=\"center\">D\u00e1tum<\/td>\n<td align=\"center\">Jackpot (USD)<\/td>\n<\/tr>\n<tr>\n<td>El Gordo &#8211; \u0160panielsko<\/td>\n<td align=\"center\">13. okt\u00f3bra 2013<\/td>\n<td align=\"right\">13 327 360 USD<\/td>\n<\/tr>\n<tr>\n<td>El Gordo &#8211; \u0160panielsko<\/td>\n<td align=\"center\">4. augusta 2013<\/td>\n<td align=\"right\">10 275 000 USD<\/td>\n<\/tr>\n<tr>\n<td>El Gordo &#8211; \u0160panielsko<\/td>\n<td align=\"center\">16. j\u00fana 2013<\/td>\n<td align=\"right\">9 590 000 USD<\/td>\n<\/tr>\n<tr>\n<td>El Gordo &#8211; \u0160panielsko<\/td>\n<td align=\"center\">23. j\u00fana 2013<\/td>\n<td align=\"right\">6 850 000 USD<\/td>\n<\/tr>\n<\/tbody>\n<\/table>\n<p>&nbsp;<\/p>\n<table style=\"width: 500px;\" border=\"1\" cellspacing=\"5\" cellpadding=\"5\" align=\"center\">\n<tbody>\n<tr>\n<td colspan=\"3\" align=\"center\">El Gordo Lotto &#8211; \u0160panielske \u00farovne v\u00fdhier 6\/49<\/td>\n<\/tr>\n<tr>\n<td>Cena<\/td>\n<td align=\"center\">Z\u00e1pasy<\/td>\n<td align=\"center\">Kurzy<\/td>\n<\/tr>\n<tr>\n<td>1. (Jackpot)<\/td>\n<td align=\"center\">5 + 1<\/td>\n<td align=\"right\">31 625 100 : 1<\/td>\n<\/tr>\n<tr>\n<td>2.<\/td>\n<td align=\"center\">5<\/td>\n<td align=\"right\">3 513 900 : 1<\/td>\n<\/tr>\n<tr>\n<td>3.<\/td>\n<td align=\"center\">4 + 1<\/td>\n<td align=\"right\">129 082 : 1<\/td>\n<\/tr>\n<tr>\n<td>4.<\/td>\n<td align=\"center\">4<\/td>\n<td align=\"right\">14 342 : 1<\/td>\n<\/tr>\n<tr>\n<td>5.<\/td>\n<td align=\"center\">3 + 1<\/td>\n<td align=\"right\">2 689 : 1<\/td>\n<\/tr>\n<tr>\n<td>6.<\/td>\n<td align=\"center\">3<\/td>\n<td align=\"right\">299 : 1<\/td>\n<\/tr>\n<tr>\n<td>7.<\/td>\n<td align=\"center\">2 + 1<\/td>\n<td align=\"right\">172 : 1<\/td>\n<\/tr>\n<tr>\n<td>8.<\/td>\n<td align=\"center\">2<\/td>\n<td align=\"right\">19 : 1<\/td>\n<\/tr>\n<tr>\n<td>9.<\/td>\n<td align=\"center\">0 + 1<\/td>\n<td align=\"right\">10 : 1<\/td>\n<\/tr>\n<\/tbody>\n<\/table>\n","protected":false},"excerpt":{"rendered":"<p>\u013dahko sa kupuj\u00fa online tikety do lot\u00e9rie El Gordo. V Eur\u00f3pe je lot\u00e9ria El Gordo obrovsk\u00e1 a hraj\u00fa ju \u013eudia v \u0160panielsku aj v zahrani\u010d\u00ed. M\u00f4\u017eete o\u010dak\u00e1va\u0165 minim\u00e1lny jackpot pribli\u017ene 6,5 mili\u00f3na eur ka\u017ed\u00fd t\u00fd\u017ede\u0148. V nede\u013eu sa kon\u00e1 iba jedno \u017erebovanie a \u013eudia stoja v rade, aby mohli hra\u0165, ka\u017ed\u00fd t\u00fd\u017ede\u0148. Jackpot sa m\u00f4\u017ee [&hellip;]<\/p>\n","protected":false},"author":1,"featured_media":0,"parent":9320,"menu_order":3,"comment_status":"closed","ping_status":"closed","template":"","meta":{"footnotes":""},"class_list":["post-9651","page","type-page","status-publish","hentry"],"yoast_head":"<!-- This site is optimized with the Yoast SEO plugin v27.3 - https:\/\/yoast.com\/product\/yoast-seo-wordpress\/ -->\n<title>K\u00fapte si l\u00edstky do lot\u00e9rie El Gordo online<\/title>\n<meta name=\"description\" content=\"Sta\u0148te sa milion\u00e1rom, ke\u010f si zaobstar\u00e1te online tikety do lot\u00e9rie El Gordo.\" \/>\n<meta name=\"robots\" content=\"index, follow, max-snippet:-1, max-image-preview:large, max-video-preview:-1\" \/>\n<link rel=\"canonical\" href=\"https:\/\/gambling6.com\/sk\/loteria\/ziskajte-losy-do-loterie-el-gordo-odkialkolvek\/\" \/>\n<meta property=\"og:locale\" content=\"sk_SK\" \/>\n<meta property=\"og:type\" content=\"article\" \/>\n<meta property=\"og:title\" content=\"K\u00fapte si l\u00edstky do lot\u00e9rie El Gordo online\" \/>\n<meta property=\"og:description\" content=\"Sta\u0148te sa milion\u00e1rom, ke\u010f si zaobstar\u00e1te online tikety do lot\u00e9rie El Gordo.\" \/>\n<meta property=\"og:url\" content=\"https:\/\/gambling6.com\/sk\/loteria\/ziskajte-losy-do-loterie-el-gordo-odkialkolvek\/\" \/>\n<meta property=\"og:site_name\" content=\"Gambling6\" \/>\n<meta property=\"og:image\" content=\"https:\/\/gambling6.com\/wp-content\/uploads\/2022\/04\/2_ticket_spanish_lottery.jpg\" \/>\n\t<meta property=\"og:image:width\" content=\"219\" \/>\n\t<meta property=\"og:image:height\" content=\"300\" \/>\n\t<meta property=\"og:image:type\" content=\"image\/jpeg\" \/>\n<meta name=\"twitter:card\" content=\"summary_large_image\" \/>\n<meta name=\"twitter:label1\" content=\"Predpokladan\u00fd \u010das \u010d\u00edtania\" \/>\n\t<meta name=\"twitter:data1\" content=\"2 min\u00faty\" \/>\n<script type=\"application\/ld+json\" class=\"yoast-schema-graph\">{\"@context\":\"https:\\\/\\\/schema.org\",\"@graph\":[{\"@type\":\"WebPage\",\"@id\":\"https:\\\/\\\/gambling6.com\\\/sk\\\/loteria\\\/ziskajte-losy-do-loterie-el-gordo-odkialkolvek\\\/\",\"url\":\"https:\\\/\\\/gambling6.com\\\/sk\\\/loteria\\\/ziskajte-losy-do-loterie-el-gordo-odkialkolvek\\\/\",\"name\":\"K\u00fapte si l\u00edstky do lot\u00e9rie El Gordo online\",\"isPartOf\":{\"@id\":\"https:\\\/\\\/gambling6.com\\\/sk\\\/#website\"},\"primaryImageOfPage\":{\"@id\":\"https:\\\/\\\/gambling6.com\\\/sk\\\/loteria\\\/ziskajte-losy-do-loterie-el-gordo-odkialkolvek\\\/#primaryimage\"},\"image\":{\"@id\":\"https:\\\/\\\/gambling6.com\\\/sk\\\/loteria\\\/ziskajte-losy-do-loterie-el-gordo-odkialkolvek\\\/#primaryimage\"},\"thumbnailUrl\":\"https:\\\/\\\/gambling6.com\\\/wp-content\\\/uploads\\\/2022\\\/04\\\/2_ticket_spanish_lottery.jpg\",\"datePublished\":\"2025-11-11T09:08:46+00:00\",\"description\":\"Sta\u0148te sa milion\u00e1rom, ke\u010f si zaobstar\u00e1te online tikety do lot\u00e9rie El Gordo.\",\"breadcrumb\":{\"@id\":\"https:\\\/\\\/gambling6.com\\\/sk\\\/loteria\\\/ziskajte-losy-do-loterie-el-gordo-odkialkolvek\\\/#breadcrumb\"},\"inLanguage\":\"sk-SK\",\"potentialAction\":[{\"@type\":\"ReadAction\",\"target\":[\"https:\\\/\\\/gambling6.com\\\/sk\\\/loteria\\\/ziskajte-losy-do-loterie-el-gordo-odkialkolvek\\\/\"]}]},{\"@type\":\"ImageObject\",\"inLanguage\":\"sk-SK\",\"@id\":\"https:\\\/\\\/gambling6.com\\\/sk\\\/loteria\\\/ziskajte-losy-do-loterie-el-gordo-odkialkolvek\\\/#primaryimage\",\"url\":\"https:\\\/\\\/gambling6.com\\\/wp-content\\\/uploads\\\/2022\\\/04\\\/2_ticket_spanish_lottery.jpg\",\"contentUrl\":\"https:\\\/\\\/gambling6.com\\\/wp-content\\\/uploads\\\/2022\\\/04\\\/2_ticket_spanish_lottery.jpg\"},{\"@type\":\"BreadcrumbList\",\"@id\":\"https:\\\/\\\/gambling6.com\\\/sk\\\/loteria\\\/ziskajte-losy-do-loterie-el-gordo-odkialkolvek\\\/#breadcrumb\",\"itemListElement\":[{\"@type\":\"ListItem\",\"position\":1,\"name\":\"Home\",\"item\":\"https:\\\/\\\/gambling6.com\\\/sk\\\/home\\\/\"},{\"@type\":\"ListItem\",\"position\":2,\"name\":\"Loteria\",\"item\":\"https:\\\/\\\/gambling6.com\\\/sk\\\/loteria\\\/\"},{\"@type\":\"ListItem\",\"position\":3,\"name\":\"Z\u00edskajte losy do lot\u00e9rie El Gordo odkia\u013eko\u013evek\"}]},{\"@type\":\"WebSite\",\"@id\":\"https:\\\/\\\/gambling6.com\\\/sk\\\/#website\",\"url\":\"https:\\\/\\\/gambling6.com\\\/sk\\\/\",\"name\":\"Gambling6\",\"description\":\"\",\"potentialAction\":[{\"@type\":\"SearchAction\",\"target\":{\"@type\":\"EntryPoint\",\"urlTemplate\":\"https:\\\/\\\/gambling6.com\\\/sk\\\/?s={search_term_string}\"},\"query-input\":{\"@type\":\"PropertyValueSpecification\",\"valueRequired\":true,\"valueName\":\"search_term_string\"}}],\"inLanguage\":\"sk-SK\"}]}<\/script>\n<!-- \/ Yoast SEO plugin. -->","yoast_head_json":{"title":"K\u00fapte si l\u00edstky do lot\u00e9rie El Gordo online","description":"Sta\u0148te sa milion\u00e1rom, ke\u010f si zaobstar\u00e1te online tikety do lot\u00e9rie El Gordo.","robots":{"index":"index","follow":"follow","max-snippet":"max-snippet:-1","max-image-preview":"max-image-preview:large","max-video-preview":"max-video-preview:-1"},"canonical":"https:\/\/gambling6.com\/sk\/loteria\/ziskajte-losy-do-loterie-el-gordo-odkialkolvek\/","og_locale":"sk_SK","og_type":"article","og_title":"K\u00fapte si l\u00edstky do lot\u00e9rie El Gordo online","og_description":"Sta\u0148te sa milion\u00e1rom, ke\u010f si zaobstar\u00e1te online tikety do lot\u00e9rie El Gordo.","og_url":"https:\/\/gambling6.com\/sk\/loteria\/ziskajte-losy-do-loterie-el-gordo-odkialkolvek\/","og_site_name":"Gambling6","og_image":[{"width":219,"height":300,"url":"https:\/\/gambling6.com\/wp-content\/uploads\/2022\/04\/2_ticket_spanish_lottery.jpg","type":"image\/jpeg"}],"twitter_card":"summary_large_image","twitter_misc":{"Predpokladan\u00fd \u010das \u010d\u00edtania":"2 min\u00faty"},"schema":{"@context":"https:\/\/schema.org","@graph":[{"@type":"WebPage","@id":"https:\/\/gambling6.com\/sk\/loteria\/ziskajte-losy-do-loterie-el-gordo-odkialkolvek\/","url":"https:\/\/gambling6.com\/sk\/loteria\/ziskajte-losy-do-loterie-el-gordo-odkialkolvek\/","name":"K\u00fapte si l\u00edstky do lot\u00e9rie El Gordo online","isPartOf":{"@id":"https:\/\/gambling6.com\/sk\/#website"},"primaryImageOfPage":{"@id":"https:\/\/gambling6.com\/sk\/loteria\/ziskajte-losy-do-loterie-el-gordo-odkialkolvek\/#primaryimage"},"image":{"@id":"https:\/\/gambling6.com\/sk\/loteria\/ziskajte-losy-do-loterie-el-gordo-odkialkolvek\/#primaryimage"},"thumbnailUrl":"https:\/\/gambling6.com\/wp-content\/uploads\/2022\/04\/2_ticket_spanish_lottery.jpg","datePublished":"2025-11-11T09:08:46+00:00","description":"Sta\u0148te sa milion\u00e1rom, ke\u010f si zaobstar\u00e1te online tikety do lot\u00e9rie El Gordo.","breadcrumb":{"@id":"https:\/\/gambling6.com\/sk\/loteria\/ziskajte-losy-do-loterie-el-gordo-odkialkolvek\/#breadcrumb"},"inLanguage":"sk-SK","potentialAction":[{"@type":"ReadAction","target":["https:\/\/gambling6.com\/sk\/loteria\/ziskajte-losy-do-loterie-el-gordo-odkialkolvek\/"]}]},{"@type":"ImageObject","inLanguage":"sk-SK","@id":"https:\/\/gambling6.com\/sk\/loteria\/ziskajte-losy-do-loterie-el-gordo-odkialkolvek\/#primaryimage","url":"https:\/\/gambling6.com\/wp-content\/uploads\/2022\/04\/2_ticket_spanish_lottery.jpg","contentUrl":"https:\/\/gambling6.com\/wp-content\/uploads\/2022\/04\/2_ticket_spanish_lottery.jpg"},{"@type":"BreadcrumbList","@id":"https:\/\/gambling6.com\/sk\/loteria\/ziskajte-losy-do-loterie-el-gordo-odkialkolvek\/#breadcrumb","itemListElement":[{"@type":"ListItem","position":1,"name":"Home","item":"https:\/\/gambling6.com\/sk\/home\/"},{"@type":"ListItem","position":2,"name":"Loteria","item":"https:\/\/gambling6.com\/sk\/loteria\/"},{"@type":"ListItem","position":3,"name":"Z\u00edskajte losy do lot\u00e9rie El Gordo odkia\u013eko\u013evek"}]},{"@type":"WebSite","@id":"https:\/\/gambling6.com\/sk\/#website","url":"https:\/\/gambling6.com\/sk\/","name":"Gambling6","description":"","potentialAction":[{"@type":"SearchAction","target":{"@type":"EntryPoint","urlTemplate":"https:\/\/gambling6.com\/sk\/?s={search_term_string}"},"query-input":{"@type":"PropertyValueSpecification","valueRequired":true,"valueName":"search_term_string"}}],"inLanguage":"sk-SK"}]}},"_links":{"self":[{"href":"https:\/\/gambling6.com\/sk\/wp-json\/wp\/v2\/pages\/9651","targetHints":{"allow":["GET"]}}],"collection":[{"href":"https:\/\/gambling6.com\/sk\/wp-json\/wp\/v2\/pages"}],"about":[{"href":"https:\/\/gambling6.com\/sk\/wp-json\/wp\/v2\/types\/page"}],"author":[{"embeddable":true,"href":"https:\/\/gambling6.com\/sk\/wp-json\/wp\/v2\/users\/1"}],"replies":[{"embeddable":true,"href":"https:\/\/gambling6.com\/sk\/wp-json\/wp\/v2\/comments?post=9651"}],"version-history":[{"count":0,"href":"https:\/\/gambling6.com\/sk\/wp-json\/wp\/v2\/pages\/9651\/revisions"}],"up":[{"embeddable":true,"href":"https:\/\/gambling6.com\/sk\/wp-json\/wp\/v2\/pages\/9320"}],"wp:attachment":[{"href":"https:\/\/gambling6.com\/sk\/wp-json\/wp\/v2\/media?parent=9651"}],"curies":[{"name":"wp","href":"https:\/\/api.w.org\/{rel}","templated":true}]}}