{"id":9676,"date":"2025-11-11T09:43:31","date_gmt":"2025-11-11T09:43:31","guid":{"rendered":"https:\/\/gambling6.com\/loteria\/ziskajte-online-listky-na-australsku-loteriu\/"},"modified":"2025-11-11T09:43:31","modified_gmt":"2025-11-11T09:43:31","slug":"ziskajte-online-listky-na-australsku-loteriu","status":"publish","type":"page","link":"https:\/\/gambling6.com\/sk\/loteria\/ziskajte-online-listky-na-australsku-loteriu\/","title":{"rendered":"Z\u00edskajte online l\u00edstky na austr\u00e1lsku lot\u00e9riu"},"content":{"rendered":"<h2>Austr\u00e1lska lot\u00e9ria<\/h2>\n<p>Ka\u017ed\u00fd t\u00fd\u017ede\u0148, v utorok a \u0161tvrtok, sa v Austr\u00e1lii konaj\u00fa dve ve\u013emi vzru\u0161uj\u00face lot\u00e9rie. L\u00edstky Powerball a Oz Lotto si m\u00f4\u017eete zak\u00fapi\u0165 online. K\u00fapa l\u00edstkov na Austr\u00e1lsku lot\u00e9riu online je rovnako jednoduch\u00e1 ako \u201ehodi\u0165 \u010fal\u0161iu krevetu na barbie\u201c. \u013dudia hraj\u00fa tieto lot\u00e9rie o pravidelne vysok\u00e9 jackpoty vo v\u00fd\u0161ke 50 mili\u00f3nov dol\u00e1rov a viac.<\/p>\n<p>\u0160ance na v\u00fdhru v oboch jackpotoch s\u00fa vzh\u013eadom na ich ve\u013ekos\u0165 dos\u0165 priazniv\u00e9 a v\u010faka mo\u017enosti zak\u00fapi\u0165 si l\u00edstky online rast\u00fa pomerne r\u00fdchlo. Celosvetovo si tieto jackpoty v posledn\u00fdch rokoch z\u00edskali na popularite. O t\u00fdchto \u017erebovaniach po\u010dujete v spr\u00e1vach ka\u017ed\u00fd de\u0148 viac.<\/p>\n<h2>Online l\u00edstky Oz Lotto s\u00fa bezpe\u010dn\u00e9.<\/h2>\n<p>M\u00f4\u017eete si bezpe\u010dne vybra\u0165 svojich 7 \u010d\u00edsel a \u010daka\u0165 na \u017erebovanie. N\u00e1\u0161 partner <a class=\"thirstylink\" title=\"Redfoxlotto\" href=\"https:\/\/gambling6.com\/go\/redfoxlotto\/\" target=\"_blank\" rel=\"nofollow noopener\">RedFoxLotto.com<\/a> v\u00e1m odoberie v\u0161etky starosti s n\u00e1kupom lot\u00e9riov\u00fdch l\u00edstkov online, tak\u017ee si len mus\u00edte sadn\u00fa\u0165 a \u010daka\u0165 na v\u00fdhru.<\/p>\n<p>Hr\u00e1\u010di z USA, ktor\u00ed sa chc\u00fa z\u00fa\u010dastni\u0165 a k\u00fapi\u0165 si online tiket do Powerballu alebo akejko\u013evek inej lot\u00e9rie z Austr\u00e1lie, by si mali vybra\u0165 na\u0161e druh\u00e9 odpor\u00fa\u010danie: <a href=\"https:\/\/gambling6.com\/go\/thelotter-en\/\" target=\"_blank\" rel=\"noopener\">TheLotter. Kliknite sem a nav\u0161t\u00edvte ich webov\u00fa str\u00e1nku<\/a><\/span><a class=\"thirstylink\" title=\"TheLotter en\" href=\"https:\/\/gambling6.com\/go\/thelotter-en\/\" target=\"_blank\" rel=\"nofollow noopener\">.<\/a><\/p>\n<h2>Obrovsk\u00e9 jackpoty s online tikety pre Powerball Australia<\/h2>\n<table style=\"width: 500px;\" border=\"1\" cellspacing=\"5\" cellpadding=\"5\" align=\"center\">\n<tbody>\n<tr>\n<td colspan=\"3\" align=\"center\">P\u00e4\u0165 najv\u00e4\u010d\u0161\u00edch jackpotov za rok 2013<\/td>\n<\/tr>\n<tr>\n<td>\u017drebovanie<\/td>\n<td align=\"center\">D\u00e1tum<\/td>\n<td align=\"center\">Jackpot (USD)<\/td>\n<\/tr>\n<tr>\n<td>Powerball &#8211; Austr\u00e1lia<\/td>\n<td align=\"center\">2. m\u00e1ja 2013<\/td>\n<td align=\"right\">55 229 291 USD<\/td>\n<\/tr>\n<tr>\n<td>Powerball &#8211; Austr\u00e1lia<\/td>\n<td align=\"center\">18. j\u00fala 2013<\/td>\n<td align=\"right\">26 700 000 USD<\/td>\n<\/tr>\n<tr>\n<td>Powerball &#8211; Austr\u00e1lia<\/td>\n<td align=\"center\">19. septembra 2013<\/td>\n<td align=\"right\">26 700 000 USD<\/td>\n<\/tr>\n<tr>\n<td>Powerball &#8211; Austr\u00e1lia<\/td>\n<td align=\"center\">24. okt\u00f3bra 2013<\/td>\n<td align=\"right\">26 700 000 USD<\/td>\n<\/tr>\n<tr>\n<td>Powerball &#8211; Austr\u00e1lia<\/td>\n<td align=\"center\">3. janu\u00e1ra 2013<\/td>\n<td align=\"right\">22 250 000 USD<\/td>\n<\/tr>\n<\/tbody>\n<\/table>\n<h2>\u00a0Osem \u00farovn\u00ed v\u00fdhier pre online tiket austr\u00e1lskeho Powerballu kupuj\u00faci<\/h2>\n<table style=\"width: 500px;\" border=\"1\" cellspacing=\"5\" cellpadding=\"5\" align=\"center\">\n<tbody>\n<tr>\n<td colspan=\"3\" align=\"center\">Powerball Lotto &#8211; Austr\u00e1lia \u00darovne cien<\/td>\n<\/tr>\n<tr>\n<td>Cena<\/td>\n<td align=\"center\">Z\u00e1pasy<\/td>\n<td align=\"center\">Kurzy<\/td>\n<\/tr>\n<tr>\n<td>1. (Jackpot)<\/td>\n<td align=\"center\">6 + 1<\/td>\n<td align=\"right\">76 767 600 : 1<\/td>\n<\/tr>\n<tr>\n<td>2.<\/td>\n<td align=\"center\">6<\/td>\n<td align=\"right\">4 040 400 : 1<\/td>\n<\/tr>\n<tr>\n<td>3.<\/td>\n<td align=\"center\">5 + 1<\/td>\n<td align=\"right\">376 312 : 1<\/td>\n<\/tr>\n<tr>\n<td>4.<\/td>\n<td align=\"center\">5<\/td>\n<td align=\"right\">19 806 : 1<\/td>\n<\/tr>\n<tr>\n<td>5.<\/td>\n<td align=\"center\">4 + 1<\/td>\n<td align=\"right\">9 123 : 1<\/td>\n<\/tr>\n<tr>\n<td>6.<\/td>\n<td align=\"center\">3 + 1<\/td>\n<td align=\"right\">641 : 1<\/td>\n<\/tr>\n<tr>\n<td>7.<\/td>\n<td align=\"center\">4<\/td>\n<td align=\"right\">480 : 1<\/td>\n<\/tr>\n<tr>\n<td>8.<\/td>\n<td align=\"center\">2 + 1<\/td>\n<td align=\"right\">110 : 1<\/td>\n<\/tr>\n<\/tbody>\n<\/table>\n<h2>\u00a0Dr\u017eitelia online tiketov Oz Lotto si m\u00f4\u017eu vyhra\u0165 ve\u013ek\u00e9 peniaze<\/h2>\n<table style=\"width: 500px;\" border=\"1\" cellspacing=\"5\" cellpadding=\"5\" align=\"center\">\n<tbody>\n<tr>\n<td colspan=\"3\" align=\"center\">P\u00e4\u0165 najv\u00e4\u010d\u0161\u00edch jackpotov za rok 2013<\/td>\n<\/tr>\n<tr>\n<td>\u017drebovanie<\/td>\n<td align=\"center\">D\u00e1tum<\/td>\n<td align=\"center\">Jackpot (USD)<\/td>\n<\/tr>\n<tr>\n<td>Oz Lotto &#8211; Austr\u00e1lia<\/td>\n<td align=\"center\">17. decembra 2013<\/td>\n<td align=\"right\">62 300 000 USD<\/td>\n<\/tr>\n<tr>\n<td>Oz Lotto &#8211; Austr\u00e1lia<\/td>\n<td align=\"center\">2. j\u00fala 2013<\/td>\n<td align=\"right\">44 500 000 USD<\/td>\n<\/tr>\n<tr>\n<td>Oz Lotto &#8211; Austr\u00e1lia<\/td>\n<td align=\"center\">30. apr\u00edla 2013<\/td>\n<td align=\"right\">26 700 000 USD<\/td>\n<\/tr>\n<tr>\n<td>Oz Lotto &#8211; Austr\u00e1lia<\/td>\n<td align=\"center\">29. janu\u00e1ra 2013<\/td>\n<td align=\"right\">20 296 484 USD<\/td>\n<\/tr>\n<tr>\n<td>Oz Lotto &#8211; Austr\u00e1lia<\/td>\n<td align=\"center\">3. septembra 2013<\/td>\n<td align=\"right\">19 790 620 USD<\/td>\n<\/tr>\n<\/tbody>\n<\/table>\n<h2>\u00a0Skontrolujte online tikety, \u010di sa nejak\u00e9 zhoduj\u00fa v\u00fdplata<\/h2>\n<table style=\"width: 500px;\" border=\"1\" cellspacing=\"5\" cellpadding=\"5\" align=\"center\">\n<tbody>\n<tr>\n<td colspan=\"3\" align=\"center\">Oz Lotto &#8211; \u00farovne cien Austr\u00e1lia<\/td>\n<\/tr>\n<tr>\n<td>V\u00fdhra<\/td>\n<td align=\"center\">Z\u00e1pasy<\/td>\n<td align=\"center\">Kurzy<\/td>\n<\/tr>\n<tr>\n<td>1. (Jackpot)<\/td>\n<td align=\"center\">7<\/td>\n<td align=\"right\">45 379 620 : 1<\/td>\n<\/tr>\n<tr>\n<td>2.<\/td>\n<td align=\"center\">6 + 1<\/td>\n<td align=\"right\">3 241 401 : 1<\/td>\n<\/tr>\n<tr>\n<td>3.<\/td>\n<td align=\"center\">6<\/td>\n<td align=\"right\">180 078 : 1<\/td>\n<\/tr>\n<tr>\n<td>4.<\/td>\n<td align=\"center\">5 + 1<\/td>\n<td align=\"right\">29 602 : 1<\/td>\n<\/tr>\n<tr>\n<td>5.<\/td>\n<td align=\"center\">5<\/td>\n<td align=\"right\">3 430 : 1<\/td>\n<\/tr>\n<tr>\n<td>6.<\/td>\n<td align=\"center\">4<\/td>\n<td align=\"right\">154 : 1<\/td>\n<\/tr>\n<tr>\n<td>7.<\/td>\n<td align=\"center\">3 + 1<\/td>\n<td align=\"right\">55 : 1<\/td>\n<\/tr>\n<\/tbody>\n<\/table>\n","protected":false},"excerpt":{"rendered":"<p>Austr\u00e1lska lot\u00e9ria Ka\u017ed\u00fd t\u00fd\u017ede\u0148, v utorok a \u0161tvrtok, sa v Austr\u00e1lii konaj\u00fa dve ve\u013emi vzru\u0161uj\u00face lot\u00e9rie. L\u00edstky Powerball a Oz Lotto si m\u00f4\u017eete zak\u00fapi\u0165 online. K\u00fapa l\u00edstkov na Austr\u00e1lsku lot\u00e9riu online je rovnako jednoduch\u00e1 ako \u201ehodi\u0165 \u010fal\u0161iu krevetu na barbie\u201c. \u013dudia hraj\u00fa tieto lot\u00e9rie o pravidelne vysok\u00e9 jackpoty vo v\u00fd\u0161ke 50 mili\u00f3nov dol\u00e1rov a viac. [&hellip;]<\/p>\n","protected":false},"author":1,"featured_media":0,"parent":9320,"menu_order":9,"comment_status":"closed","ping_status":"closed","template":"","meta":{"footnotes":""},"class_list":["post-9676","page","type-page","status-publish","hentry"],"yoast_head":"<!-- This site is optimized with the Yoast SEO plugin v27.6 - https:\/\/yoast.com\/product\/yoast-seo-wordpress\/ -->\n<title>K\u00fapte si l\u00edstky na austr\u00e1lsku lot\u00e9riu online<\/title>\n<meta name=\"description\" content=\"N\u00e1kup tiketov pre austr\u00e1lske lot\u00e9rie online pos\u00fava vzru\u0161enie na nov\u00fa \u00farove\u0148.\" \/>\n<meta name=\"robots\" content=\"index, follow, max-snippet:-1, max-image-preview:large, max-video-preview:-1\" \/>\n<link rel=\"canonical\" href=\"https:\/\/gambling6.com\/sk\/loteria\/ziskajte-online-listky-na-australsku-loteriu\/\" \/>\n<meta property=\"og:locale\" content=\"sk_SK\" \/>\n<meta property=\"og:type\" content=\"article\" \/>\n<meta property=\"og:title\" content=\"K\u00fapte si l\u00edstky na austr\u00e1lsku lot\u00e9riu online\" \/>\n<meta property=\"og:description\" content=\"N\u00e1kup tiketov pre austr\u00e1lske lot\u00e9rie online pos\u00fava vzru\u0161enie na nov\u00fa \u00farove\u0148.\" \/>\n<meta property=\"og:url\" content=\"https:\/\/gambling6.com\/sk\/loteria\/ziskajte-online-listky-na-australsku-loteriu\/\" \/>\n<meta property=\"og:site_name\" content=\"Gambling6\" \/>\n<meta name=\"twitter:card\" content=\"summary_large_image\" \/>\n<meta name=\"twitter:label1\" content=\"Predpokladan\u00fd \u010das \u010d\u00edtania\" \/>\n\t<meta name=\"twitter:data1\" content=\"2 min\u00faty\" \/>\n<script type=\"application\/ld+json\" class=\"yoast-schema-graph\">{\"@context\":\"https:\\\/\\\/schema.org\",\"@graph\":[{\"@type\":\"WebPage\",\"@id\":\"https:\\\/\\\/gambling6.com\\\/sk\\\/loteria\\\/ziskajte-online-listky-na-australsku-loteriu\\\/\",\"url\":\"https:\\\/\\\/gambling6.com\\\/sk\\\/loteria\\\/ziskajte-online-listky-na-australsku-loteriu\\\/\",\"name\":\"K\u00fapte si l\u00edstky na austr\u00e1lsku lot\u00e9riu online\",\"isPartOf\":{\"@id\":\"https:\\\/\\\/gambling6.com\\\/sk\\\/#website\"},\"datePublished\":\"2025-11-11T09:43:31+00:00\",\"description\":\"N\u00e1kup tiketov pre austr\u00e1lske lot\u00e9rie online pos\u00fava vzru\u0161enie na nov\u00fa \u00farove\u0148.\",\"breadcrumb\":{\"@id\":\"https:\\\/\\\/gambling6.com\\\/sk\\\/loteria\\\/ziskajte-online-listky-na-australsku-loteriu\\\/#breadcrumb\"},\"inLanguage\":\"sk-SK\",\"potentialAction\":[{\"@type\":\"ReadAction\",\"target\":[\"https:\\\/\\\/gambling6.com\\\/sk\\\/loteria\\\/ziskajte-online-listky-na-australsku-loteriu\\\/\"]}]},{\"@type\":\"BreadcrumbList\",\"@id\":\"https:\\\/\\\/gambling6.com\\\/sk\\\/loteria\\\/ziskajte-online-listky-na-australsku-loteriu\\\/#breadcrumb\",\"itemListElement\":[{\"@type\":\"ListItem\",\"position\":1,\"name\":\"Home\",\"item\":\"https:\\\/\\\/gambling6.com\\\/sk\\\/home\\\/\"},{\"@type\":\"ListItem\",\"position\":2,\"name\":\"Loteria\",\"item\":\"https:\\\/\\\/gambling6.com\\\/sk\\\/loteria\\\/\"},{\"@type\":\"ListItem\",\"position\":3,\"name\":\"Z\u00edskajte online l\u00edstky na austr\u00e1lsku lot\u00e9riu\"}]},{\"@type\":\"WebSite\",\"@id\":\"https:\\\/\\\/gambling6.com\\\/sk\\\/#website\",\"url\":\"https:\\\/\\\/gambling6.com\\\/sk\\\/\",\"name\":\"Gambling6\",\"description\":\"\",\"potentialAction\":[{\"@type\":\"SearchAction\",\"target\":{\"@type\":\"EntryPoint\",\"urlTemplate\":\"https:\\\/\\\/gambling6.com\\\/sk\\\/?s={search_term_string}\"},\"query-input\":{\"@type\":\"PropertyValueSpecification\",\"valueRequired\":true,\"valueName\":\"search_term_string\"}}],\"inLanguage\":\"sk-SK\"}]}<\/script>\n<!-- \/ Yoast SEO plugin. -->","yoast_head_json":{"title":"K\u00fapte si l\u00edstky na austr\u00e1lsku lot\u00e9riu online","description":"N\u00e1kup tiketov pre austr\u00e1lske lot\u00e9rie online pos\u00fava vzru\u0161enie na nov\u00fa \u00farove\u0148.","robots":{"index":"index","follow":"follow","max-snippet":"max-snippet:-1","max-image-preview":"max-image-preview:large","max-video-preview":"max-video-preview:-1"},"canonical":"https:\/\/gambling6.com\/sk\/loteria\/ziskajte-online-listky-na-australsku-loteriu\/","og_locale":"sk_SK","og_type":"article","og_title":"K\u00fapte si l\u00edstky na austr\u00e1lsku lot\u00e9riu online","og_description":"N\u00e1kup tiketov pre austr\u00e1lske lot\u00e9rie online pos\u00fava vzru\u0161enie na nov\u00fa \u00farove\u0148.","og_url":"https:\/\/gambling6.com\/sk\/loteria\/ziskajte-online-listky-na-australsku-loteriu\/","og_site_name":"Gambling6","twitter_card":"summary_large_image","twitter_misc":{"Predpokladan\u00fd \u010das \u010d\u00edtania":"2 min\u00faty"},"schema":{"@context":"https:\/\/schema.org","@graph":[{"@type":"WebPage","@id":"https:\/\/gambling6.com\/sk\/loteria\/ziskajte-online-listky-na-australsku-loteriu\/","url":"https:\/\/gambling6.com\/sk\/loteria\/ziskajte-online-listky-na-australsku-loteriu\/","name":"K\u00fapte si l\u00edstky na austr\u00e1lsku lot\u00e9riu online","isPartOf":{"@id":"https:\/\/gambling6.com\/sk\/#website"},"datePublished":"2025-11-11T09:43:31+00:00","description":"N\u00e1kup tiketov pre austr\u00e1lske lot\u00e9rie online pos\u00fava vzru\u0161enie na nov\u00fa \u00farove\u0148.","breadcrumb":{"@id":"https:\/\/gambling6.com\/sk\/loteria\/ziskajte-online-listky-na-australsku-loteriu\/#breadcrumb"},"inLanguage":"sk-SK","potentialAction":[{"@type":"ReadAction","target":["https:\/\/gambling6.com\/sk\/loteria\/ziskajte-online-listky-na-australsku-loteriu\/"]}]},{"@type":"BreadcrumbList","@id":"https:\/\/gambling6.com\/sk\/loteria\/ziskajte-online-listky-na-australsku-loteriu\/#breadcrumb","itemListElement":[{"@type":"ListItem","position":1,"name":"Home","item":"https:\/\/gambling6.com\/sk\/home\/"},{"@type":"ListItem","position":2,"name":"Loteria","item":"https:\/\/gambling6.com\/sk\/loteria\/"},{"@type":"ListItem","position":3,"name":"Z\u00edskajte online l\u00edstky na austr\u00e1lsku lot\u00e9riu"}]},{"@type":"WebSite","@id":"https:\/\/gambling6.com\/sk\/#website","url":"https:\/\/gambling6.com\/sk\/","name":"Gambling6","description":"","potentialAction":[{"@type":"SearchAction","target":{"@type":"EntryPoint","urlTemplate":"https:\/\/gambling6.com\/sk\/?s={search_term_string}"},"query-input":{"@type":"PropertyValueSpecification","valueRequired":true,"valueName":"search_term_string"}}],"inLanguage":"sk-SK"}]}},"_links":{"self":[{"href":"https:\/\/gambling6.com\/sk\/wp-json\/wp\/v2\/pages\/9676","targetHints":{"allow":["GET"]}}],"collection":[{"href":"https:\/\/gambling6.com\/sk\/wp-json\/wp\/v2\/pages"}],"about":[{"href":"https:\/\/gambling6.com\/sk\/wp-json\/wp\/v2\/types\/page"}],"author":[{"embeddable":true,"href":"https:\/\/gambling6.com\/sk\/wp-json\/wp\/v2\/users\/1"}],"replies":[{"embeddable":true,"href":"https:\/\/gambling6.com\/sk\/wp-json\/wp\/v2\/comments?post=9676"}],"version-history":[{"count":0,"href":"https:\/\/gambling6.com\/sk\/wp-json\/wp\/v2\/pages\/9676\/revisions"}],"up":[{"embeddable":true,"href":"https:\/\/gambling6.com\/sk\/wp-json\/wp\/v2\/pages\/9320"}],"wp:attachment":[{"href":"https:\/\/gambling6.com\/sk\/wp-json\/wp\/v2\/media?parent=9676"}],"curies":[{"name":"wp","href":"https:\/\/api.w.org\/{rel}","templated":true}]}}