{"id":9684,"date":"2025-11-11T09:59:46","date_gmt":"2025-11-11T09:59:46","guid":{"rendered":"https:\/\/gambling6.com\/loteria\/ziskajte-online-listky-na-loteriu-mega-sena\/"},"modified":"2025-11-11T09:59:46","modified_gmt":"2025-11-11T09:59:46","slug":"ziskajte-online-listky-na-loteriu-mega-sena","status":"publish","type":"page","link":"https:\/\/gambling6.com\/sk\/loteria\/ziskajte-online-listky-na-loteriu-mega-sena\/","title":{"rendered":"Z\u00edskajte online l\u00edstky na lot\u00e9riu Mega Sena"},"content":{"rendered":"<h2>Lot\u00e9ria Mega Sena<\/h2>\n<p>S garantovan\u00fdm minim\u00e1lnym jackpotom 1,1 mili\u00f3na dol\u00e1rov pri\u0165ahuje lot\u00e9ria Mega Sena v Braz\u00edlii dvakr\u00e1t t\u00fd\u017edenne obrovsk\u00e9 mno\u017estvo fan\u00fa\u0161ikov. V\u010faka mo\u017enosti z\u00edska\u0165 tikety do lot\u00e9rie Mega Sena online sa jackpoty \u010dasto vy\u0161plhaj\u00fa ove\u013ea vy\u0161\u0161ie<strong>.<\/strong> V krajine, ktor\u00e1 je celosvetovo zn\u00e1ma kr\u00e1snymi \u017eenami na pl\u00e1\u017each a z\u00e1bavou, braz\u00edlska n\u00e1rodn\u00e1 lot\u00e9ria Mega-Sena zvy\u0161uje vzru\u0161enie jackpotmi, ktor\u00e9 m\u00f4\u017eu dosiahnu\u0165 35 mili\u00f3nov dol\u00e1rov.<\/p>\n<p><strong>Akoby 35 mili\u00f3nov dol\u00e1rov nesta\u010dilo, na Silvestra sa kon\u00e1 \u0161peci\u00e1lne \u017erebovanie s garantovan\u00fdm jackpotom 200 mili\u00f3nov dol\u00e1rov.<\/strong><\/p>\n<p>Lot\u00e9ria Mega-Sena, ktor\u00e1 sa kon\u00e1 dvakr\u00e1t t\u00fd\u017edenne v Braz\u00edlii, je najv\u00e4\u010d\u0161ia v Ju\u017enej Amerike a je mo\u017en\u00e9 ju zak\u00fapi\u0165 online. Obyvatelia Braz\u00edlie spolu s mnoh\u00fdmi online hr\u00e1\u010dmi sa dvakr\u00e1t t\u00fd\u017edenne hrn\u00fa k\u00fapi\u0165 tikety do tejto \u013eahko hrate\u013enej lot\u00e9rie.<\/p>\n<h2>Hranie lot\u00e9rie Mega-Sena online.<\/h2>\n<p>Ak sa chcete z\u00fa\u010dastni\u0165 tejto lot\u00e9rie, sta\u010d\u00ed si vybra\u0165 \u0161es\u0165 \u010d\u00edsel od 1 do 60 a \u010daka\u0165 na \u017erebovanie. Ak chcete z\u00edska\u0165 jackpot, sta\u010d\u00ed uh\u00e1dnu\u0165 \u0161es\u0165 \u010d\u00edsel. <strong>Ako online hr\u00e1\u010d by \u010fal\u0161\u00edm krokom bolo letie\u0165 do Braz\u00edlie<\/strong>, z\u00edska\u0165 jackpot a zaplavi\u0165 pl\u00e1\u017e so v\u0161etk\u00fdmi svojimi nov\u00fdmi priate\u013emi.<\/p>\n<p>\u0160anca na v\u00fdhru v Mega Sena s va\u0161imi online tikety je pribli\u017ene 50 000 000 k 1. Zak\u00fapen\u00edm tiketov Mega Sena online m\u00f4\u017eete tie\u017e vyhra\u0165 jednu z cien druhej alebo tretej \u00farovne, ktor\u00e9 s\u00fa \u010dasto zna\u010dn\u00e9. <a class=\"thirstylink\" title=\"Redfoxlotto\" href=\"https:\/\/gambling6.com\/go\/redfoxlotto\/\" target=\"_blank\" rel=\"nofollow noopener\">Kliknite sem a nav\u0161t\u00edvte str\u00e1nku n\u00e1\u0161ho partnera RedFoxlotto, kde si m\u00f4\u017eete zaobstara\u0165 tikety do lot\u00e9rie Mega Sena online.<\/a><\/p>\n<table style=\"width: 500px;\" border=\"1\" cellspacing=\"5\" cellpadding=\"5\" align=\"center\">\n<tbody>\n<tr>\n<td colspan=\"3\" align=\"center\">P\u00e4\u0165 najv\u00e4\u010d\u0161\u00edch jackpotov za rok 2013<\/td>\n<\/tr>\n<tr>\n<td>\u017drebovanie<\/td>\n<td align=\"center\">D\u00e1tum<\/td>\n<td align=\"center\">Jackpot (USD)<\/td>\n<\/tr>\n<tr>\n<td>Mega-Sena &#8211; Latinsk\u00e1 Amerika<\/td>\n<td align=\"center\">6. novembra 2013<\/td>\n<td align=\"right\">34 615 000 USD<\/td>\n<\/tr>\n<tr>\n<td>Mega-Sena &#8211; Latinsk\u00e1 Amerika<\/td>\n<td align=\"center\">1. j\u00fana 2013<\/td>\n<td align=\"right\">18 505 745 USD<\/td>\n<\/tr>\n<tr>\n<td>Mega-Sena &#8211; Latinsk\u00e1 Amerika<\/td>\n<td align=\"center\">3. j\u00fala 2013<\/td>\n<td align=\"right\">18 205 319 USD<\/td>\n<\/tr>\n<tr>\n<td>Mega-Sena &#8211; Latinsk\u00e1 Amerika<\/td>\n<td align=\"center\">31. augusta 2013<\/td>\n<td align=\"right\">13 760 000 USD<\/td>\n<\/tr>\n<tr>\n<td>Mega-Sena &#8211; Latinsk\u00e1 Amerika<\/td>\n<td align=\"center\">14. augusta 2013<\/td>\n<td align=\"right\">10 884 923 USD<\/td>\n<\/tr>\n<\/tbody>\n<\/table>\n<p>&nbsp;<\/p>\n<table style=\"width: 500px;\" border=\"1\" cellspacing=\"5\" cellpadding=\"5\" align=\"center\">\n<tbody>\n<tr>\n<td colspan=\"3\" align=\"center\">Lot\u00e9ria Mega-Sena &#8211; Braz\u00edlske \u00farovne v\u00fdhier<\/td>\n<\/tr>\n<tr>\n<td>Cena<\/td>\n<td align=\"center\">Z\u00e1pasy<\/td>\n<td align=\"center\">Kurzy<\/td>\n<\/tr>\n<tr>\n<td>1. miesto (Jackpot)<\/td>\n<td align=\"center\">6<\/td>\n<td align=\"right\">50 063 856 : 1<\/td>\n<\/tr>\n<tr>\n<td>2. miesto<\/td>\n<td align=\"center\">5<\/td>\n<td align=\"right\">154 518 : 1<\/td>\n<\/tr>\n<tr>\n<td>3.<\/td>\n<td align=\"center\">4<\/td>\n<td align=\"right\">2 332 : 1<\/td>\n<\/tr>\n<\/tbody>\n<\/table>\n","protected":false},"excerpt":{"rendered":"<p>Lot\u00e9ria Mega Sena S garantovan\u00fdm minim\u00e1lnym jackpotom 1,1 mili\u00f3na dol\u00e1rov pri\u0165ahuje lot\u00e9ria Mega Sena v Braz\u00edlii dvakr\u00e1t t\u00fd\u017edenne obrovsk\u00e9 mno\u017estvo fan\u00fa\u0161ikov. V\u010faka mo\u017enosti z\u00edska\u0165 tikety do lot\u00e9rie Mega Sena online sa jackpoty \u010dasto vy\u0161plhaj\u00fa ove\u013ea vy\u0161\u0161ie. V krajine, ktor\u00e1 je celosvetovo zn\u00e1ma kr\u00e1snymi \u017eenami na pl\u00e1\u017each a z\u00e1bavou, braz\u00edlska n\u00e1rodn\u00e1 lot\u00e9ria Mega-Sena zvy\u0161uje vzru\u0161enie jackpotmi, [&hellip;]<\/p>\n","protected":false},"author":1,"featured_media":0,"parent":9320,"menu_order":8,"comment_status":"closed","ping_status":"closed","template":"","meta":{"footnotes":""},"class_list":["post-9684","page","type-page","status-publish","hentry"],"yoast_head":"<!-- This site is optimized with the Yoast SEO plugin v27.3 - https:\/\/yoast.com\/product\/yoast-seo-wordpress\/ -->\n<title>K\u00fapte si online l\u00edstky na lot\u00e9riu Mega Sena<\/title>\n<meta name=\"description\" content=\"Zistite, ako m\u00f4\u017eete z\u00edska\u0165 online tikety do braz\u00edlskej lot\u00e9rie Mega-Sena.\" \/>\n<meta name=\"robots\" content=\"index, follow, max-snippet:-1, max-image-preview:large, max-video-preview:-1\" \/>\n<link rel=\"canonical\" href=\"https:\/\/gambling6.com\/sk\/loteria\/ziskajte-online-listky-na-loteriu-mega-sena\/\" \/>\n<meta property=\"og:locale\" content=\"sk_SK\" \/>\n<meta property=\"og:type\" content=\"article\" \/>\n<meta property=\"og:title\" content=\"K\u00fapte si online l\u00edstky na lot\u00e9riu Mega Sena\" \/>\n<meta property=\"og:description\" content=\"Zistite, ako m\u00f4\u017eete z\u00edska\u0165 online tikety do braz\u00edlskej lot\u00e9rie Mega-Sena.\" \/>\n<meta property=\"og:url\" content=\"https:\/\/gambling6.com\/sk\/loteria\/ziskajte-online-listky-na-loteriu-mega-sena\/\" \/>\n<meta property=\"og:site_name\" content=\"Gambling6\" \/>\n<meta name=\"twitter:card\" content=\"summary_large_image\" \/>\n<meta name=\"twitter:label1\" content=\"Predpokladan\u00fd \u010das \u010d\u00edtania\" \/>\n\t<meta name=\"twitter:data1\" content=\"2 min\u00faty\" \/>\n<script type=\"application\/ld+json\" class=\"yoast-schema-graph\">{\"@context\":\"https:\\\/\\\/schema.org\",\"@graph\":[{\"@type\":\"WebPage\",\"@id\":\"https:\\\/\\\/gambling6.com\\\/sk\\\/loteria\\\/ziskajte-online-listky-na-loteriu-mega-sena\\\/\",\"url\":\"https:\\\/\\\/gambling6.com\\\/sk\\\/loteria\\\/ziskajte-online-listky-na-loteriu-mega-sena\\\/\",\"name\":\"K\u00fapte si online l\u00edstky na lot\u00e9riu Mega Sena\",\"isPartOf\":{\"@id\":\"https:\\\/\\\/gambling6.com\\\/sk\\\/#website\"},\"datePublished\":\"2025-11-11T09:59:46+00:00\",\"description\":\"Zistite, ako m\u00f4\u017eete z\u00edska\u0165 online tikety do braz\u00edlskej lot\u00e9rie Mega-Sena.\",\"breadcrumb\":{\"@id\":\"https:\\\/\\\/gambling6.com\\\/sk\\\/loteria\\\/ziskajte-online-listky-na-loteriu-mega-sena\\\/#breadcrumb\"},\"inLanguage\":\"sk-SK\",\"potentialAction\":[{\"@type\":\"ReadAction\",\"target\":[\"https:\\\/\\\/gambling6.com\\\/sk\\\/loteria\\\/ziskajte-online-listky-na-loteriu-mega-sena\\\/\"]}]},{\"@type\":\"BreadcrumbList\",\"@id\":\"https:\\\/\\\/gambling6.com\\\/sk\\\/loteria\\\/ziskajte-online-listky-na-loteriu-mega-sena\\\/#breadcrumb\",\"itemListElement\":[{\"@type\":\"ListItem\",\"position\":1,\"name\":\"Home\",\"item\":\"https:\\\/\\\/gambling6.com\\\/sk\\\/home\\\/\"},{\"@type\":\"ListItem\",\"position\":2,\"name\":\"Loteria\",\"item\":\"https:\\\/\\\/gambling6.com\\\/sk\\\/loteria\\\/\"},{\"@type\":\"ListItem\",\"position\":3,\"name\":\"Z\u00edskajte online l\u00edstky na lot\u00e9riu Mega Sena\"}]},{\"@type\":\"WebSite\",\"@id\":\"https:\\\/\\\/gambling6.com\\\/sk\\\/#website\",\"url\":\"https:\\\/\\\/gambling6.com\\\/sk\\\/\",\"name\":\"Gambling6\",\"description\":\"\",\"potentialAction\":[{\"@type\":\"SearchAction\",\"target\":{\"@type\":\"EntryPoint\",\"urlTemplate\":\"https:\\\/\\\/gambling6.com\\\/sk\\\/?s={search_term_string}\"},\"query-input\":{\"@type\":\"PropertyValueSpecification\",\"valueRequired\":true,\"valueName\":\"search_term_string\"}}],\"inLanguage\":\"sk-SK\"}]}<\/script>\n<!-- \/ Yoast SEO plugin. -->","yoast_head_json":{"title":"K\u00fapte si online l\u00edstky na lot\u00e9riu Mega Sena","description":"Zistite, ako m\u00f4\u017eete z\u00edska\u0165 online tikety do braz\u00edlskej lot\u00e9rie Mega-Sena.","robots":{"index":"index","follow":"follow","max-snippet":"max-snippet:-1","max-image-preview":"max-image-preview:large","max-video-preview":"max-video-preview:-1"},"canonical":"https:\/\/gambling6.com\/sk\/loteria\/ziskajte-online-listky-na-loteriu-mega-sena\/","og_locale":"sk_SK","og_type":"article","og_title":"K\u00fapte si online l\u00edstky na lot\u00e9riu Mega Sena","og_description":"Zistite, ako m\u00f4\u017eete z\u00edska\u0165 online tikety do braz\u00edlskej lot\u00e9rie Mega-Sena.","og_url":"https:\/\/gambling6.com\/sk\/loteria\/ziskajte-online-listky-na-loteriu-mega-sena\/","og_site_name":"Gambling6","twitter_card":"summary_large_image","twitter_misc":{"Predpokladan\u00fd \u010das \u010d\u00edtania":"2 min\u00faty"},"schema":{"@context":"https:\/\/schema.org","@graph":[{"@type":"WebPage","@id":"https:\/\/gambling6.com\/sk\/loteria\/ziskajte-online-listky-na-loteriu-mega-sena\/","url":"https:\/\/gambling6.com\/sk\/loteria\/ziskajte-online-listky-na-loteriu-mega-sena\/","name":"K\u00fapte si online l\u00edstky na lot\u00e9riu Mega Sena","isPartOf":{"@id":"https:\/\/gambling6.com\/sk\/#website"},"datePublished":"2025-11-11T09:59:46+00:00","description":"Zistite, ako m\u00f4\u017eete z\u00edska\u0165 online tikety do braz\u00edlskej lot\u00e9rie Mega-Sena.","breadcrumb":{"@id":"https:\/\/gambling6.com\/sk\/loteria\/ziskajte-online-listky-na-loteriu-mega-sena\/#breadcrumb"},"inLanguage":"sk-SK","potentialAction":[{"@type":"ReadAction","target":["https:\/\/gambling6.com\/sk\/loteria\/ziskajte-online-listky-na-loteriu-mega-sena\/"]}]},{"@type":"BreadcrumbList","@id":"https:\/\/gambling6.com\/sk\/loteria\/ziskajte-online-listky-na-loteriu-mega-sena\/#breadcrumb","itemListElement":[{"@type":"ListItem","position":1,"name":"Home","item":"https:\/\/gambling6.com\/sk\/home\/"},{"@type":"ListItem","position":2,"name":"Loteria","item":"https:\/\/gambling6.com\/sk\/loteria\/"},{"@type":"ListItem","position":3,"name":"Z\u00edskajte online l\u00edstky na lot\u00e9riu Mega Sena"}]},{"@type":"WebSite","@id":"https:\/\/gambling6.com\/sk\/#website","url":"https:\/\/gambling6.com\/sk\/","name":"Gambling6","description":"","potentialAction":[{"@type":"SearchAction","target":{"@type":"EntryPoint","urlTemplate":"https:\/\/gambling6.com\/sk\/?s={search_term_string}"},"query-input":{"@type":"PropertyValueSpecification","valueRequired":true,"valueName":"search_term_string"}}],"inLanguage":"sk-SK"}]}},"_links":{"self":[{"href":"https:\/\/gambling6.com\/sk\/wp-json\/wp\/v2\/pages\/9684","targetHints":{"allow":["GET"]}}],"collection":[{"href":"https:\/\/gambling6.com\/sk\/wp-json\/wp\/v2\/pages"}],"about":[{"href":"https:\/\/gambling6.com\/sk\/wp-json\/wp\/v2\/types\/page"}],"author":[{"embeddable":true,"href":"https:\/\/gambling6.com\/sk\/wp-json\/wp\/v2\/users\/1"}],"replies":[{"embeddable":true,"href":"https:\/\/gambling6.com\/sk\/wp-json\/wp\/v2\/comments?post=9684"}],"version-history":[{"count":0,"href":"https:\/\/gambling6.com\/sk\/wp-json\/wp\/v2\/pages\/9684\/revisions"}],"up":[{"embeddable":true,"href":"https:\/\/gambling6.com\/sk\/wp-json\/wp\/v2\/pages\/9320"}],"wp:attachment":[{"href":"https:\/\/gambling6.com\/sk\/wp-json\/wp\/v2\/media?parent=9684"}],"curies":[{"name":"wp","href":"https:\/\/api.w.org\/{rel}","templated":true}]}}