{"id":9698,"date":"2025-11-11T10:21:01","date_gmt":"2025-11-11T10:21:01","guid":{"rendered":"https:\/\/gambling6.com\/loteria\/ziskajte-online-listky-na-britsku-narodnu-loteriu\/"},"modified":"2025-11-15T11:02:51","modified_gmt":"2025-11-15T11:02:51","slug":"ziskajte-online-listky-na-britsku-narodnu-loteriu","status":"publish","type":"page","link":"https:\/\/gambling6.com\/sk\/loteria\/ziskajte-online-listky-na-britsku-narodnu-loteriu\/","title":{"rendered":"Z\u00edskajte online l\u00edstky na britsk\u00fa n\u00e1rodn\u00fa lot\u00e9riu"},"content":{"rendered":"<h2>\u017det\u00f3ny do Britskej n\u00e1rodnej lot\u00e9rie na internete<\/h2>\n<p><strong style=\"background-color: initial;\">Online \u017ereb do Britskej n\u00e1rodnej lot\u00e9rie sa stanete s\u00fa\u010das\u0165ou ob\u013e\u00fabenej britskej lot\u00e9rie.<\/strong><span style=\"background-color: initial;\"> Predaj \u017erebov, online aj lok\u00e1lne, dosahuje pribli\u017ene 50 000 000 na \u017erebovanie. S \u017erebom m\u00e1te \u0161ancu 1 ku 56 vyhra\u0165 25 libier, \u010do je vstupn\u00e1 cena v Britskej n\u00e1rodnej lot\u00e9rii.<\/span><\/p>\n<p>Ak chcete hra\u0165 v tejto lot\u00e9rii, vyberiete si \u0161es\u0165 hlavn\u00fdch \u010d\u00edsel od 1 do 49. Ak chcete z\u00edska\u0165 jackpot, sta\u010d\u00ed uh\u00e1dnu\u0165 \u0161es\u0165 \u010d\u00edsel. <strong>\u0160anca na v\u00fdhru v Britskej n\u00e1rodnej lot\u00e9rii je pribli\u017ene 1 ku 14 mili\u00f3nom.<\/strong> T\u00e1to \u0161anca je ove\u013ea lep\u0161ia ako snaha vyhra\u0165 Euromili\u00f3ny; V skuto\u010dnosti je pravdepodobnos\u0165, \u017ee vyhr\u00e1te, asi 10-kr\u00e1t vy\u0161\u0161ia.<\/p>\n<p>Ka\u017ed\u00fa stredu a sobotu prudko st\u00fapa predaj tiketov, ke\u010f\u017ee\u00a0<span style=\"box-sizing: border-box; margin: 0px; padding: 0px;\">miestni Briti a\u00a0<strong>medzin\u00e1rodn\u00ed online hr\u00e1\u010di lot\u00e9rie si kupuj\u00fa tikety, aby vyhrali<\/strong><\/span><strong>jackpot<\/strong>, ktor\u00fd takmer v\u017edy presahuje 5 mili\u00f3nov libier. Zatia\u013e \u010do 45 % predaja tiketov je zaru\u010dene investovan\u00fdch do v\u00fdhern\u00e9ho fondu, od zavedenia tejto lot\u00e9rie v roku 1994 bolo na hodnotn\u00e9 \u00fa\u010dely v Spojenom kr\u00e1\u013eovstve a zahrani\u010d\u00ed venovan\u00fdch viac ako 42 mili\u00e1rd libier.<\/p>\n<p><img loading=\"lazy\" decoding=\"async\" class=\"size-medium wp-image-1371 alignright\" src=\"https:\/\/gambling6.com\/wp-content\/uploads\/2022\/04\/2_ticket_uk_lottery-192x300.jpg\" alt=\"l\u00edstok do lot\u00e9rie Spojen\u00e9ho kr\u00e1\u013eovstva\" width=\"192\" height=\"300\" srcset=\"https:\/\/gambling6.com\/wp-content\/uploads\/2022\/04\/2_ticket_uk_lottery-192x300.jpg 192w, https:\/\/gambling6.com\/wp-content\/uploads\/2022\/04\/2_ticket_uk_lottery.jpg 564w\" sizes=\"auto, (max-width: 192px) 100vw, 192px\" \/>Ke\u010f sa t\u00e1to lot\u00e9ria \u017erebuje v sobotu a stredu v Lond\u00fdne, publikum zvieraj\u00face \u017ereby v ruk\u00e1ch je pomerne ve\u013ek\u00e9. \u013dudia sa hrn\u00fa k telev\u00edzoru v miestnych kr\u010dm\u00e1ch v n\u00e1deji, \u017ee vyhraj\u00fa 5 mili\u00f3nov libier. Okrem toho, ak sa jackpot nevyhr\u00e1, prenesie sa do \u010fal\u0161ieho \u017erebovania. <a class=\"thirstylink\" title=\"RedFoxLotto en\" href=\"https:\/\/gambling6.com\/go\/redfoxlotto-en\/\" target=\"_blank\" rel=\"nofollow noopener\">Z\u00edskajte svoj online tiket a \u0161ancu vyhra\u0165 cenu do N\u00e1rodnej lot\u00e9rie Spojen\u00e9ho kr\u00e1\u013eovstva na str\u00e1nke n\u00e1\u0161ho partnera RedFoxLotto.<\/a><\/p>\n<table style=\"width: 500px;\" border=\"1\" cellspacing=\"5\" cellpadding=\"5\" align=\"center\">\n<tbody>\n<tr>\n<td colspan=\"3\" align=\"center\">P\u00e4\u0165 najv\u00e4\u010d\u0161\u00edch jackpotov za rok 2013<\/td>\n<\/tr>\n<tr>\n<td>\u017drebovanie<\/td>\n<td align=\"center\">D\u00e1tum<\/td>\n<td align=\"center\">Jackpot (USD)<\/td>\n<\/tr>\n<tr>\n<td>N\u00e1rodn\u00e1 lot\u00e9ria &#8211; Spojen\u00e9 kr\u00e1\u013eovstvo<\/td>\n<td align=\"center\">5. okt\u00f3bra 2013<\/td>\n<td style=\"text-align: center;\" align=\"right\">16 500 000 USD<\/td>\n<\/tr>\n<tr>\n<td>N\u00e1rodn\u00e1 lot\u00e9ria &#8211; Spojen\u00e9 kr\u00e1\u013eovstvo<\/td>\n<td align=\"center\">12. okt\u00f3bra 2013<\/td>\n<td align=\"right\">16 500 000 USD<\/td>\n<\/tr>\n<tr>\n<td>N\u00e1rodn\u00e1 lot\u00e9ria &#8211; Spojen\u00e9 kr\u00e1\u013eovstvo<\/td>\n<td align=\"center\">18. septembra 2013<\/td>\n<td align=\"right\">14 025 000 USD<\/td>\n<\/tr>\n<tr>\n<td>N\u00e1rodn\u00e1 lot\u00e9ria &#8211; Spojen\u00e9 kr\u00e1\u013eovstvo<\/td>\n<td align=\"center\">18. decembra 2013<\/td>\n<td align=\"right\">13 173 600 USD<\/td>\n<\/tr>\n<tr>\n<td>N\u00e1rodn\u00e1 lot\u00e9ria &#8211; Spojen\u00e9 kr\u00e1\u013eovstvo<\/td>\n<td align=\"center\">2. novembra 2013<\/td>\n<td align=\"right\">13 134 000 USD<\/td>\n<\/tr>\n<\/tbody>\n<\/table>\n<p>&nbsp;<\/p>\n<table style=\"width: 500px;\" border=\"1\" cellspacing=\"5\" cellpadding=\"5\" align=\"center\">\n<tbody>\n<tr>\n<td colspan=\"3\" align=\"center\">\u00darovne cien v britskej n\u00e1rodnej lot\u00e9rii<\/td>\n<\/tr>\n<tr>\n<td>Cena<\/td>\n<td align=\"center\">Z\u00e1pasy<\/td>\n<td align=\"center\">Kurzy<\/td>\n<\/tr>\n<tr>\n<td>1. (Jackpot)<\/td>\n<td style=\"text-align: center;\" zarovnanie=\"center\">6<\/td>\n<td zarovnanie=\"right\">13 983 816 : 1<\/td>\n<\/tr>\n<tr>\n<td>2.<\/td>\n<td zarovnanie=\"center\">5 + 1<\/td>\n<td zarovnanie=\"right\">2 330 636 : 1<\/td>\n<\/tr>\n<tr>\n<td>3.<\/td>\n<td zarovnanie=\"center\">5<\/td>\n<td zarovnanie=\"right\">55 492 : 1<\/td>\n<\/tr>\n<tr>\n<td>4.<\/td>\n<td zarovnanie=\"center\">4<\/td>\n<td zarovnanie=\"right\">1 033 : 1<\/td>\n<\/tr>\n<tr>\n<td>5.<\/td>\n<td zarovnanie=\"center\">3<\/td>\n<td zarovnanie=\"right\">57 : 1<\/td>\n<\/tr>\n<\/tbody>\n<\/table>\n","protected":false},"excerpt":{"rendered":"<p>\u017det\u00f3ny do Britskej n\u00e1rodnej lot\u00e9rie na internete Online \u017ereb do Britskej n\u00e1rodnej lot\u00e9rie sa stanete s\u00fa\u010das\u0165ou ob\u013e\u00fabenej britskej lot\u00e9rie. Predaj \u017erebov, online aj lok\u00e1lne, dosahuje pribli\u017ene 50 000 000 na \u017erebovanie. S \u017erebom m\u00e1te \u0161ancu 1 ku 56 vyhra\u0165 25 libier, \u010do je vstupn\u00e1 cena v Britskej n\u00e1rodnej lot\u00e9rii. Ak chcete hra\u0165 v tejto lot\u00e9rii, [&hellip;]<\/p>\n","protected":false},"author":1,"featured_media":0,"parent":9320,"menu_order":6,"comment_status":"closed","ping_status":"closed","template":"","meta":{"footnotes":""},"class_list":["post-9698","page","type-page","status-publish","hentry"],"yoast_head":"<!-- This site is optimized with the Yoast SEO plugin v27.4 - https:\/\/yoast.com\/product\/yoast-seo-wordpress\/ -->\n<title>K\u00fapte si l\u00edstky na britsk\u00fa n\u00e1rodn\u00fa lot\u00e9riu online<\/title>\n<meta name=\"description\" content=\"Zapojte sa do britskej n\u00e1rodnej lot\u00e9rie a zak\u00fapte si tikety online.\" \/>\n<meta name=\"robots\" content=\"index, follow, max-snippet:-1, max-image-preview:large, max-video-preview:-1\" \/>\n<link rel=\"canonical\" href=\"https:\/\/gambling6.com\/sk\/loteria\/ziskajte-online-listky-na-britsku-narodnu-loteriu\/\" \/>\n<meta property=\"og:locale\" content=\"sk_SK\" \/>\n<meta property=\"og:type\" content=\"article\" \/>\n<meta property=\"og:title\" content=\"K\u00fapte si l\u00edstky na britsk\u00fa n\u00e1rodn\u00fa lot\u00e9riu online\" \/>\n<meta property=\"og:description\" content=\"Zapojte sa do britskej n\u00e1rodnej lot\u00e9rie a zak\u00fapte si tikety online.\" \/>\n<meta property=\"og:url\" content=\"https:\/\/gambling6.com\/sk\/loteria\/ziskajte-online-listky-na-britsku-narodnu-loteriu\/\" \/>\n<meta property=\"og:site_name\" content=\"Gambling6\" \/>\n<meta property=\"article:modified_time\" content=\"2025-11-15T11:02:51+00:00\" \/>\n<meta property=\"og:image\" content=\"https:\/\/gambling6.com\/wp-content\/uploads\/2022\/04\/2_ticket_uk_lottery.jpg\" \/>\n\t<meta property=\"og:image:width\" content=\"564\" \/>\n\t<meta property=\"og:image:height\" content=\"883\" \/>\n\t<meta property=\"og:image:type\" content=\"image\/jpeg\" \/>\n<meta name=\"twitter:card\" content=\"summary_large_image\" \/>\n<meta name=\"twitter:label1\" content=\"Predpokladan\u00fd \u010das \u010d\u00edtania\" \/>\n\t<meta name=\"twitter:data1\" content=\"2 min\u00faty\" \/>\n<script type=\"application\/ld+json\" class=\"yoast-schema-graph\">{\"@context\":\"https:\\\/\\\/schema.org\",\"@graph\":[{\"@type\":\"WebPage\",\"@id\":\"https:\\\/\\\/gambling6.com\\\/sk\\\/loteria\\\/ziskajte-online-listky-na-britsku-narodnu-loteriu\\\/\",\"url\":\"https:\\\/\\\/gambling6.com\\\/sk\\\/loteria\\\/ziskajte-online-listky-na-britsku-narodnu-loteriu\\\/\",\"name\":\"K\u00fapte si l\u00edstky na britsk\u00fa n\u00e1rodn\u00fa lot\u00e9riu online\",\"isPartOf\":{\"@id\":\"https:\\\/\\\/gambling6.com\\\/sk\\\/#website\"},\"primaryImageOfPage\":{\"@id\":\"https:\\\/\\\/gambling6.com\\\/sk\\\/loteria\\\/ziskajte-online-listky-na-britsku-narodnu-loteriu\\\/#primaryimage\"},\"image\":{\"@id\":\"https:\\\/\\\/gambling6.com\\\/sk\\\/loteria\\\/ziskajte-online-listky-na-britsku-narodnu-loteriu\\\/#primaryimage\"},\"thumbnailUrl\":\"https:\\\/\\\/gambling6.com\\\/wp-content\\\/uploads\\\/2022\\\/04\\\/2_ticket_uk_lottery-192x300.jpg\",\"datePublished\":\"2025-11-11T10:21:01+00:00\",\"dateModified\":\"2025-11-15T11:02:51+00:00\",\"description\":\"Zapojte sa do britskej n\u00e1rodnej lot\u00e9rie a zak\u00fapte si tikety online.\",\"breadcrumb\":{\"@id\":\"https:\\\/\\\/gambling6.com\\\/sk\\\/loteria\\\/ziskajte-online-listky-na-britsku-narodnu-loteriu\\\/#breadcrumb\"},\"inLanguage\":\"sk-SK\",\"potentialAction\":[{\"@type\":\"ReadAction\",\"target\":[\"https:\\\/\\\/gambling6.com\\\/sk\\\/loteria\\\/ziskajte-online-listky-na-britsku-narodnu-loteriu\\\/\"]}]},{\"@type\":\"ImageObject\",\"inLanguage\":\"sk-SK\",\"@id\":\"https:\\\/\\\/gambling6.com\\\/sk\\\/loteria\\\/ziskajte-online-listky-na-britsku-narodnu-loteriu\\\/#primaryimage\",\"url\":\"https:\\\/\\\/gambling6.com\\\/wp-content\\\/uploads\\\/2022\\\/04\\\/2_ticket_uk_lottery-192x300.jpg\",\"contentUrl\":\"https:\\\/\\\/gambling6.com\\\/wp-content\\\/uploads\\\/2022\\\/04\\\/2_ticket_uk_lottery-192x300.jpg\"},{\"@type\":\"BreadcrumbList\",\"@id\":\"https:\\\/\\\/gambling6.com\\\/sk\\\/loteria\\\/ziskajte-online-listky-na-britsku-narodnu-loteriu\\\/#breadcrumb\",\"itemListElement\":[{\"@type\":\"ListItem\",\"position\":1,\"name\":\"Home\",\"item\":\"https:\\\/\\\/gambling6.com\\\/sk\\\/home\\\/\"},{\"@type\":\"ListItem\",\"position\":2,\"name\":\"Loteria\",\"item\":\"https:\\\/\\\/gambling6.com\\\/sk\\\/loteria\\\/\"},{\"@type\":\"ListItem\",\"position\":3,\"name\":\"Z\u00edskajte online l\u00edstky na britsk\u00fa n\u00e1rodn\u00fa lot\u00e9riu\"}]},{\"@type\":\"WebSite\",\"@id\":\"https:\\\/\\\/gambling6.com\\\/sk\\\/#website\",\"url\":\"https:\\\/\\\/gambling6.com\\\/sk\\\/\",\"name\":\"Gambling6\",\"description\":\"\",\"potentialAction\":[{\"@type\":\"SearchAction\",\"target\":{\"@type\":\"EntryPoint\",\"urlTemplate\":\"https:\\\/\\\/gambling6.com\\\/sk\\\/?s={search_term_string}\"},\"query-input\":{\"@type\":\"PropertyValueSpecification\",\"valueRequired\":true,\"valueName\":\"search_term_string\"}}],\"inLanguage\":\"sk-SK\"}]}<\/script>\n<!-- \/ Yoast SEO plugin. -->","yoast_head_json":{"title":"K\u00fapte si l\u00edstky na britsk\u00fa n\u00e1rodn\u00fa lot\u00e9riu online","description":"Zapojte sa do britskej n\u00e1rodnej lot\u00e9rie a zak\u00fapte si tikety online.","robots":{"index":"index","follow":"follow","max-snippet":"max-snippet:-1","max-image-preview":"max-image-preview:large","max-video-preview":"max-video-preview:-1"},"canonical":"https:\/\/gambling6.com\/sk\/loteria\/ziskajte-online-listky-na-britsku-narodnu-loteriu\/","og_locale":"sk_SK","og_type":"article","og_title":"K\u00fapte si l\u00edstky na britsk\u00fa n\u00e1rodn\u00fa lot\u00e9riu online","og_description":"Zapojte sa do britskej n\u00e1rodnej lot\u00e9rie a zak\u00fapte si tikety online.","og_url":"https:\/\/gambling6.com\/sk\/loteria\/ziskajte-online-listky-na-britsku-narodnu-loteriu\/","og_site_name":"Gambling6","article_modified_time":"2025-11-15T11:02:51+00:00","og_image":[{"width":564,"height":883,"url":"https:\/\/gambling6.com\/wp-content\/uploads\/2022\/04\/2_ticket_uk_lottery.jpg","type":"image\/jpeg"}],"twitter_card":"summary_large_image","twitter_misc":{"Predpokladan\u00fd \u010das \u010d\u00edtania":"2 min\u00faty"},"schema":{"@context":"https:\/\/schema.org","@graph":[{"@type":"WebPage","@id":"https:\/\/gambling6.com\/sk\/loteria\/ziskajte-online-listky-na-britsku-narodnu-loteriu\/","url":"https:\/\/gambling6.com\/sk\/loteria\/ziskajte-online-listky-na-britsku-narodnu-loteriu\/","name":"K\u00fapte si l\u00edstky na britsk\u00fa n\u00e1rodn\u00fa lot\u00e9riu online","isPartOf":{"@id":"https:\/\/gambling6.com\/sk\/#website"},"primaryImageOfPage":{"@id":"https:\/\/gambling6.com\/sk\/loteria\/ziskajte-online-listky-na-britsku-narodnu-loteriu\/#primaryimage"},"image":{"@id":"https:\/\/gambling6.com\/sk\/loteria\/ziskajte-online-listky-na-britsku-narodnu-loteriu\/#primaryimage"},"thumbnailUrl":"https:\/\/gambling6.com\/wp-content\/uploads\/2022\/04\/2_ticket_uk_lottery-192x300.jpg","datePublished":"2025-11-11T10:21:01+00:00","dateModified":"2025-11-15T11:02:51+00:00","description":"Zapojte sa do britskej n\u00e1rodnej lot\u00e9rie a zak\u00fapte si tikety online.","breadcrumb":{"@id":"https:\/\/gambling6.com\/sk\/loteria\/ziskajte-online-listky-na-britsku-narodnu-loteriu\/#breadcrumb"},"inLanguage":"sk-SK","potentialAction":[{"@type":"ReadAction","target":["https:\/\/gambling6.com\/sk\/loteria\/ziskajte-online-listky-na-britsku-narodnu-loteriu\/"]}]},{"@type":"ImageObject","inLanguage":"sk-SK","@id":"https:\/\/gambling6.com\/sk\/loteria\/ziskajte-online-listky-na-britsku-narodnu-loteriu\/#primaryimage","url":"https:\/\/gambling6.com\/wp-content\/uploads\/2022\/04\/2_ticket_uk_lottery-192x300.jpg","contentUrl":"https:\/\/gambling6.com\/wp-content\/uploads\/2022\/04\/2_ticket_uk_lottery-192x300.jpg"},{"@type":"BreadcrumbList","@id":"https:\/\/gambling6.com\/sk\/loteria\/ziskajte-online-listky-na-britsku-narodnu-loteriu\/#breadcrumb","itemListElement":[{"@type":"ListItem","position":1,"name":"Home","item":"https:\/\/gambling6.com\/sk\/home\/"},{"@type":"ListItem","position":2,"name":"Loteria","item":"https:\/\/gambling6.com\/sk\/loteria\/"},{"@type":"ListItem","position":3,"name":"Z\u00edskajte online l\u00edstky na britsk\u00fa n\u00e1rodn\u00fa lot\u00e9riu"}]},{"@type":"WebSite","@id":"https:\/\/gambling6.com\/sk\/#website","url":"https:\/\/gambling6.com\/sk\/","name":"Gambling6","description":"","potentialAction":[{"@type":"SearchAction","target":{"@type":"EntryPoint","urlTemplate":"https:\/\/gambling6.com\/sk\/?s={search_term_string}"},"query-input":{"@type":"PropertyValueSpecification","valueRequired":true,"valueName":"search_term_string"}}],"inLanguage":"sk-SK"}]}},"_links":{"self":[{"href":"https:\/\/gambling6.com\/sk\/wp-json\/wp\/v2\/pages\/9698","targetHints":{"allow":["GET"]}}],"collection":[{"href":"https:\/\/gambling6.com\/sk\/wp-json\/wp\/v2\/pages"}],"about":[{"href":"https:\/\/gambling6.com\/sk\/wp-json\/wp\/v2\/types\/page"}],"author":[{"embeddable":true,"href":"https:\/\/gambling6.com\/sk\/wp-json\/wp\/v2\/users\/1"}],"replies":[{"embeddable":true,"href":"https:\/\/gambling6.com\/sk\/wp-json\/wp\/v2\/comments?post=9698"}],"version-history":[{"count":1,"href":"https:\/\/gambling6.com\/sk\/wp-json\/wp\/v2\/pages\/9698\/revisions"}],"predecessor-version":[{"id":10938,"href":"https:\/\/gambling6.com\/sk\/wp-json\/wp\/v2\/pages\/9698\/revisions\/10938"}],"up":[{"embeddable":true,"href":"https:\/\/gambling6.com\/sk\/wp-json\/wp\/v2\/pages\/9320"}],"wp:attachment":[{"href":"https:\/\/gambling6.com\/sk\/wp-json\/wp\/v2\/media?parent=9698"}],"curies":[{"name":"wp","href":"https:\/\/api.w.org\/{rel}","templated":true}]}}