{"id":9699,"date":"2025-11-11T10:22:26","date_gmt":"2025-11-11T10:22:26","guid":{"rendered":"https:\/\/gambling6.com\/loteria\/ziskajte-online-listky-na-superenalotto\/"},"modified":"2025-11-11T10:22:26","modified_gmt":"2025-11-11T10:22:26","slug":"ziskajte-online-listky-na-superenalotto","status":"publish","type":"page","link":"https:\/\/gambling6.com\/sk\/loteria\/ziskajte-online-listky-na-superenalotto\/","title":{"rendered":"Z\u00edskajte online l\u00edstky na SuperEnalotto"},"content":{"rendered":"<h2>SuperEnalotto<\/h2>\n<p>Taliani s\u00fa lot\u00e9riov\u00ed fanatici, obzvl\u00e1\u0161\u0165 miluj\u00fa svoje SuperEnalotto. Ka\u017ed\u00fd t\u00fd\u017ede\u0148 je predaj tiketov do tejto lot\u00e9rie neuverite\u013en\u00fd, s kurzom viac ako 1 ku 600 mili\u00f3nom. <strong>K\u00fapa online tiketov pre talianske SuperEnalotto v\u00e1m d\u00e1va najhor\u0161ie mo\u017en\u00e9 kurzy zo v\u0161etk\u00fdch lot\u00e9ri\u00ed na svete.<\/strong> Zd\u00e1 sa v\u0161ak, \u017ee pr\u00e1ve toto je hlavn\u00fdm l\u00e1kadlom pre miestnych Eur\u00f3panov a online hr\u00e1\u010dov lot\u00e9rie z cel\u00e9ho sveta.<\/p>\n<h2><img loading=\"lazy\" decoding=\"async\" class=\"size-full wp-image-1575 alignright\" src=\"https:\/\/gambling6.com\/wp-content\/uploads\/2022\/04\/2_ticket_superenalotto.jpg\" alt=\"tiket superenalotto\" width=\"228\" height=\"300\" \/>Prenos jackpotov pre SuperEnalotto<\/h2>\n<p>Kv\u00f4li pravdepodobnosti v\u00fdhry v talianskom SuperEnalotto sa jackpot pomerne \u010dasto pren\u00e1\u0161a. V\u00fdberom \u0161iestich \u010d\u00edsel z rozsahu od 1 do 90 z\u00edskate \u0161ancu z\u00edska\u0165 jackpot, ak sa zhoduj\u00fa v\u0161etky \u0161es\u0165 \u010d\u00edsel. Ak sa zhoduj\u00fa iba p\u00e4\u0165 \u010d\u00edsel, bonus v\u00e1m poskytne druh\u00fa v\u00fdhru. Bonusov\u00e9 \u010d\u00edslo sa \u017erebuje samostatne a je zn\u00e1me ako \u201ejolly ball\u201c. <strong>Online hr\u00e1\u010di sa pon\u00e1h\u013eaj\u00fa k\u00fapi\u0165 si tikety, aby sa pok\u00fasili z\u00edska\u0165 rekordn\u00e9 jackpoty a\u017e do v\u00fd\u0161ky 500 mili\u00f3nov eur.<\/strong><\/p>\n<p>Talianska lot\u00e9ria SuperEnalotto m\u00e1 tri \u017erebovania t\u00fd\u017edenne. <b>Jackpot za\u010d\u00edna na 2 mili\u00f3noch eur a nie je prekvapen\u00edm, \u017ee \u013eudia maj\u00fa o hranie tak\u00fd z\u00e1ujem.<\/b> Miestni aj online hr\u00e1\u010di chc\u00fa ma\u0165 k\u00fasok z tejto medzin\u00e1rodnej lot\u00e9rie, ktor\u00e1 pon\u00faka najvy\u0161\u0161ie hl\u00e1sen\u00e9 kurzy.<\/p>\n<p>SuperEnalotto, ktor\u00e9 bolo v Taliansku zaveden\u00e9 v roku 1997, r\u00fdchlo up\u00fatalo pozornos\u0165 eur\u00f3pskych hr\u00e1\u010dov lot\u00e9rie a jackpoty r\u00e1stli a pres\u00favali sa. Najv\u00e4\u010d\u0161\u00ed jackpot vyhral jeden dr\u017eite\u013e tiketu v roku 2010 a dosiahol 223 mili\u00f3nov eur. <strong>S\u00a0<\/strong><span style=\"box-sizing: border-box; margin: 0px; padding: 0px;\"><strong>v\u00e4\u010d\u0161\u00edm po\u010dtom \u013eud\u00ed, ktor\u00ed si online kupuj\u00fa l\u00edstky na SuperEnalotto<\/strong>, m\u00e1 jackpot potenci\u00e1l e\u0161te nar\u00e1s\u0165, preto\u017ee jeho ve\u013ekos\u0165 nie je obmedzen\u00e1<\/span>.<\/p>\n<p>Okrem mo\u017enosti vyhra\u0165 ve\u013ek\u00fd jackpot sa online hr\u00e1\u010di m\u00f4\u017eu z\u00fa\u010dastni\u0165 aj jednej z \u010fal\u0161\u00edch piatich dostupn\u00fdch cien. <a class=\"thirstylink\" title=\"RedFoxLotto en\" href=\"https:\/\/gambling6.com\/go\/redfoxlotto-en\/\" target=\"_blank\" rel=\"nofollow noopener\">Ak chcete z\u00edska\u0165 l\u00edstky na talianske SuperEnalotto prostredn\u00edctvom RedFoxLotto, kliknite sem.<\/a><\/p>\n<table style=\"width: 500px;\" border=\"1\" cellspacing=\"5\" cellpadding=\"5\" align=\"center\">\n<tbody>\n<tr>\n<td colspan=\"3\" align=\"center\">Najv\u00e4\u010d\u0161ie jackpoty roku 2013<\/td>\n<\/tr>\n<tr>\n<td>\u017drebovanie<\/td>\n<td align=\"center\">D\u00e1tum<\/td>\n<td align=\"center\">Jackpot (USD)<\/td>\n<\/tr>\n<tr>\n<td>SuperEnalotto &#8211; Taliansko<\/td>\n<td align=\"center\">29. j\u00fana 2013<\/td>\n<td align=\"right\">55 759 000 USD<\/td>\n<\/tr>\n<tr>\n<td>SuperEnalotto &#8211; Taliansko<\/td>\n<td align=\"center\">15. okt\u00f3bra 2013<\/td>\n<td align=\"right\">25 124 430 USD<\/td>\n<\/tr>\n<tr>\n<td>SuperEnalotto &#8211; Taliansko<\/td>\n<td align=\"center\">3. okt\u00f3bra 2013<\/td>\n<td align=\"right\">21 372 000 USD<\/td>\n<\/tr>\n<tr>\n<td>SuperEnalotto &#8211; Taliansko<\/td>\n<td align=\"center\">27. j\u00fala 2013<\/td>\n<td align=\"right\">19 043 000 USD<\/td>\n<\/tr>\n<\/tbody>\n<\/table>\n<p>&nbsp;<\/p>\n<table style=\"width: 500px;\" border=\"1\" cellspacing=\"5\" cellpadding=\"5\" align=\"center\">\n<tbody>\n<tr>\n<td colspan=\"3\" align=\"center\">SuperEnalotto &#8211; Taliansko, \u00farovne cien<\/td>\n<\/tr>\n<tr>\n<td>Cena<\/td>\n<td align=\"center\">Z\u00e1pasy<\/td>\n<td align=\"center\">Kurzy<\/td>\n<\/tr>\n<tr>\n<td>1. miesto (Jackpot)<\/td>\n<td align=\"center\">6<\/td>\n<td align=\"right\">622 614 630 : 1<\/td>\n<\/tr>\n<tr>\n<td>2. miesto<\/td>\n<td align=\"center\">5 + 1<\/td>\n<td align=\"right\">103 769 105 : 1<\/td>\n<\/tr>\n<tr>\n<td>3.<\/td>\n<td align=\"center\">5<\/td>\n<td align=\"right\">1 235 346 : 1<\/td>\n<\/tr>\n<tr>\n<td>4.<\/td>\n<td align=\"center\">4<\/td>\n<td align=\"right\">11 907 : 1<\/td>\n<\/tr>\n<tr>\n<td>5.<\/td>\n<td align=\"center\">3<\/td>\n<td align=\"right\">327 : 1<\/td>\n<\/tr>\n<\/tbody>\n<\/table>\n","protected":false},"excerpt":{"rendered":"<p>SuperEnalotto Taliani s\u00fa lot\u00e9riov\u00ed fanatici, obzvl\u00e1\u0161\u0165 miluj\u00fa svoje SuperEnalotto. Ka\u017ed\u00fd t\u00fd\u017ede\u0148 je predaj tiketov do tejto lot\u00e9rie neuverite\u013en\u00fd, s kurzom viac ako 1 ku 600 mili\u00f3nom. K\u00fapa online tiketov pre talianske SuperEnalotto v\u00e1m d\u00e1va najhor\u0161ie mo\u017en\u00e9 kurzy zo v\u0161etk\u00fdch lot\u00e9ri\u00ed na svete. Zd\u00e1 sa v\u0161ak, \u017ee pr\u00e1ve toto je hlavn\u00fdm l\u00e1kadlom pre miestnych Eur\u00f3panov a [&hellip;]<\/p>\n","protected":false},"author":1,"featured_media":0,"parent":9320,"menu_order":7,"comment_status":"closed","ping_status":"closed","template":"","meta":{"footnotes":""},"class_list":["post-9699","page","type-page","status-publish","hentry"],"yoast_head":"<!-- This site is optimized with the Yoast SEO plugin v27.4 - https:\/\/yoast.com\/product\/yoast-seo-wordpress\/ -->\n<title>K\u00fapte si l\u00edstky na SuperEnalotto online<\/title>\n<meta name=\"description\" content=\"Z\u00edskajte svoje l\u00edstky na SuperEnalotto online u n\u00e1\u0161ho partnera RedFoxLotto.\" \/>\n<meta name=\"robots\" content=\"index, follow, max-snippet:-1, max-image-preview:large, max-video-preview:-1\" \/>\n<link rel=\"canonical\" href=\"https:\/\/gambling6.com\/sk\/loteria\/ziskajte-online-listky-na-superenalotto\/\" \/>\n<meta property=\"og:locale\" content=\"sk_SK\" \/>\n<meta property=\"og:type\" content=\"article\" \/>\n<meta property=\"og:title\" content=\"K\u00fapte si l\u00edstky na SuperEnalotto online\" \/>\n<meta property=\"og:description\" content=\"Z\u00edskajte svoje l\u00edstky na SuperEnalotto online u n\u00e1\u0161ho partnera RedFoxLotto.\" \/>\n<meta property=\"og:url\" content=\"https:\/\/gambling6.com\/sk\/loteria\/ziskajte-online-listky-na-superenalotto\/\" \/>\n<meta property=\"og:site_name\" content=\"Gambling6\" \/>\n<meta property=\"og:image\" content=\"https:\/\/gambling6.com\/wp-content\/uploads\/2022\/04\/2_ticket_superenalotto.jpg\" \/>\n\t<meta property=\"og:image:width\" content=\"228\" \/>\n\t<meta property=\"og:image:height\" content=\"300\" \/>\n\t<meta property=\"og:image:type\" content=\"image\/jpeg\" \/>\n<meta name=\"twitter:card\" content=\"summary_large_image\" \/>\n<meta name=\"twitter:label1\" content=\"Predpokladan\u00fd \u010das \u010d\u00edtania\" \/>\n\t<meta name=\"twitter:data1\" content=\"2 min\u00faty\" \/>\n<script type=\"application\/ld+json\" class=\"yoast-schema-graph\">{\"@context\":\"https:\\\/\\\/schema.org\",\"@graph\":[{\"@type\":\"WebPage\",\"@id\":\"https:\\\/\\\/gambling6.com\\\/sk\\\/loteria\\\/ziskajte-online-listky-na-superenalotto\\\/\",\"url\":\"https:\\\/\\\/gambling6.com\\\/sk\\\/loteria\\\/ziskajte-online-listky-na-superenalotto\\\/\",\"name\":\"K\u00fapte si l\u00edstky na SuperEnalotto online\",\"isPartOf\":{\"@id\":\"https:\\\/\\\/gambling6.com\\\/sk\\\/#website\"},\"primaryImageOfPage\":{\"@id\":\"https:\\\/\\\/gambling6.com\\\/sk\\\/loteria\\\/ziskajte-online-listky-na-superenalotto\\\/#primaryimage\"},\"image\":{\"@id\":\"https:\\\/\\\/gambling6.com\\\/sk\\\/loteria\\\/ziskajte-online-listky-na-superenalotto\\\/#primaryimage\"},\"thumbnailUrl\":\"https:\\\/\\\/gambling6.com\\\/wp-content\\\/uploads\\\/2022\\\/04\\\/2_ticket_superenalotto.jpg\",\"datePublished\":\"2025-11-11T10:22:26+00:00\",\"description\":\"Z\u00edskajte svoje l\u00edstky na SuperEnalotto online u n\u00e1\u0161ho partnera RedFoxLotto.\",\"breadcrumb\":{\"@id\":\"https:\\\/\\\/gambling6.com\\\/sk\\\/loteria\\\/ziskajte-online-listky-na-superenalotto\\\/#breadcrumb\"},\"inLanguage\":\"sk-SK\",\"potentialAction\":[{\"@type\":\"ReadAction\",\"target\":[\"https:\\\/\\\/gambling6.com\\\/sk\\\/loteria\\\/ziskajte-online-listky-na-superenalotto\\\/\"]}]},{\"@type\":\"ImageObject\",\"inLanguage\":\"sk-SK\",\"@id\":\"https:\\\/\\\/gambling6.com\\\/sk\\\/loteria\\\/ziskajte-online-listky-na-superenalotto\\\/#primaryimage\",\"url\":\"https:\\\/\\\/gambling6.com\\\/wp-content\\\/uploads\\\/2022\\\/04\\\/2_ticket_superenalotto.jpg\",\"contentUrl\":\"https:\\\/\\\/gambling6.com\\\/wp-content\\\/uploads\\\/2022\\\/04\\\/2_ticket_superenalotto.jpg\"},{\"@type\":\"BreadcrumbList\",\"@id\":\"https:\\\/\\\/gambling6.com\\\/sk\\\/loteria\\\/ziskajte-online-listky-na-superenalotto\\\/#breadcrumb\",\"itemListElement\":[{\"@type\":\"ListItem\",\"position\":1,\"name\":\"Home\",\"item\":\"https:\\\/\\\/gambling6.com\\\/sk\\\/home\\\/\"},{\"@type\":\"ListItem\",\"position\":2,\"name\":\"Loteria\",\"item\":\"https:\\\/\\\/gambling6.com\\\/sk\\\/loteria\\\/\"},{\"@type\":\"ListItem\",\"position\":3,\"name\":\"Z\u00edskajte online l\u00edstky na SuperEnalotto\"}]},{\"@type\":\"WebSite\",\"@id\":\"https:\\\/\\\/gambling6.com\\\/sk\\\/#website\",\"url\":\"https:\\\/\\\/gambling6.com\\\/sk\\\/\",\"name\":\"Gambling6\",\"description\":\"\",\"potentialAction\":[{\"@type\":\"SearchAction\",\"target\":{\"@type\":\"EntryPoint\",\"urlTemplate\":\"https:\\\/\\\/gambling6.com\\\/sk\\\/?s={search_term_string}\"},\"query-input\":{\"@type\":\"PropertyValueSpecification\",\"valueRequired\":true,\"valueName\":\"search_term_string\"}}],\"inLanguage\":\"sk-SK\"}]}<\/script>\n<!-- \/ Yoast SEO plugin. -->","yoast_head_json":{"title":"K\u00fapte si l\u00edstky na SuperEnalotto online","description":"Z\u00edskajte svoje l\u00edstky na SuperEnalotto online u n\u00e1\u0161ho partnera RedFoxLotto.","robots":{"index":"index","follow":"follow","max-snippet":"max-snippet:-1","max-image-preview":"max-image-preview:large","max-video-preview":"max-video-preview:-1"},"canonical":"https:\/\/gambling6.com\/sk\/loteria\/ziskajte-online-listky-na-superenalotto\/","og_locale":"sk_SK","og_type":"article","og_title":"K\u00fapte si l\u00edstky na SuperEnalotto online","og_description":"Z\u00edskajte svoje l\u00edstky na SuperEnalotto online u n\u00e1\u0161ho partnera RedFoxLotto.","og_url":"https:\/\/gambling6.com\/sk\/loteria\/ziskajte-online-listky-na-superenalotto\/","og_site_name":"Gambling6","og_image":[{"width":228,"height":300,"url":"https:\/\/gambling6.com\/wp-content\/uploads\/2022\/04\/2_ticket_superenalotto.jpg","type":"image\/jpeg"}],"twitter_card":"summary_large_image","twitter_misc":{"Predpokladan\u00fd \u010das \u010d\u00edtania":"2 min\u00faty"},"schema":{"@context":"https:\/\/schema.org","@graph":[{"@type":"WebPage","@id":"https:\/\/gambling6.com\/sk\/loteria\/ziskajte-online-listky-na-superenalotto\/","url":"https:\/\/gambling6.com\/sk\/loteria\/ziskajte-online-listky-na-superenalotto\/","name":"K\u00fapte si l\u00edstky na SuperEnalotto online","isPartOf":{"@id":"https:\/\/gambling6.com\/sk\/#website"},"primaryImageOfPage":{"@id":"https:\/\/gambling6.com\/sk\/loteria\/ziskajte-online-listky-na-superenalotto\/#primaryimage"},"image":{"@id":"https:\/\/gambling6.com\/sk\/loteria\/ziskajte-online-listky-na-superenalotto\/#primaryimage"},"thumbnailUrl":"https:\/\/gambling6.com\/wp-content\/uploads\/2022\/04\/2_ticket_superenalotto.jpg","datePublished":"2025-11-11T10:22:26+00:00","description":"Z\u00edskajte svoje l\u00edstky na SuperEnalotto online u n\u00e1\u0161ho partnera RedFoxLotto.","breadcrumb":{"@id":"https:\/\/gambling6.com\/sk\/loteria\/ziskajte-online-listky-na-superenalotto\/#breadcrumb"},"inLanguage":"sk-SK","potentialAction":[{"@type":"ReadAction","target":["https:\/\/gambling6.com\/sk\/loteria\/ziskajte-online-listky-na-superenalotto\/"]}]},{"@type":"ImageObject","inLanguage":"sk-SK","@id":"https:\/\/gambling6.com\/sk\/loteria\/ziskajte-online-listky-na-superenalotto\/#primaryimage","url":"https:\/\/gambling6.com\/wp-content\/uploads\/2022\/04\/2_ticket_superenalotto.jpg","contentUrl":"https:\/\/gambling6.com\/wp-content\/uploads\/2022\/04\/2_ticket_superenalotto.jpg"},{"@type":"BreadcrumbList","@id":"https:\/\/gambling6.com\/sk\/loteria\/ziskajte-online-listky-na-superenalotto\/#breadcrumb","itemListElement":[{"@type":"ListItem","position":1,"name":"Home","item":"https:\/\/gambling6.com\/sk\/home\/"},{"@type":"ListItem","position":2,"name":"Loteria","item":"https:\/\/gambling6.com\/sk\/loteria\/"},{"@type":"ListItem","position":3,"name":"Z\u00edskajte online l\u00edstky na SuperEnalotto"}]},{"@type":"WebSite","@id":"https:\/\/gambling6.com\/sk\/#website","url":"https:\/\/gambling6.com\/sk\/","name":"Gambling6","description":"","potentialAction":[{"@type":"SearchAction","target":{"@type":"EntryPoint","urlTemplate":"https:\/\/gambling6.com\/sk\/?s={search_term_string}"},"query-input":{"@type":"PropertyValueSpecification","valueRequired":true,"valueName":"search_term_string"}}],"inLanguage":"sk-SK"}]}},"_links":{"self":[{"href":"https:\/\/gambling6.com\/sk\/wp-json\/wp\/v2\/pages\/9699","targetHints":{"allow":["GET"]}}],"collection":[{"href":"https:\/\/gambling6.com\/sk\/wp-json\/wp\/v2\/pages"}],"about":[{"href":"https:\/\/gambling6.com\/sk\/wp-json\/wp\/v2\/types\/page"}],"author":[{"embeddable":true,"href":"https:\/\/gambling6.com\/sk\/wp-json\/wp\/v2\/users\/1"}],"replies":[{"embeddable":true,"href":"https:\/\/gambling6.com\/sk\/wp-json\/wp\/v2\/comments?post=9699"}],"version-history":[{"count":0,"href":"https:\/\/gambling6.com\/sk\/wp-json\/wp\/v2\/pages\/9699\/revisions"}],"up":[{"embeddable":true,"href":"https:\/\/gambling6.com\/sk\/wp-json\/wp\/v2\/pages\/9320"}],"wp:attachment":[{"href":"https:\/\/gambling6.com\/sk\/wp-json\/wp\/v2\/media?parent=9699"}],"curies":[{"name":"wp","href":"https:\/\/api.w.org\/{rel}","templated":true}]}}