{"id":11032,"date":"2025-11-17T11:14:50","date_gmt":"2025-11-17T11:14:50","guid":{"rendered":"https:\/\/gambling6.com\/?page_id=11032"},"modified":"2025-11-17T11:14:50","modified_gmt":"2025-11-17T11:14:50","slug":"ocena-igralnice-888","status":"publish","type":"page","link":"https:\/\/gambling6.com\/sl\/ocena-igralnice-888\/","title":{"rendered":"Ocena igralnice 888"},"content":{"rendered":"<h2>Ni samo spletna stran za ruleto &#8211; 888 Casino<\/h2>\n<p>Spletna igralnica 888 je uveljavljena blagovna znamka v igralni\u0161ki industriji. Ta spletna igralnica ponuja tako fantasti\u010dno igralnico, ki temelji na Flashu in se hitro nalo\u017ei v va\u0161 brskalnik, kot tudi mo\u017enost prenosa programske opreme za igre. Igralci imajo raje razli\u010dico za prenos, saj ima skozi vse igre dosleden ob\u010dutek in videz.<br \/>\n<a href=\"https:\/\/ic.aff-handler.com\/C\/45871?sr=1064399&amp;anid=\" rel=\"nofollow\"><img decoding=\"async\" class=\"aligncenter\" src=\"https:\/\/ic.aff-handler.com\/I\/45871?sr=1064399&amp;anid=\" \/><\/a><\/p>\n<h2>Igre rulete 888<\/h2>\n<p>Od evropske rulete do 3D rulete, v tej igralnici lahko u\u017eivate v vseh vrstah rulete, ki jih imate na umu. Na voljo so tudi brezpla\u010dne rulete, kjer se lahko nau\u010dite pravil igre, \u010de ste v igri novi. Glavna atrakcija igralnice je ruleta v \u017eivo. Izbirate lahko med tremi mizami z eno ni\u010dlo: evropsko, francosko in bene\u0161ko ruleto (z italijansko govore\u010dim delivcem).<\/p>\n<p>Razpon stav se za\u010dne od 1 do najve\u010d 200. Sprejete valute so USD, evro in GBP. Igra igralcem ponuja odli\u010dno estetiko. Najbolj\u0161e pri tem je, da jo lahko igralci igrajo v brskalniku, ne da bi morali prenesti kakr\u0161no koli programsko opremo. Na voljo sta dva pogleda na igro: klasi\u010dni in 3D-pogled. Igra ima vse, noben ljubitelj rulete si ne bi mogel \u017eeleti ve\u010d.<\/p>\n<p>Poleg rulete pa boste tukaj na\u0161li tudi vse vrste spletnih iger za denar. Poker, \u0161portne stave, bingo, sre\u010dke, igralni avtomati, blackjack \u2013 karkoli si zamislite, imajo vse!<\/p>\n<h2>888 varnost<\/h2>\n<p>Ta igralnica s sede\u017eem v Gibraltarju zelo resno jemlje za\u0161\u010dito osebnih podatkov svojih \u010dlanov. Sledijo strogim varnostnim protokolom, da za\u0161\u010ditijo podatke in informacije pred napadi kibernetskih kriminalcev. Kazino se pona\u0161a z razli\u010dnimi varnostnimi certifikati. Ponujajo 20 na\u010dinov pologa, vklju\u010dno z najbolj zaupanja vrednimi imeni v panogi, kot sta Visa in Neteller. Kazino mora vzdr\u017eevati visoko raven varnosti, saj morajo igralci razkriti dokumente za preverjanje, da prepre\u010dijo goljufije, informacije pa so ob\u010dutljive. S tako izjemnimi varnostnimi ukrepi lahko igralci brez skrbi u\u017eivajo v igri.<\/p>\n<h2>Bonusi in promocije v igralnici 888<\/h2>\n<p>Poleg iger ve\u010dino igralcev v igralnici zanimajo bonusi in promocije. 888 redno ponuja odli\u010dne promocije. Vsem novim igralcem ponujajo radodaren bonus za pridru\u017eitev. Uporabite ga lahko v katerem koli oddelku z igrami v igralnici. Ko prvi\u010d igrate ruleto, vas bo pri\u010dakal bonus za pridru\u017eitev v vi\u0161ini 1500 \u20ac. Kazino ima tudi promocijo za napotitve, kjer lahko zaslu\u017eite nagrade tako, da povabite prijatelje, da se pridru\u017eijo. Na splo\u0161no je kazino 888 zabaven kraj za vse navdu\u0161ence nad ruleto. Vsak ljubitelj iger na sre\u010do se lahko v tem kazinoju zabava in se lepo zabava!<\/p>\n","protected":false},"excerpt":{"rendered":"<p>Ni samo spletna stran za ruleto &#8211; 888 Casino Spletna igralnica 888 je uveljavljena blagovna znamka v igralni\u0161ki industriji. Ta spletna igralnica ponuja tako fantasti\u010dno igralnico, ki temelji na Flashu in se hitro nalo\u017ei v va\u0161 brskalnik, kot tudi mo\u017enost prenosa programske opreme za igre. Igralci imajo raje razli\u010dico za prenos, saj ima skozi vse [&hellip;]<\/p>\n","protected":false},"author":1,"featured_media":0,"parent":0,"menu_order":3,"comment_status":"closed","ping_status":"closed","template":"","meta":{"footnotes":""},"class_list":["post-11032","page","type-page","status-publish","hentry"],"yoast_head":"<!-- This site is optimized with the Yoast SEO plugin v27.4 - https:\/\/yoast.com\/product\/yoast-seo-wordpress\/ -->\n<title>Ocena igralnice 888 - Gambling6<\/title>\n<meta name=\"robots\" content=\"index, follow, max-snippet:-1, max-image-preview:large, max-video-preview:-1\" \/>\n<link rel=\"canonical\" href=\"https:\/\/gambling6.com\/sl\/ocena-igralnice-888\/\" \/>\n<meta property=\"og:locale\" content=\"sl_SI\" \/>\n<meta property=\"og:type\" content=\"article\" \/>\n<meta property=\"og:title\" content=\"Ocena igralnice 888 - Gambling6\" \/>\n<meta property=\"og:description\" content=\"Ni samo spletna stran za ruleto &#8211; 888 Casino Spletna igralnica 888 je uveljavljena blagovna znamka v igralni\u0161ki industriji. Ta spletna igralnica ponuja tako fantasti\u010dno igralnico, ki temelji na Flashu in se hitro nalo\u017ei v va\u0161 brskalnik, kot tudi mo\u017enost prenosa programske opreme za igre. Igralci imajo raje razli\u010dico za prenos, saj ima skozi vse [&hellip;]\" \/>\n<meta property=\"og:url\" content=\"https:\/\/gambling6.com\/sl\/ocena-igralnice-888\/\" \/>\n<meta property=\"og:site_name\" content=\"Gambling6\" \/>\n<meta property=\"og:image\" content=\"https:\/\/ic.aff-handler.com\/I\/45871?sr=1064399&amp;anid=\" \/>\n<meta name=\"twitter:card\" content=\"summary_large_image\" \/>\n<meta name=\"twitter:label1\" content=\"Est. reading time\" \/>\n\t<meta name=\"twitter:data1\" content=\"2 minuti\" \/>\n<script type=\"application\/ld+json\" class=\"yoast-schema-graph\">{\"@context\":\"https:\\\/\\\/schema.org\",\"@graph\":[{\"@type\":\"WebPage\",\"@id\":\"https:\\\/\\\/gambling6.com\\\/sl\\\/ocena-igralnice-888\\\/\",\"url\":\"https:\\\/\\\/gambling6.com\\\/sl\\\/ocena-igralnice-888\\\/\",\"name\":\"Ocena igralnice 888 - Gambling6\",\"isPartOf\":{\"@id\":\"https:\\\/\\\/gambling6.com\\\/sl\\\/#website\"},\"primaryImageOfPage\":{\"@id\":\"https:\\\/\\\/gambling6.com\\\/sl\\\/ocena-igralnice-888\\\/#primaryimage\"},\"image\":{\"@id\":\"https:\\\/\\\/gambling6.com\\\/sl\\\/ocena-igralnice-888\\\/#primaryimage\"},\"thumbnailUrl\":\"https:\\\/\\\/ic.aff-handler.com\\\/I\\\/45871?sr=1064399&amp;anid=\",\"datePublished\":\"2025-11-17T11:14:50+00:00\",\"breadcrumb\":{\"@id\":\"https:\\\/\\\/gambling6.com\\\/sl\\\/ocena-igralnice-888\\\/#breadcrumb\"},\"inLanguage\":\"sl-SI\",\"potentialAction\":[{\"@type\":\"ReadAction\",\"target\":[\"https:\\\/\\\/gambling6.com\\\/sl\\\/ocena-igralnice-888\\\/\"]}]},{\"@type\":\"ImageObject\",\"inLanguage\":\"sl-SI\",\"@id\":\"https:\\\/\\\/gambling6.com\\\/sl\\\/ocena-igralnice-888\\\/#primaryimage\",\"url\":\"https:\\\/\\\/ic.aff-handler.com\\\/I\\\/45871?sr=1064399&amp;anid=\",\"contentUrl\":\"https:\\\/\\\/ic.aff-handler.com\\\/I\\\/45871?sr=1064399&amp;anid=\"},{\"@type\":\"BreadcrumbList\",\"@id\":\"https:\\\/\\\/gambling6.com\\\/sl\\\/ocena-igralnice-888\\\/#breadcrumb\",\"itemListElement\":[{\"@type\":\"ListItem\",\"position\":1,\"name\":\"Home\",\"item\":\"https:\\\/\\\/gambling6.com\\\/sl\\\/home\\\/\"},{\"@type\":\"ListItem\",\"position\":2,\"name\":\"Ocena igralnice 888\"}]},{\"@type\":\"WebSite\",\"@id\":\"https:\\\/\\\/gambling6.com\\\/sl\\\/#website\",\"url\":\"https:\\\/\\\/gambling6.com\\\/sl\\\/\",\"name\":\"Gambling6\",\"description\":\"\",\"potentialAction\":[{\"@type\":\"SearchAction\",\"target\":{\"@type\":\"EntryPoint\",\"urlTemplate\":\"https:\\\/\\\/gambling6.com\\\/sl\\\/?s={search_term_string}\"},\"query-input\":{\"@type\":\"PropertyValueSpecification\",\"valueRequired\":true,\"valueName\":\"search_term_string\"}}],\"inLanguage\":\"sl-SI\"}]}<\/script>\n<!-- \/ Yoast SEO plugin. -->","yoast_head_json":{"title":"Ocena igralnice 888 - Gambling6","robots":{"index":"index","follow":"follow","max-snippet":"max-snippet:-1","max-image-preview":"max-image-preview:large","max-video-preview":"max-video-preview:-1"},"canonical":"https:\/\/gambling6.com\/sl\/ocena-igralnice-888\/","og_locale":"sl_SI","og_type":"article","og_title":"Ocena igralnice 888 - Gambling6","og_description":"Ni samo spletna stran za ruleto &#8211; 888 Casino Spletna igralnica 888 je uveljavljena blagovna znamka v igralni\u0161ki industriji. Ta spletna igralnica ponuja tako fantasti\u010dno igralnico, ki temelji na Flashu in se hitro nalo\u017ei v va\u0161 brskalnik, kot tudi mo\u017enost prenosa programske opreme za igre. Igralci imajo raje razli\u010dico za prenos, saj ima skozi vse [&hellip;]","og_url":"https:\/\/gambling6.com\/sl\/ocena-igralnice-888\/","og_site_name":"Gambling6","og_image":[{"url":"https:\/\/ic.aff-handler.com\/I\/45871?sr=1064399&amp;anid=","type":"","width":"","height":""}],"twitter_card":"summary_large_image","twitter_misc":{"Est. reading time":"2 minuti"},"schema":{"@context":"https:\/\/schema.org","@graph":[{"@type":"WebPage","@id":"https:\/\/gambling6.com\/sl\/ocena-igralnice-888\/","url":"https:\/\/gambling6.com\/sl\/ocena-igralnice-888\/","name":"Ocena igralnice 888 - Gambling6","isPartOf":{"@id":"https:\/\/gambling6.com\/sl\/#website"},"primaryImageOfPage":{"@id":"https:\/\/gambling6.com\/sl\/ocena-igralnice-888\/#primaryimage"},"image":{"@id":"https:\/\/gambling6.com\/sl\/ocena-igralnice-888\/#primaryimage"},"thumbnailUrl":"https:\/\/ic.aff-handler.com\/I\/45871?sr=1064399&amp;anid=","datePublished":"2025-11-17T11:14:50+00:00","breadcrumb":{"@id":"https:\/\/gambling6.com\/sl\/ocena-igralnice-888\/#breadcrumb"},"inLanguage":"sl-SI","potentialAction":[{"@type":"ReadAction","target":["https:\/\/gambling6.com\/sl\/ocena-igralnice-888\/"]}]},{"@type":"ImageObject","inLanguage":"sl-SI","@id":"https:\/\/gambling6.com\/sl\/ocena-igralnice-888\/#primaryimage","url":"https:\/\/ic.aff-handler.com\/I\/45871?sr=1064399&amp;anid=","contentUrl":"https:\/\/ic.aff-handler.com\/I\/45871?sr=1064399&amp;anid="},{"@type":"BreadcrumbList","@id":"https:\/\/gambling6.com\/sl\/ocena-igralnice-888\/#breadcrumb","itemListElement":[{"@type":"ListItem","position":1,"name":"Home","item":"https:\/\/gambling6.com\/sl\/home\/"},{"@type":"ListItem","position":2,"name":"Ocena igralnice 888"}]},{"@type":"WebSite","@id":"https:\/\/gambling6.com\/sl\/#website","url":"https:\/\/gambling6.com\/sl\/","name":"Gambling6","description":"","potentialAction":[{"@type":"SearchAction","target":{"@type":"EntryPoint","urlTemplate":"https:\/\/gambling6.com\/sl\/?s={search_term_string}"},"query-input":{"@type":"PropertyValueSpecification","valueRequired":true,"valueName":"search_term_string"}}],"inLanguage":"sl-SI"}]}},"_links":{"self":[{"href":"https:\/\/gambling6.com\/sl\/wp-json\/wp\/v2\/pages\/11032","targetHints":{"allow":["GET"]}}],"collection":[{"href":"https:\/\/gambling6.com\/sl\/wp-json\/wp\/v2\/pages"}],"about":[{"href":"https:\/\/gambling6.com\/sl\/wp-json\/wp\/v2\/types\/page"}],"author":[{"embeddable":true,"href":"https:\/\/gambling6.com\/sl\/wp-json\/wp\/v2\/users\/1"}],"replies":[{"embeddable":true,"href":"https:\/\/gambling6.com\/sl\/wp-json\/wp\/v2\/comments?post=11032"}],"version-history":[{"count":1,"href":"https:\/\/gambling6.com\/sl\/wp-json\/wp\/v2\/pages\/11032\/revisions"}],"predecessor-version":[{"id":11034,"href":"https:\/\/gambling6.com\/sl\/wp-json\/wp\/v2\/pages\/11032\/revisions\/11034"}],"wp:attachment":[{"href":"https:\/\/gambling6.com\/sl\/wp-json\/wp\/v2\/media?parent=11032"}],"curies":[{"name":"wp","href":"https:\/\/api.w.org\/{rel}","templated":true}]}}