{"id":11072,"date":"2025-11-17T14:22:42","date_gmt":"2025-11-17T14:22:42","guid":{"rendered":"https:\/\/gambling6.com\/?p=11072"},"modified":"2025-11-17T14:22:42","modified_gmt":"2025-11-17T14:22:42","slug":"kako-dober-je-redfoxlotto","status":"publish","type":"page","link":"https:\/\/gambling6.com\/sl\/kako-dober-je-redfoxlotto\/","title":{"rendered":"Kako dober je RedFoxLotto?"},"content":{"rendered":"<h2>Ocena RedFoxLotto<\/h2>\n<p><strong>RedFoxLotto<\/strong>je zelo uporabniku prijazna, varna in za\u0161\u010ditena platforma za nakup spletnih sre\u010dk za vse ve\u010dje loterije po vsem svetu. Na spletni strani RedFoxLotto lahko igrate \u0161tevilne svetovne loterije, sre\u010dk pa lahko naro\u010dite 24 ur na dan, sedem dni v tednu. Preprosto ustvarite ra\u010dun, polo\u017eite denar in v nekaj minutah za\u010dnete igrati mednarodne loterijske sre\u010dk.<\/p>\n<h2>Ves denar, ki ga osvojite na RedFoxLotto, obdr\u017eite<\/h2>\n<p>RedFoxLotto zaposluje loterijske kurirje po vsem svetu, ki v va\u0161em imenu kupujejo sre\u010dk za loterije, ki jih \u017eelite igrati. Ko so sre\u010dk kupljene, so sre\u010dk skenirane in nalo\u017eene na va\u0161 ra\u010dun pred \u017erebanjem. Ta metoda zagotavlja, da si lahko ogledate svoje sre\u010dk in prejmete 100 % svojih dobitkov. RedFoxLotto ne vzame odstotka va\u0161ih dobitkov; vse provizije so vklju\u010dene v ceno va\u0161ih sre\u010dk.<\/p>\n<h2>Sre\u010dke so na voljo za vse ve\u010dje svetovne loterije<\/h2>\n<p><strong>Na voljo boste sre\u010dke za vse ve\u010dje svetovne loterije, vklju\u010dno z Mega Millions, Powerball USA, Eurojackpot, Euro Millions in drugimi.<\/strong> Ni pomembno, v kateri dr\u017eavi \u017eivite; kupite lahko sre\u010dke za vse ve\u010dje loterije po vsem svetu. Vse, kar morate storiti, je, da se prijavite v svoj ra\u010dun, izberete RedFoxLotto, s katerim \u017eelite igrati, izberete \u0161tevilke, s katerimi \u017eelite igrati, in se udobno namestite ter po\u010dakate na \u017erebanje. RedFoxLotto vam bo po\u0161iljal obvestila o morebitnih dobitkih.<br \/>\nEnostaven prevzem dobitkov pri RedFoxLotto<\/p>\n<p>Za vse dobitne sre\u010dke, ki jih imate, vam bo <strong>RedFoxLotto poslal obvestilo po e-po\u0161ti ali vas poklical, \u010de je nagrada ve\u010dja, da vas obvesti o va\u0161ih dobitkih.<\/strong> Vsak dobitek do 2000 \u20ac bo samodejno nakazan na va\u0161 ra\u010dun. \u010ce osvojite nagrado, ki presega 2000 \u20ac, vas bodo strokovnjaki za obdelavo pri RedFoxLotto vodili skozi potrebne korake za prejem dobitka. Dobitniki glavne nagrade se lahko odlo\u010dijo, da RedFoxLotto deluje v njihovem imenu, ali pa se lahko, \u010de \u017eelite, osebno odpravite na pot in prevzamete svoj dobitek. Prepri\u010dani smo, da \u010de postanete ve\u010dmilijonski zmagovalec, ne boste imeli te\u017eav z vsemi potrebnimi koraki za prevzem dobitka.<\/p>\n<h2>Pla\u010dilo spletnih loterijskih sre\u010dk<\/h2>\n<p>RedFoxLotto ponuja \u0161tevilne varne in za\u0161\u010ditene mo\u017enosti pla\u010dila, ne glede na to, v kateri dr\u017eavi \u017eivite.<strong> Sprejemajo Visa, MasterCard, American Express, Skrill, Neteller, takoj\u0161nja ban\u010dna nakazila, kriptovalute in \u0161tevilne druge izdelke spletnih denarnic.<\/strong> Svoj dobitek lahko naka\u017eete z uporabo katere koli od teh metod ali pa vam denar naka\u017eejo neposredno na va\u0161 ban\u010dni ra\u010dun.<\/p>\n<p>RedFoxLotto vsako leto zastopa dobitnike milijonov dolarjev in ima 100-odstotno garancijo za pla\u010dilo. Ugotovili boste, da se lahko v primeru kakr\u0161nih koli vpra\u0161anj preprosto obrnete na namenske predstavnike za pomo\u010d strankam, ki so na voljo 24 ur na dan na RedFoxLotto.com. Za nakup sre\u010dk za lokalno loterijo vam ni ve\u010d treba obiskati lokalnih loterijskih kioskov. Sre\u010dke lahko kupite kar od doma ali pisarne, in to pravo\u010dasno za vse loterije.<\/p>\n<p><strong>Za\u010dnite igrati mednarodne loterije na spletu \u0161e danes tako, da obi\u0161\u010dete na\u0161ega partnerja RedFoxLotto in odprete svoj osebni ra\u010dun.<\/strong> Ko boste imeli ra\u010dun, boste na\u0161li \u0161tevilne razli\u010dne bonus ponudbe in posebne programe za nakup sre\u010dk, s katerimi bo igranje lota zabavno in donosno.<\/p>\n<p><a class=\"thirstylink\" title=\"Redfoxlotto\" href=\"https:\/\/gambling6.com\/go\/redfoxlotto\/\" target=\"_blank\" rel=\"nofollow noopener\">Kliknite tukaj zdaj, da ustvarite svoj osebni spletni ra\u010dun RedFoxLottoin<\/a> lahko \u010dez no\u010d postanete multimilijonar.<\/p>\n","protected":false},"excerpt":{"rendered":"<p>Ocena RedFoxLotto RedFoxLottoje zelo uporabniku prijazna, varna in za\u0161\u010ditena platforma za nakup spletnih sre\u010dk za vse ve\u010dje loterije po vsem svetu. Na spletni strani RedFoxLotto lahko igrate \u0161tevilne svetovne loterije, sre\u010dk pa lahko naro\u010dite 24 ur na dan, sedem dni v tednu. Preprosto ustvarite ra\u010dun, polo\u017eite denar in v nekaj minutah za\u010dnete igrati mednarodne loterijske [&hellip;]<\/p>\n","protected":false},"author":1,"featured_media":0,"parent":0,"menu_order":1,"comment_status":"closed","ping_status":"closed","template":"","meta":{"footnotes":""},"class_list":["post-11072","page","type-page","status-publish","hentry"],"yoast_head":"<!-- This site is optimized with the Yoast SEO plugin v27.4 - https:\/\/yoast.com\/product\/yoast-seo-wordpress\/ -->\n<title>Pregled RedFoxLotto<\/title>\n<meta name=\"description\" content=\"Na spletni strani RedFoxLotto.com lahko kupite sre\u010dke za mednarodne loterije, vklju\u010dno s Powerballom in Mega Millions. Preberite na\u0161o oceno RedFoxlotto.\" \/>\n<meta name=\"robots\" content=\"index, follow, max-snippet:-1, max-image-preview:large, max-video-preview:-1\" \/>\n<link rel=\"canonical\" href=\"https:\/\/gambling6.com\/sl\/kako-dober-je-redfoxlotto\/\" \/>\n<meta property=\"og:locale\" content=\"sl_SI\" \/>\n<meta property=\"og:type\" content=\"article\" \/>\n<meta property=\"og:title\" content=\"Pregled RedFoxLotto\" \/>\n<meta property=\"og:description\" content=\"Na spletni strani RedFoxLotto.com lahko kupite sre\u010dke za mednarodne loterije, vklju\u010dno s Powerballom in Mega Millions. Preberite na\u0161o oceno RedFoxlotto.\" \/>\n<meta property=\"og:url\" content=\"https:\/\/gambling6.com\/sl\/kako-dober-je-redfoxlotto\/\" \/>\n<meta property=\"og:site_name\" content=\"Gambling6\" \/>\n<meta property=\"article:published_time\" content=\"2025-11-17T14:22:42+00:00\" \/>\n<meta name=\"author\" content=\"Catfish\" \/>\n<meta name=\"twitter:card\" content=\"summary_large_image\" \/>\n<meta name=\"twitter:label1\" content=\"Written by\" \/>\n\t<meta name=\"twitter:data1\" content=\"Catfish\" \/>\n\t<meta name=\"twitter:label2\" content=\"Est. reading time\" \/>\n\t<meta name=\"twitter:data2\" content=\"3 minute\" \/>\n<script type=\"application\/ld+json\" class=\"yoast-schema-graph\">{\"@context\":\"https:\\\/\\\/schema.org\",\"@graph\":[{\"@type\":\"Article\",\"@id\":\"https:\\\/\\\/gambling6.com\\\/sl\\\/kako-dober-je-redfoxlotto\\\/#article\",\"isPartOf\":{\"@id\":\"https:\\\/\\\/gambling6.com\\\/sl\\\/kako-dober-je-redfoxlotto\\\/\"},\"author\":{\"name\":\"Catfish\",\"@id\":\"https:\\\/\\\/gambling6.com\\\/sl\\\/#\\\/schema\\\/person\\\/d093de87a44a018ef67117d02d86ddaf\"},\"headline\":\"Kako dober je RedFoxLotto?\",\"datePublished\":\"2025-11-17T14:22:42+00:00\",\"mainEntityOfPage\":{\"@id\":\"https:\\\/\\\/gambling6.com\\\/sl\\\/kako-dober-je-redfoxlotto\\\/\"},\"wordCount\":568,\"articleSection\":[\"Uncategorized @sl\"],\"inLanguage\":\"sl-SI\"},{\"@type\":\"WebPage\",\"@id\":\"https:\\\/\\\/gambling6.com\\\/sl\\\/kako-dober-je-redfoxlotto\\\/\",\"url\":\"https:\\\/\\\/gambling6.com\\\/sl\\\/kako-dober-je-redfoxlotto\\\/\",\"name\":\"Pregled RedFoxLotto\",\"isPartOf\":{\"@id\":\"https:\\\/\\\/gambling6.com\\\/sl\\\/#website\"},\"datePublished\":\"2025-11-17T14:22:42+00:00\",\"author\":{\"@id\":\"https:\\\/\\\/gambling6.com\\\/sl\\\/#\\\/schema\\\/person\\\/d093de87a44a018ef67117d02d86ddaf\"},\"description\":\"Na spletni strani RedFoxLotto.com lahko kupite sre\u010dke za mednarodne loterije, vklju\u010dno s Powerballom in Mega Millions. Preberite na\u0161o oceno RedFoxlotto.\",\"breadcrumb\":{\"@id\":\"https:\\\/\\\/gambling6.com\\\/sl\\\/kako-dober-je-redfoxlotto\\\/#breadcrumb\"},\"inLanguage\":\"sl-SI\",\"potentialAction\":[{\"@type\":\"ReadAction\",\"target\":[\"https:\\\/\\\/gambling6.com\\\/sl\\\/kako-dober-je-redfoxlotto\\\/\"]}]},{\"@type\":\"BreadcrumbList\",\"@id\":\"https:\\\/\\\/gambling6.com\\\/sl\\\/kako-dober-je-redfoxlotto\\\/#breadcrumb\",\"itemListElement\":[{\"@type\":\"ListItem\",\"position\":1,\"name\":\"Home\",\"item\":\"https:\\\/\\\/gambling6.com\\\/sl\\\/home\\\/\"},{\"@type\":\"ListItem\",\"position\":2,\"name\":\"Kako dober je RedFoxLotto?\"}]},{\"@type\":\"WebSite\",\"@id\":\"https:\\\/\\\/gambling6.com\\\/sl\\\/#website\",\"url\":\"https:\\\/\\\/gambling6.com\\\/sl\\\/\",\"name\":\"Gambling6\",\"description\":\"\",\"potentialAction\":[{\"@type\":\"SearchAction\",\"target\":{\"@type\":\"EntryPoint\",\"urlTemplate\":\"https:\\\/\\\/gambling6.com\\\/sl\\\/?s={search_term_string}\"},\"query-input\":{\"@type\":\"PropertyValueSpecification\",\"valueRequired\":true,\"valueName\":\"search_term_string\"}}],\"inLanguage\":\"sl-SI\"},{\"@type\":\"Person\",\"@id\":\"https:\\\/\\\/gambling6.com\\\/sl\\\/#\\\/schema\\\/person\\\/d093de87a44a018ef67117d02d86ddaf\",\"name\":\"Catfish\",\"image\":{\"@type\":\"ImageObject\",\"inLanguage\":\"sl-SI\",\"@id\":\"https:\\\/\\\/secure.gravatar.com\\\/avatar\\\/32edfa28ccbf005c231538b245a2670a36c7f33f2d3a9ab09e50843b363f2821?s=96&d=mm&r=g\",\"url\":\"https:\\\/\\\/secure.gravatar.com\\\/avatar\\\/32edfa28ccbf005c231538b245a2670a36c7f33f2d3a9ab09e50843b363f2821?s=96&d=mm&r=g\",\"contentUrl\":\"https:\\\/\\\/secure.gravatar.com\\\/avatar\\\/32edfa28ccbf005c231538b245a2670a36c7f33f2d3a9ab09e50843b363f2821?s=96&d=mm&r=g\",\"caption\":\"Catfish\"},\"sameAs\":[\"http:\\\/\\\/gambling6.com\"],\"url\":\"https:\\\/\\\/gambling6.com\\\/sl\\\/author\\\/catfish\\\/\"}]}<\/script>\n<!-- \/ Yoast SEO plugin. -->","yoast_head_json":{"title":"Pregled RedFoxLotto","description":"Na spletni strani RedFoxLotto.com lahko kupite sre\u010dke za mednarodne loterije, vklju\u010dno s Powerballom in Mega Millions. Preberite na\u0161o oceno RedFoxlotto.","robots":{"index":"index","follow":"follow","max-snippet":"max-snippet:-1","max-image-preview":"max-image-preview:large","max-video-preview":"max-video-preview:-1"},"canonical":"https:\/\/gambling6.com\/sl\/kako-dober-je-redfoxlotto\/","og_locale":"sl_SI","og_type":"article","og_title":"Pregled RedFoxLotto","og_description":"Na spletni strani RedFoxLotto.com lahko kupite sre\u010dke za mednarodne loterije, vklju\u010dno s Powerballom in Mega Millions. Preberite na\u0161o oceno RedFoxlotto.","og_url":"https:\/\/gambling6.com\/sl\/kako-dober-je-redfoxlotto\/","og_site_name":"Gambling6","article_published_time":"2025-11-17T14:22:42+00:00","author":"Catfish","twitter_card":"summary_large_image","twitter_misc":{"Written by":"Catfish","Est. reading time":"3 minute"},"schema":{"@context":"https:\/\/schema.org","@graph":[{"@type":"Article","@id":"https:\/\/gambling6.com\/sl\/kako-dober-je-redfoxlotto\/#article","isPartOf":{"@id":"https:\/\/gambling6.com\/sl\/kako-dober-je-redfoxlotto\/"},"author":{"name":"Catfish","@id":"https:\/\/gambling6.com\/sl\/#\/schema\/person\/d093de87a44a018ef67117d02d86ddaf"},"headline":"Kako dober je RedFoxLotto?","datePublished":"2025-11-17T14:22:42+00:00","mainEntityOfPage":{"@id":"https:\/\/gambling6.com\/sl\/kako-dober-je-redfoxlotto\/"},"wordCount":568,"articleSection":["Uncategorized @sl"],"inLanguage":"sl-SI"},{"@type":"WebPage","@id":"https:\/\/gambling6.com\/sl\/kako-dober-je-redfoxlotto\/","url":"https:\/\/gambling6.com\/sl\/kako-dober-je-redfoxlotto\/","name":"Pregled RedFoxLotto","isPartOf":{"@id":"https:\/\/gambling6.com\/sl\/#website"},"datePublished":"2025-11-17T14:22:42+00:00","author":{"@id":"https:\/\/gambling6.com\/sl\/#\/schema\/person\/d093de87a44a018ef67117d02d86ddaf"},"description":"Na spletni strani RedFoxLotto.com lahko kupite sre\u010dke za mednarodne loterije, vklju\u010dno s Powerballom in Mega Millions. Preberite na\u0161o oceno RedFoxlotto.","breadcrumb":{"@id":"https:\/\/gambling6.com\/sl\/kako-dober-je-redfoxlotto\/#breadcrumb"},"inLanguage":"sl-SI","potentialAction":[{"@type":"ReadAction","target":["https:\/\/gambling6.com\/sl\/kako-dober-je-redfoxlotto\/"]}]},{"@type":"BreadcrumbList","@id":"https:\/\/gambling6.com\/sl\/kako-dober-je-redfoxlotto\/#breadcrumb","itemListElement":[{"@type":"ListItem","position":1,"name":"Home","item":"https:\/\/gambling6.com\/sl\/home\/"},{"@type":"ListItem","position":2,"name":"Kako dober je RedFoxLotto?"}]},{"@type":"WebSite","@id":"https:\/\/gambling6.com\/sl\/#website","url":"https:\/\/gambling6.com\/sl\/","name":"Gambling6","description":"","potentialAction":[{"@type":"SearchAction","target":{"@type":"EntryPoint","urlTemplate":"https:\/\/gambling6.com\/sl\/?s={search_term_string}"},"query-input":{"@type":"PropertyValueSpecification","valueRequired":true,"valueName":"search_term_string"}}],"inLanguage":"sl-SI"},{"@type":"Person","@id":"https:\/\/gambling6.com\/sl\/#\/schema\/person\/d093de87a44a018ef67117d02d86ddaf","name":"Catfish","image":{"@type":"ImageObject","inLanguage":"sl-SI","@id":"https:\/\/secure.gravatar.com\/avatar\/32edfa28ccbf005c231538b245a2670a36c7f33f2d3a9ab09e50843b363f2821?s=96&d=mm&r=g","url":"https:\/\/secure.gravatar.com\/avatar\/32edfa28ccbf005c231538b245a2670a36c7f33f2d3a9ab09e50843b363f2821?s=96&d=mm&r=g","contentUrl":"https:\/\/secure.gravatar.com\/avatar\/32edfa28ccbf005c231538b245a2670a36c7f33f2d3a9ab09e50843b363f2821?s=96&d=mm&r=g","caption":"Catfish"},"sameAs":["http:\/\/gambling6.com"],"url":"https:\/\/gambling6.com\/sl\/author\/catfish\/"}]}},"_links":{"self":[{"href":"https:\/\/gambling6.com\/sl\/wp-json\/wp\/v2\/pages\/11072","targetHints":{"allow":["GET"]}}],"collection":[{"href":"https:\/\/gambling6.com\/sl\/wp-json\/wp\/v2\/pages"}],"about":[{"href":"https:\/\/gambling6.com\/sl\/wp-json\/wp\/v2\/types\/page"}],"author":[{"embeddable":true,"href":"https:\/\/gambling6.com\/sl\/wp-json\/wp\/v2\/users\/1"}],"replies":[{"embeddable":true,"href":"https:\/\/gambling6.com\/sl\/wp-json\/wp\/v2\/comments?post=11072"}],"version-history":[{"count":1,"href":"https:\/\/gambling6.com\/sl\/wp-json\/wp\/v2\/pages\/11072\/revisions"}],"predecessor-version":[{"id":11073,"href":"https:\/\/gambling6.com\/sl\/wp-json\/wp\/v2\/pages\/11072\/revisions\/11073"}],"wp:attachment":[{"href":"https:\/\/gambling6.com\/sl\/wp-json\/wp\/v2\/media?parent=11072"}],"curies":[{"name":"wp","href":"https:\/\/api.w.org\/{rel}","templated":true}]}}