{"id":11097,"date":"2025-11-17T15:57:47","date_gmt":"2025-11-17T15:57:47","guid":{"rendered":"https:\/\/gambling6.com\/uspeh-pri-spletnem-bingu\/"},"modified":"2025-11-17T16:40:10","modified_gmt":"2025-11-17T16:40:10","slug":"uspeh-pri-spletnem-bingu","status":"publish","type":"page","link":"https:\/\/gambling6.com\/sl\/bingo\/uspeh-pri-spletnem-bingu\/","title":{"rendered":"Uspeh pri spletnem bingu"},"content":{"rendered":"<h2>Igrajte spletni bingo s pravo strategijo<\/h2>\n<p>Zahvaljujo\u010d razvoju interneta lahko danes u\u017eivate v zabavni igri binga kar iz udobja svojega doma. Najbolj\u0161e pri tem je, da lahko igro igrate kadar koli \u017eelite. To je razlog, zakaj je spletni bingo postal tako priljubljen med ljudmi, zlasti med \u017eenskami. \u010ce ste novinec, brez skrbi, igro se lahko nau\u010dite tako, da jo najprej preizkusite na brezpla\u010dni spletni strani za bingo. <a class=\"thirstylink\" title=\"Bingo Billy en\" href=\"https:\/\/gambling6.com\/go\/bingobilly-en\/\" target=\"_blank\" rel=\"nofollow noopener\">Dober za\u010detek bi bil Bingo Billy &#8211; kliknite tukaj za obisk.<\/a><\/p>\n<p>\u010ce pa igrate na spletu, je tukaj nekaj nasvetov, ki vam lahko pomagajo pove\u010dati mo\u017enosti za zmago. Berite naprej, \u010de \u017eelite izvedeti ve\u010d. Na hitro razi\u0161\u010dite in poi\u0161\u010dite spletne strani za bingo, ki ponujajo najbolj\u0161e bonuse za polog. \u0160tevilne spletne strani ponujajo tudi donosne bonuse za pridru\u017eitev. Vedno je priporo\u010dljivo igrati bingo na zaupanja vrednih spletnih straneh igralnic. Preden se registrirate ali prijavite, preberite ocene dejanskih uporabnikov teh spletnih mest igralnic.<br \/>\n<a href=\"https:\/\/record.revenueplanet.com\/_BoBybWC_aAPUOsjNOfgKefwM06wa-Rwt\/1\/\" target=\"_new\" rel=\"noopener\"><img loading=\"lazy\" decoding=\"async\" class=\"aligncenter\" style=\"border: none;\" src=\"https:\/\/media.revenueplanet.com\/uploads\/nbb-468x60-nov-generic.gif\" alt=\"BingoBilly Brezpla\u010dni bingo\" width=\"468\" height=\"60\" \/><\/a><br \/>\nSamo ugledne in zaupanja vredne igralnice izpla\u010dajo celoten znesek, ki ste ga osvojili v igri. Internet je preplavljen s spletnimi mesti za bingo in na \u017ealost vam \u0161tevilne prevarantske strani kradejo denar in ne izpla\u010dajo, ko zmagate v igri. Zato morate biti pri izbiri spletne igralnice \u0161e posebej previdni. Igre bingo se igrajo samo za zabavo.<\/p>\n<p>Pravila in predpisi igre so preprosti za sledenje. Igra binga je povsem stvar sre\u010de. Noben element ne more napovedati izida ali vplivati \u200b\u200bna igro. Lahko se sprostite in u\u017eivate v igri, saj ni treba sprejemati nobenih odlo\u010ditev. Spletni bingo je igro naredil bolj dostopno, saj jo lahko igrate, kadar vam ustreza, in kjer koli imate internetno povezavo in ra\u010dunalnik.<\/p>\n<p>Vedno posku\u0161ajte igrati na manj obiskanem spletnem mestu. To bo pove\u010dalo va\u0161e mo\u017enosti za zmago, saj boste tekmovali z manj igralci. Spletno mesto z uravnote\u017eenim \u0161tevilom igralcev vam daje bolj\u0161e mo\u017enosti za zmago. Izberite spletna mesta, ki ponujajo klepetalnice za enostavno komunikacijo med igralci. Lahko se tudi pogovarjate s soigralci o kartah, ki jih igrajo. Lahko tudi pove\u010date \u0161tevilo kart, da zmago obrnete na svojo stran.<\/p>\n<p>Veliko je odvisno tudi od \u010dasa, ko se odlo\u010dite za igro. Ugotovljeno je bilo, da imate, \u010de igrate ob nenavadnih urah, mo\u017enost za zmago, saj takrat ni veliko igralcev na spletu. Pri igrah binga z velikimi jackpoti se vedno izogibajte prevelikemu \u0161tevilu kart. Vedno izberite spletna mesta igralnic, ki ponujajo 100-odstotne bonuse na polog. Dandanes lahko naletite tudi na napotitvene programe spletnih mest igralnic. V okviru programa boste prejeli brezpla\u010den denar, \u010de se va\u0161a napotitev registrira v igralnici. Poleg tega spletna igralnica ob\u010dasno ponuja \u0161tevilne promocijske bonuse.<\/p>\n<p>&nbsp;<\/p>\n","protected":false},"excerpt":{"rendered":"<p>Igrajte spletni bingo s pravo strategijo Zahvaljujo\u010d razvoju interneta lahko danes u\u017eivate v zabavni igri binga kar iz udobja svojega doma. Najbolj\u0161e pri tem je, da lahko igro igrate kadar koli \u017eelite. To je razlog, zakaj je spletni bingo postal tako priljubljen med ljudmi, zlasti med \u017eenskami. \u010ce ste novinec, brez skrbi, igro se lahko [&hellip;]<\/p>\n","protected":false},"author":1,"featured_media":0,"parent":8537,"menu_order":3,"comment_status":"closed","ping_status":"closed","template":"","meta":{"footnotes":""},"class_list":["post-11097","page","type-page","status-publish","hentry"],"yoast_head":"<!-- This site is optimized with the Yoast SEO plugin v27.4 - https:\/\/yoast.com\/product\/yoast-seo-wordpress\/ -->\n<title>Strategija igre za spletni bingo<\/title>\n<meta name=\"description\" content=\"Pove\u010dajte svoje mo\u017enosti za zmago v spletnem bingu z upo\u0161tevanjem prave strategije igre.\" \/>\n<meta name=\"robots\" content=\"index, follow, max-snippet:-1, max-image-preview:large, max-video-preview:-1\" \/>\n<link rel=\"canonical\" href=\"https:\/\/gambling6.com\/sl\/bingo\/uspeh-pri-spletnem-bingu\/\" \/>\n<meta property=\"og:locale\" content=\"sl_SI\" \/>\n<meta property=\"og:type\" content=\"article\" \/>\n<meta property=\"og:title\" content=\"Strategija igre za spletni bingo\" \/>\n<meta property=\"og:description\" content=\"Pove\u010dajte svoje mo\u017enosti za zmago v spletnem bingu z upo\u0161tevanjem prave strategije igre.\" \/>\n<meta property=\"og:url\" content=\"https:\/\/gambling6.com\/sl\/bingo\/uspeh-pri-spletnem-bingu\/\" \/>\n<meta property=\"og:site_name\" content=\"Gambling6\" \/>\n<meta property=\"article:published_time\" content=\"2025-11-17T15:57:47+00:00\" \/>\n<meta property=\"article:modified_time\" content=\"2025-11-17T16:40:10+00:00\" \/>\n<meta property=\"og:image\" content=\"https:\/\/media.revenueplanet.com\/uploads\/nbb-468x60-nov-generic.gif\" \/>\n<meta name=\"author\" content=\"Catfish\" \/>\n<meta name=\"twitter:card\" content=\"summary_large_image\" \/>\n<meta name=\"twitter:label1\" content=\"Written by\" \/>\n\t<meta name=\"twitter:data1\" content=\"Catfish\" \/>\n\t<meta name=\"twitter:label2\" content=\"Est. reading time\" \/>\n\t<meta name=\"twitter:data2\" content=\"2 minuti\" \/>\n<script type=\"application\/ld+json\" class=\"yoast-schema-graph\">{\"@context\":\"https:\\\/\\\/schema.org\",\"@graph\":[{\"@type\":\"Article\",\"@id\":\"https:\\\/\\\/gambling6.com\\\/sl\\\/bingo\\\/uspeh-pri-spletnem-bingu\\\/#article\",\"isPartOf\":{\"@id\":\"https:\\\/\\\/gambling6.com\\\/sl\\\/bingo\\\/uspeh-pri-spletnem-bingu\\\/\"},\"author\":{\"name\":\"Catfish\",\"@id\":\"https:\\\/\\\/gambling6.com\\\/sl\\\/#\\\/schema\\\/person\\\/d093de87a44a018ef67117d02d86ddaf\"},\"headline\":\"Uspeh pri spletnem bingu\",\"datePublished\":\"2025-11-17T15:57:47+00:00\",\"dateModified\":\"2025-11-17T16:40:10+00:00\",\"mainEntityOfPage\":{\"@id\":\"https:\\\/\\\/gambling6.com\\\/sl\\\/bingo\\\/uspeh-pri-spletnem-bingu\\\/\"},\"wordCount\":453,\"image\":{\"@id\":\"https:\\\/\\\/gambling6.com\\\/sl\\\/bingo\\\/uspeh-pri-spletnem-bingu\\\/#primaryimage\"},\"thumbnailUrl\":\"https:\\\/\\\/media.revenueplanet.com\\\/uploads\\\/nbb-468x60-nov-generic.gif\",\"articleSection\":[\"Novice o bingu\",\"Strategija za bingo\"],\"inLanguage\":\"sl-SI\"},{\"@type\":\"WebPage\",\"@id\":\"https:\\\/\\\/gambling6.com\\\/sl\\\/bingo\\\/uspeh-pri-spletnem-bingu\\\/\",\"url\":\"https:\\\/\\\/gambling6.com\\\/sl\\\/bingo\\\/uspeh-pri-spletnem-bingu\\\/\",\"name\":\"Strategija igre za spletni bingo\",\"isPartOf\":{\"@id\":\"https:\\\/\\\/gambling6.com\\\/sl\\\/#website\"},\"primaryImageOfPage\":{\"@id\":\"https:\\\/\\\/gambling6.com\\\/sl\\\/bingo\\\/uspeh-pri-spletnem-bingu\\\/#primaryimage\"},\"image\":{\"@id\":\"https:\\\/\\\/gambling6.com\\\/sl\\\/bingo\\\/uspeh-pri-spletnem-bingu\\\/#primaryimage\"},\"thumbnailUrl\":\"https:\\\/\\\/media.revenueplanet.com\\\/uploads\\\/nbb-468x60-nov-generic.gif\",\"datePublished\":\"2025-11-17T15:57:47+00:00\",\"dateModified\":\"2025-11-17T16:40:10+00:00\",\"author\":{\"@id\":\"https:\\\/\\\/gambling6.com\\\/sl\\\/#\\\/schema\\\/person\\\/d093de87a44a018ef67117d02d86ddaf\"},\"description\":\"Pove\u010dajte svoje mo\u017enosti za zmago v spletnem bingu z upo\u0161tevanjem prave strategije igre.\",\"breadcrumb\":{\"@id\":\"https:\\\/\\\/gambling6.com\\\/sl\\\/bingo\\\/uspeh-pri-spletnem-bingu\\\/#breadcrumb\"},\"inLanguage\":\"sl-SI\",\"potentialAction\":[{\"@type\":\"ReadAction\",\"target\":[\"https:\\\/\\\/gambling6.com\\\/sl\\\/bingo\\\/uspeh-pri-spletnem-bingu\\\/\"]}]},{\"@type\":\"ImageObject\",\"inLanguage\":\"sl-SI\",\"@id\":\"https:\\\/\\\/gambling6.com\\\/sl\\\/bingo\\\/uspeh-pri-spletnem-bingu\\\/#primaryimage\",\"url\":\"https:\\\/\\\/media.revenueplanet.com\\\/uploads\\\/nbb-468x60-nov-generic.gif\",\"contentUrl\":\"https:\\\/\\\/media.revenueplanet.com\\\/uploads\\\/nbb-468x60-nov-generic.gif\"},{\"@type\":\"BreadcrumbList\",\"@id\":\"https:\\\/\\\/gambling6.com\\\/sl\\\/bingo\\\/uspeh-pri-spletnem-bingu\\\/#breadcrumb\",\"itemListElement\":[{\"@type\":\"ListItem\",\"position\":1,\"name\":\"Home\",\"item\":\"https:\\\/\\\/gambling6.com\\\/sl\\\/home\\\/\"},{\"@type\":\"ListItem\",\"position\":2,\"name\":\"Uspeh pri spletnem bingu\"}]},{\"@type\":\"WebSite\",\"@id\":\"https:\\\/\\\/gambling6.com\\\/sl\\\/#website\",\"url\":\"https:\\\/\\\/gambling6.com\\\/sl\\\/\",\"name\":\"Gambling6\",\"description\":\"\",\"potentialAction\":[{\"@type\":\"SearchAction\",\"target\":{\"@type\":\"EntryPoint\",\"urlTemplate\":\"https:\\\/\\\/gambling6.com\\\/sl\\\/?s={search_term_string}\"},\"query-input\":{\"@type\":\"PropertyValueSpecification\",\"valueRequired\":true,\"valueName\":\"search_term_string\"}}],\"inLanguage\":\"sl-SI\"},{\"@type\":\"Person\",\"@id\":\"https:\\\/\\\/gambling6.com\\\/sl\\\/#\\\/schema\\\/person\\\/d093de87a44a018ef67117d02d86ddaf\",\"name\":\"Catfish\",\"image\":{\"@type\":\"ImageObject\",\"inLanguage\":\"sl-SI\",\"@id\":\"https:\\\/\\\/secure.gravatar.com\\\/avatar\\\/32edfa28ccbf005c231538b245a2670a36c7f33f2d3a9ab09e50843b363f2821?s=96&d=mm&r=g\",\"url\":\"https:\\\/\\\/secure.gravatar.com\\\/avatar\\\/32edfa28ccbf005c231538b245a2670a36c7f33f2d3a9ab09e50843b363f2821?s=96&d=mm&r=g\",\"contentUrl\":\"https:\\\/\\\/secure.gravatar.com\\\/avatar\\\/32edfa28ccbf005c231538b245a2670a36c7f33f2d3a9ab09e50843b363f2821?s=96&d=mm&r=g\",\"caption\":\"Catfish\"},\"sameAs\":[\"http:\\\/\\\/gambling6.com\"],\"url\":\"https:\\\/\\\/gambling6.com\\\/sl\\\/author\\\/catfish\\\/\"}]}<\/script>\n<!-- \/ Yoast SEO plugin. -->","yoast_head_json":{"title":"Strategija igre za spletni bingo","description":"Pove\u010dajte svoje mo\u017enosti za zmago v spletnem bingu z upo\u0161tevanjem prave strategije igre.","robots":{"index":"index","follow":"follow","max-snippet":"max-snippet:-1","max-image-preview":"max-image-preview:large","max-video-preview":"max-video-preview:-1"},"canonical":"https:\/\/gambling6.com\/sl\/bingo\/uspeh-pri-spletnem-bingu\/","og_locale":"sl_SI","og_type":"article","og_title":"Strategija igre za spletni bingo","og_description":"Pove\u010dajte svoje mo\u017enosti za zmago v spletnem bingu z upo\u0161tevanjem prave strategije igre.","og_url":"https:\/\/gambling6.com\/sl\/bingo\/uspeh-pri-spletnem-bingu\/","og_site_name":"Gambling6","article_published_time":"2025-11-17T15:57:47+00:00","article_modified_time":"2025-11-17T16:40:10+00:00","og_image":[{"url":"https:\/\/media.revenueplanet.com\/uploads\/nbb-468x60-nov-generic.gif","type":"","width":"","height":""}],"author":"Catfish","twitter_card":"summary_large_image","twitter_misc":{"Written by":"Catfish","Est. reading time":"2 minuti"},"schema":{"@context":"https:\/\/schema.org","@graph":[{"@type":"Article","@id":"https:\/\/gambling6.com\/sl\/bingo\/uspeh-pri-spletnem-bingu\/#article","isPartOf":{"@id":"https:\/\/gambling6.com\/sl\/bingo\/uspeh-pri-spletnem-bingu\/"},"author":{"name":"Catfish","@id":"https:\/\/gambling6.com\/sl\/#\/schema\/person\/d093de87a44a018ef67117d02d86ddaf"},"headline":"Uspeh pri spletnem bingu","datePublished":"2025-11-17T15:57:47+00:00","dateModified":"2025-11-17T16:40:10+00:00","mainEntityOfPage":{"@id":"https:\/\/gambling6.com\/sl\/bingo\/uspeh-pri-spletnem-bingu\/"},"wordCount":453,"image":{"@id":"https:\/\/gambling6.com\/sl\/bingo\/uspeh-pri-spletnem-bingu\/#primaryimage"},"thumbnailUrl":"https:\/\/media.revenueplanet.com\/uploads\/nbb-468x60-nov-generic.gif","articleSection":["Novice o bingu","Strategija za bingo"],"inLanguage":"sl-SI"},{"@type":"WebPage","@id":"https:\/\/gambling6.com\/sl\/bingo\/uspeh-pri-spletnem-bingu\/","url":"https:\/\/gambling6.com\/sl\/bingo\/uspeh-pri-spletnem-bingu\/","name":"Strategija igre za spletni bingo","isPartOf":{"@id":"https:\/\/gambling6.com\/sl\/#website"},"primaryImageOfPage":{"@id":"https:\/\/gambling6.com\/sl\/bingo\/uspeh-pri-spletnem-bingu\/#primaryimage"},"image":{"@id":"https:\/\/gambling6.com\/sl\/bingo\/uspeh-pri-spletnem-bingu\/#primaryimage"},"thumbnailUrl":"https:\/\/media.revenueplanet.com\/uploads\/nbb-468x60-nov-generic.gif","datePublished":"2025-11-17T15:57:47+00:00","dateModified":"2025-11-17T16:40:10+00:00","author":{"@id":"https:\/\/gambling6.com\/sl\/#\/schema\/person\/d093de87a44a018ef67117d02d86ddaf"},"description":"Pove\u010dajte svoje mo\u017enosti za zmago v spletnem bingu z upo\u0161tevanjem prave strategije igre.","breadcrumb":{"@id":"https:\/\/gambling6.com\/sl\/bingo\/uspeh-pri-spletnem-bingu\/#breadcrumb"},"inLanguage":"sl-SI","potentialAction":[{"@type":"ReadAction","target":["https:\/\/gambling6.com\/sl\/bingo\/uspeh-pri-spletnem-bingu\/"]}]},{"@type":"ImageObject","inLanguage":"sl-SI","@id":"https:\/\/gambling6.com\/sl\/bingo\/uspeh-pri-spletnem-bingu\/#primaryimage","url":"https:\/\/media.revenueplanet.com\/uploads\/nbb-468x60-nov-generic.gif","contentUrl":"https:\/\/media.revenueplanet.com\/uploads\/nbb-468x60-nov-generic.gif"},{"@type":"BreadcrumbList","@id":"https:\/\/gambling6.com\/sl\/bingo\/uspeh-pri-spletnem-bingu\/#breadcrumb","itemListElement":[{"@type":"ListItem","position":1,"name":"Home","item":"https:\/\/gambling6.com\/sl\/home\/"},{"@type":"ListItem","position":2,"name":"Uspeh pri spletnem bingu"}]},{"@type":"WebSite","@id":"https:\/\/gambling6.com\/sl\/#website","url":"https:\/\/gambling6.com\/sl\/","name":"Gambling6","description":"","potentialAction":[{"@type":"SearchAction","target":{"@type":"EntryPoint","urlTemplate":"https:\/\/gambling6.com\/sl\/?s={search_term_string}"},"query-input":{"@type":"PropertyValueSpecification","valueRequired":true,"valueName":"search_term_string"}}],"inLanguage":"sl-SI"},{"@type":"Person","@id":"https:\/\/gambling6.com\/sl\/#\/schema\/person\/d093de87a44a018ef67117d02d86ddaf","name":"Catfish","image":{"@type":"ImageObject","inLanguage":"sl-SI","@id":"https:\/\/secure.gravatar.com\/avatar\/32edfa28ccbf005c231538b245a2670a36c7f33f2d3a9ab09e50843b363f2821?s=96&d=mm&r=g","url":"https:\/\/secure.gravatar.com\/avatar\/32edfa28ccbf005c231538b245a2670a36c7f33f2d3a9ab09e50843b363f2821?s=96&d=mm&r=g","contentUrl":"https:\/\/secure.gravatar.com\/avatar\/32edfa28ccbf005c231538b245a2670a36c7f33f2d3a9ab09e50843b363f2821?s=96&d=mm&r=g","caption":"Catfish"},"sameAs":["http:\/\/gambling6.com"],"url":"https:\/\/gambling6.com\/sl\/author\/catfish\/"}]}},"_links":{"self":[{"href":"https:\/\/gambling6.com\/sl\/wp-json\/wp\/v2\/pages\/11097","targetHints":{"allow":["GET"]}}],"collection":[{"href":"https:\/\/gambling6.com\/sl\/wp-json\/wp\/v2\/pages"}],"about":[{"href":"https:\/\/gambling6.com\/sl\/wp-json\/wp\/v2\/types\/page"}],"author":[{"embeddable":true,"href":"https:\/\/gambling6.com\/sl\/wp-json\/wp\/v2\/users\/1"}],"replies":[{"embeddable":true,"href":"https:\/\/gambling6.com\/sl\/wp-json\/wp\/v2\/comments?post=11097"}],"version-history":[{"count":1,"href":"https:\/\/gambling6.com\/sl\/wp-json\/wp\/v2\/pages\/11097\/revisions"}],"predecessor-version":[{"id":11113,"href":"https:\/\/gambling6.com\/sl\/wp-json\/wp\/v2\/pages\/11097\/revisions\/11113"}],"up":[{"embeddable":true,"href":"https:\/\/gambling6.com\/sl\/wp-json\/wp\/v2\/pages\/8537"}],"wp:attachment":[{"href":"https:\/\/gambling6.com\/sl\/wp-json\/wp\/v2\/media?parent=11097"}],"curies":[{"name":"wp","href":"https:\/\/api.w.org\/{rel}","templated":true}]}}