{"id":8146,"date":"2025-10-29T12:42:43","date_gmt":"2025-10-29T12:42:43","guid":{"rendered":"https:\/\/gambling6.com\/?page_id=8146"},"modified":"2025-10-29T12:42:43","modified_gmt":"2025-10-29T12:42:43","slug":"home","status":"publish","type":"page","link":"https:\/\/gambling6.com\/sl\/","title":{"rendered":"Home"},"content":{"rendered":"<h2>Dobrodo\u0161li na Gambling6 \u2013 informacije o vsem, kar potrebujete za igre na sre\u010do za denar<br \/>\n<img loading=\"lazy\" decoding=\"async\" class=\" wp-image-2679 alignright\" src=\"https:\/\/gambling6.com\/wp-content\/uploads\/2022\/04\/1_win_lottery_online1.jpg\" alt=\"Spletno igralni\u0161tvo za denar\" width=\"253\" height=\"168\" \/><\/h2>\n<p>Za mnoge ljudi je svet spletnih iger na sre\u010do za pravi denar lahko zastra\u0161ujo\u010d in nekaj, \u010desar se neradi lotijo. Morda jim igre na sre\u010do na splo\u0161no ustrezajo, vendar se spra\u0161ujejo, ali so spletne strani za igre na sre\u010do zanesljive. Danes pa je to eden najla\u017ejih na\u010dinov, da u\u017eivate v vseh svojih priljubljenih igralni\u0161kih igrah, tudi \u010de ne \u017eivite v bli\u017eini igralnice.<\/p>\n<p>Spletne strani za igre na sre\u010do so ustvarile na\u010din, na katerega lahko ljudje igrajo poker, blackjack, ruleto, video poker, igralne avtomate, bingo, sre\u010dke, stavijo na \u0161portne dogodke, zdaj pa lahko celo sodelujete v katerem koli od velikih svetovnih loterijskih jackpotov na spletu \u2013 brez da bi morali zapustiti udobje svojega doma.<\/p>\n<p>Vsi imajo radi spletne strani z igralnicami, ki hitro izpla\u010dujejo dobitke, in \u010de u\u017eivate v igralni\u0161tvu, morate preveriti, za kaj gre, in si ogledati, kako lahko za\u010dnete z mnogimi spletnimi igralnimi stranmi, ki so na voljo. Upo\u0161tevanje nasvetov spletne strani z igralni\u0161kimi viri, kot je na\u0161a, vam bo pomagalo izbrati dobrega ponudnika in zagotovilo odli\u010dno izku\u0161njo. \u010ce \u017eelite za\u010deti takoj, so to moja osebna priporo\u010dila:<\/p>\n<h2>Najbolj\u0161a vsestranska igralni\u0161ka stran<\/h2>\n<p>Osebno rad igram vse spletne igre na sre\u010do pod eno streho, brez da bi moral vlagati na razli\u010dnih straneh. Zato je moja najljub\u0161a vsestranska stran 888 \u2013 odli\u010dno spletno kazino z najbolj kul igralnimi avtomati, kar sem jih kdaj videl, in odli\u010dno spletno poker sobo. Izbor kazino iger, vklju\u010dno z blackjackom, ruleto in drugimi, ne pu\u0161\u010da ni\u010desar za \u017eeleti. \u010ce i\u0161\u010dete resni\u010dno izku\u0161njo binga ali sre\u010dk, ne morete najti ni\u010d bolj\u0161ega od 888.<\/p>\n<p>Zato je moja najljub\u0161a vsestranska spletna stran 888 \u2013 odli\u010dno spletno kazino z najbolj kul igralnimi avtomati, kar sem jih kdaj videl, in odli\u010dno spletno poker sobo. Izbor kazino iger, vklju\u010dno z blackjackom, ruleto in drugimi, ne pu\u0161\u010da ni\u010desar za \u017eeleti. \u010ce i\u0161\u010dete pravo bingo ali sre\u010dke, ni bolj\u0161ega kot 888.<\/p>\n<p>Potem je tu \u0161e sekcija \u0161portnih stav, ki ponuja \u0161irok izbor dogodkov, na katere lahko stavite, in najbolj\u0161e kvote, ki jih boste na\u0161li na spletu. Stavite lahko celo na finan\u010dne indekse, kot so glavni borzni indeksi in menjalni te\u010daji valut! <a class=\"thirstylink\" title=\"888 casino en\" href=\"https:\/\/gambling6.com\/go\/888-casino-en\/\" target=\"_blank\" rel=\"nofollow noopener\">Uporabite to povezavo, da danes obi\u0161\u010dete 888, in prejeli boste bonus do 1500 \u20ac na va\u0161 prvi depozit.<\/a><\/p>\n<h2>Najbolj\u0161a vsestranska spletna stran za igre na sre\u010do za prebivalce ZDA<\/h2>\n<p>\u010ce ste prebivalec ZDA, so va\u0161e mo\u017enosti omejene, nekateri ponudniki, ki sprejemajo stranke iz ZDA, pa so nekoliko sumljivi, zato morate biti previdni pri izbiri.<\/p>\n<p>Ena stran pa se od drugih izstopa, in sicer <a class=\"thirstylink\" title=\"Betonline casino en\" href=\"https:\/\/gambling6.com\/go\/betonline-casino-en\/\" target=\"_blank\" rel=\"nofollow noopener\">Betonline \u2013 tu lahko igrate spletni poker, igralni\u0161ke igre, igralne avtomate, ruleto, blackjack in stavite na \u0161portne dogodke<\/a>. Sprejemajo igralce iz ZDA, obstaja pa ve\u010d na\u010dinov, kako lahko vpla\u010date sredstva na svoj ra\u010dun in izpla\u010date svoje dobitke.<\/p>\n<h2>Gambling6 \u2013 \u0161est najbolj priljubljenih oblik spletnega igralni\u0161tva<\/h2>\n<p>Na Gambling6.com boste na\u0161li informacije o naslednjem:<\/p>\n<ul>\n<li>Igralni\u0161ke igre, vklju\u010dno z blackjackom, ruleto, crapsom, video pokerjem, igralnimi avtomati itd.<\/li>\n<li>Poker v vseh razli\u010dicah<\/li>\n<li>Spletni bingo<\/li>\n<li>Spletne sre\u010dke<\/li>\n<li>\u0160portne stave in stave na druge dogodke<\/li>\n<li>Kako dobiti spletno vstopnico za katero koli loterijo zunaj va\u0161e dr\u017eave prebivali\u0161\u010da<\/li>\n<\/ul>\n<h2>Kaj pa zabava z loterijo in svetovno znanimi jackpoti?<\/h2>\n<p>Predpostavimo, da ste ljubitelj loterije in se ne \u017eelite omejiti na lokalno loterijo. V tem primeru imamo za vas dobre novice: zdaj lahko poskusite svojo sre\u010do v kateri koli loteriji po svetu \u2013 RedFoxLotto vam omogo\u010da, da spletno kupite loterijske listke za najve\u010dje svetovne loterijske jackpote, kot so Mega Millions, Powerball, El Gordo, EuroMillions in \u0161e mnoge druge. <a href=\"https:\/\/redfoxlotto.com\/sl\">Kliknite tukaj, da preverite, katera loterija ima najve\u010dji jackpot, in v nekaj sekundah kupite listke!<\/a><\/p>\n<h2>Pogosta vpra\u0161anja o spletnih igralnicah<\/h2>\n<p>\u010ce ste novi v svetu spletnih igralnic, imate verjetno vpra\u0161anja o igranju spletnih iger in o tem, kako vse deluje. Nekatera va\u0161a vpra\u0161anja so enaka tistim, ki jih imajo mnogi drugi novi igralci spletnih igralnic. Na ta vpra\u0161anja smo odgovorili v tem poglavju pogostih vpra\u0161anj, ki vam bo pomagalo pri za\u010detkih.<\/p>\n<p><strong>Ali moram imeti dolo\u010deno starost, da lahko igram v spletni igralnici?<\/strong><\/p>\n<p>Vsaka spletna igralnica dolo\u010di svoja pravila in smernice. Vendar ve\u010dina od njih zahteva, da so igralci stari 18 ali 21 let, da lahko sodelujejo v igralni\u0161kih igrah za pravi denar.<\/p>\n<p><strong>Ali moram na svoj ra\u010dunalnik prenesti kaj, da lahko igram spletne igralni\u0161ke igre?<\/strong><\/p>\n<p>Mnoge spletne igralnice vam omogo\u010dajo igranje v na\u010dinu takoj\u0161njega igranja. \u010ce se odlo\u010dite za na\u010din takoj\u0161njega igranja, vam ni treba prenesti nobene programske opreme na svoj ra\u010dunalnik.<\/p>\n<p><strong>Kako te\u017eko je registrirati se v spletnem kazinoju?<\/strong><\/p>\n<p>Postopek je dejansko zelo enostaven. Vnesete morate osnovne podatke o sebi ter prenesete in namestite programsko opremo, \u010de nameravate igrati igre, za katere je potrebno prenesti programsko opremo. Celoten postopek traja le nekaj minut.<\/p>\n<p><strong>Ali moram takoj vpla\u010dati denar?<\/strong><\/p>\n<p>Ve\u010dina kazinojev vam omogo\u010da, da njihove igre preizkusite brez vpla\u010dila. Nekatere vam ponujajo brezpla\u010dne vrtljaje ali vam omogo\u010dajo brezpla\u010dno igranje v dolo\u010denem \u010dasovnem obdobju. Pogosto lahko v tem obdobju celo obdr\u017eite svoje dobitke, \u010de kasneje naka\u017eete pravi denar!<\/p>\n<p><strong>Kaj so bonusi?<\/strong><\/p>\n<p>Ve\u010dina spletnih igralnic uporablja bonuse, da privabi igralce k igranju in ponovnemu obisku. Nekateri bonusi so vredni ve\u010d sto ali celo ve\u010d tiso\u010d dolarjev. Ve\u010dino \u010dasa boste morali bonuse izkoristiti, preden boste imeli dostop do njih. Navodila za izpla\u010dilo bonusa najdete v spletni igralnici, ki bonus ponuja.<\/p>\n<p><strong>Katere igre lahko igram v spletni igralnici?<\/strong><\/p>\n<p>Vsaka spletna igralnica ponuja svoj izbor iger. Nekatere izmed najpogostej\u0161ih iger so video igralni avtomati, igralni avtomati, ruleta, craps, blackjack, poker in celo loterije iz vsega sveta.<\/p>\n<p><strong>Koliko denarja lahko resni\u010dno osvojim z igranjem v spletni igralnici?<\/strong><\/p>\n<p>Najprej, ni vam zagotovljeno, da boste sploh kaj osvojili. Vendar pa je mogo\u010de osvojiti veliko denarja. Najdete lahko milijonske jackpote na igralnih avtomatih, poker turnirje z zagotovljenim nagradnim skladom v vi\u0161ini 1 milijona dolarjev ali ve\u010d itd. Dejansko ima ve\u010dina spletnih igralnic bolj\u0161e izpla\u010dilne odstotke kot klasi\u010dne igralnice. To je zato, ker imajo ni\u017eje stro\u0161ke in si lahko privo\u0161\u010dijo vi\u0161je izpla\u010dilne stopnje.<\/p>\n","protected":false},"excerpt":{"rendered":"<p>Dobrodo\u0161li na Gambling6 \u2013 informacije o vsem, kar potrebujete za igre na sre\u010do za denar Za mnoge ljudi je svet spletnih iger na sre\u010do za pravi denar lahko zastra\u0161ujo\u010d in nekaj, \u010desar se neradi lotijo. Morda jim igre na sre\u010do na splo\u0161no ustrezajo, vendar se spra\u0161ujejo, ali so spletne strani za igre na sre\u010do zanesljive. [&hellip;]<\/p>\n","protected":false},"author":1,"featured_media":0,"parent":0,"menu_order":1,"comment_status":"closed","ping_status":"closed","template":"","meta":{"footnotes":""},"class_list":["post-8146","page","type-page","status-publish","hentry"],"yoast_head":"<!-- This site is optimized with the Yoast SEO plugin v27.4 - https:\/\/yoast.com\/product\/yoast-seo-wordpress\/ -->\n<title>Najbolj\u0161e spletno igralni\u0161tvo za denar | Dobrodo\u0161li na Gambling6<\/title>\n<meta name=\"description\" content=\"\u010ce u\u017eivate v igralni\u0161tvu za denar, na\u0161a spletna stran z informacijami o igralni\u0161tvu vsebuje vse potrebne informacije o 6 najbolj priljubljenih spletnih igrah.\" \/>\n<meta name=\"robots\" content=\"index, follow, max-snippet:-1, max-image-preview:large, max-video-preview:-1\" \/>\n<link rel=\"canonical\" href=\"https:\/\/gambling6.com\/sl\/\" \/>\n<meta property=\"og:locale\" content=\"sl_SI\" \/>\n<meta property=\"og:type\" content=\"article\" \/>\n<meta property=\"og:title\" content=\"Najbolj\u0161e spletno igralni\u0161tvo za denar | Dobrodo\u0161li na Gambling6\" \/>\n<meta property=\"og:description\" content=\"\u010ce u\u017eivate v igralni\u0161tvu za denar, na\u0161a spletna stran z informacijami o igralni\u0161tvu vsebuje vse potrebne informacije o 6 najbolj priljubljenih spletnih igrah.\" \/>\n<meta property=\"og:url\" content=\"https:\/\/gambling6.com\/sl\/\" \/>\n<meta property=\"og:site_name\" content=\"Gambling6\" \/>\n<meta property=\"og:image\" content=\"https:\/\/gambling6.com\/wp-content\/uploads\/2022\/04\/1_win_lottery_online1.jpg\" \/>\n\t<meta property=\"og:image:width\" content=\"300\" \/>\n\t<meta property=\"og:image:height\" content=\"199\" \/>\n\t<meta property=\"og:image:type\" content=\"image\/jpeg\" \/>\n<meta name=\"twitter:card\" content=\"summary_large_image\" \/>\n<meta name=\"twitter:label1\" content=\"Est. reading time\" \/>\n\t<meta name=\"twitter:data1\" content=\"5 minut\" \/>\n<script type=\"application\/ld+json\" class=\"yoast-schema-graph\">{\"@context\":\"https:\\\/\\\/schema.org\",\"@graph\":[{\"@type\":\"WebPage\",\"@id\":\"https:\\\/\\\/gambling6.com\\\/sl\\\/\",\"url\":\"https:\\\/\\\/gambling6.com\\\/sl\\\/\",\"name\":\"Najbolj\u0161e spletno igralni\u0161tvo za denar | Dobrodo\u0161li na Gambling6\",\"isPartOf\":{\"@id\":\"https:\\\/\\\/gambling6.com\\\/sl\\\/#website\"},\"primaryImageOfPage\":{\"@id\":\"https:\\\/\\\/gambling6.com\\\/sl\\\/#primaryimage\"},\"image\":{\"@id\":\"https:\\\/\\\/gambling6.com\\\/sl\\\/#primaryimage\"},\"thumbnailUrl\":\"https:\\\/\\\/gambling6.com\\\/wp-content\\\/uploads\\\/2022\\\/04\\\/1_win_lottery_online1.jpg\",\"datePublished\":\"2025-10-29T12:42:43+00:00\",\"description\":\"\u010ce u\u017eivate v igralni\u0161tvu za denar, na\u0161a spletna stran z informacijami o igralni\u0161tvu vsebuje vse potrebne informacije o 6 najbolj priljubljenih spletnih igrah.\",\"breadcrumb\":{\"@id\":\"https:\\\/\\\/gambling6.com\\\/sl\\\/#breadcrumb\"},\"inLanguage\":\"sl-SI\",\"potentialAction\":[{\"@type\":\"ReadAction\",\"target\":[\"https:\\\/\\\/gambling6.com\\\/sl\\\/\"]}]},{\"@type\":\"ImageObject\",\"inLanguage\":\"sl-SI\",\"@id\":\"https:\\\/\\\/gambling6.com\\\/sl\\\/#primaryimage\",\"url\":\"https:\\\/\\\/gambling6.com\\\/wp-content\\\/uploads\\\/2022\\\/04\\\/1_win_lottery_online1.jpg\",\"contentUrl\":\"https:\\\/\\\/gambling6.com\\\/wp-content\\\/uploads\\\/2022\\\/04\\\/1_win_lottery_online1.jpg\"},{\"@type\":\"BreadcrumbList\",\"@id\":\"https:\\\/\\\/gambling6.com\\\/sl\\\/#breadcrumb\",\"itemListElement\":[{\"@type\":\"ListItem\",\"position\":1,\"name\":\"Home\",\"item\":\"https:\\\/\\\/gambling6.com\\\/sl\\\/home\\\/\"},{\"@type\":\"ListItem\",\"position\":2,\"name\":\"Home\"}]},{\"@type\":\"WebSite\",\"@id\":\"https:\\\/\\\/gambling6.com\\\/sl\\\/#website\",\"url\":\"https:\\\/\\\/gambling6.com\\\/sl\\\/\",\"name\":\"Gambling6\",\"description\":\"\",\"potentialAction\":[{\"@type\":\"SearchAction\",\"target\":{\"@type\":\"EntryPoint\",\"urlTemplate\":\"https:\\\/\\\/gambling6.com\\\/sl\\\/?s={search_term_string}\"},\"query-input\":{\"@type\":\"PropertyValueSpecification\",\"valueRequired\":true,\"valueName\":\"search_term_string\"}}],\"inLanguage\":\"sl-SI\"}]}<\/script>\n<!-- \/ Yoast SEO plugin. -->","yoast_head_json":{"title":"Najbolj\u0161e spletno igralni\u0161tvo za denar | Dobrodo\u0161li na Gambling6","description":"\u010ce u\u017eivate v igralni\u0161tvu za denar, na\u0161a spletna stran z informacijami o igralni\u0161tvu vsebuje vse potrebne informacije o 6 najbolj priljubljenih spletnih igrah.","robots":{"index":"index","follow":"follow","max-snippet":"max-snippet:-1","max-image-preview":"max-image-preview:large","max-video-preview":"max-video-preview:-1"},"canonical":"https:\/\/gambling6.com\/sl\/","og_locale":"sl_SI","og_type":"article","og_title":"Najbolj\u0161e spletno igralni\u0161tvo za denar | Dobrodo\u0161li na Gambling6","og_description":"\u010ce u\u017eivate v igralni\u0161tvu za denar, na\u0161a spletna stran z informacijami o igralni\u0161tvu vsebuje vse potrebne informacije o 6 najbolj priljubljenih spletnih igrah.","og_url":"https:\/\/gambling6.com\/sl\/","og_site_name":"Gambling6","og_image":[{"width":300,"height":199,"url":"https:\/\/gambling6.com\/wp-content\/uploads\/2022\/04\/1_win_lottery_online1.jpg","type":"image\/jpeg"}],"twitter_card":"summary_large_image","twitter_misc":{"Est. reading time":"5 minut"},"schema":{"@context":"https:\/\/schema.org","@graph":[{"@type":"WebPage","@id":"https:\/\/gambling6.com\/sl\/","url":"https:\/\/gambling6.com\/sl\/","name":"Najbolj\u0161e spletno igralni\u0161tvo za denar | Dobrodo\u0161li na Gambling6","isPartOf":{"@id":"https:\/\/gambling6.com\/sl\/#website"},"primaryImageOfPage":{"@id":"https:\/\/gambling6.com\/sl\/#primaryimage"},"image":{"@id":"https:\/\/gambling6.com\/sl\/#primaryimage"},"thumbnailUrl":"https:\/\/gambling6.com\/wp-content\/uploads\/2022\/04\/1_win_lottery_online1.jpg","datePublished":"2025-10-29T12:42:43+00:00","description":"\u010ce u\u017eivate v igralni\u0161tvu za denar, na\u0161a spletna stran z informacijami o igralni\u0161tvu vsebuje vse potrebne informacije o 6 najbolj priljubljenih spletnih igrah.","breadcrumb":{"@id":"https:\/\/gambling6.com\/sl\/#breadcrumb"},"inLanguage":"sl-SI","potentialAction":[{"@type":"ReadAction","target":["https:\/\/gambling6.com\/sl\/"]}]},{"@type":"ImageObject","inLanguage":"sl-SI","@id":"https:\/\/gambling6.com\/sl\/#primaryimage","url":"https:\/\/gambling6.com\/wp-content\/uploads\/2022\/04\/1_win_lottery_online1.jpg","contentUrl":"https:\/\/gambling6.com\/wp-content\/uploads\/2022\/04\/1_win_lottery_online1.jpg"},{"@type":"BreadcrumbList","@id":"https:\/\/gambling6.com\/sl\/#breadcrumb","itemListElement":[{"@type":"ListItem","position":1,"name":"Home","item":"https:\/\/gambling6.com\/sl\/home\/"},{"@type":"ListItem","position":2,"name":"Home"}]},{"@type":"WebSite","@id":"https:\/\/gambling6.com\/sl\/#website","url":"https:\/\/gambling6.com\/sl\/","name":"Gambling6","description":"","potentialAction":[{"@type":"SearchAction","target":{"@type":"EntryPoint","urlTemplate":"https:\/\/gambling6.com\/sl\/?s={search_term_string}"},"query-input":{"@type":"PropertyValueSpecification","valueRequired":true,"valueName":"search_term_string"}}],"inLanguage":"sl-SI"}]}},"_links":{"self":[{"href":"https:\/\/gambling6.com\/sl\/wp-json\/wp\/v2\/pages\/8146","targetHints":{"allow":["GET"]}}],"collection":[{"href":"https:\/\/gambling6.com\/sl\/wp-json\/wp\/v2\/pages"}],"about":[{"href":"https:\/\/gambling6.com\/sl\/wp-json\/wp\/v2\/types\/page"}],"author":[{"embeddable":true,"href":"https:\/\/gambling6.com\/sl\/wp-json\/wp\/v2\/users\/1"}],"replies":[{"embeddable":true,"href":"https:\/\/gambling6.com\/sl\/wp-json\/wp\/v2\/comments?post=8146"}],"version-history":[{"count":1,"href":"https:\/\/gambling6.com\/sl\/wp-json\/wp\/v2\/pages\/8146\/revisions"}],"predecessor-version":[{"id":8147,"href":"https:\/\/gambling6.com\/sl\/wp-json\/wp\/v2\/pages\/8146\/revisions\/8147"}],"wp:attachment":[{"href":"https:\/\/gambling6.com\/sl\/wp-json\/wp\/v2\/media?parent=8146"}],"curies":[{"name":"wp","href":"https:\/\/api.w.org\/{rel}","templated":true}]}}