{"id":8331,"date":"2025-11-07T10:34:36","date_gmt":"2025-11-07T10:34:36","guid":{"rendered":"https:\/\/gambling6.com\/kazino\/"},"modified":"2025-11-12T16:00:00","modified_gmt":"2025-11-12T16:00:00","slug":"kazino","status":"publish","type":"page","link":"https:\/\/gambling6.com\/sl\/kazino\/","title":{"rendered":"Kazino"},"content":{"rendered":"<h2>Vodnik za za\u010detnike spletnih igralnic<\/h2>\n<p>Bodimo iskreni \u2013 spletna igralnica bo ostala. Glede na njeno nara\u0161\u010dajo\u010do priljubljenost je potrjeno, da jo igralci obo\u017eujejo. Spletne igre na sre\u010do s pravim denarjem so osre\u010dile vse, ko so za\u010deli, in zahtevajo ve\u010d. Skoraj vsak dan se v teh igralnicah s pravim denarjem obrne velika koli\u010dina denarja. Naj gre za vloge ali dvige, vse se dogaja z izjemno hitro hitrostjo prek interneta.<\/p>\n<p>Vendar pa je tukaj veliko ljudi nekoliko \u017eiv\u010dnih. Igralce ne motijo \u200b\u200bkombinacije kart ali igralnih avtomatov, temve\u010d mo\u017enosti pla\u010dila in njihova varnost. Tudi njih ne moremo kriviti. Internetne transakcije lahko povzro\u010dijo veliko glavobolov, \u010de nismo dovolj previdni.<\/p>\n<p>Zato se \u0161tevilne spletne igralnice zelo trudijo prepri\u010dati stranke, da so mo\u017enosti pla\u010dila, ki so na voljo na njihovih spletnih mestih, varne in za\u0161\u010ditene. Pri spletnih transakcijah je res dobro biti previden. Zadnja stvar, ki si jo \u017eelite, so podatki o va\u0161i kreditni kartici v napa\u010dnih rokah. Na internetu je kar nekaj hekerjev in goljufov, in zadnja stvar, ki si jo \u017eelite, je, da postanete njihova naslednja \u017ertev. Najbolj\u0161e, kar lahko storite, je, da izbolj\u0161ate svoje znanje o spletnih na\u010dinih pla\u010dila in njihovi raznolikosti.<\/p>\n<p>Spletne igralnice ponujajo kar nekaj pla\u010dilnih kanalov, ki jih je varno uporabljati pri spletnih igrah na sre\u010do. Pla\u010devanje s kreditnimi ali debetnimi karticami je v spletnih igralnicah precej pogosto. Skoraj vse igralnice sprejemajo kartice Visa in MasterCard ter American Express. Za transakcije lahko uporabite katero koli od teh kartic.<\/p>\n<h2>Spletne igralnice, ki sprejemajo stranke iz ZDA<\/h2>\n<p><img loading=\"lazy\" decoding=\"async\" class=\" wp-image-2901 alignright\" src=\"https:\/\/gambling6.com\/wp-content\/uploads\/2022\/04\/download-image2-300x190.jpg\" alt=\"prenos spletne igralnice\" width=\"249\" height=\"158\" srcset=\"https:\/\/gambling6.com\/wp-content\/uploads\/2022\/04\/download-image2-300x190.jpg 300w, https:\/\/gambling6.com\/wp-content\/uploads\/2022\/04\/download-image2.jpg 435w\" sizes=\"auto, (max-width: 249px) 100vw, 249px\" \/>\u010ce ste prebivalec Zdru\u017eenih dr\u017eav Amerike, so va\u0161e mo\u017enosti glede spletnih igralnic zaradi ameri\u0161ke zakonodaje nekoliko omejene. Enako velja za mo\u017enosti pla\u010dila, ki so vam na voljo. Zato bi morali kot prebivalec ZDA iskati igralnico s priro\u010dnimi na\u010dini za vpla\u010dila in dvige, da bi za\u010deli igrati na spletu.<\/p>\n<p>\u0160e posebej, ko gre za enostavno obdelavo pla\u010dil, igralnica BetOnline izstopa iz mno\u017eice, zato jo toplo priporo\u010damo obiskovalcem iz ZDA. <a class=\"thirstylink\" title=\"Betonline casino en\" href=\"https:\/\/gambling6.com\/go\/betonline-casino-en\/\" target=\"_blank\" rel=\"nofollow noopener\"><strong>Kliknite <\/strong><strong>tukaj, da jih obi\u0161\u010dete zdaj.<\/strong><\/a><\/p>\n<p>\u010ceprav se morda zdi samoumeven predlog, se pred vnosom podatkov o kreditni kartici prepri\u010dajte, da vam je namen transakcije jasen in da zaupate spletnemu mestu. Lahko pa greste dlje od vnosa podatkov o kreditni kartici in izberete na\u010dine spletnega pla\u010dila. Obstaja kar nekaj spletnih portalov, ki so namenjeni temu namenu. Res je, da imajo igralnice morda svoja najljub\u0161a spletna mesta za transakcije, vendar so nekatera bolj priljubljena od drugih.<\/p>\n<p>Ta spletna mesta za transakcije vklju\u010dujejo Neteller, Money Transfer, eWalletXpress, PayPal, Instadebit in Moneybookers. Moneybookers je metoda, ki je precej priljubljena v evropskih dr\u017eavah, vklju\u010dno z Zdru\u017eenim kraljestvom. Ta mo\u017enost je evropske dr\u017eavljane naredila velike ljubitelje spletnih igralnic.<\/p>\n<h2>Igralnice, ki obdelujejo pla\u010dila prek PayPala<\/h2>\n<p>\u010ce poznate PayPal, potem ne boste imeli te\u017eav z njegovo uporabo za spletne igralne seje. Vse, kar morate storiti, je, da registrirate svoje ime in pove\u017eete svojo kreditno kartico z ra\u010dunom. Ta na\u010din pla\u010dila sprejema ve\u010dina igralnic in spletnih mest za igre na sre\u010do. \u010ce \u017eelite ostati anonimni pri spletnih igrah na sre\u010do, potem je eWalletXpress najbolj primeren za vas. Poleg varnosti to spletno mesto pomaga vlagateljem, da ostanejo za tan\u010dico. Gre za hiter na\u010din transakcij, ki ga sprejema ve\u010dina spletnih igralnic.<\/p>\n<p>Zahvaljujo\u010d priljubljenosti spletnih transakcij, vklju\u010dno s spletnimi igrami na sre\u010do, je PayPal pridobil veliko pozornosti. Zdi se, da le malo igralnic zaupa tej strani zaradi njenega varnega na\u010dina pla\u010dila.<\/p>\n<p>888 Casino ponuja mo\u017enost PayPal vsem svojim igralcem, ki prebivajo v Zdru\u017eenem kraljestvu in na Irskem. \u010ce pa ste prebivalec Avstralije in \u017eelite igrati na tej strani, lahko transakcije opravite z MasterCard. Poleg zgoraj omenjenih dveh dr\u017eav so druge evropske dr\u017eave, ki jih ta spletni sistem transakcij pokriva, \u0160panija, Portugalska, Italija, Avstrija, Finska, \u0160vedska in Danska.<\/p>\n<p>Trenutno ima 888 Casino odli\u010dno ponudbo za nove igralce: <strong>100 % in do 1500,00 \u20ac bonusa na va\u0161 prvi depozit za nove igralce!<\/strong> Ta promocijska ponudba velja samo za prebivalce dolo\u010denih dr\u017eav. <a class=\"thirstylink\" title=\"888 casino en\" href=\"https:\/\/gambling6.com\/go\/888-casino-en\/\" target=\"_blank\" rel=\"nofollow noopener\">za ve\u010d informacij preverite spletna mesta 888.<\/a><\/p>\n<p>Na kratko, ve\u010dina ponuja mo\u017enosti pla\u010dila za vse igralce, ne glede na to, kje \u017eivijo. Medtem koAmeri\u0161ki in avstralski dr\u017eavljani lahko uporabljajo Visa, Master Card, Neteller in Moneybookers, tisti, ki \u017eivijo v Evropi, pa sistem PayPal.<\/p>\n<p>888 Casino ponuja razli\u010dne igre, vklju\u010dno s 3D-igrami. Stave lahko oddate s PayPalom, Master Cardom ali katerim koli drugim sprejetim na\u010dinom pla\u010dila. Vsi ti na\u010dini pla\u010dila so precej varni in za\u0161\u010diteni. Vendar pa ima tudi 888casinos.com, tako kot mnoge druge spletne igralnice, minimalni znesek pologa, ki se ga morate dr\u017eati. Vendar je znesek pogosto odvisen od vrste pla\u010dila, ki ga izberete. \u010ce uporabljate kartice Master Card ali Visa, boste morali pla\u010dati 20 $, 20 \u20ac ali 20 \u00a3, odvisno od regije, v kateri se nahajate. Igralci, ki uporabljajo debetne kartice Maestro, pa bodo morali polo\u017eiti vsaj 10 $ ali 10 \u20ac. \u010ce uporabljate spletna mesta, kot so PayPal, MoneyBookers ali Neteller, bo minimalni znesek 20 $.<\/p>\n<p>Znesek se ve\u010dinoma lahko razlikuje od valute do valute, odvisno od menjalnega te\u010daja in drugih veljavnih stro\u0161kov. Zato lahko en igralec prek Netellerja naka\u017ee 10 funtov, drugi pa pla\u010da 20 dolarjev, kar je dvakrat ve\u010d od prej\u0161njega zneska. Zato je pri izvajanju transakcij bolje, \u010de poznate valuto, ki jo morate uporabiti v dolo\u010deni igralnici.<\/p>\n<p>Bistvo je, da je pri spletnem igranju iger na sre\u010do s svojim denarjem v spletni igralnici bolje uporabiti zaupanja vreden na\u010din pla\u010dila. Tako vam kasneje ne bo treba ob\u017ealovati. Navsezadnje ste tam, da se zabavate in ne postanete \u017ertev goljufije. Zato igrajte na varno in pustite, da se kolo zavrti!<\/p>\n","protected":false},"excerpt":{"rendered":"<p>Vodnik za za\u010detnike spletnih igralnic Bodimo iskreni \u2013 spletna igralnica bo ostala. Glede na njeno nara\u0161\u010dajo\u010do priljubljenost je potrjeno, da jo igralci obo\u017eujejo. Spletne igre na sre\u010do s pravim denarjem so osre\u010dile vse, ko so za\u010deli, in zahtevajo ve\u010d. Skoraj vsak dan se v teh igralnicah s pravim denarjem obrne velika koli\u010dina denarja. Naj gre [&hellip;]<\/p>\n","protected":false},"author":1,"featured_media":0,"parent":0,"menu_order":2,"comment_status":"closed","ping_status":"closed","template":"","meta":{"footnotes":""},"class_list":["post-8331","page","type-page","status-publish","hentry"],"yoast_head":"<!-- This site is optimized with the Yoast SEO plugin v27.6 - https:\/\/yoast.com\/product\/yoast-seo-wordpress\/ -->\n<title>Za\u010dnite s spletnimi igrami na sre\u010do | Vodnik po spletnih igralnicah<\/title>\n<meta name=\"description\" content=\"Bodimo iskreni \u2013 spletni casino je tu, da ostane. Za\u010dnite zdaj \u2013 na\u0161 vodnik po spletnih casinojih vam pomaga izbrati najbolj\u0161a mesta za vas.\" \/>\n<meta name=\"robots\" content=\"index, follow, max-snippet:-1, max-image-preview:large, max-video-preview:-1\" \/>\n<link rel=\"canonical\" href=\"https:\/\/gambling6.com\/sl\/kazino\/\" \/>\n<meta property=\"og:locale\" content=\"sl_SI\" \/>\n<meta property=\"og:type\" content=\"article\" \/>\n<meta property=\"og:title\" content=\"Za\u010dnite s spletnimi igrami na sre\u010do | Vodnik po spletnih igralnicah\" \/>\n<meta property=\"og:description\" content=\"Bodimo iskreni \u2013 spletni casino je tu, da ostane. Za\u010dnite zdaj \u2013 na\u0161 vodnik po spletnih casinojih vam pomaga izbrati najbolj\u0161a mesta za vas.\" \/>\n<meta property=\"og:url\" content=\"https:\/\/gambling6.com\/sl\/kazino\/\" \/>\n<meta property=\"og:site_name\" content=\"Gambling6\" \/>\n<meta property=\"article:modified_time\" content=\"2025-11-12T16:00:00+00:00\" \/>\n<meta property=\"og:image\" content=\"https:\/\/gambling6.com\/wp-content\/uploads\/2022\/04\/download-image2.jpg\" \/>\n\t<meta property=\"og:image:width\" content=\"435\" \/>\n\t<meta property=\"og:image:height\" content=\"276\" \/>\n\t<meta property=\"og:image:type\" content=\"image\/jpeg\" \/>\n<meta name=\"twitter:card\" content=\"summary_large_image\" \/>\n<meta name=\"twitter:label1\" content=\"Est. reading time\" \/>\n\t<meta name=\"twitter:data1\" content=\"5 minut\" \/>\n<script type=\"application\/ld+json\" class=\"yoast-schema-graph\">{\"@context\":\"https:\\\/\\\/schema.org\",\"@graph\":[{\"@type\":\"WebPage\",\"@id\":\"https:\\\/\\\/gambling6.com\\\/sl\\\/kazino\\\/\",\"url\":\"https:\\\/\\\/gambling6.com\\\/sl\\\/kazino\\\/\",\"name\":\"Za\u010dnite s spletnimi igrami na sre\u010do | Vodnik po spletnih igralnicah\",\"isPartOf\":{\"@id\":\"https:\\\/\\\/gambling6.com\\\/sl\\\/#website\"},\"primaryImageOfPage\":{\"@id\":\"https:\\\/\\\/gambling6.com\\\/sl\\\/kazino\\\/#primaryimage\"},\"image\":{\"@id\":\"https:\\\/\\\/gambling6.com\\\/sl\\\/kazino\\\/#primaryimage\"},\"thumbnailUrl\":\"https:\\\/\\\/gambling6.com\\\/wp-content\\\/uploads\\\/2022\\\/04\\\/download-image2-300x190.jpg\",\"datePublished\":\"2025-11-07T10:34:36+00:00\",\"dateModified\":\"2025-11-12T16:00:00+00:00\",\"description\":\"Bodimo iskreni \u2013 spletni casino je tu, da ostane. Za\u010dnite zdaj \u2013 na\u0161 vodnik po spletnih casinojih vam pomaga izbrati najbolj\u0161a mesta za vas.\",\"breadcrumb\":{\"@id\":\"https:\\\/\\\/gambling6.com\\\/sl\\\/kazino\\\/#breadcrumb\"},\"inLanguage\":\"sl-SI\",\"potentialAction\":[{\"@type\":\"ReadAction\",\"target\":[\"https:\\\/\\\/gambling6.com\\\/sl\\\/kazino\\\/\"]}]},{\"@type\":\"ImageObject\",\"inLanguage\":\"sl-SI\",\"@id\":\"https:\\\/\\\/gambling6.com\\\/sl\\\/kazino\\\/#primaryimage\",\"url\":\"https:\\\/\\\/gambling6.com\\\/wp-content\\\/uploads\\\/2022\\\/04\\\/download-image2-300x190.jpg\",\"contentUrl\":\"https:\\\/\\\/gambling6.com\\\/wp-content\\\/uploads\\\/2022\\\/04\\\/download-image2-300x190.jpg\"},{\"@type\":\"BreadcrumbList\",\"@id\":\"https:\\\/\\\/gambling6.com\\\/sl\\\/kazino\\\/#breadcrumb\",\"itemListElement\":[{\"@type\":\"ListItem\",\"position\":1,\"name\":\"Home\",\"item\":\"https:\\\/\\\/gambling6.com\\\/sl\\\/home\\\/\"},{\"@type\":\"ListItem\",\"position\":2,\"name\":\"Kazino\"}]},{\"@type\":\"WebSite\",\"@id\":\"https:\\\/\\\/gambling6.com\\\/sl\\\/#website\",\"url\":\"https:\\\/\\\/gambling6.com\\\/sl\\\/\",\"name\":\"Gambling6\",\"description\":\"\",\"potentialAction\":[{\"@type\":\"SearchAction\",\"target\":{\"@type\":\"EntryPoint\",\"urlTemplate\":\"https:\\\/\\\/gambling6.com\\\/sl\\\/?s={search_term_string}\"},\"query-input\":{\"@type\":\"PropertyValueSpecification\",\"valueRequired\":true,\"valueName\":\"search_term_string\"}}],\"inLanguage\":\"sl-SI\"}]}<\/script>\n<!-- \/ Yoast SEO plugin. -->","yoast_head_json":{"title":"Za\u010dnite s spletnimi igrami na sre\u010do | Vodnik po spletnih igralnicah","description":"Bodimo iskreni \u2013 spletni casino je tu, da ostane. Za\u010dnite zdaj \u2013 na\u0161 vodnik po spletnih casinojih vam pomaga izbrati najbolj\u0161a mesta za vas.","robots":{"index":"index","follow":"follow","max-snippet":"max-snippet:-1","max-image-preview":"max-image-preview:large","max-video-preview":"max-video-preview:-1"},"canonical":"https:\/\/gambling6.com\/sl\/kazino\/","og_locale":"sl_SI","og_type":"article","og_title":"Za\u010dnite s spletnimi igrami na sre\u010do | Vodnik po spletnih igralnicah","og_description":"Bodimo iskreni \u2013 spletni casino je tu, da ostane. Za\u010dnite zdaj \u2013 na\u0161 vodnik po spletnih casinojih vam pomaga izbrati najbolj\u0161a mesta za vas.","og_url":"https:\/\/gambling6.com\/sl\/kazino\/","og_site_name":"Gambling6","article_modified_time":"2025-11-12T16:00:00+00:00","og_image":[{"width":435,"height":276,"url":"https:\/\/gambling6.com\/wp-content\/uploads\/2022\/04\/download-image2.jpg","type":"image\/jpeg"}],"twitter_card":"summary_large_image","twitter_misc":{"Est. reading time":"5 minut"},"schema":{"@context":"https:\/\/schema.org","@graph":[{"@type":"WebPage","@id":"https:\/\/gambling6.com\/sl\/kazino\/","url":"https:\/\/gambling6.com\/sl\/kazino\/","name":"Za\u010dnite s spletnimi igrami na sre\u010do | Vodnik po spletnih igralnicah","isPartOf":{"@id":"https:\/\/gambling6.com\/sl\/#website"},"primaryImageOfPage":{"@id":"https:\/\/gambling6.com\/sl\/kazino\/#primaryimage"},"image":{"@id":"https:\/\/gambling6.com\/sl\/kazino\/#primaryimage"},"thumbnailUrl":"https:\/\/gambling6.com\/wp-content\/uploads\/2022\/04\/download-image2-300x190.jpg","datePublished":"2025-11-07T10:34:36+00:00","dateModified":"2025-11-12T16:00:00+00:00","description":"Bodimo iskreni \u2013 spletni casino je tu, da ostane. Za\u010dnite zdaj \u2013 na\u0161 vodnik po spletnih casinojih vam pomaga izbrati najbolj\u0161a mesta za vas.","breadcrumb":{"@id":"https:\/\/gambling6.com\/sl\/kazino\/#breadcrumb"},"inLanguage":"sl-SI","potentialAction":[{"@type":"ReadAction","target":["https:\/\/gambling6.com\/sl\/kazino\/"]}]},{"@type":"ImageObject","inLanguage":"sl-SI","@id":"https:\/\/gambling6.com\/sl\/kazino\/#primaryimage","url":"https:\/\/gambling6.com\/wp-content\/uploads\/2022\/04\/download-image2-300x190.jpg","contentUrl":"https:\/\/gambling6.com\/wp-content\/uploads\/2022\/04\/download-image2-300x190.jpg"},{"@type":"BreadcrumbList","@id":"https:\/\/gambling6.com\/sl\/kazino\/#breadcrumb","itemListElement":[{"@type":"ListItem","position":1,"name":"Home","item":"https:\/\/gambling6.com\/sl\/home\/"},{"@type":"ListItem","position":2,"name":"Kazino"}]},{"@type":"WebSite","@id":"https:\/\/gambling6.com\/sl\/#website","url":"https:\/\/gambling6.com\/sl\/","name":"Gambling6","description":"","potentialAction":[{"@type":"SearchAction","target":{"@type":"EntryPoint","urlTemplate":"https:\/\/gambling6.com\/sl\/?s={search_term_string}"},"query-input":{"@type":"PropertyValueSpecification","valueRequired":true,"valueName":"search_term_string"}}],"inLanguage":"sl-SI"}]}},"_links":{"self":[{"href":"https:\/\/gambling6.com\/sl\/wp-json\/wp\/v2\/pages\/8331","targetHints":{"allow":["GET"]}}],"collection":[{"href":"https:\/\/gambling6.com\/sl\/wp-json\/wp\/v2\/pages"}],"about":[{"href":"https:\/\/gambling6.com\/sl\/wp-json\/wp\/v2\/types\/page"}],"author":[{"embeddable":true,"href":"https:\/\/gambling6.com\/sl\/wp-json\/wp\/v2\/users\/1"}],"replies":[{"embeddable":true,"href":"https:\/\/gambling6.com\/sl\/wp-json\/wp\/v2\/comments?post=8331"}],"version-history":[{"count":1,"href":"https:\/\/gambling6.com\/sl\/wp-json\/wp\/v2\/pages\/8331\/revisions"}],"predecessor-version":[{"id":10666,"href":"https:\/\/gambling6.com\/sl\/wp-json\/wp\/v2\/pages\/8331\/revisions\/10666"}],"wp:attachment":[{"href":"https:\/\/gambling6.com\/sl\/wp-json\/wp\/v2\/media?parent=8331"}],"curies":[{"name":"wp","href":"https:\/\/api.w.org\/{rel}","templated":true}]}}