{"id":8361,"date":"2025-11-07T12:40:30","date_gmt":"2025-11-07T12:40:30","guid":{"rendered":"https:\/\/gambling6.com\/kazino\/ocene-igralnic\/"},"modified":"2025-11-12T06:50:16","modified_gmt":"2025-11-12T06:50:16","slug":"ocene-igralnic","status":"publish","type":"page","link":"https:\/\/gambling6.com\/sl\/kazino\/ocene-igralnic\/","title":{"rendered":"Ocene igralnic"},"content":{"rendered":"<h2>Pomagamo vam izbrati najbolj\u0161e spletno mesto za igre na sre\u010do z na\u0161imi ocenami<\/h2>\n<p>Spletna mesta igralnic so prizori\u0161\u010da, ki vam ponujajo mo\u017enost stav na igralni\u0161ke igre ali \u0161port ali stave v spletni poker sobi. Spletne igre na sre\u010do vam omogo\u010dajo udobje igranja od doma. Lahko u\u017eivate v vznemirjenju stav na svoje najljub\u0161e \u0161porte, ne da bi zapustili udobje svojega doma. Priljubljenost spletnih iger na sre\u010do je povzro\u010dila nastanek \u0161tevilnih spletnih stavnic in igralnic. Kot vsaka druga panoga ima tudi spletno igranje na sre\u010do brezvestne operaterje. Zato je izbira najbolj\u0161ega spletnega mesta igralnice klju\u010dnega pomena. <strong>Pregled na\u0161ih ocen spletnih strani igralnic vam lahko pomaga ugotoviti, ali je zanesljiva.<\/strong><\/p>\n<p><a href=\"https:\/\/ic.aff-handler.com\/C\/47965?sr=1064399&amp;anid=\" rel=\"nofollow\"><img loading=\"lazy\" decoding=\"async\" class=\"alignright\" src=\"https:\/\/ic.aff-handler.com\/I\/47965?sr=1064399&amp;anid=\" width=\"420\" height=\"84\" \/><\/a><\/p>\n<ul>\n<li><strong>Ugled<\/strong><\/li>\n<\/ul>\n<p>Ugled spletnih strani igralnic je prva in najpomembnej\u0161a stvar, na katero morate biti pozorni, preden se odlo\u010dite. Ker igralnice ne morete fizi\u010dno pregledati, se morate zanesti na njen ugled, da se odlo\u010dite, ali boste tam igrali ali ne. Najbolj\u0161e spletne strani igralnic so tiste, ki imajo dolgoletne izku\u0161nje v panogi in so si ustvarile dober sloves zagotavljanja odli\u010dne storitve za stranke.<\/p>\n<ul>\n<li><strong>Licenca<\/strong><\/li>\n<\/ul>\n<p>Zanesljive spletne strani igralnic pridobijo ustrezne licence za izvajanje svojih dejavnosti. Ugledne komisije za igre na sre\u010do ali registrirani organi za igre na sre\u010do v dolo\u010denih jurisdikcijah izdajo licence spletnim mestom za igre na sre\u010do, potem ko zagotovijo, da spletno mesto igralnice izpolnjuje dolo\u010dene standarde glede varnosti, politike po\u0161tenega igranja, izpla\u010dil in storitev za stranke. Zanesljive spletne strani za igre na sre\u010do to licenco jasno prikazujejo, vendar bi vam moral <strong>dobra ocena igralnice povedati tudi, kje ima igralnica licenco<\/strong>. Njene sisteme in procese revidirajo tudi ustrezni organi in pridobi certifikate. Te certifikate si lahko ogledate na njihovih spletnih straneh. Izbira spletnega mesta za igre na sre\u010do z licenco vam pomaga u\u017eivati \u200b\u200bv varni igralni izku\u0161nji.<\/p>\n<ul>\n<li><strong>Mo\u017enosti iger<\/strong><\/li>\n<\/ul>\n<p>Spletno mesto igralnice, ki ga \u017eelite izbrati, mora ponujati vrsto iger, vklju\u010dno s crapsom, ruleto, blackjackom, igralnimi avtomati, video pokerjem in namiznimi igrami. Programska oprema za igre na sre\u010do, ki jo uporablja spletno mesto igralnice, vam pomaga oceniti kakovost igralni\u0161ke izku\u0161nje. \u010ce izberete spletno mesto igralnice, ki ponuja \u0161iroko paleto iger, bo va\u0161a izku\u0161nja spletnega igranja na sre\u010do bolj prijetna.<\/p>\n<ul>\n<li><strong>Programska oprema za igre na sre\u010do<\/strong><\/li>\n<\/ul>\n<p>Najbolj\u0161a spletna mesta za igre na sre\u010do uporabljajo najzmogljivej\u0161o programsko opremo za igre na sre\u010do, ki vam ponuja okolje, v katerem se po\u010dutite, kot da ste v pravem igralnici. Ponuja grafiko in zvok najvi\u0161je kakovosti. Je uporabniku prijazna, zato jo lahko preprosto prenesete, namestite in uporabljate.<\/p>\n<ul>\n<li><strong>Mo\u017enosti pologa in dviga<\/strong><\/li>\n<\/ul>\n<p>Klju\u010dnega pomena je, da preberete ocene o mo\u017enostih pologa in dviga, ki jih ponuja spletna igralnica. Mo\u017enosti bi morale biti primerne za va\u0161e potrebe. Dandanes si mnogi igralci \u017eelijo ve\u010d varnosti med igranjem v spletnih igralnicah, zato \u017eelijo ve\u010d kot eno mo\u017enost pologa. Najbolj\u0161e spletno mesto za igre na sre\u010do ponuja razli\u010dne mo\u017enosti, kot so kreditne kartice, ban\u010dni prenosi, e-denarnice, kot sta Neteller in PayPal, ter kartice, kot sta Ukash in Paysafecard, in celo pla\u010dila s kriptovalutami. Na\u0161e strani z ocenami igralnic ponujajo informacije o tem, ali lahko pri\u010dakujete hitre in brezskrbne pologe in dvige. Igralnica si mora prizadevati za za\u0161\u010dito va\u0161ih finan\u010dnih in osebnih podatkov z izvajanjem transakcij prek varnih stre\u017enikov.<\/p>\n<ul>\n<li><strong>Podpora strankam<\/strong><\/li>\n<\/ul>\n<p><span style=\"background-color: transparent;\">Podpora strankam je ena najpomembnej\u0161ih stvari, ki jih morate upo\u0161tevati, preden izberete spletno mesto igralnice.<span style=\"background-color: transparent;\">Najbolj\u0161e spletno mesto ponuja prijazno podporo strankam prek telefona, e-po\u0161te in klepeta v \u017eivo 24 ur na dan, 7 dni v tednu.<\/span><\/span><\/p>\n<p>\u010ce ste v dvomih, se preprosto odlo\u010dite za vodilno igralnico na trgu, kot je 888 Casino \u2013 oni poskrbijo za vse va\u0161e igre na sre\u010do. <a class=\"thirstylink\" title=\"888 casino en\" href=\"https:\/\/gambling6.com\/go\/888-casino-en\/\" target=\"_blank\" rel=\"nofollow noopener\">Kliknite tukaj, \u010de \u017eelite obiskati 888 \u0161e danes.<\/a><\/p>\n","protected":false},"excerpt":{"rendered":"<p>Pomagamo vam izbrati najbolj\u0161e spletno mesto za igre na sre\u010do z na\u0161imi ocenami Spletna mesta igralnic so prizori\u0161\u010da, ki vam ponujajo mo\u017enost stav na igralni\u0161ke igre ali \u0161port ali stave v spletni poker sobi. Spletne igre na sre\u010do vam omogo\u010dajo udobje igranja od doma. Lahko u\u017eivate v vznemirjenju stav na svoje najljub\u0161e \u0161porte, ne da [&hellip;]<\/p>\n","protected":false},"author":1,"featured_media":0,"parent":8331,"menu_order":0,"comment_status":"closed","ping_status":"closed","template":"","meta":{"footnotes":""},"class_list":["post-8361","page","type-page","status-publish","hentry"],"yoast_head":"<!-- This site is optimized with the Yoast SEO plugin v27.3 - https:\/\/yoast.com\/product\/yoast-seo-wordpress\/ -->\n<title>Ocene in testi priporo\u010denih spletnih mest za spletne igralnice<\/title>\n<meta name=\"description\" content=\"Na\u0161e ocene spletnih strani igralnic vam dajo predstavo o tem, na kaj morate biti pozorni pri iskanju najbolj\u0161ih spletnih strani igralnic.\" \/>\n<meta name=\"robots\" content=\"index, follow, max-snippet:-1, max-image-preview:large, max-video-preview:-1\" \/>\n<link rel=\"canonical\" href=\"https:\/\/gambling6.com\/sl\/kazino\/ocene-igralnic\/\" \/>\n<meta property=\"og:locale\" content=\"sl_SI\" \/>\n<meta property=\"og:type\" content=\"article\" \/>\n<meta property=\"og:title\" content=\"Ocene in testi priporo\u010denih spletnih mest za spletne igralnice\" \/>\n<meta property=\"og:description\" content=\"Na\u0161e ocene spletnih strani igralnic vam dajo predstavo o tem, na kaj morate biti pozorni pri iskanju najbolj\u0161ih spletnih strani igralnic.\" \/>\n<meta property=\"og:url\" content=\"https:\/\/gambling6.com\/sl\/kazino\/ocene-igralnic\/\" \/>\n<meta property=\"og:site_name\" content=\"Gambling6\" \/>\n<meta property=\"article:modified_time\" content=\"2025-11-12T06:50:16+00:00\" \/>\n<meta property=\"og:image\" content=\"https:\/\/ic.aff-handler.com\/I\/47965?sr=1064399&amp;anid=\" \/>\n<meta name=\"twitter:card\" content=\"summary_large_image\" \/>\n<meta name=\"twitter:label1\" content=\"Est. reading time\" \/>\n\t<meta name=\"twitter:data1\" content=\"3 minute\" \/>\n<script type=\"application\/ld+json\" class=\"yoast-schema-graph\">{\"@context\":\"https:\\\/\\\/schema.org\",\"@graph\":[{\"@type\":\"WebPage\",\"@id\":\"https:\\\/\\\/gambling6.com\\\/sl\\\/kazino\\\/ocene-igralnic\\\/\",\"url\":\"https:\\\/\\\/gambling6.com\\\/sl\\\/kazino\\\/ocene-igralnic\\\/\",\"name\":\"Ocene in testi priporo\u010denih spletnih mest za spletne igralnice\",\"isPartOf\":{\"@id\":\"https:\\\/\\\/gambling6.com\\\/sl\\\/#website\"},\"primaryImageOfPage\":{\"@id\":\"https:\\\/\\\/gambling6.com\\\/sl\\\/kazino\\\/ocene-igralnic\\\/#primaryimage\"},\"image\":{\"@id\":\"https:\\\/\\\/gambling6.com\\\/sl\\\/kazino\\\/ocene-igralnic\\\/#primaryimage\"},\"thumbnailUrl\":\"https:\\\/\\\/ic.aff-handler.com\\\/I\\\/47965?sr=1064399&amp;anid=\",\"datePublished\":\"2025-11-07T12:40:30+00:00\",\"dateModified\":\"2025-11-12T06:50:16+00:00\",\"description\":\"Na\u0161e ocene spletnih strani igralnic vam dajo predstavo o tem, na kaj morate biti pozorni pri iskanju najbolj\u0161ih spletnih strani igralnic.\",\"breadcrumb\":{\"@id\":\"https:\\\/\\\/gambling6.com\\\/sl\\\/kazino\\\/ocene-igralnic\\\/#breadcrumb\"},\"inLanguage\":\"sl-SI\",\"potentialAction\":[{\"@type\":\"ReadAction\",\"target\":[\"https:\\\/\\\/gambling6.com\\\/sl\\\/kazino\\\/ocene-igralnic\\\/\"]}]},{\"@type\":\"ImageObject\",\"inLanguage\":\"sl-SI\",\"@id\":\"https:\\\/\\\/gambling6.com\\\/sl\\\/kazino\\\/ocene-igralnic\\\/#primaryimage\",\"url\":\"https:\\\/\\\/ic.aff-handler.com\\\/I\\\/47965?sr=1064399&amp;anid=\",\"contentUrl\":\"https:\\\/\\\/ic.aff-handler.com\\\/I\\\/47965?sr=1064399&amp;anid=\"},{\"@type\":\"BreadcrumbList\",\"@id\":\"https:\\\/\\\/gambling6.com\\\/sl\\\/kazino\\\/ocene-igralnic\\\/#breadcrumb\",\"itemListElement\":[{\"@type\":\"ListItem\",\"position\":1,\"name\":\"Home\",\"item\":\"https:\\\/\\\/gambling6.com\\\/sl\\\/home\\\/\"},{\"@type\":\"ListItem\",\"position\":2,\"name\":\"Kazino\",\"item\":\"https:\\\/\\\/gambling6.com\\\/sl\\\/get-started-with-online-gambling\\\/\"},{\"@type\":\"ListItem\",\"position\":3,\"name\":\"Ocene igralnic\"}]},{\"@type\":\"WebSite\",\"@id\":\"https:\\\/\\\/gambling6.com\\\/sl\\\/#website\",\"url\":\"https:\\\/\\\/gambling6.com\\\/sl\\\/\",\"name\":\"Gambling6\",\"description\":\"\",\"potentialAction\":[{\"@type\":\"SearchAction\",\"target\":{\"@type\":\"EntryPoint\",\"urlTemplate\":\"https:\\\/\\\/gambling6.com\\\/sl\\\/?s={search_term_string}\"},\"query-input\":{\"@type\":\"PropertyValueSpecification\",\"valueRequired\":true,\"valueName\":\"search_term_string\"}}],\"inLanguage\":\"sl-SI\"}]}<\/script>\n<!-- \/ Yoast SEO plugin. -->","yoast_head_json":{"title":"Ocene in testi priporo\u010denih spletnih mest za spletne igralnice","description":"Na\u0161e ocene spletnih strani igralnic vam dajo predstavo o tem, na kaj morate biti pozorni pri iskanju najbolj\u0161ih spletnih strani igralnic.","robots":{"index":"index","follow":"follow","max-snippet":"max-snippet:-1","max-image-preview":"max-image-preview:large","max-video-preview":"max-video-preview:-1"},"canonical":"https:\/\/gambling6.com\/sl\/kazino\/ocene-igralnic\/","og_locale":"sl_SI","og_type":"article","og_title":"Ocene in testi priporo\u010denih spletnih mest za spletne igralnice","og_description":"Na\u0161e ocene spletnih strani igralnic vam dajo predstavo o tem, na kaj morate biti pozorni pri iskanju najbolj\u0161ih spletnih strani igralnic.","og_url":"https:\/\/gambling6.com\/sl\/kazino\/ocene-igralnic\/","og_site_name":"Gambling6","article_modified_time":"2025-11-12T06:50:16+00:00","og_image":[{"url":"https:\/\/ic.aff-handler.com\/I\/47965?sr=1064399&amp;anid=","type":"","width":"","height":""}],"twitter_card":"summary_large_image","twitter_misc":{"Est. reading time":"3 minute"},"schema":{"@context":"https:\/\/schema.org","@graph":[{"@type":"WebPage","@id":"https:\/\/gambling6.com\/sl\/kazino\/ocene-igralnic\/","url":"https:\/\/gambling6.com\/sl\/kazino\/ocene-igralnic\/","name":"Ocene in testi priporo\u010denih spletnih mest za spletne igralnice","isPartOf":{"@id":"https:\/\/gambling6.com\/sl\/#website"},"primaryImageOfPage":{"@id":"https:\/\/gambling6.com\/sl\/kazino\/ocene-igralnic\/#primaryimage"},"image":{"@id":"https:\/\/gambling6.com\/sl\/kazino\/ocene-igralnic\/#primaryimage"},"thumbnailUrl":"https:\/\/ic.aff-handler.com\/I\/47965?sr=1064399&amp;anid=","datePublished":"2025-11-07T12:40:30+00:00","dateModified":"2025-11-12T06:50:16+00:00","description":"Na\u0161e ocene spletnih strani igralnic vam dajo predstavo o tem, na kaj morate biti pozorni pri iskanju najbolj\u0161ih spletnih strani igralnic.","breadcrumb":{"@id":"https:\/\/gambling6.com\/sl\/kazino\/ocene-igralnic\/#breadcrumb"},"inLanguage":"sl-SI","potentialAction":[{"@type":"ReadAction","target":["https:\/\/gambling6.com\/sl\/kazino\/ocene-igralnic\/"]}]},{"@type":"ImageObject","inLanguage":"sl-SI","@id":"https:\/\/gambling6.com\/sl\/kazino\/ocene-igralnic\/#primaryimage","url":"https:\/\/ic.aff-handler.com\/I\/47965?sr=1064399&amp;anid=","contentUrl":"https:\/\/ic.aff-handler.com\/I\/47965?sr=1064399&amp;anid="},{"@type":"BreadcrumbList","@id":"https:\/\/gambling6.com\/sl\/kazino\/ocene-igralnic\/#breadcrumb","itemListElement":[{"@type":"ListItem","position":1,"name":"Home","item":"https:\/\/gambling6.com\/sl\/home\/"},{"@type":"ListItem","position":2,"name":"Kazino","item":"https:\/\/gambling6.com\/sl\/get-started-with-online-gambling\/"},{"@type":"ListItem","position":3,"name":"Ocene igralnic"}]},{"@type":"WebSite","@id":"https:\/\/gambling6.com\/sl\/#website","url":"https:\/\/gambling6.com\/sl\/","name":"Gambling6","description":"","potentialAction":[{"@type":"SearchAction","target":{"@type":"EntryPoint","urlTemplate":"https:\/\/gambling6.com\/sl\/?s={search_term_string}"},"query-input":{"@type":"PropertyValueSpecification","valueRequired":true,"valueName":"search_term_string"}}],"inLanguage":"sl-SI"}]}},"_links":{"self":[{"href":"https:\/\/gambling6.com\/sl\/wp-json\/wp\/v2\/pages\/8361","targetHints":{"allow":["GET"]}}],"collection":[{"href":"https:\/\/gambling6.com\/sl\/wp-json\/wp\/v2\/pages"}],"about":[{"href":"https:\/\/gambling6.com\/sl\/wp-json\/wp\/v2\/types\/page"}],"author":[{"embeddable":true,"href":"https:\/\/gambling6.com\/sl\/wp-json\/wp\/v2\/users\/1"}],"replies":[{"embeddable":true,"href":"https:\/\/gambling6.com\/sl\/wp-json\/wp\/v2\/comments?post=8361"}],"version-history":[{"count":1,"href":"https:\/\/gambling6.com\/sl\/wp-json\/wp\/v2\/pages\/8361\/revisions"}],"predecessor-version":[{"id":10382,"href":"https:\/\/gambling6.com\/sl\/wp-json\/wp\/v2\/pages\/8361\/revisions\/10382"}],"up":[{"embeddable":true,"href":"https:\/\/gambling6.com\/sl\/wp-json\/wp\/v2\/pages\/8331"}],"wp:attachment":[{"href":"https:\/\/gambling6.com\/sl\/wp-json\/wp\/v2\/media?parent=8361"}],"curies":[{"name":"wp","href":"https:\/\/api.w.org\/{rel}","templated":true}]}}