{"id":8385,"date":"2025-11-07T14:03:41","date_gmt":"2025-11-07T14:03:41","guid":{"rendered":"https:\/\/gambling6.com\/kazino\/spletne-igralnice-v-primerjavi-s-igralnicami-na-kopnem\/"},"modified":"2025-11-07T14:03:41","modified_gmt":"2025-11-07T14:03:41","slug":"spletne-igralnice-v-primerjavi-s-igralnicami-na-kopnem","status":"publish","type":"page","link":"https:\/\/gambling6.com\/sl\/kazino\/spletne-igralnice-v-primerjavi-s-igralnicami-na-kopnem\/","title":{"rendered":"Spletne igralnice v primerjavi s igralnicami na kopnem"},"content":{"rendered":"<h2>Igralnice v \u017eivo ali spletne igralnice<\/h2>\n<h3>Vsaka vrsta ima nekaj, kar je igralcem v\u0161e\u010d<\/h3>\n<p><img loading=\"lazy\" decoding=\"async\" class=\" wp-image-332 alignright\" src=\"https:\/\/gambling6.com\/wp-content\/uploads\/2013\/12\/phil_ivey-247x300.jpg\" alt=\"igralnica v \u017eivo\" width=\"175\" height=\"213\" srcset=\"https:\/\/gambling6.com\/wp-content\/uploads\/2013\/12\/phil_ivey-247x300.jpg 247w, https:\/\/gambling6.com\/wp-content\/uploads\/2013\/12\/phil_ivey.jpg 250w\" sizes=\"auto, (max-width: 175px) 100vw, 175px\" \/>Igralci v igralnicah bi morali igrati svoje najljub\u0161e igre na na\u010din, ki jim ustreza in ustreza njihovi osebnosti. Nekateri igralci bodo vedno raje igrali v igralnicah na kopnem, ker jim je v\u0161e\u010d vzdu\u0161je. Radi se igrajo z drugimi igralci, mno\u017eico in hrupom.<\/p>\n<p>Vendar pa imajo drugi igralci v igralnicah radi idejo igranja v mirnem, spro\u0161\u010dujo\u010dem okolju, kjer imajo popoln nadzor. Ti igralci se obi\u010dajno nagibajo k spletnim igralnicam. Ne glede na to, kako \u017eeli igralec u\u017eivati \u200b\u200bv svojih igrah, obstaja nekaj, kar obstaja, pa naj gre za igralnice na kopnem ali spletne igralnice.<\/p>\n<h3>Tukaj so pomembne razlike med spletnimi in fizi\u010dnimi igralnicami:<\/h3>\n<ul>\n<li>O\u010ditno se spletne in fizi\u010dne igralnice nahajajo v povsem razli\u010dnih okoljih. V fizi\u010dni igralnici se igralci lahko po\u010dutijo in so fizi\u010dno del nje. Spletne igralnice se igrajo na internetu, kar pomeni, da lahko igralci igrajo igre, ki jih \u017eelijo, kjer koli \u017eelijo. Ta lokacija je lahko njihov dom, pisarna ali kjer koli, dokler se lahko pove\u017eejo s spletom.<\/li>\n<li>Fizionske igralnice imajo igralne klube, ki igralcem omogo\u010dajo zaslu\u017eek nagrad. Nagrade se razlikujejo glede na igralnico. Tudi spletna mesta za igre na sre\u010do imajo svoje razli\u010dice teh klubov, ki se imenujejo VIP programi. Vendar pa mnogi igralci v igralnicah ugotavljajo, da so spletne igralnice obi\u010dajno bolj radodarne, ker se ne soo\u010dajo z enakimi stro\u0161ki kot igralnice na kopnem.<\/li>\n<li>\u010ceprav igralnice na kopnem igralcem ponujajo mo\u017enost igranja skoraj vseh igralni\u0161kih iger, ki jih \u017eelijo, se bodo igralci \u0161e vedno zna\u0161li v situacijah, ko ne bodo \u017eeleli prehoditi celotne igralnice, da bi \u0161li od igre do igre. Prav tako se bodo zna\u0161li v situacijah, ko bodo \u017eeleli igrati dolo\u010deno igro, vendar ne bo na voljo prostega sede\u017ea. Vendar pa spletne igralnice igralcem omogo\u010dajo, da igrajo igre, ki jih \u017eelijo, kadar koli, brez hoje ali \u010dakanja na sede\u017e.<\/li>\n<li>Igralnice na kopnem so lahko za nove igralce zastra\u0161ujo\u010de in pogosto nimajo brezpla\u010dnih virov, ki bi jim pomagali pri u\u010denju iger in razli\u010dnih strategij. Spletne igralnice igralcem omogo\u010dajo igranje v okolju, kjer se morda po\u010dutijo manj zastra\u0161ujo\u010de, in ponujajo bogato brezpla\u010dno vsebino, ki jih vodi skozi razli\u010dne vidike igranja spletnih igralni\u0161kih iger.<\/li>\n<\/ul>\n<p>Vsakdo, ki meni, da so spletne igralnice morda zanj, bo \u017eelel za\u010deti z u\u010denjem vsega, kar lahko, o igralnicah, ki jih poganja Microgaming. Najbolj\u0161a med njimi je nedvomno 888 Casino, ki jo lahko obi\u0161\u010dete s klikom na spodnji pasico.<br \/>\n<a href=\"https:\/\/ic.aff-handler.com\/C\/45871?sr=1064399&amp;anid=\" rel=\"nofollow\"><img loading=\"lazy\" decoding=\"async\" class=\"aligncenter\" src=\"https:\/\/ic.aff-handler.com\/I\/45871?sr=1064399&amp;anid=\" width=\"725\" height=\"93\" \/><\/a><br \/>\n\u010ce ste prebivalec ZDA, bi bila va\u0161a najbolj\u0161a mo\u017enost BetOnline za splo\u0161ne igralni\u0161ke igre ali za spletni poker.<br \/>\n<img loading=\"lazy\" decoding=\"async\" width=\"300\" height=\"38\" class=\" wp-image-7875 aligncenter\" src=\"https:\/\/gambling6.com\/wp-content\/uploads\/2025\/10\/BOL_AQC_banner_468x60_FS1_casino-300x38.gif\" alt=\"Igralnica BetOnline\" \u0161irina=\"694\" vi\u0161ina=\"88\" \/><\/p>\n","protected":false},"excerpt":{"rendered":"<p>Igralnice v \u017eivo ali spletne igralnice Vsaka vrsta ima nekaj, kar je igralcem v\u0161e\u010d Igralci v igralnicah bi morali igrati svoje najljub\u0161e igre na na\u010din, ki jim ustreza in ustreza njihovi osebnosti. Nekateri igralci bodo vedno raje igrali v igralnicah na kopnem, ker jim je v\u0161e\u010d vzdu\u0161je. Radi se igrajo z drugimi igralci, mno\u017eico in [&hellip;]<\/p>\n","protected":false},"author":1,"featured_media":0,"parent":8331,"menu_order":28,"comment_status":"closed","ping_status":"closed","template":"","meta":{"footnotes":""},"class_list":["post-8385","page","type-page","status-publish","hentry"],"yoast_head":"<!-- This site is optimized with the Yoast SEO plugin v27.4 - https:\/\/yoast.com\/product\/yoast-seo-wordpress\/ -->\n<title>Primerjava igralnic na kopnem in spletnih igralnic<\/title>\n<meta name=\"description\" content=\"Spletne in fizi\u010dne igralnice igralcem ponujajo odli\u010den \u010das in \u0161tevilne prilo\u017enosti.\" \/>\n<meta name=\"robots\" content=\"index, follow, max-snippet:-1, max-image-preview:large, max-video-preview:-1\" \/>\n<link rel=\"canonical\" href=\"https:\/\/gambling6.com\/sl\/kazino\/spletne-igralnice-v-primerjavi-s-igralnicami-na-kopnem\/\" \/>\n<meta property=\"og:locale\" content=\"sl_SI\" \/>\n<meta property=\"og:type\" content=\"article\" \/>\n<meta property=\"og:title\" content=\"Primerjava igralnic na kopnem in spletnih igralnic\" \/>\n<meta property=\"og:description\" content=\"Spletne in fizi\u010dne igralnice igralcem ponujajo odli\u010den \u010das in \u0161tevilne prilo\u017enosti.\" \/>\n<meta property=\"og:url\" content=\"https:\/\/gambling6.com\/sl\/kazino\/spletne-igralnice-v-primerjavi-s-igralnicami-na-kopnem\/\" \/>\n<meta property=\"og:site_name\" content=\"Gambling6\" \/>\n<meta property=\"og:image\" content=\"https:\/\/gambling6.com\/wp-content\/uploads\/2013\/12\/phil_ivey.jpg\" \/>\n\t<meta property=\"og:image:width\" content=\"250\" \/>\n\t<meta property=\"og:image:height\" content=\"304\" \/>\n\t<meta property=\"og:image:type\" content=\"image\/jpeg\" \/>\n<meta name=\"twitter:card\" content=\"summary_large_image\" \/>\n<meta name=\"twitter:label1\" content=\"Est. reading time\" \/>\n\t<meta name=\"twitter:data1\" content=\"2 minuti\" \/>\n<script type=\"application\/ld+json\" class=\"yoast-schema-graph\">{\"@context\":\"https:\\\/\\\/schema.org\",\"@graph\":[{\"@type\":\"WebPage\",\"@id\":\"https:\\\/\\\/gambling6.com\\\/sl\\\/kazino\\\/spletne-igralnice-v-primerjavi-s-igralnicami-na-kopnem\\\/\",\"url\":\"https:\\\/\\\/gambling6.com\\\/sl\\\/kazino\\\/spletne-igralnice-v-primerjavi-s-igralnicami-na-kopnem\\\/\",\"name\":\"Primerjava igralnic na kopnem in spletnih igralnic\",\"isPartOf\":{\"@id\":\"https:\\\/\\\/gambling6.com\\\/sl\\\/#website\"},\"primaryImageOfPage\":{\"@id\":\"https:\\\/\\\/gambling6.com\\\/sl\\\/kazino\\\/spletne-igralnice-v-primerjavi-s-igralnicami-na-kopnem\\\/#primaryimage\"},\"image\":{\"@id\":\"https:\\\/\\\/gambling6.com\\\/sl\\\/kazino\\\/spletne-igralnice-v-primerjavi-s-igralnicami-na-kopnem\\\/#primaryimage\"},\"thumbnailUrl\":\"https:\\\/\\\/gambling6.com\\\/wp-content\\\/uploads\\\/2013\\\/12\\\/phil_ivey-247x300.jpg\",\"datePublished\":\"2025-11-07T14:03:41+00:00\",\"description\":\"Spletne in fizi\u010dne igralnice igralcem ponujajo odli\u010den \u010das in \u0161tevilne prilo\u017enosti.\",\"breadcrumb\":{\"@id\":\"https:\\\/\\\/gambling6.com\\\/sl\\\/kazino\\\/spletne-igralnice-v-primerjavi-s-igralnicami-na-kopnem\\\/#breadcrumb\"},\"inLanguage\":\"sl-SI\",\"potentialAction\":[{\"@type\":\"ReadAction\",\"target\":[\"https:\\\/\\\/gambling6.com\\\/sl\\\/kazino\\\/spletne-igralnice-v-primerjavi-s-igralnicami-na-kopnem\\\/\"]}]},{\"@type\":\"ImageObject\",\"inLanguage\":\"sl-SI\",\"@id\":\"https:\\\/\\\/gambling6.com\\\/sl\\\/kazino\\\/spletne-igralnice-v-primerjavi-s-igralnicami-na-kopnem\\\/#primaryimage\",\"url\":\"https:\\\/\\\/gambling6.com\\\/wp-content\\\/uploads\\\/2013\\\/12\\\/phil_ivey-247x300.jpg\",\"contentUrl\":\"https:\\\/\\\/gambling6.com\\\/wp-content\\\/uploads\\\/2013\\\/12\\\/phil_ivey-247x300.jpg\"},{\"@type\":\"BreadcrumbList\",\"@id\":\"https:\\\/\\\/gambling6.com\\\/sl\\\/kazino\\\/spletne-igralnice-v-primerjavi-s-igralnicami-na-kopnem\\\/#breadcrumb\",\"itemListElement\":[{\"@type\":\"ListItem\",\"position\":1,\"name\":\"Home\",\"item\":\"https:\\\/\\\/gambling6.com\\\/sl\\\/home\\\/\"},{\"@type\":\"ListItem\",\"position\":2,\"name\":\"Kazino\",\"item\":\"https:\\\/\\\/gambling6.com\\\/sl\\\/get-started-with-online-gambling\\\/\"},{\"@type\":\"ListItem\",\"position\":3,\"name\":\"Spletne igralnice v primerjavi s igralnicami na kopnem\"}]},{\"@type\":\"WebSite\",\"@id\":\"https:\\\/\\\/gambling6.com\\\/sl\\\/#website\",\"url\":\"https:\\\/\\\/gambling6.com\\\/sl\\\/\",\"name\":\"Gambling6\",\"description\":\"\",\"potentialAction\":[{\"@type\":\"SearchAction\",\"target\":{\"@type\":\"EntryPoint\",\"urlTemplate\":\"https:\\\/\\\/gambling6.com\\\/sl\\\/?s={search_term_string}\"},\"query-input\":{\"@type\":\"PropertyValueSpecification\",\"valueRequired\":true,\"valueName\":\"search_term_string\"}}],\"inLanguage\":\"sl-SI\"}]}<\/script>\n<!-- \/ Yoast SEO plugin. -->","yoast_head_json":{"title":"Primerjava igralnic na kopnem in spletnih igralnic","description":"Spletne in fizi\u010dne igralnice igralcem ponujajo odli\u010den \u010das in \u0161tevilne prilo\u017enosti.","robots":{"index":"index","follow":"follow","max-snippet":"max-snippet:-1","max-image-preview":"max-image-preview:large","max-video-preview":"max-video-preview:-1"},"canonical":"https:\/\/gambling6.com\/sl\/kazino\/spletne-igralnice-v-primerjavi-s-igralnicami-na-kopnem\/","og_locale":"sl_SI","og_type":"article","og_title":"Primerjava igralnic na kopnem in spletnih igralnic","og_description":"Spletne in fizi\u010dne igralnice igralcem ponujajo odli\u010den \u010das in \u0161tevilne prilo\u017enosti.","og_url":"https:\/\/gambling6.com\/sl\/kazino\/spletne-igralnice-v-primerjavi-s-igralnicami-na-kopnem\/","og_site_name":"Gambling6","og_image":[{"width":250,"height":304,"url":"https:\/\/gambling6.com\/wp-content\/uploads\/2013\/12\/phil_ivey.jpg","type":"image\/jpeg"}],"twitter_card":"summary_large_image","twitter_misc":{"Est. reading time":"2 minuti"},"schema":{"@context":"https:\/\/schema.org","@graph":[{"@type":"WebPage","@id":"https:\/\/gambling6.com\/sl\/kazino\/spletne-igralnice-v-primerjavi-s-igralnicami-na-kopnem\/","url":"https:\/\/gambling6.com\/sl\/kazino\/spletne-igralnice-v-primerjavi-s-igralnicami-na-kopnem\/","name":"Primerjava igralnic na kopnem in spletnih igralnic","isPartOf":{"@id":"https:\/\/gambling6.com\/sl\/#website"},"primaryImageOfPage":{"@id":"https:\/\/gambling6.com\/sl\/kazino\/spletne-igralnice-v-primerjavi-s-igralnicami-na-kopnem\/#primaryimage"},"image":{"@id":"https:\/\/gambling6.com\/sl\/kazino\/spletne-igralnice-v-primerjavi-s-igralnicami-na-kopnem\/#primaryimage"},"thumbnailUrl":"https:\/\/gambling6.com\/wp-content\/uploads\/2013\/12\/phil_ivey-247x300.jpg","datePublished":"2025-11-07T14:03:41+00:00","description":"Spletne in fizi\u010dne igralnice igralcem ponujajo odli\u010den \u010das in \u0161tevilne prilo\u017enosti.","breadcrumb":{"@id":"https:\/\/gambling6.com\/sl\/kazino\/spletne-igralnice-v-primerjavi-s-igralnicami-na-kopnem\/#breadcrumb"},"inLanguage":"sl-SI","potentialAction":[{"@type":"ReadAction","target":["https:\/\/gambling6.com\/sl\/kazino\/spletne-igralnice-v-primerjavi-s-igralnicami-na-kopnem\/"]}]},{"@type":"ImageObject","inLanguage":"sl-SI","@id":"https:\/\/gambling6.com\/sl\/kazino\/spletne-igralnice-v-primerjavi-s-igralnicami-na-kopnem\/#primaryimage","url":"https:\/\/gambling6.com\/wp-content\/uploads\/2013\/12\/phil_ivey-247x300.jpg","contentUrl":"https:\/\/gambling6.com\/wp-content\/uploads\/2013\/12\/phil_ivey-247x300.jpg"},{"@type":"BreadcrumbList","@id":"https:\/\/gambling6.com\/sl\/kazino\/spletne-igralnice-v-primerjavi-s-igralnicami-na-kopnem\/#breadcrumb","itemListElement":[{"@type":"ListItem","position":1,"name":"Home","item":"https:\/\/gambling6.com\/sl\/home\/"},{"@type":"ListItem","position":2,"name":"Kazino","item":"https:\/\/gambling6.com\/sl\/get-started-with-online-gambling\/"},{"@type":"ListItem","position":3,"name":"Spletne igralnice v primerjavi s igralnicami na kopnem"}]},{"@type":"WebSite","@id":"https:\/\/gambling6.com\/sl\/#website","url":"https:\/\/gambling6.com\/sl\/","name":"Gambling6","description":"","potentialAction":[{"@type":"SearchAction","target":{"@type":"EntryPoint","urlTemplate":"https:\/\/gambling6.com\/sl\/?s={search_term_string}"},"query-input":{"@type":"PropertyValueSpecification","valueRequired":true,"valueName":"search_term_string"}}],"inLanguage":"sl-SI"}]}},"_links":{"self":[{"href":"https:\/\/gambling6.com\/sl\/wp-json\/wp\/v2\/pages\/8385","targetHints":{"allow":["GET"]}}],"collection":[{"href":"https:\/\/gambling6.com\/sl\/wp-json\/wp\/v2\/pages"}],"about":[{"href":"https:\/\/gambling6.com\/sl\/wp-json\/wp\/v2\/types\/page"}],"author":[{"embeddable":true,"href":"https:\/\/gambling6.com\/sl\/wp-json\/wp\/v2\/users\/1"}],"replies":[{"embeddable":true,"href":"https:\/\/gambling6.com\/sl\/wp-json\/wp\/v2\/comments?post=8385"}],"version-history":[{"count":0,"href":"https:\/\/gambling6.com\/sl\/wp-json\/wp\/v2\/pages\/8385\/revisions"}],"up":[{"embeddable":true,"href":"https:\/\/gambling6.com\/sl\/wp-json\/wp\/v2\/pages\/8331"}],"wp:attachment":[{"href":"https:\/\/gambling6.com\/sl\/wp-json\/wp\/v2\/media?parent=8385"}],"curies":[{"name":"wp","href":"https:\/\/api.w.org\/{rel}","templated":true}]}}