{"id":8409,"date":"2025-11-07T16:46:35","date_gmt":"2025-11-07T16:46:35","guid":{"rendered":"https:\/\/gambling6.com\/kazino\/pet-glavnih-razlogov-za-pridruzitev-spletni-igralnici\/"},"modified":"2025-11-12T08:46:04","modified_gmt":"2025-11-12T08:46:04","slug":"pet-glavnih-razlogov-za-pridruzitev-spletni-igralnici","status":"publish","type":"page","link":"https:\/\/gambling6.com\/sl\/kazino\/pet-glavnih-razlogov-za-pridruzitev-spletni-igralnici\/","title":{"rendered":"Pet glavnih razlogov za pridru\u017eitev spletni igralnici"},"content":{"rendered":"<h2>Zakaj bi se morali pridru\u017eiti spletni igralnici<\/h2>\n<h2>Spletne igralnice so odli\u010dne zaradi \u0161tevilnih stvari<\/h2>\n<p><img loading=\"lazy\" decoding=\"async\" class=\"size-medium wp-image-318 alignright\" src=\"https:\/\/gambling6.com\/wp-content\/uploads\/2013\/12\/classic-casino-games-300x179.jpg\" alt=\"spletna igralnica\" width=\"300\" height=\"179\" srcset=\"https:\/\/gambling6.com\/wp-content\/uploads\/2013\/12\/classic-casino-games-300x179.jpg 300w, https:\/\/gambling6.com\/wp-content\/uploads\/2013\/12\/classic-casino-games.jpg 612w\" sizes=\"auto, (max-width: 300px) 100vw, 300px\" \/>Vsak igralec spletne igralnice ima svoje osebne razloge za igranje igralni\u0161kih iger na internetu. Vendar pa so nekateri razlogi bolj priljubljeni. Ko se igralci odlo\u010dijo, da bodo svoje igranje prenesli na splet, bodo videli, da se jim bo pred o\u010dmi odprl povsem nov svet. Spletne igralnice so na voljo v \u0161tevilnih razli\u010dnih stilih, zato lahko igralci i\u0161\u010dejo, dokler ne najdejo tiste, ki jim ustreza.<\/p>\n<p>Z na\u0161o najljub\u0161o spletno igralnico, 888, ne morete zgre\u0161iti. <a class=\"thirstylink\" title=\"888 casino en\" href=\"https:\/\/gambling6.com\/go\/888-casino-en\/\" target=\"_blank\" rel=\"nofollow noopener\">Ta povezava vas bo preusmerila na njihovo spletno stran in vam zagotovila lep bonus do 1500 \u20ac.<\/a><\/p>\n<h2>Tukaj je pet glavnih razlogov, zakaj se ve\u010dina igralcev pridru\u017ei spletni igralnici:<\/h2>\n<ol>\n<li>Eden od odli\u010dnih razlogov za pridru\u017eitev spletni igralnici so bonusi. Obstaja veliko vrst bonusov spletnih igralnic in vsaka igralnica svojim igralcem omogo\u010da, da u\u017eivajo v tistih, ki se ji zdijo primerni. Vendar pa so nekateri bonusi lahko vredni veliko in igralcem celo ponujajo mo\u017enost, da brezpla\u010dno dobijo ve\u010d sto ali celo tiso\u010d dolarjev. Nekateri bonusi, ki jih pogosto najdemo v spletnih igralnicah, so bonusi dobrodo\u0161lice, bonusi za ponovno nalaganje, bonusi za igre in bonusi za napotitev. Igralci \u017eelijo prebrati zahteve za bonus, da vedo, kako ostati upravi\u010deni do njega in kaj to\u010dno morajo storiti, da ga unov\u010dijo.<\/li>\n<li>Drug glavni razlog, zakaj se mnogi igralci pridru\u017eijo spletnim igralnicam, je \u0161tevilo iger, ki jih lahko igrajo na enem mestu. Ko igralci obi\u0161\u010dejo eno od priljubljenih spletnih igralnic, lahko prehajajo iz igre v igro, ne da bi kdaj zapustili svoje sede\u017ee. Ne bo jim treba skrbeti za \u010dakanje na prosti sede\u017e ali katere koli druge te\u017eave, ki so povezane z igranjem v igralnicah na kopnem. Igre so zlahka dostopne in se vedno dogajajo, dokler igralec izbere eno od bolj priljubljenih igralnic.<\/li>\n<li>\u0160e en razlog, zakaj se mnogi igralci obrnejo na spletne igralnice, je finan\u010dni. Igralcem, ki pre\u017eivijo \u010das v spletnih igralnicah, ni treba pla\u010devati za stvari, kot so gorivo, vstopnice, nastanitev v hotelu, prehranjevanje zunaj ali kateri koli drugi stro\u0161ki, s katerimi se soo\u010dajo, ko na\u010drtujejo potovanje v igralnice na kopnem. To pomeni, da bodo imeli igralci ve\u010d denarja za igre, kar je vedno dobro.<\/li>\n<li>Nekateri igralci \u017eivijo kaoti\u010dno in zasedeno \u017eivljenje. To pomeni, da jim bo morda zelo te\u017eko priti do igralnic na kopnem. Vendar pa so jim spletne igralnice vedno na voljo. Tudi \u010de se lahko prijavijo le za nekaj minut \u010dez dan, bodo vsaj lahko malo igrali, \u010de se pridru\u017eijo spletni igralnici.<\/li>\n<li>Druga nedvomna prednost igranja v spletnih igralnicah je, da imajo igralci popoln nadzor nad svojo igralno izku\u0161njo. Izberejo igralnico, bonuse, promocije in igre ter lahko prilagodijo \u0161tevilne vidike razli\u010dnih spletnih igralni\u0161kih iger.<\/li>\n<\/ol>\n<p>Vsakdo, ki i\u0161\u010de dobro spletno igralnico, ki zagotavlja varnost in preprostost, bo \u017eelel prebrati ocene in najti tak\u0161no, ki deluje na zanesljivi programski opremi, ponuja odli\u010dno podporo in ponuja veliko iger.<\/p>\n","protected":false},"excerpt":{"rendered":"<p>Zakaj bi se morali pridru\u017eiti spletni igralnici Spletne igralnice so odli\u010dne zaradi \u0161tevilnih stvari Vsak igralec spletne igralnice ima svoje osebne razloge za igranje igralni\u0161kih iger na internetu. Vendar pa so nekateri razlogi bolj priljubljeni. Ko se igralci odlo\u010dijo, da bodo svoje igranje prenesli na splet, bodo videli, da se jim bo pred o\u010dmi odprl [&hellip;]<\/p>\n","protected":false},"author":1,"featured_media":0,"parent":8331,"menu_order":30,"comment_status":"closed","ping_status":"closed","template":"","meta":{"footnotes":""},"class_list":["post-8409","page","type-page","status-publish","hentry"],"yoast_head":"<!-- This site is optimized with the Yoast SEO plugin v27.4 - https:\/\/yoast.com\/product\/yoast-seo-wordpress\/ -->\n<title>Razlogi za pridru\u017eitev spletni igralnici<\/title>\n<meta name=\"description\" content=\"Spletne igralnice ponujajo veliko igralcem, ki i\u0161\u010dejo odli\u010dno zabavo in veliko mo\u017enosti za zmago.\" \/>\n<meta name=\"robots\" content=\"index, follow, max-snippet:-1, max-image-preview:large, max-video-preview:-1\" \/>\n<link rel=\"canonical\" href=\"https:\/\/gambling6.com\/sl\/kazino\/pet-glavnih-razlogov-za-pridruzitev-spletni-igralnici\/\" \/>\n<meta property=\"og:locale\" content=\"sl_SI\" \/>\n<meta property=\"og:type\" content=\"article\" \/>\n<meta property=\"og:title\" content=\"Razlogi za pridru\u017eitev spletni igralnici\" \/>\n<meta property=\"og:description\" content=\"Spletne igralnice ponujajo veliko igralcem, ki i\u0161\u010dejo odli\u010dno zabavo in veliko mo\u017enosti za zmago.\" \/>\n<meta property=\"og:url\" content=\"https:\/\/gambling6.com\/sl\/kazino\/pet-glavnih-razlogov-za-pridruzitev-spletni-igralnici\/\" \/>\n<meta property=\"og:site_name\" content=\"Gambling6\" \/>\n<meta property=\"article:modified_time\" content=\"2025-11-12T08:46:04+00:00\" \/>\n<meta property=\"og:image\" content=\"https:\/\/gambling6.com\/wp-content\/uploads\/2013\/12\/classic-casino-games.jpg\" \/>\n\t<meta property=\"og:image:width\" content=\"612\" \/>\n\t<meta property=\"og:image:height\" content=\"366\" \/>\n\t<meta property=\"og:image:type\" content=\"image\/jpeg\" \/>\n<meta name=\"twitter:card\" content=\"summary_large_image\" \/>\n<meta name=\"twitter:label1\" content=\"Est. reading time\" \/>\n\t<meta name=\"twitter:data1\" content=\"3 minute\" \/>\n<script type=\"application\/ld+json\" class=\"yoast-schema-graph\">{\"@context\":\"https:\\\/\\\/schema.org\",\"@graph\":[{\"@type\":\"WebPage\",\"@id\":\"https:\\\/\\\/gambling6.com\\\/sl\\\/kazino\\\/pet-glavnih-razlogov-za-pridruzitev-spletni-igralnici\\\/\",\"url\":\"https:\\\/\\\/gambling6.com\\\/sl\\\/kazino\\\/pet-glavnih-razlogov-za-pridruzitev-spletni-igralnici\\\/\",\"name\":\"Razlogi za pridru\u017eitev spletni igralnici\",\"isPartOf\":{\"@id\":\"https:\\\/\\\/gambling6.com\\\/sl\\\/#website\"},\"primaryImageOfPage\":{\"@id\":\"https:\\\/\\\/gambling6.com\\\/sl\\\/kazino\\\/pet-glavnih-razlogov-za-pridruzitev-spletni-igralnici\\\/#primaryimage\"},\"image\":{\"@id\":\"https:\\\/\\\/gambling6.com\\\/sl\\\/kazino\\\/pet-glavnih-razlogov-za-pridruzitev-spletni-igralnici\\\/#primaryimage\"},\"thumbnailUrl\":\"https:\\\/\\\/gambling6.com\\\/wp-content\\\/uploads\\\/2013\\\/12\\\/classic-casino-games-300x179.jpg\",\"datePublished\":\"2025-11-07T16:46:35+00:00\",\"dateModified\":\"2025-11-12T08:46:04+00:00\",\"description\":\"Spletne igralnice ponujajo veliko igralcem, ki i\u0161\u010dejo odli\u010dno zabavo in veliko mo\u017enosti za zmago.\",\"breadcrumb\":{\"@id\":\"https:\\\/\\\/gambling6.com\\\/sl\\\/kazino\\\/pet-glavnih-razlogov-za-pridruzitev-spletni-igralnici\\\/#breadcrumb\"},\"inLanguage\":\"sl-SI\",\"potentialAction\":[{\"@type\":\"ReadAction\",\"target\":[\"https:\\\/\\\/gambling6.com\\\/sl\\\/kazino\\\/pet-glavnih-razlogov-za-pridruzitev-spletni-igralnici\\\/\"]}]},{\"@type\":\"ImageObject\",\"inLanguage\":\"sl-SI\",\"@id\":\"https:\\\/\\\/gambling6.com\\\/sl\\\/kazino\\\/pet-glavnih-razlogov-za-pridruzitev-spletni-igralnici\\\/#primaryimage\",\"url\":\"https:\\\/\\\/gambling6.com\\\/wp-content\\\/uploads\\\/2013\\\/12\\\/classic-casino-games-300x179.jpg\",\"contentUrl\":\"https:\\\/\\\/gambling6.com\\\/wp-content\\\/uploads\\\/2013\\\/12\\\/classic-casino-games-300x179.jpg\"},{\"@type\":\"BreadcrumbList\",\"@id\":\"https:\\\/\\\/gambling6.com\\\/sl\\\/kazino\\\/pet-glavnih-razlogov-za-pridruzitev-spletni-igralnici\\\/#breadcrumb\",\"itemListElement\":[{\"@type\":\"ListItem\",\"position\":1,\"name\":\"Home\",\"item\":\"https:\\\/\\\/gambling6.com\\\/sl\\\/home\\\/\"},{\"@type\":\"ListItem\",\"position\":2,\"name\":\"Kazino\",\"item\":\"https:\\\/\\\/gambling6.com\\\/sl\\\/get-started-with-online-gambling\\\/\"},{\"@type\":\"ListItem\",\"position\":3,\"name\":\"Pet glavnih razlogov za pridru\u017eitev spletni igralnici\"}]},{\"@type\":\"WebSite\",\"@id\":\"https:\\\/\\\/gambling6.com\\\/sl\\\/#website\",\"url\":\"https:\\\/\\\/gambling6.com\\\/sl\\\/\",\"name\":\"Gambling6\",\"description\":\"\",\"potentialAction\":[{\"@type\":\"SearchAction\",\"target\":{\"@type\":\"EntryPoint\",\"urlTemplate\":\"https:\\\/\\\/gambling6.com\\\/sl\\\/?s={search_term_string}\"},\"query-input\":{\"@type\":\"PropertyValueSpecification\",\"valueRequired\":true,\"valueName\":\"search_term_string\"}}],\"inLanguage\":\"sl-SI\"}]}<\/script>\n<!-- \/ Yoast SEO plugin. -->","yoast_head_json":{"title":"Razlogi za pridru\u017eitev spletni igralnici","description":"Spletne igralnice ponujajo veliko igralcem, ki i\u0161\u010dejo odli\u010dno zabavo in veliko mo\u017enosti za zmago.","robots":{"index":"index","follow":"follow","max-snippet":"max-snippet:-1","max-image-preview":"max-image-preview:large","max-video-preview":"max-video-preview:-1"},"canonical":"https:\/\/gambling6.com\/sl\/kazino\/pet-glavnih-razlogov-za-pridruzitev-spletni-igralnici\/","og_locale":"sl_SI","og_type":"article","og_title":"Razlogi za pridru\u017eitev spletni igralnici","og_description":"Spletne igralnice ponujajo veliko igralcem, ki i\u0161\u010dejo odli\u010dno zabavo in veliko mo\u017enosti za zmago.","og_url":"https:\/\/gambling6.com\/sl\/kazino\/pet-glavnih-razlogov-za-pridruzitev-spletni-igralnici\/","og_site_name":"Gambling6","article_modified_time":"2025-11-12T08:46:04+00:00","og_image":[{"width":612,"height":366,"url":"https:\/\/gambling6.com\/wp-content\/uploads\/2013\/12\/classic-casino-games.jpg","type":"image\/jpeg"}],"twitter_card":"summary_large_image","twitter_misc":{"Est. reading time":"3 minute"},"schema":{"@context":"https:\/\/schema.org","@graph":[{"@type":"WebPage","@id":"https:\/\/gambling6.com\/sl\/kazino\/pet-glavnih-razlogov-za-pridruzitev-spletni-igralnici\/","url":"https:\/\/gambling6.com\/sl\/kazino\/pet-glavnih-razlogov-za-pridruzitev-spletni-igralnici\/","name":"Razlogi za pridru\u017eitev spletni igralnici","isPartOf":{"@id":"https:\/\/gambling6.com\/sl\/#website"},"primaryImageOfPage":{"@id":"https:\/\/gambling6.com\/sl\/kazino\/pet-glavnih-razlogov-za-pridruzitev-spletni-igralnici\/#primaryimage"},"image":{"@id":"https:\/\/gambling6.com\/sl\/kazino\/pet-glavnih-razlogov-za-pridruzitev-spletni-igralnici\/#primaryimage"},"thumbnailUrl":"https:\/\/gambling6.com\/wp-content\/uploads\/2013\/12\/classic-casino-games-300x179.jpg","datePublished":"2025-11-07T16:46:35+00:00","dateModified":"2025-11-12T08:46:04+00:00","description":"Spletne igralnice ponujajo veliko igralcem, ki i\u0161\u010dejo odli\u010dno zabavo in veliko mo\u017enosti za zmago.","breadcrumb":{"@id":"https:\/\/gambling6.com\/sl\/kazino\/pet-glavnih-razlogov-za-pridruzitev-spletni-igralnici\/#breadcrumb"},"inLanguage":"sl-SI","potentialAction":[{"@type":"ReadAction","target":["https:\/\/gambling6.com\/sl\/kazino\/pet-glavnih-razlogov-za-pridruzitev-spletni-igralnici\/"]}]},{"@type":"ImageObject","inLanguage":"sl-SI","@id":"https:\/\/gambling6.com\/sl\/kazino\/pet-glavnih-razlogov-za-pridruzitev-spletni-igralnici\/#primaryimage","url":"https:\/\/gambling6.com\/wp-content\/uploads\/2013\/12\/classic-casino-games-300x179.jpg","contentUrl":"https:\/\/gambling6.com\/wp-content\/uploads\/2013\/12\/classic-casino-games-300x179.jpg"},{"@type":"BreadcrumbList","@id":"https:\/\/gambling6.com\/sl\/kazino\/pet-glavnih-razlogov-za-pridruzitev-spletni-igralnici\/#breadcrumb","itemListElement":[{"@type":"ListItem","position":1,"name":"Home","item":"https:\/\/gambling6.com\/sl\/home\/"},{"@type":"ListItem","position":2,"name":"Kazino","item":"https:\/\/gambling6.com\/sl\/get-started-with-online-gambling\/"},{"@type":"ListItem","position":3,"name":"Pet glavnih razlogov za pridru\u017eitev spletni igralnici"}]},{"@type":"WebSite","@id":"https:\/\/gambling6.com\/sl\/#website","url":"https:\/\/gambling6.com\/sl\/","name":"Gambling6","description":"","potentialAction":[{"@type":"SearchAction","target":{"@type":"EntryPoint","urlTemplate":"https:\/\/gambling6.com\/sl\/?s={search_term_string}"},"query-input":{"@type":"PropertyValueSpecification","valueRequired":true,"valueName":"search_term_string"}}],"inLanguage":"sl-SI"}]}},"_links":{"self":[{"href":"https:\/\/gambling6.com\/sl\/wp-json\/wp\/v2\/pages\/8409","targetHints":{"allow":["GET"]}}],"collection":[{"href":"https:\/\/gambling6.com\/sl\/wp-json\/wp\/v2\/pages"}],"about":[{"href":"https:\/\/gambling6.com\/sl\/wp-json\/wp\/v2\/types\/page"}],"author":[{"embeddable":true,"href":"https:\/\/gambling6.com\/sl\/wp-json\/wp\/v2\/users\/1"}],"replies":[{"embeddable":true,"href":"https:\/\/gambling6.com\/sl\/wp-json\/wp\/v2\/comments?post=8409"}],"version-history":[{"count":1,"href":"https:\/\/gambling6.com\/sl\/wp-json\/wp\/v2\/pages\/8409\/revisions"}],"predecessor-version":[{"id":10424,"href":"https:\/\/gambling6.com\/sl\/wp-json\/wp\/v2\/pages\/8409\/revisions\/10424"}],"up":[{"embeddable":true,"href":"https:\/\/gambling6.com\/sl\/wp-json\/wp\/v2\/pages\/8331"}],"wp:attachment":[{"href":"https:\/\/gambling6.com\/sl\/wp-json\/wp\/v2\/media?parent=8409"}],"curies":[{"name":"wp","href":"https:\/\/api.w.org\/{rel}","templated":true}]}}