{"id":8537,"date":"2025-11-07T19:45:59","date_gmt":"2025-11-07T19:45:59","guid":{"rendered":"https:\/\/gambling6.com\/bingo\/"},"modified":"2025-11-12T11:55:59","modified_gmt":"2025-11-12T11:55:59","slug":"bingo","status":"publish","type":"page","link":"https:\/\/gambling6.com\/sl\/bingo\/","title":{"rendered":"Bingo"},"content":{"rendered":"<h2>Osnovne informacije o bingu<\/h2>\n<p><a href=\"https:\/\/record.revenueplanet.com\/_BoBybWC_aAMWqcfzuvZcQMni_MQzyHn0\/1\/\" target=\"_new\"><img loading=\"lazy\" decoding=\"async\" class=\"alignright\" style=\"border: none;\" src=\"https:\/\/media.revenueplanet.com\/uploads\/nbb-120x600-oct-free.gif\" alt=\"BingoBilly Bingo Gratuit\" width=\"120\" height=\"600\" \/><\/a>Igra bingo je namenjena tako mladim kot starim. Izvor te igre sega v Italijo v 16. stoletju, kjer so jo igrali pod imenom &#8220;Il Giuoco del Lotto d&#8217;Italia&#8221; in se nato raz\u0161irila po vsej Evropi. Bingo je dru\u017eabna igra, pri kateri so pomembni \u010das, reakcija, dojemanje igre in nenazadnje tudi sre\u010da.<\/p>\n<p>S\u010dasoma so ljudje posku\u0161ali najti razli\u010dne strategije za natan\u010dnej\u0161e izra\u010dune, kako pove\u010dati svoje mo\u017enosti za zmago. Nekatere so bile neuspe\u0161ne, druge pa uspe\u0161ne. Spletni bingo se je pojavil sredi devetdesetih let prej\u0161njega stoletja in se od takrat nenehno razvija. Prednosti spletnega binga, za razliko od binga brez povezave, so:<\/p>\n<ul>\n<li>Igrate lahko neposredno od doma<\/li>\n<li>Vse je preprosto<\/li>\n<li>Ponuja bonuse in nagrade<\/li>\n<li>Igrate lahko brezpla\u010dno<\/li>\n<li>Igrate lahko kadar koli podnevi ali pono\u010di<\/li>\n<li>Imate spletno podporo v realnem \u010dasu<\/li>\n<\/ul>\n<p>Za za\u010detnike je priporo\u010dljivo igrati demo igre, ki jim omogo\u010dajo, da se prilagodijo pravilom in hitrosti igre. Strategije igre ne zagotavljajo pla\u010dila, vendar pove\u010dajo mo\u017enosti za zmago. Priporo\u010dljivo je tudi igrati v sobi, kjer je \u0161tevilo igralcev majhno. Za bolj izku\u0161ene igralce je dobro igrati s \u010dim ve\u010d kartami; to pove\u010da njihove mo\u017enosti za zmago. Bingo se igra s 30, 75, 80 in 90 kroglicami.<\/p>\n<p>Najbolj\u0161a izbira bi bila <a class=\"thirstylink\" title=\"Bingo Billy en\" href=\"https:\/\/gambling6.com\/go\/bingobilly-en\/\" target=\"_blank\" rel=\"nofollow noopener\">Bingo Billy &#8211; kliknite tukaj za igranje<\/a> in prejeli boste brezpla\u010dne bingo sre\u010dke v vrednosti 30 $ za za\u010detek! Bingo Billy sprejema igralce z vsega sveta, vklju\u010dno z ZDA.<\/p>\n<h2>Igra bingo s 30 kroglicami<\/h2>\n<p>Igralec izbere skupno 30 kroglic in uporablja lestvico od 1 do 75. Polja za bingo so sestavljena iz niza petih kvadratov. Po nakupu sre\u010dke mora igralec izbrati skupno 30 \u0161tevilk. \u0160tevilke se iz\u017erebajo in samodejno ozna\u010dijo na sre\u010dki. Bingo je dose\u017een, ko ima igralec iz\u017erebanih pet ali \u0161est \u0161tevilk, ki mu omogo\u010dajo, da nari\u0161e navpi\u010dno, vodoravno ali diagonalno \u010drto. Igra se kon\u010da, ko je iz\u017erebanih vseh 30 kroglic. Igralec, ki zmaga na najve\u010d bingo linijah, je razgla\u0161en za zmagovalca.<\/p>\n<h2>Bingo z 90 kroglicami<\/h2>\n<p>Karta je sestavljena iz skupin po 9 x 3, ki vsebujejo skupno 27 kvadratkov. Vsaka vrsta ima 5 \u0161tevilk in 4 prazne kvadratke. Skupno \u0161tevilo \u0161tevilk na kartici je 15.<\/p>\n<h2>Bingo z 80 kroglicami<\/h2>\n<p>Tukaj je na vsaki kartici 16 \u0161tevilk, 4 vrstice in 4 stolpci.<\/p>\n<h2>Spletne strategije za bingo<\/h2>\n<p>Joseph E. Granville je dejal, da lahko &#8220;pove\u010da verjetnost v korist do 50 %&#8221;. Dejal je tudi, da imajo \u0161tevilke, ki so resni\u010dno naklju\u010dno iz\u017erebane, naslednji vzorec: enako \u0161tevilo \u0161tevilk, ki se kon\u010dajo na 1, 2, 3, 4, 5, 6, 7, 8, 9, pri \u010demer so visoke in nizke \u0161tevilke uravnote\u017eene z obnovo igre, iz\u017erebane \u0161tevilke pa se pribli\u017eujejo \u0161tevilki 38, natan\u010dneje na sredini.<\/p>\n<p>Primer naklju\u010dne sre\u010dke po modelu Josepha E. Granvilla je 6, 11, 24, 32, 43, 57, 38, 69. Britanski statistik L.C.H. Tippet je predstavil teorijo, po kateri so \u0161tevilke iz\u017erebane z verjetnostjo blizu 38. Kljub temu imate na voljo \u0161iroko paleto spletnih mest in kratek uvod v svet bingo iger. Glede na va\u0161e \u017eelje se lahko odlo\u010dite, katera razli\u010dica je za vas primernej\u0161a. Sre\u010dno!<\/p>\n","protected":false},"excerpt":{"rendered":"<p>Osnovne informacije o bingu Igra bingo je namenjena tako mladim kot starim. Izvor te igre sega v Italijo v 16. stoletju, kjer so jo igrali pod imenom &#8220;Il Giuoco del Lotto d&#8217;Italia&#8221; in se nato raz\u0161irila po vsej Evropi. Bingo je dru\u017eabna igra, pri kateri so pomembni \u010das, reakcija, dojemanje igre in nenazadnje tudi sre\u010da. [&hellip;]<\/p>\n","protected":false},"author":1,"featured_media":0,"parent":0,"menu_order":6,"comment_status":"closed","ping_status":"closed","template":"","meta":{"footnotes":""},"class_list":["post-8537","page","type-page","status-publish","hentry"],"yoast_head":"<!-- This site is optimized with the Yoast SEO plugin v27.3 - https:\/\/yoast.com\/product\/yoast-seo-wordpress\/ -->\n<title>Informa\u021bii de baz\u0103 despre Bingo<\/title>\n<meta name=\"description\" content=\"Totul despre Bingo online \u0219i cele mai bune site-uri pentru a juca Bingo online\" \/>\n<meta name=\"robots\" content=\"index, follow, max-snippet:-1, max-image-preview:large, max-video-preview:-1\" \/>\n<link rel=\"canonical\" href=\"https:\/\/gambling6.com\/sl\/bingo\/\" \/>\n<meta property=\"og:locale\" content=\"sl_SI\" \/>\n<meta property=\"og:type\" content=\"article\" \/>\n<meta property=\"og:title\" content=\"Informa\u021bii de baz\u0103 despre Bingo\" \/>\n<meta property=\"og:description\" content=\"Totul despre Bingo online \u0219i cele mai bune site-uri pentru a juca Bingo online\" \/>\n<meta property=\"og:url\" content=\"https:\/\/gambling6.com\/sl\/bingo\/\" \/>\n<meta property=\"og:site_name\" content=\"Gambling6\" \/>\n<meta property=\"article:modified_time\" content=\"2025-11-12T11:55:59+00:00\" \/>\n<meta property=\"og:image\" content=\"https:\/\/media.revenueplanet.com\/uploads\/nbb-120x600-oct-free.gif\" \/>\n<meta name=\"twitter:card\" content=\"summary_large_image\" \/>\n<meta name=\"twitter:label1\" content=\"Est. reading time\" \/>\n\t<meta name=\"twitter:data1\" content=\"3 minute\" \/>\n<script type=\"application\/ld+json\" class=\"yoast-schema-graph\">{\"@context\":\"https:\\\/\\\/schema.org\",\"@graph\":[{\"@type\":\"WebPage\",\"@id\":\"https:\\\/\\\/gambling6.com\\\/sl\\\/bingo\\\/\",\"url\":\"https:\\\/\\\/gambling6.com\\\/sl\\\/bingo\\\/\",\"name\":\"Informa\u021bii de baz\u0103 despre Bingo\",\"isPartOf\":{\"@id\":\"https:\\\/\\\/gambling6.com\\\/sl\\\/#website\"},\"primaryImageOfPage\":{\"@id\":\"https:\\\/\\\/gambling6.com\\\/sl\\\/bingo\\\/#primaryimage\"},\"image\":{\"@id\":\"https:\\\/\\\/gambling6.com\\\/sl\\\/bingo\\\/#primaryimage\"},\"thumbnailUrl\":\"https:\\\/\\\/media.revenueplanet.com\\\/uploads\\\/nbb-120x600-oct-free.gif\",\"datePublished\":\"2025-11-07T19:45:59+00:00\",\"dateModified\":\"2025-11-12T11:55:59+00:00\",\"description\":\"Totul despre Bingo online \u0219i cele mai bune site-uri pentru a juca Bingo online\",\"breadcrumb\":{\"@id\":\"https:\\\/\\\/gambling6.com\\\/sl\\\/bingo\\\/#breadcrumb\"},\"inLanguage\":\"sl-SI\",\"potentialAction\":[{\"@type\":\"ReadAction\",\"target\":[\"https:\\\/\\\/gambling6.com\\\/sl\\\/bingo\\\/\"]}]},{\"@type\":\"ImageObject\",\"inLanguage\":\"sl-SI\",\"@id\":\"https:\\\/\\\/gambling6.com\\\/sl\\\/bingo\\\/#primaryimage\",\"url\":\"https:\\\/\\\/media.revenueplanet.com\\\/uploads\\\/nbb-120x600-oct-free.gif\",\"contentUrl\":\"https:\\\/\\\/media.revenueplanet.com\\\/uploads\\\/nbb-120x600-oct-free.gif\"},{\"@type\":\"BreadcrumbList\",\"@id\":\"https:\\\/\\\/gambling6.com\\\/sl\\\/bingo\\\/#breadcrumb\",\"itemListElement\":[{\"@type\":\"ListItem\",\"position\":1,\"name\":\"Home\",\"item\":\"https:\\\/\\\/gambling6.com\\\/sl\\\/home\\\/\"},{\"@type\":\"ListItem\",\"position\":2,\"name\":\"Bingo\"}]},{\"@type\":\"WebSite\",\"@id\":\"https:\\\/\\\/gambling6.com\\\/sl\\\/#website\",\"url\":\"https:\\\/\\\/gambling6.com\\\/sl\\\/\",\"name\":\"Gambling6\",\"description\":\"\",\"potentialAction\":[{\"@type\":\"SearchAction\",\"target\":{\"@type\":\"EntryPoint\",\"urlTemplate\":\"https:\\\/\\\/gambling6.com\\\/sl\\\/?s={search_term_string}\"},\"query-input\":{\"@type\":\"PropertyValueSpecification\",\"valueRequired\":true,\"valueName\":\"search_term_string\"}}],\"inLanguage\":\"sl-SI\"}]}<\/script>\n<!-- \/ Yoast SEO plugin. -->","yoast_head_json":{"title":"Informa\u021bii de baz\u0103 despre Bingo","description":"Totul despre Bingo online \u0219i cele mai bune site-uri pentru a juca Bingo online","robots":{"index":"index","follow":"follow","max-snippet":"max-snippet:-1","max-image-preview":"max-image-preview:large","max-video-preview":"max-video-preview:-1"},"canonical":"https:\/\/gambling6.com\/sl\/bingo\/","og_locale":"sl_SI","og_type":"article","og_title":"Informa\u021bii de baz\u0103 despre Bingo","og_description":"Totul despre Bingo online \u0219i cele mai bune site-uri pentru a juca Bingo online","og_url":"https:\/\/gambling6.com\/sl\/bingo\/","og_site_name":"Gambling6","article_modified_time":"2025-11-12T11:55:59+00:00","og_image":[{"url":"https:\/\/media.revenueplanet.com\/uploads\/nbb-120x600-oct-free.gif","type":"","width":"","height":""}],"twitter_card":"summary_large_image","twitter_misc":{"Est. reading time":"3 minute"},"schema":{"@context":"https:\/\/schema.org","@graph":[{"@type":"WebPage","@id":"https:\/\/gambling6.com\/sl\/bingo\/","url":"https:\/\/gambling6.com\/sl\/bingo\/","name":"Informa\u021bii de baz\u0103 despre Bingo","isPartOf":{"@id":"https:\/\/gambling6.com\/sl\/#website"},"primaryImageOfPage":{"@id":"https:\/\/gambling6.com\/sl\/bingo\/#primaryimage"},"image":{"@id":"https:\/\/gambling6.com\/sl\/bingo\/#primaryimage"},"thumbnailUrl":"https:\/\/media.revenueplanet.com\/uploads\/nbb-120x600-oct-free.gif","datePublished":"2025-11-07T19:45:59+00:00","dateModified":"2025-11-12T11:55:59+00:00","description":"Totul despre Bingo online \u0219i cele mai bune site-uri pentru a juca Bingo online","breadcrumb":{"@id":"https:\/\/gambling6.com\/sl\/bingo\/#breadcrumb"},"inLanguage":"sl-SI","potentialAction":[{"@type":"ReadAction","target":["https:\/\/gambling6.com\/sl\/bingo\/"]}]},{"@type":"ImageObject","inLanguage":"sl-SI","@id":"https:\/\/gambling6.com\/sl\/bingo\/#primaryimage","url":"https:\/\/media.revenueplanet.com\/uploads\/nbb-120x600-oct-free.gif","contentUrl":"https:\/\/media.revenueplanet.com\/uploads\/nbb-120x600-oct-free.gif"},{"@type":"BreadcrumbList","@id":"https:\/\/gambling6.com\/sl\/bingo\/#breadcrumb","itemListElement":[{"@type":"ListItem","position":1,"name":"Home","item":"https:\/\/gambling6.com\/sl\/home\/"},{"@type":"ListItem","position":2,"name":"Bingo"}]},{"@type":"WebSite","@id":"https:\/\/gambling6.com\/sl\/#website","url":"https:\/\/gambling6.com\/sl\/","name":"Gambling6","description":"","potentialAction":[{"@type":"SearchAction","target":{"@type":"EntryPoint","urlTemplate":"https:\/\/gambling6.com\/sl\/?s={search_term_string}"},"query-input":{"@type":"PropertyValueSpecification","valueRequired":true,"valueName":"search_term_string"}}],"inLanguage":"sl-SI"}]}},"_links":{"self":[{"href":"https:\/\/gambling6.com\/sl\/wp-json\/wp\/v2\/pages\/8537","targetHints":{"allow":["GET"]}}],"collection":[{"href":"https:\/\/gambling6.com\/sl\/wp-json\/wp\/v2\/pages"}],"about":[{"href":"https:\/\/gambling6.com\/sl\/wp-json\/wp\/v2\/types\/page"}],"author":[{"embeddable":true,"href":"https:\/\/gambling6.com\/sl\/wp-json\/wp\/v2\/users\/1"}],"replies":[{"embeddable":true,"href":"https:\/\/gambling6.com\/sl\/wp-json\/wp\/v2\/comments?post=8537"}],"version-history":[{"count":1,"href":"https:\/\/gambling6.com\/sl\/wp-json\/wp\/v2\/pages\/8537\/revisions"}],"predecessor-version":[{"id":10607,"href":"https:\/\/gambling6.com\/sl\/wp-json\/wp\/v2\/pages\/8537\/revisions\/10607"}],"wp:attachment":[{"href":"https:\/\/gambling6.com\/sl\/wp-json\/wp\/v2\/media?parent=8537"}],"curies":[{"name":"wp","href":"https:\/\/api.w.org\/{rel}","templated":true}]}}