{"id":8592,"date":"2025-11-07T21:05:32","date_gmt":"2025-11-07T21:05:32","guid":{"rendered":"https:\/\/gambling6.com\/kazino\/mobilne-igre-igre-na-sreco-na-poti\/"},"modified":"2025-11-12T09:29:26","modified_gmt":"2025-11-12T09:29:26","slug":"mobilne-igre-igre-na-sreco-na-poti","status":"publish","type":"page","link":"https:\/\/gambling6.com\/sl\/kazino\/mobilne-igre-igre-na-sreco-na-poti\/","title":{"rendered":"Mobilne igre \u2013 igre na sre\u010do na poti"},"content":{"rendered":"<h2>Spletne igre na sre\u010do na mobilnih napravah<\/h2>\n<h3>HTML5 v primerjavi z izvornimi aplikacijami \u2013 izbira je va\u0161a!<\/h3>\n<p>\u010ce pogledamo dober imenik iger na sre\u010do, je enostavno videti, da obstaja veliko odli\u010dnih mo\u017enosti za igralce, ki \u017eelijo u\u017eivati \u200b\u200bv svojih najljub\u0161ih mo\u017enostih prek interneta. Razli\u010dna spletna mesta ponujajo varne spletne igre na sre\u010do v skoraj vsaki kategoriji, pri \u010demer so poker, igralnice in \u0161portne stave obi\u010dajno na vrhu seznama. Pomembno je omeniti, da obstajajo mo\u017enosti tudi za igralce iz ZDA, kljub predpisom na tem trgu, zato Ameri\u010dani ne bi smeli imeti te\u017eav z iskanjem zanesljive spletne strani prek portala iGambling.<\/p>\n<p><img loading=\"lazy\" decoding=\"async\" class=\" alignright size-full wp-image-400\" style=\"margin: 5px; float: right;\" src=\"http:\/\/gambling6.com\/wp-content\/uploads\/2013\/12\/mobile-gambling-150x150.jpg\" alt=\"mobilne aplikacije za igre na sre\u010do\" width=\"150\" height=\"150\" \/>\u010ceprav ponudba spletnih iger na sre\u010do \u0161e naprej raste, se zdi, da trend ka\u017ee v smeri mobilnih iger. Skoraj vsi vodilni operaterji v panogi imajo ali pa zdaj delajo na mobilni aplikaciji, ki njihovim uporabnikom omogo\u010da dostop do istih storitev, ki jih dobijo doma prek pametnega telefona. V nedavnem intervjuju je vodja informacij pri Intralotu, dr. Christos Dimitriadis, dejal, da bodo mobilne igre na sre\u010do postale legalne v vseh dr\u017eavah Evropske unije.<\/p>\n<p>\u010ceprav ni natan\u010dno dolo\u010dil, kdaj se bo to verjetno zgodilo, dejstvo, da morajo dr\u017eave ohraniti nadzor nad igrami na sre\u010do, naredi mobilne igre na sre\u010do legalne in skrbno regulirane obvezne. Ker vse ve\u010d igralcev igra svoje igre na sre\u010do na mobilnih napravah, morajo tako operaterji kot regulatorji na posameznih trgih sodelovati, da bi dosegli idealno re\u0161itev.<\/p>\n<h2>HTML5<\/h2>\n<p>Nekateri ve\u010dji operaterji na trgu spletnih iger na sre\u010do so \u017ee naredili pomembne korake za izbolj\u0161anje svoje mobilne ponudbe. 888 je znan po vsem svetu, predvsem po svojih spletnih \u0161portnih stavah, ki pokrivajo skoraj celoten svet in ponujajo stave na vse glavne \u0161porte in razli\u010dne lige. Spletno mesto ponuja tudi igralni\u0161ke igre, poker, bingo in druge spletne igralni\u0161ke kategorije, zaradi \u010desar je eno najve\u010djih imen v panogi.<\/p>\n<p><a class=\"thirstylink\" title=\"888 casino en\" href=\"https:\/\/gambling6.com\/go\/888-casino-en\/\" target=\"_blank\" rel=\"nofollow noopener\"><strong>Kliknite tukaj za obisk igralnice 888<\/strong><\/a> &#8211; brezpla\u010dno ustvarite igralni ra\u010dun in nato prenesite mobilno aplikacijo.<\/p>\n<p>Pred kratkim je 888 spremenil svojo mobilno platformo v razli\u010dico HTML5, da bi bila za igralce veliko bolj priro\u010dna. V bistvu bo operaterjevo pretakanje zvoka in videa zdaj poganjano s HTML5, kar uporabnikom omogo\u010da spremljanje dogajanja na svoji izbrani napravi brez potrebe po vti\u010dniku Flash. To odpira tudi vrata novim mo\u017enostim, saj lahko uporabniki zdaj stavijo, medtem ko prejemajo podatke v realnem \u010dasu. Razli\u010dica HTML5 zagotavlja tudi bolj\u0161o uporabni\u0161ko izku\u0161njo. Zazna lahko velikost zaslona naprave, sistemske zmogljivosti in razpolo\u017eljive povezave.<\/p>\n<p>To pomeni, da je treba sprejeti potrebne previdnostne ukrepe za zagotovitev nemotenega delovanja, kot je zni\u017eanje kakovosti ali \u010dakanje pred za\u010detkom videoposnetka, da se prihrani pasovna \u0161irina. Spletna mesta z ocenami iger na sre\u010do mo\u010dno olaj\u0161ajo iskanje zanesljive spletne igralnice, saj spletna mesta razvr\u0161\u010dajo v razli\u010dne kategorije glede na njihove prednosti. Nekatera spletna mesta se obi\u010dajno osredoto\u010dajo na svoje mobilne ponudbe, spletne igralnice v ZDA pa so vedno odli\u010dna tema za razpravo.<\/p>\n<h2>Izvorne aplikacije<\/h2>\n<p>Izvorne aplikacije zahtevajo prenos in namestitev, kar pomeni, da morajo obstajati razli\u010dne razli\u010dice, ki podpirajo razli\u010dne mobilne operacijske sisteme, ki so zdaj na voljo. \u010ceprav so te med spletnimi igralnicami zelo pogoste, dejansko izgubljajo tla pod nogami v primerjavi s HTML5. Za to obstaja veliko razlogov, glavni pa je, da ena razli\u010dica HTML5 ustreza vsem mobilnim napravam in sama izvede potrebne spremembe. Pomembno je omeniti, da, kot \u017ee omenjeno, 888 ne bo opustil svojih izvornih aplikacij niti ne bo prenehal uporabljati tehnologije HTML4.<\/p>\n<p>To je odli\u010den primer tudi za druge operaterje, saj bi prehod na HTML5 \u010dez no\u010d in opustitev prej\u0161njih mo\u017enosti pomenil, da nekateri uporabniki ne bi ve\u010d imeli dostopa do ponudb. Vsi igralci nimajo tehnologije, potrebne za popolno delovanje nove generacije programske opreme, zato je to dober korak na poti do bolj\u0161ega mobilnega igranja na sre\u010do, vendar ne bi smel negativno vplivati \u200b\u200bna trenutne stranke. Izvorne aplikacije ostajajo odli\u010den na\u010din za u\u017eivanje v spletnih igralni\u0161kih igrah na razli\u010dnih mobilnih napravah. Celoten postopek za\u010detka obi\u010dajno ne traja dolgo, zato \u010deprav bo HTML5 naslednji velik korak za vse operaterje, so tudi ponudbe, ki so zdaj na voljo, precej odli\u010dne.<\/p>\n","protected":false},"excerpt":{"rendered":"<p>Spletne igre na sre\u010do na mobilnih napravah HTML5 v primerjavi z izvornimi aplikacijami \u2013 izbira je va\u0161a! \u010ce pogledamo dober imenik iger na sre\u010do, je enostavno videti, da obstaja veliko odli\u010dnih mo\u017enosti za igralce, ki \u017eelijo u\u017eivati \u200b\u200bv svojih najljub\u0161ih mo\u017enostih prek interneta. Razli\u010dna spletna mesta ponujajo varne spletne igre na sre\u010do v skoraj vsaki [&hellip;]<\/p>\n","protected":false},"author":1,"featured_media":8573,"parent":8331,"menu_order":40,"comment_status":"closed","ping_status":"closed","template":"","meta":{"footnotes":""},"class_list":["post-8592","page","type-page","status-publish","has-post-thumbnail","hentry"],"yoast_head":"<!-- This site is optimized with the Yoast SEO plugin v27.4 - https:\/\/yoast.com\/product\/yoast-seo-wordpress\/ -->\n<title>Spletne igre na sre\u010do na mobilnih napravah<\/title>\n<meta name=\"description\" content=\"Mobilne igre na sre\u010do postajajo vse bolj priljubljene, aplikacije pa dobivajo bolj\u0161o grafiko in ve\u010d funkcij.\" \/>\n<meta name=\"robots\" content=\"index, follow, max-snippet:-1, max-image-preview:large, max-video-preview:-1\" \/>\n<link rel=\"canonical\" href=\"https:\/\/gambling6.com\/sl\/kazino\/mobilne-igre-igre-na-sreco-na-poti\/\" \/>\n<meta property=\"og:locale\" content=\"sl_SI\" \/>\n<meta property=\"og:type\" content=\"article\" \/>\n<meta property=\"og:title\" content=\"Spletne igre na sre\u010do na mobilnih napravah\" \/>\n<meta property=\"og:description\" content=\"Mobilne igre na sre\u010do postajajo vse bolj priljubljene, aplikacije pa dobivajo bolj\u0161o grafiko in ve\u010d funkcij.\" \/>\n<meta property=\"og:url\" content=\"https:\/\/gambling6.com\/sl\/kazino\/mobilne-igre-igre-na-sreco-na-poti\/\" \/>\n<meta property=\"og:site_name\" content=\"Gambling6\" \/>\n<meta property=\"article:modified_time\" content=\"2025-11-12T09:29:26+00:00\" \/>\n<meta property=\"og:image\" content=\"https:\/\/gambling6.com\/wp-content\/uploads\/2013\/12\/mobile-gambling-150x150.jpg\" \/>\n\t<meta property=\"og:image:width\" content=\"150\" \/>\n\t<meta property=\"og:image:height\" content=\"150\" \/>\n\t<meta property=\"og:image:type\" content=\"image\/jpeg\" \/>\n<meta name=\"twitter:card\" content=\"summary_large_image\" \/>\n<meta name=\"twitter:label1\" content=\"Est. reading time\" \/>\n\t<meta name=\"twitter:data1\" content=\"4 minute\" \/>\n<script type=\"application\/ld+json\" class=\"yoast-schema-graph\">{\"@context\":\"https:\\\/\\\/schema.org\",\"@graph\":[{\"@type\":\"WebPage\",\"@id\":\"https:\\\/\\\/gambling6.com\\\/sl\\\/kazino\\\/mobilne-igre-igre-na-sreco-na-poti\\\/\",\"url\":\"https:\\\/\\\/gambling6.com\\\/sl\\\/kazino\\\/mobilne-igre-igre-na-sreco-na-poti\\\/\",\"name\":\"Spletne igre na sre\u010do na mobilnih napravah\",\"isPartOf\":{\"@id\":\"https:\\\/\\\/gambling6.com\\\/sl\\\/#website\"},\"primaryImageOfPage\":{\"@id\":\"https:\\\/\\\/gambling6.com\\\/sl\\\/kazino\\\/mobilne-igre-igre-na-sreco-na-poti\\\/#primaryimage\"},\"image\":{\"@id\":\"https:\\\/\\\/gambling6.com\\\/sl\\\/kazino\\\/mobilne-igre-igre-na-sreco-na-poti\\\/#primaryimage\"},\"thumbnailUrl\":\"https:\\\/\\\/gambling6.com\\\/wp-content\\\/uploads\\\/2013\\\/12\\\/mobile-gambling-150x150.jpg\",\"datePublished\":\"2025-11-07T21:05:32+00:00\",\"dateModified\":\"2025-11-12T09:29:26+00:00\",\"description\":\"Mobilne igre na sre\u010do postajajo vse bolj priljubljene, aplikacije pa dobivajo bolj\u0161o grafiko in ve\u010d funkcij.\",\"breadcrumb\":{\"@id\":\"https:\\\/\\\/gambling6.com\\\/sl\\\/kazino\\\/mobilne-igre-igre-na-sreco-na-poti\\\/#breadcrumb\"},\"inLanguage\":\"sl-SI\",\"potentialAction\":[{\"@type\":\"ReadAction\",\"target\":[\"https:\\\/\\\/gambling6.com\\\/sl\\\/kazino\\\/mobilne-igre-igre-na-sreco-na-poti\\\/\"]}]},{\"@type\":\"ImageObject\",\"inLanguage\":\"sl-SI\",\"@id\":\"https:\\\/\\\/gambling6.com\\\/sl\\\/kazino\\\/mobilne-igre-igre-na-sreco-na-poti\\\/#primaryimage\",\"url\":\"https:\\\/\\\/gambling6.com\\\/wp-content\\\/uploads\\\/2013\\\/12\\\/mobile-gambling-150x150.jpg\",\"contentUrl\":\"https:\\\/\\\/gambling6.com\\\/wp-content\\\/uploads\\\/2013\\\/12\\\/mobile-gambling-150x150.jpg\",\"width\":150,\"height\":150,\"caption\":\"online slotmachine\"},{\"@type\":\"BreadcrumbList\",\"@id\":\"https:\\\/\\\/gambling6.com\\\/sl\\\/kazino\\\/mobilne-igre-igre-na-sreco-na-poti\\\/#breadcrumb\",\"itemListElement\":[{\"@type\":\"ListItem\",\"position\":1,\"name\":\"Home\",\"item\":\"https:\\\/\\\/gambling6.com\\\/sl\\\/home\\\/\"},{\"@type\":\"ListItem\",\"position\":2,\"name\":\"Kazino\",\"item\":\"https:\\\/\\\/gambling6.com\\\/sl\\\/get-started-with-online-gambling\\\/\"},{\"@type\":\"ListItem\",\"position\":3,\"name\":\"Mobilne igre \u2013 igre na sre\u010do na poti\"}]},{\"@type\":\"WebSite\",\"@id\":\"https:\\\/\\\/gambling6.com\\\/sl\\\/#website\",\"url\":\"https:\\\/\\\/gambling6.com\\\/sl\\\/\",\"name\":\"Gambling6\",\"description\":\"\",\"potentialAction\":[{\"@type\":\"SearchAction\",\"target\":{\"@type\":\"EntryPoint\",\"urlTemplate\":\"https:\\\/\\\/gambling6.com\\\/sl\\\/?s={search_term_string}\"},\"query-input\":{\"@type\":\"PropertyValueSpecification\",\"valueRequired\":true,\"valueName\":\"search_term_string\"}}],\"inLanguage\":\"sl-SI\"}]}<\/script>\n<!-- \/ Yoast SEO plugin. -->","yoast_head_json":{"title":"Spletne igre na sre\u010do na mobilnih napravah","description":"Mobilne igre na sre\u010do postajajo vse bolj priljubljene, aplikacije pa dobivajo bolj\u0161o grafiko in ve\u010d funkcij.","robots":{"index":"index","follow":"follow","max-snippet":"max-snippet:-1","max-image-preview":"max-image-preview:large","max-video-preview":"max-video-preview:-1"},"canonical":"https:\/\/gambling6.com\/sl\/kazino\/mobilne-igre-igre-na-sreco-na-poti\/","og_locale":"sl_SI","og_type":"article","og_title":"Spletne igre na sre\u010do na mobilnih napravah","og_description":"Mobilne igre na sre\u010do postajajo vse bolj priljubljene, aplikacije pa dobivajo bolj\u0161o grafiko in ve\u010d funkcij.","og_url":"https:\/\/gambling6.com\/sl\/kazino\/mobilne-igre-igre-na-sreco-na-poti\/","og_site_name":"Gambling6","article_modified_time":"2025-11-12T09:29:26+00:00","og_image":[{"width":150,"height":150,"url":"https:\/\/gambling6.com\/wp-content\/uploads\/2013\/12\/mobile-gambling-150x150.jpg","type":"image\/jpeg"}],"twitter_card":"summary_large_image","twitter_misc":{"Est. reading time":"4 minute"},"schema":{"@context":"https:\/\/schema.org","@graph":[{"@type":"WebPage","@id":"https:\/\/gambling6.com\/sl\/kazino\/mobilne-igre-igre-na-sreco-na-poti\/","url":"https:\/\/gambling6.com\/sl\/kazino\/mobilne-igre-igre-na-sreco-na-poti\/","name":"Spletne igre na sre\u010do na mobilnih napravah","isPartOf":{"@id":"https:\/\/gambling6.com\/sl\/#website"},"primaryImageOfPage":{"@id":"https:\/\/gambling6.com\/sl\/kazino\/mobilne-igre-igre-na-sreco-na-poti\/#primaryimage"},"image":{"@id":"https:\/\/gambling6.com\/sl\/kazino\/mobilne-igre-igre-na-sreco-na-poti\/#primaryimage"},"thumbnailUrl":"https:\/\/gambling6.com\/wp-content\/uploads\/2013\/12\/mobile-gambling-150x150.jpg","datePublished":"2025-11-07T21:05:32+00:00","dateModified":"2025-11-12T09:29:26+00:00","description":"Mobilne igre na sre\u010do postajajo vse bolj priljubljene, aplikacije pa dobivajo bolj\u0161o grafiko in ve\u010d funkcij.","breadcrumb":{"@id":"https:\/\/gambling6.com\/sl\/kazino\/mobilne-igre-igre-na-sreco-na-poti\/#breadcrumb"},"inLanguage":"sl-SI","potentialAction":[{"@type":"ReadAction","target":["https:\/\/gambling6.com\/sl\/kazino\/mobilne-igre-igre-na-sreco-na-poti\/"]}]},{"@type":"ImageObject","inLanguage":"sl-SI","@id":"https:\/\/gambling6.com\/sl\/kazino\/mobilne-igre-igre-na-sreco-na-poti\/#primaryimage","url":"https:\/\/gambling6.com\/wp-content\/uploads\/2013\/12\/mobile-gambling-150x150.jpg","contentUrl":"https:\/\/gambling6.com\/wp-content\/uploads\/2013\/12\/mobile-gambling-150x150.jpg","width":150,"height":150,"caption":"online slotmachine"},{"@type":"BreadcrumbList","@id":"https:\/\/gambling6.com\/sl\/kazino\/mobilne-igre-igre-na-sreco-na-poti\/#breadcrumb","itemListElement":[{"@type":"ListItem","position":1,"name":"Home","item":"https:\/\/gambling6.com\/sl\/home\/"},{"@type":"ListItem","position":2,"name":"Kazino","item":"https:\/\/gambling6.com\/sl\/get-started-with-online-gambling\/"},{"@type":"ListItem","position":3,"name":"Mobilne igre \u2013 igre na sre\u010do na poti"}]},{"@type":"WebSite","@id":"https:\/\/gambling6.com\/sl\/#website","url":"https:\/\/gambling6.com\/sl\/","name":"Gambling6","description":"","potentialAction":[{"@type":"SearchAction","target":{"@type":"EntryPoint","urlTemplate":"https:\/\/gambling6.com\/sl\/?s={search_term_string}"},"query-input":{"@type":"PropertyValueSpecification","valueRequired":true,"valueName":"search_term_string"}}],"inLanguage":"sl-SI"}]}},"_links":{"self":[{"href":"https:\/\/gambling6.com\/sl\/wp-json\/wp\/v2\/pages\/8592","targetHints":{"allow":["GET"]}}],"collection":[{"href":"https:\/\/gambling6.com\/sl\/wp-json\/wp\/v2\/pages"}],"about":[{"href":"https:\/\/gambling6.com\/sl\/wp-json\/wp\/v2\/types\/page"}],"author":[{"embeddable":true,"href":"https:\/\/gambling6.com\/sl\/wp-json\/wp\/v2\/users\/1"}],"replies":[{"embeddable":true,"href":"https:\/\/gambling6.com\/sl\/wp-json\/wp\/v2\/comments?post=8592"}],"version-history":[{"count":1,"href":"https:\/\/gambling6.com\/sl\/wp-json\/wp\/v2\/pages\/8592\/revisions"}],"predecessor-version":[{"id":10474,"href":"https:\/\/gambling6.com\/sl\/wp-json\/wp\/v2\/pages\/8592\/revisions\/10474"}],"up":[{"embeddable":true,"href":"https:\/\/gambling6.com\/sl\/wp-json\/wp\/v2\/pages\/8331"}],"wp:featuredmedia":[{"embeddable":true,"href":"https:\/\/gambling6.com\/sl\/wp-json\/wp\/v2\/media\/8573"}],"wp:attachment":[{"href":"https:\/\/gambling6.com\/sl\/wp-json\/wp\/v2\/media?parent=8592"}],"curies":[{"name":"wp","href":"https:\/\/api.w.org\/{rel}","templated":true}]}}