{"id":8654,"date":"2025-11-07T22:17:00","date_gmt":"2025-11-07T22:17:00","guid":{"rendered":"https:\/\/gambling6.com\/igranje-na-evropskih-poker-straneh\/"},"modified":"2025-11-12T11:39:04","modified_gmt":"2025-11-12T11:39:04","slug":"igranje-na-evropskih-poker-straneh","status":"publish","type":"page","link":"https:\/\/gambling6.com\/sl\/poker\/igranje-na-evropskih-poker-straneh\/","title":{"rendered":"Igranje na evropskih poker straneh"},"content":{"rendered":"<h2>Tudi evropska spletna mesta imajo poker.<\/h2>\n<p>V zadnjih nekaj letih je priljubljenost pokra dosegla nove vi\u0161ine. Evropske dr\u017eave so pomemben trg za spletna mesta za poker, zatiranje spletnih iger na sre\u010do s strani ameri\u0161ke vlade pa je operaterje prisililo, da so se v veliki meri osredoto\u010dili na evropski trg. \u010ceprav je poker v \u017eivo strast med Evropejci, spletni poker hitro dohiteva igralce, ki so ve\u0161\u010di spletnega igranja. Dr\u017eave, kot so Zdru\u017eeno kraljestvo, Avstrija in Nem\u010dija, gostijo celo mednarodne poker turneje in turnirje.<\/p>\n<p><img loading=\"lazy\" decoding=\"async\" class=\"size-full wp-image-3075 alignright\" src=\"https:\/\/gambling6.com\/wp-content\/uploads\/2022\/04\/poker_bonusode_test_bericht.png\" alt=\"evropska poker mesta\" width=\"246\" height=\"200\" \/>Evropska celina obsega ve\u010d dr\u017eav, ki so \u010dlanice Evropske unije (EU). Spletni poker je v Evropski uniji dobro sprejet \u2013 pravzaprav spletnim mestom za poker ni bilo prepovedano delovanje na evropskih trgih. Vendar pa vsaka dr\u017eava \u010dlanica uveljavlja svoje zakone glede spletnih iger na sre\u010do. Zato je razlaga zakonitosti spletnega pokra po Evropi precej zapletena. Vse dr\u017eave \u010dlanice Evropske unije morajo sprejemati storitve drugih dr\u017eav \u010dlanic, vendar ima vsaka dr\u017eava svobodo odlo\u010danja o zakonitosti spletnih iger na sre\u010do.<\/p>\n<p>Posledi\u010dno so nekatere \u010dlanice EU prepovedale spletne igre na sre\u010do, nekatere so jih legalizirale, druge pa so zavzele dvoumen pristop. \u010ceprav je spletno igranje na sre\u010do v redu, morajo biti evropski spletni igralci pokra previdni \u2013 priporo\u010dljivo je, da pred odlo\u010ditvijo za igranje preverijo lokalno politiko, povezano s spletnimi igrami na sre\u010do. \u010ceprav spletna mesta za poker obdav\u010duje in ureja Evropska unija, obstajajo razlike v zakonodaji posameznih dr\u017eav \u010dlanic glede spletnih iger na sre\u010do.<\/p>\n<h2>Najbolj\u0161a spletna stran za poker za evropske igralce<\/h2>\n<p>Evropski spletni igralci pokra imajo veliko \u0161ir\u0161o izbiro spletnih mest za poker kot ameri\u0161ki igralci. Spletno mesto, ki izstopa iz mno\u017eice, je 888 Poker.<\/p>\n<p><span style=\"background-color: transparent;\"><strong>888 Poker<\/strong> je znano ime med evropskimi spletnimi mesti za poker. Novim igralcem celo podarijo <span style=\"font-size: medium;\"><strong>brezpla\u010den ban\u010dni ra\u010dun v vi\u0161ini 20 \u20ac \u2013 popolnoma varen za\u010detek igranja pokra za pravi denar<\/strong><\/span>! Poleg tega ste upravi\u010deni do dodatnega bonusa v vi\u0161ini 300 \u20ac ob naslednjem pologu. <\/span><a class=\"thirstylink\" title=\"888 poker en\" href=\"https:\/\/gambling6.com\/go\/888-poker-en\/\" target=\"_blank\" rel=\"nofollow noopener\"><strong>Kliknite tukaj, da se registrirate pri 888 in za\u010dnete igrati z 20 \u20ac pravega denarja brezpla\u010dno.<\/strong><\/a><br \/>\n<a href=\"https:\/\/ic.aff-handler.com\/C\/46138?sr=1073333&amp;anid=\" rel=\"nofollow\"><img loading=\"lazy\" decoding=\"async\" class=\"aligncenter\" src=\"https:\/\/ic.aff-handler.com\/I\/46138?sr=1073333&amp;anid=\" width=\"530\" height=\"68\" \/><\/a><\/p>\n<p>Na primer, Zdru\u017eeno kraljestvo svojim dr\u017eavljanom dovoljuje spletno igranje iger na sre\u010do in tudi delovanje tujih spletnih mest za igre na sre\u010do v dr\u017eavi. Nizozemska dovoljuje le prebivalcem igranje na spletnih poker straneh, ki imajo nizozemsko licenco. Vzhodnoevropske dr\u017eave pa se niso vklju\u010dile v spletno igralni\u0161ko tekmo, a so se v zadnjem \u010dasu, z enostavnim dostopom do interneta, tudi same pridru\u017eile tej igri. Pred kratkim je bil EU predlo\u017een predlog, ki poziva k enotnemu regulativnemu sistemu za spletne igre na sre\u010do v dr\u017eavah \u010dlanicah. To bi pomagalo standardizirati postopek licenciranja po vsej Evropi in ga poenostaviti.<\/p>\n<p>Za igralce na evropskih poker straneh veljajo le dav\u010dni zakoni. Igralce obdav\u010dijo njihove dr\u017eave in EU, ko naka\u017eejo denar na spletno poker stran s sede\u017eem v tujini. Razli\u010dne dr\u017eave v Evropi govorijo druge jezike. Evropske poker strani obi\u010dajno svojim strankam slu\u017eijo v lokalnem jeziku. Vendar pa nekatere ve\u010dje poker strani danes ponujajo svoja spletna mesta v razli\u010dnih jezikih, saj njihova poker programska oprema podpira ve\u010d jezikov.<\/p>\n<p>Podpora strankam je na voljo tudi v razli\u010dnih jezikih. Poleg angle\u0161\u010dine lahko poker stran ponuja franco\u0161\u010dino, \u0161pan\u0161\u010dino, nem\u0161\u010dino, nizozem\u0161\u010dino, dan\u0161\u010dino, italijan\u0161\u010dino, norve\u0161\u010dino, portugal\u0161\u010dino itd. Tako kot pri jezikih tudi evropske poker strani sprejemajo razli\u010dne valute. \u010ceprav so glavne valute ameri\u0161ki dolarji ali britanski funt, je evro skupna valuta v EU. Igralci pokra iz Evrope raje uporabljajo evro ali britanski funt za polog na spletnih poker straneh.<\/p>\n<p>Evropske poker strani obi\u010dajno ponujajo ve\u010d mo\u017enosti za polog in dvig, ki ustrezajo strankam iz razli\u010dnih dr\u017eav Evropske unije. Standardni na\u010dini pla\u010dila na spletnih poker straneh vklju\u010dujejo debetne kartice, kreditne kartice, e-denarnice, ban\u010dna nakazila, ban\u010dna nakazila in e-\u010deke. Najla\u017eji in najbolj priljubljen na\u010din za financiranje spletnega poker ra\u010duna je s kreditno kartico. Vendar pa nekateri izdajatelji kreditnih kartic morda ne odobravajo transakcij za spletne igre na sre\u010do, zato je najbolje, da preverite, preden se odlo\u010dite za to metodo.<\/p>\n<p>Mnogi igralci pokra menijo, da je priro\u010dno financirati svoje spletne poker ra\u010dune z uporabo e-denarnic. Igralci lahko odprejo ra\u010dun pri kateri koli storitvi e-denarnic in ga financirajo prek svoje banke. E-wallRa\u010dun et se lahko nato uporabi za nakazila na poker ra\u010dun. Med priljubljenimi e-denarnicami, ki jih ponujajo evropska podjetja, so Neteller, Moneybookers in e-WalletXpress, med drugim. Igralec lahko izbira med \u0161tevilnimi drugimi e-denarnicami, odvisno od njihove primernosti.<\/p>\n","protected":false},"excerpt":{"rendered":"<p>Tudi evropska spletna mesta imajo poker. V zadnjih nekaj letih je priljubljenost pokra dosegla nove vi\u0161ine. Evropske dr\u017eave so pomemben trg za spletna mesta za poker, zatiranje spletnih iger na sre\u010do s strani ameri\u0161ke vlade pa je operaterje prisililo, da so se v veliki meri osredoto\u010dili na evropski trg. \u010ceprav je poker v \u017eivo strast [&hellip;]<\/p>\n","protected":false},"author":1,"featured_media":0,"parent":8812,"menu_order":22,"comment_status":"closed","ping_status":"closed","template":"","meta":{"footnotes":""},"class_list":["post-8654","page","type-page","status-publish","hentry"],"yoast_head":"<!-- This site is optimized with the Yoast SEO plugin v27.3 - https:\/\/yoast.com\/product\/yoast-seo-wordpress\/ -->\n<title>Najbolj\u0161a evropska poker mesta<\/title>\n<meta name=\"description\" content=\"Evropski igralci pokra imajo na voljo veliko spletnih mest \u2013 tukaj so na\u0161e najljub\u0161e poker sobe v EU\" \/>\n<meta name=\"robots\" content=\"index, follow, max-snippet:-1, max-image-preview:large, max-video-preview:-1\" \/>\n<link rel=\"canonical\" href=\"https:\/\/gambling6.com\/sl\/poker\/igranje-na-evropskih-poker-straneh\/\" \/>\n<meta property=\"og:locale\" content=\"sl_SI\" \/>\n<meta property=\"og:type\" content=\"article\" \/>\n<meta property=\"og:title\" content=\"Najbolj\u0161a evropska poker mesta\" \/>\n<meta property=\"og:description\" content=\"Evropski igralci pokra imajo na voljo veliko spletnih mest \u2013 tukaj so na\u0161e najljub\u0161e poker sobe v EU\" \/>\n<meta property=\"og:url\" content=\"https:\/\/gambling6.com\/sl\/poker\/igranje-na-evropskih-poker-straneh\/\" \/>\n<meta property=\"og:site_name\" content=\"Gambling6\" \/>\n<meta property=\"article:modified_time\" content=\"2025-11-12T11:39:04+00:00\" \/>\n<meta property=\"og:image\" content=\"https:\/\/gambling6.com\/wp-content\/uploads\/2022\/04\/poker_bonusode_test_bericht.png\" \/>\n\t<meta property=\"og:image:width\" content=\"246\" \/>\n\t<meta property=\"og:image:height\" content=\"200\" \/>\n\t<meta property=\"og:image:type\" content=\"image\/png\" \/>\n<meta name=\"twitter:card\" content=\"summary_large_image\" \/>\n<meta name=\"twitter:label1\" content=\"Est. reading time\" \/>\n\t<meta name=\"twitter:data1\" content=\"4 minute\" \/>\n<script type=\"application\/ld+json\" class=\"yoast-schema-graph\">{\"@context\":\"https:\\\/\\\/schema.org\",\"@graph\":[{\"@type\":\"WebPage\",\"@id\":\"https:\\\/\\\/gambling6.com\\\/sl\\\/poker\\\/igranje-na-evropskih-poker-straneh\\\/\",\"url\":\"https:\\\/\\\/gambling6.com\\\/sl\\\/poker\\\/igranje-na-evropskih-poker-straneh\\\/\",\"name\":\"Najbolj\u0161a evropska poker mesta\",\"isPartOf\":{\"@id\":\"https:\\\/\\\/gambling6.com\\\/sl\\\/#website\"},\"primaryImageOfPage\":{\"@id\":\"https:\\\/\\\/gambling6.com\\\/sl\\\/poker\\\/igranje-na-evropskih-poker-straneh\\\/#primaryimage\"},\"image\":{\"@id\":\"https:\\\/\\\/gambling6.com\\\/sl\\\/poker\\\/igranje-na-evropskih-poker-straneh\\\/#primaryimage\"},\"thumbnailUrl\":\"https:\\\/\\\/gambling6.com\\\/wp-content\\\/uploads\\\/2022\\\/04\\\/poker_bonusode_test_bericht.png\",\"datePublished\":\"2025-11-07T22:17:00+00:00\",\"dateModified\":\"2025-11-12T11:39:04+00:00\",\"description\":\"Evropski igralci pokra imajo na voljo veliko spletnih mest \u2013 tukaj so na\u0161e najljub\u0161e poker sobe v EU\",\"breadcrumb\":{\"@id\":\"https:\\\/\\\/gambling6.com\\\/sl\\\/poker\\\/igranje-na-evropskih-poker-straneh\\\/#breadcrumb\"},\"inLanguage\":\"sl-SI\",\"potentialAction\":[{\"@type\":\"ReadAction\",\"target\":[\"https:\\\/\\\/gambling6.com\\\/sl\\\/poker\\\/igranje-na-evropskih-poker-straneh\\\/\"]}]},{\"@type\":\"ImageObject\",\"inLanguage\":\"sl-SI\",\"@id\":\"https:\\\/\\\/gambling6.com\\\/sl\\\/poker\\\/igranje-na-evropskih-poker-straneh\\\/#primaryimage\",\"url\":\"https:\\\/\\\/gambling6.com\\\/wp-content\\\/uploads\\\/2022\\\/04\\\/poker_bonusode_test_bericht.png\",\"contentUrl\":\"https:\\\/\\\/gambling6.com\\\/wp-content\\\/uploads\\\/2022\\\/04\\\/poker_bonusode_test_bericht.png\"},{\"@type\":\"BreadcrumbList\",\"@id\":\"https:\\\/\\\/gambling6.com\\\/sl\\\/poker\\\/igranje-na-evropskih-poker-straneh\\\/#breadcrumb\",\"itemListElement\":[{\"@type\":\"ListItem\",\"position\":1,\"name\":\"Home\",\"item\":\"https:\\\/\\\/gambling6.com\\\/sl\\\/home\\\/\"},{\"@type\":\"ListItem\",\"position\":2,\"name\":\"Poker\",\"item\":\"https:\\\/\\\/gambling6.com\\\/sl\\\/poker\\\/\"},{\"@type\":\"ListItem\",\"position\":3,\"name\":\"Igranje na evropskih poker straneh\"}]},{\"@type\":\"WebSite\",\"@id\":\"https:\\\/\\\/gambling6.com\\\/sl\\\/#website\",\"url\":\"https:\\\/\\\/gambling6.com\\\/sl\\\/\",\"name\":\"Gambling6\",\"description\":\"\",\"potentialAction\":[{\"@type\":\"SearchAction\",\"target\":{\"@type\":\"EntryPoint\",\"urlTemplate\":\"https:\\\/\\\/gambling6.com\\\/sl\\\/?s={search_term_string}\"},\"query-input\":{\"@type\":\"PropertyValueSpecification\",\"valueRequired\":true,\"valueName\":\"search_term_string\"}}],\"inLanguage\":\"sl-SI\"}]}<\/script>\n<!-- \/ Yoast SEO plugin. -->","yoast_head_json":{"title":"Najbolj\u0161a evropska poker mesta","description":"Evropski igralci pokra imajo na voljo veliko spletnih mest \u2013 tukaj so na\u0161e najljub\u0161e poker sobe v EU","robots":{"index":"index","follow":"follow","max-snippet":"max-snippet:-1","max-image-preview":"max-image-preview:large","max-video-preview":"max-video-preview:-1"},"canonical":"https:\/\/gambling6.com\/sl\/poker\/igranje-na-evropskih-poker-straneh\/","og_locale":"sl_SI","og_type":"article","og_title":"Najbolj\u0161a evropska poker mesta","og_description":"Evropski igralci pokra imajo na voljo veliko spletnih mest \u2013 tukaj so na\u0161e najljub\u0161e poker sobe v EU","og_url":"https:\/\/gambling6.com\/sl\/poker\/igranje-na-evropskih-poker-straneh\/","og_site_name":"Gambling6","article_modified_time":"2025-11-12T11:39:04+00:00","og_image":[{"width":246,"height":200,"url":"https:\/\/gambling6.com\/wp-content\/uploads\/2022\/04\/poker_bonusode_test_bericht.png","type":"image\/png"}],"twitter_card":"summary_large_image","twitter_misc":{"Est. reading time":"4 minute"},"schema":{"@context":"https:\/\/schema.org","@graph":[{"@type":"WebPage","@id":"https:\/\/gambling6.com\/sl\/poker\/igranje-na-evropskih-poker-straneh\/","url":"https:\/\/gambling6.com\/sl\/poker\/igranje-na-evropskih-poker-straneh\/","name":"Najbolj\u0161a evropska poker mesta","isPartOf":{"@id":"https:\/\/gambling6.com\/sl\/#website"},"primaryImageOfPage":{"@id":"https:\/\/gambling6.com\/sl\/poker\/igranje-na-evropskih-poker-straneh\/#primaryimage"},"image":{"@id":"https:\/\/gambling6.com\/sl\/poker\/igranje-na-evropskih-poker-straneh\/#primaryimage"},"thumbnailUrl":"https:\/\/gambling6.com\/wp-content\/uploads\/2022\/04\/poker_bonusode_test_bericht.png","datePublished":"2025-11-07T22:17:00+00:00","dateModified":"2025-11-12T11:39:04+00:00","description":"Evropski igralci pokra imajo na voljo veliko spletnih mest \u2013 tukaj so na\u0161e najljub\u0161e poker sobe v EU","breadcrumb":{"@id":"https:\/\/gambling6.com\/sl\/poker\/igranje-na-evropskih-poker-straneh\/#breadcrumb"},"inLanguage":"sl-SI","potentialAction":[{"@type":"ReadAction","target":["https:\/\/gambling6.com\/sl\/poker\/igranje-na-evropskih-poker-straneh\/"]}]},{"@type":"ImageObject","inLanguage":"sl-SI","@id":"https:\/\/gambling6.com\/sl\/poker\/igranje-na-evropskih-poker-straneh\/#primaryimage","url":"https:\/\/gambling6.com\/wp-content\/uploads\/2022\/04\/poker_bonusode_test_bericht.png","contentUrl":"https:\/\/gambling6.com\/wp-content\/uploads\/2022\/04\/poker_bonusode_test_bericht.png"},{"@type":"BreadcrumbList","@id":"https:\/\/gambling6.com\/sl\/poker\/igranje-na-evropskih-poker-straneh\/#breadcrumb","itemListElement":[{"@type":"ListItem","position":1,"name":"Home","item":"https:\/\/gambling6.com\/sl\/home\/"},{"@type":"ListItem","position":2,"name":"Poker","item":"https:\/\/gambling6.com\/sl\/poker\/"},{"@type":"ListItem","position":3,"name":"Igranje na evropskih poker straneh"}]},{"@type":"WebSite","@id":"https:\/\/gambling6.com\/sl\/#website","url":"https:\/\/gambling6.com\/sl\/","name":"Gambling6","description":"","potentialAction":[{"@type":"SearchAction","target":{"@type":"EntryPoint","urlTemplate":"https:\/\/gambling6.com\/sl\/?s={search_term_string}"},"query-input":{"@type":"PropertyValueSpecification","valueRequired":true,"valueName":"search_term_string"}}],"inLanguage":"sl-SI"}]}},"_links":{"self":[{"href":"https:\/\/gambling6.com\/sl\/wp-json\/wp\/v2\/pages\/8654","targetHints":{"allow":["GET"]}}],"collection":[{"href":"https:\/\/gambling6.com\/sl\/wp-json\/wp\/v2\/pages"}],"about":[{"href":"https:\/\/gambling6.com\/sl\/wp-json\/wp\/v2\/types\/page"}],"author":[{"embeddable":true,"href":"https:\/\/gambling6.com\/sl\/wp-json\/wp\/v2\/users\/1"}],"replies":[{"embeddable":true,"href":"https:\/\/gambling6.com\/sl\/wp-json\/wp\/v2\/comments?post=8654"}],"version-history":[{"count":2,"href":"https:\/\/gambling6.com\/sl\/wp-json\/wp\/v2\/pages\/8654\/revisions"}],"predecessor-version":[{"id":10585,"href":"https:\/\/gambling6.com\/sl\/wp-json\/wp\/v2\/pages\/8654\/revisions\/10585"}],"up":[{"embeddable":true,"href":"https:\/\/gambling6.com\/sl\/wp-json\/wp\/v2\/pages\/8812"}],"wp:attachment":[{"href":"https:\/\/gambling6.com\/sl\/wp-json\/wp\/v2\/media?parent=8654"}],"curies":[{"name":"wp","href":"https:\/\/api.w.org\/{rel}","templated":true}]}}