{"id":8704,"date":"2025-11-07T22:56:51","date_gmt":"2025-11-07T22:56:51","guid":{"rendered":"https:\/\/gambling6.com\/srecke\/"},"modified":"2025-11-07T22:56:51","modified_gmt":"2025-11-07T22:56:51","slug":"srecke","status":"publish","type":"page","link":"https:\/\/gambling6.com\/sl\/srecke\/","title":{"rendered":"sre\u010dke"},"content":{"rendered":"<p>\u010ce imate radi vznemirjenje igranja sre\u010dk ali drugih iger s takoj\u0161njim dobitkom, vam bo na\u0161e priporo\u010dilo za spletno igranje sre\u010dk v\u0161e\u010d. Na internetu je veliko mo\u017enosti za igranje sre\u010dk. Vsa ta spletna mesta ponujajo bonuse za registracijo in dobro izbiro izdelkov. Lahko se registrirate, izberete na\u010din pla\u010dila, napolnite svoj ra\u010dun in \u017ee v nekaj minutah za\u010dnete igrati.<img loading=\"lazy\" decoding=\"async\" class=\" alignright wp-image-511\" style=\"margin: 10px; border: 5px solid #ffffff; float: right;\" src=\"http:\/\/gambling6.com\/wp-content\/uploads\/2013\/12\/best_online_scratchcards.jpg\" alt=\"najbolj\u0161e spletne sre\u010dke\" width=\"299\" height=\"163\" srcset=\"https:\/\/gambling6.com\/wp-content\/uploads\/2013\/12\/best_online_scratchcards.jpg 446w, https:\/\/gambling6.com\/wp-content\/uploads\/2013\/12\/best_online_scratchcards-300x163.jpg 300w\" sizes=\"auto, (max-width: 299px) 100vw, 299px\" \/><\/p>\n<h2>Spletna mesta s sre\u010dkami ponujajo odli\u010dno animacijo<\/h2>\n<p>Za razliko od iger, ki jih igrate na sre\u010dkah pri svojem najljub\u0161em prodajalcu loterij, spletne razli\u010dice sre\u010dk ponujajo vznemirljivo animacijo za ustvarjanje zabavnega okolja. Vznemirjenje ob zmagi in adrenalinski naval, ki ga igralci dobijo ob pogledu na zmagovalne predmete na zaslonu, sta tisto, zaradi \u010desar se igralci vedno znova vra\u010dajo na spletna mesta s sre\u010dkami. Ta spletna mesta imajo dodane vizualne pripomo\u010dke za pove\u010danje napetosti in navdu\u0161enja.<\/p>\n<h2>Sre\u010dkarnice 888 Casino Instant Win so zasnovane za evropske in britanske igralce<\/h2>\n<p>Igralnica 888 je mednarodno znana kot igralnica svetovnega razreda, a je tudi sila, s katero je treba ra\u010dunati na spletnih sre\u010dkah. <a class=\"thirstylink\" title=\"888 casino en\" href=\"https:\/\/gambling6.com\/go\/888-casino-en\/\" target=\"_blank\" rel=\"nofollow noopener\">Razdelek s sre\u010dkami lahko obi\u0161\u010dete s klikom tukaj.<\/a><\/p>\n<p>Kaj natan\u010dno boste videli v spletnih igrah s sre\u010dkami v igralnici 888 Casino? Najpomembneje pa je, da bodo igralci navdu\u0161eni nad \u0161tevilom ponujenih kart. Igrate lahko ve\u010d kot 40 razli\u010dnih iger, in \u010de se naveli\u010date igranja sre\u010dk, lahko hitro preklopite na njihove stotine spletnih igralnih avtomatov s progresivnimi jackpoti in igralno ponudbo za vse igralce. Mnogi od teh avtomatov se za\u010dnejo kot igralni avtomati za peni s fantasti\u010dnimi izpla\u010dili.<\/p>\n<p>Ta stran ponuja \u0161iroko paleto igralni\u0161kih iger, pa tudi poker in \u0161portne stave.<\/p>\n<p>Navdu\u0161enje nad igralnico 888 Casino poganja ekipa za podporo, ki je odgovorna za ustvarjanje okolja, zaradi katerega se vedno znova vra\u010date. Vedno si izmi\u0161ljajo nove na\u010dine, kako vam ponuditi nove igre in nove na\u010dine za zmago ter vas obve\u0161\u010dajo na vsakem koraku.<\/p>\n<p>Zdru\u017eite ogromne jackpote z veliko igrami in dodajte vrhunsko ekipo, ki dela no\u010d in dan, da vam zagotovi nove programe, ki vas bodo zabavali, in dobili boste \u010dudovito me\u0161anico sre\u010dk. Poskrbite, da se boste pridru\u017eili akciji sre\u010dk v igralnici 888 Casino.<\/p>\n","protected":false},"excerpt":{"rendered":"<p>\u010ce imate radi vznemirjenje igranja sre\u010dk ali drugih iger s takoj\u0161njim dobitkom, vam bo na\u0161e priporo\u010dilo za spletno igranje sre\u010dk v\u0161e\u010d. Na internetu je veliko mo\u017enosti za igranje sre\u010dk. Vsa ta spletna mesta ponujajo bonuse za registracijo in dobro izbiro izdelkov. Lahko se registrirate, izberete na\u010din pla\u010dila, napolnite svoj ra\u010dun in \u017ee v nekaj minutah [&hellip;]<\/p>\n","protected":false},"author":1,"featured_media":8694,"parent":0,"menu_order":7,"comment_status":"closed","ping_status":"closed","template":"","meta":{"footnotes":""},"class_list":["post-8704","page","type-page","status-publish","has-post-thumbnail","hentry"],"yoast_head":"<!-- This site is optimized with the Yoast SEO plugin v27.3 - https:\/\/yoast.com\/product\/yoast-seo-wordpress\/ -->\n<title>Katera so najbolj\u0161a spletna mesta za sre\u010dke?<\/title>\n<meta name=\"description\" content=\"Za\u010dnite igrati na najbolj\u0161i spletni strani za spletne sre\u010dke. Na voljo so desetine sre\u010dk v \u0161irokem razponu nagrad.\" \/>\n<meta name=\"robots\" content=\"index, follow, max-snippet:-1, max-image-preview:large, max-video-preview:-1\" \/>\n<link rel=\"canonical\" href=\"https:\/\/gambling6.com\/sl\/srecke\/\" \/>\n<meta property=\"og:locale\" content=\"sl_SI\" \/>\n<meta property=\"og:type\" content=\"article\" \/>\n<meta property=\"og:title\" content=\"Katera so najbolj\u0161a spletna mesta za sre\u010dke?\" \/>\n<meta property=\"og:description\" content=\"Za\u010dnite igrati na najbolj\u0161i spletni strani za spletne sre\u010dke. Na voljo so desetine sre\u010dk v \u0161irokem razponu nagrad.\" \/>\n<meta property=\"og:url\" content=\"https:\/\/gambling6.com\/sl\/srecke\/\" \/>\n<meta property=\"og:site_name\" content=\"Gambling6\" \/>\n<meta property=\"og:image\" content=\"https:\/\/gambling6.com\/wp-content\/uploads\/2013\/12\/best_online_scratchcards.jpg\" \/>\n\t<meta property=\"og:image:width\" content=\"446\" \/>\n\t<meta property=\"og:image:height\" content=\"243\" \/>\n\t<meta property=\"og:image:type\" content=\"image\/jpeg\" \/>\n<meta name=\"twitter:card\" content=\"summary_large_image\" \/>\n<meta name=\"twitter:label1\" content=\"Est. reading time\" \/>\n\t<meta name=\"twitter:data1\" content=\"2 minuti\" \/>\n<script type=\"application\/ld+json\" class=\"yoast-schema-graph\">{\"@context\":\"https:\\\/\\\/schema.org\",\"@graph\":[{\"@type\":\"WebPage\",\"@id\":\"https:\\\/\\\/gambling6.com\\\/sl\\\/srecke\\\/\",\"url\":\"https:\\\/\\\/gambling6.com\\\/sl\\\/srecke\\\/\",\"name\":\"Katera so najbolj\u0161a spletna mesta za sre\u010dke?\",\"isPartOf\":{\"@id\":\"https:\\\/\\\/gambling6.com\\\/sl\\\/#website\"},\"primaryImageOfPage\":{\"@id\":\"https:\\\/\\\/gambling6.com\\\/sl\\\/srecke\\\/#primaryimage\"},\"image\":{\"@id\":\"https:\\\/\\\/gambling6.com\\\/sl\\\/srecke\\\/#primaryimage\"},\"thumbnailUrl\":\"https:\\\/\\\/gambling6.com\\\/wp-content\\\/uploads\\\/2013\\\/12\\\/best_online_scratchcards.jpg\",\"datePublished\":\"2025-11-07T22:56:51+00:00\",\"description\":\"Za\u010dnite igrati na najbolj\u0161i spletni strani za spletne sre\u010dke. Na voljo so desetine sre\u010dk v \u0161irokem razponu nagrad.\",\"breadcrumb\":{\"@id\":\"https:\\\/\\\/gambling6.com\\\/sl\\\/srecke\\\/#breadcrumb\"},\"inLanguage\":\"sl-SI\",\"potentialAction\":[{\"@type\":\"ReadAction\",\"target\":[\"https:\\\/\\\/gambling6.com\\\/sl\\\/srecke\\\/\"]}]},{\"@type\":\"ImageObject\",\"inLanguage\":\"sl-SI\",\"@id\":\"https:\\\/\\\/gambling6.com\\\/sl\\\/srecke\\\/#primaryimage\",\"url\":\"https:\\\/\\\/gambling6.com\\\/wp-content\\\/uploads\\\/2013\\\/12\\\/best_online_scratchcards.jpg\",\"contentUrl\":\"https:\\\/\\\/gambling6.com\\\/wp-content\\\/uploads\\\/2013\\\/12\\\/best_online_scratchcards.jpg\",\"width\":446,\"height\":243},{\"@type\":\"BreadcrumbList\",\"@id\":\"https:\\\/\\\/gambling6.com\\\/sl\\\/srecke\\\/#breadcrumb\",\"itemListElement\":[{\"@type\":\"ListItem\",\"position\":1,\"name\":\"Home\",\"item\":\"https:\\\/\\\/gambling6.com\\\/sl\\\/home\\\/\"},{\"@type\":\"ListItem\",\"position\":2,\"name\":\"sre\u010dke\"}]},{\"@type\":\"WebSite\",\"@id\":\"https:\\\/\\\/gambling6.com\\\/sl\\\/#website\",\"url\":\"https:\\\/\\\/gambling6.com\\\/sl\\\/\",\"name\":\"Gambling6\",\"description\":\"\",\"potentialAction\":[{\"@type\":\"SearchAction\",\"target\":{\"@type\":\"EntryPoint\",\"urlTemplate\":\"https:\\\/\\\/gambling6.com\\\/sl\\\/?s={search_term_string}\"},\"query-input\":{\"@type\":\"PropertyValueSpecification\",\"valueRequired\":true,\"valueName\":\"search_term_string\"}}],\"inLanguage\":\"sl-SI\"}]}<\/script>\n<!-- \/ Yoast SEO plugin. -->","yoast_head_json":{"title":"Katera so najbolj\u0161a spletna mesta za sre\u010dke?","description":"Za\u010dnite igrati na najbolj\u0161i spletni strani za spletne sre\u010dke. Na voljo so desetine sre\u010dk v \u0161irokem razponu nagrad.","robots":{"index":"index","follow":"follow","max-snippet":"max-snippet:-1","max-image-preview":"max-image-preview:large","max-video-preview":"max-video-preview:-1"},"canonical":"https:\/\/gambling6.com\/sl\/srecke\/","og_locale":"sl_SI","og_type":"article","og_title":"Katera so najbolj\u0161a spletna mesta za sre\u010dke?","og_description":"Za\u010dnite igrati na najbolj\u0161i spletni strani za spletne sre\u010dke. Na voljo so desetine sre\u010dk v \u0161irokem razponu nagrad.","og_url":"https:\/\/gambling6.com\/sl\/srecke\/","og_site_name":"Gambling6","og_image":[{"width":446,"height":243,"url":"https:\/\/gambling6.com\/wp-content\/uploads\/2013\/12\/best_online_scratchcards.jpg","type":"image\/jpeg"}],"twitter_card":"summary_large_image","twitter_misc":{"Est. reading time":"2 minuti"},"schema":{"@context":"https:\/\/schema.org","@graph":[{"@type":"WebPage","@id":"https:\/\/gambling6.com\/sl\/srecke\/","url":"https:\/\/gambling6.com\/sl\/srecke\/","name":"Katera so najbolj\u0161a spletna mesta za sre\u010dke?","isPartOf":{"@id":"https:\/\/gambling6.com\/sl\/#website"},"primaryImageOfPage":{"@id":"https:\/\/gambling6.com\/sl\/srecke\/#primaryimage"},"image":{"@id":"https:\/\/gambling6.com\/sl\/srecke\/#primaryimage"},"thumbnailUrl":"https:\/\/gambling6.com\/wp-content\/uploads\/2013\/12\/best_online_scratchcards.jpg","datePublished":"2025-11-07T22:56:51+00:00","description":"Za\u010dnite igrati na najbolj\u0161i spletni strani za spletne sre\u010dke. Na voljo so desetine sre\u010dk v \u0161irokem razponu nagrad.","breadcrumb":{"@id":"https:\/\/gambling6.com\/sl\/srecke\/#breadcrumb"},"inLanguage":"sl-SI","potentialAction":[{"@type":"ReadAction","target":["https:\/\/gambling6.com\/sl\/srecke\/"]}]},{"@type":"ImageObject","inLanguage":"sl-SI","@id":"https:\/\/gambling6.com\/sl\/srecke\/#primaryimage","url":"https:\/\/gambling6.com\/wp-content\/uploads\/2013\/12\/best_online_scratchcards.jpg","contentUrl":"https:\/\/gambling6.com\/wp-content\/uploads\/2013\/12\/best_online_scratchcards.jpg","width":446,"height":243},{"@type":"BreadcrumbList","@id":"https:\/\/gambling6.com\/sl\/srecke\/#breadcrumb","itemListElement":[{"@type":"ListItem","position":1,"name":"Home","item":"https:\/\/gambling6.com\/sl\/home\/"},{"@type":"ListItem","position":2,"name":"sre\u010dke"}]},{"@type":"WebSite","@id":"https:\/\/gambling6.com\/sl\/#website","url":"https:\/\/gambling6.com\/sl\/","name":"Gambling6","description":"","potentialAction":[{"@type":"SearchAction","target":{"@type":"EntryPoint","urlTemplate":"https:\/\/gambling6.com\/sl\/?s={search_term_string}"},"query-input":{"@type":"PropertyValueSpecification","valueRequired":true,"valueName":"search_term_string"}}],"inLanguage":"sl-SI"}]}},"_links":{"self":[{"href":"https:\/\/gambling6.com\/sl\/wp-json\/wp\/v2\/pages\/8704","targetHints":{"allow":["GET"]}}],"collection":[{"href":"https:\/\/gambling6.com\/sl\/wp-json\/wp\/v2\/pages"}],"about":[{"href":"https:\/\/gambling6.com\/sl\/wp-json\/wp\/v2\/types\/page"}],"author":[{"embeddable":true,"href":"https:\/\/gambling6.com\/sl\/wp-json\/wp\/v2\/users\/1"}],"replies":[{"embeddable":true,"href":"https:\/\/gambling6.com\/sl\/wp-json\/wp\/v2\/comments?post=8704"}],"version-history":[{"count":0,"href":"https:\/\/gambling6.com\/sl\/wp-json\/wp\/v2\/pages\/8704\/revisions"}],"wp:featuredmedia":[{"embeddable":true,"href":"https:\/\/gambling6.com\/sl\/wp-json\/wp\/v2\/media\/8694"}],"wp:attachment":[{"href":"https:\/\/gambling6.com\/sl\/wp-json\/wp\/v2\/media?parent=8704"}],"curies":[{"name":"wp","href":"https:\/\/api.w.org\/{rel}","templated":true}]}}