{"id":8812,"date":"2025-11-08T00:14:15","date_gmt":"2025-11-08T00:14:15","guid":{"rendered":"https:\/\/gambling6.com\/poker\/"},"modified":"2025-11-12T11:24:14","modified_gmt":"2025-11-12T11:24:14","slug":"poker","status":"publish","type":"page","link":"https:\/\/gambling6.com\/sl\/poker\/","title":{"rendered":"Poker"},"content":{"rendered":"<h2 style=\"text-align: left;\"><img loading=\"lazy\" decoding=\"async\" class=\" wp-image-3009 alignright\" src=\"https:\/\/gambling6.com\/wp-content\/uploads\/2022\/04\/pokertournament-300x209.jpg\" alt=\"start poker\" width=\"266\" height=\"185\" srcset=\"https:\/\/gambling6.com\/wp-content\/uploads\/2022\/04\/pokertournament-300x209.jpg 300w, https:\/\/gambling6.com\/wp-content\/uploads\/2022\/04\/pokertournament.jpg 415w\" sizes=\"auto, (max-width: 266px) 100vw, 266px\" \/>Za\u010dnite igrati spletni poker<\/h2>\n<p>\u010ce \u017eelite za\u010deti igrati spletni poker, morate vedeti nekaj stvari. Poker je igra spretnosti. Ne trdimo, da sre\u010da ni pomembna \u2013 pravzaprav je \u2013 ampak resnica je, da \u010de \u017eelite zaslu\u017eiti denar, je vsekakor potrebna krivulja u\u010denja.<\/p>\n<h2>5 zlatih pravil za za\u010detek igranja pokra na spletu<\/h2>\n<ol>\n<li>Pametno izberite svojo poker sobo \u2013 preden izberete spletno mesto, kjer boste igrali, preberite na\u0161e ocene<\/li>\n<li>Za\u010dnite z igralnim denarjem, da se seznanite s pravili in samo igro, nato pa za\u010dnite z najni\u017ejo stopnjo za pravi denar<\/li>\n<li>Posvetite veliko \u010dasa branju o strategiji pokra. Vedite, katere za\u010detne roke so dobre v kateri situaciji in kako jih igrati na katerem polo\u017eaju za mizo. \u00bbTight je prava izbira\u00ab je najbolj\u0161i nasvet za za\u010detnika, va\u0161 relativni polo\u017eaj pa je zelo pomemben za va\u0161e odlo\u010ditve.<\/li>\n<li>Izkoristite dobro bonus ponudbo za prvi depozit ali celo ponudbo brezpla\u010dnega kapitala, kot je tista pri 888 Poker. Za prijavo vam bodo brezpla\u010dno dali 20,00 \u20ac (ali GBP, odvisno od tega, kje \u017eivite)! In \u0161e vedno dobite bonus na depozit v vi\u0161ini 100 % in do 300,00 \u20ac ali GBP, ko polo\u017eite denar. <a class=\"thirstylink\" title=\"888 poker en\" href=\"https:\/\/gambling6.com\/go\/888-poker-en\/\" target=\"_blank\" rel=\"nofollow noopener\"><span style=\"text-decoration: underline;\"><strong>Kliknite tukaj, da<\/strong><\/span><span style=\"text-decoration: underline;\"><strong>pojdite <\/strong><\/span><span style=\"text-decoration: underline;\"><strong>na <\/strong><\/span><span style=\"text-decoration: underline;\"><strong>8<\/strong><\/span><strong>88 Poker zdaj.<\/strong><\/a><\/li>\n<li>Svoj bankroll upravljajte previdno. Stavite vsaj 100-kratnik, \u0161e bolje 200-kratnik minimalnega zneska stave za raven, na kateri igrate.<\/li>\n<\/ol>\n<p><a href=\"https:\/\/ic.aff-handler.com\/C\/46138?sr=1073333&amp;anid=\" rel=\"nofollow\"><img loading=\"lazy\" decoding=\"async\" class=\"aligncenter\" src=\"https:\/\/ic.aff-handler.com\/I\/46138?sr=1073333&amp;anid=\" width=\"563\" height=\"72\" \/><\/a><\/p>\n<h2>Najbolj\u0161e spletne strani za igranje spletnega pokra za za\u010detnike<\/h2>\n<p>No, ena spletna stran, ki smo jo \u017ee omenili, je 888 Poker, kjer vam promocija 20 \u20ac brezpla\u010dnega bankrolla omogo\u010da takoj\u0161nje igranje s pravim denarjem, brez pologa. Kasneje boste prejeli \u0161e en bonus, ko boste nakazali svoj denar, ki bo va\u0161 denar podvojil. Vendar ta ponudnik ne sprejema igralcev iz ZDA.<\/p>\n<h2>Najbolj\u0161a spletna mesta za igralce pokra iz ZDA<\/h2>\n<p>Zaradi zakonskih omejitev v ZDA nimate toliko izbire. Ve\u010dina operaterjev se je umaknila z ameri\u0161kega trga, reguliran trg spletnih iger na sre\u010do v ZDA pa je \u0161e vedno stvar prihodnosti \u2013 vsaj za ve\u010dino dr\u017eav.<\/p>\n<p>Kljub temu je trenutno va\u0161a najbolj\u0161a mo\u017enost BetOnline Poker. <a class=\"thirstylink\" title=\"Betonline poker sl\" href=\"https:\/\/gambling6.com\/go\/betonline-poker-en\/\" target=\"_blank\" rel=\"nofollow noopener\">Kliknite to povezavo, da obi\u0161\u010dete njihovo spletno mesto<\/a>, kjer lahko igrate poker in vse vrste igralni\u0161kih iger.<\/p>\n","protected":false},"excerpt":{"rendered":"<p>Za\u010dnite igrati spletni poker \u010ce \u017eelite za\u010deti igrati spletni poker, morate vedeti nekaj stvari. Poker je igra spretnosti. Ne trdimo, da sre\u010da ni pomembna \u2013 pravzaprav je \u2013 ampak resnica je, da \u010de \u017eelite zaslu\u017eiti denar, je vsekakor potrebna krivulja u\u010denja. 5 zlatih pravil za za\u010detek igranja pokra na spletu Pametno izberite svojo poker sobo [&hellip;]<\/p>\n","protected":false},"author":1,"featured_media":0,"parent":0,"menu_order":5,"comment_status":"closed","ping_status":"closed","template":"","meta":{"footnotes":""},"class_list":["post-8812","page","type-page","status-publish","hentry"],"yoast_head":"<!-- This site is optimized with the Yoast SEO plugin v27.3 - https:\/\/yoast.com\/product\/yoast-seo-wordpress\/ -->\n<title>Najbolj\u0161a mesta za za\u010detek igranja spletnega pokra?<\/title>\n<meta name=\"description\" content=\"Najbolj\u0161a mesta za spletni poker, 5 zlatih pravil za za\u010detek\" \/>\n<meta name=\"robots\" content=\"index, follow, max-snippet:-1, max-image-preview:large, max-video-preview:-1\" \/>\n<link rel=\"canonical\" href=\"https:\/\/gambling6.com\/sl\/poker\/\" \/>\n<meta property=\"og:locale\" content=\"sl_SI\" \/>\n<meta property=\"og:type\" content=\"article\" \/>\n<meta property=\"og:title\" content=\"Najbolj\u0161a mesta za za\u010detek igranja spletnega pokra?\" \/>\n<meta property=\"og:description\" content=\"Najbolj\u0161a mesta za spletni poker, 5 zlatih pravil za za\u010detek\" \/>\n<meta property=\"og:url\" content=\"https:\/\/gambling6.com\/sl\/poker\/\" \/>\n<meta property=\"og:site_name\" content=\"Gambling6\" \/>\n<meta property=\"article:modified_time\" content=\"2025-11-12T11:24:14+00:00\" \/>\n<meta property=\"og:image\" content=\"https:\/\/gambling6.com\/wp-content\/uploads\/2022\/04\/pokertournament.jpg\" \/>\n\t<meta property=\"og:image:width\" content=\"415\" \/>\n\t<meta property=\"og:image:height\" content=\"289\" \/>\n\t<meta property=\"og:image:type\" content=\"image\/jpeg\" \/>\n<meta name=\"twitter:card\" content=\"summary_large_image\" \/>\n<meta name=\"twitter:label1\" content=\"Est. reading time\" \/>\n\t<meta name=\"twitter:data1\" content=\"2 minuti\" \/>\n<script type=\"application\/ld+json\" class=\"yoast-schema-graph\">{\"@context\":\"https:\\\/\\\/schema.org\",\"@graph\":[{\"@type\":\"WebPage\",\"@id\":\"https:\\\/\\\/gambling6.com\\\/sl\\\/poker\\\/\",\"url\":\"https:\\\/\\\/gambling6.com\\\/sl\\\/poker\\\/\",\"name\":\"Najbolj\u0161a mesta za za\u010detek igranja spletnega pokra?\",\"isPartOf\":{\"@id\":\"https:\\\/\\\/gambling6.com\\\/sl\\\/#website\"},\"primaryImageOfPage\":{\"@id\":\"https:\\\/\\\/gambling6.com\\\/sl\\\/poker\\\/#primaryimage\"},\"image\":{\"@id\":\"https:\\\/\\\/gambling6.com\\\/sl\\\/poker\\\/#primaryimage\"},\"thumbnailUrl\":\"https:\\\/\\\/gambling6.com\\\/wp-content\\\/uploads\\\/2022\\\/04\\\/pokertournament-300x209.jpg\",\"datePublished\":\"2025-11-08T00:14:15+00:00\",\"dateModified\":\"2025-11-12T11:24:14+00:00\",\"description\":\"Najbolj\u0161a mesta za spletni poker, 5 zlatih pravil za za\u010detek\",\"breadcrumb\":{\"@id\":\"https:\\\/\\\/gambling6.com\\\/sl\\\/poker\\\/#breadcrumb\"},\"inLanguage\":\"sl-SI\",\"potentialAction\":[{\"@type\":\"ReadAction\",\"target\":[\"https:\\\/\\\/gambling6.com\\\/sl\\\/poker\\\/\"]}]},{\"@type\":\"ImageObject\",\"inLanguage\":\"sl-SI\",\"@id\":\"https:\\\/\\\/gambling6.com\\\/sl\\\/poker\\\/#primaryimage\",\"url\":\"https:\\\/\\\/gambling6.com\\\/wp-content\\\/uploads\\\/2022\\\/04\\\/pokertournament-300x209.jpg\",\"contentUrl\":\"https:\\\/\\\/gambling6.com\\\/wp-content\\\/uploads\\\/2022\\\/04\\\/pokertournament-300x209.jpg\"},{\"@type\":\"BreadcrumbList\",\"@id\":\"https:\\\/\\\/gambling6.com\\\/sl\\\/poker\\\/#breadcrumb\",\"itemListElement\":[{\"@type\":\"ListItem\",\"position\":1,\"name\":\"Home\",\"item\":\"https:\\\/\\\/gambling6.com\\\/sl\\\/home\\\/\"},{\"@type\":\"ListItem\",\"position\":2,\"name\":\"Poker\"}]},{\"@type\":\"WebSite\",\"@id\":\"https:\\\/\\\/gambling6.com\\\/sl\\\/#website\",\"url\":\"https:\\\/\\\/gambling6.com\\\/sl\\\/\",\"name\":\"Gambling6\",\"description\":\"\",\"potentialAction\":[{\"@type\":\"SearchAction\",\"target\":{\"@type\":\"EntryPoint\",\"urlTemplate\":\"https:\\\/\\\/gambling6.com\\\/sl\\\/?s={search_term_string}\"},\"query-input\":{\"@type\":\"PropertyValueSpecification\",\"valueRequired\":true,\"valueName\":\"search_term_string\"}}],\"inLanguage\":\"sl-SI\"}]}<\/script>\n<!-- \/ Yoast SEO plugin. -->","yoast_head_json":{"title":"Najbolj\u0161a mesta za za\u010detek igranja spletnega pokra?","description":"Najbolj\u0161a mesta za spletni poker, 5 zlatih pravil za za\u010detek","robots":{"index":"index","follow":"follow","max-snippet":"max-snippet:-1","max-image-preview":"max-image-preview:large","max-video-preview":"max-video-preview:-1"},"canonical":"https:\/\/gambling6.com\/sl\/poker\/","og_locale":"sl_SI","og_type":"article","og_title":"Najbolj\u0161a mesta za za\u010detek igranja spletnega pokra?","og_description":"Najbolj\u0161a mesta za spletni poker, 5 zlatih pravil za za\u010detek","og_url":"https:\/\/gambling6.com\/sl\/poker\/","og_site_name":"Gambling6","article_modified_time":"2025-11-12T11:24:14+00:00","og_image":[{"width":415,"height":289,"url":"https:\/\/gambling6.com\/wp-content\/uploads\/2022\/04\/pokertournament.jpg","type":"image\/jpeg"}],"twitter_card":"summary_large_image","twitter_misc":{"Est. reading time":"2 minuti"},"schema":{"@context":"https:\/\/schema.org","@graph":[{"@type":"WebPage","@id":"https:\/\/gambling6.com\/sl\/poker\/","url":"https:\/\/gambling6.com\/sl\/poker\/","name":"Najbolj\u0161a mesta za za\u010detek igranja spletnega pokra?","isPartOf":{"@id":"https:\/\/gambling6.com\/sl\/#website"},"primaryImageOfPage":{"@id":"https:\/\/gambling6.com\/sl\/poker\/#primaryimage"},"image":{"@id":"https:\/\/gambling6.com\/sl\/poker\/#primaryimage"},"thumbnailUrl":"https:\/\/gambling6.com\/wp-content\/uploads\/2022\/04\/pokertournament-300x209.jpg","datePublished":"2025-11-08T00:14:15+00:00","dateModified":"2025-11-12T11:24:14+00:00","description":"Najbolj\u0161a mesta za spletni poker, 5 zlatih pravil za za\u010detek","breadcrumb":{"@id":"https:\/\/gambling6.com\/sl\/poker\/#breadcrumb"},"inLanguage":"sl-SI","potentialAction":[{"@type":"ReadAction","target":["https:\/\/gambling6.com\/sl\/poker\/"]}]},{"@type":"ImageObject","inLanguage":"sl-SI","@id":"https:\/\/gambling6.com\/sl\/poker\/#primaryimage","url":"https:\/\/gambling6.com\/wp-content\/uploads\/2022\/04\/pokertournament-300x209.jpg","contentUrl":"https:\/\/gambling6.com\/wp-content\/uploads\/2022\/04\/pokertournament-300x209.jpg"},{"@type":"BreadcrumbList","@id":"https:\/\/gambling6.com\/sl\/poker\/#breadcrumb","itemListElement":[{"@type":"ListItem","position":1,"name":"Home","item":"https:\/\/gambling6.com\/sl\/home\/"},{"@type":"ListItem","position":2,"name":"Poker"}]},{"@type":"WebSite","@id":"https:\/\/gambling6.com\/sl\/#website","url":"https:\/\/gambling6.com\/sl\/","name":"Gambling6","description":"","potentialAction":[{"@type":"SearchAction","target":{"@type":"EntryPoint","urlTemplate":"https:\/\/gambling6.com\/sl\/?s={search_term_string}"},"query-input":{"@type":"PropertyValueSpecification","valueRequired":true,"valueName":"search_term_string"}}],"inLanguage":"sl-SI"}]}},"_links":{"self":[{"href":"https:\/\/gambling6.com\/sl\/wp-json\/wp\/v2\/pages\/8812","targetHints":{"allow":["GET"]}}],"collection":[{"href":"https:\/\/gambling6.com\/sl\/wp-json\/wp\/v2\/pages"}],"about":[{"href":"https:\/\/gambling6.com\/sl\/wp-json\/wp\/v2\/types\/page"}],"author":[{"embeddable":true,"href":"https:\/\/gambling6.com\/sl\/wp-json\/wp\/v2\/users\/1"}],"replies":[{"embeddable":true,"href":"https:\/\/gambling6.com\/sl\/wp-json\/wp\/v2\/comments?post=8812"}],"version-history":[{"count":1,"href":"https:\/\/gambling6.com\/sl\/wp-json\/wp\/v2\/pages\/8812\/revisions"}],"predecessor-version":[{"id":10574,"href":"https:\/\/gambling6.com\/sl\/wp-json\/wp\/v2\/pages\/8812\/revisions\/10574"}],"wp:attachment":[{"href":"https:\/\/gambling6.com\/sl\/wp-json\/wp\/v2\/media?parent=8812"}],"curies":[{"name":"wp","href":"https:\/\/api.w.org\/{rel}","templated":true}]}}