{"id":8849,"date":"2025-11-08T08:37:51","date_gmt":"2025-11-08T08:37:51","guid":{"rendered":"https:\/\/gambling6.com\/kazino\/varnost-vasega-spletnega-igralniskega-racuna\/"},"modified":"2025-11-12T09:13:43","modified_gmt":"2025-11-12T09:13:43","slug":"varnost-vasega-spletnega-igralniskega-racuna","status":"publish","type":"page","link":"https:\/\/gambling6.com\/sl\/kazino\/varnost-vasega-spletnega-igralniskega-racuna\/","title":{"rendered":"Varnost va\u0161ega spletnega igralni\u0161kega ra\u010duna"},"content":{"rendered":"<h2>Izogibajte se slabim spletnim mestom in sprejmite nekaj varnostnih ukrepov.<\/h2>\n<p>Svet spletnih iger na sre\u010do je znatno zrasel in \u010deprav je to na splo\u0161no dobro za igralce, ima tudi nekaj pomanjkljivosti. Spletna varnost, ki jo ponujajo igralnice, je verjetno najpomembnej\u0161i element pri igranju za pravi denar, uporabnikom pa je treba zagotoviti brezhibne finan\u010dne transakcije.<\/p>\n<p>\u017dal so v dana\u0161njem tehnolo\u0161ko naprednem svetu prevare in spletne goljufije preve\u010d pogoste, da bi domnevali, da se vam ne bodo zgodile, in zato ne bi sprejeli nobenih ukrepov za njihovo prepre\u010devanje. Nove spletne igralnice se pojavijo skoraj \u010dez no\u010d in obljubljajo ogromne bonuse, da bi za\u010dele igrati in pritegnile veliko \u0161tevilo strank.<\/p>\n<p>Zelo pomembno je vedeti, ali jim je mogo\u010de zaupati, in toplo priporo\u010damo, da najprej pridobite ve\u010d informacij z drugih spletnih mest. Ocene uporabnikov ali izku\u0161enih igralcev postajajo na internetu zelo priljubljene, saj vse ve\u010d igralcev na sre\u010do vidi tveganje, da se slepo vpletejo v igro, in najprej i\u0161\u010dejo nekaj pomiritve.<\/p>\n<h2>Spletne igre na sre\u010do v ZDA<\/h2>\n<p><img loading=\"lazy\" decoding=\"async\" class=\" wp-image-2415 alignright\" src=\"https:\/\/gambling6.com\/wp-content\/uploads\/2022\/04\/1_play_euromillions_online3-300x200.jpg\" alt=\"varnost igralnic\" width=\"263\" height=\"175\" srcset=\"https:\/\/gambling6.com\/wp-content\/uploads\/2022\/04\/1_play_euromillions_online3-300x200.jpg 300w, https:\/\/gambling6.com\/wp-content\/uploads\/2022\/04\/1_play_euromillions_online3.jpg 320w\" sizes=\"auto, (max-width: 263px) 100vw, 263px\" \/>ZDA so vznemirljiv trg spletnih iger na sre\u010do. \u010ceprav so spletne igralnice prepovedane v vseh dr\u017eavah razen dveh, je siva industrija spletnih iger na sre\u010do ogromna, predvsem zato, ker ameri\u0161ki igralci \u017eelijo igrati spletne igralni\u0161ke igre. Precej\u0161nje \u0161tevilo potencialnih strank pomeni tudi, da je v ZDA ve\u010d kot le pe\u0161\u010dica spletnih igralnic, kar ameri\u0161kim igralcem zelo olaj\u0161a za\u010detek.<\/p>\n<p>Pravzaprav vodilna spletna mesta celo sprejemajo ameri\u0161ke kreditne kartice kot na\u010din pla\u010dila in vse je zasnovano tako, da je za igralce \u010dim bolj priro\u010dno. \u010ceprav teh spletnih igralnic ZDA ne regulirajo, imajo licence iz tujinskih jurisdikcij, ki zagotavljajo varno in za\u0161\u010diteno okolje. Te\u017eava je v tem, da poleg odli\u010dnih igralnic, ki so namenjene ameri\u0161kemu trgu, obstaja tudi veliko sumljivih spletnih mest, ki imajo te\u017eave z dvigi ali preprosto ne ponujajo po\u0161tenega odstotka izpla\u010dil za svoje igre.<\/p>\n<p>Zato je nujno, da najprej preberete nekaj ocen o spletnem mestu, ki se mu \u017eelite pridru\u017eiti, in preverite, ali je tako dobro, kot se zdi. To ne traja ve\u010d kot nekaj minut in zagotavlja, da je va\u0161a spletna igralni\u0161ka izku\u0161nja \u010dim bolj\u0161a. Kar zadeva po\u0161teno igranje, zaupanja vredne spletne igralnice uporabljajo generatorje naklju\u010dnih \u0161tevil, da zagotovijo, da vsaka igra temelji izklju\u010dno na naklju\u010dju. Spletna igralnica lahko zdru\u017ei tradicionalne igralni\u0161ke mize s prednostmi spletnega igranja prek video prenosa delivca v \u017eivo.<\/p>\n<p>Kot igralec na sre\u010do s sede\u017eem v ZDA ne morete zgre\u0161iti, \u010de se odlo\u010dite za vodilnega ponudnika spletnih igralni\u0161kih iger na trgu, in sicer BetOnline. <a class=\"thirstylink\" title=\"Betonline casino en\" href=\"https:\/\/gambling6.com\/go\/betonline-casino-en\/\" target=\"_blank\" rel=\"nofollow noopener\">Kliknite tukaj, da obi\u0161\u010dete njihovo spletno<\/a> mesto. Va\u0161a varnost je tam v dobrih rokah, za razliko od ve\u010dine drugih operaterjev igralnic v tujini, ki sprejemajo prebivalce ZDA.<\/p>\n<h2>Varnostni ukrepi, ki jih je treba upo\u0161tevati<\/h2>\n<p>Omeniti velja tudi, da je pomemben del odgovornosti na igralcu in da obstajajo posebni ukrepi, ki jih lahko sprejme za prepre\u010devanje prevar in za\u0161\u010dito svojih sredstev.<\/p>\n<p><strong>1. Imejte varno geslo<\/strong><\/p>\n<p>Vedno ve\u010d spletnih mest spodbuja uporabnike k uporabi varnih, te\u017eko ugaljivih gesel. Vklju\u010ditev \u0161tevilk in \u010drk tako v velikih kot malih \u010drkah naredi geslo veliko varnej\u0161e, priporo\u010dljivo pa je tudi, da istega gesla ne uporabljate za ve\u010d ra\u010dunov.<\/p>\n<p><strong>2. Poskrbite, da imate dober protivirusni program<\/strong><\/p>\n<p>Ve\u010dina igralcev ponavadi pozabi na pomen dobrega protivirusnega programa. Ta lahko takoj zazna morebitne te\u017eave, ko brskate po internetu ali prena\u0161ate nekaj, na primer aplikacijo za novo spletno igralnico.<\/p>\n<p><strong>3. Vedno se prepri\u010dajte, da je stran varna<\/strong><\/p>\n<p>Pri vnosu osebnih podatkov, kot so podatki o ra\u010dunu, se prepri\u010dajte, da je stran varna. To storite tako, da v naslovni vrstici brskalnika preverite HTTPS in poi\u0161\u010dete zaprto klju\u010davnico.<\/p>\n","protected":false},"excerpt":{"rendered":"<p>Izogibajte se slabim spletnim mestom in sprejmite nekaj varnostnih ukrepov. Svet spletnih iger na sre\u010do je znatno zrasel in \u010deprav je to na splo\u0161no dobro za igralce, ima tudi nekaj pomanjkljivosti. Spletna varnost, ki jo ponujajo igralnice, je verjetno najpomembnej\u0161i element pri igranju za pravi denar, uporabnikom pa je treba zagotoviti brezhibne finan\u010dne transakcije. \u017dal [&hellip;]<\/p>\n","protected":false},"author":1,"featured_media":0,"parent":8331,"menu_order":36,"comment_status":"closed","ping_status":"closed","template":"","meta":{"footnotes":""},"class_list":["post-8849","page","type-page","status-publish","hentry"],"yoast_head":"<!-- This site is optimized with the Yoast SEO plugin v27.3 - https:\/\/yoast.com\/product\/yoast-seo-wordpress\/ -->\n<title>Kako lahko za\u0161\u010ditim svoj spletni igralni\u0161ki ra\u010dun<\/title>\n<meta name=\"description\" content=\"Koristni nasveti za varnost spletnih iger na sre\u010do, s katerimi zagotovite varnost svojega igralni\u0161kega ra\u010duna\" \/>\n<meta name=\"robots\" content=\"index, follow, max-snippet:-1, max-image-preview:large, max-video-preview:-1\" \/>\n<link rel=\"canonical\" href=\"https:\/\/gambling6.com\/sl\/kazino\/varnost-vasega-spletnega-igralniskega-racuna\/\" \/>\n<meta property=\"og:locale\" content=\"sl_SI\" \/>\n<meta property=\"og:type\" content=\"article\" \/>\n<meta property=\"og:title\" content=\"Kako lahko za\u0161\u010ditim svoj spletni igralni\u0161ki ra\u010dun\" \/>\n<meta property=\"og:description\" content=\"Koristni nasveti za varnost spletnih iger na sre\u010do, s katerimi zagotovite varnost svojega igralni\u0161kega ra\u010duna\" \/>\n<meta property=\"og:url\" content=\"https:\/\/gambling6.com\/sl\/kazino\/varnost-vasega-spletnega-igralniskega-racuna\/\" \/>\n<meta property=\"og:site_name\" content=\"Gambling6\" \/>\n<meta property=\"article:modified_time\" content=\"2025-11-12T09:13:43+00:00\" \/>\n<meta property=\"og:image\" content=\"https:\/\/gambling6.com\/wp-content\/uploads\/2022\/04\/1_play_euromillions_online3.jpg\" \/>\n\t<meta property=\"og:image:width\" content=\"320\" \/>\n\t<meta property=\"og:image:height\" content=\"213\" \/>\n\t<meta property=\"og:image:type\" content=\"image\/jpeg\" \/>\n<meta name=\"twitter:card\" content=\"summary_large_image\" \/>\n<meta name=\"twitter:label1\" content=\"Est. reading time\" \/>\n\t<meta name=\"twitter:data1\" content=\"3 minute\" \/>\n<script type=\"application\/ld+json\" class=\"yoast-schema-graph\">{\"@context\":\"https:\\\/\\\/schema.org\",\"@graph\":[{\"@type\":\"WebPage\",\"@id\":\"https:\\\/\\\/gambling6.com\\\/sl\\\/kazino\\\/varnost-vasega-spletnega-igralniskega-racuna\\\/\",\"url\":\"https:\\\/\\\/gambling6.com\\\/sl\\\/kazino\\\/varnost-vasega-spletnega-igralniskega-racuna\\\/\",\"name\":\"Kako lahko za\u0161\u010ditim svoj spletni igralni\u0161ki ra\u010dun\",\"isPartOf\":{\"@id\":\"https:\\\/\\\/gambling6.com\\\/sl\\\/#website\"},\"primaryImageOfPage\":{\"@id\":\"https:\\\/\\\/gambling6.com\\\/sl\\\/kazino\\\/varnost-vasega-spletnega-igralniskega-racuna\\\/#primaryimage\"},\"image\":{\"@id\":\"https:\\\/\\\/gambling6.com\\\/sl\\\/kazino\\\/varnost-vasega-spletnega-igralniskega-racuna\\\/#primaryimage\"},\"thumbnailUrl\":\"https:\\\/\\\/gambling6.com\\\/wp-content\\\/uploads\\\/2022\\\/04\\\/1_play_euromillions_online3-300x200.jpg\",\"datePublished\":\"2025-11-08T08:37:51+00:00\",\"dateModified\":\"2025-11-12T09:13:43+00:00\",\"description\":\"Koristni nasveti za varnost spletnih iger na sre\u010do, s katerimi zagotovite varnost svojega igralni\u0161kega ra\u010duna\",\"breadcrumb\":{\"@id\":\"https:\\\/\\\/gambling6.com\\\/sl\\\/kazino\\\/varnost-vasega-spletnega-igralniskega-racuna\\\/#breadcrumb\"},\"inLanguage\":\"sl-SI\",\"potentialAction\":[{\"@type\":\"ReadAction\",\"target\":[\"https:\\\/\\\/gambling6.com\\\/sl\\\/kazino\\\/varnost-vasega-spletnega-igralniskega-racuna\\\/\"]}]},{\"@type\":\"ImageObject\",\"inLanguage\":\"sl-SI\",\"@id\":\"https:\\\/\\\/gambling6.com\\\/sl\\\/kazino\\\/varnost-vasega-spletnega-igralniskega-racuna\\\/#primaryimage\",\"url\":\"https:\\\/\\\/gambling6.com\\\/wp-content\\\/uploads\\\/2022\\\/04\\\/1_play_euromillions_online3-300x200.jpg\",\"contentUrl\":\"https:\\\/\\\/gambling6.com\\\/wp-content\\\/uploads\\\/2022\\\/04\\\/1_play_euromillions_online3-300x200.jpg\"},{\"@type\":\"BreadcrumbList\",\"@id\":\"https:\\\/\\\/gambling6.com\\\/sl\\\/kazino\\\/varnost-vasega-spletnega-igralniskega-racuna\\\/#breadcrumb\",\"itemListElement\":[{\"@type\":\"ListItem\",\"position\":1,\"name\":\"Home\",\"item\":\"https:\\\/\\\/gambling6.com\\\/sl\\\/home\\\/\"},{\"@type\":\"ListItem\",\"position\":2,\"name\":\"Kazino\",\"item\":\"https:\\\/\\\/gambling6.com\\\/sl\\\/get-started-with-online-gambling\\\/\"},{\"@type\":\"ListItem\",\"position\":3,\"name\":\"Varnost va\u0161ega spletnega igralni\u0161kega ra\u010duna\"}]},{\"@type\":\"WebSite\",\"@id\":\"https:\\\/\\\/gambling6.com\\\/sl\\\/#website\",\"url\":\"https:\\\/\\\/gambling6.com\\\/sl\\\/\",\"name\":\"Gambling6\",\"description\":\"\",\"potentialAction\":[{\"@type\":\"SearchAction\",\"target\":{\"@type\":\"EntryPoint\",\"urlTemplate\":\"https:\\\/\\\/gambling6.com\\\/sl\\\/?s={search_term_string}\"},\"query-input\":{\"@type\":\"PropertyValueSpecification\",\"valueRequired\":true,\"valueName\":\"search_term_string\"}}],\"inLanguage\":\"sl-SI\"}]}<\/script>\n<!-- \/ Yoast SEO plugin. -->","yoast_head_json":{"title":"Kako lahko za\u0161\u010ditim svoj spletni igralni\u0161ki ra\u010dun","description":"Koristni nasveti za varnost spletnih iger na sre\u010do, s katerimi zagotovite varnost svojega igralni\u0161kega ra\u010duna","robots":{"index":"index","follow":"follow","max-snippet":"max-snippet:-1","max-image-preview":"max-image-preview:large","max-video-preview":"max-video-preview:-1"},"canonical":"https:\/\/gambling6.com\/sl\/kazino\/varnost-vasega-spletnega-igralniskega-racuna\/","og_locale":"sl_SI","og_type":"article","og_title":"Kako lahko za\u0161\u010ditim svoj spletni igralni\u0161ki ra\u010dun","og_description":"Koristni nasveti za varnost spletnih iger na sre\u010do, s katerimi zagotovite varnost svojega igralni\u0161kega ra\u010duna","og_url":"https:\/\/gambling6.com\/sl\/kazino\/varnost-vasega-spletnega-igralniskega-racuna\/","og_site_name":"Gambling6","article_modified_time":"2025-11-12T09:13:43+00:00","og_image":[{"width":320,"height":213,"url":"https:\/\/gambling6.com\/wp-content\/uploads\/2022\/04\/1_play_euromillions_online3.jpg","type":"image\/jpeg"}],"twitter_card":"summary_large_image","twitter_misc":{"Est. reading time":"3 minute"},"schema":{"@context":"https:\/\/schema.org","@graph":[{"@type":"WebPage","@id":"https:\/\/gambling6.com\/sl\/kazino\/varnost-vasega-spletnega-igralniskega-racuna\/","url":"https:\/\/gambling6.com\/sl\/kazino\/varnost-vasega-spletnega-igralniskega-racuna\/","name":"Kako lahko za\u0161\u010ditim svoj spletni igralni\u0161ki ra\u010dun","isPartOf":{"@id":"https:\/\/gambling6.com\/sl\/#website"},"primaryImageOfPage":{"@id":"https:\/\/gambling6.com\/sl\/kazino\/varnost-vasega-spletnega-igralniskega-racuna\/#primaryimage"},"image":{"@id":"https:\/\/gambling6.com\/sl\/kazino\/varnost-vasega-spletnega-igralniskega-racuna\/#primaryimage"},"thumbnailUrl":"https:\/\/gambling6.com\/wp-content\/uploads\/2022\/04\/1_play_euromillions_online3-300x200.jpg","datePublished":"2025-11-08T08:37:51+00:00","dateModified":"2025-11-12T09:13:43+00:00","description":"Koristni nasveti za varnost spletnih iger na sre\u010do, s katerimi zagotovite varnost svojega igralni\u0161kega ra\u010duna","breadcrumb":{"@id":"https:\/\/gambling6.com\/sl\/kazino\/varnost-vasega-spletnega-igralniskega-racuna\/#breadcrumb"},"inLanguage":"sl-SI","potentialAction":[{"@type":"ReadAction","target":["https:\/\/gambling6.com\/sl\/kazino\/varnost-vasega-spletnega-igralniskega-racuna\/"]}]},{"@type":"ImageObject","inLanguage":"sl-SI","@id":"https:\/\/gambling6.com\/sl\/kazino\/varnost-vasega-spletnega-igralniskega-racuna\/#primaryimage","url":"https:\/\/gambling6.com\/wp-content\/uploads\/2022\/04\/1_play_euromillions_online3-300x200.jpg","contentUrl":"https:\/\/gambling6.com\/wp-content\/uploads\/2022\/04\/1_play_euromillions_online3-300x200.jpg"},{"@type":"BreadcrumbList","@id":"https:\/\/gambling6.com\/sl\/kazino\/varnost-vasega-spletnega-igralniskega-racuna\/#breadcrumb","itemListElement":[{"@type":"ListItem","position":1,"name":"Home","item":"https:\/\/gambling6.com\/sl\/home\/"},{"@type":"ListItem","position":2,"name":"Kazino","item":"https:\/\/gambling6.com\/sl\/get-started-with-online-gambling\/"},{"@type":"ListItem","position":3,"name":"Varnost va\u0161ega spletnega igralni\u0161kega ra\u010duna"}]},{"@type":"WebSite","@id":"https:\/\/gambling6.com\/sl\/#website","url":"https:\/\/gambling6.com\/sl\/","name":"Gambling6","description":"","potentialAction":[{"@type":"SearchAction","target":{"@type":"EntryPoint","urlTemplate":"https:\/\/gambling6.com\/sl\/?s={search_term_string}"},"query-input":{"@type":"PropertyValueSpecification","valueRequired":true,"valueName":"search_term_string"}}],"inLanguage":"sl-SI"}]}},"_links":{"self":[{"href":"https:\/\/gambling6.com\/sl\/wp-json\/wp\/v2\/pages\/8849","targetHints":{"allow":["GET"]}}],"collection":[{"href":"https:\/\/gambling6.com\/sl\/wp-json\/wp\/v2\/pages"}],"about":[{"href":"https:\/\/gambling6.com\/sl\/wp-json\/wp\/v2\/types\/page"}],"author":[{"embeddable":true,"href":"https:\/\/gambling6.com\/sl\/wp-json\/wp\/v2\/users\/1"}],"replies":[{"embeddable":true,"href":"https:\/\/gambling6.com\/sl\/wp-json\/wp\/v2\/comments?post=8849"}],"version-history":[{"count":1,"href":"https:\/\/gambling6.com\/sl\/wp-json\/wp\/v2\/pages\/8849\/revisions"}],"predecessor-version":[{"id":10451,"href":"https:\/\/gambling6.com\/sl\/wp-json\/wp\/v2\/pages\/8849\/revisions\/10451"}],"up":[{"embeddable":true,"href":"https:\/\/gambling6.com\/sl\/wp-json\/wp\/v2\/pages\/8331"}],"wp:attachment":[{"href":"https:\/\/gambling6.com\/sl\/wp-json\/wp\/v2\/media?parent=8849"}],"curies":[{"name":"wp","href":"https:\/\/api.w.org\/{rel}","templated":true}]}}