{"id":8907,"date":"2025-11-08T09:50:56","date_gmt":"2025-11-08T09:50:56","guid":{"rendered":"https:\/\/gambling6.com\/kazino\/izvor-blackjacka\/"},"modified":"2025-11-08T09:50:56","modified_gmt":"2025-11-08T09:50:56","slug":"izvor-blackjacka","status":"publish","type":"page","link":"https:\/\/gambling6.com\/sl\/kazino\/izvor-blackjacka\/","title":{"rendered":"Izvor Blackjacka"},"content":{"rendered":"<h2>Kdaj so prvi\u010d igrali Blackjack<\/h2>\n<p><a href=\"http:\/\/gambling6.com\/wp-content\/uploads\/2013\/12\/history-of-balck-jack.jpg\"><img loading=\"lazy\" decoding=\"async\" class=\"aligncenter size-full wp-image-547 alignright size-full wp-image-183\" style=\"margin: 5px; float: right;\" src=\"http:\/\/gambling6.com\/wp-content\/uploads\/2013\/12\/history-of-balck-jack.jpg\" alt=\"zgodovina blackjacka\" width=\"243\" height=\"207\" \/><\/a>Zgodovinarji iger na sre\u010do so zmedeni glede zgodovine in izvora igre, ki jo poznamo kot Black Jack. \u0160e danes je njena zgodovina vro\u010da tema razprav za \u0161tevilne raziskovalce. Iz zgodovine iger s kartami je mogo\u010de ugotoviti, da so igralne karte prvotno uporabljali na Kitajskem, v Indiji in Egiptu \u017ee leta 900 n. \u0161t. Prve igre s kartami naj bi se za\u010dele na Kitajskem.<\/p>\n<p>Vendar pa \u0161e vedno velja, da so Francozi tisti, ki so v resnici izumili igro Blackjack. Francozi so imeli igre s kartami, znane kot \u00bbchemin de fer\u00ab in \u00bbFrench Ferme\u00ab. Menijo, da je Blackjack v resnici veja teh dveh francoskih iger.<\/p>\n<p>Nekje leta 1700 na\u0161ega \u0161tetja je bila v takratnih francoskih igralnicah uvedena igra, znana kot \u00bbvingt-et-un\u00ab, kar pomeni enaindvajset. V 19. stoletju se je ista igra preselila v Zdru\u017eene dr\u017eave.<\/p>\n<p>\u010ceprav je \u00bbvingt-et-un\u00ab precej podoben Blackjacku, se v nekaterih pogledih \u0161e vedno razlikuje. V tej igri je cilj dose\u010di \u00bbnaravni\u00ab se\u0161tevek s kartami, katerih skupno \u0161tevilo je enaindvajset. Poleg tega so se karte delile v krogih, stave pa so se polagale za vsak krog. Prav tako je imel samo delivec pravico do \u00bbpodvojitve\u00ab in \u010de je dobil naravni se\u0161tevek, so mu morali vsi drugi igralci pla\u010dati trojno stavo.<\/p>\n<p>Drug argument ustreznih raziskovalcev je, da bi lahko italijanska igra, znana kot \u00bbSedem in pol\u00ab, prav tako prispevala k sedanjemu Blackjacku. Igra se je igrala s kartami s \u0161tevilkami 8, 9 in 10, skupaj s kartami z obrazi. Karte z obrazi so se \u0161tele kot \u00bbpolovica\u00ab. Poleg tega je bil kralj karo obravnavan kot divja karta. Menijo, da je bila to prva igra, v kateri je bil uveden koncept \u00bbpreloma\u00ab. To pomeni, da \u010de je bil se\u0161tevek kart igralca ve\u010dji od sedem in pol, je ta igralec propadel oziroma je izpadel iz igre.<\/p>\n<p>Tudi \u00bbEna in trideset\u00ab, znana \u0161panska igra, je bila podobna Black Jacku. Vendar je bil v tej igri se\u0161tevek enaintrideset namesto enaindvajset, poleg tega pa se je igral s tremi kartami namesto z dvema kot v Black Jacku.<\/p>\n<p>Sprva, ko je Blackjack leta 1910 vstopil v ameri\u0161ke igralnice, ni bil zelo priljubljen. Igralnice so uvedle razli\u010dne spodbude in bonuse, da bi privabile ljudi k igri. Bonusno izpla\u010dilo, ki ga je igralnica sprva ponujala, je bilo 10 proti 1. Nekatere igralnice so dodale \u0161e privla\u010dnost nove igre, saj so prepoznale tako kri\u017eevega kot pikovega fanta za izpla\u010dilo deset proti ena.<\/p>\n<p>Druga posebnost je uporaba imena &#8220;Blackjack&#8221; v tej igri. Pravijo, da se je igra imenovala Blackjack, ker je moral igralec za prejem bonusnega izpla\u010dila imeti bodisi pikovega fanta bodisi pikovega asa kot prvi dve karti.<\/p>\n<p>\u010ceprav zdaj za zmagovalno kombinacijo ni ve\u010d potrebno imeti pikovega fanta ali pikovega asa, in vsaka karta z vrednostjo deset z asom se \u0161teje za zmagovalno kombinacijo, ime Black Jack nosi to vlogo.<\/p>\n","protected":false},"excerpt":{"rendered":"<p>Kdaj so prvi\u010d igrali Blackjack Zgodovinarji iger na sre\u010do so zmedeni glede zgodovine in izvora igre, ki jo poznamo kot Black Jack. \u0160e danes je njena zgodovina vro\u010da tema razprav za \u0161tevilne raziskovalce. Iz zgodovine iger s kartami je mogo\u010de ugotoviti, da so igralne karte prvotno uporabljali na Kitajskem, v Indiji in Egiptu \u017ee leta [&hellip;]<\/p>\n","protected":false},"author":1,"featured_media":8887,"parent":8331,"menu_order":56,"comment_status":"closed","ping_status":"closed","template":"","meta":{"footnotes":""},"class_list":["post-8907","page","type-page","status-publish","has-post-thumbnail","hentry"],"yoast_head":"<!-- This site is optimized with the Yoast SEO plugin v27.3 - https:\/\/yoast.com\/product\/yoast-seo-wordpress\/ -->\n<title>Izvor kartne igre Blackjack<\/title>\n<meta name=\"description\" content=\"Preberite o zgodovini Black Jacka, od priljubljene uli\u010dne igre do igralni\u0161ke zabave in spletnih igralnic.\" \/>\n<meta name=\"robots\" content=\"index, follow, max-snippet:-1, max-image-preview:large, max-video-preview:-1\" \/>\n<link rel=\"canonical\" href=\"https:\/\/gambling6.com\/sl\/kazino\/izvor-blackjacka\/\" \/>\n<meta property=\"og:locale\" content=\"sl_SI\" \/>\n<meta property=\"og:type\" content=\"article\" \/>\n<meta property=\"og:title\" content=\"Izvor kartne igre Blackjack\" \/>\n<meta property=\"og:description\" content=\"Preberite o zgodovini Black Jacka, od priljubljene uli\u010dne igre do igralni\u0161ke zabave in spletnih igralnic.\" \/>\n<meta property=\"og:url\" content=\"https:\/\/gambling6.com\/sl\/kazino\/izvor-blackjacka\/\" \/>\n<meta property=\"og:site_name\" content=\"Gambling6\" \/>\n<meta property=\"og:image\" content=\"https:\/\/gambling6.com\/wp-content\/uploads\/2013\/12\/history-of-balck-jack.jpg\" \/>\n\t<meta property=\"og:image:width\" content=\"243\" \/>\n\t<meta property=\"og:image:height\" content=\"207\" \/>\n\t<meta property=\"og:image:type\" content=\"image\/jpeg\" \/>\n<meta name=\"twitter:card\" content=\"summary_large_image\" \/>\n<meta name=\"twitter:label1\" content=\"Est. reading time\" \/>\n\t<meta name=\"twitter:data1\" content=\"2 minuti\" \/>\n<script type=\"application\/ld+json\" class=\"yoast-schema-graph\">{\"@context\":\"https:\\\/\\\/schema.org\",\"@graph\":[{\"@type\":\"WebPage\",\"@id\":\"https:\\\/\\\/gambling6.com\\\/sl\\\/kazino\\\/izvor-blackjacka\\\/\",\"url\":\"https:\\\/\\\/gambling6.com\\\/sl\\\/kazino\\\/izvor-blackjacka\\\/\",\"name\":\"Izvor kartne igre Blackjack\",\"isPartOf\":{\"@id\":\"https:\\\/\\\/gambling6.com\\\/sl\\\/#website\"},\"primaryImageOfPage\":{\"@id\":\"https:\\\/\\\/gambling6.com\\\/sl\\\/kazino\\\/izvor-blackjacka\\\/#primaryimage\"},\"image\":{\"@id\":\"https:\\\/\\\/gambling6.com\\\/sl\\\/kazino\\\/izvor-blackjacka\\\/#primaryimage\"},\"thumbnailUrl\":\"https:\\\/\\\/gambling6.com\\\/wp-content\\\/uploads\\\/2013\\\/12\\\/history-of-balck-jack.jpg\",\"datePublished\":\"2025-11-08T09:50:56+00:00\",\"description\":\"Preberite o zgodovini Black Jacka, od priljubljene uli\u010dne igre do igralni\u0161ke zabave in spletnih igralnic.\",\"breadcrumb\":{\"@id\":\"https:\\\/\\\/gambling6.com\\\/sl\\\/kazino\\\/izvor-blackjacka\\\/#breadcrumb\"},\"inLanguage\":\"sl-SI\",\"potentialAction\":[{\"@type\":\"ReadAction\",\"target\":[\"https:\\\/\\\/gambling6.com\\\/sl\\\/kazino\\\/izvor-blackjacka\\\/\"]}]},{\"@type\":\"ImageObject\",\"inLanguage\":\"sl-SI\",\"@id\":\"https:\\\/\\\/gambling6.com\\\/sl\\\/kazino\\\/izvor-blackjacka\\\/#primaryimage\",\"url\":\"https:\\\/\\\/gambling6.com\\\/wp-content\\\/uploads\\\/2013\\\/12\\\/history-of-balck-jack.jpg\",\"contentUrl\":\"https:\\\/\\\/gambling6.com\\\/wp-content\\\/uploads\\\/2013\\\/12\\\/history-of-balck-jack.jpg\",\"width\":243,\"height\":207,\"caption\":\"blackjack\"},{\"@type\":\"BreadcrumbList\",\"@id\":\"https:\\\/\\\/gambling6.com\\\/sl\\\/kazino\\\/izvor-blackjacka\\\/#breadcrumb\",\"itemListElement\":[{\"@type\":\"ListItem\",\"position\":1,\"name\":\"Home\",\"item\":\"https:\\\/\\\/gambling6.com\\\/sl\\\/home\\\/\"},{\"@type\":\"ListItem\",\"position\":2,\"name\":\"Kazino\",\"item\":\"https:\\\/\\\/gambling6.com\\\/sl\\\/get-started-with-online-gambling\\\/\"},{\"@type\":\"ListItem\",\"position\":3,\"name\":\"Izvor Blackjacka\"}]},{\"@type\":\"WebSite\",\"@id\":\"https:\\\/\\\/gambling6.com\\\/sl\\\/#website\",\"url\":\"https:\\\/\\\/gambling6.com\\\/sl\\\/\",\"name\":\"Gambling6\",\"description\":\"\",\"potentialAction\":[{\"@type\":\"SearchAction\",\"target\":{\"@type\":\"EntryPoint\",\"urlTemplate\":\"https:\\\/\\\/gambling6.com\\\/sl\\\/?s={search_term_string}\"},\"query-input\":{\"@type\":\"PropertyValueSpecification\",\"valueRequired\":true,\"valueName\":\"search_term_string\"}}],\"inLanguage\":\"sl-SI\"}]}<\/script>\n<!-- \/ Yoast SEO plugin. -->","yoast_head_json":{"title":"Izvor kartne igre Blackjack","description":"Preberite o zgodovini Black Jacka, od priljubljene uli\u010dne igre do igralni\u0161ke zabave in spletnih igralnic.","robots":{"index":"index","follow":"follow","max-snippet":"max-snippet:-1","max-image-preview":"max-image-preview:large","max-video-preview":"max-video-preview:-1"},"canonical":"https:\/\/gambling6.com\/sl\/kazino\/izvor-blackjacka\/","og_locale":"sl_SI","og_type":"article","og_title":"Izvor kartne igre Blackjack","og_description":"Preberite o zgodovini Black Jacka, od priljubljene uli\u010dne igre do igralni\u0161ke zabave in spletnih igralnic.","og_url":"https:\/\/gambling6.com\/sl\/kazino\/izvor-blackjacka\/","og_site_name":"Gambling6","og_image":[{"width":243,"height":207,"url":"https:\/\/gambling6.com\/wp-content\/uploads\/2013\/12\/history-of-balck-jack.jpg","type":"image\/jpeg"}],"twitter_card":"summary_large_image","twitter_misc":{"Est. reading time":"2 minuti"},"schema":{"@context":"https:\/\/schema.org","@graph":[{"@type":"WebPage","@id":"https:\/\/gambling6.com\/sl\/kazino\/izvor-blackjacka\/","url":"https:\/\/gambling6.com\/sl\/kazino\/izvor-blackjacka\/","name":"Izvor kartne igre Blackjack","isPartOf":{"@id":"https:\/\/gambling6.com\/sl\/#website"},"primaryImageOfPage":{"@id":"https:\/\/gambling6.com\/sl\/kazino\/izvor-blackjacka\/#primaryimage"},"image":{"@id":"https:\/\/gambling6.com\/sl\/kazino\/izvor-blackjacka\/#primaryimage"},"thumbnailUrl":"https:\/\/gambling6.com\/wp-content\/uploads\/2013\/12\/history-of-balck-jack.jpg","datePublished":"2025-11-08T09:50:56+00:00","description":"Preberite o zgodovini Black Jacka, od priljubljene uli\u010dne igre do igralni\u0161ke zabave in spletnih igralnic.","breadcrumb":{"@id":"https:\/\/gambling6.com\/sl\/kazino\/izvor-blackjacka\/#breadcrumb"},"inLanguage":"sl-SI","potentialAction":[{"@type":"ReadAction","target":["https:\/\/gambling6.com\/sl\/kazino\/izvor-blackjacka\/"]}]},{"@type":"ImageObject","inLanguage":"sl-SI","@id":"https:\/\/gambling6.com\/sl\/kazino\/izvor-blackjacka\/#primaryimage","url":"https:\/\/gambling6.com\/wp-content\/uploads\/2013\/12\/history-of-balck-jack.jpg","contentUrl":"https:\/\/gambling6.com\/wp-content\/uploads\/2013\/12\/history-of-balck-jack.jpg","width":243,"height":207,"caption":"blackjack"},{"@type":"BreadcrumbList","@id":"https:\/\/gambling6.com\/sl\/kazino\/izvor-blackjacka\/#breadcrumb","itemListElement":[{"@type":"ListItem","position":1,"name":"Home","item":"https:\/\/gambling6.com\/sl\/home\/"},{"@type":"ListItem","position":2,"name":"Kazino","item":"https:\/\/gambling6.com\/sl\/get-started-with-online-gambling\/"},{"@type":"ListItem","position":3,"name":"Izvor Blackjacka"}]},{"@type":"WebSite","@id":"https:\/\/gambling6.com\/sl\/#website","url":"https:\/\/gambling6.com\/sl\/","name":"Gambling6","description":"","potentialAction":[{"@type":"SearchAction","target":{"@type":"EntryPoint","urlTemplate":"https:\/\/gambling6.com\/sl\/?s={search_term_string}"},"query-input":{"@type":"PropertyValueSpecification","valueRequired":true,"valueName":"search_term_string"}}],"inLanguage":"sl-SI"}]}},"_links":{"self":[{"href":"https:\/\/gambling6.com\/sl\/wp-json\/wp\/v2\/pages\/8907","targetHints":{"allow":["GET"]}}],"collection":[{"href":"https:\/\/gambling6.com\/sl\/wp-json\/wp\/v2\/pages"}],"about":[{"href":"https:\/\/gambling6.com\/sl\/wp-json\/wp\/v2\/types\/page"}],"author":[{"embeddable":true,"href":"https:\/\/gambling6.com\/sl\/wp-json\/wp\/v2\/users\/1"}],"replies":[{"embeddable":true,"href":"https:\/\/gambling6.com\/sl\/wp-json\/wp\/v2\/comments?post=8907"}],"version-history":[{"count":0,"href":"https:\/\/gambling6.com\/sl\/wp-json\/wp\/v2\/pages\/8907\/revisions"}],"up":[{"embeddable":true,"href":"https:\/\/gambling6.com\/sl\/wp-json\/wp\/v2\/pages\/8331"}],"wp:featuredmedia":[{"embeddable":true,"href":"https:\/\/gambling6.com\/sl\/wp-json\/wp\/v2\/media\/8887"}],"wp:attachment":[{"href":"https:\/\/gambling6.com\/sl\/wp-json\/wp\/v2\/media?parent=8907"}],"curies":[{"name":"wp","href":"https:\/\/api.w.org\/{rel}","templated":true}]}}