{"id":8947,"date":"2025-11-08T10:33:22","date_gmt":"2025-11-08T10:33:22","guid":{"rendered":"https:\/\/gambling6.com\/kazino\/vse-kar-morate-vedeti-o-spletnih-igralnih-avtomatih\/"},"modified":"2025-11-15T09:50:28","modified_gmt":"2025-11-15T09:50:28","slug":"vse-kar-morate-vedeti-o-spletnih-igralnih-avtomatih","status":"publish","type":"page","link":"https:\/\/gambling6.com\/sl\/kazino\/vse-kar-morate-vedeti-o-spletnih-igralnih-avtomatih\/","title":{"rendered":"Vse, kar morate vedeti o spletnih igralnih avtomatih"},"content":{"rendered":"<h2>Igranje igralnih avtomatov \u2013 najbolj priljubljena spletna igralni\u0161ka igra<\/h2>\n<p>Spletni igralni avtomati so najbolj priljubljena izbira med igralci v igralnicah in za to obstaja veliko razlogov. \u010ceprav so igre na prvi pogled videti preproste, je v resnici kar nekaj stvari, ki jih morate vedeti o njih, kar vam lahko pomaga izbolj\u0161ati rezultate in ustvariti bolj\u0161o spletno igralno izku\u0161njo. Za informacije o razli\u010dnih elementih v zvezi z igralnimi avtomati za pravi denar si oglejte na\u0161o spletno stran, namenjeno u\u010denju igralcev, kako igra deluje in katere strategije lahko uporabljajo.<\/p>\n<h2>Predstavljamo spletne igralne avtomate<\/h2>\n<p><img loading=\"lazy\" decoding=\"async\" class=\" alignright size-full wp-image-370\" style=\"margin: 5px; float: right;\" src=\"http:\/\/gambling6.com\/wp-content\/uploads\/2013\/12\/Slots-150x150.jpg\" alt=\"Igralni avtomati--150x150\" width=\"150\" height=\"150\" \/>Igralni avtomati so zelo priljubljeni v fizi\u010dnih igralnicah in obi\u010dajno napolnijo velike prostore, da zadovoljijo veliko povpra\u0161evanje. Pravzaprav je zelo verjetno, da v \u010dasu prometnih konic v priljubljenih igralnicah ne boste na\u0161li igralnega avtomata. Koncept igre je preprost: na 3 ali 5 vrte\u010dih se kolutih je ve\u010d simbolov. Igralec mora staviti in izbrati \u0161tevilo linij, s katerimi \u017eeli igrati.<\/p>\n<p>Nato lahko zavrti kolute in \u010de se simboli na vsaki izbrani liniji ustavijo v dolo\u010deni kombinaciji, bo igra podelila nagrado glede na kvoto in velikost stave. Prav ta preprostost igre jo je naredila tako priljubljeno, skupaj s potencialom za osvojitev ogromnih nagrad. Ker so spletne igralnice z leti postajale vse bolj priljubljene, so igralni avtomati ohranili svojo priljubljenost, saj so se igralci preselili na splet zaradi la\u017ejega dostopa do svojih najljub\u0161ih iger.<\/p>\n<p>Veljajo ista pravila, vendar spletni igralni avtomati zdaj uporabljajo generatorje naklju\u010dnih \u0161tevil, da dolo\u010dijo, kateri simboli se prika\u017eejo, ko se koluti ustavijo. Kvote na igralnih avtomatih teoreti\u010dno ostajajo enake, vendar ve\u010dina igralcev trdi, da so spletni igralni avtomati veliko bolj donosni, saj se ne spreminjajo glede na njihovo lokacijo v igralnici.<\/p>\n<h2>Nove mo\u017enosti na spletu<\/h2>\n<p>Spletni igralni avtomati so v zadnjih nekaj letih resni\u010dno vzcveteli, internet pa je razvijalcem programske opreme dal mo\u017enost, da igro dvignejo na vi\u0161jo raven. Igralci lahko zdaj izbirajo med velikim \u0161tevilom pla\u010dilnih linij. Vsaka dodatna linija ima enako verjetnost zadetka zmagovalne kombinacije, zato ima igralec mo\u017enost pla\u010dati ve\u010d in igrati ve\u010d linij v enem vrtljaju. Internet je ponudil tudi najbolj\u0161i na\u010din za raz\u0161iritev spletnih igralnih avtomatov glede na njihovo temo in slog. Novi naslovi izhajajo precej pogosto in lahko pokrivajo razli\u010dne teme, mo\u017enosti pa so resni\u010dno omejene le z domi\u0161ljijo. Priljubljeni filmi, kot sta Temni vitez in Gladiator, navdihujejo spletne igralne avtomate.<\/p>\n<p>Med najbolj\u0161imi igralnicami za igralni\u0161ke igre z privla\u010dnimi temami in privla\u010dnim dizajnom je zagotovo 888 Casino. <a class=\"thirstylink\" title=\"888 casino en\" href=\"https:\/\/gambling6.com\/go\/888-casino-en\/\" target=\"_blank\" rel=\"nofollow noopener\">\u010ce jih \u017eelite preizkusiti, sledite tej povezavi \u2013 ne boste razo\u010darani.<\/a><\/p>\n<h2>Progresivni igralni avtomati<\/h2>\n<p>Progresivne igralne avtomate lahko najdete tudi v fizi\u010dnih igralnicah, vendar so zelo priljubljeni na spletu. Ideja je, da igralnica pove\u017ee ve\u010d igralnih avtomatov, tako da lahko vsaka stava iz njih prispeva k enemu standardnemu jackpotu, ki ga je mogo\u010de osvojiti kadar koli. Pri spletnih igralnicah je povezovanje teh iger veliko la\u017eje, saj omogo\u010da ve\u010d uporabnikom igranje iste igre. To ima za posledico nekaj zelo priljubljenih progresivnih igralnih avtomatov, ki lahko vsakih nekaj mesecev podelijo milijone dolarjev.<\/p>\n<p>Jackpot raste z vsako dodatno stavo igralcev, dokler nekdo ne zadane zmagovalne kombinacije in ne pobere celotnega zneska. Na primer, v spletnem igralnem avtomatu s poker tematiko se glavni dobitek osvoji z zadetkom Royal Flusha. Seveda so na voljo tudi manj\u0161e nagrade za druge kombinacije, ki se pojavljajo pogosteje, zato igralci ne stavijo samo za glavni dobitek. Priljubljene progresivne igralne avtomate lahko najdete v ve\u010d spletnih igralnicah hkrati, \u010de le uporabljajo istega ponudnika programske opreme.<\/p>\n<h2>Strategije za spletne igralne avtomate<\/h2>\n<p>\u010ceprav so igralni avtomati zgolj igra na sre\u010do, vam lahko nekaj priro\u010dnih nasvetov pomaga pove\u010dati dobi\u010dek. Najpomembneje je vedeti, da vrtenje ni odvisno od prej\u0161njega; vsako vrtenje ima enake mo\u017enosti. Mnogi igralci verjamejo, da bodo, \u010de bodo igrali dovolj dolgo, s\u010dasoma osvojili veliko nagrado. Najbolj\u0161i na\u010din za zmago na spletnih igralnih avtomatih je, da pravilno upravljate svoj bankroll in se \u017ee na za\u010detku izogibate nepotrebnim tveganjem. To pomeni, da bi morali igrati manj linij in se izogibati igram, ki ponujajo funkcije \u00bbdvojno ali ni\u010d\u00ab. \u010ce \u017eelite bolje razumeti, kako igra deluje, lahko najprej igrate za virtualni denar.<\/p>\n","protected":false},"excerpt":{"rendered":"<p>Igranje igralnih avtomatov \u2013 najbolj priljubljena spletna igralni\u0161ka igra Spletni igralni avtomati so najbolj priljubljena izbira med igralci v igralnicah in za to obstaja veliko razlogov. \u010ceprav so igre na prvi pogled videti preproste, je v resnici kar nekaj stvari, ki jih morate vedeti o njih, kar vam lahko pomaga izbolj\u0161ati rezultate in ustvariti bolj\u0161o [&hellip;]<\/p>\n","protected":false},"author":1,"featured_media":8931,"parent":8331,"menu_order":42,"comment_status":"closed","ping_status":"closed","template":"","meta":{"footnotes":""},"class_list":["post-8947","page","type-page","status-publish","has-post-thumbnail","hentry"],"yoast_head":"<!-- This site is optimized with the Yoast SEO plugin v27.4 - https:\/\/yoast.com\/product\/yoast-seo-wordpress\/ -->\n<title>Informacije o tem, kako igrati spletne igralne avtomate<\/title>\n<meta name=\"description\" content=\"Nau\u010dite se igrati spletne igralne avtomate in osvojiti milijone dolarjev progresivnih jackpotov z enim samim klikom mi\u0161ke.\" \/>\n<meta name=\"robots\" content=\"index, follow, max-snippet:-1, max-image-preview:large, max-video-preview:-1\" \/>\n<link rel=\"canonical\" href=\"https:\/\/gambling6.com\/sl\/kazino\/vse-kar-morate-vedeti-o-spletnih-igralnih-avtomatih\/\" \/>\n<meta property=\"og:locale\" content=\"sl_SI\" \/>\n<meta property=\"og:type\" content=\"article\" \/>\n<meta property=\"og:title\" content=\"Informacije o tem, kako igrati spletne igralne avtomate\" \/>\n<meta property=\"og:description\" content=\"Nau\u010dite se igrati spletne igralne avtomate in osvojiti milijone dolarjev progresivnih jackpotov z enim samim klikom mi\u0161ke.\" \/>\n<meta property=\"og:url\" content=\"https:\/\/gambling6.com\/sl\/kazino\/vse-kar-morate-vedeti-o-spletnih-igralnih-avtomatih\/\" \/>\n<meta property=\"og:site_name\" content=\"Gambling6\" \/>\n<meta property=\"article:modified_time\" content=\"2025-11-15T09:50:28+00:00\" \/>\n<meta property=\"og:image\" content=\"https:\/\/gambling6.com\/wp-content\/uploads\/2013\/12\/Slots-150x150.jpg\" \/>\n\t<meta property=\"og:image:width\" content=\"150\" \/>\n\t<meta property=\"og:image:height\" content=\"150\" \/>\n\t<meta property=\"og:image:type\" content=\"image\/jpeg\" \/>\n<meta name=\"twitter:card\" content=\"summary_large_image\" \/>\n<meta name=\"twitter:label1\" content=\"Est. reading time\" \/>\n\t<meta name=\"twitter:data1\" content=\"4 minute\" \/>\n<script type=\"application\/ld+json\" class=\"yoast-schema-graph\">{\"@context\":\"https:\\\/\\\/schema.org\",\"@graph\":[{\"@type\":\"WebPage\",\"@id\":\"https:\\\/\\\/gambling6.com\\\/sl\\\/kazino\\\/vse-kar-morate-vedeti-o-spletnih-igralnih-avtomatih\\\/\",\"url\":\"https:\\\/\\\/gambling6.com\\\/sl\\\/kazino\\\/vse-kar-morate-vedeti-o-spletnih-igralnih-avtomatih\\\/\",\"name\":\"Informacije o tem, kako igrati spletne igralne avtomate\",\"isPartOf\":{\"@id\":\"https:\\\/\\\/gambling6.com\\\/sl\\\/#website\"},\"primaryImageOfPage\":{\"@id\":\"https:\\\/\\\/gambling6.com\\\/sl\\\/kazino\\\/vse-kar-morate-vedeti-o-spletnih-igralnih-avtomatih\\\/#primaryimage\"},\"image\":{\"@id\":\"https:\\\/\\\/gambling6.com\\\/sl\\\/kazino\\\/vse-kar-morate-vedeti-o-spletnih-igralnih-avtomatih\\\/#primaryimage\"},\"thumbnailUrl\":\"https:\\\/\\\/gambling6.com\\\/wp-content\\\/uploads\\\/2013\\\/12\\\/Slots-150x150.jpg\",\"datePublished\":\"2025-11-08T10:33:22+00:00\",\"dateModified\":\"2025-11-15T09:50:28+00:00\",\"description\":\"Nau\u010dite se igrati spletne igralne avtomate in osvojiti milijone dolarjev progresivnih jackpotov z enim samim klikom mi\u0161ke.\",\"breadcrumb\":{\"@id\":\"https:\\\/\\\/gambling6.com\\\/sl\\\/kazino\\\/vse-kar-morate-vedeti-o-spletnih-igralnih-avtomatih\\\/#breadcrumb\"},\"inLanguage\":\"sl-SI\",\"potentialAction\":[{\"@type\":\"ReadAction\",\"target\":[\"https:\\\/\\\/gambling6.com\\\/sl\\\/kazino\\\/vse-kar-morate-vedeti-o-spletnih-igralnih-avtomatih\\\/\"]}]},{\"@type\":\"ImageObject\",\"inLanguage\":\"sl-SI\",\"@id\":\"https:\\\/\\\/gambling6.com\\\/sl\\\/kazino\\\/vse-kar-morate-vedeti-o-spletnih-igralnih-avtomatih\\\/#primaryimage\",\"url\":\"https:\\\/\\\/gambling6.com\\\/wp-content\\\/uploads\\\/2013\\\/12\\\/Slots-150x150.jpg\",\"contentUrl\":\"https:\\\/\\\/gambling6.com\\\/wp-content\\\/uploads\\\/2013\\\/12\\\/Slots-150x150.jpg\",\"width\":150,\"height\":150},{\"@type\":\"BreadcrumbList\",\"@id\":\"https:\\\/\\\/gambling6.com\\\/sl\\\/kazino\\\/vse-kar-morate-vedeti-o-spletnih-igralnih-avtomatih\\\/#breadcrumb\",\"itemListElement\":[{\"@type\":\"ListItem\",\"position\":1,\"name\":\"Home\",\"item\":\"https:\\\/\\\/gambling6.com\\\/sl\\\/home\\\/\"},{\"@type\":\"ListItem\",\"position\":2,\"name\":\"Kazino\",\"item\":\"https:\\\/\\\/gambling6.com\\\/sl\\\/get-started-with-online-gambling\\\/\"},{\"@type\":\"ListItem\",\"position\":3,\"name\":\"Vse, kar morate vedeti o spletnih igralnih avtomatih\"}]},{\"@type\":\"WebSite\",\"@id\":\"https:\\\/\\\/gambling6.com\\\/sl\\\/#website\",\"url\":\"https:\\\/\\\/gambling6.com\\\/sl\\\/\",\"name\":\"Gambling6\",\"description\":\"\",\"potentialAction\":[{\"@type\":\"SearchAction\",\"target\":{\"@type\":\"EntryPoint\",\"urlTemplate\":\"https:\\\/\\\/gambling6.com\\\/sl\\\/?s={search_term_string}\"},\"query-input\":{\"@type\":\"PropertyValueSpecification\",\"valueRequired\":true,\"valueName\":\"search_term_string\"}}],\"inLanguage\":\"sl-SI\"}]}<\/script>\n<!-- \/ Yoast SEO plugin. -->","yoast_head_json":{"title":"Informacije o tem, kako igrati spletne igralne avtomate","description":"Nau\u010dite se igrati spletne igralne avtomate in osvojiti milijone dolarjev progresivnih jackpotov z enim samim klikom mi\u0161ke.","robots":{"index":"index","follow":"follow","max-snippet":"max-snippet:-1","max-image-preview":"max-image-preview:large","max-video-preview":"max-video-preview:-1"},"canonical":"https:\/\/gambling6.com\/sl\/kazino\/vse-kar-morate-vedeti-o-spletnih-igralnih-avtomatih\/","og_locale":"sl_SI","og_type":"article","og_title":"Informacije o tem, kako igrati spletne igralne avtomate","og_description":"Nau\u010dite se igrati spletne igralne avtomate in osvojiti milijone dolarjev progresivnih jackpotov z enim samim klikom mi\u0161ke.","og_url":"https:\/\/gambling6.com\/sl\/kazino\/vse-kar-morate-vedeti-o-spletnih-igralnih-avtomatih\/","og_site_name":"Gambling6","article_modified_time":"2025-11-15T09:50:28+00:00","og_image":[{"width":150,"height":150,"url":"https:\/\/gambling6.com\/wp-content\/uploads\/2013\/12\/Slots-150x150.jpg","type":"image\/jpeg"}],"twitter_card":"summary_large_image","twitter_misc":{"Est. reading time":"4 minute"},"schema":{"@context":"https:\/\/schema.org","@graph":[{"@type":"WebPage","@id":"https:\/\/gambling6.com\/sl\/kazino\/vse-kar-morate-vedeti-o-spletnih-igralnih-avtomatih\/","url":"https:\/\/gambling6.com\/sl\/kazino\/vse-kar-morate-vedeti-o-spletnih-igralnih-avtomatih\/","name":"Informacije o tem, kako igrati spletne igralne avtomate","isPartOf":{"@id":"https:\/\/gambling6.com\/sl\/#website"},"primaryImageOfPage":{"@id":"https:\/\/gambling6.com\/sl\/kazino\/vse-kar-morate-vedeti-o-spletnih-igralnih-avtomatih\/#primaryimage"},"image":{"@id":"https:\/\/gambling6.com\/sl\/kazino\/vse-kar-morate-vedeti-o-spletnih-igralnih-avtomatih\/#primaryimage"},"thumbnailUrl":"https:\/\/gambling6.com\/wp-content\/uploads\/2013\/12\/Slots-150x150.jpg","datePublished":"2025-11-08T10:33:22+00:00","dateModified":"2025-11-15T09:50:28+00:00","description":"Nau\u010dite se igrati spletne igralne avtomate in osvojiti milijone dolarjev progresivnih jackpotov z enim samim klikom mi\u0161ke.","breadcrumb":{"@id":"https:\/\/gambling6.com\/sl\/kazino\/vse-kar-morate-vedeti-o-spletnih-igralnih-avtomatih\/#breadcrumb"},"inLanguage":"sl-SI","potentialAction":[{"@type":"ReadAction","target":["https:\/\/gambling6.com\/sl\/kazino\/vse-kar-morate-vedeti-o-spletnih-igralnih-avtomatih\/"]}]},{"@type":"ImageObject","inLanguage":"sl-SI","@id":"https:\/\/gambling6.com\/sl\/kazino\/vse-kar-morate-vedeti-o-spletnih-igralnih-avtomatih\/#primaryimage","url":"https:\/\/gambling6.com\/wp-content\/uploads\/2013\/12\/Slots-150x150.jpg","contentUrl":"https:\/\/gambling6.com\/wp-content\/uploads\/2013\/12\/Slots-150x150.jpg","width":150,"height":150},{"@type":"BreadcrumbList","@id":"https:\/\/gambling6.com\/sl\/kazino\/vse-kar-morate-vedeti-o-spletnih-igralnih-avtomatih\/#breadcrumb","itemListElement":[{"@type":"ListItem","position":1,"name":"Home","item":"https:\/\/gambling6.com\/sl\/home\/"},{"@type":"ListItem","position":2,"name":"Kazino","item":"https:\/\/gambling6.com\/sl\/get-started-with-online-gambling\/"},{"@type":"ListItem","position":3,"name":"Vse, kar morate vedeti o spletnih igralnih avtomatih"}]},{"@type":"WebSite","@id":"https:\/\/gambling6.com\/sl\/#website","url":"https:\/\/gambling6.com\/sl\/","name":"Gambling6","description":"","potentialAction":[{"@type":"SearchAction","target":{"@type":"EntryPoint","urlTemplate":"https:\/\/gambling6.com\/sl\/?s={search_term_string}"},"query-input":{"@type":"PropertyValueSpecification","valueRequired":true,"valueName":"search_term_string"}}],"inLanguage":"sl-SI"}]}},"_links":{"self":[{"href":"https:\/\/gambling6.com\/sl\/wp-json\/wp\/v2\/pages\/8947","targetHints":{"allow":["GET"]}}],"collection":[{"href":"https:\/\/gambling6.com\/sl\/wp-json\/wp\/v2\/pages"}],"about":[{"href":"https:\/\/gambling6.com\/sl\/wp-json\/wp\/v2\/types\/page"}],"author":[{"embeddable":true,"href":"https:\/\/gambling6.com\/sl\/wp-json\/wp\/v2\/users\/1"}],"replies":[{"embeddable":true,"href":"https:\/\/gambling6.com\/sl\/wp-json\/wp\/v2\/comments?post=8947"}],"version-history":[{"count":2,"href":"https:\/\/gambling6.com\/sl\/wp-json\/wp\/v2\/pages\/8947\/revisions"}],"predecessor-version":[{"id":10902,"href":"https:\/\/gambling6.com\/sl\/wp-json\/wp\/v2\/pages\/8947\/revisions\/10902"}],"up":[{"embeddable":true,"href":"https:\/\/gambling6.com\/sl\/wp-json\/wp\/v2\/pages\/8331"}],"wp:featuredmedia":[{"embeddable":true,"href":"https:\/\/gambling6.com\/sl\/wp-json\/wp\/v2\/media\/8931"}],"wp:attachment":[{"href":"https:\/\/gambling6.com\/sl\/wp-json\/wp\/v2\/media?parent=8947"}],"curies":[{"name":"wp","href":"https:\/\/api.w.org\/{rel}","templated":true}]}}