{"id":8972,"date":"2025-11-08T12:18:58","date_gmt":"2025-11-08T12:18:58","guid":{"rendered":"https:\/\/gambling6.com\/kazino\/kje-najti-vrhunske-igralne-avtomate-na-spletu\/"},"modified":"2025-11-08T12:18:58","modified_gmt":"2025-11-08T12:18:58","slug":"kje-najti-vrhunske-igralne-avtomate-na-spletu","status":"publish","type":"page","link":"https:\/\/gambling6.com\/sl\/kazino\/kje-najti-vrhunske-igralne-avtomate-na-spletu\/","title":{"rendered":"Kje najti vrhunske igralne avtomate na spletu"},"content":{"rendered":"<h2>Kakovostne spletne igralnice z igralnimi avtomati<\/h2>\n<p>Ko gre za spletne igralnice, igralni avtomati obi\u010dajno zasedajo prvo mesto glede na raznolikost, \u0161tevilo igralcev in jackpote. Seveda je zelo enostavno razumeti, zakaj so spletne igralne avtomate tako priljubljene, in z enim samim vrtenjem simbolov ima vsak igralec potencial, da osvoji velike nagrade, celo milijone dolarjev. Pravzaprav so igralni avtomati tako priljubljeni na spletu, da nekatere spletne igralnice ponujajo posebne bonuse samo za te igre, saj se igralci pridru\u017eijo le zato, da bi igrali razli\u010dne igralne avtomate, in jih ni\u010d drugega ne zanima. Ker je najbolj\u0161a strategija pri spletnih igralnih avtomatih igranje ve\u010d, ti bonusi hitro pridejo prav.<\/p>\n<h2>Ponudniki programske opreme za igralni\u0161ke igre<\/h2>\n<p><img loading=\"lazy\" decoding=\"async\" class=\"size-full wp-image-400 alignright\" src=\"https:\/\/gambling6.com\/wp-content\/uploads\/2013\/12\/mobile-gambling-150x150.jpg\" alt=\"spletni igralni avtomat\" width=\"150\" height=\"150\" \/>Vsako spletno igralnico poganja razvijalec programske opreme in obstaja kar nekaj podjetij, ki so si ustvarila ime s ponujanjem nekaterih najlep\u0161ih igralni\u0161kih iger na internetu. \u010ce ne veste, katero programsko opremo za igralne avtomate izbrati, sledite povezavi, ki vas bo pripeljala do dveh najbolj priljubljenih imen v panogi.<\/p>\n<h2>Igranje najbolj\u0161ih igralnih avtomatov na internetu<\/h2>\n<p>Grafika in funkcije se lahko zelo razlikujejo glede na programsko opremo, zato je vedno dobro preveriti ve\u010d mo\u017enosti in videti, katera se vam zdi najbolj privla\u010dna. \u010ce veste, kako so videti nekatere igre dolo\u010denega razvijalca programske opreme, si lahko veliko olaj\u0161ate iskanje nove spletne igralnice. \u010ceprav nekatere spletne strani ponujajo nekaj edinstvenih iger, posebej zasnovanih za zadevno spletno igralnico, imajo vsa spletna mesta, ki jih poganja isti ponudnik programske opreme, skoraj enake igre. Da bi zagotovili zadovoljstvo svojih strank, nekatere spletne igralnice ponujajo igre ve\u010d ponudnikov programske opreme, kar je vedno lepo videti.<\/p>\n<h3>Spletne igralne avtomate<\/h3>\n<p>Ker toliko spletnih igralnic ponuja igralne avtomate razli\u010dnih ponudnikov, je lahko zelo te\u017eko vedeti, katere so resni\u010dno najbolj\u0161e. To bo vsaki\u010d zagotovilo odli\u010dno igralno izku\u0161njo. Oglejte si to mo\u017enost, ki zdaj velja za igralnico z najbolj\u0161imi igralnimi avtomati na internetu, saj ponuja skoraj vse. Spletno mesto, navedeno tukaj, se lahko spremeni, \u010de se pojavi bolj\u0161a mo\u017enost, vendar je zaenkrat najbolj\u0161e spletno mesto za igranje igralnih avtomatov 888 Casino. 888 je eden vodilnih v spletnih igrah na sre\u010do z veliko \u0161portno stavnico, realisti\u010dno poker sobo in veliko igralnico.<\/p>\n<p>Zaradi \u010desar je igralnica 888 Casino tako odli\u010den kraj za igranje igralnih avtomatov, je dolg seznam mo\u017enosti z naslovi Playtech, IGT, Microgaming in nekaterimi njihovimi lastnimi. Nov igralec bo potreboval ve\u010d dni, da preigra vse razpolo\u017eljive igre, razli\u010dni slogi pa zagotavljajo, da mu nikoli ne bo dolg\u010das.<br \/>\n<a href=\"https:\/\/ic.aff-handler.com\/C\/45871?sr=1064399&amp;anid=\" rel=\"nofollow\"><img loading=\"lazy\" decoding=\"async\" class=\"aligncenter\" src=\"https:\/\/ic.aff-handler.com\/I\/45871?sr=1064399&amp;anid=\" width=\"725\" height=\"93\" \/><\/a><\/p>\n<p>Seveda odli\u010dna spletna igralnica ni samo igra, ki jo ponuja; da se celotno spletno mesto \u0161teje za pomembno, morajo biti pomembni razli\u010dni dejavniki. Morda je najpomembnej\u0161a varnost, saj so finan\u010dne transakcije velik del spletnih iger na sre\u010do, spletna igralnica pa mora zagotavljati, da je vse vedno varno in za\u0161\u010diteno.<\/p>\n<p>In \u010de ste prebivalec ZDA, vam ameri\u0161ka zakonodaja prepre\u010duje pridru\u017eitev igralnici 888. Dobre alternative za ameri\u0161ke igralce na sre\u010do so redke, vendar vam lahko za vse va\u0161e spletne igre na sre\u010do priporo\u010dimo BetOnline Casino. Kliknite spodnji pasico, da obi\u0161\u010dete BetOnlineCasino \u2013 ne boste razo\u010darani!<\/p>\n<p><a class=\"thirstylink\" title=\"Betonline casino sl\" href=\"https:\/\/gambling6.com\/go\/betonline-casino-sl\/\" target=\"_blank\" rel=\"nofollow noopener\"><img loading=\"lazy\" decoding=\"async\" class=\" wp-image-7875 aligncenter\" src=\"https:\/\/gambling6.com\/wp-content\/uploads\/2025\/10\/BOL_AQC_banner_468x60_FS1_casino-300x38.gif\" alt=\"BetOnline casino\" width=\"553\" height=\"70\" \/><\/a><\/p>\n<p>Zato je vedno dobro preveriti ocene in ugotoviti, katere spletne igralnice so zaupanja vredne in katere so znane po te\u017eavah z izpla\u010dili. Ko govorimo o denarju, so bonusi in promocije v zadnjih nekaj letih postali zelo pomembni in so obi\u010dajno prva stvar, ki jo preveri nov igralec. Zelo pogosto je, da vrhunske spletne igralnice ponujajo bonuse dobrodo\u0161lice glede na znesek pologa, bonusi za igralne avtomate pa so najpogostej\u0161i zaradi priljubljenosti igre.<\/p>\n","protected":false},"excerpt":{"rendered":"<p>Kakovostne spletne igralnice z igralnimi avtomati Ko gre za spletne igralnice, igralni avtomati obi\u010dajno zasedajo prvo mesto glede na raznolikost, \u0161tevilo igralcev in jackpote. Seveda je zelo enostavno razumeti, zakaj so spletne igralne avtomate tako priljubljene, in z enim samim vrtenjem simbolov ima vsak igralec potencial, da osvoji velike nagrade, celo milijone dolarjev. Pravzaprav so [&hellip;]<\/p>\n","protected":false},"author":1,"featured_media":0,"parent":8331,"menu_order":47,"comment_status":"closed","ping_status":"closed","template":"","meta":{"footnotes":""},"class_list":["post-8972","page","type-page","status-publish","hentry"],"yoast_head":"<!-- This site is optimized with the Yoast SEO plugin v27.5 - https:\/\/yoast.com\/product\/yoast-seo-wordpress\/ -->\n<title>Vrhunski spletni igralni avtomati<\/title>\n<meta name=\"description\" content=\"Igranje najbolj\u0161ih igralnih avtomatov in igralnih iger na internetu. Poi\u0161\u010dite vrhunski igralni avtomat na spletu tukaj!\" \/>\n<meta name=\"robots\" content=\"index, follow, max-snippet:-1, max-image-preview:large, max-video-preview:-1\" \/>\n<link rel=\"canonical\" href=\"https:\/\/gambling6.com\/sl\/kazino\/kje-najti-vrhunske-igralne-avtomate-na-spletu\/\" \/>\n<meta property=\"og:locale\" content=\"sl_SI\" \/>\n<meta property=\"og:type\" content=\"article\" \/>\n<meta property=\"og:title\" content=\"Vrhunski spletni igralni avtomati\" \/>\n<meta property=\"og:description\" content=\"Igranje najbolj\u0161ih igralnih avtomatov in igralnih iger na internetu. Poi\u0161\u010dite vrhunski igralni avtomat na spletu tukaj!\" \/>\n<meta property=\"og:url\" content=\"https:\/\/gambling6.com\/sl\/kazino\/kje-najti-vrhunske-igralne-avtomate-na-spletu\/\" \/>\n<meta property=\"og:site_name\" content=\"Gambling6\" \/>\n<meta property=\"og:image\" content=\"https:\/\/gambling6.com\/wp-content\/uploads\/2013\/12\/mobile-gambling-150x150.jpg\" \/>\n\t<meta property=\"og:image:width\" content=\"150\" \/>\n\t<meta property=\"og:image:height\" content=\"150\" \/>\n\t<meta property=\"og:image:type\" content=\"image\/jpeg\" \/>\n<meta name=\"twitter:card\" content=\"summary_large_image\" \/>\n<meta name=\"twitter:label1\" content=\"Est. reading time\" \/>\n\t<meta name=\"twitter:data1\" content=\"3 minute\" \/>\n<script type=\"application\/ld+json\" class=\"yoast-schema-graph\">{\"@context\":\"https:\\\/\\\/schema.org\",\"@graph\":[{\"@type\":\"WebPage\",\"@id\":\"https:\\\/\\\/gambling6.com\\\/sl\\\/kazino\\\/kje-najti-vrhunske-igralne-avtomate-na-spletu\\\/\",\"url\":\"https:\\\/\\\/gambling6.com\\\/sl\\\/kazino\\\/kje-najti-vrhunske-igralne-avtomate-na-spletu\\\/\",\"name\":\"Vrhunski spletni igralni avtomati\",\"isPartOf\":{\"@id\":\"https:\\\/\\\/gambling6.com\\\/sl\\\/#website\"},\"primaryImageOfPage\":{\"@id\":\"https:\\\/\\\/gambling6.com\\\/sl\\\/kazino\\\/kje-najti-vrhunske-igralne-avtomate-na-spletu\\\/#primaryimage\"},\"image\":{\"@id\":\"https:\\\/\\\/gambling6.com\\\/sl\\\/kazino\\\/kje-najti-vrhunske-igralne-avtomate-na-spletu\\\/#primaryimage\"},\"thumbnailUrl\":\"https:\\\/\\\/gambling6.com\\\/wp-content\\\/uploads\\\/2013\\\/12\\\/mobile-gambling-150x150.jpg\",\"datePublished\":\"2025-11-08T12:18:58+00:00\",\"description\":\"Igranje najbolj\u0161ih igralnih avtomatov in igralnih iger na internetu. Poi\u0161\u010dite vrhunski igralni avtomat na spletu tukaj!\",\"breadcrumb\":{\"@id\":\"https:\\\/\\\/gambling6.com\\\/sl\\\/kazino\\\/kje-najti-vrhunske-igralne-avtomate-na-spletu\\\/#breadcrumb\"},\"inLanguage\":\"sl-SI\",\"potentialAction\":[{\"@type\":\"ReadAction\",\"target\":[\"https:\\\/\\\/gambling6.com\\\/sl\\\/kazino\\\/kje-najti-vrhunske-igralne-avtomate-na-spletu\\\/\"]}]},{\"@type\":\"ImageObject\",\"inLanguage\":\"sl-SI\",\"@id\":\"https:\\\/\\\/gambling6.com\\\/sl\\\/kazino\\\/kje-najti-vrhunske-igralne-avtomate-na-spletu\\\/#primaryimage\",\"url\":\"https:\\\/\\\/gambling6.com\\\/wp-content\\\/uploads\\\/2013\\\/12\\\/mobile-gambling-150x150.jpg\",\"contentUrl\":\"https:\\\/\\\/gambling6.com\\\/wp-content\\\/uploads\\\/2013\\\/12\\\/mobile-gambling-150x150.jpg\"},{\"@type\":\"BreadcrumbList\",\"@id\":\"https:\\\/\\\/gambling6.com\\\/sl\\\/kazino\\\/kje-najti-vrhunske-igralne-avtomate-na-spletu\\\/#breadcrumb\",\"itemListElement\":[{\"@type\":\"ListItem\",\"position\":1,\"name\":\"Home\",\"item\":\"https:\\\/\\\/gambling6.com\\\/sl\\\/home\\\/\"},{\"@type\":\"ListItem\",\"position\":2,\"name\":\"Kazino\",\"item\":\"https:\\\/\\\/gambling6.com\\\/sl\\\/get-started-with-online-gambling\\\/\"},{\"@type\":\"ListItem\",\"position\":3,\"name\":\"Kje najti vrhunske igralne avtomate na spletu\"}]},{\"@type\":\"WebSite\",\"@id\":\"https:\\\/\\\/gambling6.com\\\/sl\\\/#website\",\"url\":\"https:\\\/\\\/gambling6.com\\\/sl\\\/\",\"name\":\"Gambling6\",\"description\":\"\",\"potentialAction\":[{\"@type\":\"SearchAction\",\"target\":{\"@type\":\"EntryPoint\",\"urlTemplate\":\"https:\\\/\\\/gambling6.com\\\/sl\\\/?s={search_term_string}\"},\"query-input\":{\"@type\":\"PropertyValueSpecification\",\"valueRequired\":true,\"valueName\":\"search_term_string\"}}],\"inLanguage\":\"sl-SI\"}]}<\/script>\n<!-- \/ Yoast SEO plugin. -->","yoast_head_json":{"title":"Vrhunski spletni igralni avtomati","description":"Igranje najbolj\u0161ih igralnih avtomatov in igralnih iger na internetu. Poi\u0161\u010dite vrhunski igralni avtomat na spletu tukaj!","robots":{"index":"index","follow":"follow","max-snippet":"max-snippet:-1","max-image-preview":"max-image-preview:large","max-video-preview":"max-video-preview:-1"},"canonical":"https:\/\/gambling6.com\/sl\/kazino\/kje-najti-vrhunske-igralne-avtomate-na-spletu\/","og_locale":"sl_SI","og_type":"article","og_title":"Vrhunski spletni igralni avtomati","og_description":"Igranje najbolj\u0161ih igralnih avtomatov in igralnih iger na internetu. Poi\u0161\u010dite vrhunski igralni avtomat na spletu tukaj!","og_url":"https:\/\/gambling6.com\/sl\/kazino\/kje-najti-vrhunske-igralne-avtomate-na-spletu\/","og_site_name":"Gambling6","og_image":[{"width":150,"height":150,"url":"https:\/\/gambling6.com\/wp-content\/uploads\/2013\/12\/mobile-gambling-150x150.jpg","type":"image\/jpeg"}],"twitter_card":"summary_large_image","twitter_misc":{"Est. reading time":"3 minute"},"schema":{"@context":"https:\/\/schema.org","@graph":[{"@type":"WebPage","@id":"https:\/\/gambling6.com\/sl\/kazino\/kje-najti-vrhunske-igralne-avtomate-na-spletu\/","url":"https:\/\/gambling6.com\/sl\/kazino\/kje-najti-vrhunske-igralne-avtomate-na-spletu\/","name":"Vrhunski spletni igralni avtomati","isPartOf":{"@id":"https:\/\/gambling6.com\/sl\/#website"},"primaryImageOfPage":{"@id":"https:\/\/gambling6.com\/sl\/kazino\/kje-najti-vrhunske-igralne-avtomate-na-spletu\/#primaryimage"},"image":{"@id":"https:\/\/gambling6.com\/sl\/kazino\/kje-najti-vrhunske-igralne-avtomate-na-spletu\/#primaryimage"},"thumbnailUrl":"https:\/\/gambling6.com\/wp-content\/uploads\/2013\/12\/mobile-gambling-150x150.jpg","datePublished":"2025-11-08T12:18:58+00:00","description":"Igranje najbolj\u0161ih igralnih avtomatov in igralnih iger na internetu. Poi\u0161\u010dite vrhunski igralni avtomat na spletu tukaj!","breadcrumb":{"@id":"https:\/\/gambling6.com\/sl\/kazino\/kje-najti-vrhunske-igralne-avtomate-na-spletu\/#breadcrumb"},"inLanguage":"sl-SI","potentialAction":[{"@type":"ReadAction","target":["https:\/\/gambling6.com\/sl\/kazino\/kje-najti-vrhunske-igralne-avtomate-na-spletu\/"]}]},{"@type":"ImageObject","inLanguage":"sl-SI","@id":"https:\/\/gambling6.com\/sl\/kazino\/kje-najti-vrhunske-igralne-avtomate-na-spletu\/#primaryimage","url":"https:\/\/gambling6.com\/wp-content\/uploads\/2013\/12\/mobile-gambling-150x150.jpg","contentUrl":"https:\/\/gambling6.com\/wp-content\/uploads\/2013\/12\/mobile-gambling-150x150.jpg"},{"@type":"BreadcrumbList","@id":"https:\/\/gambling6.com\/sl\/kazino\/kje-najti-vrhunske-igralne-avtomate-na-spletu\/#breadcrumb","itemListElement":[{"@type":"ListItem","position":1,"name":"Home","item":"https:\/\/gambling6.com\/sl\/home\/"},{"@type":"ListItem","position":2,"name":"Kazino","item":"https:\/\/gambling6.com\/sl\/get-started-with-online-gambling\/"},{"@type":"ListItem","position":3,"name":"Kje najti vrhunske igralne avtomate na spletu"}]},{"@type":"WebSite","@id":"https:\/\/gambling6.com\/sl\/#website","url":"https:\/\/gambling6.com\/sl\/","name":"Gambling6","description":"","potentialAction":[{"@type":"SearchAction","target":{"@type":"EntryPoint","urlTemplate":"https:\/\/gambling6.com\/sl\/?s={search_term_string}"},"query-input":{"@type":"PropertyValueSpecification","valueRequired":true,"valueName":"search_term_string"}}],"inLanguage":"sl-SI"}]}},"_links":{"self":[{"href":"https:\/\/gambling6.com\/sl\/wp-json\/wp\/v2\/pages\/8972","targetHints":{"allow":["GET"]}}],"collection":[{"href":"https:\/\/gambling6.com\/sl\/wp-json\/wp\/v2\/pages"}],"about":[{"href":"https:\/\/gambling6.com\/sl\/wp-json\/wp\/v2\/types\/page"}],"author":[{"embeddable":true,"href":"https:\/\/gambling6.com\/sl\/wp-json\/wp\/v2\/users\/1"}],"replies":[{"embeddable":true,"href":"https:\/\/gambling6.com\/sl\/wp-json\/wp\/v2\/comments?post=8972"}],"version-history":[{"count":0,"href":"https:\/\/gambling6.com\/sl\/wp-json\/wp\/v2\/pages\/8972\/revisions"}],"up":[{"embeddable":true,"href":"https:\/\/gambling6.com\/sl\/wp-json\/wp\/v2\/pages\/8331"}],"wp:attachment":[{"href":"https:\/\/gambling6.com\/sl\/wp-json\/wp\/v2\/media?parent=8972"}],"curies":[{"name":"wp","href":"https:\/\/api.w.org\/{rel}","templated":true}]}}