{"id":9015,"date":"2025-11-08T13:11:06","date_gmt":"2025-11-08T13:11:06","guid":{"rendered":"https:\/\/gambling6.com\/kazino\/nekatere-igralniske-igre-so-dejansko-brezplacne\/"},"modified":"2025-11-08T13:11:06","modified_gmt":"2025-11-08T13:11:06","slug":"nekatere-igralniske-igre-so-dejansko-brezplacne","status":"publish","type":"page","link":"https:\/\/gambling6.com\/sl\/kazino\/nekatere-igralniske-igre-so-dejansko-brezplacne\/","title":{"rendered":"Nekatere igralni\u0161ke igre so dejansko brezpla\u010dne!"},"content":{"rendered":"<h2>Zakaj igralnice ponujajo brezpla\u010dne igre<\/h2>\n<p>Z razvojem internetne tehnologije je ve\u010dina <a href=\"http:\/\/gambling6.com\/wp-content\/uploads\/2013\/12\/img_116.png\"><img loading=\"lazy\" decoding=\"async\" class=\"alignright size-full wp-image-638 alignleft size-full wp-image-238\" style=\"margin: 5px; float: left;\" src=\"http:\/\/gambling6.com\/wp-content\/uploads\/2013\/12\/img_116.png\" alt=\"fre2 igralni\u0161ke igre\" width=\"219\" height=\"151\" \/><\/a>ljubiteljev igralnic za\u010dela igrati igralni\u0161ke igre iz udobja svojega doma. Spletne igralnice ponujajo ve\u010d prednosti kot igralnice na kopnem. Igranje iger na spletu ne zagotavlja le udobja, temve\u010d vam omogo\u010da tudi igranje va\u0161ih najljub\u0161ih iger, ne da bi tvegali svoj denar. Spletne igralnice se soo\u010dajo z mo\u010dno konkurenco, zato ponujajo brezpla\u010dne igre, da bi spodbudile nove igralce, da postanejo \u010dlani. Te brezpla\u010dne igre lahko igrate, dokler ne izpilite svojih spretnosti in postanete strokovnjak.<\/p>\n<h2>Kaj pri\u010dakovati pri izbiri igralnic, ki ponujajo brezpla\u010dne igre<\/h2>\n<p>Najpomembnej\u0161a stvar, ki jo morate storiti, da bi igrali brezpla\u010dne igralni\u0161ke igre, je, da poi\u0161\u010dete dobro spletno mesto, ki ponuja \u0161iroko paleto brezpla\u010dnih iger. Prepri\u010dajte se, da je spletno mesto zanesljivo in ugledno. Va\u0161a spletna igralni\u0161ka pustolov\u0161\u010dina se za\u010dne z odprtjem ra\u010duna. Spletne igralnice zahtevajo, da navedete osebne podatke, kot so va\u0161e ime, starost, naslov in e-po\u0161tni naslov. Najbolj\u0161e igralnice posku\u0161ajo ponuditi varno in udobno okolje, kjer lahko ure in ure u\u017eivate v igranju svojih najljub\u0161ih iger. Ko registrirate svoj ra\u010dun na spletnem mestu, lahko izbirate med zabavnim na\u010dinom in na\u010dinom za pravi denar. Izberete lahko zabavni ali brezpla\u010dni na\u010din, da preizkusite razli\u010dne igre, ne da bi porabili denar iz svoje denarnice.<\/p>\n<h2>Ali obstaja kak\u0161no tveganje pri igranju brezpla\u010dnih iger?<\/h2>\n<p>Pri igranju brezpla\u010dnih igralni\u0161kih iger ni nobenega tveganja, \u010de ste previdni pri izbiri zaupanja vrednega spletnega mesta. Kazinoji sprejemajo vse potrebne ukrepe, da vam ponudijo prijetno igralno izku\u0161njo, da lahko postanete pravi igralec.<\/p>\n<p>\u010ce \u017eelite brezpla\u010dno preizkusiti igralni\u0161ke igre in igrati za pravi denar, imamo odli\u010dno priporo\u010dilo za vas. 888 Casino vam podari 20 \u20ac za igranje, brez potrebe po lastnem pologu. In \u010de se kasneje odlo\u010dite za dodaten polog, boste ob prvem pologu prejeli \u0161e en bonus do 1500 \u20ac.<br \/>\n<a href=\"https:\/\/ic.aff-handler.com\/C\/45871?sr=1064399&amp;anid=\" rel=\"nofollow\"><img loading=\"lazy\" decoding=\"async\" class=\"aligncenter\" src=\"https:\/\/ic.aff-handler.com\/I\/45871?sr=1064399&amp;anid=\" width=\"594\" height=\"77\" \/><\/a><br \/>\n<strong>Ali obstajajo kak\u0161ne omejitve?<\/strong><\/p>\n<p>Spletne igralnice vam obi\u010dajno omogo\u010dajo igranje iger dolo\u010deno \u0161tevilo krat in za dolo\u010deno obdobje. Pri igranju brezpla\u010dnih iger lahko obstajajo nekatere omejitve. Igralnice vam morda ne dovolijo brezpla\u010dnega igranja vseh iger na njihovi spletni strani. Ve\u010dina igralnic zahteva, da stavite dolo\u010deno \u0161tevilo krat, preden lahko dvignete osvojena sredstva.<\/p>\n<h2>Kje najti brezpla\u010dne igralni\u0161ke igre<\/h2>\n<p>\u0160tevilna spletna mesta vam omogo\u010dajo igranje brezpla\u010dnih igralni\u0161kih iger. Najbolj\u0161e mesto za igranje brezpla\u010dnih iger je spletno mesto, ki ne zahteva prenosa nobene programske opreme. Omogo\u010da vam takoj\u0161nje igranje iger s klikom na va\u0161o najljub\u0161o igro. Preverite lahko, ali spletno mesto ponuja \u0161iroko paleto brezpla\u010dnih iger, kot so brezpla\u010dne namizne igre, igralni avtomati, bingo, video poker in druge igre, da vam ne bo kmalu dolg\u010das.<\/p>\n<p>Brezpla\u010dne igralni\u0161ke igre vam ponujajo mo\u017enost, da preizkusite kateri koli nov program, tehniko ali strategijo in potrdite, ali bo delovala za vas v resni\u010dnem spletnem igralnem okolju. Ker ne boste izgubili denarja, med igranjem ne boste \u010dutili nobenega pritiska.<\/p>\n","protected":false},"excerpt":{"rendered":"<p>Zakaj igralnice ponujajo brezpla\u010dne igre Z razvojem internetne tehnologije je ve\u010dina ljubiteljev igralnic za\u010dela igrati igralni\u0161ke igre iz udobja svojega doma. Spletne igralnice ponujajo ve\u010d prednosti kot igralnice na kopnem. Igranje iger na spletu ne zagotavlja le udobja, temve\u010d vam omogo\u010da tudi igranje va\u0161ih najljub\u0161ih iger, ne da bi tvegali svoj denar. Spletne igralnice se [&hellip;]<\/p>\n","protected":false},"author":1,"featured_media":8999,"parent":8331,"menu_order":53,"comment_status":"closed","ping_status":"closed","template":"","meta":{"footnotes":""},"class_list":["post-9015","page","type-page","status-publish","has-post-thumbnail","hentry"],"yoast_head":"<!-- This site is optimized with the Yoast SEO plugin v27.4 - https:\/\/yoast.com\/product\/yoast-seo-wordpress\/ -->\n<title>Igrajte spletne igralni\u0161ke igre brezpla\u010dno<\/title>\n<meta name=\"description\" content=\"Igranje brezpla\u010dnih igralni\u0161kih iger je zelo zabavno. Poznavanje nekaterih pomembnih stvari o brezpla\u010dnih igralni\u0161kih igrah vam bo v pomo\u010d.\" \/>\n<meta name=\"robots\" content=\"index, follow, max-snippet:-1, max-image-preview:large, max-video-preview:-1\" \/>\n<link rel=\"canonical\" href=\"https:\/\/gambling6.com\/sl\/kazino\/nekatere-igralniske-igre-so-dejansko-brezplacne\/\" \/>\n<meta property=\"og:locale\" content=\"sl_SI\" \/>\n<meta property=\"og:type\" content=\"article\" \/>\n<meta property=\"og:title\" content=\"Igrajte spletne igralni\u0161ke igre brezpla\u010dno\" \/>\n<meta property=\"og:description\" content=\"Igranje brezpla\u010dnih igralni\u0161kih iger je zelo zabavno. Poznavanje nekaterih pomembnih stvari o brezpla\u010dnih igralni\u0161kih igrah vam bo v pomo\u010d.\" \/>\n<meta property=\"og:url\" content=\"https:\/\/gambling6.com\/sl\/kazino\/nekatere-igralniske-igre-so-dejansko-brezplacne\/\" \/>\n<meta property=\"og:site_name\" content=\"Gambling6\" \/>\n<meta property=\"og:image\" content=\"https:\/\/gambling6.com\/wp-content\/uploads\/2013\/12\/img_116.png\" \/>\n\t<meta property=\"og:image:width\" content=\"270\" \/>\n\t<meta property=\"og:image:height\" content=\"186\" \/>\n\t<meta property=\"og:image:type\" content=\"image\/png\" \/>\n<meta name=\"twitter:card\" content=\"summary_large_image\" \/>\n<meta name=\"twitter:label1\" content=\"Est. reading time\" \/>\n\t<meta name=\"twitter:data1\" content=\"3 minute\" \/>\n<script type=\"application\/ld+json\" class=\"yoast-schema-graph\">{\"@context\":\"https:\\\/\\\/schema.org\",\"@graph\":[{\"@type\":\"WebPage\",\"@id\":\"https:\\\/\\\/gambling6.com\\\/sl\\\/kazino\\\/nekatere-igralniske-igre-so-dejansko-brezplacne\\\/\",\"url\":\"https:\\\/\\\/gambling6.com\\\/sl\\\/kazino\\\/nekatere-igralniske-igre-so-dejansko-brezplacne\\\/\",\"name\":\"Igrajte spletne igralni\u0161ke igre brezpla\u010dno\",\"isPartOf\":{\"@id\":\"https:\\\/\\\/gambling6.com\\\/sl\\\/#website\"},\"primaryImageOfPage\":{\"@id\":\"https:\\\/\\\/gambling6.com\\\/sl\\\/kazino\\\/nekatere-igralniske-igre-so-dejansko-brezplacne\\\/#primaryimage\"},\"image\":{\"@id\":\"https:\\\/\\\/gambling6.com\\\/sl\\\/kazino\\\/nekatere-igralniske-igre-so-dejansko-brezplacne\\\/#primaryimage\"},\"thumbnailUrl\":\"https:\\\/\\\/gambling6.com\\\/wp-content\\\/uploads\\\/2013\\\/12\\\/img_116.png\",\"datePublished\":\"2025-11-08T13:11:06+00:00\",\"description\":\"Igranje brezpla\u010dnih igralni\u0161kih iger je zelo zabavno. Poznavanje nekaterih pomembnih stvari o brezpla\u010dnih igralni\u0161kih igrah vam bo v pomo\u010d.\",\"breadcrumb\":{\"@id\":\"https:\\\/\\\/gambling6.com\\\/sl\\\/kazino\\\/nekatere-igralniske-igre-so-dejansko-brezplacne\\\/#breadcrumb\"},\"inLanguage\":\"sl-SI\",\"potentialAction\":[{\"@type\":\"ReadAction\",\"target\":[\"https:\\\/\\\/gambling6.com\\\/sl\\\/kazino\\\/nekatere-igralniske-igre-so-dejansko-brezplacne\\\/\"]}]},{\"@type\":\"ImageObject\",\"inLanguage\":\"sl-SI\",\"@id\":\"https:\\\/\\\/gambling6.com\\\/sl\\\/kazino\\\/nekatere-igralniske-igre-so-dejansko-brezplacne\\\/#primaryimage\",\"url\":\"https:\\\/\\\/gambling6.com\\\/wp-content\\\/uploads\\\/2013\\\/12\\\/img_116.png\",\"contentUrl\":\"https:\\\/\\\/gambling6.com\\\/wp-content\\\/uploads\\\/2013\\\/12\\\/img_116.png\",\"width\":270,\"height\":186},{\"@type\":\"BreadcrumbList\",\"@id\":\"https:\\\/\\\/gambling6.com\\\/sl\\\/kazino\\\/nekatere-igralniske-igre-so-dejansko-brezplacne\\\/#breadcrumb\",\"itemListElement\":[{\"@type\":\"ListItem\",\"position\":1,\"name\":\"Home\",\"item\":\"https:\\\/\\\/gambling6.com\\\/sl\\\/home\\\/\"},{\"@type\":\"ListItem\",\"position\":2,\"name\":\"Kazino\",\"item\":\"https:\\\/\\\/gambling6.com\\\/sl\\\/get-started-with-online-gambling\\\/\"},{\"@type\":\"ListItem\",\"position\":3,\"name\":\"Nekatere igralni\u0161ke igre so dejansko brezpla\u010dne!\"}]},{\"@type\":\"WebSite\",\"@id\":\"https:\\\/\\\/gambling6.com\\\/sl\\\/#website\",\"url\":\"https:\\\/\\\/gambling6.com\\\/sl\\\/\",\"name\":\"Gambling6\",\"description\":\"\",\"potentialAction\":[{\"@type\":\"SearchAction\",\"target\":{\"@type\":\"EntryPoint\",\"urlTemplate\":\"https:\\\/\\\/gambling6.com\\\/sl\\\/?s={search_term_string}\"},\"query-input\":{\"@type\":\"PropertyValueSpecification\",\"valueRequired\":true,\"valueName\":\"search_term_string\"}}],\"inLanguage\":\"sl-SI\"}]}<\/script>\n<!-- \/ Yoast SEO plugin. -->","yoast_head_json":{"title":"Igrajte spletne igralni\u0161ke igre brezpla\u010dno","description":"Igranje brezpla\u010dnih igralni\u0161kih iger je zelo zabavno. Poznavanje nekaterih pomembnih stvari o brezpla\u010dnih igralni\u0161kih igrah vam bo v pomo\u010d.","robots":{"index":"index","follow":"follow","max-snippet":"max-snippet:-1","max-image-preview":"max-image-preview:large","max-video-preview":"max-video-preview:-1"},"canonical":"https:\/\/gambling6.com\/sl\/kazino\/nekatere-igralniske-igre-so-dejansko-brezplacne\/","og_locale":"sl_SI","og_type":"article","og_title":"Igrajte spletne igralni\u0161ke igre brezpla\u010dno","og_description":"Igranje brezpla\u010dnih igralni\u0161kih iger je zelo zabavno. Poznavanje nekaterih pomembnih stvari o brezpla\u010dnih igralni\u0161kih igrah vam bo v pomo\u010d.","og_url":"https:\/\/gambling6.com\/sl\/kazino\/nekatere-igralniske-igre-so-dejansko-brezplacne\/","og_site_name":"Gambling6","og_image":[{"width":270,"height":186,"url":"https:\/\/gambling6.com\/wp-content\/uploads\/2013\/12\/img_116.png","type":"image\/png"}],"twitter_card":"summary_large_image","twitter_misc":{"Est. reading time":"3 minute"},"schema":{"@context":"https:\/\/schema.org","@graph":[{"@type":"WebPage","@id":"https:\/\/gambling6.com\/sl\/kazino\/nekatere-igralniske-igre-so-dejansko-brezplacne\/","url":"https:\/\/gambling6.com\/sl\/kazino\/nekatere-igralniske-igre-so-dejansko-brezplacne\/","name":"Igrajte spletne igralni\u0161ke igre brezpla\u010dno","isPartOf":{"@id":"https:\/\/gambling6.com\/sl\/#website"},"primaryImageOfPage":{"@id":"https:\/\/gambling6.com\/sl\/kazino\/nekatere-igralniske-igre-so-dejansko-brezplacne\/#primaryimage"},"image":{"@id":"https:\/\/gambling6.com\/sl\/kazino\/nekatere-igralniske-igre-so-dejansko-brezplacne\/#primaryimage"},"thumbnailUrl":"https:\/\/gambling6.com\/wp-content\/uploads\/2013\/12\/img_116.png","datePublished":"2025-11-08T13:11:06+00:00","description":"Igranje brezpla\u010dnih igralni\u0161kih iger je zelo zabavno. Poznavanje nekaterih pomembnih stvari o brezpla\u010dnih igralni\u0161kih igrah vam bo v pomo\u010d.","breadcrumb":{"@id":"https:\/\/gambling6.com\/sl\/kazino\/nekatere-igralniske-igre-so-dejansko-brezplacne\/#breadcrumb"},"inLanguage":"sl-SI","potentialAction":[{"@type":"ReadAction","target":["https:\/\/gambling6.com\/sl\/kazino\/nekatere-igralniske-igre-so-dejansko-brezplacne\/"]}]},{"@type":"ImageObject","inLanguage":"sl-SI","@id":"https:\/\/gambling6.com\/sl\/kazino\/nekatere-igralniske-igre-so-dejansko-brezplacne\/#primaryimage","url":"https:\/\/gambling6.com\/wp-content\/uploads\/2013\/12\/img_116.png","contentUrl":"https:\/\/gambling6.com\/wp-content\/uploads\/2013\/12\/img_116.png","width":270,"height":186},{"@type":"BreadcrumbList","@id":"https:\/\/gambling6.com\/sl\/kazino\/nekatere-igralniske-igre-so-dejansko-brezplacne\/#breadcrumb","itemListElement":[{"@type":"ListItem","position":1,"name":"Home","item":"https:\/\/gambling6.com\/sl\/home\/"},{"@type":"ListItem","position":2,"name":"Kazino","item":"https:\/\/gambling6.com\/sl\/get-started-with-online-gambling\/"},{"@type":"ListItem","position":3,"name":"Nekatere igralni\u0161ke igre so dejansko brezpla\u010dne!"}]},{"@type":"WebSite","@id":"https:\/\/gambling6.com\/sl\/#website","url":"https:\/\/gambling6.com\/sl\/","name":"Gambling6","description":"","potentialAction":[{"@type":"SearchAction","target":{"@type":"EntryPoint","urlTemplate":"https:\/\/gambling6.com\/sl\/?s={search_term_string}"},"query-input":{"@type":"PropertyValueSpecification","valueRequired":true,"valueName":"search_term_string"}}],"inLanguage":"sl-SI"}]}},"_links":{"self":[{"href":"https:\/\/gambling6.com\/sl\/wp-json\/wp\/v2\/pages\/9015","targetHints":{"allow":["GET"]}}],"collection":[{"href":"https:\/\/gambling6.com\/sl\/wp-json\/wp\/v2\/pages"}],"about":[{"href":"https:\/\/gambling6.com\/sl\/wp-json\/wp\/v2\/types\/page"}],"author":[{"embeddable":true,"href":"https:\/\/gambling6.com\/sl\/wp-json\/wp\/v2\/users\/1"}],"replies":[{"embeddable":true,"href":"https:\/\/gambling6.com\/sl\/wp-json\/wp\/v2\/comments?post=9015"}],"version-history":[{"count":0,"href":"https:\/\/gambling6.com\/sl\/wp-json\/wp\/v2\/pages\/9015\/revisions"}],"up":[{"embeddable":true,"href":"https:\/\/gambling6.com\/sl\/wp-json\/wp\/v2\/pages\/8331"}],"wp:featuredmedia":[{"embeddable":true,"href":"https:\/\/gambling6.com\/sl\/wp-json\/wp\/v2\/media\/8999"}],"wp:attachment":[{"href":"https:\/\/gambling6.com\/sl\/wp-json\/wp\/v2\/media?parent=9015"}],"curies":[{"name":"wp","href":"https:\/\/api.w.org\/{rel}","templated":true}]}}