{"id":9057,"date":"2025-11-08T14:00:44","date_gmt":"2025-11-08T14:00:44","guid":{"rendered":"https:\/\/gambling6.com\/kazino\/spletne-igralnice-z-gotovino-razumevanje-drobnega-tiska\/"},"modified":"2025-11-08T14:00:44","modified_gmt":"2025-11-08T14:00:44","slug":"spletne-igralnice-z-gotovino-razumevanje-drobnega-tiska","status":"publish","type":"page","link":"https:\/\/gambling6.com\/sl\/kazino\/spletne-igralnice-z-gotovino-razumevanje-drobnega-tiska\/","title":{"rendered":"Spletne igralnice z gotovino: Razumevanje drobnega tiska"},"content":{"rendered":"<h2>Preverjanje pogojev in dolo\u010dil spletnih igralnic<\/h2>\n<p><img loading=\"lazy\" decoding=\"async\" class=\"alignright size-full wp-image-62 alignleft size-full wp-image-64\" style=\"margin: 5px; float: left;\" title=\"casino fine print\" src=\"http:\/\/gambling6.com\/wp-content\/uploads\/2013\/12\/casino-fine-print.jpg\" alt=\"casino fine print terms conditions\" width=\"168\" height=\"147\" \/><span style=\"box-sizing: border-box; margin: 0px; padding: 0px;\">Ko se prijavite v <strong>spletno igralnico z denarjem<\/strong>, morate sprejeti uporabni\u0161ko pogodbo, ki vsebuje pogoje in dolo\u010dila spletne igralnice, ki jih morate upo\u0161tevati.<\/span> Nekateri od teh pogojev se nana\u0161ajo na ban\u010dne postopke igralnice, drugi pa se lahko nana\u0161ajo na stave, igre in bonuse.<\/p>\n<p>Preden sprejmete te pogoje, je bistveno, da jih temeljito razumete in se zavedate njihovega vpliva. Prenos sredstev v igralnico in iz nje je morda najpomembnej\u0161a funkcija, ki vpliva na igralca. Zato se je pomembno zavedati, v kaj se spu\u0161\u010date, ko sprejmete pogoje igralnice. V tem \u010dlanku \u017eelimo poenostaviti pravni jezik in razlo\u017eiti, kaj ti pogoji pomenijo. Igralec mora sprejeti dolo\u010dene obveznosti, ko sprejme uporabni\u0161ko pogodbo. Prav tako mora zagotoviti dolo\u010dena jamstva.<\/p>\n<p>Na splo\u0161no lahko re\u010demo, da nekatere spletne igralnice v drobnem tisku vklju\u010dujejo odstavke, ki imajo lahko zelo negativne posledice za igralce. Zana\u0161ajo se na dejstvo, da nih\u010de ne bo prebral vsega drobnega tiska. Zato vam predlagamo, da se dr\u017eite igralnic, ki so regulirane, imajo dober ugled in s tem po\u0161tene pogoje.<\/p>\n<p>BetOnline Casino je ena od teh igralnic. Njihov drobni tisk ne vsebuje presene\u010denj. Odra\u017eajo, da zaradi nedavnih ameri\u0161kih predpisov postopek pologa in dviga ni ve\u010d tako preprost kot neko\u010d. Vendar so njihovi pogoji v danih okoli\u0161\u010dinah \u0161e vedno po\u0161teni.<\/p>\n<p><a class=\"thirstylink\" title=\"Betonline casino sl\" href=\"https:\/\/gambling6.com\/go\/betonline-casino-en\/\" target=\"_blank\" rel=\"nofollow noopener\"><img loading=\"lazy\" decoding=\"async\" class=\" wp-image-7875 aligncenter\" src=\"https:\/\/gambling6.com\/wp-content\/uploads\/2025\/10\/BOL_AQC_banner_468x60_FS1_casino-300x38.gif\" alt=\"BetOnline casino\" width=\"498\" height=\"63\" \/><\/a><\/p>\n<h2>Kaj igralec obi\u010dajno zahteva droben tisk igralnice<\/h2>\n<p>Igralnica od igralca pri\u010dakuje tudi potrditev, da je zakoniti lastnik sredstev, uporabljenih za stave. Z drugimi besedami, za financiranje svojega ra\u010duna ne more uporabiti kreditne kartice, ki mu ne pripada. Poleg tega bo njegova kreditna kartica preverjena, preden bo mogo\u010de izvesti kakr\u0161na koli dvigovanja. Prav tako ne more uporabljati nobenih drugih mo\u017enosti pla\u010dila, ki niso na njegovo ime.<\/p>\n<p>Kr\u0161itve pogodbe, bodisi povezane z ban\u010dnimi postopki ali stavami, bodo najprej vplivale na igral\u010dev ra\u010dun. \u010ce je ra\u010dun za\u010dasno ustavljen, lahko igralnica z gotovino zadr\u017ei sporna sredstva; v ve\u010dini primerov bo zadr\u017eala vsa sredstva, vklju\u010dno z bonusi, depoziti in vra\u010dili, brez kakr\u0161ne koli razlike. To je v skladu s pogoji, s katerimi ste se dogovorili.<\/p>\n<p>\u010ce igralec dolguje denar igralnici, si lahko igralnica po najbolj\u0161ih mo\u010deh prizadeva za izterjavo zneska, vklju\u010dno z najemom agencij za izterjavo dolgov. Nekatere spletne igralnice imajo stroge politike glede mirujo\u010dih ra\u010dunov. Eden od mojih prijateljev se je tega nau\u010dil na te\u017eji na\u010din. Registriral se je v eni spletni igralnici in tam nekaj \u010dasa igral ter osvojil lepo vsoto. Prestopil je v drugo igralnico in nameraval \u010dez nekaj \u010dasa spet obiskati prvo. Ko je naslednji\u010d preveril svoj ra\u010dun, ni na\u0161el stanja. Ko je stopil v stik s slu\u017ebo za stranke, so mu povedali, da je bil njegov denar zase\u017een, ker v igralnici ni igral ve\u010d kot 6 mesecev. To je seveda nekoliko nenavadno in tudi \u010de se vam je zgodilo, lahko te\u017eavo re\u0161ite s kratkim e-po\u0161tnim sporo\u010dilom slu\u017ebi za stranke.<\/p>\n<h2>Na kaj morate biti pozorni<\/h2>\n<p>Kljub temu, \u010de se odlo\u010dite prenehati igrati v spletni igralnici, dvignite vsa sredstva na svojem denarnem ra\u010dunu igralnice, ne glede na to, kako kratek bo premor. Preverite, ali se bodo za dvige od\u0161tele kakr\u0161ne koli provizije. \u010ce obstaja pav\u0161alna provizija za dvige, boste morda \u017eeleli dvigniti vsa sredstva hkrati, namesto da bi izvedli ve\u010d izpla\u010dil. Ne dvigujte denarja, \u010de nameravate kmalu pozneje ponovno nakazati \u2013 \u010de boste to storili, boste izgubili denar. <strong>Primerjajte razli\u010dne mo\u017enosti obdelave denarja, ki so vam na voljo \u2013 nekatere imajo ni\u017eje provizije, druge pa vi\u0161je!<\/strong><\/p>\n<p>Obstajajo \u0161e drugi pogoji in dolo\u010dila v zvezi z bonusi in promocijskimi ponudbami igralnic. Na splo\u0161no so to pogoji za upravi\u010denost in zahteve glede stav, potrebne za sprostitev bonusa igralnice. Dobra praksa je, da te zahteve preberete in razumete, preden sprejmete ponudbe bonusov igralnice. Prav tako morajo igralci pred registracijo v kateri koli spletni igralnici prebrati pogoje poslovanja ter razumeti drobni tisk in pogosta vpra\u0161anja o igralnicah za pravi denar, da se pozneje ne bi sre\u010dali z nepotrebnimi te\u017eavami. Obi\u010dajno imajo spletne igralnice celo stran, posve\u010deno pogodbam s kon\u010dnimi uporabniki, in viPrva naloga bi morala biti, da jih natan\u010dno preberete, preden se odlo\u010dite za pridru\u017eitev igralnici.<\/p>\n","protected":false},"excerpt":{"rendered":"<p>Preverjanje pogojev in dolo\u010dil spletnih igralnic Ko se prijavite v spletno igralnico z denarjem, morate sprejeti uporabni\u0161ko pogodbo, ki vsebuje pogoje in dolo\u010dila spletne igralnice, ki jih morate upo\u0161tevati. Nekateri od teh pogojev se nana\u0161ajo na ban\u010dne postopke igralnice, drugi pa se lahko nana\u0161ajo na stave, igre in bonuse. Preden sprejmete te pogoje, je bistveno, [&hellip;]<\/p>\n","protected":false},"author":1,"featured_media":9042,"parent":8331,"menu_order":68,"comment_status":"closed","ping_status":"closed","template":"","meta":{"footnotes":""},"class_list":["post-9057","page","type-page","status-publish","has-post-thumbnail","hentry"],"yoast_head":"<!-- This site is optimized with the Yoast SEO plugin v27.4 - https:\/\/yoast.com\/product\/yoast-seo-wordpress\/ -->\n<title>Na kaj morate biti pozorni v pogojih uporabe igralnice<\/title>\n<meta name=\"description\" content=\"Pogoji uporabe spletnih igralnic v drobnem tisku \u2013 kaj pri\u010dakovati in \u010desa ne\" \/>\n<meta name=\"robots\" content=\"index, follow, max-snippet:-1, max-image-preview:large, max-video-preview:-1\" \/>\n<link rel=\"canonical\" href=\"https:\/\/gambling6.com\/sl\/kazino\/spletne-igralnice-z-gotovino-razumevanje-drobnega-tiska\/\" \/>\n<meta property=\"og:locale\" content=\"sl_SI\" \/>\n<meta property=\"og:type\" content=\"article\" \/>\n<meta property=\"og:title\" content=\"Na kaj morate biti pozorni v pogojih uporabe igralnice\" \/>\n<meta property=\"og:description\" content=\"Pogoji uporabe spletnih igralnic v drobnem tisku \u2013 kaj pri\u010dakovati in \u010desa ne\" \/>\n<meta property=\"og:url\" content=\"https:\/\/gambling6.com\/sl\/kazino\/spletne-igralnice-z-gotovino-razumevanje-drobnega-tiska\/\" \/>\n<meta property=\"og:site_name\" content=\"Gambling6\" \/>\n<meta property=\"og:image\" content=\"https:\/\/gambling6.com\/wp-content\/uploads\/2013\/12\/casino-fine-print.jpg\" \/>\n\t<meta property=\"og:image:width\" content=\"200\" \/>\n\t<meta property=\"og:image:height\" content=\"175\" \/>\n\t<meta property=\"og:image:type\" content=\"image\/jpeg\" \/>\n<meta name=\"twitter:card\" content=\"summary_large_image\" \/>\n<meta name=\"twitter:label1\" content=\"Est. reading time\" \/>\n\t<meta name=\"twitter:data1\" content=\"4 minute\" \/>\n<script type=\"application\/ld+json\" class=\"yoast-schema-graph\">{\"@context\":\"https:\\\/\\\/schema.org\",\"@graph\":[{\"@type\":\"WebPage\",\"@id\":\"https:\\\/\\\/gambling6.com\\\/sl\\\/kazino\\\/spletne-igralnice-z-gotovino-razumevanje-drobnega-tiska\\\/\",\"url\":\"https:\\\/\\\/gambling6.com\\\/sl\\\/kazino\\\/spletne-igralnice-z-gotovino-razumevanje-drobnega-tiska\\\/\",\"name\":\"Na kaj morate biti pozorni v pogojih uporabe igralnice\",\"isPartOf\":{\"@id\":\"https:\\\/\\\/gambling6.com\\\/sl\\\/#website\"},\"primaryImageOfPage\":{\"@id\":\"https:\\\/\\\/gambling6.com\\\/sl\\\/kazino\\\/spletne-igralnice-z-gotovino-razumevanje-drobnega-tiska\\\/#primaryimage\"},\"image\":{\"@id\":\"https:\\\/\\\/gambling6.com\\\/sl\\\/kazino\\\/spletne-igralnice-z-gotovino-razumevanje-drobnega-tiska\\\/#primaryimage\"},\"thumbnailUrl\":\"https:\\\/\\\/gambling6.com\\\/wp-content\\\/uploads\\\/2013\\\/12\\\/casino-fine-print.jpg\",\"datePublished\":\"2025-11-08T14:00:44+00:00\",\"description\":\"Pogoji uporabe spletnih igralnic v drobnem tisku \u2013 kaj pri\u010dakovati in \u010desa ne\",\"breadcrumb\":{\"@id\":\"https:\\\/\\\/gambling6.com\\\/sl\\\/kazino\\\/spletne-igralnice-z-gotovino-razumevanje-drobnega-tiska\\\/#breadcrumb\"},\"inLanguage\":\"sl-SI\",\"potentialAction\":[{\"@type\":\"ReadAction\",\"target\":[\"https:\\\/\\\/gambling6.com\\\/sl\\\/kazino\\\/spletne-igralnice-z-gotovino-razumevanje-drobnega-tiska\\\/\"]}]},{\"@type\":\"ImageObject\",\"inLanguage\":\"sl-SI\",\"@id\":\"https:\\\/\\\/gambling6.com\\\/sl\\\/kazino\\\/spletne-igralnice-z-gotovino-razumevanje-drobnega-tiska\\\/#primaryimage\",\"url\":\"https:\\\/\\\/gambling6.com\\\/wp-content\\\/uploads\\\/2013\\\/12\\\/casino-fine-print.jpg\",\"contentUrl\":\"https:\\\/\\\/gambling6.com\\\/wp-content\\\/uploads\\\/2013\\\/12\\\/casino-fine-print.jpg\",\"width\":200,\"height\":175,\"caption\":\"casino fine print\"},{\"@type\":\"BreadcrumbList\",\"@id\":\"https:\\\/\\\/gambling6.com\\\/sl\\\/kazino\\\/spletne-igralnice-z-gotovino-razumevanje-drobnega-tiska\\\/#breadcrumb\",\"itemListElement\":[{\"@type\":\"ListItem\",\"position\":1,\"name\":\"Home\",\"item\":\"https:\\\/\\\/gambling6.com\\\/sl\\\/home\\\/\"},{\"@type\":\"ListItem\",\"position\":2,\"name\":\"Kazino\",\"item\":\"https:\\\/\\\/gambling6.com\\\/sl\\\/get-started-with-online-gambling\\\/\"},{\"@type\":\"ListItem\",\"position\":3,\"name\":\"Spletne igralnice z gotovino: Razumevanje drobnega tiska\"}]},{\"@type\":\"WebSite\",\"@id\":\"https:\\\/\\\/gambling6.com\\\/sl\\\/#website\",\"url\":\"https:\\\/\\\/gambling6.com\\\/sl\\\/\",\"name\":\"Gambling6\",\"description\":\"\",\"potentialAction\":[{\"@type\":\"SearchAction\",\"target\":{\"@type\":\"EntryPoint\",\"urlTemplate\":\"https:\\\/\\\/gambling6.com\\\/sl\\\/?s={search_term_string}\"},\"query-input\":{\"@type\":\"PropertyValueSpecification\",\"valueRequired\":true,\"valueName\":\"search_term_string\"}}],\"inLanguage\":\"sl-SI\"}]}<\/script>\n<!-- \/ Yoast SEO plugin. -->","yoast_head_json":{"title":"Na kaj morate biti pozorni v pogojih uporabe igralnice","description":"Pogoji uporabe spletnih igralnic v drobnem tisku \u2013 kaj pri\u010dakovati in \u010desa ne","robots":{"index":"index","follow":"follow","max-snippet":"max-snippet:-1","max-image-preview":"max-image-preview:large","max-video-preview":"max-video-preview:-1"},"canonical":"https:\/\/gambling6.com\/sl\/kazino\/spletne-igralnice-z-gotovino-razumevanje-drobnega-tiska\/","og_locale":"sl_SI","og_type":"article","og_title":"Na kaj morate biti pozorni v pogojih uporabe igralnice","og_description":"Pogoji uporabe spletnih igralnic v drobnem tisku \u2013 kaj pri\u010dakovati in \u010desa ne","og_url":"https:\/\/gambling6.com\/sl\/kazino\/spletne-igralnice-z-gotovino-razumevanje-drobnega-tiska\/","og_site_name":"Gambling6","og_image":[{"width":200,"height":175,"url":"https:\/\/gambling6.com\/wp-content\/uploads\/2013\/12\/casino-fine-print.jpg","type":"image\/jpeg"}],"twitter_card":"summary_large_image","twitter_misc":{"Est. reading time":"4 minute"},"schema":{"@context":"https:\/\/schema.org","@graph":[{"@type":"WebPage","@id":"https:\/\/gambling6.com\/sl\/kazino\/spletne-igralnice-z-gotovino-razumevanje-drobnega-tiska\/","url":"https:\/\/gambling6.com\/sl\/kazino\/spletne-igralnice-z-gotovino-razumevanje-drobnega-tiska\/","name":"Na kaj morate biti pozorni v pogojih uporabe igralnice","isPartOf":{"@id":"https:\/\/gambling6.com\/sl\/#website"},"primaryImageOfPage":{"@id":"https:\/\/gambling6.com\/sl\/kazino\/spletne-igralnice-z-gotovino-razumevanje-drobnega-tiska\/#primaryimage"},"image":{"@id":"https:\/\/gambling6.com\/sl\/kazino\/spletne-igralnice-z-gotovino-razumevanje-drobnega-tiska\/#primaryimage"},"thumbnailUrl":"https:\/\/gambling6.com\/wp-content\/uploads\/2013\/12\/casino-fine-print.jpg","datePublished":"2025-11-08T14:00:44+00:00","description":"Pogoji uporabe spletnih igralnic v drobnem tisku \u2013 kaj pri\u010dakovati in \u010desa ne","breadcrumb":{"@id":"https:\/\/gambling6.com\/sl\/kazino\/spletne-igralnice-z-gotovino-razumevanje-drobnega-tiska\/#breadcrumb"},"inLanguage":"sl-SI","potentialAction":[{"@type":"ReadAction","target":["https:\/\/gambling6.com\/sl\/kazino\/spletne-igralnice-z-gotovino-razumevanje-drobnega-tiska\/"]}]},{"@type":"ImageObject","inLanguage":"sl-SI","@id":"https:\/\/gambling6.com\/sl\/kazino\/spletne-igralnice-z-gotovino-razumevanje-drobnega-tiska\/#primaryimage","url":"https:\/\/gambling6.com\/wp-content\/uploads\/2013\/12\/casino-fine-print.jpg","contentUrl":"https:\/\/gambling6.com\/wp-content\/uploads\/2013\/12\/casino-fine-print.jpg","width":200,"height":175,"caption":"casino fine print"},{"@type":"BreadcrumbList","@id":"https:\/\/gambling6.com\/sl\/kazino\/spletne-igralnice-z-gotovino-razumevanje-drobnega-tiska\/#breadcrumb","itemListElement":[{"@type":"ListItem","position":1,"name":"Home","item":"https:\/\/gambling6.com\/sl\/home\/"},{"@type":"ListItem","position":2,"name":"Kazino","item":"https:\/\/gambling6.com\/sl\/get-started-with-online-gambling\/"},{"@type":"ListItem","position":3,"name":"Spletne igralnice z gotovino: Razumevanje drobnega tiska"}]},{"@type":"WebSite","@id":"https:\/\/gambling6.com\/sl\/#website","url":"https:\/\/gambling6.com\/sl\/","name":"Gambling6","description":"","potentialAction":[{"@type":"SearchAction","target":{"@type":"EntryPoint","urlTemplate":"https:\/\/gambling6.com\/sl\/?s={search_term_string}"},"query-input":{"@type":"PropertyValueSpecification","valueRequired":true,"valueName":"search_term_string"}}],"inLanguage":"sl-SI"}]}},"_links":{"self":[{"href":"https:\/\/gambling6.com\/sl\/wp-json\/wp\/v2\/pages\/9057","targetHints":{"allow":["GET"]}}],"collection":[{"href":"https:\/\/gambling6.com\/sl\/wp-json\/wp\/v2\/pages"}],"about":[{"href":"https:\/\/gambling6.com\/sl\/wp-json\/wp\/v2\/types\/page"}],"author":[{"embeddable":true,"href":"https:\/\/gambling6.com\/sl\/wp-json\/wp\/v2\/users\/1"}],"replies":[{"embeddable":true,"href":"https:\/\/gambling6.com\/sl\/wp-json\/wp\/v2\/comments?post=9057"}],"version-history":[{"count":0,"href":"https:\/\/gambling6.com\/sl\/wp-json\/wp\/v2\/pages\/9057\/revisions"}],"up":[{"embeddable":true,"href":"https:\/\/gambling6.com\/sl\/wp-json\/wp\/v2\/pages\/8331"}],"wp:featuredmedia":[{"embeddable":true,"href":"https:\/\/gambling6.com\/sl\/wp-json\/wp\/v2\/media\/9042"}],"wp:attachment":[{"href":"https:\/\/gambling6.com\/sl\/wp-json\/wp\/v2\/media?parent=9057"}],"curies":[{"name":"wp","href":"https:\/\/api.w.org\/{rel}","templated":true}]}}